{"id":4966,"date":"2020-05-27T15:01:53","date_gmt":"2020-05-27T15:01:53","guid":{"rendered":"https:\/\/becooltravel.com\/product\/the-vicentina-route-and-the-untamed-atlantic-5200sc\/"},"modified":"2026-03-18T12:37:30","modified_gmt":"2026-03-18T12:37:30","slug":"the-vicentina-route-and-the-untamed-atlantic-5200sc","status":"publish","type":"product","link":"https:\/\/becooltravel.com\/de\/produkt\/die-vicentina-route-und-der-ungezahmte-atlantik-5200sc\/","title":{"rendered":"Selbst\u00e4ndiges Wandern auf der Vicentina-Route"},"content":{"rendered":"<p>Die Vicentina Route und der ungez\u00e4hmte Atlantik ist eine Selbstfahrer-Wanderung f\u00fcr begeisterte Wanderer, die daran interessiert sind, eine andere Seite Portugals zu erleben.<\/p>\n<p>Entlang einer der sch\u00f6nsten und am besten erhaltenen K\u00fcstenregionen Europas wandern Sie zwischen zerkl\u00fcfteten Klippen, einsamen Str\u00e4nden, endlosen Wildblumenfeldern, Waldwegen und historischen D\u00f6rfern.<\/p>\n<p>Die k\u00f6stliche regionale K\u00fcche und Weine stechen hervor, mit einem Highlight f\u00fcr die Meeresfr\u00fcchte und frischen Fisch.<\/p>\n<p>Die Vicentina-Route ist Teil des europ\u00e4ischen Wanderwegnetzes und kombiniert Wanderungen im Landesinneren (Historischer Weg) und K\u00fcstenwanderungen (Fishermen&#039;s Trail) und umfasst 340 km Wanderwege zwischen der Stadt Santiago do Cac\u00e9m und dem Kap von St. Vincent.<\/p>\n<div id=\"attachment_2209\" style=\"width: 1034px\" class=\"wp-caption alignnone\"><img data-recalc-dims=\"1\" decoding=\"async\" aria-describedby=\"caption-attachment-2209\" class=\"wp-image-2209 size-large\" title=\"Vicentina Route, einer der sch\u00f6nsten Abschnitte der erhaltenen europ\u00e4ischen K\u00fcstenlinie, beherbergt die Gegend die ber\u00fchmte Rota Vicentina \u2013 ein 340 km langer Fernwanderweg.\" src=\"https:\/\/i0.wp.com\/legendatours.net\/wp-content\/uploads\/2020\/05\/Vicentina_Coast04-1024x678.jpg?resize=1024%2C678&#038;ssl=1\" alt=\"Vicentina Route, einer der sch\u00f6nsten Abschnitte der erhaltenen europ\u00e4ischen K\u00fcstenlinie, beherbergt die Gegend die ber\u00fchmte Rota Vicentina \u2013 ein 340 km langer Fernwanderweg.\" width=\"1024\" height=\"678\" \/><p id=\"caption-attachment-2209\" class=\"wp-caption-text\">Die Vicentina-Route, einer der sch\u00f6nsten Abschnitte der erhaltenen europ\u00e4ischen K\u00fcstenlinie, beherbergt die ber\u00fchmte Rota Vicentina \u2013 einen 340 km langen Fernwanderweg.<\/p><\/div>\n<p>Die Rundwanderungen auf dem Historischen Weg sind unvergessliche Routen voller Tradition. Sie werden seit Jahrhunderten verwendet, um die nahe gelegenen D\u00f6rfer und das Ackerland leicht zu erreichen, und sind eine herrliche M\u00f6glichkeit, den echten Alentejo und eine weitgehend unbekannte Algarve zu erkunden.<\/p>\n<p>Sie finden eine gr\u00fcne Landschaft mit Korkeichenw\u00e4ldern, sanften H\u00fcgeln, T\u00e4lern und m\u00e4andernden Fl\u00fcssen und B\u00e4chen. Eine wahre Reise durch Zeit, lokale Kultur und Natur.<\/p>\n<p>Der Fischerpfad, der ausschlie\u00dflich zu Fu\u00df f\u00fchrt, wurde traditionell von Fischern genutzt, um geheime Angelpl\u00e4tze zu erreichen. Sie k\u00f6nnen sie noch heute sehen, unglaublich hoch oben auf den felsigen Klippen.<\/p>\n<p>Ausgangspunkt der Tour ist ein kleines und zentral gelegenes Dorf, von dem aus Sie die Region und die Spuren dieser Route leicht erkunden k\u00f6nnen.<\/p>\n<p>Es beinhaltet ma\u00dfgeschneiderte Wanderungen, um Ihnen die besten Abschnitte der Vicentina und alle Wunder dieser Region zu zeigen.<\/p>\n<div id=\"attachment_2205\" style=\"width: 1034px\" class=\"wp-caption alignnone\"><img data-recalc-dims=\"1\" decoding=\"async\" aria-describedby=\"caption-attachment-2205\" class=\"wp-image-2205 size-large\" title=\"Vicentina-Route - Auf dem Land, entlang der Weidelandschaft und der landwirtschaftlichen Gebiete, die die kleinen H\u00e4usergruppen verbinden, die in diesem weitl\u00e4ufigen Gebiet verstreut sind.\" src=\"https:\/\/i0.wp.com\/legendatours.net\/wp-content\/uploads\/2020\/05\/Odemira_countryside-1024x768.jpg?resize=1024%2C768&#038;ssl=1\" alt=\"Vicentina-Route - Landschaft, entlang der Weidelandschaft und landwirtschaftlich genutzter Gebiete, die die kleinen H\u00e4usergruppen verbinden, die in diesem riesigen Gebiet verstreut sind.\" width=\"1024\" height=\"768\" \/><p id=\"caption-attachment-2205\" class=\"wp-caption-text\">Vicentina-Route \u2013 auf dem Land, entlang der Weidelandschaft und der landwirtschaftlichen Gebiete, die die kleinen H\u00e4usergruppen verbinden, die in diesem riesigen Gebiet verstreut sind.<\/p><\/div>\n<p>Vom wilden und durchsichtigen blauen Wasser von Porto Covo, den atemberaubenden Ausblicken \u00fcber den Strand von Odeceixe bis hin zu den verlassenen Hochebenen rund um die Carrapateira.<\/p>\n<p>Die \u00dcberraschungen, die die Natur zu bieten hat, wie die bunten Blumenteppiche, der Duft von Kr\u00e4utern in der N\u00e4he der B\u00e4che und die Storchennester an den Steilk\u00fcsten, wie nirgendwo sonst auf der Welt!<\/p>\n<p>Finden Sie ruhige, teilweise einsame Str\u00e4nde, an denen Sie sich von Ihren Wanderanstrengungen erholen k\u00f6nnen. Auf dem Land genie\u00dfen Sie die B\u00e4che und Fl\u00fcsse, die an hei\u00dfen Tagen eine willkommene Abwechslung von der Hitze sind.<\/p>\n<p>Au\u00dferdem haben Sie die M\u00f6glichkeit, die Authentizit\u00e4t, die Kultur, das Erbe und die Lebensweise der Menschen in kleinen D\u00f6rfern und St\u00e4dten wie Aljezur, Vila do Bispo und Sagres zu erleben.<\/p>\n<p>Das ganzj\u00e4hrig milde Wetter und die wunderbaren traditionellen Speisen und Weine runden dieses fantastische Urlaubsabenteuer ab, das sich perfekt f\u00fcr unabh\u00e4ngige Reisende eignet.<\/p>\n<div class=\"row\" style=\"display: flex;\">\n<div class=\"column\" style=\"flex: 45%;\">\n<p><iframe title=\"Verliebe dich in dieses Land \/\/ Amor a esta Terra - Rota Vicentina\" width=\"1080\" height=\"608\" src=\"https:\/\/www.youtube.com\/embed\/xnabsip_w88?feature=oembed\" frameborder=\"0\" allow=\"accelerometer; autoplay; clipboard-write; encrypted-media; gyroscope; picture-in-picture; web-share\" referrerpolicy=\"strict-origin-when-cross-origin\" allowfullscreen><\/iframe><\/p>\n<\/div>\n<div class=\"column\" style=\"flex: 10%;\"><\/div>\n<div class=\"column\" style=\"flex: 45%;\">\n<p><iframe title=\"Alentejo wie nie zuvor gesehen\" width=\"1080\" height=\"608\" src=\"https:\/\/www.youtube.com\/embed\/sK3NutFlvQ4?feature=oembed\" frameborder=\"0\" allow=\"accelerometer; autoplay; clipboard-write; encrypted-media; gyroscope; picture-in-picture; web-share\" referrerpolicy=\"strict-origin-when-cross-origin\" allowfullscreen><\/iframe><\/p>\n<\/div>\n<\/div>","protected":false},"excerpt":{"rendered":"<p>Die Vicentina Route und der ungez\u00e4hmte Atlantik ist eine Selbstfahrer-Wanderung f\u00fcr begeisterte Wanderer, die daran interessiert sind, eine andere Seite Portugals zu erleben.<\/p>\n<p>Entlang einer der sch\u00f6nsten und am besten erhaltenen K\u00fcstenregionen Europas wandern Sie zwischen zerkl\u00fcfteten Klippen, einsamen Str\u00e4nden, endlosen Wildblumenfeldern, Waldwegen und historischen D\u00f6rfern.<\/p>\n<p>Die k\u00f6stliche regionale K\u00fcche und Weine stechen hervor, mit einem Highlight f\u00fcr die Meeresfr\u00fcchte und frischen Fisch.<\/p>","protected":false},"featured_media":4951,"comment_status":"closed","ping_status":"closed","template":"","meta":{"_acf_changed":false,"inline_featured_image":false},"product_brand":[],"product_cat":[673,327,338],"product_tag":[473,64,553,1053,836,121,837,630,797,783,255,92,838,798,784,785,839,840,799,786,314,800,1060,1054,1061,1062,1063,1064,841,802,842,628,73,753,321,899,843,803,804,805,433,806,790,844,1065,1066,1067,1068,1069,479,1055,1246,872,322,856,323,791,728,609,1056,1070,845,723,267,1057,809,1071,1072,1073,949,1058,1074,1059,59,545,88,308,811,793,846],"class_list":{"0":"post-4966","1":"product","2":"type-product","3":"status-publish","4":"has-post-thumbnail","6":"product_cat-self-drive-holidays-portugal","7":"product_cat-self-guided-tours-portugal","8":"product_cat-self-guided-walking-holidays","9":"product_tag-alentejo","10":"product_tag-alentejo-walking","11":"product_tag-algarve-secluded-beaches","12":"product_tag-alleine-reisen","13":"product_tag-alzejur","14":"product_tag-bird-watching","15":"product_tag-carrapateira","16":"product_tag-caves","17":"product_tag-cliff-top","18":"product_tag-cliffs","19":"product_tag-cork-trees","20":"product_tag-cork-woods","21":"product_tag-costa-vicentina","22":"product_tag-countryside","23":"product_tag-culture","24":"product_tag-delicious-food","25":"product_tag-dramatic-cliffs","26":"product_tag-fishermans-trail","27":"product_tag-golden-beaches","28":"product_tag-grottoes","29":"product_tag-hiking","30":"product_tag-history","31":"product_tag-individual-hiking","32":"product_tag-individuelle-touren","33":"product_tag-individuelle-trekkingreisen","34":"product_tag-individuelle-wandern","35":"product_tag-individuelle-wanderreisen","36":"product_tag-individuelle-wandertouren","37":"product_tag-inland-alentejo","38":"product_tag-lush-green-hills","39":"product_tag-markets","40":"product_tag-natural-attractions-in-portugal","41":"product_tag-natural-scenery","42":"product_tag-nature-hikes","43":"product_tag-nature-walks","44":"product_tag-odeceixe","45":"product_tag-odemira","46":"product_tag-olives","47":"product_tag-oranges","48":"product_tag-orchards","49":"product_tag-parque-natural-de-costa-vicentina","50":"product_tag-paths","51":"product_tag-picturesque-landscapes","52":"product_tag-porto-covo","53":"product_tag-rando-autoguidee","54":"product_tag-rando-liberte","55":"product_tag-randonnee-autoguidee","56":"product_tag-randonnee-en-liberte","57":"product_tag-randonnee-liberte","58":"product_tag-rota-vicentina","59":"product_tag-sejour-en-liberte","60":"product_tag-selected-walks","61":"product_tag-self-drive-holiday","62":"product_tag-self-guided","63":"product_tag-self-guided-holiday","64":"product_tag-self-guided-walking-holiday","65":"product_tag-self-guided-walking-holidays","66":"product_tag-self-guided-walking-tour","67":"product_tag-sightseeing","68":"product_tag-solo-reisen","69":"product_tag-solo-wandern","70":"product_tag-southwestern-portugal","71":"product_tag-sunny-winters","72":"product_tag-the-alentejo","73":"product_tag-tours-autoguidees","74":"product_tag-trails","75":"product_tag-trek-en-liberte","76":"product_tag-trek-solo","77":"product_tag-trekking-solo","78":"product_tag-vicentina-route","79":"product_tag-voyage-en-liberte","80":"product_tag-voyages-a-pied-en-liberte","81":"product_tag-voyages-en-autonomie","82":"product_tag-walking","83":"product_tag-walking-holiday","84":"product_tag-walking-tour","85":"product_tag-walking-trails","86":"product_tag-walks","87":"product_tag-wines","88":"product_tag-zambujeira-do-mar","90":"first","91":"instock","92":"virtual","93":"product-type-simple"},"acf":[],"yoast_head":"<!-- This site is optimized with the Yoast SEO Premium plugin v26.8 (Yoast SEO v27.5) - https:\/\/yoast.com\/product\/yoast-seo-premium-wordpress\/ -->\n<title>Self-Drive Walking Independent in The Vicentina Route<\/title>\n<meta name=\"description\" content=\"Vicentina Route and the Untamed Atlantic is a Self-Drive Walking tour designed for keen walkers, interested in experiencing a different side of Portugal.\" \/>\n<meta name=\"robots\" content=\"index, follow, max-snippet:-1, max-image-preview:large, max-video-preview:-1\" \/>\n<link rel=\"canonical\" href=\"https:\/\/becooltravel.com\/de\/produkt\/die-vicentina-route-und-der-ungezahmte-atlantik-5200sc\/\" \/>\n<meta property=\"og:locale\" content=\"de_DE\" \/>\n<meta property=\"og:type\" content=\"article\" \/>\n<meta property=\"og:title\" content=\"Walking Independent in The Vicentina Route\" \/>\n<meta property=\"og:description\" content=\"You\u2019ll find a green landscape with stretches of cork tree woods, soft hillsides, valleys, and meandering rivers and creeks. A true journey through time, local culture, and nature.The Fishermen\u2019s trail, exclusively pedestrian, was traditionally used by fishermen to access secretive fishing spots. You can still see them today, impossibly perched on top of the rocky cliffs.The tour base is a small and centrally located village, from where it\u2019s easy to explore the region and the tracks of this itinerary.It includes tailored walks to show you the best sections of the Vicentina and all the wonders of this region.\" \/>\n<meta property=\"og:url\" content=\"https:\/\/becooltravel.com\/de\/produkt\/die-vicentina-route-und-der-ungezahmte-atlantik-5200sc\/\" \/>\n<meta property=\"og:site_name\" content=\"BeCool Travel\" \/>\n<meta property=\"article:publisher\" content=\"https:\/\/www.facebook.com\/becooltravelagency\/\" \/>\n<meta property=\"article:modified_time\" content=\"2026-03-18T12:37:30+00:00\" \/>\n<meta property=\"og:image\" content=\"https:\/\/becooltravel.com\/wp-content\/uploads\/sites\/5\/2020\/05\/Vicentina_Coast01.jpg\" \/>\n\t<meta property=\"og:image:width\" content=\"1195\" \/>\n\t<meta property=\"og:image:height\" content=\"800\" \/>\n\t<meta property=\"og:image:type\" content=\"image\/jpeg\" \/>\n<meta name=\"twitter:card\" content=\"summary_large_image\" \/>\n<meta name=\"twitter:title\" content=\"Selected walks in the Historical Way (inland) and Fishermen\u2019s Trail (coastal)\" \/>\n<meta name=\"twitter:description\" content=\"Following one of the most beautiful and best-preserved coastal areas of Europe, you\u2019ll walk among jagged cliffs, secluded beaches, endless fields of wildflowers, forest tracks, and historic villages.The delicious regional cuisine and wines stand out, with a highlight for the seafood and fresh fish.The Vicentina Route is part of the European footpath network and combines inland (Historical Way) and coastal walking (Fishermen\u2019s Trail), covering 340km of tracks between the city of Santiago do Cac\u00e9m and the Cape of St. Vincent.\" \/>\n<meta name=\"twitter:image\" content=\"https:\/\/i0.wp.com\/becooltravel.com\/wp-content\/uploads\/sites\/5\/2020\/05\/porto_covo_coast.jpg?fit=1067%2C800&ssl=1\" \/>\n<meta name=\"twitter:site\" content=\"@becool_travel\" \/>\n<meta name=\"twitter:label1\" content=\"Gesch\u00e4tzte Lesezeit\" \/>\n\t<meta name=\"twitter:data1\" content=\"3\u00a0Minuten\" \/>\n<script type=\"application\/ld+json\" class=\"yoast-schema-graph\">{\"@context\":\"https:\\\/\\\/schema.org\",\"@graph\":[{\"@type\":\"WebPage\",\"@id\":\"https:\\\/\\\/becooltravel.com\\\/product\\\/the-vicentina-route-and-the-untamed-atlantic-5200sc\\\/\",\"url\":\"https:\\\/\\\/becooltravel.com\\\/product\\\/the-vicentina-route-and-the-untamed-atlantic-5200sc\\\/\",\"name\":\"Self-Drive Walking Independent in The Vicentina Route\",\"isPartOf\":{\"@id\":\"https:\\\/\\\/becooltravel.com\\\/#website\"},\"primaryImageOfPage\":{\"@id\":\"https:\\\/\\\/becooltravel.com\\\/product\\\/the-vicentina-route-and-the-untamed-atlantic-5200sc\\\/#primaryimage\"},\"image\":{\"@id\":\"https:\\\/\\\/becooltravel.com\\\/product\\\/the-vicentina-route-and-the-untamed-atlantic-5200sc\\\/#primaryimage\"},\"thumbnailUrl\":\"https:\\\/\\\/i0.wp.com\\\/becooltravel.com\\\/wp-content\\\/uploads\\\/sites\\\/5\\\/2020\\\/05\\\/costavicentina.jpg?fit=1200%2C781&ssl=1\",\"datePublished\":\"2020-05-27T15:01:53+00:00\",\"dateModified\":\"2026-03-18T12:37:30+00:00\",\"description\":\"Vicentina Route and the Untamed Atlantic is a Self-Drive Walking tour designed for keen walkers, interested in experiencing a different side of Portugal.\",\"breadcrumb\":{\"@id\":\"https:\\\/\\\/becooltravel.com\\\/product\\\/the-vicentina-route-and-the-untamed-atlantic-5200sc\\\/#breadcrumb\"},\"inLanguage\":\"de\",\"potentialAction\":[{\"@type\":\"ReadAction\",\"target\":[\"https:\\\/\\\/becooltravel.com\\\/product\\\/the-vicentina-route-and-the-untamed-atlantic-5200sc\\\/\"]}]},{\"@type\":\"ImageObject\",\"inLanguage\":\"de\",\"@id\":\"https:\\\/\\\/becooltravel.com\\\/product\\\/the-vicentina-route-and-the-untamed-atlantic-5200sc\\\/#primaryimage\",\"url\":\"https:\\\/\\\/i0.wp.com\\\/becooltravel.com\\\/wp-content\\\/uploads\\\/sites\\\/5\\\/2020\\\/05\\\/costavicentina.jpg?fit=1200%2C781&ssl=1\",\"contentUrl\":\"https:\\\/\\\/i0.wp.com\\\/becooltravel.com\\\/wp-content\\\/uploads\\\/sites\\\/5\\\/2020\\\/05\\\/costavicentina.jpg?fit=1200%2C781&ssl=1\",\"width\":1200,\"height\":781,\"caption\":\"Stork nest - Vicentina Coast\"},{\"@type\":\"BreadcrumbList\",\"@id\":\"https:\\\/\\\/becooltravel.com\\\/product\\\/the-vicentina-route-and-the-untamed-atlantic-5200sc\\\/#breadcrumb\",\"itemListElement\":[{\"@type\":\"ListItem\",\"position\":1,\"name\":\"Home\",\"item\":\"https:\\\/\\\/becooltravel.com\\\/\"},{\"@type\":\"ListItem\",\"position\":2,\"name\":\"Shop\",\"item\":\"https:\\\/\\\/becooltravel.com\\\/?page_id=5\"},{\"@type\":\"ListItem\",\"position\":3,\"name\":\"The plains that extend as far as the eye can see start close to the Tagus. While to the north, the pace is set by the green of the flatlands, further south the landscape combines with the sun, the heat and a slower pace of life. This is the Alentejo.\",\"item\":\"https:\\\/\\\/becooltravel.com\\\/nl\\\/product-tag\\\/alentejo-2\\\/\"},{\"@type\":\"ListItem\",\"position\":4,\"name\":\"Self-Drive Walking Independent in The Vicentina Route\"}]},{\"@type\":\"WebSite\",\"@id\":\"https:\\\/\\\/becooltravel.com\\\/#website\",\"url\":\"https:\\\/\\\/becooltravel.com\\\/\",\"name\":\"BeCool Travel\",\"description\":\"Sustainable holidays in Portugal for independent travelers\",\"publisher\":{\"@id\":\"https:\\\/\\\/becooltravel.com\\\/#organization\"},\"potentialAction\":[{\"@type\":\"SearchAction\",\"target\":{\"@type\":\"EntryPoint\",\"urlTemplate\":\"https:\\\/\\\/becooltravel.com\\\/?s={search_term_string}\"},\"query-input\":{\"@type\":\"PropertyValueSpecification\",\"valueRequired\":true,\"valueName\":\"search_term_string\"}}],\"inLanguage\":\"de\"},{\"@type\":\"Organization\",\"@id\":\"https:\\\/\\\/becooltravel.com\\\/#organization\",\"name\":\"BecoolTravel. com- Portugal\",\"url\":\"https:\\\/\\\/becooltravel.com\\\/\",\"logo\":{\"@type\":\"ImageObject\",\"inLanguage\":\"de\",\"@id\":\"https:\\\/\\\/becooltravel.com\\\/#\\\/schema\\\/logo\\\/image\\\/\",\"url\":\"https:\\\/\\\/becooltravel.com\\\/wp-content\\\/uploads\\\/sites\\\/5\\\/2020\\\/03\\\/Logo_BeCool.jpg\",\"contentUrl\":\"https:\\\/\\\/becooltravel.com\\\/wp-content\\\/uploads\\\/sites\\\/5\\\/2020\\\/03\\\/Logo_BeCool.jpg\",\"width\":534,\"height\":534,\"caption\":\"BecoolTravel. com- Portugal\"},\"image\":{\"@id\":\"https:\\\/\\\/becooltravel.com\\\/#\\\/schema\\\/logo\\\/image\\\/\"},\"sameAs\":[\"https:\\\/\\\/www.facebook.com\\\/becooltravelagency\\\/\",\"https:\\\/\\\/x.com\\\/becool_travel\",\"https:\\\/\\\/www.instagram.com\\\/becooltravel_com\\\/\",\"https:\\\/\\\/www.linkedin.com\\\/company\\\/becool-travel\\\/\",\"https:\\\/\\\/www.youtube.com\\\/channel\\\/UCE7zRU3EVG1PgfXwQo-5uJw\"]}]}<\/script>\n<!-- \/ Yoast SEO Premium plugin. -->","yoast_head_json":{"title":"Selbst\u00e4ndiges Wandern auf der Vicentina-Route","description":"Vicentina Route und der ungez\u00e4hmte Atlantik ist eine Selbstfahrer-Wanderung f\u00fcr begeisterte Wanderer, die daran interessiert sind, eine andere Seite Portugals zu erleben.","robots":{"index":"index","follow":"follow","max-snippet":"max-snippet:-1","max-image-preview":"max-image-preview:large","max-video-preview":"max-video-preview:-1"},"canonical":"https:\/\/becooltravel.com\/de\/produkt\/die-vicentina-route-und-der-ungezahmte-atlantik-5200sc\/","og_locale":"de_DE","og_type":"article","og_title":"Walking Independent in The Vicentina Route","og_description":"You\u2019ll find a green landscape with stretches of cork tree woods, soft hillsides, valleys, and meandering rivers and creeks. A true journey through time, local culture, and nature.The Fishermen\u2019s trail, exclusively pedestrian, was traditionally used by fishermen to access secretive fishing spots. You can still see them today, impossibly perched on top of the rocky cliffs.The tour base is a small and centrally located village, from where it\u2019s easy to explore the region and the tracks of this itinerary.It includes tailored walks to show you the best sections of the Vicentina and all the wonders of this region.","og_url":"https:\/\/becooltravel.com\/de\/produkt\/die-vicentina-route-und-der-ungezahmte-atlantik-5200sc\/","og_site_name":"BeCool Travel","article_publisher":"https:\/\/www.facebook.com\/becooltravelagency\/","article_modified_time":"2026-03-18T12:37:30+00:00","og_image":[{"width":1195,"height":800,"url":"https:\/\/becooltravel.com\/wp-content\/uploads\/sites\/5\/2020\/05\/Vicentina_Coast01.jpg","type":"image\/jpeg"}],"twitter_card":"summary_large_image","twitter_title":"Selected walks in the Historical Way (inland) and Fishermen\u2019s Trail (coastal)","twitter_description":"Following one of the most beautiful and best-preserved coastal areas of Europe, you\u2019ll walk among jagged cliffs, secluded beaches, endless fields of wildflowers, forest tracks, and historic villages.The delicious regional cuisine and wines stand out, with a highlight for the seafood and fresh fish.The Vicentina Route is part of the European footpath network and combines inland (Historical Way) and coastal walking (Fishermen\u2019s Trail), covering 340km of tracks between the city of Santiago do Cac\u00e9m and the Cape of St. Vincent.","twitter_image":"https:\/\/i0.wp.com\/becooltravel.com\/wp-content\/uploads\/sites\/5\/2020\/05\/porto_covo_coast.jpg?fit=1067%2C800&ssl=1","twitter_site":"@becool_travel","twitter_misc":{"Gesch\u00e4tzte Lesezeit":"3\u00a0Minuten"},"schema":{"@context":"https:\/\/schema.org","@graph":[{"@type":"WebPage","@id":"https:\/\/becooltravel.com\/product\/the-vicentina-route-and-the-untamed-atlantic-5200sc\/","url":"https:\/\/becooltravel.com\/product\/the-vicentina-route-and-the-untamed-atlantic-5200sc\/","name":"Selbst\u00e4ndiges Wandern auf der Vicentina-Route","isPartOf":{"@id":"https:\/\/becooltravel.com\/#website"},"primaryImageOfPage":{"@id":"https:\/\/becooltravel.com\/product\/the-vicentina-route-and-the-untamed-atlantic-5200sc\/#primaryimage"},"image":{"@id":"https:\/\/becooltravel.com\/product\/the-vicentina-route-and-the-untamed-atlantic-5200sc\/#primaryimage"},"thumbnailUrl":"https:\/\/i0.wp.com\/becooltravel.com\/wp-content\/uploads\/sites\/5\/2020\/05\/costavicentina.jpg?fit=1200%2C781&ssl=1","datePublished":"2020-05-27T15:01:53+00:00","dateModified":"2026-03-18T12:37:30+00:00","description":"Vicentina Route und der ungez\u00e4hmte Atlantik ist eine Selbstfahrer-Wanderung f\u00fcr begeisterte Wanderer, die daran interessiert sind, eine andere Seite Portugals zu erleben.","breadcrumb":{"@id":"https:\/\/becooltravel.com\/product\/the-vicentina-route-and-the-untamed-atlantic-5200sc\/#breadcrumb"},"inLanguage":"de","potentialAction":[{"@type":"ReadAction","target":["https:\/\/becooltravel.com\/product\/the-vicentina-route-and-the-untamed-atlantic-5200sc\/"]}]},{"@type":"ImageObject","inLanguage":"de","@id":"https:\/\/becooltravel.com\/product\/the-vicentina-route-and-the-untamed-atlantic-5200sc\/#primaryimage","url":"https:\/\/i0.wp.com\/becooltravel.com\/wp-content\/uploads\/sites\/5\/2020\/05\/costavicentina.jpg?fit=1200%2C781&ssl=1","contentUrl":"https:\/\/i0.wp.com\/becooltravel.com\/wp-content\/uploads\/sites\/5\/2020\/05\/costavicentina.jpg?fit=1200%2C781&ssl=1","width":1200,"height":781,"caption":"Stork nest - Vicentina Coast"},{"@type":"BreadcrumbList","@id":"https:\/\/becooltravel.com\/product\/the-vicentina-route-and-the-untamed-atlantic-5200sc\/#breadcrumb","itemListElement":[{"@type":"ListItem","position":1,"name":"Home","item":"https:\/\/becooltravel.com\/"},{"@type":"ListItem","position":2,"name":"Shop","item":"https:\/\/becooltravel.com\/?page_id=5"},{"@type":"ListItem","position":3,"name":"The plains that extend as far as the eye can see start close to the Tagus. While to the north, the pace is set by the green of the flatlands, further south the landscape combines with the sun, the heat and a slower pace of life. This is the Alentejo.","item":"https:\/\/becooltravel.com\/nl\/product-tag\/alentejo-2\/"},{"@type":"ListItem","position":4,"name":"Self-Drive Walking Independent in The Vicentina Route"}]},{"@type":"WebSite","@id":"https:\/\/becooltravel.com\/#website","url":"https:\/\/becooltravel.com\/","name":"BeCool Travel","description":"Nachhaltiger Urlaub in Portugal f\u00fcr Individualreisende","publisher":{"@id":"https:\/\/becooltravel.com\/#organization"},"potentialAction":[{"@type":"SearchAction","target":{"@type":"EntryPoint","urlTemplate":"https:\/\/becooltravel.com\/?s={search_term_string}"},"query-input":{"@type":"PropertyValueSpecification","valueRequired":true,"valueName":"search_term_string"}}],"inLanguage":"de"},{"@type":"Organization","@id":"https:\/\/becooltravel.com\/#organization","name":"BecoolTravel. com- Portugal","url":"https:\/\/becooltravel.com\/","logo":{"@type":"ImageObject","inLanguage":"de","@id":"https:\/\/becooltravel.com\/#\/schema\/logo\/image\/","url":"https:\/\/becooltravel.com\/wp-content\/uploads\/sites\/5\/2020\/03\/Logo_BeCool.jpg","contentUrl":"https:\/\/becooltravel.com\/wp-content\/uploads\/sites\/5\/2020\/03\/Logo_BeCool.jpg","width":534,"height":534,"caption":"BecoolTravel. com- Portugal"},"image":{"@id":"https:\/\/becooltravel.com\/#\/schema\/logo\/image\/"},"sameAs":["https:\/\/www.facebook.com\/becooltravelagency\/","https:\/\/x.com\/becool_travel","https:\/\/www.instagram.com\/becooltravel_com\/","https:\/\/www.linkedin.com\/company\/becool-travel\/","https:\/\/www.youtube.com\/channel\/UCE7zRU3EVG1PgfXwQo-5uJw"]}]}},"jetpack_sharing_enabled":true,"_links":{"self":[{"href":"https:\/\/becooltravel.com\/de\/wp-json\/wp\/v2\/product\/4966","targetHints":{"allow":["GET"]}}],"collection":[{"href":"https:\/\/becooltravel.com\/de\/wp-json\/wp\/v2\/product"}],"about":[{"href":"https:\/\/becooltravel.com\/de\/wp-json\/wp\/v2\/types\/product"}],"replies":[{"embeddable":true,"href":"https:\/\/becooltravel.com\/de\/wp-json\/wp\/v2\/comments?post=4966"}],"wp:featuredmedia":[{"embeddable":true,"href":"https:\/\/becooltravel.com\/de\/wp-json\/wp\/v2\/media\/4951"}],"wp:attachment":[{"href":"https:\/\/becooltravel.com\/de\/wp-json\/wp\/v2\/media?parent=4966"}],"wp:term":[{"taxonomy":"product_brand","embeddable":true,"href":"https:\/\/becooltravel.com\/de\/wp-json\/wp\/v2\/product_brand?post=4966"},{"taxonomy":"product_cat","embeddable":true,"href":"https:\/\/becooltravel.com\/de\/wp-json\/wp\/v2\/product_cat?post=4966"},{"taxonomy":"product_tag","embeddable":true,"href":"https:\/\/becooltravel.com\/de\/wp-json\/wp\/v2\/product_tag?post=4966"}],"curies":[{"name":"wp","href":"https:\/\/api.w.org\/{rel}","templated":true}]}}