{"id":5010,"date":"2020-05-29T11:02:17","date_gmt":"2020-05-29T11:02:17","guid":{"rendered":"https:\/\/becooltravel.com\/?post_type=product&#038;p=5010"},"modified":"2026-03-18T12:22:57","modified_gmt":"2026-03-18T12:22:57","slug":"coimbra-hidden-gems-of-central-portugal-53000sc","status":"publish","type":"product","link":"https:\/\/becooltravel.com\/de\/produkt\/coimbra-versteckte-juwelen-von-zentralportugal-53000sc\/","title":{"rendered":"Unabh\u00e4ngige Feiertage in Coimbra: Versteckte Juwelen Zentralportugals"},"content":{"rendered":"<p>Dies ist ein unabh\u00e4ngiger Sightseeing-Urlaub in Coimbra, der Hauptstadt Zentralportugals, der durch das Kernland des Landes f\u00fchrt.<\/p>\n<p>Coimbra erstreckt sich an den R\u00e4ndern des ruhigen Mondego-Flusses und beherbergt eine der \u00e4ltesten Universit\u00e4ten der Welt. Es ist eine Stadt voller Geschichte und Erbe.<\/p>\n<div id=\"attachment_2862\" style=\"width: 1034px\" class=\"wp-caption alignnone\"><img data-recalc-dims=\"1\" decoding=\"async\" aria-describedby=\"caption-attachment-2862\" class=\"wp-image-2862 size-large\" src=\"https:\/\/i0.wp.com\/legendatours.net\/wp-content\/uploads\/2020\/07\/sightseeing_portugal-e1594044266315-1024x501.jpeg?resize=1024%2C501&#038;ssl=1\" alt=\"Frau, die in Coimbra Stadt, Portugal reist\" width=\"1024\" height=\"501\" \/><p id=\"caption-attachment-2862\" class=\"wp-caption-text\">Frauen reisen in der Stadt Coimbra, Portugal<\/p><\/div>\n<p>Von hier aus starten Sie eine Reise nach Serra do Bussaco, sowohl ein Berg als auch ein botanischer Garten, in die Lous\u00e3-Berge, zu den malerischen \u201eSchieferd\u00f6rfern\u201c und zu den wundersch\u00f6nen Str\u00e4nden und der K\u00fcste von Figueira da Foz.<\/p>\n<p>Heute ist Coimbra eine bl\u00fchende moderne Stadt, die ein altes Zentrum mit einer pulsierenden und lebhaften Atmosph\u00e4re dank der Einheimischen, der Studentenbev\u00f6lkerung aus dem ganzen Land und dem Ausland und den Besuchern beherbergt.<\/p>\n<p>Ein Besuch in Coimbra ist wie eine historische Reise. Diese antike Stadt stand vor \u00fcber 2000 Jahren an der Spitze des R\u00f6mischen Reiches und war im 12. Jahrhundert die erste Hauptstadt des neuen K\u00f6nigreichs Portugal.<\/p>\n<p>Verbringen Sie etwas Zeit damit, das Universit\u00e4tsviertel und den Botanischen Garten zu erkunden, der zu den \u00e4ltesten der Welt geh\u00f6rt.<\/p>\n<div id=\"attachment_2608\" style=\"width: 1034px\" class=\"wp-caption alignnone\"><img data-recalc-dims=\"1\" decoding=\"async\" aria-describedby=\"caption-attachment-2608\" class=\"wp-image-2608 size-large\" src=\"https:\/\/i0.wp.com\/legendatours.net\/wp-content\/uploads\/2020\/05\/coimbra_river-1024x683.jpg?resize=1024%2C683&#038;ssl=1\" alt=\"Coimbra, Heimat einer der \u00e4ltesten Universit\u00e4ten der Welt\" width=\"1024\" height=\"683\" \/><p id=\"caption-attachment-2608\" class=\"wp-caption-text\">Coimbra, Fluss Mondego, ist der l\u00e4ngste\u00a0<em>Fluss<\/em> vollst\u00e4ndig auf portugiesischem Hoheitsgebiet. Die Sch\u00f6nheit seiner Ufer hat viele Generationen von Studenten und Dichtern inspiriert.<\/p><\/div>\n<p>Bewundern Sie die Architektur der gro\u00dfen Kirchen der Stadt, besuchen Sie die vielen Galerien oder schlendern Sie einfach durch die Stra\u00dfen und genie\u00dfen Sie die einzigartige Atmosph\u00e4re dieses magischen lebendigen Museums.<\/p>\n<p>Mit Coimbra als Zentrum beinhaltet dieser Selbstfahrerurlaub einen Besuch der Serra do Bussaco, die sowohl ein Berg als auch ein botanischer Garten ist.<\/p>\n<p>Die St\u00e4tte hat die vielf\u00e4ltigste Sammlung von Pflanzen und B\u00e4umen in ganz Portugal, deren Urspr\u00fcnge bis ins 10. Jahrhundert zur\u00fcckreichen.<\/p>\n<p>Es wird vom Vatikan gesch\u00fctzt: Ein p\u00e4pstliches Dekret aus dem 16. Jahrhundert droht, jeden zu exkommunizieren, der den Wald besch\u00e4digt, und ein anderes Dekret (inzwischen widerrufen) verbot die Ann\u00e4herung von Frauen.<\/p>\n<p>Es ist auch Schauplatz einer entscheidenden Schlacht in den Halbinselkriegen, in denen die Franzosen von einer gemeinsamen Streitmacht portugiesischer und englischer Truppen besiegt wurden.<\/p>\n<div id=\"attachment_2591\" style=\"width: 1034px\" class=\"wp-caption alignnone\"><img data-recalc-dims=\"1\" decoding=\"async\" aria-describedby=\"caption-attachment-2591\" class=\"wp-image-2591 size-large\" src=\"https:\/\/i0.wp.com\/legendatours.net\/wp-content\/uploads\/2020\/05\/aldeias_xisto_01-1024x687.jpg?resize=1024%2C687&#038;ssl=1\" alt=\"Aldeias de xito in Zentralportugal\" width=\"1024\" height=\"687\" \/><p id=\"caption-attachment-2591\" class=\"wp-caption-text\">Aldeias de xito in Zentralportugal. 26 Schieferd\u00f6rfer verteilen sich \u00fcber die zentrale Region zwischen Coimbra und Castelo Branco<\/p><\/div>\n<p>In der N\u00e4he von Coimbra f\u00fchrt das Wegelabyrinth der Serra da Lous\u00e3 zu den traditionellen Schieferd\u00f6rfern, den \u201eAldeias do Xisto\u201c.<\/p>\n<p>1TP6Schlie\u00dfen Sie sich ans Ufer und entdecken Sie die wundersch\u00f6nen Str\u00e4nde und die K\u00fcste von Figueira da Foz an der Atlantischen Silberk\u00fcste, wo der Fluss Mondego seine Reise beendet.<\/p>\n<p>Figueira da Foz, auch bekannt als die K\u00f6nigin der Str\u00e4nde, ist eine einzigartige Kombination aus einem Fischerhafen und einem schicken Badeort mit verblasstem Charme.<\/p>\n<p>Hier finden Sie sch\u00f6ne Belle-\u00c9poque-Architektur, das \u00e4lteste Casino der Iberischen Halbinsel und von den umliegenden gr\u00fcnen H\u00fcgeln der Serra da Boa Viagem einen beeindruckenden Blick auf das Meer und die sch\u00f6nen Str\u00e4nde.<\/p>\n<p>Die k\u00f6stliche K\u00fcche und die preisgekr\u00f6nten Weine der Region geh\u00f6ren wirklich zu den besten Seiten bei einem Besuch in Zentralportugal. Die Aromen sind frisch, lebendig und oft unerwartet.<\/p>\n<div id=\"attachment_2596\" style=\"width: 1034px\" class=\"wp-caption alignnone\"><img data-recalc-dims=\"1\" decoding=\"async\" aria-describedby=\"caption-attachment-2596\" class=\"wp-image-2596 size-large\" src=\"https:\/\/i0.wp.com\/legendatours.net\/wp-content\/uploads\/2020\/05\/bussaco_mata-1024x682.jpg?resize=1024%2C682&#038;ssl=1\" alt=\"Bussaco\" width=\"1024\" height=\"682\" \/><p id=\"caption-attachment-2596\" class=\"wp-caption-text\">Bussaco ist ein entz\u00fcckender Zufluchtsort mit Zypressenhainen, Farnen, Statuen, Springbrunnen und formellen G\u00e4rten.<\/p><\/div>\n<p>Von Fischgerichten \u00fcber saftige und herzhafte Fleischgerichte bis hin zu Klosters\u00fc\u00dfigkeiten, Sie werden nicht entt\u00e4uscht sein!<\/p>\n<p>Aus dieser Region stammen die besten K\u00e4sesorten und Wurstwaren, die perfekt zu einem Glas Rotwein passen, der an den H\u00e4ngen des Mondego hergestellt wird.<\/p>\n<p>Die Sch\u00fcler singen ein traditionelles Fado-Lied, begleitet von der exquisiten portugiesischen Gitarre, das besagt, dass \u201eCoimbra in der Stunde des Abschieds mehr Charme hat\u201c. Sie werden sicherlich sch\u00f6ne Erinnerungen an diesen Urlaub mitbringen und Coimbra und Zentralportugal vermissen!<\/p>\n<div class=\"row\">\n<div class=\"column\" style=\"flex: 45%;\">\n<p><iframe title=\"IN DER STIMMUNG F\u00dcR COIMBRA: TEIL 1 | Historische Universit\u00e4tsstadt, eine der \u00e4ltesten in Europa | Portugal\" width=\"1080\" height=\"608\" src=\"https:\/\/www.youtube.com\/embed\/RbJja-xcFM0?feature=oembed\" frameborder=\"0\" allow=\"accelerometer; autoplay; clipboard-write; encrypted-media; gyroscope; picture-in-picture; web-share\" referrerpolicy=\"strict-origin-when-cross-origin\" allowfullscreen><\/iframe><\/p>\n<\/div>\n<div class=\"column\" style=\"flex: 10%;\"><\/div>\n<div class=\"column\" style=\"flex: 45%;\">\n<p><iframe title=\"Coimbra - Besuchen Sie Coimbra! Besuchen Sie Coimbra! (v\u00eddeo oficial)\" width=\"1080\" height=\"608\" src=\"https:\/\/www.youtube.com\/embed\/TSIf-ngo0tA?feature=oembed\" frameborder=\"0\" allow=\"accelerometer; autoplay; clipboard-write; encrypted-media; gyroscope; picture-in-picture; web-share\" referrerpolicy=\"strict-origin-when-cross-origin\" allowfullscreen><\/iframe><\/p>\n<\/div>\n<\/div>","protected":false},"excerpt":{"rendered":"<p>Dies ist ein unabh\u00e4ngiger Sightseeing-Urlaub in Coimbra, der Hauptstadt Zentralportugals, der durch das Kernland des Landes f\u00fchrt.<\/p>\n<p>Coimbra erstreckt sich an den R\u00e4ndern des ruhigen Mondego-Flusses und beherbergt eine der \u00e4ltesten Universit\u00e4ten der Welt. Es ist eine Stadt voller Geschichte und Erbe.<\/p>\n<p>Von hier aus starten Sie eine Reise nach Serra do Bussaco, sowohl ein Berg als auch ein botanischer Garten, in die Lous\u00e3-Berge, zu den malerischen \u201eSchieferd\u00f6rfern\u201c und zu den wundersch\u00f6nen Str\u00e4nden und der K\u00fcste von Figueira da Foz.<\/p>","protected":false},"featured_media":5298,"comment_status":"closed","ping_status":"closed","template":"","meta":{"_acf_changed":false,"inline_featured_image":false},"product_brand":[],"product_cat":[673,336,327],"product_tag":[1053,121,847,848,849,850,273,798,557,204,784,785,851,852,714,827,800,1054,802,853,478,753,321,806,854,790,818,819,855,1055,872,1048,322,856,609,1056,1057,581,834,857,821,1058,1059,59,793],"class_list":{"0":"post-5010","1":"product","2":"type-product","3":"status-publish","4":"has-post-thumbnail","6":"product_cat-self-drive-holidays-portugal","7":"product_cat-self-guided-sightseeing-holidays-in-portugal","8":"product_cat-self-guided-tours-portugal","9":"product_tag-alleine-reisen","10":"product_tag-bird-watching","11":"product_tag-bucaco-hills","12":"product_tag-bussaco","13":"product_tag-central-portugal","14":"product_tag-coimbra","15":"product_tag-coimbra-fado","16":"product_tag-countryside","17":"product_tag-crafted-self-guided-tour","18":"product_tag-cultural-heritage","19":"product_tag-culture","20":"product_tag-delicious-food","21":"product_tag-fado","22":"product_tag-figueira-da-foz","23":"product_tag-fly-drive","24":"product_tag-historic-centre","25":"product_tag-history","26":"product_tag-individuelle-touren","27":"product_tag-lush-green-hills","28":"product_tag-luso","29":"product_tag-natural-park","30":"product_tag-nature-hikes","31":"product_tag-nature-walks","32":"product_tag-paths","33":"product_tag-penacova","34":"product_tag-picturesque-landscapes","35":"product_tag-protected-area","36":"product_tag-quartzite-elevations","37":"product_tag-schist-villages","38":"product_tag-sejour-en-liberte","39":"product_tag-self-drive-holiday","40":"product_tag-self-guide-tour","41":"product_tag-self-guided","42":"product_tag-self-guided-holiday","43":"product_tag-sightseeing","44":"product_tag-solo-reisen","45":"product_tag-tours-autoguidees","46":"product_tag-traditional-villages","47":"product_tag-undulating-plains","48":"product_tag-university","49":"product_tag-valleys","50":"product_tag-voyage-en-liberte","51":"product_tag-voyages-en-autonomie","52":"product_tag-walking","53":"product_tag-wines","55":"first","56":"instock","57":"virtual","58":"product-type-simple"},"acf":[],"yoast_head":"<!-- This site is optimized with the Yoast SEO Premium plugin v26.8 (Yoast SEO v27.4) - https:\/\/yoast.com\/product\/yoast-seo-premium-wordpress\/ -->\n<title>Coimbra Independent Holidays : Hidden Gems of Central Portugal<\/title>\n<meta name=\"description\" content=\"Sightseeing holiday based in Coimbra, the main city of central Portugal, travelling through the heartland of the country. full of history and heritage.\" \/>\n<meta name=\"robots\" content=\"index, follow, max-snippet:-1, max-image-preview:large, max-video-preview:-1\" \/>\n<link rel=\"canonical\" href=\"https:\/\/becooltravel.com\/de\/produkt\/coimbra-versteckte-juwelen-von-zentralportugal-53000sc\/\" \/>\n<meta property=\"og:locale\" content=\"de_DE\" \/>\n<meta property=\"og:type\" content=\"article\" \/>\n<meta property=\"og:title\" content=\"Coimbra, a city full of history and heritage\" \/>\n<meta property=\"og:description\" content=\"Spreading around the margins of the tranquil Mondego River, Coimbra, home to one of the oldest Universities in the world, it\u2019s a city full of history and heritage.From here, you\u2019ll start a journey to Serra do Bussaco, both a mountain and a botanical garden, to the Lous\u00e3 Mountains, to the quaint \u201cslate villages\u201d, and to the beautiful beaches and coastline of Figueira da Foz.Today, Coimbra is a thriving modern city cocooning an ancient centre with a vibrant and lively atmosphere thanks to the local people, the population of students from all over the country and abroad, and to visitors.Visiting Coimbra is like taking a historical journey. This ancient city was at the forefront of the Roman Empire over 2000 years ago, being the first capital of the new Kingdom of Portugal in the 12th century.\" \/>\n<meta property=\"og:url\" content=\"https:\/\/becooltravel.com\/de\/produkt\/coimbra-versteckte-juwelen-von-zentralportugal-53000sc\/\" \/>\n<meta property=\"og:site_name\" content=\"BeCool Travel\" \/>\n<meta property=\"article:publisher\" content=\"https:\/\/www.facebook.com\/becooltravelagency\/\" \/>\n<meta property=\"article:modified_time\" content=\"2026-03-18T12:22:57+00:00\" \/>\n<meta property=\"og:image\" content=\"https:\/\/becooltravel.com\/wp-content\/uploads\/sites\/5\/2020\/06\/bussaco_palace_04.jpg\" \/>\n\t<meta property=\"og:image:width\" content=\"1200\" \/>\n\t<meta property=\"og:image:height\" content=\"675\" \/>\n\t<meta property=\"og:image:type\" content=\"image\/jpeg\" \/>\n<meta name=\"twitter:card\" content=\"summary_large_image\" \/>\n<meta name=\"twitter:title\" content=\"Spend some time exploring the university quarter and the botanical gardens, amongst the oldest in the world.\" \/>\n<meta name=\"twitter:description\" content=\"Admire the architecture of the city\u2019s great churches, visit its many galleries, or simply wander through the streets, soaking in the unique atmosphere of this magical living museum.With Coimbra as a centre, this self-drive holiday includes a visit to the Serra do Bussaco, which is both a mountain and a botanical garden.The site has the most diverse collection of plants and trees in the hole of Portugal, with its origins going back to the 10th century.\" \/>\n<meta name=\"twitter:image\" content=\"https:\/\/i0.wp.com\/becooltravel.com\/wp-content\/uploads\/sites\/5\/2020\/06\/aldeias_xisto_01.jpg?fit=1193%2C800&ssl=1\" \/>\n<meta name=\"twitter:site\" content=\"@becool_travel\" \/>\n<meta name=\"twitter:label1\" content=\"Gesch\u00e4tzte Lesezeit\" \/>\n\t<meta name=\"twitter:data1\" content=\"4\u00a0Minuten\" \/>\n<script type=\"application\/ld+json\" class=\"yoast-schema-graph\">{\"@context\":\"https:\\\/\\\/schema.org\",\"@graph\":[{\"@type\":[\"WebPage\",\"ItemPage\"],\"@id\":\"https:\\\/\\\/becooltravel.com\\\/product\\\/coimbra-hidden-gems-of-central-portugal-53000sc\\\/\",\"url\":\"https:\\\/\\\/becooltravel.com\\\/product\\\/coimbra-hidden-gems-of-central-portugal-53000sc\\\/\",\"name\":\"Coimbra Independent Holidays : Hidden Gems of Central Portugal\",\"isPartOf\":{\"@id\":\"https:\\\/\\\/becooltravel.com\\\/#website\"},\"primaryImageOfPage\":{\"@id\":\"https:\\\/\\\/becooltravel.com\\\/product\\\/coimbra-hidden-gems-of-central-portugal-53000sc\\\/#primaryimage\"},\"image\":{\"@id\":\"https:\\\/\\\/becooltravel.com\\\/product\\\/coimbra-hidden-gems-of-central-portugal-53000sc\\\/#primaryimage\"},\"thumbnailUrl\":\"https:\\\/\\\/i0.wp.com\\\/becooltravel.com\\\/wp-content\\\/uploads\\\/sites\\\/5\\\/2020\\\/06\\\/aldeias_xisto04.jpg?fit=1200%2C771&ssl=1\",\"datePublished\":\"2020-05-29T11:02:17+00:00\",\"dateModified\":\"2026-03-18T12:22:57+00:00\",\"description\":\"Sightseeing holiday based in Coimbra, the main city of central Portugal, travelling through the heartland of the country. full of history and heritage.\",\"breadcrumb\":{\"@id\":\"https:\\\/\\\/becooltravel.com\\\/product\\\/coimbra-hidden-gems-of-central-portugal-53000sc\\\/#breadcrumb\"},\"inLanguage\":\"de\",\"potentialAction\":[{\"@type\":\"ReadAction\",\"target\":[\"https:\\\/\\\/becooltravel.com\\\/product\\\/coimbra-hidden-gems-of-central-portugal-53000sc\\\/\"]}]},{\"@type\":\"ImageObject\",\"inLanguage\":\"de\",\"@id\":\"https:\\\/\\\/becooltravel.com\\\/product\\\/coimbra-hidden-gems-of-central-portugal-53000sc\\\/#primaryimage\",\"url\":\"https:\\\/\\\/i0.wp.com\\\/becooltravel.com\\\/wp-content\\\/uploads\\\/sites\\\/5\\\/2020\\\/06\\\/aldeias_xisto04.jpg?fit=1200%2C771&ssl=1\",\"contentUrl\":\"https:\\\/\\\/i0.wp.com\\\/becooltravel.com\\\/wp-content\\\/uploads\\\/sites\\\/5\\\/2020\\\/06\\\/aldeias_xisto04.jpg?fit=1200%2C771&ssl=1\",\"width\":1200,\"height\":771,\"caption\":\"Schist villages in Central Portugal\"},{\"@type\":\"BreadcrumbList\",\"@id\":\"https:\\\/\\\/becooltravel.com\\\/product\\\/coimbra-hidden-gems-of-central-portugal-53000sc\\\/#breadcrumb\",\"itemListElement\":[{\"@type\":\"ListItem\",\"position\":1,\"name\":\"Home\",\"item\":\"https:\\\/\\\/becooltravel.com\\\/\"},{\"@type\":\"ListItem\",\"position\":2,\"name\":\"Shop\",\"item\":\"https:\\\/\\\/becooltravel.com\\\/?page_id=5\"},{\"@type\":\"ListItem\",\"position\":3,\"name\":\"alleine reisen\",\"item\":\"https:\\\/\\\/becooltravel.com\\\/product-tag\\\/alleine-reisen\\\/\"},{\"@type\":\"ListItem\",\"position\":4,\"name\":\"Coimbra, a city full of history and heritage\"}]},{\"@type\":\"WebSite\",\"@id\":\"https:\\\/\\\/becooltravel.com\\\/#website\",\"url\":\"https:\\\/\\\/becooltravel.com\\\/\",\"name\":\"BeCool Travel\",\"description\":\"Sustainable holidays in Portugal for independent travelers\",\"publisher\":{\"@id\":\"https:\\\/\\\/becooltravel.com\\\/#organization\"},\"potentialAction\":[{\"@type\":\"SearchAction\",\"target\":{\"@type\":\"EntryPoint\",\"urlTemplate\":\"https:\\\/\\\/becooltravel.com\\\/?s={search_term_string}\"},\"query-input\":{\"@type\":\"PropertyValueSpecification\",\"valueRequired\":true,\"valueName\":\"search_term_string\"}}],\"inLanguage\":\"de\"},{\"@type\":\"Organization\",\"@id\":\"https:\\\/\\\/becooltravel.com\\\/#organization\",\"name\":\"BecoolTravel. com- Portugal\",\"url\":\"https:\\\/\\\/becooltravel.com\\\/\",\"logo\":{\"@type\":\"ImageObject\",\"inLanguage\":\"de\",\"@id\":\"https:\\\/\\\/becooltravel.com\\\/#\\\/schema\\\/logo\\\/image\\\/\",\"url\":\"https:\\\/\\\/becooltravel.com\\\/wp-content\\\/uploads\\\/sites\\\/5\\\/2020\\\/03\\\/Logo_BeCool.jpg\",\"contentUrl\":\"https:\\\/\\\/becooltravel.com\\\/wp-content\\\/uploads\\\/sites\\\/5\\\/2020\\\/03\\\/Logo_BeCool.jpg\",\"width\":534,\"height\":534,\"caption\":\"BecoolTravel. com- Portugal\"},\"image\":{\"@id\":\"https:\\\/\\\/becooltravel.com\\\/#\\\/schema\\\/logo\\\/image\\\/\"},\"sameAs\":[\"https:\\\/\\\/www.facebook.com\\\/becooltravelagency\\\/\",\"https:\\\/\\\/x.com\\\/becool_travel\",\"https:\\\/\\\/www.instagram.com\\\/becooltravel_com\\\/\",\"https:\\\/\\\/www.linkedin.com\\\/company\\\/becool-travel\\\/\",\"https:\\\/\\\/www.youtube.com\\\/channel\\\/UCE7zRU3EVG1PgfXwQo-5uJw\"]}]}<\/script>\n<!-- \/ Yoast SEO Premium plugin. -->","yoast_head_json":{"title":"Unabh\u00e4ngige Feiertage in Coimbra: Versteckte Juwelen Zentralportugals","description":"Sightseeing-Urlaub in Coimbra, der Hauptstadt von Zentralportugal, mit Reise durch das Landesinnere. voller Geschichte und Erbe.","robots":{"index":"index","follow":"follow","max-snippet":"max-snippet:-1","max-image-preview":"max-image-preview:large","max-video-preview":"max-video-preview:-1"},"canonical":"https:\/\/becooltravel.com\/de\/produkt\/coimbra-versteckte-juwelen-von-zentralportugal-53000sc\/","og_locale":"de_DE","og_type":"article","og_title":"Coimbra, a city full of history and heritage","og_description":"Spreading around the margins of the tranquil Mondego River, Coimbra, home to one of the oldest Universities in the world, it\u2019s a city full of history and heritage.From here, you\u2019ll start a journey to Serra do Bussaco, both a mountain and a botanical garden, to the Lous\u00e3 Mountains, to the quaint \u201cslate villages\u201d, and to the beautiful beaches and coastline of Figueira da Foz.Today, Coimbra is a thriving modern city cocooning an ancient centre with a vibrant and lively atmosphere thanks to the local people, the population of students from all over the country and abroad, and to visitors.Visiting Coimbra is like taking a historical journey. This ancient city was at the forefront of the Roman Empire over 2000 years ago, being the first capital of the new Kingdom of Portugal in the 12th century.","og_url":"https:\/\/becooltravel.com\/de\/produkt\/coimbra-versteckte-juwelen-von-zentralportugal-53000sc\/","og_site_name":"BeCool Travel","article_publisher":"https:\/\/www.facebook.com\/becooltravelagency\/","article_modified_time":"2026-03-18T12:22:57+00:00","og_image":[{"width":1200,"height":675,"url":"https:\/\/becooltravel.com\/wp-content\/uploads\/sites\/5\/2020\/06\/bussaco_palace_04.jpg","type":"image\/jpeg"}],"twitter_card":"summary_large_image","twitter_title":"Spend some time exploring the university quarter and the botanical gardens, amongst the oldest in the world.","twitter_description":"Admire the architecture of the city\u2019s great churches, visit its many galleries, or simply wander through the streets, soaking in the unique atmosphere of this magical living museum.With Coimbra as a centre, this self-drive holiday includes a visit to the Serra do Bussaco, which is both a mountain and a botanical garden.The site has the most diverse collection of plants and trees in the hole of Portugal, with its origins going back to the 10th century.","twitter_image":"https:\/\/i0.wp.com\/becooltravel.com\/wp-content\/uploads\/sites\/5\/2020\/06\/aldeias_xisto_01.jpg?fit=1193%2C800&ssl=1","twitter_site":"@becool_travel","twitter_misc":{"Gesch\u00e4tzte Lesezeit":"4\u00a0Minuten"},"schema":{"@context":"https:\/\/schema.org","@graph":[{"@type":["WebPage","ItemPage"],"@id":"https:\/\/becooltravel.com\/product\/coimbra-hidden-gems-of-central-portugal-53000sc\/","url":"https:\/\/becooltravel.com\/product\/coimbra-hidden-gems-of-central-portugal-53000sc\/","name":"Unabh\u00e4ngige Feiertage in Coimbra: Versteckte Juwelen Zentralportugals","isPartOf":{"@id":"https:\/\/becooltravel.com\/#website"},"primaryImageOfPage":{"@id":"https:\/\/becooltravel.com\/product\/coimbra-hidden-gems-of-central-portugal-53000sc\/#primaryimage"},"image":{"@id":"https:\/\/becooltravel.com\/product\/coimbra-hidden-gems-of-central-portugal-53000sc\/#primaryimage"},"thumbnailUrl":"https:\/\/i0.wp.com\/becooltravel.com\/wp-content\/uploads\/sites\/5\/2020\/06\/aldeias_xisto04.jpg?fit=1200%2C771&ssl=1","datePublished":"2020-05-29T11:02:17+00:00","dateModified":"2026-03-18T12:22:57+00:00","description":"Sightseeing-Urlaub in Coimbra, der Hauptstadt von Zentralportugal, mit Reise durch das Landesinnere. voller Geschichte und Erbe.","breadcrumb":{"@id":"https:\/\/becooltravel.com\/product\/coimbra-hidden-gems-of-central-portugal-53000sc\/#breadcrumb"},"inLanguage":"de","potentialAction":[{"@type":"ReadAction","target":["https:\/\/becooltravel.com\/product\/coimbra-hidden-gems-of-central-portugal-53000sc\/"]}]},{"@type":"ImageObject","inLanguage":"de","@id":"https:\/\/becooltravel.com\/product\/coimbra-hidden-gems-of-central-portugal-53000sc\/#primaryimage","url":"https:\/\/i0.wp.com\/becooltravel.com\/wp-content\/uploads\/sites\/5\/2020\/06\/aldeias_xisto04.jpg?fit=1200%2C771&ssl=1","contentUrl":"https:\/\/i0.wp.com\/becooltravel.com\/wp-content\/uploads\/sites\/5\/2020\/06\/aldeias_xisto04.jpg?fit=1200%2C771&ssl=1","width":1200,"height":771,"caption":"Schist villages in Central Portugal"},{"@type":"BreadcrumbList","@id":"https:\/\/becooltravel.com\/product\/coimbra-hidden-gems-of-central-portugal-53000sc\/#breadcrumb","itemListElement":[{"@type":"ListItem","position":1,"name":"Home","item":"https:\/\/becooltravel.com\/"},{"@type":"ListItem","position":2,"name":"Shop","item":"https:\/\/becooltravel.com\/?page_id=5"},{"@type":"ListItem","position":3,"name":"alleine reisen","item":"https:\/\/becooltravel.com\/product-tag\/alleine-reisen\/"},{"@type":"ListItem","position":4,"name":"Coimbra, a city full of history and heritage"}]},{"@type":"WebSite","@id":"https:\/\/becooltravel.com\/#website","url":"https:\/\/becooltravel.com\/","name":"BeCool Travel","description":"Nachhaltiger Urlaub in Portugal f\u00fcr Individualreisende","publisher":{"@id":"https:\/\/becooltravel.com\/#organization"},"potentialAction":[{"@type":"SearchAction","target":{"@type":"EntryPoint","urlTemplate":"https:\/\/becooltravel.com\/?s={search_term_string}"},"query-input":{"@type":"PropertyValueSpecification","valueRequired":true,"valueName":"search_term_string"}}],"inLanguage":"de"},{"@type":"Organization","@id":"https:\/\/becooltravel.com\/#organization","name":"BecoolTravel. com- Portugal","url":"https:\/\/becooltravel.com\/","logo":{"@type":"ImageObject","inLanguage":"de","@id":"https:\/\/becooltravel.com\/#\/schema\/logo\/image\/","url":"https:\/\/becooltravel.com\/wp-content\/uploads\/sites\/5\/2020\/03\/Logo_BeCool.jpg","contentUrl":"https:\/\/becooltravel.com\/wp-content\/uploads\/sites\/5\/2020\/03\/Logo_BeCool.jpg","width":534,"height":534,"caption":"BecoolTravel. com- Portugal"},"image":{"@id":"https:\/\/becooltravel.com\/#\/schema\/logo\/image\/"},"sameAs":["https:\/\/www.facebook.com\/becooltravelagency\/","https:\/\/x.com\/becool_travel","https:\/\/www.instagram.com\/becooltravel_com\/","https:\/\/www.linkedin.com\/company\/becool-travel\/","https:\/\/www.youtube.com\/channel\/UCE7zRU3EVG1PgfXwQo-5uJw"]}]}},"jetpack_sharing_enabled":true,"_links":{"self":[{"href":"https:\/\/becooltravel.com\/de\/wp-json\/wp\/v2\/product\/5010","targetHints":{"allow":["GET"]}}],"collection":[{"href":"https:\/\/becooltravel.com\/de\/wp-json\/wp\/v2\/product"}],"about":[{"href":"https:\/\/becooltravel.com\/de\/wp-json\/wp\/v2\/types\/product"}],"replies":[{"embeddable":true,"href":"https:\/\/becooltravel.com\/de\/wp-json\/wp\/v2\/comments?post=5010"}],"wp:featuredmedia":[{"embeddable":true,"href":"https:\/\/becooltravel.com\/de\/wp-json\/wp\/v2\/media\/5298"}],"wp:attachment":[{"href":"https:\/\/becooltravel.com\/de\/wp-json\/wp\/v2\/media?parent=5010"}],"wp:term":[{"taxonomy":"product_brand","embeddable":true,"href":"https:\/\/becooltravel.com\/de\/wp-json\/wp\/v2\/product_brand?post=5010"},{"taxonomy":"product_cat","embeddable":true,"href":"https:\/\/becooltravel.com\/de\/wp-json\/wp\/v2\/product_cat?post=5010"},{"taxonomy":"product_tag","embeddable":true,"href":"https:\/\/becooltravel.com\/de\/wp-json\/wp\/v2\/product_tag?post=5010"}],"curies":[{"name":"wp","href":"https:\/\/api.w.org\/{rel}","templated":true}]}}