{"id":5074,"date":"2020-06-02T13:46:35","date_gmt":"2020-06-02T13:46:35","guid":{"rendered":"https:\/\/becooltravel.com\/product\/tavira-the-east-algarve-culture-heritage-54000sc\/"},"modified":"2026-03-18T12:00:13","modified_gmt":"2026-03-18T12:00:13","slug":"tavira-the-east-algarve-culture-heritage-54000sc","status":"publish","type":"product","link":"https:\/\/becooltravel.com\/de\/produkt\/tavira-der-ost-algarve-kultur-erbe-54000sc\/","title":{"rendered":"Tavira Self-Drive Holidays: Die Kultur und das Erbe der Ostalgarve"},"content":{"rendered":"<p>Die Ostalgarve ist der weniger touristische Teil dieses weltber\u00fchmten Ferienortes in Portugal.<\/p>\n<p>Das blaue Wasser des Atlantiks, die goldenen Sandstr\u00e4nde, die Ria Formosa, die exquisite Gastronomie, die freundlichen Menschen, all dies ist weithin bekannt. Aber es gibt immer noch geheime Orte, Landschaften, die aufgedeckt werden m\u00fcssen, und Wege und Traditionen, die vielen unbekannt sind.<\/p>\n<p>Diese ma\u00dfgeschneiderte Tour mit Sitz in Tavira wurde von Anwohnern entworfen. Sie erhalten eine einzigartige Erfahrung des nat\u00fcrlichen, menschlichen und kulturellen Erbes der Ostalgarve.<\/p>\n<div id=\"attachment_1837\" style=\"width: 1034px\" class=\"wp-caption alignnone\"><img data-recalc-dims=\"1\" decoding=\"async\" aria-describedby=\"caption-attachment-1837\" class=\"wp-image-1837 size-large\" src=\"https:\/\/i0.wp.com\/legendatours.net\/wp-content\/uploads\/2020\/03\/Cork-in-Serra-do-Caldeirao-Algarve-1-1024x768.jpg?resize=1024%2C768&#038;ssl=1\" alt=\"Kork in Serra do Caldeirao Algarve\" width=\"1024\" height=\"768\" \/><p id=\"caption-attachment-1837\" class=\"wp-caption-text\">Kork in der Serra do Caldeir\u00e3o Algarve. Portugal ist der gr\u00f6\u00dfte Korkproduzent der Welt<\/p><\/div>\n<p>Tavira an den S\u00fcdh\u00e4ngen der Serra do Caldeir\u00e3o ist eine malerische Stadt, umgeben von einer Landschaft voller Oliven-, Mandel-, Feigen-, Johannisbrot- und Palmenb\u00e4ume.<\/p>\n<p>Tavira ist von seiner historischen Vergangenheit gepr\u00e4gt und hat ein attraktives Flussufer und eine ruhige Atmosph\u00e4re. Der Fluss Gil\u00e3o \u00f6ffnet sich zur Ria Formosa, einem Lagunensystem von gro\u00dfer nat\u00fcrlicher Sch\u00f6nheit.<\/p>\n<p>Diese unabh\u00e4ngige Tour gibt Ihnen einen Einblick in die Bedeutung des traditionellen Fischfangs in der Ria Formosa und bietet die M\u00f6glichkeit, mit Fachwissen und Einfachheit zubereitete Meeresspezialit\u00e4ten zu probieren.<\/p>\n<p>Sie werden die frischen Austern, die Tintenfischeint\u00f6pfe, die Rasiermessermuscheln und die Thunfischgerichte nicht vergessen. Die Variationen sind exklusiv in dieser Region, wo das Fangen und Kochen der Fr\u00fcchte des Meeres eine wahre Kunst ist.<\/p>\n<div id=\"attachment_1775\" style=\"width: 1034px\" class=\"wp-caption alignnone\"><img data-recalc-dims=\"1\" decoding=\"async\" aria-describedby=\"caption-attachment-1775\" class=\"wp-image-1775 size-large\" src=\"https:\/\/i0.wp.com\/legendatours.net\/wp-content\/uploads\/2020\/03\/Amazing-view-in-Cacela-1024x685.jpg?resize=1024%2C685&#038;ssl=1\" alt=\"Erstaunliche Aussicht in Cacela\" width=\"1024\" height=\"685\" \/><p id=\"caption-attachment-1775\" class=\"wp-caption-text\">Erstaunliche Aussicht in Cacela. Neben der Kirche hat man den besten Blick auf die Ria Formosa.<\/p><\/div>\n<p>Wenn Sie nach Osten ziehen, besuchen Sie Cacela Velha, ein charmantes wei\u00df-blaues K\u00fcstendorf mit der einzigen Klippe an der Ostalgarve und der wohl sch\u00f6nsten Aussicht, die Sie auf dieser Tour sehen werden.<\/p>\n<p>Sie sehen sich Vila Real de Santo Ant\u00f3nio genauer an, eine Stadt, die 1774 nach den Prinzipien der Aufkl\u00e4rung gegr\u00fcndet wurde. Es wurde nach dem verheerenden Erdbeben von 1755 als Nachbildung der Stra\u00dfenf\u00fchrung im Zentrum von Lissabon erbaut.<\/p>\n<p>Die Ausfl\u00fcge ins Landesinnere zu den H\u00fcgeln oberhalb von Tavira werden den Reiz verschlafener D\u00f6rfer wie Cachopo mit wei\u00df get\u00fcnchten H\u00e4usern mit markant verzierten Br\u00fcstungen in den Fassaden aufdecken. Einige Hautterrassen (A\u00e7oteias), die zum Trocknen von Feigen und anderen Produkten verwendet werden, mit Techniken zur Erhaltung der Vorfahren. Andere sind rein dekorativ und ein Zeichen f\u00fcr den Reichtum und das Ansehen des Hausbesitzers.<\/p>\n<p>S. Bras de Alportel, ein weiterer Stopp auf unserer Reiseroute, ist ber\u00fchmt f\u00fcr die Korkproduktion, bei der die Baumrinde in ein nachhaltiges und \u00f6kologisches Produkt umgewandelt wird. Die Qualit\u00e4t des Korks aus dieser Region ist weltweit f\u00fcr unz\u00e4hlige Anwendungen bekannt.<\/p>\n<p>Sie folgen dann den gr\u00fcnen H\u00fcgeln am Guadiana-Fluss, um Alcoutim zu erreichen. San Lucar del Guadiana ist die spanische Stadt am gegen\u00fcberliegenden Ufer.<\/p>\n<div id=\"attachment_1869\" style=\"width: 1034px\" class=\"wp-caption alignnone\"><img data-recalc-dims=\"1\" decoding=\"async\" aria-describedby=\"caption-attachment-1869\" class=\"wp-image-1869 size-large\" src=\"https:\/\/i0.wp.com\/legendatours.net\/wp-content\/uploads\/2020\/03\/alcoutim-1024x680.jpg?resize=1024%2C680&#038;ssl=1\" alt=\"Alcoutim und der Fluss Guadiana\" width=\"1024\" height=\"680\" \/><p id=\"caption-attachment-1869\" class=\"wp-caption-text\">Alcoutim und der Fluss Guadiana, auf der portugiesischen Seite des Flusses Guadiana, der Portugal von Spanien trennt<\/p><\/div>\n<p>Das Schloss von Alcoutim wurde im 16. Jahrhundert erbaut, und von den perfekt gepflegten G\u00e4rten haben Sie einen hervorragenden Aussichtspunkt. Um die Burg ranken sich unz\u00e4hlige Legenden, die von tapferen Rittern und wundersch\u00f6nen maurischen Prinzessinnen erz\u00e4hlen, die in ihrer Liebe frustriert und verzaubert sind.<\/p>\n<p>Um Ihre Erfahrung abzurunden, gibt es einen Tag an der Westalgarve, ein wahrer Genuss! Sie werden eine v\u00f6llig andere Landschaft sehen, mit felsigen H\u00f6hlen und Klippen entlang der Atlantikk\u00fcste.<\/p>\n<p>Besuchen Sie Ferragudo, Vila do Bispo und Sagres, das legend\u00e4re Vorgebirge, von wo aus der epische Traum der Entdeckungen begann.<\/p>\n<p>Die Klippen von Cape S. Vicent, dem s\u00fcdwestlichsten Punkt Portugals und Europas, sind schwindelerregende 60 Meter hoch und fallen in den w\u00fctenden Wellenstrahl.<\/p>\n<p>Sie k\u00f6nnen von oben sehen, wie wilde M\u00e4nner auf die Felsen klettern und den Wellen des Atlantiks trotzen, um G\u00e4nsehaut in einem sehr gef\u00e4hrlichen Fang zu ernten.<br \/>\nDies ist eine sorgf\u00e4ltig gestaltete Selbstfahrertour, bei der die Vergangenheit mit der Gegenwart verschmilzt und jeden Moment zu einer bleibenden Erinnerung macht: Kommen Sie als Besucher an, aber gehen Sie als Einheimischer!<\/p>\n<div class=\"row\" style=\"display: flex;\">\n<div class=\"column\" style=\"flex: 45%;\"><\/div>\n<div class=\"column\" style=\"flex: 10%;\"><\/div>\n<div class=\"column\" style=\"flex: 45%;\"><\/div>\n<\/div>","protected":false},"excerpt":{"rendered":"<p>Die Ostalgarve ist der weniger touristische Teil des weltber\u00fchmten Ferienortes in Portugal.<\/p>\n<p>Das blaue Wasser des Atlantiks, die goldenen Sandstr\u00e4nde, die Ria Formosa, die exquisite Gastronomie, die freundlichen Menschen, all dies ist weithin bekannt. Aber es gibt immer noch geheime Orte, Landschaften, die aufgedeckt werden m\u00fcssen, und Wege und Traditionen, die vielen unbekannt sind.<\/p>\n<p>Diese ma\u00dfgeschneiderte Tour mit Sitz in Tavira wurde von Anwohnern entworfen. Sie erhalten eine einzigartige Erfahrung des nat\u00fcrlichen, menschlichen und kulturellen Erbes der Ostalgarve.<\/p>","protected":false},"featured_media":4628,"comment_status":"closed","ping_status":"closed","template":"","meta":{"_acf_changed":false,"inline_featured_image":false},"product_brand":[],"product_cat":[673,336,327],"product_tag":[1053,794,859,858,127,400,418,391,849,255,798,784,785,131,861,862,863,864,865,866,867,95,868,800,1054,802,179,478,803,869,790,818,870,580,1055,872,1048,322,856,813,609,1056,252,138,1057,834,821,871,398,1058,1059,793],"class_list":{"0":"post-5074","1":"product","2":"type-product","3":"status-publish","4":"has-post-thumbnail","6":"product_cat-self-drive-holidays-portugal","7":"product_cat-self-guided-sightseeing-holidays-in-portugal","8":"product_cat-self-guided-tours-portugal","9":"product_tag-alleine-reisen","10":"product_tag-almonds","11":"product_tag-barranco-do-velho","12":"product_tag-cabanas-de-tavira","13":"product_tag-cacela-velha","14":"product_tag-cachopo","15":"product_tag-carob-trees","16":"product_tag-castro-marim","17":"product_tag-central-portugal","18":"product_tag-cork-trees","19":"product_tag-countryside","20":"product_tag-culture","21":"product_tag-delicious-food","22":"product_tag-east-algarve","23":"product_tag-eastern-algarve","24":"product_tag-ferragudo","25":"product_tag-figs","26":"product_tag-fishing-heritage","27":"product_tag-foz-de-odeleite","28":"product_tag-golden-sandy-beaches","29":"product_tag-gorges","30":"product_tag-guadiana-river","31":"product_tag-guerreiros-do-rio","32":"product_tag-history","33":"product_tag-individuelle-touren","34":"product_tag-lush-green-hills","35":"product_tag-monte-gordo","36":"product_tag-natural-park","37":"product_tag-olives","38":"product_tag-palm-trees","39":"product_tag-picturesque-landscapes","40":"product_tag-protected-area","41":"product_tag-santa-rita","42":"product_tag-sao-bras-de-alportel","43":"product_tag-sejour-en-liberte","44":"product_tag-self-drive-holiday","45":"product_tag-self-guide-tour","46":"product_tag-self-guided","47":"product_tag-self-guided-holiday","48":"product_tag-serra-do-caldeirao","49":"product_tag-sightseeing","50":"product_tag-solo-reisen","51":"product_tag-tavira","52":"product_tag-tavira-island","53":"product_tag-tours-autoguidees","54":"product_tag-undulating-plains","55":"product_tag-valleys","56":"product_tag-vila-do-vispo","57":"product_tag-vila-real-de-santo-antonio","58":"product_tag-voyage-en-liberte","59":"product_tag-voyages-en-autonomie","60":"product_tag-wines","62":"first","63":"instock","64":"virtual","65":"product-type-simple"},"acf":[],"yoast_head":"<!-- This site is optimized with the Yoast SEO Premium plugin v26.8 (Yoast SEO v27.4) - https:\/\/yoast.com\/product\/yoast-seo-premium-wordpress\/ -->\n<title>Tavira Self-Drive Holidays: The East Algarve Culture &amp; Heritage<\/title>\n<meta name=\"description\" content=\"Self-drive Holiday based in Tavira, Visit golden sandy beaches, the Ria Formosa, the exquisite gastronomy. You\u2019ll get a one-of-a-kind experience of the East Algarve.\" \/>\n<meta name=\"robots\" content=\"index, follow, max-snippet:-1, max-image-preview:large, max-video-preview:-1\" \/>\n<link rel=\"canonical\" href=\"https:\/\/becooltravel.com\/de\/produkt\/tavira-der-ost-algarve-kultur-erbe-54000sc\/\" \/>\n<meta property=\"og:locale\" content=\"de_DE\" \/>\n<meta property=\"og:type\" content=\"article\" \/>\n<meta property=\"og:title\" content=\"This tailored tour based in Tavira is designed by local residents. You\u2019ll get a one-of-a-kind experience into the natural, human, and cultural heritage of the East Algarve.\" \/>\n<meta property=\"og:description\" content=\"Ria Formosa, the exquisite gastronomy, the friendly people, all of this is widely known. But there are still secret spots, landscapes to be uncovered, and ways and traditions unknown to many.This tailored tour based in Tavira is designed by local residents. You\u2019ll get a one-of-a-kind experience into the natural, human, and cultural heritage of the East Algarve.\" \/>\n<meta property=\"og:url\" content=\"https:\/\/becooltravel.com\/de\/produkt\/tavira-der-ost-algarve-kultur-erbe-54000sc\/\" \/>\n<meta property=\"og:site_name\" content=\"BeCool Travel\" \/>\n<meta property=\"article:publisher\" content=\"https:\/\/www.facebook.com\/becooltravelagency\/\" \/>\n<meta property=\"article:modified_time\" content=\"2026-03-18T12:00:13+00:00\" \/>\n<meta property=\"og:image\" content=\"https:\/\/becooltravel.com\/wp-content\/uploads\/sites\/5\/2020\/05\/Colourful_fishing_boat_Ria_Formosa.jpg\" \/>\n\t<meta property=\"og:image:width\" content=\"1192\" \/>\n\t<meta property=\"og:image:height\" content=\"800\" \/>\n\t<meta property=\"og:image:type\" content=\"image\/jpeg\" \/>\n<meta name=\"twitter:card\" content=\"summary_large_image\" \/>\n<meta name=\"twitter:title\" content=\"You won\u2019t forget the fresh oysters, the octopus stews, the razor clams, the tuna dishes, with variations exclusive to this region, where catching and cooking the fruits of the sea is a true art.Moving eastwards, you\u2019ll visit Cacela Velha, a charming white and blue coastal village, with the only cliff in the East Algarve, and arguably the most splendid view you\u2019ll see on this tour.You\u2019ll take a closer look at Vila Real de Santo Ant\u00f3nio, a city founded in 1774, under the Enlightenment principles. It was built as a replica of the central Lisbon\u2019s street layout after the 1755\" \/>\n<meta name=\"twitter:description\" content=\"This tailored tour based in Tavira is designed by local residents. You\u2019ll get a one-of-a-kind experience into the natural, human, and cultural heritage of the East Algarve.\" \/>\n<meta name=\"twitter:image\" content=\"https:\/\/i0.wp.com\/becooltravel.com\/wp-content\/uploads\/sites\/5\/2020\/05\/Anchor-cemetery-in-Barril-Beach.jpg?fit=1192%2C800&ssl=1\" \/>\n<meta name=\"twitter:site\" content=\"@becool_travel\" \/>\n<meta name=\"twitter:label1\" content=\"Gesch\u00e4tzte Lesezeit\" \/>\n\t<meta name=\"twitter:data1\" content=\"4\u00a0Minuten\" \/>\n<script type=\"application\/ld+json\" class=\"yoast-schema-graph\">{\"@context\":\"https:\\\/\\\/schema.org\",\"@graph\":[{\"@type\":[\"WebPage\",\"ItemPage\"],\"@id\":\"https:\\\/\\\/becooltravel.com\\\/product\\\/tavira-the-east-algarve-culture-heritage-54000sc\\\/\",\"url\":\"https:\\\/\\\/becooltravel.com\\\/product\\\/tavira-the-east-algarve-culture-heritage-54000sc\\\/\",\"name\":\"Tavira Self-Drive Holidays: The East Algarve Culture &amp; Heritage\",\"isPartOf\":{\"@id\":\"https:\\\/\\\/becooltravel.com\\\/#website\"},\"primaryImageOfPage\":{\"@id\":\"https:\\\/\\\/becooltravel.com\\\/product\\\/tavira-the-east-algarve-culture-heritage-54000sc\\\/#primaryimage\"},\"image\":{\"@id\":\"https:\\\/\\\/becooltravel.com\\\/product\\\/tavira-the-east-algarve-culture-heritage-54000sc\\\/#primaryimage\"},\"thumbnailUrl\":\"https:\\\/\\\/i0.wp.com\\\/becooltravel.com\\\/wp-content\\\/uploads\\\/sites\\\/5\\\/2020\\\/05\\\/Colourful-fishing-boat-in-Santa-Luzia-walking-tour.jpg?fit=1192%2C800&ssl=1\",\"datePublished\":\"2020-06-02T13:46:35+00:00\",\"dateModified\":\"2026-03-18T12:00:13+00:00\",\"description\":\"Self-drive Holiday based in Tavira, Visit golden sandy beaches, the Ria Formosa, the exquisite gastronomy. You\u2019ll get a one-of-a-kind experience of the East Algarve.\",\"breadcrumb\":{\"@id\":\"https:\\\/\\\/becooltravel.com\\\/product\\\/tavira-the-east-algarve-culture-heritage-54000sc\\\/#breadcrumb\"},\"inLanguage\":\"de\",\"potentialAction\":[{\"@type\":\"ReadAction\",\"target\":[\"https:\\\/\\\/becooltravel.com\\\/product\\\/tavira-the-east-algarve-culture-heritage-54000sc\\\/\"]}]},{\"@type\":\"ImageObject\",\"inLanguage\":\"de\",\"@id\":\"https:\\\/\\\/becooltravel.com\\\/product\\\/tavira-the-east-algarve-culture-heritage-54000sc\\\/#primaryimage\",\"url\":\"https:\\\/\\\/i0.wp.com\\\/becooltravel.com\\\/wp-content\\\/uploads\\\/sites\\\/5\\\/2020\\\/05\\\/Colourful-fishing-boat-in-Santa-Luzia-walking-tour.jpg?fit=1192%2C800&ssl=1\",\"contentUrl\":\"https:\\\/\\\/i0.wp.com\\\/becooltravel.com\\\/wp-content\\\/uploads\\\/sites\\\/5\\\/2020\\\/05\\\/Colourful-fishing-boat-in-Santa-Luzia-walking-tour.jpg?fit=1192%2C800&ssl=1\",\"width\":1192,\"height\":800,\"caption\":\"Colourful fishing boat in Santa Luzia\"},{\"@type\":\"BreadcrumbList\",\"@id\":\"https:\\\/\\\/becooltravel.com\\\/product\\\/tavira-the-east-algarve-culture-heritage-54000sc\\\/#breadcrumb\",\"itemListElement\":[{\"@type\":\"ListItem\",\"position\":1,\"name\":\"Home\",\"item\":\"https:\\\/\\\/becooltravel.com\\\/\"},{\"@type\":\"ListItem\",\"position\":2,\"name\":\"Shop\",\"item\":\"https:\\\/\\\/becooltravel.com\\\/?page_id=5\"},{\"@type\":\"ListItem\",\"position\":3,\"name\":\"alleine reisen\",\"item\":\"https:\\\/\\\/becooltravel.com\\\/product-tag\\\/alleine-reisen\\\/\"},{\"@type\":\"ListItem\",\"position\":4,\"name\":\"Self-guided Walking Tour Tavira East Algarve is the less touristic part of the world-famous resort in Portugal.\"}]},{\"@type\":\"WebSite\",\"@id\":\"https:\\\/\\\/becooltravel.com\\\/#website\",\"url\":\"https:\\\/\\\/becooltravel.com\\\/\",\"name\":\"BeCool Travel\",\"description\":\"Sustainable holidays in Portugal for independent travelers\",\"publisher\":{\"@id\":\"https:\\\/\\\/becooltravel.com\\\/#organization\"},\"potentialAction\":[{\"@type\":\"SearchAction\",\"target\":{\"@type\":\"EntryPoint\",\"urlTemplate\":\"https:\\\/\\\/becooltravel.com\\\/?s={search_term_string}\"},\"query-input\":{\"@type\":\"PropertyValueSpecification\",\"valueRequired\":true,\"valueName\":\"search_term_string\"}}],\"inLanguage\":\"de\"},{\"@type\":\"Organization\",\"@id\":\"https:\\\/\\\/becooltravel.com\\\/#organization\",\"name\":\"BecoolTravel. com- Portugal\",\"url\":\"https:\\\/\\\/becooltravel.com\\\/\",\"logo\":{\"@type\":\"ImageObject\",\"inLanguage\":\"de\",\"@id\":\"https:\\\/\\\/becooltravel.com\\\/#\\\/schema\\\/logo\\\/image\\\/\",\"url\":\"https:\\\/\\\/becooltravel.com\\\/wp-content\\\/uploads\\\/sites\\\/5\\\/2020\\\/03\\\/Logo_BeCool.jpg\",\"contentUrl\":\"https:\\\/\\\/becooltravel.com\\\/wp-content\\\/uploads\\\/sites\\\/5\\\/2020\\\/03\\\/Logo_BeCool.jpg\",\"width\":534,\"height\":534,\"caption\":\"BecoolTravel. com- Portugal\"},\"image\":{\"@id\":\"https:\\\/\\\/becooltravel.com\\\/#\\\/schema\\\/logo\\\/image\\\/\"},\"sameAs\":[\"https:\\\/\\\/www.facebook.com\\\/becooltravelagency\\\/\",\"https:\\\/\\\/x.com\\\/becool_travel\",\"https:\\\/\\\/www.instagram.com\\\/becooltravel_com\\\/\",\"https:\\\/\\\/www.linkedin.com\\\/company\\\/becool-travel\\\/\",\"https:\\\/\\\/www.youtube.com\\\/channel\\\/UCE7zRU3EVG1PgfXwQo-5uJw\"]}]}<\/script>\n<!-- \/ Yoast SEO Premium plugin. -->","yoast_head_json":{"title":"Tavira Self-Drive Holidays: Die Kultur und das Erbe der Ostalgarve","description":"Selbstfahrerurlaub in Tavira, Besuchen Sie goldene Sandstr\u00e4nde, die Ria Formosa, die exquisite Gastronomie. Sie erhalten ein einzigartiges Erlebnis der Ostalgarve.","robots":{"index":"index","follow":"follow","max-snippet":"max-snippet:-1","max-image-preview":"max-image-preview:large","max-video-preview":"max-video-preview:-1"},"canonical":"https:\/\/becooltravel.com\/de\/produkt\/tavira-der-ost-algarve-kultur-erbe-54000sc\/","og_locale":"de_DE","og_type":"article","og_title":"This tailored tour based in Tavira is designed by local residents. You\u2019ll get a one-of-a-kind experience into the natural, human, and cultural heritage of the East Algarve.","og_description":"Ria Formosa, the exquisite gastronomy, the friendly people, all of this is widely known. But there are still secret spots, landscapes to be uncovered, and ways and traditions unknown to many.This tailored tour based in Tavira is designed by local residents. You\u2019ll get a one-of-a-kind experience into the natural, human, and cultural heritage of the East Algarve.","og_url":"https:\/\/becooltravel.com\/de\/produkt\/tavira-der-ost-algarve-kultur-erbe-54000sc\/","og_site_name":"BeCool Travel","article_publisher":"https:\/\/www.facebook.com\/becooltravelagency\/","article_modified_time":"2026-03-18T12:00:13+00:00","og_image":[{"width":1192,"height":800,"url":"https:\/\/becooltravel.com\/wp-content\/uploads\/sites\/5\/2020\/05\/Colourful_fishing_boat_Ria_Formosa.jpg","type":"image\/jpeg"}],"twitter_card":"summary_large_image","twitter_title":"You won\u2019t forget the fresh oysters, the octopus stews, the razor clams, the tuna dishes, with variations exclusive to this region, where catching and cooking the fruits of the sea is a true art.Moving eastwards, you\u2019ll visit Cacela Velha, a charming white and blue coastal village, with the only cliff in the East Algarve, and arguably the most splendid view you\u2019ll see on this tour.You\u2019ll take a closer look at Vila Real de Santo Ant\u00f3nio, a city founded in 1774, under the Enlightenment principles. It was built as a replica of the central Lisbon\u2019s street layout after the 1755","twitter_description":"This tailored tour based in Tavira is designed by local residents. You\u2019ll get a one-of-a-kind experience into the natural, human, and cultural heritage of the East Algarve.","twitter_image":"https:\/\/i0.wp.com\/becooltravel.com\/wp-content\/uploads\/sites\/5\/2020\/05\/Anchor-cemetery-in-Barril-Beach.jpg?fit=1192%2C800&ssl=1","twitter_site":"@becool_travel","twitter_misc":{"Gesch\u00e4tzte Lesezeit":"4\u00a0Minuten"},"schema":{"@context":"https:\/\/schema.org","@graph":[{"@type":["WebPage","ItemPage"],"@id":"https:\/\/becooltravel.com\/product\/tavira-the-east-algarve-culture-heritage-54000sc\/","url":"https:\/\/becooltravel.com\/product\/tavira-the-east-algarve-culture-heritage-54000sc\/","name":"Tavira Self-Drive Holidays: Die Kultur und das Erbe der Ostalgarve","isPartOf":{"@id":"https:\/\/becooltravel.com\/#website"},"primaryImageOfPage":{"@id":"https:\/\/becooltravel.com\/product\/tavira-the-east-algarve-culture-heritage-54000sc\/#primaryimage"},"image":{"@id":"https:\/\/becooltravel.com\/product\/tavira-the-east-algarve-culture-heritage-54000sc\/#primaryimage"},"thumbnailUrl":"https:\/\/i0.wp.com\/becooltravel.com\/wp-content\/uploads\/sites\/5\/2020\/05\/Colourful-fishing-boat-in-Santa-Luzia-walking-tour.jpg?fit=1192%2C800&ssl=1","datePublished":"2020-06-02T13:46:35+00:00","dateModified":"2026-03-18T12:00:13+00:00","description":"Selbstfahrerurlaub in Tavira, Besuchen Sie goldene Sandstr\u00e4nde, die Ria Formosa, die exquisite Gastronomie. Sie erhalten ein einzigartiges Erlebnis der Ostalgarve.","breadcrumb":{"@id":"https:\/\/becooltravel.com\/product\/tavira-the-east-algarve-culture-heritage-54000sc\/#breadcrumb"},"inLanguage":"de","potentialAction":[{"@type":"ReadAction","target":["https:\/\/becooltravel.com\/product\/tavira-the-east-algarve-culture-heritage-54000sc\/"]}]},{"@type":"ImageObject","inLanguage":"de","@id":"https:\/\/becooltravel.com\/product\/tavira-the-east-algarve-culture-heritage-54000sc\/#primaryimage","url":"https:\/\/i0.wp.com\/becooltravel.com\/wp-content\/uploads\/sites\/5\/2020\/05\/Colourful-fishing-boat-in-Santa-Luzia-walking-tour.jpg?fit=1192%2C800&ssl=1","contentUrl":"https:\/\/i0.wp.com\/becooltravel.com\/wp-content\/uploads\/sites\/5\/2020\/05\/Colourful-fishing-boat-in-Santa-Luzia-walking-tour.jpg?fit=1192%2C800&ssl=1","width":1192,"height":800,"caption":"Colourful fishing boat in Santa Luzia"},{"@type":"BreadcrumbList","@id":"https:\/\/becooltravel.com\/product\/tavira-the-east-algarve-culture-heritage-54000sc\/#breadcrumb","itemListElement":[{"@type":"ListItem","position":1,"name":"Home","item":"https:\/\/becooltravel.com\/"},{"@type":"ListItem","position":2,"name":"Shop","item":"https:\/\/becooltravel.com\/?page_id=5"},{"@type":"ListItem","position":3,"name":"alleine reisen","item":"https:\/\/becooltravel.com\/product-tag\/alleine-reisen\/"},{"@type":"ListItem","position":4,"name":"Self-guided Walking Tour Tavira East Algarve is the less touristic part of the world-famous resort in Portugal."}]},{"@type":"WebSite","@id":"https:\/\/becooltravel.com\/#website","url":"https:\/\/becooltravel.com\/","name":"BeCool Travel","description":"Nachhaltiger Urlaub in Portugal f\u00fcr Individualreisende","publisher":{"@id":"https:\/\/becooltravel.com\/#organization"},"potentialAction":[{"@type":"SearchAction","target":{"@type":"EntryPoint","urlTemplate":"https:\/\/becooltravel.com\/?s={search_term_string}"},"query-input":{"@type":"PropertyValueSpecification","valueRequired":true,"valueName":"search_term_string"}}],"inLanguage":"de"},{"@type":"Organization","@id":"https:\/\/becooltravel.com\/#organization","name":"BecoolTravel. com- Portugal","url":"https:\/\/becooltravel.com\/","logo":{"@type":"ImageObject","inLanguage":"de","@id":"https:\/\/becooltravel.com\/#\/schema\/logo\/image\/","url":"https:\/\/becooltravel.com\/wp-content\/uploads\/sites\/5\/2020\/03\/Logo_BeCool.jpg","contentUrl":"https:\/\/becooltravel.com\/wp-content\/uploads\/sites\/5\/2020\/03\/Logo_BeCool.jpg","width":534,"height":534,"caption":"BecoolTravel. com- Portugal"},"image":{"@id":"https:\/\/becooltravel.com\/#\/schema\/logo\/image\/"},"sameAs":["https:\/\/www.facebook.com\/becooltravelagency\/","https:\/\/x.com\/becool_travel","https:\/\/www.instagram.com\/becooltravel_com\/","https:\/\/www.linkedin.com\/company\/becool-travel\/","https:\/\/www.youtube.com\/channel\/UCE7zRU3EVG1PgfXwQo-5uJw"]}]}},"jetpack_sharing_enabled":true,"_links":{"self":[{"href":"https:\/\/becooltravel.com\/de\/wp-json\/wp\/v2\/product\/5074","targetHints":{"allow":["GET"]}}],"collection":[{"href":"https:\/\/becooltravel.com\/de\/wp-json\/wp\/v2\/product"}],"about":[{"href":"https:\/\/becooltravel.com\/de\/wp-json\/wp\/v2\/types\/product"}],"replies":[{"embeddable":true,"href":"https:\/\/becooltravel.com\/de\/wp-json\/wp\/v2\/comments?post=5074"}],"wp:featuredmedia":[{"embeddable":true,"href":"https:\/\/becooltravel.com\/de\/wp-json\/wp\/v2\/media\/4628"}],"wp:attachment":[{"href":"https:\/\/becooltravel.com\/de\/wp-json\/wp\/v2\/media?parent=5074"}],"wp:term":[{"taxonomy":"product_brand","embeddable":true,"href":"https:\/\/becooltravel.com\/de\/wp-json\/wp\/v2\/product_brand?post=5074"},{"taxonomy":"product_cat","embeddable":true,"href":"https:\/\/becooltravel.com\/de\/wp-json\/wp\/v2\/product_cat?post=5074"},{"taxonomy":"product_tag","embeddable":true,"href":"https:\/\/becooltravel.com\/de\/wp-json\/wp\/v2\/product_tag?post=5074"}],"curies":[{"name":"wp","href":"https:\/\/api.w.org\/{rel}","templated":true}]}}