{"id":5075,"date":"2020-06-02T14:30:26","date_gmt":"2020-06-02T14:30:26","guid":{"rendered":"https:\/\/becooltravel.com\/product\/tavira-experience-the-east-algarve-54001sc\/"},"modified":"2026-03-18T12:16:39","modified_gmt":"2026-03-18T12:16:39","slug":"tavira-experience-the-east-algarve-54001sc","status":"publish","type":"product","link":"https:\/\/becooltravel.com\/de\/produkt\/tavira-erfahrung-der-ost-algarve-54001sc\/","title":{"rendered":"Tavira Self-Drive Road Trip: Erleben Sie die Ostalgarve"},"content":{"rendered":"<p>Tavira, die Basis f\u00fcr diesen Roadtrip mit dem Auto, ist eine friedliche K\u00fcstenstadt an der Ostalgarve.<\/p>\n<p>Von hier aus entdecken Sie herrliche K\u00fcstenlandschaften, unerwartete Landschaften und Lebensweisen im Landesinneren sowie charmante historische <a href=\"https:\/\/becooltravel.com\/product\/albufeira-uncover-the-central-algarve-55000sc\/\">St\u00e4dte<\/a>.<\/p>\n<p>Diese ma\u00dfgeschneiderte Tour wurde von Anwohnern entworfen und bietet ein einzigartiges Erlebnis des nat\u00fcrlichen, menschlichen und kulturellen Erbes dieser Region.<\/p>\n<div id=\"attachment_1776\" style=\"width: 1034px\" class=\"wp-caption alignnone\"><img data-recalc-dims=\"1\" decoding=\"async\" aria-describedby=\"caption-attachment-1776\" class=\"wp-image-1776 size-large\" src=\"https:\/\/i0.wp.com\/legendatours.net\/wp-content\/uploads\/2020\/03\/Anchor-cemetery-in-Barril-Beach-1024x687.jpg?resize=1024%2C687&#038;ssl=1\" alt=\"Ankerfriedhof in Barril Beach Tavira\" width=\"1024\" height=\"687\" \/><p id=\"caption-attachment-1776\" class=\"wp-caption-text\">Ankerfriedhof in Barril Beach Tavira. Diese seltsame Anordnung der Anker ist in der Tat eine Art Denkmal f\u00fcr die verlorene Thunfischindustrie, die einst hier gedieh.<\/p><\/div>\n<p>Das blaue Wasser des Atlantiks, die goldenen Sandstr\u00e4nde, die Ria Formosa, die exquisite Gastronomie und die freundlichen Menschen \u2013 all diese Merkmale der Algarve sind weithin bekannt.<\/p>\n<p>Aber es gibt immer noch geheime Orte, Landschaften, die aufgedeckt werden m\u00fcssen, und Wege und Traditionen, die vielen unbekannt sind.<\/p>\n<p>Tavira an den S\u00fcdh\u00e4ngen der Serra do Caldeir\u00e3o ist eine malerische Stadt, umgeben von einer Landschaft voller Oliven-, Mandel-, Feigen-, Johannisbrot- und Palmenb\u00e4ume.<\/p>\n<p>Tavira ist von seiner historischen Vergangenheit gepr\u00e4gt und hat ein attraktives Flussufer und eine ruhige Atmosph\u00e4re. Der Fluss Gil\u00e3o \u00f6ffnet sich zur Ria Formosa, einem Lagunensystem von gro\u00dfer nat\u00fcrlicher Sch\u00f6nheit.<\/p>\n<p>Diese unabh\u00e4ngige Tour gibt Ihnen einen Einblick in die Bedeutung des traditionellen Fischfangs in der Ria Formosa und bietet die M\u00f6glichkeit, mit Fachwissen und Einfachheit zubereitete Meeresspezialit\u00e4ten zu probieren.<\/p>\n<p>Sie werden die frischen Austern, die Tintenfischeint\u00f6pfe, die Schwertmuscheln und die Thunfischgerichte mit ihren Variationen, die es nur in dieser Region gibt, wo das Fangen und Zubereiten der Fr\u00fcchte des Meeres eine wahre Kunst ist, nicht vergessen.<\/p>\n<div id=\"attachment_928\" style=\"width: 1034px\" class=\"wp-caption alignnone\"><img data-recalc-dims=\"1\" decoding=\"async\" aria-describedby=\"caption-attachment-928\" class=\"wp-image-928 size-large\" src=\"https:\/\/i0.wp.com\/legendatours.net\/wp-content\/uploads\/2020\/03\/Azure-lagoons-of-the-Ria-Formosa-Natural-Park-1-1024x685.jpg?resize=1024%2C685&#038;ssl=1\" alt=\"Wandernder Naturpark Ria Formosa\" width=\"1024\" height=\"685\" \/><p id=\"caption-attachment-928\" class=\"wp-caption-text\">Azurblaue Lagunen des Naturparks Ria Formosa. Dies ist eine einzigartige K\u00fcstenlagune, die sich aufgrund der st\u00e4ndigen Bewegung von Winden, Str\u00f6mungen und Gezeiten st\u00e4ndig ver\u00e4ndert.<\/p><\/div>\n<p>Wenn Sie nach Osten ziehen, besuchen Sie Cacela Velha, ein charmantes wei\u00df-blaues K\u00fcstendorf mit der einzigen Klippe an der Ostalgarve und der wohl sch\u00f6nsten Aussicht, die Sie auf dieser Tour sehen werden.<\/p>\n<p>Sie werden einen genaueren Blick auf Vila Real de Santo Ant\u00f3nio werfen, eine Stadt, die 1774 nach den Prinzipien der Aufkl\u00e4rung gegr\u00fcndet wurde. Sie wurde nach dem verheerenden Erdbeben von 1755 als Nachbildung des Stra\u00dfenverlaufs im Zentrum von Lissabon erbaut.<\/p>\n<p>Bei Ausfl\u00fcgen ins Landesinnere, zu den H\u00fcgeln oberhalb von Tavira, entdecken Sie den Charme verschlafener D\u00f6rfer wie Cachopo mit wei\u00dfget\u00fcnchten H\u00e4usern und charakteristisch verzierten Br\u00fcstungen an den Fassaden. Einige Terrassen aus Fell (A\u00e7oteias) werden zum Trocknen von Feigen und anderen Produkten verwendet, wobei traditionelle Konservierungstechniken angewendet werden. Andere sind rein dekorativ und ein Zeichen f\u00fcr den Reichtum und das Ansehen des Hausbesitzers.<\/p>\n<p>S. Bras de Alportel, ein weiterer Stopp auf unserer Reiseroute, ist ber\u00fchmt f\u00fcr die Korkproduktion, bei der die Baumrinde in ein nachhaltiges und \u00f6kologisches Produkt umgewandelt wird. Die Qualit\u00e4t des Korks aus dieser Region ist weltweit f\u00fcr unz\u00e4hlige Anwendungen bekannt.<\/p>\n<div id=\"attachment_1872\" style=\"width: 1034px\" class=\"wp-caption alignnone\"><img data-recalc-dims=\"1\" decoding=\"async\" aria-describedby=\"caption-attachment-1872\" class=\"wp-image-1872 size-large\" src=\"https:\/\/i0.wp.com\/legendatours.net\/wp-content\/uploads\/2020\/03\/Alcoutim_Smuggler_statue-1024x768.jpg?resize=1024%2C768&#038;ssl=1\" alt=\"Alcoutim Schmuggler Statue\" width=\"1024\" height=\"768\" \/><p id=\"caption-attachment-1872\" class=\"wp-caption-text\">Die Schmugglerstatue von Alcoutim ruft das kollektive Ged\u00e4chtnis an die Geschichte dieses Landes und dieses Flusses wach: der Fischer, der Steuereintreiber und der Schmuggler.<\/p><\/div>\n<p>Sie folgen dann den gr\u00fcnen H\u00fcgeln am Guadiana-Fluss, um Alcoutim zu erreichen. San Lucar del Guadiana ist die spanische Stadt am gegen\u00fcberliegenden Ufer.<br \/>\nDas Schloss von Alcoutim wurde im 16. Jahrhundert erbaut und von den G\u00e4rten, die perfekt gepflegt sind, haben Sie einen ausgezeichneten Aussichtspunkt. Es gibt eine Vielzahl von Legenden \u00fcber das Schloss, die von tapferen Rittern und sch\u00f6nen maurischen Prinzessinnen erz\u00e4hlen, die in ihrer Liebe frustriert sind und sich verzaubern lassen.<\/p>\n<p>Dies ist ein <a href=\"https:\/\/becooltravel.com\/product\/tavira-the-east-algarve-culture-heritage-54000sc\/\">Selbstfahrer<\/a> Eine sorgf\u00e4ltig ausgearbeitete Tour, bei der die Vergangenheit mit der Gegenwart verschmilzt und jeder Moment zu einer bleibenden Erinnerung wird: Kommen Sie als Besucher, aber gehen Sie als Einheimischer!<\/p>\n<div class=\"row\" style=\"display: flex;\">\n<div class=\"column\" style=\"flex: 45%;\"><\/div>\n<div class=\"column\" style=\"flex: 10%;\"><\/div>\n<div class=\"column\" style=\"flex: 45%;\"><\/div>\n<\/div>","protected":false},"excerpt":{"rendered":"<p>Tavira, die Basis f\u00fcr diesen Roadtrip mit dem Auto, ist eine friedliche K\u00fcstenstadt an der Ostalgarve.<\/p>\n<p>Von hier aus entdecken Sie herrliche K\u00fcstenlandschaften, unerwartete Landschaften und Lebensweisen im Landesinneren und charmante historische St\u00e4dte.<\/p>\n<p>Diese ma\u00dfgeschneiderte Tour wurde von Anwohnern entworfen und bietet ein einzigartiges Erlebnis des nat\u00fcrlichen, menschlichen und kulturellen Erbes dieser Region.<\/p>","protected":false},"featured_media":4614,"comment_status":"closed","ping_status":"closed","template":"","meta":{"_acf_changed":false,"inline_featured_image":false},"product_brand":[],"product_cat":[673,336,327],"product_tag":[617,89,407,1053,794,859,653,860,127,400,418,391,849,255,798,784,785,861,862,863,864,865,866,867,95,868,800,1054,802,179,478,803,869,790,818,819,468,302,416,870,580,1055,872,322,856,813,609,1056,252,1057,834,821,871,398,1058,1059,140,793],"class_list":{"0":"post-5075","1":"product","2":"type-product","3":"status-publish","4":"has-post-thumbnail","6":"product_cat-self-drive-holidays-portugal","7":"product_cat-self-guided-sightseeing-holidays-in-portugal","8":"product_cat-self-guided-tours-portugal","9":"product_tag--ria-formosa-natural-park","10":"product_tag-alcoutim","11":"product_tag-algarve-city","12":"product_tag-alleine-reisen","13":"product_tag-almonds","14":"product_tag-barranco-do-velho","15":"product_tag-barril-beach","16":"product_tag-blue-waters","17":"product_tag-cacela-velha","18":"product_tag-cachopo","19":"product_tag-carob-trees","20":"product_tag-castro-marim","21":"product_tag-central-portugal","22":"product_tag-cork-trees","23":"product_tag-countryside","24":"product_tag-culture","25":"product_tag-delicious-food","26":"product_tag-eastern-algarve","27":"product_tag-ferragudo","28":"product_tag-figs","29":"product_tag-fishing-heritage","30":"product_tag-foz-de-odeleite","31":"product_tag-golden-sandy-beaches","32":"product_tag-gorges","33":"product_tag-guadiana-river","34":"product_tag-guerreiros-do-rio","35":"product_tag-history","36":"product_tag-individuelle-touren","37":"product_tag-lush-green-hills","38":"product_tag-monte-gordo","39":"product_tag-natural-park","40":"product_tag-olives","41":"product_tag-palm-trees","42":"product_tag-picturesque-landscapes","43":"product_tag-protected-area","44":"product_tag-quartzite-elevations","45":"product_tag-ria-formosa-natural-reserve","46":"product_tag-ria-formosa-nature-reserve","47":"product_tag-sagres","48":"product_tag-santa-rita","49":"product_tag-sao-bras-de-alportel","50":"product_tag-sejour-en-liberte","51":"product_tag-self-drive-holiday","52":"product_tag-self-guided","53":"product_tag-self-guided-holiday","54":"product_tag-serra-do-caldeirao","55":"product_tag-sightseeing","56":"product_tag-solo-reisen","57":"product_tag-tavira","58":"product_tag-tours-autoguidees","59":"product_tag-undulating-plains","60":"product_tag-valleys","61":"product_tag-vila-do-vispo","62":"product_tag-vila-real-de-santo-antonio","63":"product_tag-voyage-en-liberte","64":"product_tag-voyages-en-autonomie","65":"product_tag-walking-in-tavira","66":"product_tag-wines","68":"first","69":"instock","70":"virtual","71":"product-type-simple"},"acf":[],"yoast_head":"<!-- This site is optimized with the Yoast SEO Premium plugin v26.8 (Yoast SEO v27.5) - https:\/\/yoast.com\/product\/yoast-seo-premium-wordpress\/ -->\n<title>Tavira Self-Drive Road Trip: Experience the East Algarve<\/title>\n<meta name=\"description\" content=\"A self-drive road trip a one-of-a-kind experience into Tavira historical town of The Ria Formosa and Typical fishermen&#039;s villages and ways of life in East Algarve\" \/>\n<meta name=\"robots\" content=\"index, follow, max-snippet:-1, max-image-preview:large, max-video-preview:-1\" \/>\n<link rel=\"canonical\" href=\"https:\/\/becooltravel.com\/de\/produkt\/tavira-erfahrung-der-ost-algarve-54001sc\/\" \/>\n<meta property=\"og:locale\" content=\"de_DE\" \/>\n<meta property=\"og:type\" content=\"article\" \/>\n<meta property=\"og:title\" content=\"Tavira, the base for this self-drive road trip, is a peaceful coastal town on the East Algarve\" \/>\n<meta property=\"og:description\" content=\"The blue waters of the Atlantic, the golden sandy beaches, the Ria Formosa, the exquisite gastronomy, the friendly people, all of these features of the Algarve are widely known.But there are still secret spots, landscapes to be uncovered, and ways and traditions unknown to many.Tavira, on the south slopes of the Serra do Caldeir\u00e3o, is a quaint and picturesque town, surrounded by a landscape dotted with olive, almond, fig, carob, and palm trees.\" \/>\n<meta property=\"og:url\" content=\"https:\/\/becooltravel.com\/de\/produkt\/tavira-erfahrung-der-ost-algarve-54001sc\/\" \/>\n<meta property=\"og:site_name\" content=\"BeCool Travel\" \/>\n<meta property=\"article:publisher\" content=\"https:\/\/www.facebook.com\/becooltravelagency\/\" \/>\n<meta property=\"article:modified_time\" content=\"2026-03-18T12:16:39+00:00\" \/>\n<meta property=\"og:image\" content=\"https:\/\/becooltravel.com\/wp-content\/uploads\/sites\/5\/2020\/05\/Roman-bridge-in-Tavira-Venice-of-Algarve-2.jpg\" \/>\n\t<meta property=\"og:image:width\" content=\"1200\" \/>\n\t<meta property=\"og:image:height\" content=\"803\" \/>\n\t<meta property=\"og:image:type\" content=\"image\/jpeg\" \/>\n<meta name=\"twitter:card\" content=\"summary_large_image\" \/>\n<meta name=\"twitter:title\" content=\"Tavira, the base for this self-drive road trip, is a peaceful coastal town on the East Algarve\" \/>\n<meta name=\"twitter:description\" content=\"Designed by local residents, this tailored tour offers a one-of-a-kind experience into this region\u2019s natural, human, and cultural heritage.\" \/>\n<meta name=\"twitter:image\" content=\"https:\/\/i0.wp.com\/becooltravel.com\/wp-content\/uploads\/sites\/5\/2020\/05\/Roman-bridge-in-Tavira-Venice-of-Algarve-2.jpg?fit=1200%2C803&ssl=1\" \/>\n<meta name=\"twitter:site\" content=\"@becool_travel\" \/>\n<meta name=\"twitter:label1\" content=\"Gesch\u00e4tzte Lesezeit\" \/>\n\t<meta name=\"twitter:data1\" content=\"4\u00a0Minuten\" \/>\n<script type=\"application\/ld+json\" class=\"yoast-schema-graph\">{\"@context\":\"https:\\\/\\\/schema.org\",\"@graph\":[{\"@type\":[\"WebPage\",\"ItemPage\"],\"@id\":\"https:\\\/\\\/becooltravel.com\\\/product\\\/tavira-experience-the-east-algarve-54001sc\\\/\",\"url\":\"https:\\\/\\\/becooltravel.com\\\/product\\\/tavira-experience-the-east-algarve-54001sc\\\/\",\"name\":\"Tavira Self-Drive Road Trip: Experience the East Algarve\",\"isPartOf\":{\"@id\":\"https:\\\/\\\/becooltravel.com\\\/#website\"},\"primaryImageOfPage\":{\"@id\":\"https:\\\/\\\/becooltravel.com\\\/product\\\/tavira-experience-the-east-algarve-54001sc\\\/#primaryimage\"},\"image\":{\"@id\":\"https:\\\/\\\/becooltravel.com\\\/product\\\/tavira-experience-the-east-algarve-54001sc\\\/#primaryimage\"},\"thumbnailUrl\":\"https:\\\/\\\/i0.wp.com\\\/becooltravel.com\\\/wp-content\\\/uploads\\\/sites\\\/5\\\/2020\\\/05\\\/Roman-bridge-in-Tavira-Venice-of-Algarve-2.jpg?fit=1200%2C803&ssl=1\",\"datePublished\":\"2020-06-02T14:30:26+00:00\",\"dateModified\":\"2026-03-18T12:16:39+00:00\",\"description\":\"A self-drive road trip a one-of-a-kind experience into Tavira historical town of The Ria Formosa and Typical fishermen's villages and ways of life in East Algarve\",\"breadcrumb\":{\"@id\":\"https:\\\/\\\/becooltravel.com\\\/product\\\/tavira-experience-the-east-algarve-54001sc\\\/#breadcrumb\"},\"inLanguage\":\"de\",\"potentialAction\":[{\"@type\":\"ReadAction\",\"target\":[\"https:\\\/\\\/becooltravel.com\\\/product\\\/tavira-experience-the-east-algarve-54001sc\\\/\"]}]},{\"@type\":\"ImageObject\",\"inLanguage\":\"de\",\"@id\":\"https:\\\/\\\/becooltravel.com\\\/product\\\/tavira-experience-the-east-algarve-54001sc\\\/#primaryimage\",\"url\":\"https:\\\/\\\/i0.wp.com\\\/becooltravel.com\\\/wp-content\\\/uploads\\\/sites\\\/5\\\/2020\\\/05\\\/Roman-bridge-in-Tavira-Venice-of-Algarve-2.jpg?fit=1200%2C803&ssl=1\",\"contentUrl\":\"https:\\\/\\\/i0.wp.com\\\/becooltravel.com\\\/wp-content\\\/uploads\\\/sites\\\/5\\\/2020\\\/05\\\/Roman-bridge-in-Tavira-Venice-of-Algarve-2.jpg?fit=1200%2C803&ssl=1\",\"width\":1200,\"height\":803,\"caption\":\"Roman bridge in Tavira Venice of Algarve\"},{\"@type\":\"BreadcrumbList\",\"@id\":\"https:\\\/\\\/becooltravel.com\\\/product\\\/tavira-experience-the-east-algarve-54001sc\\\/#breadcrumb\",\"itemListElement\":[{\"@type\":\"ListItem\",\"position\":1,\"name\":\"Home\",\"item\":\"https:\\\/\\\/becooltravel.com\\\/\"},{\"@type\":\"ListItem\",\"position\":2,\"name\":\"Shop\",\"item\":\"https:\\\/\\\/becooltravel.com\\\/?page_id=5\"},{\"@type\":\"ListItem\",\"position\":3,\"name\":\"\u2022 Ria Formosa Natural Park\",\"item\":\"https:\\\/\\\/becooltravel.com\\\/product-tag\\\/%e2%80%a2-ria-formosa-natural-park\\\/\"},{\"@type\":\"ListItem\",\"position\":4,\"name\":\"Tavira, the base for this self-drive road trip, is a peaceful coastal town on the East Algarve\"}]},{\"@type\":\"WebSite\",\"@id\":\"https:\\\/\\\/becooltravel.com\\\/#website\",\"url\":\"https:\\\/\\\/becooltravel.com\\\/\",\"name\":\"BeCool Travel\",\"description\":\"Sustainable holidays in Portugal for independent travelers\",\"publisher\":{\"@id\":\"https:\\\/\\\/becooltravel.com\\\/#organization\"},\"potentialAction\":[{\"@type\":\"SearchAction\",\"target\":{\"@type\":\"EntryPoint\",\"urlTemplate\":\"https:\\\/\\\/becooltravel.com\\\/?s={search_term_string}\"},\"query-input\":{\"@type\":\"PropertyValueSpecification\",\"valueRequired\":true,\"valueName\":\"search_term_string\"}}],\"inLanguage\":\"de\"},{\"@type\":\"Organization\",\"@id\":\"https:\\\/\\\/becooltravel.com\\\/#organization\",\"name\":\"BecoolTravel. com- Portugal\",\"url\":\"https:\\\/\\\/becooltravel.com\\\/\",\"logo\":{\"@type\":\"ImageObject\",\"inLanguage\":\"de\",\"@id\":\"https:\\\/\\\/becooltravel.com\\\/#\\\/schema\\\/logo\\\/image\\\/\",\"url\":\"https:\\\/\\\/becooltravel.com\\\/wp-content\\\/uploads\\\/sites\\\/5\\\/2020\\\/03\\\/Logo_BeCool.jpg\",\"contentUrl\":\"https:\\\/\\\/becooltravel.com\\\/wp-content\\\/uploads\\\/sites\\\/5\\\/2020\\\/03\\\/Logo_BeCool.jpg\",\"width\":534,\"height\":534,\"caption\":\"BecoolTravel. com- Portugal\"},\"image\":{\"@id\":\"https:\\\/\\\/becooltravel.com\\\/#\\\/schema\\\/logo\\\/image\\\/\"},\"sameAs\":[\"https:\\\/\\\/www.facebook.com\\\/becooltravelagency\\\/\",\"https:\\\/\\\/x.com\\\/becool_travel\",\"https:\\\/\\\/www.instagram.com\\\/becooltravel_com\\\/\",\"https:\\\/\\\/www.linkedin.com\\\/company\\\/becool-travel\\\/\",\"https:\\\/\\\/www.youtube.com\\\/channel\\\/UCE7zRU3EVG1PgfXwQo-5uJw\"]}]}<\/script>\n<!-- \/ Yoast SEO Premium plugin. -->","yoast_head_json":{"title":"Tavira Self-Drive Road Trip: Erleben Sie die Ostalgarve","description":"Ein Roadtrip mit dem Auto, ein einmaliges Erlebnis in die historische Stadt Tavira in der Ria Formosa und in typische Fischerd\u00f6rfer und Lebensweisen in der Ostalgarve.","robots":{"index":"index","follow":"follow","max-snippet":"max-snippet:-1","max-image-preview":"max-image-preview:large","max-video-preview":"max-video-preview:-1"},"canonical":"https:\/\/becooltravel.com\/de\/produkt\/tavira-erfahrung-der-ost-algarve-54001sc\/","og_locale":"de_DE","og_type":"article","og_title":"Tavira, the base for this self-drive road trip, is a peaceful coastal town on the East Algarve","og_description":"The blue waters of the Atlantic, the golden sandy beaches, the Ria Formosa, the exquisite gastronomy, the friendly people, all of these features of the Algarve are widely known.But there are still secret spots, landscapes to be uncovered, and ways and traditions unknown to many.Tavira, on the south slopes of the Serra do Caldeir\u00e3o, is a quaint and picturesque town, surrounded by a landscape dotted with olive, almond, fig, carob, and palm trees.","og_url":"https:\/\/becooltravel.com\/de\/produkt\/tavira-erfahrung-der-ost-algarve-54001sc\/","og_site_name":"BeCool Travel","article_publisher":"https:\/\/www.facebook.com\/becooltravelagency\/","article_modified_time":"2026-03-18T12:16:39+00:00","og_image":[{"width":1200,"height":803,"url":"https:\/\/becooltravel.com\/wp-content\/uploads\/sites\/5\/2020\/05\/Roman-bridge-in-Tavira-Venice-of-Algarve-2.jpg","type":"image\/jpeg"}],"twitter_card":"summary_large_image","twitter_title":"Tavira, the base for this self-drive road trip, is a peaceful coastal town on the East Algarve","twitter_description":"Designed by local residents, this tailored tour offers a one-of-a-kind experience into this region\u2019s natural, human, and cultural heritage.","twitter_image":"https:\/\/i0.wp.com\/becooltravel.com\/wp-content\/uploads\/sites\/5\/2020\/05\/Roman-bridge-in-Tavira-Venice-of-Algarve-2.jpg?fit=1200%2C803&ssl=1","twitter_site":"@becool_travel","twitter_misc":{"Gesch\u00e4tzte Lesezeit":"4\u00a0Minuten"},"schema":{"@context":"https:\/\/schema.org","@graph":[{"@type":["WebPage","ItemPage"],"@id":"https:\/\/becooltravel.com\/product\/tavira-experience-the-east-algarve-54001sc\/","url":"https:\/\/becooltravel.com\/product\/tavira-experience-the-east-algarve-54001sc\/","name":"Tavira Self-Drive Road Trip: Erleben Sie die Ostalgarve","isPartOf":{"@id":"https:\/\/becooltravel.com\/#website"},"primaryImageOfPage":{"@id":"https:\/\/becooltravel.com\/product\/tavira-experience-the-east-algarve-54001sc\/#primaryimage"},"image":{"@id":"https:\/\/becooltravel.com\/product\/tavira-experience-the-east-algarve-54001sc\/#primaryimage"},"thumbnailUrl":"https:\/\/i0.wp.com\/becooltravel.com\/wp-content\/uploads\/sites\/5\/2020\/05\/Roman-bridge-in-Tavira-Venice-of-Algarve-2.jpg?fit=1200%2C803&ssl=1","datePublished":"2020-06-02T14:30:26+00:00","dateModified":"2026-03-18T12:16:39+00:00","description":"Ein Roadtrip mit dem Auto, ein einmaliges Erlebnis in die historische Stadt Tavira in der Ria Formosa und in typische Fischerd\u00f6rfer und Lebensweisen in der Ostalgarve.","breadcrumb":{"@id":"https:\/\/becooltravel.com\/product\/tavira-experience-the-east-algarve-54001sc\/#breadcrumb"},"inLanguage":"de","potentialAction":[{"@type":"ReadAction","target":["https:\/\/becooltravel.com\/product\/tavira-experience-the-east-algarve-54001sc\/"]}]},{"@type":"ImageObject","inLanguage":"de","@id":"https:\/\/becooltravel.com\/product\/tavira-experience-the-east-algarve-54001sc\/#primaryimage","url":"https:\/\/i0.wp.com\/becooltravel.com\/wp-content\/uploads\/sites\/5\/2020\/05\/Roman-bridge-in-Tavira-Venice-of-Algarve-2.jpg?fit=1200%2C803&ssl=1","contentUrl":"https:\/\/i0.wp.com\/becooltravel.com\/wp-content\/uploads\/sites\/5\/2020\/05\/Roman-bridge-in-Tavira-Venice-of-Algarve-2.jpg?fit=1200%2C803&ssl=1","width":1200,"height":803,"caption":"Roman bridge in Tavira Venice of Algarve"},{"@type":"BreadcrumbList","@id":"https:\/\/becooltravel.com\/product\/tavira-experience-the-east-algarve-54001sc\/#breadcrumb","itemListElement":[{"@type":"ListItem","position":1,"name":"Home","item":"https:\/\/becooltravel.com\/"},{"@type":"ListItem","position":2,"name":"Shop","item":"https:\/\/becooltravel.com\/?page_id=5"},{"@type":"ListItem","position":3,"name":"\u2022 Ria Formosa Natural Park","item":"https:\/\/becooltravel.com\/product-tag\/%e2%80%a2-ria-formosa-natural-park\/"},{"@type":"ListItem","position":4,"name":"Tavira, the base for this self-drive road trip, is a peaceful coastal town on the East Algarve"}]},{"@type":"WebSite","@id":"https:\/\/becooltravel.com\/#website","url":"https:\/\/becooltravel.com\/","name":"BeCool Travel","description":"Nachhaltiger Urlaub in Portugal f\u00fcr Individualreisende","publisher":{"@id":"https:\/\/becooltravel.com\/#organization"},"potentialAction":[{"@type":"SearchAction","target":{"@type":"EntryPoint","urlTemplate":"https:\/\/becooltravel.com\/?s={search_term_string}"},"query-input":{"@type":"PropertyValueSpecification","valueRequired":true,"valueName":"search_term_string"}}],"inLanguage":"de"},{"@type":"Organization","@id":"https:\/\/becooltravel.com\/#organization","name":"BecoolTravel. com- Portugal","url":"https:\/\/becooltravel.com\/","logo":{"@type":"ImageObject","inLanguage":"de","@id":"https:\/\/becooltravel.com\/#\/schema\/logo\/image\/","url":"https:\/\/becooltravel.com\/wp-content\/uploads\/sites\/5\/2020\/03\/Logo_BeCool.jpg","contentUrl":"https:\/\/becooltravel.com\/wp-content\/uploads\/sites\/5\/2020\/03\/Logo_BeCool.jpg","width":534,"height":534,"caption":"BecoolTravel. com- Portugal"},"image":{"@id":"https:\/\/becooltravel.com\/#\/schema\/logo\/image\/"},"sameAs":["https:\/\/www.facebook.com\/becooltravelagency\/","https:\/\/x.com\/becool_travel","https:\/\/www.instagram.com\/becooltravel_com\/","https:\/\/www.linkedin.com\/company\/becool-travel\/","https:\/\/www.youtube.com\/channel\/UCE7zRU3EVG1PgfXwQo-5uJw"]}]}},"jetpack_sharing_enabled":true,"_links":{"self":[{"href":"https:\/\/becooltravel.com\/de\/wp-json\/wp\/v2\/product\/5075","targetHints":{"allow":["GET"]}}],"collection":[{"href":"https:\/\/becooltravel.com\/de\/wp-json\/wp\/v2\/product"}],"about":[{"href":"https:\/\/becooltravel.com\/de\/wp-json\/wp\/v2\/types\/product"}],"replies":[{"embeddable":true,"href":"https:\/\/becooltravel.com\/de\/wp-json\/wp\/v2\/comments?post=5075"}],"wp:featuredmedia":[{"embeddable":true,"href":"https:\/\/becooltravel.com\/de\/wp-json\/wp\/v2\/media\/4614"}],"wp:attachment":[{"href":"https:\/\/becooltravel.com\/de\/wp-json\/wp\/v2\/media?parent=5075"}],"wp:term":[{"taxonomy":"product_brand","embeddable":true,"href":"https:\/\/becooltravel.com\/de\/wp-json\/wp\/v2\/product_brand?post=5075"},{"taxonomy":"product_cat","embeddable":true,"href":"https:\/\/becooltravel.com\/de\/wp-json\/wp\/v2\/product_cat?post=5075"},{"taxonomy":"product_tag","embeddable":true,"href":"https:\/\/becooltravel.com\/de\/wp-json\/wp\/v2\/product_tag?post=5075"}],"curies":[{"name":"wp","href":"https:\/\/api.w.org\/{rel}","templated":true}]}}