{"id":5081,"date":"2020-06-02T16:47:03","date_gmt":"2020-06-02T16:47:03","guid":{"rendered":"https:\/\/becooltravel.com\/?post_type=product&#038;p=5081"},"modified":"2026-03-18T11:50:16","modified_gmt":"2026-03-18T11:50:16","slug":"albufeira-the-charming-central-algarve-55001sc","status":"publish","type":"product","link":"https:\/\/becooltravel.com\/de\/produkt\/albufeira-die-charmante-zentrale-algarve-55001sc\/","title":{"rendered":"Selbstfahrerurlaub in Albufeira Zentralalgarve"},"content":{"rendered":"<p>Bei dieser Sightseeing-Tour mit Selbstfahrer erkunden Sie unabh\u00e4ngig voneinander die verschiedenen Landschaften der Zentralalgarve.<\/p>\n<p>Im Herzen des ber\u00fchmtesten Ferienortes Portugals, Albufeira, gelegen, gehen Sie weit \u00fcber die sch\u00f6nen Str\u00e4nde und das pulsierende Nachtleben hinaus.<\/p>\n<p>Ihr Roadtrip f\u00fchrt Sie in sch\u00f6ne D\u00f6rfer entlang der K\u00fcste und durch die weniger bekannte Landschaft.<\/p>\n<div id=\"attachment_1826\" style=\"width: 1034px\" class=\"wp-caption alignnone\"><img data-recalc-dims=\"1\" decoding=\"async\" aria-describedby=\"caption-attachment-1826\" class=\"wp-image-1826 size-large\" src=\"https:\/\/i0.wp.com\/legendatours.net\/wp-content\/uploads\/2020\/03\/ria_formosa_east_algarve-1024x685.jpg?resize=1024%2C685&#038;ssl=1\" alt=\"Wandern Die Sch\u00f6nheit der Ria Formosa\" width=\"1024\" height=\"685\" \/><p id=\"caption-attachment-1826\" class=\"wp-caption-text\">Die Sch\u00f6nheit der Ria Formosa, ein nat\u00fcrliches System an der K\u00fcste der Algarve, ist eine der reichsten Flora und Fauna Europas.<\/p><\/div>\n<p>Um Ihre Reise abzurunden, haben Sie eine Route zur Ostalgarve, um die beeindruckenden Landschaften der Ria Formosa kennenzulernen!<\/p>\n<p>\u00dcberall an der Algarve sind Kontraste pr\u00e4sent, von den St\u00e4dten, in denen noch Fischer leben, bis hin zu den internationalen Zentren mit kosmopolitischen Gesch\u00e4ften und N\u00e4chten voller Musik und sch\u00f6nen Menschen.<\/p>\n<p>Von den gro\u00dfen Villen am Meer bis zu den bescheidenen, wei\u00df get\u00fcnchten H\u00e4usern, die mit hundertj\u00e4hrigen Steinen gepflastert sind, neben Kopfsteinpflasterstra\u00dfen, die sich durch endlose Felder schl\u00e4ngeln.<\/p>\n<p>Vom kosmopolitischen Albufeira, das von den Arabern erbaut wurde, fahren Sie nach Ferreiras, nur wenige Kilometer entfernt. Der Unterschied ist auff\u00e4llig. Hier haben die H\u00e4user noch die typischen Schornsteine, Br\u00fcstungen, auf denen Terrassen versteckt sind, auf denen Feigen getrocknet werden, und Windm\u00fchlen und Wasserr\u00e4der.<\/p>\n<p>In Vilamoura, vorbei an Golfpl\u00e4tzen und eleganten H\u00e4usern, gibt es einen Umweltpark, der die lokale Fauna und Flora repr\u00e4sentiert, pflegt und sch\u00fctzt.<br \/>\nWir bringen Sie nach Rocha da Pena, einer Oase des Lebens f\u00fcr V\u00f6gel und Pflanzen mit atemberaubendem Blick \u00fcber den Ozean. Wir zeigen Ihnen Queren\u00e7a, wie wir es kennen. Sein Name bedeutet Zuneigung, Liebe, guten Willen.<\/p>\n<div id=\"attachment_2368\" style=\"width: 1034px\" class=\"wp-caption alignnone\"><img data-recalc-dims=\"1\" decoding=\"async\" aria-describedby=\"caption-attachment-2368\" class=\"wp-image-2368 size-large\" src=\"https:\/\/i0.wp.com\/legendatours.net\/wp-content\/uploads\/2020\/06\/Albufeira_lovely_beaches-1024x683.jpg?resize=1024%2C683&#038;ssl=1\" alt=\"Albufeira sch\u00f6ne Str\u00e4nde\" width=\"1024\" height=\"683\" \/><p id=\"caption-attachment-2368\" class=\"wp-caption-text\">Albufeira sch\u00f6ne Str\u00e4nde. Albufeira hat fast 30 km K\u00fcste und ist der portugiesische Rat mit mehr Str\u00e4nden mit blauer Flagge<\/p><\/div>\n<p>In einem \u00fcberraschenden Museum mitten in S\u00e3o Br\u00e1s de Alportel in den H\u00fcgeln werden wir erz\u00e4hlen, woher einige der besten Korken der Welt stammen.<\/p>\n<p>Wir werden das Wissen und die Sch\u00f6nheit der Ria Formosa, Exlibris der Ostalgarve, teilen, in der exquisite und einzigartige Wildtiere leben, die von einem Naturschutzgebiet gesch\u00fctzt werden.<\/p>\n<p>Besuchen Sie Moncarapacho und entdecken Sie die traditionellen handgemachten Souvenirs aus der \u00f6rtlichen T\u00f6pferei.<\/p>\n<p>Verpassen Sie nicht die Gelegenheit, die Aussicht vom Cerro de S\u00e3o Miguel zu genie\u00dfen und die wunderbare Fauna und Flora dieses Teils der Algarve-K\u00fcste in Quinta de Marim zu entdecken.<\/p>\n<p>Verpassen Sie nicht die exquisiten regionalen Gerichte vom Meer und vom Land, begleitet von exzellenten portugiesischen Weinen.<br \/>\nLassen Sie sich von uns die besten Teile der Zentralalgarve zeigen und eine andere Seite dieses einladenden Landes mit nach Hause nehmen!<\/p>\n<div class=\"row\" style=\"display: flex;\">\n<div class=\"column\" style=\"flex: 45%;\"><\/div>\n<div class=\"column\" style=\"flex: 10%;\"><\/div>\n<div class=\"column\" style=\"flex: 45%;\"><\/div>\n<\/div>","protected":false},"excerpt":{"rendered":"<p>Bei dieser Sightseeing-Tour mit Selbstfahrer erkunden Sie unabh\u00e4ngig voneinander die verschiedenen Landschaften der Zentralalgarve.<\/p>\n<p>Im Herzen des ber\u00fchmtesten Ferienortes Portugals, Albufeira, gelegen, gehen Sie weit \u00fcber die sch\u00f6nen Str\u00e4nde und das pulsierende Nachtleben hinaus.<\/p>\n<p>Ihr Roadtrip f\u00fchrt Sie in sch\u00f6ne D\u00f6rfer entlang der K\u00fcste und durch die weniger bekannte Landschaft.<\/p>\n<p>Um Ihre Reise abzurunden, haben Sie eine Route zur Ostalgarve, um die beeindruckenden Landschaften der Ria Formosa kennenzulernen!<\/p>","protected":false},"featured_media":5099,"comment_status":"closed","ping_status":"closed","template":"","meta":{"_acf_changed":false,"inline_featured_image":false},"product_brand":[],"product_cat":[673,336,327],"product_tag":[530,633,440,1053,531,640,874,889,875,876,798,557,784,785,890,714,877,827,800,1054,878,802,880,891,478,882,790,818,819,892,636,893,884,1055,872,322,856,720,909,721,609,1056,1057,886,834,821,894,887,1058,1059,888,793],"class_list":{"0":"post-5081","1":"product","2":"type-product","3":"status-publish","4":"has-post-thumbnail","6":"product_cat-self-drive-holidays-portugal","7":"product_cat-self-guided-sightseeing-holidays-in-portugal","8":"product_cat-self-guided-tours-portugal","9":"product_tag-albufeira","10":"product_tag-albufeira-beautiful-historic-centre","11":"product_tag-algarve-coast","12":"product_tag-alleine-reisen","13":"product_tag-beaches-of-albufeira","14":"product_tag-beautiful-landscapes-albufeira","15":"product_tag-central-algarve","16":"product_tag-cerro-de-sao-miguel","17":"product_tag-coastal","18":"product_tag-colours","19":"product_tag-countryside","20":"product_tag-crafted-self-guided-tour","21":"product_tag-culture","22":"product_tag-delicious-food","23":"product_tag-ferreiras","24":"product_tag-fly-drive","25":"product_tag-hills","26":"product_tag-historic-centre","27":"product_tag-history","28":"product_tag-individuelle-touren","29":"product_tag-landscape","30":"product_tag-lush-green-hills","31":"product_tag-market","32":"product_tag-moncarapacho","33":"product_tag-natural-park","34":"product_tag-parapets","35":"product_tag-picturesque-landscapes","36":"product_tag-protected-area","37":"product_tag-quartzite-elevations","38":"product_tag-quinta-de-marim","39":"product_tag-relaxation-albufeira","40":"product_tag-rocha-da-pena-querenca","41":"product_tag-secluded-beaches","42":"product_tag-sejour-en-liberte","43":"product_tag-self-drive-holiday","44":"product_tag-self-guided","45":"product_tag-self-guided-holiday","46":"product_tag-self-guided-holidays","47":"product_tag-self-guided-sightseeing","48":"product_tag-self-guided-tours","49":"product_tag-sightseeing","50":"product_tag-solo-reisen","51":"product_tag-tours-autoguidees","52":"product_tag-traditions","53":"product_tag-undulating-plains","54":"product_tag-valleys","55":"product_tag-vilamoura","56":"product_tag-village","57":"product_tag-voyage-en-liberte","58":"product_tag-voyages-en-autonomie","59":"product_tag-white-washed-houses","60":"product_tag-wines","62":"first","63":"instock","64":"virtual","65":"product-type-simple"},"acf":[],"yoast_head":"<!-- This site is optimized with the Yoast SEO Premium plugin v26.8 (Yoast SEO v27.5) - https:\/\/yoast.com\/product\/yoast-seo-premium-wordpress\/ -->\n<title>Self-Drive Holiday in Albufeira Central Algarve<\/title>\n<meta name=\"description\" content=\"Self-Drive sightseeing tour, explore independently the different landscapes of the Algarve. Based in the most famous resort of Portugal, Albufeira\" \/>\n<meta name=\"robots\" content=\"index, follow, max-snippet:-1, max-image-preview:large, max-video-preview:-1\" \/>\n<link rel=\"canonical\" href=\"https:\/\/becooltravel.com\/de\/produkt\/albufeira-die-charmante-zentrale-algarve-55001sc\/\" \/>\n<meta property=\"og:locale\" content=\"de_DE\" \/>\n<meta property=\"og:type\" content=\"article\" \/>\n<meta property=\"og:title\" content=\"Self-Drive sightseeing tour, explore independently the different landscapes of the Algarve. Based in the most famous resort of Portugal, Albufeira\" \/>\n<meta property=\"og:description\" content=\"From the cosmopolitan Albufeira built by the Arabs, you\u2019ll travel to Ferreiras, just a few miles away. The difference is striking. Here the houses still have the typical chimneys, parapets hiding terraces where figs are dried, and you find windmills and waterwheels.In Vilamoura, past the golf courses and elegant houses, there\u2019s an Environmental Park that represents, cherishes and protects the local fauna and flora.We\u2019ll take you to Rocha da Pena, a haven of life for birds and plants, with stunning views over the ocean. We\u2019ll show you Queren\u00e7a, the way we know it. Its name means affection, love, goodwill.\" \/>\n<meta property=\"og:url\" content=\"https:\/\/becooltravel.com\/de\/produkt\/albufeira-die-charmante-zentrale-algarve-55001sc\/\" \/>\n<meta property=\"og:site_name\" content=\"BeCool Travel\" \/>\n<meta property=\"article:publisher\" content=\"https:\/\/www.facebook.com\/becooltravelagency\/\" \/>\n<meta property=\"article:modified_time\" content=\"2026-03-18T11:50:16+00:00\" \/>\n<meta property=\"og:image\" content=\"https:\/\/becooltravel.com\/wp-content\/uploads\/sites\/5\/2020\/06\/Albufeira_lovely_beaches.jpg\" \/>\n\t<meta property=\"og:image:width\" content=\"1600\" \/>\n\t<meta property=\"og:image:height\" content=\"1067\" \/>\n\t<meta property=\"og:image:type\" content=\"image\/jpeg\" \/>\n<meta name=\"twitter:card\" content=\"summary_large_image\" \/>\n<meta name=\"twitter:title\" content=\"Self-Drive sightseeing tour, explore independently the different landscapes of the Algarve. Based in the most famous resort of Portugal, Albufeira\" \/>\n<meta name=\"twitter:description\" content=\"Your road trip will introduce you to lovely villages along the seashore and through the ways of the less-known countryside.To round up your trip, you have an itinerary to the East Algarve, to meet the impressive landscapes of the Ria Formosa!\" \/>\n<meta name=\"twitter:image\" content=\"https:\/\/i0.wp.com\/becooltravel.com\/wp-content\/uploads\/sites\/5\/2020\/06\/Albufeira_lovely_beaches.jpg?fit=1600%2C1067&ssl=1\" \/>\n<meta name=\"twitter:site\" content=\"@becool_travel\" \/>\n<meta name=\"twitter:label1\" content=\"Gesch\u00e4tzte Lesezeit\" \/>\n\t<meta name=\"twitter:data1\" content=\"3\u00a0Minuten\" \/>\n<script type=\"application\/ld+json\" class=\"yoast-schema-graph\">{\"@context\":\"https:\\\/\\\/schema.org\",\"@graph\":[{\"@type\":[\"WebPage\",\"ItemPage\"],\"@id\":\"https:\\\/\\\/becooltravel.com\\\/product\\\/albufeira-the-charming-central-algarve-55001sc\\\/\",\"url\":\"https:\\\/\\\/becooltravel.com\\\/product\\\/albufeira-the-charming-central-algarve-55001sc\\\/\",\"name\":\"Self-Drive Holiday in Albufeira Central Algarve\",\"isPartOf\":{\"@id\":\"https:\\\/\\\/becooltravel.com\\\/#website\"},\"primaryImageOfPage\":{\"@id\":\"https:\\\/\\\/becooltravel.com\\\/product\\\/albufeira-the-charming-central-algarve-55001sc\\\/#primaryimage\"},\"image\":{\"@id\":\"https:\\\/\\\/becooltravel.com\\\/product\\\/albufeira-the-charming-central-algarve-55001sc\\\/#primaryimage\"},\"thumbnailUrl\":\"https:\\\/\\\/i0.wp.com\\\/becooltravel.com\\\/wp-content\\\/uploads\\\/sites\\\/5\\\/2020\\\/06\\\/Albufeira_lovely_beaches.jpg?fit=1600%2C1067&ssl=1\",\"datePublished\":\"2020-06-02T16:47:03+00:00\",\"dateModified\":\"2026-03-18T11:50:16+00:00\",\"description\":\"Self-Drive sightseeing tour, explore independently the different landscapes of the Algarve. Based in the most famous resort of Portugal, Albufeira\",\"breadcrumb\":{\"@id\":\"https:\\\/\\\/becooltravel.com\\\/product\\\/albufeira-the-charming-central-algarve-55001sc\\\/#breadcrumb\"},\"inLanguage\":\"de\",\"potentialAction\":[{\"@type\":\"ReadAction\",\"target\":[\"https:\\\/\\\/becooltravel.com\\\/product\\\/albufeira-the-charming-central-algarve-55001sc\\\/\"]}]},{\"@type\":\"ImageObject\",\"inLanguage\":\"de\",\"@id\":\"https:\\\/\\\/becooltravel.com\\\/product\\\/albufeira-the-charming-central-algarve-55001sc\\\/#primaryimage\",\"url\":\"https:\\\/\\\/i0.wp.com\\\/becooltravel.com\\\/wp-content\\\/uploads\\\/sites\\\/5\\\/2020\\\/06\\\/Albufeira_lovely_beaches.jpg?fit=1600%2C1067&ssl=1\",\"contentUrl\":\"https:\\\/\\\/i0.wp.com\\\/becooltravel.com\\\/wp-content\\\/uploads\\\/sites\\\/5\\\/2020\\\/06\\\/Albufeira_lovely_beaches.jpg?fit=1600%2C1067&ssl=1\",\"width\":1600,\"height\":1067,\"caption\":\"Albufeira lovely beaches\"},{\"@type\":\"BreadcrumbList\",\"@id\":\"https:\\\/\\\/becooltravel.com\\\/product\\\/albufeira-the-charming-central-algarve-55001sc\\\/#breadcrumb\",\"itemListElement\":[{\"@type\":\"ListItem\",\"position\":1,\"name\":\"Home\",\"item\":\"https:\\\/\\\/becooltravel.com\\\/\"},{\"@type\":\"ListItem\",\"position\":2,\"name\":\"Shop\",\"item\":\"https:\\\/\\\/becooltravel.com\\\/?page_id=5\"},{\"@type\":\"ListItem\",\"position\":3,\"name\":\"Albufeira Algarve Portugal\",\"item\":\"https:\\\/\\\/becooltravel.com\\\/da\\\/produkt-tag-6\\\/albufeira\\\/\"},{\"@type\":\"ListItem\",\"position\":4,\"name\":\"Self-Drive sightseeing tour, explore independently the different landscapes of the Algarve. Based in the most famous resort of Portugal, Albufeira\"}]},{\"@type\":\"WebSite\",\"@id\":\"https:\\\/\\\/becooltravel.com\\\/#website\",\"url\":\"https:\\\/\\\/becooltravel.com\\\/\",\"name\":\"BeCool Travel\",\"description\":\"Sustainable holidays in Portugal for independent travelers\",\"publisher\":{\"@id\":\"https:\\\/\\\/becooltravel.com\\\/#organization\"},\"potentialAction\":[{\"@type\":\"SearchAction\",\"target\":{\"@type\":\"EntryPoint\",\"urlTemplate\":\"https:\\\/\\\/becooltravel.com\\\/?s={search_term_string}\"},\"query-input\":{\"@type\":\"PropertyValueSpecification\",\"valueRequired\":true,\"valueName\":\"search_term_string\"}}],\"inLanguage\":\"de\"},{\"@type\":\"Organization\",\"@id\":\"https:\\\/\\\/becooltravel.com\\\/#organization\",\"name\":\"BecoolTravel. com- Portugal\",\"url\":\"https:\\\/\\\/becooltravel.com\\\/\",\"logo\":{\"@type\":\"ImageObject\",\"inLanguage\":\"de\",\"@id\":\"https:\\\/\\\/becooltravel.com\\\/#\\\/schema\\\/logo\\\/image\\\/\",\"url\":\"https:\\\/\\\/becooltravel.com\\\/wp-content\\\/uploads\\\/sites\\\/5\\\/2020\\\/03\\\/Logo_BeCool.jpg\",\"contentUrl\":\"https:\\\/\\\/becooltravel.com\\\/wp-content\\\/uploads\\\/sites\\\/5\\\/2020\\\/03\\\/Logo_BeCool.jpg\",\"width\":534,\"height\":534,\"caption\":\"BecoolTravel. com- Portugal\"},\"image\":{\"@id\":\"https:\\\/\\\/becooltravel.com\\\/#\\\/schema\\\/logo\\\/image\\\/\"},\"sameAs\":[\"https:\\\/\\\/www.facebook.com\\\/becooltravelagency\\\/\",\"https:\\\/\\\/x.com\\\/becool_travel\",\"https:\\\/\\\/www.instagram.com\\\/becooltravel_com\\\/\",\"https:\\\/\\\/www.linkedin.com\\\/company\\\/becool-travel\\\/\",\"https:\\\/\\\/www.youtube.com\\\/channel\\\/UCE7zRU3EVG1PgfXwQo-5uJw\"]}]}<\/script>\n<!-- \/ Yoast SEO Premium plugin. -->","yoast_head_json":{"title":"Selbstfahrerurlaub in Albufeira Zentralalgarve","description":"Erkundungstour mit dem Auto, erkunden Sie unabh\u00e4ngig die verschiedenen Landschaften der Algarve. Das Hotel befindet sich im ber\u00fchmtesten Ferienort Portugals, Albufeira","robots":{"index":"index","follow":"follow","max-snippet":"max-snippet:-1","max-image-preview":"max-image-preview:large","max-video-preview":"max-video-preview:-1"},"canonical":"https:\/\/becooltravel.com\/de\/produkt\/albufeira-die-charmante-zentrale-algarve-55001sc\/","og_locale":"de_DE","og_type":"article","og_title":"Self-Drive sightseeing tour, explore independently the different landscapes of the Algarve. Based in the most famous resort of Portugal, Albufeira","og_description":"From the cosmopolitan Albufeira built by the Arabs, you\u2019ll travel to Ferreiras, just a few miles away. The difference is striking. Here the houses still have the typical chimneys, parapets hiding terraces where figs are dried, and you find windmills and waterwheels.In Vilamoura, past the golf courses and elegant houses, there\u2019s an Environmental Park that represents, cherishes and protects the local fauna and flora.We\u2019ll take you to Rocha da Pena, a haven of life for birds and plants, with stunning views over the ocean. We\u2019ll show you Queren\u00e7a, the way we know it. Its name means affection, love, goodwill.","og_url":"https:\/\/becooltravel.com\/de\/produkt\/albufeira-die-charmante-zentrale-algarve-55001sc\/","og_site_name":"BeCool Travel","article_publisher":"https:\/\/www.facebook.com\/becooltravelagency\/","article_modified_time":"2026-03-18T11:50:16+00:00","og_image":[{"width":1600,"height":1067,"url":"https:\/\/becooltravel.com\/wp-content\/uploads\/sites\/5\/2020\/06\/Albufeira_lovely_beaches.jpg","type":"image\/jpeg"}],"twitter_card":"summary_large_image","twitter_title":"Self-Drive sightseeing tour, explore independently the different landscapes of the Algarve. Based in the most famous resort of Portugal, Albufeira","twitter_description":"Your road trip will introduce you to lovely villages along the seashore and through the ways of the less-known countryside.To round up your trip, you have an itinerary to the East Algarve, to meet the impressive landscapes of the Ria Formosa!","twitter_image":"https:\/\/i0.wp.com\/becooltravel.com\/wp-content\/uploads\/sites\/5\/2020\/06\/Albufeira_lovely_beaches.jpg?fit=1600%2C1067&ssl=1","twitter_site":"@becool_travel","twitter_misc":{"Gesch\u00e4tzte Lesezeit":"3\u00a0Minuten"},"schema":{"@context":"https:\/\/schema.org","@graph":[{"@type":["WebPage","ItemPage"],"@id":"https:\/\/becooltravel.com\/product\/albufeira-the-charming-central-algarve-55001sc\/","url":"https:\/\/becooltravel.com\/product\/albufeira-the-charming-central-algarve-55001sc\/","name":"Selbstfahrerurlaub in Albufeira Zentralalgarve","isPartOf":{"@id":"https:\/\/becooltravel.com\/#website"},"primaryImageOfPage":{"@id":"https:\/\/becooltravel.com\/product\/albufeira-the-charming-central-algarve-55001sc\/#primaryimage"},"image":{"@id":"https:\/\/becooltravel.com\/product\/albufeira-the-charming-central-algarve-55001sc\/#primaryimage"},"thumbnailUrl":"https:\/\/i0.wp.com\/becooltravel.com\/wp-content\/uploads\/sites\/5\/2020\/06\/Albufeira_lovely_beaches.jpg?fit=1600%2C1067&ssl=1","datePublished":"2020-06-02T16:47:03+00:00","dateModified":"2026-03-18T11:50:16+00:00","description":"Erkundungstour mit dem Auto, erkunden Sie unabh\u00e4ngig die verschiedenen Landschaften der Algarve. Das Hotel befindet sich im ber\u00fchmtesten Ferienort Portugals, Albufeira","breadcrumb":{"@id":"https:\/\/becooltravel.com\/product\/albufeira-the-charming-central-algarve-55001sc\/#breadcrumb"},"inLanguage":"de","potentialAction":[{"@type":"ReadAction","target":["https:\/\/becooltravel.com\/product\/albufeira-the-charming-central-algarve-55001sc\/"]}]},{"@type":"ImageObject","inLanguage":"de","@id":"https:\/\/becooltravel.com\/product\/albufeira-the-charming-central-algarve-55001sc\/#primaryimage","url":"https:\/\/i0.wp.com\/becooltravel.com\/wp-content\/uploads\/sites\/5\/2020\/06\/Albufeira_lovely_beaches.jpg?fit=1600%2C1067&ssl=1","contentUrl":"https:\/\/i0.wp.com\/becooltravel.com\/wp-content\/uploads\/sites\/5\/2020\/06\/Albufeira_lovely_beaches.jpg?fit=1600%2C1067&ssl=1","width":1600,"height":1067,"caption":"Albufeira lovely beaches"},{"@type":"BreadcrumbList","@id":"https:\/\/becooltravel.com\/product\/albufeira-the-charming-central-algarve-55001sc\/#breadcrumb","itemListElement":[{"@type":"ListItem","position":1,"name":"Home","item":"https:\/\/becooltravel.com\/"},{"@type":"ListItem","position":2,"name":"Shop","item":"https:\/\/becooltravel.com\/?page_id=5"},{"@type":"ListItem","position":3,"name":"Albufeira Algarve Portugal","item":"https:\/\/becooltravel.com\/da\/produkt-tag-6\/albufeira\/"},{"@type":"ListItem","position":4,"name":"Self-Drive sightseeing tour, explore independently the different landscapes of the Algarve. Based in the most famous resort of Portugal, Albufeira"}]},{"@type":"WebSite","@id":"https:\/\/becooltravel.com\/#website","url":"https:\/\/becooltravel.com\/","name":"BeCool Travel","description":"Nachhaltiger Urlaub in Portugal f\u00fcr Individualreisende","publisher":{"@id":"https:\/\/becooltravel.com\/#organization"},"potentialAction":[{"@type":"SearchAction","target":{"@type":"EntryPoint","urlTemplate":"https:\/\/becooltravel.com\/?s={search_term_string}"},"query-input":{"@type":"PropertyValueSpecification","valueRequired":true,"valueName":"search_term_string"}}],"inLanguage":"de"},{"@type":"Organization","@id":"https:\/\/becooltravel.com\/#organization","name":"BecoolTravel. com- Portugal","url":"https:\/\/becooltravel.com\/","logo":{"@type":"ImageObject","inLanguage":"de","@id":"https:\/\/becooltravel.com\/#\/schema\/logo\/image\/","url":"https:\/\/becooltravel.com\/wp-content\/uploads\/sites\/5\/2020\/03\/Logo_BeCool.jpg","contentUrl":"https:\/\/becooltravel.com\/wp-content\/uploads\/sites\/5\/2020\/03\/Logo_BeCool.jpg","width":534,"height":534,"caption":"BecoolTravel. com- Portugal"},"image":{"@id":"https:\/\/becooltravel.com\/#\/schema\/logo\/image\/"},"sameAs":["https:\/\/www.facebook.com\/becooltravelagency\/","https:\/\/x.com\/becool_travel","https:\/\/www.instagram.com\/becooltravel_com\/","https:\/\/www.linkedin.com\/company\/becool-travel\/","https:\/\/www.youtube.com\/channel\/UCE7zRU3EVG1PgfXwQo-5uJw"]}]}},"jetpack_sharing_enabled":true,"_links":{"self":[{"href":"https:\/\/becooltravel.com\/de\/wp-json\/wp\/v2\/product\/5081","targetHints":{"allow":["GET"]}}],"collection":[{"href":"https:\/\/becooltravel.com\/de\/wp-json\/wp\/v2\/product"}],"about":[{"href":"https:\/\/becooltravel.com\/de\/wp-json\/wp\/v2\/types\/product"}],"replies":[{"embeddable":true,"href":"https:\/\/becooltravel.com\/de\/wp-json\/wp\/v2\/comments?post=5081"}],"wp:featuredmedia":[{"embeddable":true,"href":"https:\/\/becooltravel.com\/de\/wp-json\/wp\/v2\/media\/5099"}],"wp:attachment":[{"href":"https:\/\/becooltravel.com\/de\/wp-json\/wp\/v2\/media?parent=5081"}],"wp:term":[{"taxonomy":"product_brand","embeddable":true,"href":"https:\/\/becooltravel.com\/de\/wp-json\/wp\/v2\/product_brand?post=5081"},{"taxonomy":"product_cat","embeddable":true,"href":"https:\/\/becooltravel.com\/de\/wp-json\/wp\/v2\/product_cat?post=5081"},{"taxonomy":"product_tag","embeddable":true,"href":"https:\/\/becooltravel.com\/de\/wp-json\/wp\/v2\/product_tag?post=5081"}],"curies":[{"name":"wp","href":"https:\/\/api.w.org\/{rel}","templated":true}]}}