{"id":5091,"date":"2020-06-03T10:26:39","date_gmt":"2020-06-03T10:26:39","guid":{"rendered":"https:\/\/becooltravel.com\/product\/lagos-the-surprising-west-algarve-56000sc\/"},"modified":"2026-03-18T12:04:06","modified_gmt":"2026-03-18T12:04:06","slug":"lagos-the-surprising-west-algarve-56000sc","status":"publish","type":"product","link":"https:\/\/becooltravel.com\/de\/produkt\/lagos-die-uberraschende-west-algarve-56000sc\/","title":{"rendered":"Selbstfahrer-Urlaub in Lagos Westalgarve"},"content":{"rendered":"<p>Dieser Roadtrip ist eine aufregende M\u00f6glichkeit, die \u00dcberraschungen der Westalgarve zu entdecken! Eine von Einheimischen entworfene Route f\u00fcr Selbstfahrer zu den besonderen Orten, die bleibende Erinnerungen an einen sch\u00f6nen Urlaub hinterlassen.<\/p>\n<p>Von der spektakul\u00e4ren K\u00fcste der Westalgarve mit ihren dramatischen Klippen, die von den Atlantikwellen und einsamen Str\u00e4nden heimgesucht werden, bis zum idyllischen Inneren und den historischen St\u00e4dten werden Sie sich verw\u00f6hnen lassen!<\/p>\n<div id=\"attachment_1856\" style=\"width: 1034px\" class=\"wp-caption alignnone\"><img data-recalc-dims=\"1\" decoding=\"async\" aria-describedby=\"caption-attachment-1856\" class=\"wp-image-1856 size-large\" src=\"https:\/\/i0.wp.com\/legendatours.net\/wp-content\/uploads\/2020\/03\/Lagos_city_centre-1024x776.jpg?resize=1024%2C776&#038;ssl=1\" alt=\"Wandern im Zentrum von Lagos\" width=\"1024\" height=\"776\" \/><p id=\"caption-attachment-1856\" class=\"wp-caption-text\">Zentrum von Lagos. Legos ist eine stolze portugiesische Stadt mit gepflasterten Stra\u00dfen, authentischen Restaurants und einer entspannten und einladenden Atmosph\u00e4re.<\/p><\/div>\n<p>Die Tour findet in Lagos statt, einer historischen und kosmopolitischen Stadt.<\/p>\n<p>Mit Blick auf eine gro\u00dfe Bucht und den feinen Sandstrand des Meia Praia Beach war Lagos ein Ausgangspunkt f\u00fcr die Galeonen der Discoveries und auch ein Versteck f\u00fcr Privatleute wie Sir Francis Drake.<\/p>\n<p>Eine sch\u00f6ne Mauer s\u00e4umt die Uferpromenade und die Altstadt ist voller kleiner Boutiquen, Restaurants und einer F\u00fclle von Kulturerbe und Kulturst\u00e4tten.<\/p>\n<p>Ein Highlight f\u00fcr die einzigartige Landschaft von Ponta da Piedade, ein echtes Postkartenbild Ihrer unvergesslichen Ferien.<\/p>\n<p>Von hier aus k\u00f6nnen Sie die K\u00fcste von Vicentina, Sagres und die Klippen von Cape S. Vicent, dem s\u00fcdwestlichsten Punkt in Portugal und in Europa, besuchen. Die Klippen sind schwindelerregende 60 Meter hoch und fallen in den w\u00fctenden Wellenstrahl.<\/p>\n<div id=\"attachment_1861\" style=\"width: 1034px\" class=\"wp-caption alignnone\"><img data-recalc-dims=\"1\" decoding=\"async\" aria-describedby=\"caption-attachment-1861\" class=\"wp-image-1861 size-large\" src=\"https:\/\/i0.wp.com\/legendatours.net\/wp-content\/uploads\/2020\/03\/Sagres_dramatic_views_cliffs-1024x686.jpg?resize=1024%2C686&#038;ssl=1\" alt=\"Dramatische Aussichten von den Klippen der Westalgarve\" width=\"1024\" height=\"686\" \/><p id=\"caption-attachment-1861\" class=\"wp-caption-text\">Dramatische Ausblicke von den Klippen der Westalgarve in Sagres, Erkundung einer Algarve weit weg von den Strandresorts und Golfpl\u00e4tzen weiter \u00f6stlich.<\/p><\/div>\n<p>Die Str\u00e4nde von Carrapateira und Odeceixe verbergen endlose D\u00fcnen, umgeben von winzigen Wildblumen, wo die einzigen Ger\u00e4usche von den Wellen, den M\u00f6wen und den singenden salzigen Winden kommen.<\/p>\n<p>Besuchen Sie St\u00e4dte wie Monchique, eingebettet in die H\u00fcgel. In der N\u00e4he befindet sich der h\u00f6chste Gipfel der Algarve, F\u00f3ia, von wo aus Sie einen Blick auf Alentejo haben.<\/p>\n<p>Silves, die ehemalige maurische Hauptstadt der Algarve, erhebt sich auf einem H\u00fcgel um die roten Steinmauern der gut erhaltenen Burg. Es dominiert die Ebenen der Orangenhaine und die Ufer des Flusses Arade.<\/p>\n<p>In Portim\u00e3o und dem angrenzenden Praia da Rocha erhalten Sie eines der landschaftlich sch\u00f6nsten und ber\u00fchmtesten Strandresorts an der Algarve.<\/p>\n<p>Um Ihre Erfahrung zu vervollst\u00e4ndigen und Ihnen die Kontraste dieser Region zu zeigen, haben Sie Reiserouten zu Orten, an denen die Zeit langsam vergeht und Sie fast vergessen, dass Sie sich an der gesch\u00e4ftigen Algarve befinden.<\/p>\n<div id=\"attachment_1869\" style=\"width: 1034px\" class=\"wp-caption alignnone\"><img data-recalc-dims=\"1\" decoding=\"async\" aria-describedby=\"caption-attachment-1869\" class=\"wp-image-1869 size-large\" src=\"https:\/\/i0.wp.com\/legendatours.net\/wp-content\/uploads\/2020\/03\/alcoutim-1024x680.jpg?resize=1024%2C680&#038;ssl=1\" alt=\"Alcoutim und der Fluss Guadiana\" width=\"1024\" height=\"680\" \/><p id=\"caption-attachment-1869\" class=\"wp-caption-text\">Alcoutim und der <a href=\"..\/..\/?s=Guadiana\" target=\"_blank\" rel=\"noopener\">Fluss Guadiana<\/a>Fahren Sie entlang des Flusses Guadiana, der in der Burg von Alcoutim endet.<\/p><\/div>\n<p>Wenn Sie \u00fcber Binnenstra\u00dfen nach Osten fahren, erleben Sie S\u00e3o Bartolomeu de Messines und Queren\u00e7a. Auf Ihrem Weg zum Fluss Guadiana an der Grenze zu Spanien finden Sie versteckte Juwelen wie Martim Longo, Alcoutim und Vila Real de Sto Ant\u00f3nio.<\/p>\n<p>Und verpassen Sie nicht die exquisiten regionalen Gerichte vom Meer und vom Land, begleitet von exzellenten portugiesischen Weinen.<\/p>\n<p>Lassen Sie sich die besten Teile der Westalgarve zeigen und nehmen Sie eine andere Seite dieser einladenden Region mit nach Hause!<\/p>\n<div class=\"row\" style=\"display: flex;\">\n<div class=\"column\" style=\"flex: 45%;\"><\/div>\n<div class=\"column\" style=\"flex: 10%;\"><\/div>\n<div class=\"column\" style=\"flex: 45%;\"><\/div>\n<\/div>","protected":false},"excerpt":{"rendered":"<p>Dieser Roadtrip ist eine aufregende M\u00f6glichkeit, die \u00dcberraschungen der Westalgarve zu entdecken! Eine von Einheimischen entworfene Route f\u00fcr Selbstfahrer zu den besonderen Orten, die bleibende Erinnerungen an einen sch\u00f6nen Urlaub hinterlassen.<\/p>\n<p>Von der spektakul\u00e4ren K\u00fcste der Westalgarve mit ihren dramatischen Klippen, die von den Atlantikwellen und einsamen Str\u00e4nden heimgesucht werden, bis zum idyllischen Inneren und den historischen St\u00e4dten werden Sie sich verw\u00f6hnen lassen!<\/p>\n<p>Die Tour findet in Lagos statt, einer historischen und kosmopolitischen Stadt.<\/p>","protected":false},"featured_media":5082,"comment_status":"closed","ping_status":"closed","template":"","meta":{"_acf_changed":false,"inline_featured_image":false},"product_brand":[],"product_cat":[673,336,327],"product_tag":[440,553,236,1053,895,428,896,897,875,876,798,557,784,785,508,877,827,800,1054,57,878,802,880,898,431,478,899,882,790,434,249,900,818,901,416,902,903,884,1055,872,322,856,909,609,417,954,1056,1057,886,834,821,887,1058,1059,904,888,793],"class_list":{"0":"post-5091","1":"product","2":"type-product","3":"status-publish","4":"has-post-thumbnail","6":"product_cat-self-drive-holidays-portugal","7":"product_cat-self-guided-sightseeing-holidays-in-portugal","8":"product_cat-self-guided-tours-portugal","9":"product_tag-algarve-coast","10":"product_tag-algarve-secluded-beaches","11":"product_tag-algarves-west-coast","12":"product_tag-alleine-reisen","13":"product_tag-atlantic-ocean","14":"product_tag-cabo-de-sao-vicente","15":"product_tag-carapateira","16":"product_tag-castle","17":"product_tag-coastal","18":"product_tag-colours","19":"product_tag-countryside","20":"product_tag-crafted-self-guided-tour","21":"product_tag-culture","22":"product_tag-delicious-food","23":"product_tag-gastronomy-and-wines","24":"product_tag-hills","25":"product_tag-historic-centre","26":"product_tag-history","27":"product_tag-individuelle-touren","28":"product_tag-lagos","29":"product_tag-landscape","30":"product_tag-lush-green-hills","31":"product_tag-market","32":"product_tag-martim-longo","33":"product_tag-monchique","34":"product_tag-natural-park","35":"product_tag-odeceixe","36":"product_tag-parapets","37":"product_tag-picturesque-landscapes","38":"product_tag-ponta-da-piedade","39":"product_tag-portimao","40":"product_tag-praia-da-luz","41":"product_tag-protected-area","42":"product_tag-querenca","43":"product_tag-sagres","44":"product_tag-salema","45":"product_tag-sao-bartolomeu-de-messines","46":"product_tag-secluded-beaches","47":"product_tag-sejour-en-liberte","48":"product_tag-self-drive-holiday","49":"product_tag-self-guided","50":"product_tag-self-guided-holiday","51":"product_tag-self-guided-sightseeing","52":"product_tag-sightseeing","53":"product_tag-silves","54":"product_tag-slave-market-lagos","55":"product_tag-solo-reisen","56":"product_tag-tours-autoguidees","57":"product_tag-traditions","58":"product_tag-undulating-plains","59":"product_tag-valleys","60":"product_tag-village","61":"product_tag-voyage-en-liberte","62":"product_tag-voyages-en-autonomie","63":"product_tag-western-algarve","64":"product_tag-white-washed-houses","65":"product_tag-wines","67":"first","68":"instock","69":"virtual","70":"product-type-simple"},"acf":[],"yoast_head":"<!-- This site is optimized with the Yoast SEO Premium plugin v26.8 (Yoast SEO v27.4) - https:\/\/yoast.com\/product\/yoast-seo-premium-wordpress\/ -->\n<title>Self-Drive Holidays in Lagos West Algarve<\/title>\n<meta name=\"description\" content=\"Discovering the surprises of the West Algarve! A self-drive itinerary, to those special spots that leave long-lasting memories of a happy holiday.\" \/>\n<meta name=\"robots\" content=\"index, follow, max-snippet:-1, max-image-preview:large, max-video-preview:-1\" \/>\n<link rel=\"canonical\" href=\"https:\/\/becooltravel.com\/de\/produkt\/lagos-die-uberraschende-west-algarve-56000sc\/\" \/>\n<meta property=\"og:locale\" content=\"de_DE\" \/>\n<meta property=\"og:type\" content=\"article\" \/>\n<meta property=\"og:title\" content=\"A self-drive itinerary designed by locals, to those special spots that leave long-lasting memories of a happy holiday.\" \/>\n<meta property=\"og:description\" content=\"A beautiful wall borders the waterfront, and the old town is filled with small boutiques, restaurants, and a wealth of heritage and culture sites.A highlight for the unique scenery of Ponta da Piedade, a true postcard picture of your memorable holidays.From here you\u2019ll get to visit the Vicentina Coast, Sagres, and the cliffs of Cape S. Vicent, the most south-westerly point in Portugal and in Europe. The cliffs are a vertiginous 60 meters high, dropping down into the furious spray of the waves.The beaches of Carrapateira and Odeceixe hide endless dunes, surrounded by tiny wildflowers, where the only sounds come from the waves, the seagulls, and the salty winds singing.\" \/>\n<meta property=\"og:url\" content=\"https:\/\/becooltravel.com\/de\/produkt\/lagos-die-uberraschende-west-algarve-56000sc\/\" \/>\n<meta property=\"og:site_name\" content=\"BeCool Travel\" \/>\n<meta property=\"article:publisher\" content=\"https:\/\/www.facebook.com\/becooltravelagency\/\" \/>\n<meta property=\"article:modified_time\" content=\"2026-03-18T12:04:06+00:00\" \/>\n<meta property=\"og:image\" content=\"https:\/\/becooltravel.com\/wp-content\/uploads\/sites\/5\/2020\/06\/West_Algarve_tour.jpg\" \/>\n\t<meta property=\"og:image:width\" content=\"1195\" \/>\n\t<meta property=\"og:image:height\" content=\"800\" \/>\n\t<meta property=\"og:image:type\" content=\"image\/jpeg\" \/>\n<meta name=\"twitter:card\" content=\"summary_large_image\" \/>\n<meta name=\"twitter:title\" content=\"A self-drive itinerary designed by locals, to those special spots that leave long-lasting memories of a happy holiday.\" \/>\n<meta name=\"twitter:description\" content=\"From the spectacular West Algarve\u2019s coast, with dramatic cliffs pounded by the Atlantic waves and secluded beaches, to the bucolic interior, and the historic cities, you\u2019ll be up for a real treat!The tour is based in Lagos, a historical and cosmopolitan city.Facing a large bay and the Meia Praia Beach\u2019s fine sands, Lagos was a point of departure for the Discoveries\u2019 galleons, and also a hideaway for privateers like Sir Francis Drake.\" \/>\n<meta name=\"twitter:image\" content=\"https:\/\/i0.wp.com\/becooltravel.com\/wp-content\/uploads\/sites\/5\/2020\/06\/West_Algarve_tour.jpg?fit=1195%2C800&ssl=1\" \/>\n<meta name=\"twitter:site\" content=\"@becool_travel\" \/>\n<meta name=\"twitter:label1\" content=\"Gesch\u00e4tzte Lesezeit\" \/>\n\t<meta name=\"twitter:data1\" content=\"3\u00a0Minuten\" \/>\n<script type=\"application\/ld+json\" class=\"yoast-schema-graph\">{\"@context\":\"https:\\\/\\\/schema.org\",\"@graph\":[{\"@type\":[\"WebPage\",\"ItemPage\"],\"@id\":\"https:\\\/\\\/becooltravel.com\\\/product\\\/lagos-the-surprising-west-algarve-56000sc\\\/\",\"url\":\"https:\\\/\\\/becooltravel.com\\\/product\\\/lagos-the-surprising-west-algarve-56000sc\\\/\",\"name\":\"Self-Drive Holidays in Lagos West Algarve\",\"isPartOf\":{\"@id\":\"https:\\\/\\\/becooltravel.com\\\/#website\"},\"primaryImageOfPage\":{\"@id\":\"https:\\\/\\\/becooltravel.com\\\/product\\\/lagos-the-surprising-west-algarve-56000sc\\\/#primaryimage\"},\"image\":{\"@id\":\"https:\\\/\\\/becooltravel.com\\\/product\\\/lagos-the-surprising-west-algarve-56000sc\\\/#primaryimage\"},\"thumbnailUrl\":\"https:\\\/\\\/i0.wp.com\\\/becooltravel.com\\\/wp-content\\\/uploads\\\/sites\\\/5\\\/2020\\\/06\\\/West_Algarve_tour.jpg?fit=1195%2C800&ssl=1\",\"datePublished\":\"2020-06-03T10:26:39+00:00\",\"dateModified\":\"2026-03-18T12:04:06+00:00\",\"description\":\"Discovering the surprises of the West Algarve! A self-drive itinerary, to those special spots that leave long-lasting memories of a happy holiday.\",\"breadcrumb\":{\"@id\":\"https:\\\/\\\/becooltravel.com\\\/product\\\/lagos-the-surprising-west-algarve-56000sc\\\/#breadcrumb\"},\"inLanguage\":\"de\",\"potentialAction\":[{\"@type\":\"ReadAction\",\"target\":[\"https:\\\/\\\/becooltravel.com\\\/product\\\/lagos-the-surprising-west-algarve-56000sc\\\/\"]}]},{\"@type\":\"ImageObject\",\"inLanguage\":\"de\",\"@id\":\"https:\\\/\\\/becooltravel.com\\\/product\\\/lagos-the-surprising-west-algarve-56000sc\\\/#primaryimage\",\"url\":\"https:\\\/\\\/i0.wp.com\\\/becooltravel.com\\\/wp-content\\\/uploads\\\/sites\\\/5\\\/2020\\\/06\\\/West_Algarve_tour.jpg?fit=1195%2C800&ssl=1\",\"contentUrl\":\"https:\\\/\\\/i0.wp.com\\\/becooltravel.com\\\/wp-content\\\/uploads\\\/sites\\\/5\\\/2020\\\/06\\\/West_Algarve_tour.jpg?fit=1195%2C800&ssl=1\",\"width\":1195,\"height\":800,\"caption\":\"West Algarve tour Lagos\"},{\"@type\":\"BreadcrumbList\",\"@id\":\"https:\\\/\\\/becooltravel.com\\\/product\\\/lagos-the-surprising-west-algarve-56000sc\\\/#breadcrumb\",\"itemListElement\":[{\"@type\":\"ListItem\",\"position\":1,\"name\":\"Home\",\"item\":\"https:\\\/\\\/becooltravel.com\\\/\"},{\"@type\":\"ListItem\",\"position\":2,\"name\":\"Shop\",\"item\":\"https:\\\/\\\/becooltravel.com\\\/?page_id=5\"},{\"@type\":\"ListItem\",\"position\":3,\"name\":\"The Algarve is the beautiful southern coastline of Portugal. It is a region blessed with stunning beaches, picturesque fishing towns and a glorious climate\",\"item\":\"https:\\\/\\\/becooltravel.com\\\/product-tag\\\/algarve-coast\\\/\"},{\"@type\":\"ListItem\",\"position\":4,\"name\":\"Self-Drive Holidays in Lagos: The Surprising West Algarve The Algarve is so much more than sun and sea. A self-drive itinerary designed by locals, to those special spots that leave long-lasting memories of a happy holiday.\"}]},{\"@type\":\"WebSite\",\"@id\":\"https:\\\/\\\/becooltravel.com\\\/#website\",\"url\":\"https:\\\/\\\/becooltravel.com\\\/\",\"name\":\"BeCool Travel\",\"description\":\"Sustainable holidays in Portugal for independent travelers\",\"publisher\":{\"@id\":\"https:\\\/\\\/becooltravel.com\\\/#organization\"},\"potentialAction\":[{\"@type\":\"SearchAction\",\"target\":{\"@type\":\"EntryPoint\",\"urlTemplate\":\"https:\\\/\\\/becooltravel.com\\\/?s={search_term_string}\"},\"query-input\":{\"@type\":\"PropertyValueSpecification\",\"valueRequired\":true,\"valueName\":\"search_term_string\"}}],\"inLanguage\":\"de\"},{\"@type\":\"Organization\",\"@id\":\"https:\\\/\\\/becooltravel.com\\\/#organization\",\"name\":\"BecoolTravel. com- Portugal\",\"url\":\"https:\\\/\\\/becooltravel.com\\\/\",\"logo\":{\"@type\":\"ImageObject\",\"inLanguage\":\"de\",\"@id\":\"https:\\\/\\\/becooltravel.com\\\/#\\\/schema\\\/logo\\\/image\\\/\",\"url\":\"https:\\\/\\\/becooltravel.com\\\/wp-content\\\/uploads\\\/sites\\\/5\\\/2020\\\/03\\\/Logo_BeCool.jpg\",\"contentUrl\":\"https:\\\/\\\/becooltravel.com\\\/wp-content\\\/uploads\\\/sites\\\/5\\\/2020\\\/03\\\/Logo_BeCool.jpg\",\"width\":534,\"height\":534,\"caption\":\"BecoolTravel. com- Portugal\"},\"image\":{\"@id\":\"https:\\\/\\\/becooltravel.com\\\/#\\\/schema\\\/logo\\\/image\\\/\"},\"sameAs\":[\"https:\\\/\\\/www.facebook.com\\\/becooltravelagency\\\/\",\"https:\\\/\\\/x.com\\\/becool_travel\",\"https:\\\/\\\/www.instagram.com\\\/becooltravel_com\\\/\",\"https:\\\/\\\/www.linkedin.com\\\/company\\\/becool-travel\\\/\",\"https:\\\/\\\/www.youtube.com\\\/channel\\\/UCE7zRU3EVG1PgfXwQo-5uJw\"]}]}<\/script>\n<!-- \/ Yoast SEO Premium plugin. -->","yoast_head_json":{"title":"Selbstfahrer-Urlaub in Lagos Westalgarve","description":"Entdecken Sie die \u00dcberraschungen der Westalgarve! Eine Reiseroute f\u00fcr Selbstfahrer zu diesen besonderen Orten, die langanhaltende Erinnerungen an einen gl\u00fccklichen Urlaub hinterlassen.","robots":{"index":"index","follow":"follow","max-snippet":"max-snippet:-1","max-image-preview":"max-image-preview:large","max-video-preview":"max-video-preview:-1"},"canonical":"https:\/\/becooltravel.com\/de\/produkt\/lagos-die-uberraschende-west-algarve-56000sc\/","og_locale":"de_DE","og_type":"article","og_title":"A self-drive itinerary designed by locals, to those special spots that leave long-lasting memories of a happy holiday.","og_description":"A beautiful wall borders the waterfront, and the old town is filled with small boutiques, restaurants, and a wealth of heritage and culture sites.A highlight for the unique scenery of Ponta da Piedade, a true postcard picture of your memorable holidays.From here you\u2019ll get to visit the Vicentina Coast, Sagres, and the cliffs of Cape S. Vicent, the most south-westerly point in Portugal and in Europe. The cliffs are a vertiginous 60 meters high, dropping down into the furious spray of the waves.The beaches of Carrapateira and Odeceixe hide endless dunes, surrounded by tiny wildflowers, where the only sounds come from the waves, the seagulls, and the salty winds singing.","og_url":"https:\/\/becooltravel.com\/de\/produkt\/lagos-die-uberraschende-west-algarve-56000sc\/","og_site_name":"BeCool Travel","article_publisher":"https:\/\/www.facebook.com\/becooltravelagency\/","article_modified_time":"2026-03-18T12:04:06+00:00","og_image":[{"width":1195,"height":800,"url":"https:\/\/becooltravel.com\/wp-content\/uploads\/sites\/5\/2020\/06\/West_Algarve_tour.jpg","type":"image\/jpeg"}],"twitter_card":"summary_large_image","twitter_title":"A self-drive itinerary designed by locals, to those special spots that leave long-lasting memories of a happy holiday.","twitter_description":"From the spectacular West Algarve\u2019s coast, with dramatic cliffs pounded by the Atlantic waves and secluded beaches, to the bucolic interior, and the historic cities, you\u2019ll be up for a real treat!The tour is based in Lagos, a historical and cosmopolitan city.Facing a large bay and the Meia Praia Beach\u2019s fine sands, Lagos was a point of departure for the Discoveries\u2019 galleons, and also a hideaway for privateers like Sir Francis Drake.","twitter_image":"https:\/\/i0.wp.com\/becooltravel.com\/wp-content\/uploads\/sites\/5\/2020\/06\/West_Algarve_tour.jpg?fit=1195%2C800&ssl=1","twitter_site":"@becool_travel","twitter_misc":{"Gesch\u00e4tzte Lesezeit":"3\u00a0Minuten"},"schema":{"@context":"https:\/\/schema.org","@graph":[{"@type":["WebPage","ItemPage"],"@id":"https:\/\/becooltravel.com\/product\/lagos-the-surprising-west-algarve-56000sc\/","url":"https:\/\/becooltravel.com\/product\/lagos-the-surprising-west-algarve-56000sc\/","name":"Selbstfahrer-Urlaub in Lagos Westalgarve","isPartOf":{"@id":"https:\/\/becooltravel.com\/#website"},"primaryImageOfPage":{"@id":"https:\/\/becooltravel.com\/product\/lagos-the-surprising-west-algarve-56000sc\/#primaryimage"},"image":{"@id":"https:\/\/becooltravel.com\/product\/lagos-the-surprising-west-algarve-56000sc\/#primaryimage"},"thumbnailUrl":"https:\/\/i0.wp.com\/becooltravel.com\/wp-content\/uploads\/sites\/5\/2020\/06\/West_Algarve_tour.jpg?fit=1195%2C800&ssl=1","datePublished":"2020-06-03T10:26:39+00:00","dateModified":"2026-03-18T12:04:06+00:00","description":"Entdecken Sie die \u00dcberraschungen der Westalgarve! Eine Reiseroute f\u00fcr Selbstfahrer zu diesen besonderen Orten, die langanhaltende Erinnerungen an einen gl\u00fccklichen Urlaub hinterlassen.","breadcrumb":{"@id":"https:\/\/becooltravel.com\/product\/lagos-the-surprising-west-algarve-56000sc\/#breadcrumb"},"inLanguage":"de","potentialAction":[{"@type":"ReadAction","target":["https:\/\/becooltravel.com\/product\/lagos-the-surprising-west-algarve-56000sc\/"]}]},{"@type":"ImageObject","inLanguage":"de","@id":"https:\/\/becooltravel.com\/product\/lagos-the-surprising-west-algarve-56000sc\/#primaryimage","url":"https:\/\/i0.wp.com\/becooltravel.com\/wp-content\/uploads\/sites\/5\/2020\/06\/West_Algarve_tour.jpg?fit=1195%2C800&ssl=1","contentUrl":"https:\/\/i0.wp.com\/becooltravel.com\/wp-content\/uploads\/sites\/5\/2020\/06\/West_Algarve_tour.jpg?fit=1195%2C800&ssl=1","width":1195,"height":800,"caption":"West Algarve tour Lagos"},{"@type":"BreadcrumbList","@id":"https:\/\/becooltravel.com\/product\/lagos-the-surprising-west-algarve-56000sc\/#breadcrumb","itemListElement":[{"@type":"ListItem","position":1,"name":"Home","item":"https:\/\/becooltravel.com\/"},{"@type":"ListItem","position":2,"name":"Shop","item":"https:\/\/becooltravel.com\/?page_id=5"},{"@type":"ListItem","position":3,"name":"The Algarve is the beautiful southern coastline of Portugal. It is a region blessed with stunning beaches, picturesque fishing towns and a glorious climate","item":"https:\/\/becooltravel.com\/product-tag\/algarve-coast\/"},{"@type":"ListItem","position":4,"name":"Self-Drive Holidays in Lagos: The Surprising West Algarve The Algarve is so much more than sun and sea. A self-drive itinerary designed by locals, to those special spots that leave long-lasting memories of a happy holiday."}]},{"@type":"WebSite","@id":"https:\/\/becooltravel.com\/#website","url":"https:\/\/becooltravel.com\/","name":"BeCool Travel","description":"Nachhaltiger Urlaub in Portugal f\u00fcr Individualreisende","publisher":{"@id":"https:\/\/becooltravel.com\/#organization"},"potentialAction":[{"@type":"SearchAction","target":{"@type":"EntryPoint","urlTemplate":"https:\/\/becooltravel.com\/?s={search_term_string}"},"query-input":{"@type":"PropertyValueSpecification","valueRequired":true,"valueName":"search_term_string"}}],"inLanguage":"de"},{"@type":"Organization","@id":"https:\/\/becooltravel.com\/#organization","name":"BecoolTravel. com- Portugal","url":"https:\/\/becooltravel.com\/","logo":{"@type":"ImageObject","inLanguage":"de","@id":"https:\/\/becooltravel.com\/#\/schema\/logo\/image\/","url":"https:\/\/becooltravel.com\/wp-content\/uploads\/sites\/5\/2020\/03\/Logo_BeCool.jpg","contentUrl":"https:\/\/becooltravel.com\/wp-content\/uploads\/sites\/5\/2020\/03\/Logo_BeCool.jpg","width":534,"height":534,"caption":"BecoolTravel. com- Portugal"},"image":{"@id":"https:\/\/becooltravel.com\/#\/schema\/logo\/image\/"},"sameAs":["https:\/\/www.facebook.com\/becooltravelagency\/","https:\/\/x.com\/becool_travel","https:\/\/www.instagram.com\/becooltravel_com\/","https:\/\/www.linkedin.com\/company\/becool-travel\/","https:\/\/www.youtube.com\/channel\/UCE7zRU3EVG1PgfXwQo-5uJw"]}]}},"jetpack_sharing_enabled":true,"_links":{"self":[{"href":"https:\/\/becooltravel.com\/de\/wp-json\/wp\/v2\/product\/5091","targetHints":{"allow":["GET"]}}],"collection":[{"href":"https:\/\/becooltravel.com\/de\/wp-json\/wp\/v2\/product"}],"about":[{"href":"https:\/\/becooltravel.com\/de\/wp-json\/wp\/v2\/types\/product"}],"replies":[{"embeddable":true,"href":"https:\/\/becooltravel.com\/de\/wp-json\/wp\/v2\/comments?post=5091"}],"wp:featuredmedia":[{"embeddable":true,"href":"https:\/\/becooltravel.com\/de\/wp-json\/wp\/v2\/media\/5082"}],"wp:attachment":[{"href":"https:\/\/becooltravel.com\/de\/wp-json\/wp\/v2\/media?parent=5091"}],"wp:term":[{"taxonomy":"product_brand","embeddable":true,"href":"https:\/\/becooltravel.com\/de\/wp-json\/wp\/v2\/product_brand?post=5091"},{"taxonomy":"product_cat","embeddable":true,"href":"https:\/\/becooltravel.com\/de\/wp-json\/wp\/v2\/product_cat?post=5091"},{"taxonomy":"product_tag","embeddable":true,"href":"https:\/\/becooltravel.com\/de\/wp-json\/wp\/v2\/product_tag?post=5091"}],"curies":[{"name":"wp","href":"https:\/\/api.w.org\/{rel}","templated":true}]}}