{"id":5141,"date":"2020-06-09T13:54:24","date_gmt":"2020-06-09T13:54:24","guid":{"rendered":"https:\/\/becooltravel.com\/product\/escape-to-praia-da-rocha-4600pk\/"},"modified":"2026-03-18T12:29:57","modified_gmt":"2026-03-18T12:29:57","slug":"escape-to-praia-da-rocha-4600pk","status":"publish","type":"product","link":"https:\/\/becooltravel.com\/de\/produkt\/flucht-nach-praia-da-rocha-4600pk\/","title":{"rendered":"Flucht nach Praia Da Rocha"},"content":{"rendered":"<p>Der riesige Sandstreifen des Praia da Rocha, umgeben von ockerfarbenen und verbrannten Siena-Klippen, ist eine der bekanntesten Sehensw\u00fcrdigkeiten der Algarve.<\/p>\n<p>Es ist ein idealer Ort, um tags\u00fcber am Strand zu faulenzen, gutes Essen und Wein zu genie\u00dfen und sp\u00e4ter die Nacht zu genie\u00dfen!<\/p>\n<p>Buchen Sie Ihren Aufenthalt und erleben Sie einen erholsamen Urlaub an diesem sch\u00f6nen Strandort in der N\u00e4he einer Vielzahl von Sehensw\u00fcrdigkeiten.<\/p>\n<p>Das Praia da Rocha liegt an der Westalgarve in der N\u00e4he von Portim\u00e3o. Es ist ein klassischer Ferienort mit einem au\u00dfergew\u00f6hnlichen Strand und einer lebhaften Atmosph\u00e4re. Je nach Jahreszeit zieht die Stadt unterschiedliche Besucher an.<\/p>\n<div id=\"attachment_2435\" style=\"width: 1034px\" class=\"wp-caption alignnone\"><img data-recalc-dims=\"1\" decoding=\"async\" aria-describedby=\"caption-attachment-2435\" class=\"wp-image-2435 size-large\" src=\"https:\/\/i0.wp.com\/legendatours.net\/wp-content\/uploads\/2020\/06\/Praia_rocha_beach-1024x768.jpg?resize=1024%2C768&#038;ssl=1\" alt=\"Strandurlaub in Praia da Rocha\" width=\"1024\" height=\"768\" \/><p id=\"caption-attachment-2435\" class=\"wp-caption-text\">Strandurlaub in Praia da Rocha<\/p><\/div>\n<p>W\u00e4hrend des Sommers ist Praia da Rocha im Wesentlichen ein Familienurlaubsziel, in dem Kinder fast \u00fcberall willkommen sind, und eine allgemeine aufregende Atmosph\u00e4re, die auch f\u00fcr junge Paare gro\u00dfartig ist.<\/p>\n<p>Au\u00dferhalb der Hochsaison finden Sie eine ruhigere Atmosph\u00e4re, die \u00e4ltere G\u00e4ste anspricht, die nach einem erholsamen Urlaub suchen.<\/p>\n<p>In Praia da Rocha gibt es alle Arten von Unterhaltung, f\u00fcr jeden ist etwas dabei, einschlie\u00dflich Bootstouren, Tagesausfl\u00fcgen, Wasserparks, Themenparks und Sport am Strand.<\/p>\n<p>Es gibt Restaurants und Bars f\u00fcr jeden Geschmack und das Nachtleben ist abwechslungsreich und interessant. W\u00e4hrend die Hauptstra\u00dfe mit lebhaften Themenbars, Terrassen und einem Casino gef\u00fcllt ist, finden Sie in der N\u00e4he des Yachthafens eine exklusivere und modischere Atmosph\u00e4re.<\/p>\n<p>Und obwohl Praia da Rocha haupts\u00e4chlich ein Ferienort f\u00fcr die Sommersaison ist, der mit touristischen Einrichtungen und Attraktionen gebaut wurde, gibt es in der N\u00e4he Erbe und Kultur!<\/p>\n<div id=\"attachment_2434\" style=\"width: 1034px\" class=\"wp-caption alignnone\"><img data-recalc-dims=\"1\" decoding=\"async\" aria-describedby=\"caption-attachment-2434\" class=\"wp-image-2434 size-large\" src=\"https:\/\/i0.wp.com\/legendatours.net\/wp-content\/uploads\/2020\/06\/Praia_-da_Rocha-1024x646.jpg?resize=1024%2C646&#038;ssl=1\" alt=\"Praia da Rocha\" width=\"1024\" height=\"646\" \/><p id=\"caption-attachment-2434\" class=\"wp-caption-text\">Praia da Rocha<\/p><\/div>\n<p>Sie k\u00f6nnen charmante historische St\u00e4dte an der Westalgarve besuchen, wie Lagos, die Stadt, von der aus die Entdeckungen begannen, oder Silves, die einst arabische Hauptstadt der Algarve, auf dem Land.<\/p>\n<p>Verpassen Sie nicht die Monchique Mountains, um eine ruhigere, gr\u00fcnere Landschaft zu erhalten.<br \/>\nWenn Sie die K\u00fcste erkunden m\u00f6chten, empfehlen wir Ihnen die windgepeitschte Kapelle Senhora da Rocha auf einem Vorgebirge mit Blick auf einen h\u00fcbschen Strand, eine 30-min\u00fctige Autofahrt entfernt.<\/p>\n<p>Ein weiteres Highlight ist die wundersch\u00f6ne Ria de Alvor an der M\u00fcndung des Flusses Arade. Sie k\u00f6nnen einen ruhigen Tag abseits der Hektik in diesem reichen Naturparadies verbringen!<\/p>\n<p><iframe title=\"Algarve Visto do Ar - Concelho de Portim\u00e3o\" width=\"1080\" height=\"608\" src=\"https:\/\/www.youtube.com\/embed\/3oQNarcw8qo?feature=oembed\" frameborder=\"0\" allow=\"accelerometer; autoplay; clipboard-write; encrypted-media; gyroscope; picture-in-picture; web-share\" referrerpolicy=\"strict-origin-when-cross-origin\" allowfullscreen><\/iframe><\/p>","protected":false},"excerpt":{"rendered":"<p>Der riesige Sandstreifen des Praia da Rocha, umgeben von ockerfarbenen und verbrannten Siena-Klippen, ist eine der bekanntesten Sehensw\u00fcrdigkeiten der Algarve.<\/p>\n<p>Es ist ein idealer Ort, um tags\u00fcber am Strand zu faulenzen, gutes Essen und Wein zu genie\u00dfen und sp\u00e4ter die Nacht zu genie\u00dfen!<\/p>\n<p>Buchen Sie Ihren Aufenthalt und erleben Sie einen erholsamen Urlaub an diesem sch\u00f6nen Strandort in der N\u00e4he einer Vielzahl von Sehensw\u00fcrdigkeiten.<\/p>","protected":false},"featured_media":5130,"comment_status":"closed","ping_status":"closed","template":"","meta":{"_acf_changed":false,"inline_featured_image":false},"product_brand":[],"product_cat":[333,329],"product_tag":[618,311,795,240,204,643,606,508,815,260,1286,607,1130,57,431,631,249,566,807,622,609,417,610,611,623,613],"class_list":{"0":"post-5141","1":"product","2":"type-product","3":"status-publish","4":"has-post-thumbnail","6":"product_cat-escape-4-days-tour-portugal","7":"product_cat-holiday-packs-tours-portugal","8":"product_tag-4-days-tour","9":"product_tag-algarve","10":"product_tag-alvor","11":"product_tag-alvor-estuary","12":"product_tag-cultural-heritage","13":"product_tag-family-holidays","14":"product_tag-gastronomy","15":"product_tag-gastronomy-and-wines","16":"product_tag-historic","17":"product_tag-history-and-heritage","18":"product_tag-holiday","19":"product_tag-holidays","20":"product_tag-holidays-in-the-algarve","21":"product_tag-lagos","22":"product_tag-monchique","23":"product_tag-night","24":"product_tag-portimao","25":"product_tag-praia-da-rocha","26":"product_tag-ria-de-alvor","27":"product_tag-sandy-beach","28":"product_tag-sightseeing","29":"product_tag-silves","30":"product_tag-spring","31":"product_tag-summer","32":"product_tag-sun-beach","33":"product_tag-sunny-days","35":"first","36":"instock","37":"virtual","38":"product-type-simple"},"acf":[],"yoast_head":"<!-- This site is optimized with the Yoast SEO Premium plugin v26.8 (Yoast SEO v27.5) - https:\/\/yoast.com\/product\/yoast-seo-premium-wordpress\/ -->\n<title>Escape to Praia Da Rocha<\/title>\n<meta name=\"description\" content=\"Escape to Praia Da Rocha It\u2019s an ideal place to lounge on the beach during the day, enjoy great food and wine, and later embrace the night!\" \/>\n<meta name=\"robots\" content=\"index, follow, max-snippet:-1, max-image-preview:large, max-video-preview:-1\" \/>\n<link rel=\"canonical\" href=\"https:\/\/becooltravel.com\/de\/produkt\/flucht-nach-praia-da-rocha-4600pk\/\" \/>\n<meta property=\"og:locale\" content=\"de_DE\" \/>\n<meta property=\"og:type\" content=\"article\" \/>\n<meta property=\"og:title\" content=\"Escape to Praia Da Rocha It\u2019s an ideal place to lounge on the beach during the day, enjoy great food and wine, and later embrace the night!\" \/>\n<meta property=\"og:description\" content=\"There are restaurants and bars for all tastes, and the nightlife is varied and interesting. While the main avenue is filled with buzzing themed bars, terraces, and a casino, near the marina you\u2019ll find a more exclusive and fashionable atmosphere.And although Praia da Rocha is mainly a summer season resort, build with tourist facilities and attractions, there are heritage and culture nearby!\" \/>\n<meta property=\"og:url\" content=\"https:\/\/becooltravel.com\/de\/produkt\/flucht-nach-praia-da-rocha-4600pk\/\" \/>\n<meta property=\"og:site_name\" content=\"BeCool Travel\" \/>\n<meta property=\"article:publisher\" content=\"https:\/\/www.facebook.com\/becooltravelagency\/\" \/>\n<meta property=\"article:modified_time\" content=\"2026-03-18T12:29:57+00:00\" \/>\n<meta property=\"og:image\" content=\"https:\/\/becooltravel.com\/wp-content\/uploads\/sites\/5\/2020\/06\/Praia_Rocha.jpg\" \/>\n\t<meta property=\"og:image:width\" content=\"1200\" \/>\n\t<meta property=\"og:image:height\" content=\"792\" \/>\n\t<meta property=\"og:image:type\" content=\"image\/jpeg\" \/>\n<meta name=\"twitter:card\" content=\"summary_large_image\" \/>\n<meta name=\"twitter:title\" content=\"Escape to Praia Da Rocha It\u2019s an ideal place to lounge on the beach during the day, enjoy great food and wine, and later embrace the night!\" \/>\n<meta name=\"twitter:description\" content=\"You can visit charming historic cities in the West Algarve, like Lagos, the town from where the Discoveries started, or Silves, the once Arab capital of the Algarve, in the countryside.A bit further away, don\u2019t miss the Monchique Mountains, for a calmer, greener landscape.If you wish to explore the coast, a suggestion is the windswept chapel of Senhora da Rocha, in a promontory overlooking a pretty beach, a 30-minute drive away.\" \/>\n<meta name=\"twitter:image\" content=\"https:\/\/i0.wp.com\/becooltravel.com\/wp-content\/uploads\/sites\/5\/2020\/06\/Praia_Rocha.jpg?fit=1200%2C792&ssl=1\" \/>\n<meta name=\"twitter:site\" content=\"@becool_travel\" \/>\n<meta name=\"twitter:label1\" content=\"Gesch\u00e4tzte Lesezeit\" \/>\n\t<meta name=\"twitter:data1\" content=\"3\u00a0Minuten\" \/>\n<script type=\"application\/ld+json\" class=\"yoast-schema-graph\">{\"@context\":\"https:\\\/\\\/schema.org\",\"@graph\":[{\"@type\":[\"WebPage\",\"ItemPage\"],\"@id\":\"https:\\\/\\\/becooltravel.com\\\/product\\\/escape-to-praia-da-rocha-4600pk\\\/\",\"url\":\"https:\\\/\\\/becooltravel.com\\\/product\\\/escape-to-praia-da-rocha-4600pk\\\/\",\"name\":\"Escape to Praia Da Rocha\",\"isPartOf\":{\"@id\":\"https:\\\/\\\/becooltravel.com\\\/#website\"},\"primaryImageOfPage\":{\"@id\":\"https:\\\/\\\/becooltravel.com\\\/product\\\/escape-to-praia-da-rocha-4600pk\\\/#primaryimage\"},\"image\":{\"@id\":\"https:\\\/\\\/becooltravel.com\\\/product\\\/escape-to-praia-da-rocha-4600pk\\\/#primaryimage\"},\"thumbnailUrl\":\"https:\\\/\\\/i0.wp.com\\\/becooltravel.com\\\/wp-content\\\/uploads\\\/sites\\\/5\\\/2020\\\/06\\\/Praia_Rocha.jpg?fit=1200%2C792&ssl=1\",\"datePublished\":\"2020-06-09T13:54:24+00:00\",\"dateModified\":\"2026-03-18T12:29:57+00:00\",\"description\":\"Escape to Praia Da Rocha It\u2019s an ideal place to lounge on the beach during the day, enjoy great food and wine, and later embrace the night!\",\"breadcrumb\":{\"@id\":\"https:\\\/\\\/becooltravel.com\\\/product\\\/escape-to-praia-da-rocha-4600pk\\\/#breadcrumb\"},\"inLanguage\":\"de\",\"potentialAction\":[{\"@type\":\"ReadAction\",\"target\":[\"https:\\\/\\\/becooltravel.com\\\/product\\\/escape-to-praia-da-rocha-4600pk\\\/\"]}]},{\"@type\":\"ImageObject\",\"inLanguage\":\"de\",\"@id\":\"https:\\\/\\\/becooltravel.com\\\/product\\\/escape-to-praia-da-rocha-4600pk\\\/#primaryimage\",\"url\":\"https:\\\/\\\/i0.wp.com\\\/becooltravel.com\\\/wp-content\\\/uploads\\\/sites\\\/5\\\/2020\\\/06\\\/Praia_Rocha.jpg?fit=1200%2C792&ssl=1\",\"contentUrl\":\"https:\\\/\\\/i0.wp.com\\\/becooltravel.com\\\/wp-content\\\/uploads\\\/sites\\\/5\\\/2020\\\/06\\\/Praia_Rocha.jpg?fit=1200%2C792&ssl=1\",\"width\":1200,\"height\":792,\"caption\":\"Praia da Rocha\"},{\"@type\":\"BreadcrumbList\",\"@id\":\"https:\\\/\\\/becooltravel.com\\\/product\\\/escape-to-praia-da-rocha-4600pk\\\/#breadcrumb\",\"itemListElement\":[{\"@type\":\"ListItem\",\"position\":1,\"name\":\"Home\",\"item\":\"https:\\\/\\\/becooltravel.com\\\/\"},{\"@type\":\"ListItem\",\"position\":2,\"name\":\"Shop\",\"item\":\"https:\\\/\\\/becooltravel.com\\\/?page_id=5\"},{\"@type\":\"ListItem\",\"position\":3,\"name\":\"4 days tours and itineraries in Portugal\",\"item\":\"https:\\\/\\\/becooltravel.com\\\/product-tag\\\/4-days-tour\\\/\"},{\"@type\":\"ListItem\",\"position\":4,\"name\":\"Escape to Praia Da Rocha It\u2019s an ideal place to lounge on the beach during the day, enjoy great food and wine, and later embrace the night!\"}]},{\"@type\":\"WebSite\",\"@id\":\"https:\\\/\\\/becooltravel.com\\\/#website\",\"url\":\"https:\\\/\\\/becooltravel.com\\\/\",\"name\":\"BeCool Travel\",\"description\":\"Sustainable holidays in Portugal for independent travelers\",\"publisher\":{\"@id\":\"https:\\\/\\\/becooltravel.com\\\/#organization\"},\"potentialAction\":[{\"@type\":\"SearchAction\",\"target\":{\"@type\":\"EntryPoint\",\"urlTemplate\":\"https:\\\/\\\/becooltravel.com\\\/?s={search_term_string}\"},\"query-input\":{\"@type\":\"PropertyValueSpecification\",\"valueRequired\":true,\"valueName\":\"search_term_string\"}}],\"inLanguage\":\"de\"},{\"@type\":\"Organization\",\"@id\":\"https:\\\/\\\/becooltravel.com\\\/#organization\",\"name\":\"BecoolTravel. com- Portugal\",\"url\":\"https:\\\/\\\/becooltravel.com\\\/\",\"logo\":{\"@type\":\"ImageObject\",\"inLanguage\":\"de\",\"@id\":\"https:\\\/\\\/becooltravel.com\\\/#\\\/schema\\\/logo\\\/image\\\/\",\"url\":\"https:\\\/\\\/becooltravel.com\\\/wp-content\\\/uploads\\\/sites\\\/5\\\/2020\\\/03\\\/Logo_BeCool.jpg\",\"contentUrl\":\"https:\\\/\\\/becooltravel.com\\\/wp-content\\\/uploads\\\/sites\\\/5\\\/2020\\\/03\\\/Logo_BeCool.jpg\",\"width\":534,\"height\":534,\"caption\":\"BecoolTravel. com- Portugal\"},\"image\":{\"@id\":\"https:\\\/\\\/becooltravel.com\\\/#\\\/schema\\\/logo\\\/image\\\/\"},\"sameAs\":[\"https:\\\/\\\/www.facebook.com\\\/becooltravelagency\\\/\",\"https:\\\/\\\/x.com\\\/becool_travel\",\"https:\\\/\\\/www.instagram.com\\\/becooltravel_com\\\/\",\"https:\\\/\\\/www.linkedin.com\\\/company\\\/becool-travel\\\/\",\"https:\\\/\\\/www.youtube.com\\\/channel\\\/UCE7zRU3EVG1PgfXwQo-5uJw\"]}]}<\/script>\n<!-- \/ Yoast SEO Premium plugin. -->","yoast_head_json":{"title":"Flucht nach Praia Da Rocha","description":"Entfliehen Sie dem Praia Da Rocha Es ist ein idealer Ort, um tags\u00fcber am Strand zu entspannen, gutes Essen und Wein zu genie\u00dfen und sp\u00e4ter die Nacht zu genie\u00dfen!","robots":{"index":"index","follow":"follow","max-snippet":"max-snippet:-1","max-image-preview":"max-image-preview:large","max-video-preview":"max-video-preview:-1"},"canonical":"https:\/\/becooltravel.com\/de\/produkt\/flucht-nach-praia-da-rocha-4600pk\/","og_locale":"de_DE","og_type":"article","og_title":"Escape to Praia Da Rocha It\u2019s an ideal place to lounge on the beach during the day, enjoy great food and wine, and later embrace the night!","og_description":"There are restaurants and bars for all tastes, and the nightlife is varied and interesting. While the main avenue is filled with buzzing themed bars, terraces, and a casino, near the marina you\u2019ll find a more exclusive and fashionable atmosphere.And although Praia da Rocha is mainly a summer season resort, build with tourist facilities and attractions, there are heritage and culture nearby!","og_url":"https:\/\/becooltravel.com\/de\/produkt\/flucht-nach-praia-da-rocha-4600pk\/","og_site_name":"BeCool Travel","article_publisher":"https:\/\/www.facebook.com\/becooltravelagency\/","article_modified_time":"2026-03-18T12:29:57+00:00","og_image":[{"width":1200,"height":792,"url":"https:\/\/becooltravel.com\/wp-content\/uploads\/sites\/5\/2020\/06\/Praia_Rocha.jpg","type":"image\/jpeg"}],"twitter_card":"summary_large_image","twitter_title":"Escape to Praia Da Rocha It\u2019s an ideal place to lounge on the beach during the day, enjoy great food and wine, and later embrace the night!","twitter_description":"You can visit charming historic cities in the West Algarve, like Lagos, the town from where the Discoveries started, or Silves, the once Arab capital of the Algarve, in the countryside.A bit further away, don\u2019t miss the Monchique Mountains, for a calmer, greener landscape.If you wish to explore the coast, a suggestion is the windswept chapel of Senhora da Rocha, in a promontory overlooking a pretty beach, a 30-minute drive away.","twitter_image":"https:\/\/i0.wp.com\/becooltravel.com\/wp-content\/uploads\/sites\/5\/2020\/06\/Praia_Rocha.jpg?fit=1200%2C792&ssl=1","twitter_site":"@becool_travel","twitter_misc":{"Gesch\u00e4tzte Lesezeit":"3\u00a0Minuten"},"schema":{"@context":"https:\/\/schema.org","@graph":[{"@type":["WebPage","ItemPage"],"@id":"https:\/\/becooltravel.com\/product\/escape-to-praia-da-rocha-4600pk\/","url":"https:\/\/becooltravel.com\/product\/escape-to-praia-da-rocha-4600pk\/","name":"Flucht nach Praia Da Rocha","isPartOf":{"@id":"https:\/\/becooltravel.com\/#website"},"primaryImageOfPage":{"@id":"https:\/\/becooltravel.com\/product\/escape-to-praia-da-rocha-4600pk\/#primaryimage"},"image":{"@id":"https:\/\/becooltravel.com\/product\/escape-to-praia-da-rocha-4600pk\/#primaryimage"},"thumbnailUrl":"https:\/\/i0.wp.com\/becooltravel.com\/wp-content\/uploads\/sites\/5\/2020\/06\/Praia_Rocha.jpg?fit=1200%2C792&ssl=1","datePublished":"2020-06-09T13:54:24+00:00","dateModified":"2026-03-18T12:29:57+00:00","description":"Entfliehen Sie dem Praia Da Rocha Es ist ein idealer Ort, um tags\u00fcber am Strand zu entspannen, gutes Essen und Wein zu genie\u00dfen und sp\u00e4ter die Nacht zu genie\u00dfen!","breadcrumb":{"@id":"https:\/\/becooltravel.com\/product\/escape-to-praia-da-rocha-4600pk\/#breadcrumb"},"inLanguage":"de","potentialAction":[{"@type":"ReadAction","target":["https:\/\/becooltravel.com\/product\/escape-to-praia-da-rocha-4600pk\/"]}]},{"@type":"ImageObject","inLanguage":"de","@id":"https:\/\/becooltravel.com\/product\/escape-to-praia-da-rocha-4600pk\/#primaryimage","url":"https:\/\/i0.wp.com\/becooltravel.com\/wp-content\/uploads\/sites\/5\/2020\/06\/Praia_Rocha.jpg?fit=1200%2C792&ssl=1","contentUrl":"https:\/\/i0.wp.com\/becooltravel.com\/wp-content\/uploads\/sites\/5\/2020\/06\/Praia_Rocha.jpg?fit=1200%2C792&ssl=1","width":1200,"height":792,"caption":"Praia da Rocha"},{"@type":"BreadcrumbList","@id":"https:\/\/becooltravel.com\/product\/escape-to-praia-da-rocha-4600pk\/#breadcrumb","itemListElement":[{"@type":"ListItem","position":1,"name":"Home","item":"https:\/\/becooltravel.com\/"},{"@type":"ListItem","position":2,"name":"Shop","item":"https:\/\/becooltravel.com\/?page_id=5"},{"@type":"ListItem","position":3,"name":"4 days tours and itineraries in Portugal","item":"https:\/\/becooltravel.com\/product-tag\/4-days-tour\/"},{"@type":"ListItem","position":4,"name":"Escape to Praia Da Rocha It\u2019s an ideal place to lounge on the beach during the day, enjoy great food and wine, and later embrace the night!"}]},{"@type":"WebSite","@id":"https:\/\/becooltravel.com\/#website","url":"https:\/\/becooltravel.com\/","name":"BeCool Travel","description":"Nachhaltiger Urlaub in Portugal f\u00fcr Individualreisende","publisher":{"@id":"https:\/\/becooltravel.com\/#organization"},"potentialAction":[{"@type":"SearchAction","target":{"@type":"EntryPoint","urlTemplate":"https:\/\/becooltravel.com\/?s={search_term_string}"},"query-input":{"@type":"PropertyValueSpecification","valueRequired":true,"valueName":"search_term_string"}}],"inLanguage":"de"},{"@type":"Organization","@id":"https:\/\/becooltravel.com\/#organization","name":"BecoolTravel. com- Portugal","url":"https:\/\/becooltravel.com\/","logo":{"@type":"ImageObject","inLanguage":"de","@id":"https:\/\/becooltravel.com\/#\/schema\/logo\/image\/","url":"https:\/\/becooltravel.com\/wp-content\/uploads\/sites\/5\/2020\/03\/Logo_BeCool.jpg","contentUrl":"https:\/\/becooltravel.com\/wp-content\/uploads\/sites\/5\/2020\/03\/Logo_BeCool.jpg","width":534,"height":534,"caption":"BecoolTravel. com- Portugal"},"image":{"@id":"https:\/\/becooltravel.com\/#\/schema\/logo\/image\/"},"sameAs":["https:\/\/www.facebook.com\/becooltravelagency\/","https:\/\/x.com\/becool_travel","https:\/\/www.instagram.com\/becooltravel_com\/","https:\/\/www.linkedin.com\/company\/becool-travel\/","https:\/\/www.youtube.com\/channel\/UCE7zRU3EVG1PgfXwQo-5uJw"]}]}},"jetpack_sharing_enabled":true,"_links":{"self":[{"href":"https:\/\/becooltravel.com\/de\/wp-json\/wp\/v2\/product\/5141","targetHints":{"allow":["GET"]}}],"collection":[{"href":"https:\/\/becooltravel.com\/de\/wp-json\/wp\/v2\/product"}],"about":[{"href":"https:\/\/becooltravel.com\/de\/wp-json\/wp\/v2\/types\/product"}],"replies":[{"embeddable":true,"href":"https:\/\/becooltravel.com\/de\/wp-json\/wp\/v2\/comments?post=5141"}],"wp:featuredmedia":[{"embeddable":true,"href":"https:\/\/becooltravel.com\/de\/wp-json\/wp\/v2\/media\/5130"}],"wp:attachment":[{"href":"https:\/\/becooltravel.com\/de\/wp-json\/wp\/v2\/media?parent=5141"}],"wp:term":[{"taxonomy":"product_brand","embeddable":true,"href":"https:\/\/becooltravel.com\/de\/wp-json\/wp\/v2\/product_brand?post=5141"},{"taxonomy":"product_cat","embeddable":true,"href":"https:\/\/becooltravel.com\/de\/wp-json\/wp\/v2\/product_cat?post=5141"},{"taxonomy":"product_tag","embeddable":true,"href":"https:\/\/becooltravel.com\/de\/wp-json\/wp\/v2\/product_tag?post=5141"}],"curies":[{"name":"wp","href":"https:\/\/api.w.org\/{rel}","templated":true}]}}