{"id":5178,"date":"2020-06-15T10:06:10","date_gmt":"2020-06-15T10:06:10","guid":{"rendered":"https:\/\/becooltravel.com\/product\/birding-in-coastal-west-algarve-3400s\/"},"modified":"2026-03-18T12:25:23","modified_gmt":"2026-03-18T12:25:23","slug":"birding-in-coastal-west-algarve-3400s","status":"publish","type":"product","link":"https:\/\/becooltravel.com\/de\/produkt\/vogelbeobachtung-in-kuste-west-algarve-3400s\/","title":{"rendered":"Vogelbeobachtungsurlaub an der Westk\u00fcste der K\u00fcste"},"content":{"rendered":"<p>Obwohl die Algarve als Badeort mit einem ganzj\u00e4hrig wunderbaren Klima bekannt ist, ist sie auch ein Refugium und ein Paradies f\u00fcr die Vogelwelt.<\/p>\n<p>Die Westalgarve hat sehr unterschiedliche Lebensr\u00e4ume \u2013 von Klippen bis zu K\u00fcstenfeuchtgebieten und von kleinen Waldst\u00fccken bis hin zu mit Buschwerk bedeckten H\u00fcgeln. Zu fast jeder Jahreszeit gibt es etwas Interessantes zu sehen!<\/p>\n<p>In dieser personalisierten Selbstfahrer-Vogelbeobachtungstour pr\u00e4sentieren wir eine Sammlung von Routen zu Vogelbeobachtungs-Hotspots, um Ihnen zu helfen, die besten Vogelbeobachtungsm\u00f6glichkeiten zu erhalten! In Vilamoura erkunden Sie das wahrscheinlich gr\u00f6\u00dfte Schilf- und Lagunengebiet der Algarve, die Lagoa dos Salgados.<\/p>\n<div id=\"attachment_1823\" style=\"width: 1034px\" class=\"wp-caption alignnone\"><img data-recalc-dims=\"1\" decoding=\"async\" aria-describedby=\"caption-attachment-1823\" class=\"wp-image-1823 size-large\" src=\"https:\/\/i0.wp.com\/legendatours.net\/wp-content\/uploads\/2020\/03\/Spoonbills-1024x683.jpg?resize=1024%2C683&#038;ssl=1\" alt=\"L\u00f6ffler Castro Marim\" width=\"1024\" height=\"683\" \/><p id=\"caption-attachment-1823\" class=\"wp-caption-text\"><a href=\"..\/..\/?s=Spoonbills\" target=\"_blank\" rel=\"noopener noreferrer\">L\u00f6ffler Castro Marim<\/a>, Entlang des Flusses Guadiana zwischen Castro Marim und Vila Real de Santo Ant\u00f3nio und erstreckt sich \u00fcber eine Fl\u00e4che von mehr als 2.000 Hektar.<\/p><\/div>\n<p>Dies ist einer der wichtigsten Orte an der Algarve f\u00fcr wandernde Singv\u00f6gel und auch ein Jagdgebiet f\u00fcr verschiedene Greifv\u00f6gel.<\/p>\n<p>In der ruhigen Alvor-M\u00fcndung finden Sie ein gesch\u00fctztes Naturparadies mit einer Vielzahl von Wasserv\u00f6geln, Seev\u00f6geln und Ackerlandv\u00f6geln. Die Tour f\u00fchrt Sie zur wundersch\u00f6nen Rocha Delicada, einem ockerfarbenen Vorgebirge, das im Mioz\u00e4n gebildet wurde.<\/p>\n<p>In den Feuchtgebieten des Flusses Arade, in der N\u00e4he der ehemaligen arabischen Hauptstadt der Algarve, Silves, werden Sie ein wichtiges \u00d6kosystem sch\u00e4tzen, das repr\u00e4sentativ f\u00fcr die mediterrane Landschaft ist.<\/p>\n<div id=\"attachment_1761\" style=\"width: 1034px\" class=\"wp-caption alignnone\"><img data-recalc-dims=\"1\" decoding=\"async\" aria-describedby=\"caption-attachment-1761\" class=\"wp-image-1761 size-large\" title=\"Haubentaucher\" src=\"https:\/\/i0.wp.com\/legendatours.net\/wp-content\/uploads\/2020\/03\/Great-Crested-Grebe-1024x683.jpg?resize=1024%2C683&#038;ssl=1\" alt=\"Haubentaucher\" width=\"1024\" height=\"683\" \/><p id=\"caption-attachment-1761\" class=\"wp-caption-text\"><a href=\"..\/..\/?s=Great+Crested+Grebe\" target=\"_blank\" rel=\"noopener noreferrer\">Haubentaucher<\/a>, Haubentaucher, Podiceps Cristatus, in Ria Formosa. Foto Peter Dedicoat.<\/p><\/div>\n<p>Dieses Gebiet sammelt eine gro\u00dfe Anzahl von Watv\u00f6geln wie Rotschenkel, Gr\u00fcnschenkel und Flussuferl\u00e4ufer. Es gibt auch ein paar Singv\u00f6gel, wie Yellow Wagtail und Crested Lark.<\/p>\n<p>Die Lagoa de S\u00e3o Louren\u00e7o ist ein weiterer interessanter Ort zur Vogelbeobachtung, den wir f\u00fcr Sie geplant haben. Dieses Gew\u00e4sser ist reich an Wasservegetation, wird von Schilf und Binsen ges\u00e4umt und ist daher reich an Vogelwelt.<\/p>\n<div id=\"attachment_2482\" style=\"width: 1034px\" class=\"wp-caption alignnone\"><img data-recalc-dims=\"1\" decoding=\"async\" aria-describedby=\"caption-attachment-2482\" class=\"wp-image-2482 size-large\" src=\"https:\/\/i0.wp.com\/legendatours.net\/wp-content\/uploads\/2020\/06\/Marsh_Harrier-1024x683.jpg?resize=1024%2C683&#038;ssl=1\" alt=\"Rohrweihe, Foto Peter Dedicoat\" width=\"1024\" height=\"683\" \/><p id=\"caption-attachment-2482\" class=\"wp-caption-text\">Rohrweihe, Foto Peter Dedicoat<\/p><\/div>\n<p>Im Winter versammeln sich hier viele Enten, darunter Northern Shoveler, Eurasische Krickente, Tafelenten, Eurasische Pfeifenten und B\u00fcschelente.<\/p>\n<p>Das ganze Jahr \u00fcber finden Sie Tafelenten, Zwergdommel, Purpur-Sumpfhenne, Schwarzkopfweber und Haubentaucher.<\/p>\n<p>Am s\u00fcdlichen Ende des Sees liegen die Kan\u00e4le, Salzwiesen, Lagunen und Sandinseln des Naturparks Ria Formosa, die je nach Gezeiten und Jahreszeit von Watv\u00f6geln, M\u00f6wen, Reihern und Reihern wimmeln k\u00f6nnen.<\/p>\n<div id=\"attachment_1723\" style=\"width: 1034px\" class=\"wp-caption alignnone\"><img data-recalc-dims=\"1\" decoding=\"async\" aria-describedby=\"caption-attachment-1723\" class=\"wp-image-1723 size-large\" title=\"Gl\u00e4nzendes Ibis\" src=\"https:\/\/i0.wp.com\/legendatours.net\/wp-content\/uploads\/2020\/03\/Glossy-Ibis-1024x683.jpg?resize=1024%2C683&#038;ssl=1\" alt=\"Gl\u00e4nzendes Ibis\" width=\"1024\" height=\"683\" \/><p id=\"caption-attachment-1723\" class=\"wp-caption-text\"><a href=\"..\/..\/?s=Glossy+Ibis\" target=\"_blank\" rel=\"noopener noreferrer\">Gl\u00e4nzendes Ibis<\/a>, Vor etwa 15 Jahren wurden an der Algarve nur einzelne Glossy Ibis gesichtet und jedes Mal spannende Feldornithologen. Seitdem ist das stark gesch\u00fctzt.<\/p><\/div>\n<p>In Ludo, in den gesch\u00e4ftigen Salzfarmen, k\u00f6nnen Sie Rosaflamingos, Eurasischen L\u00f6ffler, Stiefeladler und viele nistende Wei\u00dfst\u00f6rche beobachten.<\/p>\n<p>Anschlie\u00dfend fahren Sie in die abgelegene s\u00fcdwestliche Ecke Europas, nach Sagres, im Naturpark Sudoeste Alentejano e Costa Vicentina.<\/p>\n<div id=\"attachment_1760\" style=\"width: 1034px\" class=\"wp-caption alignnone\"><img data-recalc-dims=\"1\" decoding=\"async\" aria-describedby=\"caption-attachment-1760\" class=\"size-full wp-image-1760\" src=\"https:\/\/i0.wp.com\/legendatours.net\/wp-content\/uploads\/2020\/03\/Eurasian-Teal-e1611676784238.jpg?resize=1024%2C683&#038;ssl=1\" alt=\"Eurasian Teal Foto Peter Dedicoat\" width=\"1024\" height=\"683\" \/><p id=\"caption-attachment-1760\" class=\"wp-caption-text\">Eurasische Teal, (Anas crecca) Foto Peter Dedicoat<\/p><\/div>\n<p>Dieses Gebiet ist f\u00fcr Zugv\u00f6gel besonders wichtig und es empfiehlt sich immer, nach Rarit\u00e4ten Ausschau zu halten.<\/p>\n<p>Von Ihrem zentralen und privilegierten Standort in Albufeira aus k\u00f6nnen Sie bei diesem fabelhaften Vogelbeobachtungserlebnis eine Vielzahl von Vogelbeobachtungs-Hotspots in verschiedenen Lebensr\u00e4umen genie\u00dfen!<\/p>\n<p>Diese Selbstfahrer-Vogelbeobachtungstour z\u00e4hlt mit einem freien Tag. Sie k\u00f6nnen nach Belieben andere Teile der Algarve erkunden und etwas mehr \u00fcber die Kultur, das Erbe und die Naturgeschichte der Region erfahren.<\/p>\n<div class=\"row\">\n<div class=\"column\" style=\"flex: 45%;\">\n<p><iframe title=\"Castro Marim\" width=\"1080\" height=\"608\" src=\"https:\/\/www.youtube.com\/embed\/sbJjXvbNWho?list=PL_6Umd8jb1qvBUfpmdNirAfZNGPDknjjw\" frameborder=\"0\" allow=\"accelerometer; autoplay; clipboard-write; encrypted-media; gyroscope; picture-in-picture; web-share\" referrerpolicy=\"strict-origin-when-cross-origin\" allowfullscreen><\/iframe><\/p>\n<\/div>\n<div class=\"column\" style=\"flex: 10%;\"><\/div>\n<div class=\"column\" style=\"flex: 45%;\">\n<p><iframe title=\"V\u00f6gel von S\u00fcdportugal\" width=\"1080\" height=\"608\" src=\"https:\/\/www.youtube.com\/embed\/q4ezd_AIbYM?feature=oembed\" frameborder=\"0\" allow=\"accelerometer; autoplay; clipboard-write; encrypted-media; gyroscope; picture-in-picture; web-share\" referrerpolicy=\"strict-origin-when-cross-origin\" allowfullscreen><\/iframe><\/p>\n<\/div>\n<\/div>","protected":false},"excerpt":{"rendered":"<p>Obwohl die Algarve als Badeort mit einem ganzj\u00e4hrig wunderbaren Klima bekannt ist, ist sie auch ein Refugium und ein Paradies f\u00fcr die Vogelwelt.<\/p>\n<p>Die Westalgarve hat sehr unterschiedliche Lebensr\u00e4ume \u2013 von Klippen bis zu K\u00fcstenfeuchtgebieten und von kleinen Waldst\u00fccken bis hin zu mit Buschwerk bedeckten H\u00fcgeln. Zu fast jeder Jahreszeit gibt es etwas Interessantes zu sehen!<\/p>\n<p>In dieser personalisierten Selbstfahrer-Vogelbeobachtungstour pr\u00e4sentieren wir eine Sammlung von Routen zu Vogelbeobachtungs-Hotspots, um Ihnen zu helfen, die besten Vogelbeobachtungsm\u00f6glichkeiten zu erhalten!<\/p>","protected":false},"featured_media":5172,"comment_status":"closed","ping_status":"closed","template":"","meta":{"_acf_changed":false,"inline_featured_image":false},"product_brand":[],"product_cat":[673,339,327],"product_tag":[311,1053,500,453,735,121,710,454,663,1284,242,711,502,503,504,712,713,505,714,607,1054,510,511,715,512,513,485,514,321,1141,515,58,516,517,716,717,465,494,1285,181,718,1055,1048,322,719,720,721,1056,722,723,1057,724,614,1058,1059,571,725,518],"class_list":{"0":"post-5178","1":"product","2":"type-product","3":"status-publish","4":"has-post-thumbnail","6":"product_cat-self-drive-holidays-portugal","7":"product_cat-portugal-self-guided-birdwatching-holidays","8":"product_cat-self-guided-tours-portugal","9":"product_tag-algarve","10":"product_tag-alleine-reisen","11":"product_tag-best-birding-spots","12":"product_tag-best-of-the-algarvian-bird-life","13":"product_tag-bird-watching-holidays","14":"product_tag-bird-watching","15":"product_tag-birding","16":"product_tag-birding-algarve","17":"product_tag-birds","18":"product_tag-birdwatchers-paradise","19":"product_tag-birdwatching","20":"product_tag-black-tailed-godwits","21":"product_tag-black-winged-kite","22":"product_tag-blackheaded-weaver","23":"product_tag-booted-eagles","24":"product_tag-collared-pratincole","25":"product_tag-european-bee-eater","26":"product_tag-ferruginous-duck","27":"product_tag-fly-drive","28":"product_tag-holidays","29":"product_tag-individuelle-touren","30":"product_tag-kentish-plover","31":"product_tag-little-bittern","32":"product_tag-little-stints","33":"product_tag-little-tern","34":"product_tag-marsh-harriers","35":"product_tag-migratory-birds","36":"product_tag-nature-observation","37":"product_tag-nature-walks","38":"product_tag-observe-birds","39":"product_tag-penduline-tits","40":"product_tag-portugal","41":"product_tag-purple-heron","42":"product_tag-purple-swamp-hen","43":"product_tag-ramsar","44":"product_tag-red-crested-pochard","45":"product_tag-red-necked-nightjar","46":"product_tag-ria-formosa","47":"product_tag-ria-formosa-birdwatching","48":"product_tag-ria-formosa-natural-park","49":"product_tag-ringed-plovers","50":"product_tag-sejour-en-liberte","51":"product_tag-self-guide-tour","52":"product_tag-self-guided","53":"product_tag-self-guided-birdwatching","54":"product_tag-self-guided-holidays","55":"product_tag-self-guided-tours","56":"product_tag-solo-reisen","57":"product_tag-southern-grey-shrikes","58":"product_tag-sunny-winters","59":"product_tag-tours-autoguidees","60":"product_tag-tours-in-portugal","61":"product_tag-vacations","62":"product_tag-voyage-en-liberte","63":"product_tag-voyages-en-autonomie","64":"product_tag-wildlife-algarve","65":"product_tag-wintering-birds","66":"product_tag-woodchat","68":"first","69":"instock","70":"virtual","71":"product-type-simple"},"acf":[],"yoast_head":"<!-- This site is optimized with the Yoast SEO Premium plugin v26.8 (Yoast SEO v27.5) - https:\/\/yoast.com\/product\/yoast-seo-premium-wordpress\/ -->\n<title>Birding Holiday in Coastal West Algarve<\/title>\n<meta name=\"description\" content=\"An enjoyable Birdwatching Tour, no matter your level of birding ability and expertise. Focus on the Ria Formosa Park and in the Castro Marim Nature Reserve.\" \/>\n<meta name=\"robots\" content=\"index, follow, max-snippet:-1, max-image-preview:large, max-video-preview:-1\" \/>\n<link rel=\"canonical\" href=\"https:\/\/becooltravel.com\/de\/produkt\/vogelbeobachtung-in-kuste-west-algarve-3400s\/\" \/>\n<meta property=\"og:locale\" content=\"de_DE\" \/>\n<meta property=\"og:type\" content=\"article\" \/>\n<meta property=\"og:title\" content=\"Personalized self-drive birding tour, a collection of itineraries to birding hotspots, aiming at helping you to get the best birding opportunities!\" \/>\n<meta property=\"og:description\" content=\"Although famous for being a beach resort with a wonderful year-round climate, the Algarve is also a refuge and a haven for birdlife.The West Algarve has very diverse habitats \u2013 from cliffs to coastal wetlands and from small forest patches to scrub-covered hills. At almost any time of the year, there is something of interest to see!\" \/>\n<meta property=\"og:url\" content=\"https:\/\/becooltravel.com\/de\/produkt\/vogelbeobachtung-in-kuste-west-algarve-3400s\/\" \/>\n<meta property=\"og:site_name\" content=\"BeCool Travel\" \/>\n<meta property=\"article:publisher\" content=\"https:\/\/www.facebook.com\/becooltravelagency\/\" \/>\n<meta property=\"article:modified_time\" content=\"2026-03-18T12:25:23+00:00\" \/>\n<meta property=\"og:image\" content=\"https:\/\/becooltravel.com\/wp-content\/uploads\/sites\/5\/2020\/06\/LittleBustard.jpg\" \/>\n\t<meta property=\"og:image:width\" content=\"1200\" \/>\n\t<meta property=\"og:image:height\" content=\"800\" \/>\n\t<meta property=\"og:image:type\" content=\"image\/jpeg\" \/>\n<meta name=\"twitter:card\" content=\"summary_large_image\" \/>\n<meta name=\"twitter:title\" content=\"Spectacular birding and nature observation in hotspots identified by professional local birders\" \/>\n<meta name=\"twitter:description\" content=\"Excursions to Lagoa dos Salgados, Alvor Estuary, Arade River, Lagoa de S. Louren\u00e7o, Ria Formosa Natural Park, Sagres, and Vicentina CoastAbundance of species to observe, depending on the season: migrating passerines, especially warblers and hirundines, various raptors, including Black-winged Kite, Marsh Harrier, and Booted Eagle, gulls, herons, egrets, waders, such as Redshank, Greenshank, and Common Sandpiper, passerines, like Yellow Wagtail and Crested Lark, ducks like Northern Shoveler, and Red-crested Pochard, the endangered Red-Billed Chough and Purple Swamp-hen, the lovely Greater Flamingo, Eurasian Spoonbill, Little Bustard, Great Cormorant, and many nesting White Storks.\" \/>\n<meta name=\"twitter:image\" content=\"https:\/\/i0.wp.com\/becooltravel.com\/wp-content\/uploads\/sites\/5\/2020\/06\/LittleBustard.jpg?fit=1200%2C800&ssl=1\" \/>\n<meta name=\"twitter:site\" content=\"@becool_travel\" \/>\n<meta name=\"twitter:label1\" content=\"Gesch\u00e4tzte Lesezeit\" \/>\n\t<meta name=\"twitter:data1\" content=\"4\u00a0Minuten\" \/>\n<script type=\"application\/ld+json\" class=\"yoast-schema-graph\">{\"@context\":\"https:\\\/\\\/schema.org\",\"@graph\":[{\"@type\":\"WebPage\",\"@id\":\"https:\\\/\\\/becooltravel.com\\\/product\\\/birding-in-coastal-west-algarve-3400s\\\/\",\"url\":\"https:\\\/\\\/becooltravel.com\\\/product\\\/birding-in-coastal-west-algarve-3400s\\\/\",\"name\":\"Birding Holiday in Coastal West Algarve\",\"isPartOf\":{\"@id\":\"https:\\\/\\\/becooltravel.com\\\/#website\"},\"primaryImageOfPage\":{\"@id\":\"https:\\\/\\\/becooltravel.com\\\/product\\\/birding-in-coastal-west-algarve-3400s\\\/#primaryimage\"},\"image\":{\"@id\":\"https:\\\/\\\/becooltravel.com\\\/product\\\/birding-in-coastal-west-algarve-3400s\\\/#primaryimage\"},\"thumbnailUrl\":\"https:\\\/\\\/i0.wp.com\\\/becooltravel.com\\\/wp-content\\\/uploads\\\/sites\\\/5\\\/2020\\\/06\\\/LittleBustard.jpg?fit=1200%2C800&ssl=1\",\"datePublished\":\"2020-06-15T10:06:10+00:00\",\"dateModified\":\"2026-03-18T12:25:23+00:00\",\"description\":\"An enjoyable Birdwatching Tour, no matter your level of birding ability and expertise. Focus on the Ria Formosa Park and in the Castro Marim Nature Reserve.\",\"breadcrumb\":{\"@id\":\"https:\\\/\\\/becooltravel.com\\\/product\\\/birding-in-coastal-west-algarve-3400s\\\/#breadcrumb\"},\"inLanguage\":\"de\",\"potentialAction\":[{\"@type\":\"ReadAction\",\"target\":[\"https:\\\/\\\/becooltravel.com\\\/product\\\/birding-in-coastal-west-algarve-3400s\\\/\"]}]},{\"@type\":\"ImageObject\",\"inLanguage\":\"de\",\"@id\":\"https:\\\/\\\/becooltravel.com\\\/product\\\/birding-in-coastal-west-algarve-3400s\\\/#primaryimage\",\"url\":\"https:\\\/\\\/i0.wp.com\\\/becooltravel.com\\\/wp-content\\\/uploads\\\/sites\\\/5\\\/2020\\\/06\\\/LittleBustard.jpg?fit=1200%2C800&ssl=1\",\"contentUrl\":\"https:\\\/\\\/i0.wp.com\\\/becooltravel.com\\\/wp-content\\\/uploads\\\/sites\\\/5\\\/2020\\\/06\\\/LittleBustard.jpg?fit=1200%2C800&ssl=1\",\"width\":1200,\"height\":800,\"caption\":\"Little Bustard, photo Peter Dedicoat\"},{\"@type\":\"BreadcrumbList\",\"@id\":\"https:\\\/\\\/becooltravel.com\\\/product\\\/birding-in-coastal-west-algarve-3400s\\\/#breadcrumb\",\"itemListElement\":[{\"@type\":\"ListItem\",\"position\":1,\"name\":\"Home\",\"item\":\"https:\\\/\\\/becooltravel.com\\\/\"},{\"@type\":\"ListItem\",\"position\":2,\"name\":\"Shop\",\"item\":\"https:\\\/\\\/becooltravel.com\\\/?page_id=5\"},{\"@type\":\"ListItem\",\"position\":3,\"name\":\"Algarve holidays . You can use\u00a0footpaths and walking\u00a0 trails\u00a0to get to know the region, such as the\u00a0Algarve Way\u00a0or the\u00a0Vicentine Route along one of the best preserved coastal stretches.\",\"item\":\"https:\\\/\\\/becooltravel.com\\\/product-tag\\\/algarve\\\/\"},{\"@type\":\"ListItem\",\"position\":4,\"name\":\"Birdwatching and Wildlife Tour in the Ria Formosa is a Self-Guided Tour with Car designed by keen local birders. Rightly famed for its golden beaches, golf courses, and wonderful year-round climate, the Algarve is also a secret destination for great birding. At almost any time of the year, there is something of interest to see!\"}]},{\"@type\":\"WebSite\",\"@id\":\"https:\\\/\\\/becooltravel.com\\\/#website\",\"url\":\"https:\\\/\\\/becooltravel.com\\\/\",\"name\":\"BeCool Travel\",\"description\":\"Sustainable holidays in Portugal for independent travelers\",\"publisher\":{\"@id\":\"https:\\\/\\\/becooltravel.com\\\/#organization\"},\"potentialAction\":[{\"@type\":\"SearchAction\",\"target\":{\"@type\":\"EntryPoint\",\"urlTemplate\":\"https:\\\/\\\/becooltravel.com\\\/?s={search_term_string}\"},\"query-input\":{\"@type\":\"PropertyValueSpecification\",\"valueRequired\":true,\"valueName\":\"search_term_string\"}}],\"inLanguage\":\"de\"},{\"@type\":\"Organization\",\"@id\":\"https:\\\/\\\/becooltravel.com\\\/#organization\",\"name\":\"BecoolTravel. com- Portugal\",\"url\":\"https:\\\/\\\/becooltravel.com\\\/\",\"logo\":{\"@type\":\"ImageObject\",\"inLanguage\":\"de\",\"@id\":\"https:\\\/\\\/becooltravel.com\\\/#\\\/schema\\\/logo\\\/image\\\/\",\"url\":\"https:\\\/\\\/becooltravel.com\\\/wp-content\\\/uploads\\\/sites\\\/5\\\/2020\\\/03\\\/Logo_BeCool.jpg\",\"contentUrl\":\"https:\\\/\\\/becooltravel.com\\\/wp-content\\\/uploads\\\/sites\\\/5\\\/2020\\\/03\\\/Logo_BeCool.jpg\",\"width\":534,\"height\":534,\"caption\":\"BecoolTravel. com- Portugal\"},\"image\":{\"@id\":\"https:\\\/\\\/becooltravel.com\\\/#\\\/schema\\\/logo\\\/image\\\/\"},\"sameAs\":[\"https:\\\/\\\/www.facebook.com\\\/becooltravelagency\\\/\",\"https:\\\/\\\/x.com\\\/becool_travel\",\"https:\\\/\\\/www.instagram.com\\\/becooltravel_com\\\/\",\"https:\\\/\\\/www.linkedin.com\\\/company\\\/becool-travel\\\/\",\"https:\\\/\\\/www.youtube.com\\\/channel\\\/UCE7zRU3EVG1PgfXwQo-5uJw\"]}]}<\/script>\n<!-- \/ Yoast SEO Premium plugin. -->","yoast_head_json":{"title":"Vogelbeobachtungsurlaub an der Westk\u00fcste der K\u00fcste","description":"Eine unterhaltsame Vogelbeobachtungstour, unabh\u00e4ngig von Ihren F\u00e4higkeiten und Kenntnissen in der Vogelbeobachtung. Konzentrieren Sie sich auf den Ria Formosa Park und das Castro Marim Nature Reserve.","robots":{"index":"index","follow":"follow","max-snippet":"max-snippet:-1","max-image-preview":"max-image-preview:large","max-video-preview":"max-video-preview:-1"},"canonical":"https:\/\/becooltravel.com\/de\/produkt\/vogelbeobachtung-in-kuste-west-algarve-3400s\/","og_locale":"de_DE","og_type":"article","og_title":"Personalized self-drive birding tour, a collection of itineraries to birding hotspots, aiming at helping you to get the best birding opportunities!","og_description":"Although famous for being a beach resort with a wonderful year-round climate, the Algarve is also a refuge and a haven for birdlife.The West Algarve has very diverse habitats \u2013 from cliffs to coastal wetlands and from small forest patches to scrub-covered hills. At almost any time of the year, there is something of interest to see!","og_url":"https:\/\/becooltravel.com\/de\/produkt\/vogelbeobachtung-in-kuste-west-algarve-3400s\/","og_site_name":"BeCool Travel","article_publisher":"https:\/\/www.facebook.com\/becooltravelagency\/","article_modified_time":"2026-03-18T12:25:23+00:00","og_image":[{"width":1200,"height":800,"url":"https:\/\/becooltravel.com\/wp-content\/uploads\/sites\/5\/2020\/06\/LittleBustard.jpg","type":"image\/jpeg"}],"twitter_card":"summary_large_image","twitter_title":"Spectacular birding and nature observation in hotspots identified by professional local birders","twitter_description":"Excursions to Lagoa dos Salgados, Alvor Estuary, Arade River, Lagoa de S. Louren\u00e7o, Ria Formosa Natural Park, Sagres, and Vicentina CoastAbundance of species to observe, depending on the season: migrating passerines, especially warblers and hirundines, various raptors, including Black-winged Kite, Marsh Harrier, and Booted Eagle, gulls, herons, egrets, waders, such as Redshank, Greenshank, and Common Sandpiper, passerines, like Yellow Wagtail and Crested Lark, ducks like Northern Shoveler, and Red-crested Pochard, the endangered Red-Billed Chough and Purple Swamp-hen, the lovely Greater Flamingo, Eurasian Spoonbill, Little Bustard, Great Cormorant, and many nesting White Storks.","twitter_image":"https:\/\/i0.wp.com\/becooltravel.com\/wp-content\/uploads\/sites\/5\/2020\/06\/LittleBustard.jpg?fit=1200%2C800&ssl=1","twitter_site":"@becool_travel","twitter_misc":{"Gesch\u00e4tzte Lesezeit":"4\u00a0Minuten"},"schema":{"@context":"https:\/\/schema.org","@graph":[{"@type":"WebPage","@id":"https:\/\/becooltravel.com\/product\/birding-in-coastal-west-algarve-3400s\/","url":"https:\/\/becooltravel.com\/product\/birding-in-coastal-west-algarve-3400s\/","name":"Vogelbeobachtungsurlaub an der Westk\u00fcste der K\u00fcste","isPartOf":{"@id":"https:\/\/becooltravel.com\/#website"},"primaryImageOfPage":{"@id":"https:\/\/becooltravel.com\/product\/birding-in-coastal-west-algarve-3400s\/#primaryimage"},"image":{"@id":"https:\/\/becooltravel.com\/product\/birding-in-coastal-west-algarve-3400s\/#primaryimage"},"thumbnailUrl":"https:\/\/i0.wp.com\/becooltravel.com\/wp-content\/uploads\/sites\/5\/2020\/06\/LittleBustard.jpg?fit=1200%2C800&ssl=1","datePublished":"2020-06-15T10:06:10+00:00","dateModified":"2026-03-18T12:25:23+00:00","description":"Eine unterhaltsame Vogelbeobachtungstour, unabh\u00e4ngig von Ihren F\u00e4higkeiten und Kenntnissen in der Vogelbeobachtung. Konzentrieren Sie sich auf den Ria Formosa Park und das Castro Marim Nature Reserve.","breadcrumb":{"@id":"https:\/\/becooltravel.com\/product\/birding-in-coastal-west-algarve-3400s\/#breadcrumb"},"inLanguage":"de","potentialAction":[{"@type":"ReadAction","target":["https:\/\/becooltravel.com\/product\/birding-in-coastal-west-algarve-3400s\/"]}]},{"@type":"ImageObject","inLanguage":"de","@id":"https:\/\/becooltravel.com\/product\/birding-in-coastal-west-algarve-3400s\/#primaryimage","url":"https:\/\/i0.wp.com\/becooltravel.com\/wp-content\/uploads\/sites\/5\/2020\/06\/LittleBustard.jpg?fit=1200%2C800&ssl=1","contentUrl":"https:\/\/i0.wp.com\/becooltravel.com\/wp-content\/uploads\/sites\/5\/2020\/06\/LittleBustard.jpg?fit=1200%2C800&ssl=1","width":1200,"height":800,"caption":"Little Bustard, photo Peter Dedicoat"},{"@type":"BreadcrumbList","@id":"https:\/\/becooltravel.com\/product\/birding-in-coastal-west-algarve-3400s\/#breadcrumb","itemListElement":[{"@type":"ListItem","position":1,"name":"Home","item":"https:\/\/becooltravel.com\/"},{"@type":"ListItem","position":2,"name":"Shop","item":"https:\/\/becooltravel.com\/?page_id=5"},{"@type":"ListItem","position":3,"name":"Algarve holidays . You can use\u00a0footpaths and walking\u00a0 trails\u00a0to get to know the region, such as the\u00a0Algarve Way\u00a0or the\u00a0Vicentine Route along one of the best preserved coastal stretches.","item":"https:\/\/becooltravel.com\/product-tag\/algarve\/"},{"@type":"ListItem","position":4,"name":"Birdwatching and Wildlife Tour in the Ria Formosa is a Self-Guided Tour with Car designed by keen local birders. Rightly famed for its golden beaches, golf courses, and wonderful year-round climate, the Algarve is also a secret destination for great birding. At almost any time of the year, there is something of interest to see!"}]},{"@type":"WebSite","@id":"https:\/\/becooltravel.com\/#website","url":"https:\/\/becooltravel.com\/","name":"BeCool Travel","description":"Nachhaltiger Urlaub in Portugal f\u00fcr Individualreisende","publisher":{"@id":"https:\/\/becooltravel.com\/#organization"},"potentialAction":[{"@type":"SearchAction","target":{"@type":"EntryPoint","urlTemplate":"https:\/\/becooltravel.com\/?s={search_term_string}"},"query-input":{"@type":"PropertyValueSpecification","valueRequired":true,"valueName":"search_term_string"}}],"inLanguage":"de"},{"@type":"Organization","@id":"https:\/\/becooltravel.com\/#organization","name":"BecoolTravel. com- Portugal","url":"https:\/\/becooltravel.com\/","logo":{"@type":"ImageObject","inLanguage":"de","@id":"https:\/\/becooltravel.com\/#\/schema\/logo\/image\/","url":"https:\/\/becooltravel.com\/wp-content\/uploads\/sites\/5\/2020\/03\/Logo_BeCool.jpg","contentUrl":"https:\/\/becooltravel.com\/wp-content\/uploads\/sites\/5\/2020\/03\/Logo_BeCool.jpg","width":534,"height":534,"caption":"BecoolTravel. com- Portugal"},"image":{"@id":"https:\/\/becooltravel.com\/#\/schema\/logo\/image\/"},"sameAs":["https:\/\/www.facebook.com\/becooltravelagency\/","https:\/\/x.com\/becool_travel","https:\/\/www.instagram.com\/becooltravel_com\/","https:\/\/www.linkedin.com\/company\/becool-travel\/","https:\/\/www.youtube.com\/channel\/UCE7zRU3EVG1PgfXwQo-5uJw"]}]}},"jetpack_sharing_enabled":true,"_links":{"self":[{"href":"https:\/\/becooltravel.com\/de\/wp-json\/wp\/v2\/product\/5178","targetHints":{"allow":["GET"]}}],"collection":[{"href":"https:\/\/becooltravel.com\/de\/wp-json\/wp\/v2\/product"}],"about":[{"href":"https:\/\/becooltravel.com\/de\/wp-json\/wp\/v2\/types\/product"}],"replies":[{"embeddable":true,"href":"https:\/\/becooltravel.com\/de\/wp-json\/wp\/v2\/comments?post=5178"}],"wp:featuredmedia":[{"embeddable":true,"href":"https:\/\/becooltravel.com\/de\/wp-json\/wp\/v2\/media\/5172"}],"wp:attachment":[{"href":"https:\/\/becooltravel.com\/de\/wp-json\/wp\/v2\/media?parent=5178"}],"wp:term":[{"taxonomy":"product_brand","embeddable":true,"href":"https:\/\/becooltravel.com\/de\/wp-json\/wp\/v2\/product_brand?post=5178"},{"taxonomy":"product_cat","embeddable":true,"href":"https:\/\/becooltravel.com\/de\/wp-json\/wp\/v2\/product_cat?post=5178"},{"taxonomy":"product_tag","embeddable":true,"href":"https:\/\/becooltravel.com\/de\/wp-json\/wp\/v2\/product_tag?post=5178"}],"curies":[{"name":"wp","href":"https:\/\/api.w.org\/{rel}","templated":true}]}}