{"id":5239,"date":"2020-06-18T14:34:18","date_gmt":"2020-06-18T14:34:18","guid":{"rendered":"https:\/\/becooltravel.com\/?post_type=product&#038;p=5239"},"modified":"2026-03-18T12:01:07","modified_gmt":"2026-03-18T12:01:07","slug":"lisbon-south-portugal-by-train-7100st","status":"publish","type":"product","link":"https:\/\/becooltravel.com\/de\/produkt\/lissabon-sud-portugal-mit-zug-7100st\/","title":{"rendered":"Lissabon &amp; S\u00fcdportugal mit dem Zug - Unabh\u00e4ngige Bahnferien"},"content":{"rendered":"<p>Stellen Sie Ihr Gep\u00e4ck auf den Gep\u00e4cktr\u00e4ger, nehmen Sie Platz am Fenster und lassen Sie Portugal mit dieser unabh\u00e4ngigen Bahntour von Lissabon nach Faro zu Ihnen kommen!<\/p>\n<p>Sie besuchen eine Vielzahl von landschaftlich reizvollen Zielen, von der charmanten Hauptstadt Lissabon bis zum verzauberten Sintra und der Algarve von Ost nach West.<\/p>\n<p>Eine Kombination aus entspannenden und aufregenden Erlebnissen!<\/p>\n<p>Ihre Zugfahrt beginnt in Lissabon, einer Stadt, die von Tradition umgeben und mit Modernit\u00e4t gesegnet ist.<\/p>\n<div id=\"attachment_2506\" style=\"width: 1034px\" class=\"wp-caption alignnone\"><img data-recalc-dims=\"1\" decoding=\"async\" aria-describedby=\"caption-attachment-2506\" class=\"wp-image-2506 size-large\" title=\"Jeronimos-Kloster Lissabon\" src=\"https:\/\/i0.wp.com\/legendatours.net\/wp-content\/uploads\/2020\/03\/jeronimos_monastery_lisbon-1024x640.jpg?resize=1024%2C640&#038;ssl=1\" alt=\"Jeronimos-Kloster Lissabon\" width=\"1024\" height=\"640\" \/><p id=\"caption-attachment-2506\" class=\"wp-caption-text\">Hieronymus-Kloster Lisboa ist zusammen mit dem Belem-Turm die wichtigste Touristenattraktion in Lissabon.<\/p><\/div>\n<p>Die sieben H\u00fcgel der Stadt, die mit Schichten von Geschichte und Erbe bedeckt sind, sind aufgrund ihrer Vielfalt, ihrer Oldtimer-Stra\u00dfenbahnen, Kopfsteinpflasterstra\u00dfen, Fado-Lieder, der majest\u00e4tischen Azulejo-Architektur und des beneidenswerten Klimas zu einem beliebten europ\u00e4ischen Reiseziel geworden.<\/p>\n<p>Von hier aus geht es nach Sintra, von der zentralen Rossio-Station, einem neo-manuelinischen Geb\u00e4ude aus dem sp\u00e4ten 19. Jahrhundert, das auffallend geschm\u00fcckt ist. Sie fahren durch einen 1,8-Meilen-Tunnel in Richtung Stadtrand, ein technologisches Wunderwerk, als es 1890 zum ersten Mal er\u00f6ffnet wurde!<\/p>\n<p>Sintra ist eine landschaftliche Pracht, ein Reich der Romantik, in dem majest\u00e4tische, m\u00e4rchenhafte Pal\u00e4ste, ein grandioses Schloss, k\u00f6nigliche Anwesen und bezaubernde H\u00e4user mit roten Ziegeln inmitten einer Landschaft aus \u00fcppigen, halbtropischen W\u00e4ldern und H\u00fcgeln stehen.<\/p>\n<div id=\"attachment_2546\" style=\"width: 1034px\" class=\"wp-caption alignnone\"><img data-recalc-dims=\"1\" decoding=\"async\" aria-describedby=\"caption-attachment-2546\" class=\"wp-image-2546 size-large\" title=\"Sintra M\u00e4rchenlandschaft\" src=\"https:\/\/i0.wp.com\/legendatours.net\/wp-content\/uploads\/2020\/06\/sintra-1024x683.jpg?resize=1024%2C683&#038;ssl=1\" alt=\"Sintra M\u00e4rchenlandschaft\" width=\"1024\" height=\"683\" \/><p id=\"caption-attachment-2546\" class=\"wp-caption-text\">Sintra M\u00e4rchenlandschaft. Erstaunlicher Pena-Palast in Sintra, nur 30 Minuten von Lissabon entfernt. Gilt als Europas beste Burg.<\/p><\/div>\n<p>Ihre Reise in den S\u00fcden Portugals beginnt am modernen Bahnhof Oriente, den der spanische Architekt Santiago Calatrava f\u00fcr die Weltausstellung Expo&#039;98 entworfen hat.<\/p>\n<p>Auf der dreist\u00fcndigen Fahrt nach Faro, der Hauptstadt der Algarve, durchqueren Sie die gr\u00fcn-gelben Felder des Alentejo mit einem markanten Landschaftswechsel.<\/p>\n<p>Die Algarve ist ein weltbekanntes Sommerurlaubsziel mit Str\u00e4nden, die w\u00e4hrend der Hochsaison von Touristen bev\u00f6lkert sind. Faro ist jedoch eine ruhige Stadt, Heimat eines riesigen maurischen Erbes, das in einigen der geheimsten Ecken der Stadt verweilt.<\/p>\n<p>Sie erreichen eine Station mit Blick auf die sch\u00f6ne Ria Formosa in der N\u00e4he der Altstadt und den sch\u00f6nen Yachthafen.<\/p>\n<p>Dies ist Ihre Basis, um beide Enden der Region mit sehr unterschiedlichen Sehensw\u00fcrdigkeiten zu erkunden.<\/p>\n<p>Vila Real de Santo Ant\u00f3nio an der Ostalgarve ist eine historisch wichtige Stadt. Es wurde nach dem verheerenden Erdbeben von 1755 als Nachbildung der Stra\u00dfenf\u00fchrung im Zentrum von Lissabon erbaut.<\/p>\n<div id=\"attachment_2511\" style=\"width: 1034px\" class=\"wp-caption alignnone\"><img data-recalc-dims=\"1\" decoding=\"async\" aria-describedby=\"caption-attachment-2511\" class=\"wp-image-2511 size-large\" title=\"Lissabon, Denkmal f\u00fcr die Entdeckungen\" src=\"https:\/\/i0.wp.com\/legendatours.net\/wp-content\/uploads\/2020\/03\/lisbon_monument_discoveries-1024x768.jpg?resize=1024%2C768&#038;ssl=1\" alt=\"Lissabon, Denkmal f\u00fcr die Entdeckungen\" width=\"1024\" height=\"768\" \/><p id=\"caption-attachment-2511\" class=\"wp-caption-text\">Lissabon, Denkmal der Entdeckungen, erinnert an die portugiesische Expansion nach \u00dcbersee.<\/p><\/div>\n<p>Das Stadtzentrum ist heute ein Einkaufsparadies mit traditionellen kleinen L\u00e4den und Terrassen. Die Region war schon immer mit dem Angeln verbunden und ist sehr stolz auf ihre reichhaltige Gastronomie mit ber\u00fchmten Gerichten aus Thunfisch, eine lange Tradition. F\u00e4hren \u00fcberqueren den ruhigen Fluss Guadiana nach Ayamonte in Spanien am gegen\u00fcberliegenden Ufer.<\/p>\n<p>Auf dem Weg zur Westalgarve fahren Sie mit dem Zug in die kosmopolitische Stadt Lagos, die einst ein Wahrzeichen der portugiesischen Entdeckungen und Zuflucht der Piraten war.<\/p>\n<p>Aufgrund seiner einzigartigen Bucht und seines Hafens direkt gegen\u00fcber von Afrika wurde Lagos zu einem wichtigen Ausgangspunkt und Ankunftsort f\u00fcr die Schiffe, die bei der Entdeckung neuer Welten in See stachen. Von hier aus tr\u00e4umte Heinrich der Seefahrer von unbekannten L\u00e4ndern und gro\u00dfem Reichtum.<\/p>\n<p>Heute ist Lagos eine kosmopolitische Stadt mit einer entspannten Atmosph\u00e4re, was es zu einem der attraktivsten Orte an der Algarve macht. Es lohnt sich, die Kirchen, Museen, das Schloss und die Mauern der Stadt zu besuchen.<\/p>\n<p>Dieser Bahnurlaub bietet das Beste aus beiden Welten - Sie k\u00f6nnen unabh\u00e4ngig reisen, w\u00e4hrend Sie sich zur\u00fccklehnen und die Aussicht genie\u00dfen!<\/p>\n<div class=\"row\" style=\"display: flex;\">\n<div class=\"column\" style=\"flex: 45%;\">\n<p><iframe title=\"Inspiration ist unverzichtbar\" width=\"1080\" height=\"608\" src=\"https:\/\/www.youtube.com\/embed\/Vbo9a9D2dlk?feature=oembed\" frameborder=\"0\" allow=\"accelerometer; autoplay; clipboard-write; encrypted-media; gyroscope; picture-in-picture; web-share\" referrerpolicy=\"strict-origin-when-cross-origin\" allowfullscreen><\/iframe><\/p>\n<\/div>\n<div class=\"column\" style=\"flex: 10%;\"><\/div>\n<div class=\"column\" style=\"flex: 45%;\">\n<p><iframe title=\"Ein Vorgeschmack auf Portugal | Ein Land der Schutzgebiete\" width=\"1080\" height=\"608\" src=\"https:\/\/www.youtube.com\/embed\/tKP9MFoLfTw?feature=oembed\" frameborder=\"0\" allow=\"accelerometer; autoplay; clipboard-write; encrypted-media; gyroscope; picture-in-picture; web-share\" referrerpolicy=\"strict-origin-when-cross-origin\" allowfullscreen><\/iframe><\/p>\n<\/div>\n<\/div>","protected":false},"excerpt":{"rendered":"<p>Stellen Sie Ihr Gep\u00e4ck auf den Gep\u00e4cktr\u00e4ger, nehmen Sie Platz am Fenster und lassen Sie Portugal mit dieser unabh\u00e4ngigen Bahntour von Lissabon nach Faro zu Ihnen kommen!<\/p>\n<p>Sie besuchen eine Vielzahl von landschaftlich reizvollen Zielen, von der charmanten Hauptstadt Lissabon bis zum verzauberten Sintra und der Algarve von Ost nach West.<\/p>\n<p>Eine Kombination aus entspannenden und aufregenden Erlebnissen!<\/p>","protected":false},"featured_media":5231,"comment_status":"closed","ping_status":"closed","template":"","meta":{"_acf_changed":false,"inline_featured_image":false},"product_brand":[],"product_cat":[336,327,948],"product_tag":[1053,587,1144,798,784,785,746,800,1129,1060,1054,702,919,223,802,920,1132,790,1122,921,1123,1010,1055,1048,322,856,720,909,910,934,304,791,728,912,922,1056,923,1057,924,925,926,778,1058,1059,793],"class_list":{"0":"post-5239","1":"product","2":"type-product","3":"status-publish","4":"has-post-thumbnail","6":"product_cat-self-guided-sightseeing-holidays-in-portugal","7":"product_cat-self-guided-tours-portugal","8":"product_cat-self-guided-train-holidays-portugal","9":"product_tag-alleine-reisen","10":"product_tag-amazing-walking","11":"product_tag-ancient-trails","12":"product_tag-countryside","13":"product_tag-culture","14":"product_tag-delicious-food","15":"product_tag-faro","16":"product_tag-history","17":"product_tag-holidays-in-portugal","18":"product_tag-individual-hiking","19":"product_tag-individuelle-touren","20":"product_tag-jeronimos-monastery","21":"product_tag-lisboa","22":"product_tag-lisbon","23":"product_tag-lush-green-hills","24":"product_tag-monument","25":"product_tag-perfect-holiday","26":"product_tag-picturesque-landscapes","27":"product_tag-rail-holiday","28":"product_tag-rail-holidays","29":"product_tag-rail-routes-in-portugal","30":"product_tag-railroad","31":"product_tag-sejour-en-liberte","32":"product_tag-self-guide-tour","33":"product_tag-self-guided","34":"product_tag-self-guided-holiday","35":"product_tag-self-guided-holidays","36":"product_tag-self-guided-sightseeing","37":"product_tag-self-guided-tour","38":"product_tag-self-guided-train","39":"product_tag-self-guided-walking","40":"product_tag-self-guided-walking-holidays","41":"product_tag-self-guided-walking-tour","42":"product_tag-sightseeing-lisbon","43":"product_tag-sightseeing-tour","44":"product_tag-solo-reisen","45":"product_tag-south-portugal","46":"product_tag-tours-autoguidees","47":"product_tag-train","48":"product_tag-train-holidays","49":"product_tag-train-tour","50":"product_tag-travel-train-tour-in-portugal","51":"product_tag-voyage-en-liberte","52":"product_tag-voyages-en-autonomie","53":"product_tag-wines","55":"first","56":"instock","57":"virtual","58":"product-type-simple"},"acf":[],"yoast_head":"<!-- This site is optimized with the Yoast SEO Premium plugin v26.8 (Yoast SEO v27.4) - https:\/\/yoast.com\/product\/yoast-seo-premium-wordpress\/ -->\n<title>Lisbon &amp; South Portugal by Train - Independent Rail Holidays<\/title>\n<meta name=\"description\" content=\"Put your luggage on the rack, grab a seat by the window and let Portugal come to you. Portugal by Train - Independent Rail Holidays.\" \/>\n<meta name=\"robots\" content=\"index, follow, max-snippet:-1, max-image-preview:large, max-video-preview:-1\" \/>\n<link rel=\"canonical\" href=\"https:\/\/becooltravel.com\/de\/produkt\/lissabon-sud-portugal-mit-zug-7100st\/\" \/>\n<meta property=\"og:locale\" content=\"de_DE\" \/>\n<meta property=\"og:type\" content=\"article\" \/>\n<meta property=\"og:title\" content=\"Portugal by Train - Independent Rail Holidays\" \/>\n<meta property=\"og:description\" content=\"Put your luggage on the rack, grab a seat by the window and let Portugal come to you with this independent rail tour from Lisbon to Faro!You\u2019ll visit a wide variety of scenic destinations, from the charming capital, Lisbon, to the enchanted Sintra, and the Algarve, from East to West.\" \/>\n<meta property=\"og:url\" content=\"https:\/\/becooltravel.com\/de\/produkt\/lissabon-sud-portugal-mit-zug-7100st\/\" \/>\n<meta property=\"og:site_name\" content=\"BeCool Travel\" \/>\n<meta property=\"article:publisher\" content=\"https:\/\/www.facebook.com\/becooltravelagency\/\" \/>\n<meta property=\"article:modified_time\" content=\"2026-03-18T12:01:07+00:00\" \/>\n<meta property=\"og:image\" content=\"https:\/\/becooltravel.com\/wp-content\/uploads\/sites\/5\/2020\/08\/faro_train-1.jpeg\" \/>\n\t<meta property=\"og:image:width\" content=\"1700\" \/>\n\t<meta property=\"og:image:height\" content=\"1080\" \/>\n\t<meta property=\"og:image:type\" content=\"image\/jpeg\" \/>\n<meta name=\"twitter:card\" content=\"summary_large_image\" \/>\n<meta name=\"twitter:title\" content=\"Portugal by Train - Independent Rail Holidays\" \/>\n<meta name=\"twitter:description\" content=\"Sintra is a scenic splendor, a realm of romance where majestic fairytale-like palaces, a grandiose castle, regal estates, and charming red-tiled houses stand amidst a landscape of luxuriant, semi-tropical forests and hilltops.Your journey to the south of Portugal starts on the modern Oriente train station, designed by the Spanish architect Santiago Calatrava for the Expo\u201998 world\u2019s fair.Along the three hour journey to Faro, the capital of the Algarve, you\u2019ll pass through the green-yellow fields of Alentejo with a distinctive landscape change.\" \/>\n<meta name=\"twitter:image\" content=\"https:\/\/i0.wp.com\/becooltravel.com\/wp-content\/uploads\/sites\/5\/2020\/08\/faro_train-1.jpeg?fit=1700%2C1080&ssl=1\" \/>\n<meta name=\"twitter:site\" content=\"@becool_travel\" \/>\n<meta name=\"twitter:label1\" content=\"Gesch\u00e4tzte Lesezeit\" \/>\n\t<meta name=\"twitter:data1\" content=\"4\u00a0Minuten\" \/>\n<script type=\"application\/ld+json\" class=\"yoast-schema-graph\">{\"@context\":\"https:\\\/\\\/schema.org\",\"@graph\":[{\"@type\":[\"WebPage\",\"ItemPage\"],\"@id\":\"https:\\\/\\\/becooltravel.com\\\/product\\\/lisbon-south-portugal-by-train-7100st\\\/\",\"url\":\"https:\\\/\\\/becooltravel.com\\\/product\\\/lisbon-south-portugal-by-train-7100st\\\/\",\"name\":\"Lisbon &amp; South Portugal by Train - Independent Rail Holidays\",\"isPartOf\":{\"@id\":\"https:\\\/\\\/becooltravel.com\\\/#website\"},\"primaryImageOfPage\":{\"@id\":\"https:\\\/\\\/becooltravel.com\\\/product\\\/lisbon-south-portugal-by-train-7100st\\\/#primaryimage\"},\"image\":{\"@id\":\"https:\\\/\\\/becooltravel.com\\\/product\\\/lisbon-south-portugal-by-train-7100st\\\/#primaryimage\"},\"thumbnailUrl\":\"https:\\\/\\\/i0.wp.com\\\/becooltravel.com\\\/wp-content\\\/uploads\\\/sites\\\/5\\\/2020\\\/06\\\/faro_train.jpeg?fit=1200%2C762&ssl=1\",\"datePublished\":\"2020-06-18T14:34:18+00:00\",\"dateModified\":\"2026-03-18T12:01:07+00:00\",\"description\":\"Put your luggage on the rack, grab a seat by the window and let Portugal come to you. Portugal by Train - Independent Rail Holidays.\",\"breadcrumb\":{\"@id\":\"https:\\\/\\\/becooltravel.com\\\/product\\\/lisbon-south-portugal-by-train-7100st\\\/#breadcrumb\"},\"inLanguage\":\"de\",\"potentialAction\":[{\"@type\":\"ReadAction\",\"target\":[\"https:\\\/\\\/becooltravel.com\\\/product\\\/lisbon-south-portugal-by-train-7100st\\\/\"]}]},{\"@type\":\"ImageObject\",\"inLanguage\":\"de\",\"@id\":\"https:\\\/\\\/becooltravel.com\\\/product\\\/lisbon-south-portugal-by-train-7100st\\\/#primaryimage\",\"url\":\"https:\\\/\\\/i0.wp.com\\\/becooltravel.com\\\/wp-content\\\/uploads\\\/sites\\\/5\\\/2020\\\/06\\\/faro_train.jpeg?fit=1200%2C762&ssl=1\",\"contentUrl\":\"https:\\\/\\\/i0.wp.com\\\/becooltravel.com\\\/wp-content\\\/uploads\\\/sites\\\/5\\\/2020\\\/06\\\/faro_train.jpeg?fit=1200%2C762&ssl=1\",\"width\":1200,\"height\":762,\"caption\":\"Faro train holidays\"},{\"@type\":\"BreadcrumbList\",\"@id\":\"https:\\\/\\\/becooltravel.com\\\/product\\\/lisbon-south-portugal-by-train-7100st\\\/#breadcrumb\",\"itemListElement\":[{\"@type\":\"ListItem\",\"position\":1,\"name\":\"Home\",\"item\":\"https:\\\/\\\/becooltravel.com\\\/\"},{\"@type\":\"ListItem\",\"position\":2,\"name\":\"Shop\",\"item\":\"https:\\\/\\\/becooltravel.com\\\/?page_id=5\"},{\"@type\":\"ListItem\",\"position\":3,\"name\":\"alleine reisen\",\"item\":\"https:\\\/\\\/becooltravel.com\\\/product-tag\\\/alleine-reisen\\\/\"},{\"@type\":\"ListItem\",\"position\":4,\"name\":\"Portugal by Train - Independent Rail Holidays let Portugal come to you with this independent rail tour from Lisbon to Faro!\"}]},{\"@type\":\"WebSite\",\"@id\":\"https:\\\/\\\/becooltravel.com\\\/#website\",\"url\":\"https:\\\/\\\/becooltravel.com\\\/\",\"name\":\"BeCool Travel\",\"description\":\"Sustainable holidays in Portugal for independent travelers\",\"publisher\":{\"@id\":\"https:\\\/\\\/becooltravel.com\\\/#organization\"},\"potentialAction\":[{\"@type\":\"SearchAction\",\"target\":{\"@type\":\"EntryPoint\",\"urlTemplate\":\"https:\\\/\\\/becooltravel.com\\\/?s={search_term_string}\"},\"query-input\":{\"@type\":\"PropertyValueSpecification\",\"valueRequired\":true,\"valueName\":\"search_term_string\"}}],\"inLanguage\":\"de\"},{\"@type\":\"Organization\",\"@id\":\"https:\\\/\\\/becooltravel.com\\\/#organization\",\"name\":\"BecoolTravel. com- Portugal\",\"url\":\"https:\\\/\\\/becooltravel.com\\\/\",\"logo\":{\"@type\":\"ImageObject\",\"inLanguage\":\"de\",\"@id\":\"https:\\\/\\\/becooltravel.com\\\/#\\\/schema\\\/logo\\\/image\\\/\",\"url\":\"https:\\\/\\\/becooltravel.com\\\/wp-content\\\/uploads\\\/sites\\\/5\\\/2020\\\/03\\\/Logo_BeCool.jpg\",\"contentUrl\":\"https:\\\/\\\/becooltravel.com\\\/wp-content\\\/uploads\\\/sites\\\/5\\\/2020\\\/03\\\/Logo_BeCool.jpg\",\"width\":534,\"height\":534,\"caption\":\"BecoolTravel. com- Portugal\"},\"image\":{\"@id\":\"https:\\\/\\\/becooltravel.com\\\/#\\\/schema\\\/logo\\\/image\\\/\"},\"sameAs\":[\"https:\\\/\\\/www.facebook.com\\\/becooltravelagency\\\/\",\"https:\\\/\\\/x.com\\\/becool_travel\",\"https:\\\/\\\/www.instagram.com\\\/becooltravel_com\\\/\",\"https:\\\/\\\/www.linkedin.com\\\/company\\\/becool-travel\\\/\",\"https:\\\/\\\/www.youtube.com\\\/channel\\\/UCE7zRU3EVG1PgfXwQo-5uJw\"]}]}<\/script>\n<!-- \/ Yoast SEO Premium plugin. -->","yoast_head_json":{"title":"Lissabon &amp; S\u00fcdportugal mit dem Zug - Unabh\u00e4ngige Bahnferien","description":"Stellen Sie Ihr Gep\u00e4ck auf den Gep\u00e4cktr\u00e4ger, nehmen Sie Platz am Fenster und lassen Sie Portugal zu sich kommen. Portugal mit dem Zug - Unabh\u00e4ngige Bahnferien.","robots":{"index":"index","follow":"follow","max-snippet":"max-snippet:-1","max-image-preview":"max-image-preview:large","max-video-preview":"max-video-preview:-1"},"canonical":"https:\/\/becooltravel.com\/de\/produkt\/lissabon-sud-portugal-mit-zug-7100st\/","og_locale":"de_DE","og_type":"article","og_title":"Portugal by Train - Independent Rail Holidays","og_description":"Put your luggage on the rack, grab a seat by the window and let Portugal come to you with this independent rail tour from Lisbon to Faro!You\u2019ll visit a wide variety of scenic destinations, from the charming capital, Lisbon, to the enchanted Sintra, and the Algarve, from East to West.","og_url":"https:\/\/becooltravel.com\/de\/produkt\/lissabon-sud-portugal-mit-zug-7100st\/","og_site_name":"BeCool Travel","article_publisher":"https:\/\/www.facebook.com\/becooltravelagency\/","article_modified_time":"2026-03-18T12:01:07+00:00","og_image":[{"width":1700,"height":1080,"url":"https:\/\/becooltravel.com\/wp-content\/uploads\/sites\/5\/2020\/08\/faro_train-1.jpeg","type":"image\/jpeg"}],"twitter_card":"summary_large_image","twitter_title":"Portugal by Train - Independent Rail Holidays","twitter_description":"Sintra is a scenic splendor, a realm of romance where majestic fairytale-like palaces, a grandiose castle, regal estates, and charming red-tiled houses stand amidst a landscape of luxuriant, semi-tropical forests and hilltops.Your journey to the south of Portugal starts on the modern Oriente train station, designed by the Spanish architect Santiago Calatrava for the Expo\u201998 world\u2019s fair.Along the three hour journey to Faro, the capital of the Algarve, you\u2019ll pass through the green-yellow fields of Alentejo with a distinctive landscape change.","twitter_image":"https:\/\/i0.wp.com\/becooltravel.com\/wp-content\/uploads\/sites\/5\/2020\/08\/faro_train-1.jpeg?fit=1700%2C1080&ssl=1","twitter_site":"@becool_travel","twitter_misc":{"Gesch\u00e4tzte Lesezeit":"4\u00a0Minuten"},"schema":{"@context":"https:\/\/schema.org","@graph":[{"@type":["WebPage","ItemPage"],"@id":"https:\/\/becooltravel.com\/product\/lisbon-south-portugal-by-train-7100st\/","url":"https:\/\/becooltravel.com\/product\/lisbon-south-portugal-by-train-7100st\/","name":"Lissabon &amp; S\u00fcdportugal mit dem Zug - Unabh\u00e4ngige Bahnferien","isPartOf":{"@id":"https:\/\/becooltravel.com\/#website"},"primaryImageOfPage":{"@id":"https:\/\/becooltravel.com\/product\/lisbon-south-portugal-by-train-7100st\/#primaryimage"},"image":{"@id":"https:\/\/becooltravel.com\/product\/lisbon-south-portugal-by-train-7100st\/#primaryimage"},"thumbnailUrl":"https:\/\/i0.wp.com\/becooltravel.com\/wp-content\/uploads\/sites\/5\/2020\/06\/faro_train.jpeg?fit=1200%2C762&ssl=1","datePublished":"2020-06-18T14:34:18+00:00","dateModified":"2026-03-18T12:01:07+00:00","description":"Stellen Sie Ihr Gep\u00e4ck auf den Gep\u00e4cktr\u00e4ger, nehmen Sie Platz am Fenster und lassen Sie Portugal zu sich kommen. Portugal mit dem Zug - Unabh\u00e4ngige Bahnferien.","breadcrumb":{"@id":"https:\/\/becooltravel.com\/product\/lisbon-south-portugal-by-train-7100st\/#breadcrumb"},"inLanguage":"de","potentialAction":[{"@type":"ReadAction","target":["https:\/\/becooltravel.com\/product\/lisbon-south-portugal-by-train-7100st\/"]}]},{"@type":"ImageObject","inLanguage":"de","@id":"https:\/\/becooltravel.com\/product\/lisbon-south-portugal-by-train-7100st\/#primaryimage","url":"https:\/\/i0.wp.com\/becooltravel.com\/wp-content\/uploads\/sites\/5\/2020\/06\/faro_train.jpeg?fit=1200%2C762&ssl=1","contentUrl":"https:\/\/i0.wp.com\/becooltravel.com\/wp-content\/uploads\/sites\/5\/2020\/06\/faro_train.jpeg?fit=1200%2C762&ssl=1","width":1200,"height":762,"caption":"Faro train holidays"},{"@type":"BreadcrumbList","@id":"https:\/\/becooltravel.com\/product\/lisbon-south-portugal-by-train-7100st\/#breadcrumb","itemListElement":[{"@type":"ListItem","position":1,"name":"Home","item":"https:\/\/becooltravel.com\/"},{"@type":"ListItem","position":2,"name":"Shop","item":"https:\/\/becooltravel.com\/?page_id=5"},{"@type":"ListItem","position":3,"name":"alleine reisen","item":"https:\/\/becooltravel.com\/product-tag\/alleine-reisen\/"},{"@type":"ListItem","position":4,"name":"Portugal by Train - Independent Rail Holidays let Portugal come to you with this independent rail tour from Lisbon to Faro!"}]},{"@type":"WebSite","@id":"https:\/\/becooltravel.com\/#website","url":"https:\/\/becooltravel.com\/","name":"BeCool Travel","description":"Nachhaltiger Urlaub in Portugal f\u00fcr Individualreisende","publisher":{"@id":"https:\/\/becooltravel.com\/#organization"},"potentialAction":[{"@type":"SearchAction","target":{"@type":"EntryPoint","urlTemplate":"https:\/\/becooltravel.com\/?s={search_term_string}"},"query-input":{"@type":"PropertyValueSpecification","valueRequired":true,"valueName":"search_term_string"}}],"inLanguage":"de"},{"@type":"Organization","@id":"https:\/\/becooltravel.com\/#organization","name":"BecoolTravel. com- Portugal","url":"https:\/\/becooltravel.com\/","logo":{"@type":"ImageObject","inLanguage":"de","@id":"https:\/\/becooltravel.com\/#\/schema\/logo\/image\/","url":"https:\/\/becooltravel.com\/wp-content\/uploads\/sites\/5\/2020\/03\/Logo_BeCool.jpg","contentUrl":"https:\/\/becooltravel.com\/wp-content\/uploads\/sites\/5\/2020\/03\/Logo_BeCool.jpg","width":534,"height":534,"caption":"BecoolTravel. com- Portugal"},"image":{"@id":"https:\/\/becooltravel.com\/#\/schema\/logo\/image\/"},"sameAs":["https:\/\/www.facebook.com\/becooltravelagency\/","https:\/\/x.com\/becool_travel","https:\/\/www.instagram.com\/becooltravel_com\/","https:\/\/www.linkedin.com\/company\/becool-travel\/","https:\/\/www.youtube.com\/channel\/UCE7zRU3EVG1PgfXwQo-5uJw"]}]}},"jetpack_sharing_enabled":true,"_links":{"self":[{"href":"https:\/\/becooltravel.com\/de\/wp-json\/wp\/v2\/product\/5239","targetHints":{"allow":["GET"]}}],"collection":[{"href":"https:\/\/becooltravel.com\/de\/wp-json\/wp\/v2\/product"}],"about":[{"href":"https:\/\/becooltravel.com\/de\/wp-json\/wp\/v2\/types\/product"}],"replies":[{"embeddable":true,"href":"https:\/\/becooltravel.com\/de\/wp-json\/wp\/v2\/comments?post=5239"}],"wp:featuredmedia":[{"embeddable":true,"href":"https:\/\/becooltravel.com\/de\/wp-json\/wp\/v2\/media\/5231"}],"wp:attachment":[{"href":"https:\/\/becooltravel.com\/de\/wp-json\/wp\/v2\/media?parent=5239"}],"wp:term":[{"taxonomy":"product_brand","embeddable":true,"href":"https:\/\/becooltravel.com\/de\/wp-json\/wp\/v2\/product_brand?post=5239"},{"taxonomy":"product_cat","embeddable":true,"href":"https:\/\/becooltravel.com\/de\/wp-json\/wp\/v2\/product_cat?post=5239"},{"taxonomy":"product_tag","embeddable":true,"href":"https:\/\/becooltravel.com\/de\/wp-json\/wp\/v2\/product_tag?post=5239"}],"curies":[{"name":"wp","href":"https:\/\/api.w.org\/{rel}","templated":true}]}}