{"id":5396,"date":"2020-07-02T13:54:13","date_gmt":"2020-07-02T13:54:13","guid":{"rendered":"https:\/\/becooltravel.com\/?post_type=product&#038;p=5396"},"modified":"2022-08-14T14:02:05","modified_gmt":"2022-08-14T14:02:05","slug":"aspects-of-the-alentejo-1100g","status":"publish","type":"product","link":"https:\/\/becooltravel.com\/de\/produkt\/aspekte-des-alentejo-1100g\/","title":{"rendered":"Aspekte des Alentejo Walking Holiday"},"content":{"rendered":"<p><strong>Gruppen mit mindestens 6 Personen akzeptiert.<\/strong><\/p>\n<p>&nbsp;<\/p>\n<p>Der Alentejo (w\u00f6rtlich \u201eLand jenseits des Tajo\u201c) ist eine warme, trockene, meist sanfte Region n\u00f6rdlich der Algarve, die von allen bis auf wenige ignoriert wurde.<\/p>\n<p>Alentejo ist eine d\u00fcnn besiedelte Region mit offenen Horizonten, in der der Rhythmus des Lebens dem m\u00fc\u00dfigen Klang regionaler Lieder folgt.<\/p>\n<p>Es ist perfekt zum Wandern und Erleben eines unvergesslichen Abenteuers: ein Land der Tradition und des Erbes.<\/p>\n<div id=\"attachment_2705\" style=\"width: 1034px\" class=\"wp-caption alignnone\"><img data-recalc-dims=\"1\" decoding=\"async\" aria-describedby=\"caption-attachment-2705\" class=\"wp-image-2705 size-large\" title=\"Alc\u00e1cer do Sal, Blick auf die Burg\" src=\"https:\/\/i0.wp.com\/legendatours.net\/wp-content\/uploads\/2020\/07\/alcacer_sal_castle_view-1024x681.jpg?resize=1024%2C681&#038;ssl=1\" alt=\"Alc\u00e1cer do Sal, Blick auf die Burg\" width=\"1024\" height=\"681\" \/><p id=\"caption-attachment-2705\" class=\"wp-caption-text\">Alc\u00e1cer do Sal, Schloss kann man\u00a0<em>Aussicht<\/em>\u00a0der Fluss Sado und die Ebenen der Region Alentejo. Ideal f\u00fcr tolle Fotos.<\/p><\/div>\n<p>Diese Tour f\u00fchrt uns entlang der bemerkenswerten Spuren alter Kulturen: Dolmen und Cromlechs. R\u00f6mische und arabische Spuren vermischen sich mit den j\u00fcngsten Zeichen des Christentums, wovon die zahlreichen mittelalterlichen Burgen nur ein Beispiel sind.<\/p>\n<p>Wir werden entlang ausgedehnter Weizenfelder und Weinberge wandern, wo intensive gr\u00fcne und goldene Farben die Ebenen charakterisieren und wo im Fr\u00fchling die Felder mit Millionen von Wildblumen bedeckt sind, um die Augen zu erfreuen.<\/p>\n<p>Wir sehen weite Felder mit Kork- oder Olivenb\u00e4umen und Herden weidender Tiere, K\u00fche, Schafe oder manchmal auch Schweine, die normalerweise den Schatten der B\u00e4ume genie\u00dfen.<\/p>\n<p>Die D\u00f6rfer mit ihren wei\u00df get\u00fcnchten H\u00e4usern blenden die Augen.<\/p>\n<p>Die Menschen hier sind sehr stolz auf ihr Erbe und bewahren die alten Geb\u00e4ude und auch die alten Praktiken. Diese Region hat eine sehr reiche Handwerkstradition \u2013 T\u00f6pferei, Stickereien, handbemalte M\u00f6bel, Schmiedearbeiten usw.<\/p>\n<p>Die lokale Gastronomie ist abwechslungsreich und k\u00f6stlich und passt perfekt zu den ber\u00fchmten lokalen Weinen.<\/p>\n<div id=\"attachment_2708\" style=\"width: 1034px\" class=\"wp-caption alignnone\"><img data-recalc-dims=\"1\" decoding=\"async\" aria-describedby=\"caption-attachment-2708\" class=\"wp-image-2708 size-large\" title=\"Marv\u00e3o ist eine kleine mittelalterliche Stadt auf dem H\u00fcgel\" src=\"https:\/\/i0.wp.com\/legendatours.net\/wp-content\/uploads\/2020\/07\/marvao_village-1024x690.jpg?resize=1024%2C690&#038;ssl=1\" alt=\"Marv\u00e3o ist eine kleine mittelalterliche Stadt auf dem H\u00fcgel\" width=\"1024\" height=\"690\" \/><p id=\"caption-attachment-2708\" class=\"wp-caption-text\">Marv\u00e3o ist eine kleine mittelalterliche Stadt auf dem H\u00fcgel<\/p><\/div>\n<p>Dies ist eine Tour, bei der die Ruhe und Stille der endlosen Landschaften uns einladen, die Natur in einer l\u00e4ndlichen Umgebung zu teilen und mit den Menschen, die dort leben und arbeiten, Kontakte zu kn\u00fcpfen.<\/p>\n<p>Dies ist eine spektakul\u00e4re Tour, die uns drei sehr unterschiedliche Facetten dieser bemerkenswerten Region zeigt und uns zu den \u00e4ltesten \u00dcberresten unserer Geschichte und unseres Erbes f\u00fchrt.<\/p>\n<p>Wir beginnen unsere Entdeckung in Alc\u00e1cer do Sal. Alc\u00e1cer verbindet eine wundersch\u00f6ne Lage am Rande des Rio Sado mit einer beeindruckenden Landschaft und einer F\u00fclle historischer \u00dcberreste.<\/p>\n<p>Der Name der Stadt kommt vom maurischen al qasr, was \u201edie Burg\u201c bedeutet, und das \u201esal\u201c bezieht sich auf die uralte Salzgewinnung in dieser Gegend.<\/p>\n<p>Ein weiterer Industriezweig, der typisch f\u00fcr die portugiesische K\u00fcstenregion Alentejo ist, ist die Produktion des \u201ewei\u00dfen Goldes von Alc\u00e1cer\u201c, der Pinienkerne, wie die riesigen Pinienplantagen belegen.<\/p>\n<div id=\"attachment_2706\" style=\"width: 1034px\" class=\"wp-caption alignnone\"><img data-recalc-dims=\"1\" decoding=\"async\" aria-describedby=\"caption-attachment-2706\" class=\"wp-image-2706 size-large\" title=\"\u00c9vora ist eines der besten Reiseziele in Zentralportugal\" src=\"https:\/\/i0.wp.com\/legendatours.net\/wp-content\/uploads\/2020\/07\/evora-1024x576.jpg?resize=1024%2C576&#038;ssl=1\" alt=\"\u00c9vora ist eines der besten Reiseziele in Zentralportugal\" width=\"1024\" height=\"576\" \/><p id=\"caption-attachment-2706\" class=\"wp-caption-text\">\u00c9vora ist eines der besten Reiseziele in Zentralportugal<\/p><\/div>\n<p>Ins Landesinnere reisen wir in das Herz des Alentejo, in die malerische ummauerte Stadt \u00c9vora, die zum UNESCO-Weltkulturerbe geh\u00f6rt.<\/p>\n<p>Hier finden wir eine faszinierende Mischung aus Architektur aus verschiedenen Epochen, die bis in die Zeit vor der R\u00f6merzeit zur\u00fcckreichen, und bezaubernden Stra\u00dfen mit vielen Caf\u00e9s und attraktiven Restaurants, die lokale alentejanische K\u00fcche servieren.<\/p>\n<p>In der umliegenden Landschaft sind wilde Fr\u00fchlingsblumen eine gro\u00dfartige Begleitung f\u00fcr unsere ausgezeichneten Wanderungen.<\/p>\n<p>Unser letztes Zentrum befindet sich in Portalegre, dem Tor zum \u00f6stlichen Alentejo.<\/p>\n<p>Eine absolut herrliche Region von echter Sch\u00f6nheit, echtem idyllischem Leben, gro\u00dfartigen Landschaften und Menschen, die sehr stolz auf ihr Erbe sind.<\/p>\n<p>Die Region liegt am Fu\u00dfe der Bergkette und des Naturparks S\u00e3o Mamede und bietet eine F\u00fclle historischer Denkm\u00e4ler und beeindruckender Ausblicke.<\/p>\n<p>Hier finden wir fantastische Speisen und Weine, alte Traditionen, wundersch\u00f6nes Kunsthandwerk sowie hervorragende Wanderm\u00f6glichkeiten inmitten einer beeindruckenden Landschaft.<\/p>","protected":false},"excerpt":{"rendered":"<p>Der Alentejo (w\u00f6rtlich \u201eLand jenseits des Tajo\u201c) ist eine warme, trockene, meist sanfte Region n\u00f6rdlich der Algarve, die von allen bis auf wenige ignoriert wurde.<\/p>\n<p>Alentejo ist eine d\u00fcnn besiedelte Region mit offenen Horizonten, in der der Rhythmus des Lebens dem m\u00fc\u00dfigen Klang regionaler Lieder folgt.<\/p>\n<p>Es ist perfekt zum Wandern und Erleben eines unvergesslichen Abenteuers: ein Land der Tradition und des Erbes.<\/p>","protected":false},"featured_media":5401,"comment_status":"closed","ping_status":"closed","template":"","meta":{"_acf_changed":false,"inline_featured_image":false},"product_brand":[],"product_cat":[343,340,342,344,355],"product_tag":[966,1022,473,63,64,254,358,112,967,243,92,968,220,65,508,257,259,115,459,260,841,261,969,657,66,265,970,610,267,581,886,87,68],"class_list":{"0":"post-5396","1":"product","2":"type-product","3":"status-publish","4":"has-post-thumbnail","6":"product_cat-cultural-tours-and-holidays-in-portugal","7":"product_cat-guided-group-tours","8":"product_cat-portugal-guided-historical-holidays","9":"product_cat-guided-sightseeing-holidays-portugal","10":"product_cat-guided-walking-holidays-in-portugal","11":"product_tag-alcacer-do-sal","12":"product_tag-alenteho","13":"product_tag-alentejo","14":"product_tag-alentejo-landscape","15":"product_tag-alentejo-walking","16":"product_tag-ancient-buildings","17":"product_tag-ancient-churches","18":"product_tag-ancient-villages-and-castles","19":"product_tag-castelo-de-vide","20":"product_tag-charming-historical-towns","21":"product_tag-cork-woods","22":"product_tag-estremoz-walking","23":"product_tag-evora","24":"product_tag-evora-walking","25":"product_tag-gastronomy-and-wines","26":"product_tag-golden-wheat-fields","27":"product_tag-handicraft-tradition","28":"product_tag-historic-buildings","29":"product_tag-historic-town","30":"product_tag-history-and-heritage","31":"product_tag-inland-alentejo","32":"product_tag-local-gastronomy","33":"product_tag-marvao","34":"product_tag-medieval-castle","35":"product_tag-portalegre-walking","36":"product_tag-roman-and-arab-vestiges","37":"product_tag-sao-mamede-mountains","38":"product_tag-spring","39":"product_tag-the-alentejo","40":"product_tag-traditional-villages","41":"product_tag-traditions","42":"product_tag-unesco-world-heritage-site","43":"product_tag-wild-flowers-alentejo","45":"first","46":"instock","47":"virtual","48":"sold-individually","49":"product-type-booking"},"acf":[],"yoast_head":"<!-- This site is optimized with the Yoast SEO Premium plugin v26.8 (Yoast SEO v27.5) - https:\/\/yoast.com\/product\/yoast-seo-premium-wordpress\/ -->\n<title>Aspects of The Alentejo Walking Holiday<\/title>\n<meta name=\"description\" content=\"Alentejo is a sparsely populated region with open horizons, where the rhythm of life follows the idle sound of regional songs.It is perfect for walking and experiencing an unforgettable adventure: a land of tradition and heritage.This tour will take us along the remarkable traces of ancient cultures: dolmens and cromlechs. Roman and Arab vestiges mingling with the most recent signs of Christianity of which the numerous medieval castles are but one example.We will walk alongside vast wheat-fields and vineyards where intense green and golden colours characterise the plains and where, in the spring time, the fields are carpeted with millions of wild flowers to delight the eyes.\" \/>\n<meta name=\"robots\" content=\"index, follow, max-snippet:-1, max-image-preview:large, max-video-preview:-1\" \/>\n<link rel=\"canonical\" href=\"https:\/\/becooltravel.com\/de\/produkt\/aspekte-des-alentejo-1100g\/\" \/>\n<meta property=\"og:locale\" content=\"de_DE\" \/>\n<meta property=\"og:type\" content=\"article\" \/>\n<meta property=\"og:title\" content=\"Walking holidays in The Alentejo (literally \u201cland beyond the Tagus\u201d)\" \/>\n<meta property=\"og:description\" content=\"Alentejo is a sparsely populated region with open horizons, where the rhythm of life follows the idle sound of regional songs.It is perfect for walking and experiencing an unforgettable adventure: a land of tradition and heritage.This tour will take us along the remarkable traces of ancient cultures: dolmens and cromlechs. Roman and Arab vestiges mingling with the most recent signs of Christianity of which the numerous medieval castles are but one example.We will walk alongside vast wheat-fields and vineyards where intense green and golden colours characterise the plains and where, in the spring time, the fields are carpeted with millions of wild flowers to delight the eyes.\" \/>\n<meta property=\"og:url\" content=\"https:\/\/becooltravel.com\/de\/produkt\/aspekte-des-alentejo-1100g\/\" \/>\n<meta property=\"og:site_name\" content=\"BeCool Travel\" \/>\n<meta property=\"article:publisher\" content=\"https:\/\/www.facebook.com\/becooltravelagency\/\" \/>\n<meta property=\"article:modified_time\" content=\"2022-08-14T14:02:05+00:00\" \/>\n<meta property=\"og:image\" content=\"https:\/\/i0.wp.com\/becooltravel.com\/wp-content\/uploads\/sites\/5\/2020\/07\/alcacer_sal_castle_view.jpg?fit=1154%2C768&ssl=1\" \/>\n\t<meta property=\"og:image:width\" content=\"1154\" \/>\n\t<meta property=\"og:image:height\" content=\"768\" \/>\n\t<meta property=\"og:image:type\" content=\"image\/jpeg\" \/>\n<meta name=\"twitter:card\" content=\"summary_large_image\" \/>\n<meta name=\"twitter:title\" content=\"Walking holidays in Alentejo is a warm, dry, mostly gentle region north of the Algarve\" \/>\n<meta name=\"twitter:description\" content=\"We see vast fields dotted with cork or olive trees with herds of grazing animals, cows, sheep or sometimes pigs usually enjoying the shade of the trees.The villages with their whitewashed houses dazzle the eyes.The people here are very proud of their heritage and they preserve the ancient buildings and also the ancient practices. This is a region that has a very rich handicraft tradition \u2013 pottery, embroideries, hand-painted furniture, wrought- iron works, etc.The local gastronomy is varied and delicious and perfectly matches the famous local wines.This is a tour where the quietness and silence of the endless landscapes invite us to share nature in a rural environment and socialize with the people that live and work there.\" \/>\n<meta name=\"twitter:image\" content=\"https:\/\/i0.wp.com\/becooltravel.com\/wp-content\/uploads\/sites\/5\/2020\/07\/alcacer_sal_castle_view.jpg?fit=1154%2C768&ssl=1\" \/>\n<meta name=\"twitter:site\" content=\"@becool_travel\" \/>\n<meta name=\"twitter:label1\" content=\"Gesch\u00e4tzte Lesezeit\" \/>\n\t<meta name=\"twitter:data1\" content=\"4\u00a0Minuten\" \/>\n<script type=\"application\/ld+json\" class=\"yoast-schema-graph\">{\"@context\":\"https:\\\/\\\/schema.org\",\"@graph\":[{\"@type\":[\"WebPage\",\"ItemPage\"],\"@id\":\"https:\\\/\\\/becooltravel.com\\\/product\\\/aspects-of-the-alentejo-1100g\\\/\",\"url\":\"https:\\\/\\\/becooltravel.com\\\/product\\\/aspects-of-the-alentejo-1100g\\\/\",\"name\":\"Aspects of The Alentejo Walking Holiday\",\"isPartOf\":{\"@id\":\"https:\\\/\\\/becooltravel.com\\\/#website\"},\"primaryImageOfPage\":{\"@id\":\"https:\\\/\\\/becooltravel.com\\\/product\\\/aspects-of-the-alentejo-1100g\\\/#primaryimage\"},\"image\":{\"@id\":\"https:\\\/\\\/becooltravel.com\\\/product\\\/aspects-of-the-alentejo-1100g\\\/#primaryimage\"},\"thumbnailUrl\":\"https:\\\/\\\/i0.wp.com\\\/becooltravel.com\\\/wp-content\\\/uploads\\\/sites\\\/5\\\/2020\\\/07\\\/marvao.jpg?fit=1023%2C768&ssl=1\",\"datePublished\":\"2020-07-02T13:54:13+00:00\",\"dateModified\":\"2022-08-14T14:02:05+00:00\",\"description\":\"Alentejo is a sparsely populated region with open horizons, where the rhythm of life follows the idle sound of regional songs.It is perfect for walking and experiencing an unforgettable adventure: a land of tradition and heritage.This tour will take us along the remarkable traces of ancient cultures: dolmens and cromlechs. Roman and Arab vestiges mingling with the most recent signs of Christianity of which the numerous medieval castles are but one example.We will walk alongside vast wheat-fields and vineyards where intense green and golden colours characterise the plains and where, in the spring time, the fields are carpeted with millions of wild flowers to delight the eyes.\",\"breadcrumb\":{\"@id\":\"https:\\\/\\\/becooltravel.com\\\/product\\\/aspects-of-the-alentejo-1100g\\\/#breadcrumb\"},\"inLanguage\":\"de\",\"potentialAction\":[{\"@type\":\"ReadAction\",\"target\":[\"https:\\\/\\\/becooltravel.com\\\/product\\\/aspects-of-the-alentejo-1100g\\\/\"]}]},{\"@type\":\"ImageObject\",\"inLanguage\":\"de\",\"@id\":\"https:\\\/\\\/becooltravel.com\\\/product\\\/aspects-of-the-alentejo-1100g\\\/#primaryimage\",\"url\":\"https:\\\/\\\/i0.wp.com\\\/becooltravel.com\\\/wp-content\\\/uploads\\\/sites\\\/5\\\/2020\\\/07\\\/marvao.jpg?fit=1023%2C768&ssl=1\",\"contentUrl\":\"https:\\\/\\\/i0.wp.com\\\/becooltravel.com\\\/wp-content\\\/uploads\\\/sites\\\/5\\\/2020\\\/07\\\/marvao.jpg?fit=1023%2C768&ssl=1\",\"width\":1023,\"height\":768,\"caption\":\"Marvao\"},{\"@type\":\"BreadcrumbList\",\"@id\":\"https:\\\/\\\/becooltravel.com\\\/product\\\/aspects-of-the-alentejo-1100g\\\/#breadcrumb\",\"itemListElement\":[{\"@type\":\"ListItem\",\"position\":1,\"name\":\"Home\",\"item\":\"https:\\\/\\\/becooltravel.com\\\/\"},{\"@type\":\"ListItem\",\"position\":2,\"name\":\"Shop\",\"item\":\"https:\\\/\\\/becooltravel.com\\\/?page_id=5\"},{\"@type\":\"ListItem\",\"position\":3,\"name\":\"The Alentejo (literally \u201cland beyond the Tagus\u201d) is a warm, dry, mostly gentle region north of the Algarve that has been ignored by all but a few. Alentejo is a sparsely populated region with open horizons, where the rhythm of life follows the idle sound of regional songs. It is perfect for walking and experiencing an unforgettable adventure: a land of tradition and heritage.\",\"item\":\"https:\\\/\\\/becooltravel.com\\\/product-tag\\\/alcacer-do-sal\\\/\"},{\"@type\":\"ListItem\",\"position\":4,\"name\":\"Walking holidays in The Alentejo (literally \u201cland beyond the Tagus\u201d) is a warm, dry, mostly gentle region north of the Algarve\"}]},{\"@type\":\"WebSite\",\"@id\":\"https:\\\/\\\/becooltravel.com\\\/#website\",\"url\":\"https:\\\/\\\/becooltravel.com\\\/\",\"name\":\"BeCool Travel\",\"description\":\"Sustainable holidays in Portugal for independent travelers\",\"publisher\":{\"@id\":\"https:\\\/\\\/becooltravel.com\\\/#organization\"},\"potentialAction\":[{\"@type\":\"SearchAction\",\"target\":{\"@type\":\"EntryPoint\",\"urlTemplate\":\"https:\\\/\\\/becooltravel.com\\\/?s={search_term_string}\"},\"query-input\":{\"@type\":\"PropertyValueSpecification\",\"valueRequired\":true,\"valueName\":\"search_term_string\"}}],\"inLanguage\":\"de\"},{\"@type\":\"Organization\",\"@id\":\"https:\\\/\\\/becooltravel.com\\\/#organization\",\"name\":\"BecoolTravel. com- Portugal\",\"url\":\"https:\\\/\\\/becooltravel.com\\\/\",\"logo\":{\"@type\":\"ImageObject\",\"inLanguage\":\"de\",\"@id\":\"https:\\\/\\\/becooltravel.com\\\/#\\\/schema\\\/logo\\\/image\\\/\",\"url\":\"https:\\\/\\\/becooltravel.com\\\/wp-content\\\/uploads\\\/sites\\\/5\\\/2020\\\/03\\\/Logo_BeCool.jpg\",\"contentUrl\":\"https:\\\/\\\/becooltravel.com\\\/wp-content\\\/uploads\\\/sites\\\/5\\\/2020\\\/03\\\/Logo_BeCool.jpg\",\"width\":534,\"height\":534,\"caption\":\"BecoolTravel. com- Portugal\"},\"image\":{\"@id\":\"https:\\\/\\\/becooltravel.com\\\/#\\\/schema\\\/logo\\\/image\\\/\"},\"sameAs\":[\"https:\\\/\\\/www.facebook.com\\\/becooltravelagency\\\/\",\"https:\\\/\\\/x.com\\\/becool_travel\",\"https:\\\/\\\/www.instagram.com\\\/becooltravel_com\\\/\",\"https:\\\/\\\/www.linkedin.com\\\/company\\\/becool-travel\\\/\",\"https:\\\/\\\/www.youtube.com\\\/channel\\\/UCE7zRU3EVG1PgfXwQo-5uJw\"]}]}<\/script>\n<!-- \/ Yoast SEO Premium plugin. -->","yoast_head_json":{"title":"Aspekte des Alentejo Walking Holiday","description":"Alentejo ist eine d\u00fcnn besiedelte Region mit offenen Horizonten, in der der Rhythmus des Lebens dem m\u00fc\u00dfigen Klang regionaler Lieder folgt. Es ist perfekt zum Wandern und Erleben eines unvergesslichen Abenteuers: ein Land der Tradition und des Erbes. Diese Tour f\u00fchrt uns entlang der bemerkenswerten Spuren der alten Kulturen: Dolmen und Cromlechs. R\u00f6mische und arabische \u00dcberreste vermischen sich mit den j\u00fcngsten Zeichen des Christentums, wof\u00fcr die zahlreichen mittelalterlichen Burgen nur ein Beispiel sind. Wir wandern entlang ausgedehnter Weizenfelder und Weinberge, wo intensive gr\u00fcne und goldene Farben die Ebenen charakterisieren und wo im Fr\u00fchling Die Felder sind mit Millionen wilder Blumen bedeckt, um die Augen zu erfreuen.","robots":{"index":"index","follow":"follow","max-snippet":"max-snippet:-1","max-image-preview":"max-image-preview:large","max-video-preview":"max-video-preview:-1"},"canonical":"https:\/\/becooltravel.com\/de\/produkt\/aspekte-des-alentejo-1100g\/","og_locale":"de_DE","og_type":"article","og_title":"Walking holidays in The Alentejo (literally \u201cland beyond the Tagus\u201d)","og_description":"Alentejo is a sparsely populated region with open horizons, where the rhythm of life follows the idle sound of regional songs.It is perfect for walking and experiencing an unforgettable adventure: a land of tradition and heritage.This tour will take us along the remarkable traces of ancient cultures: dolmens and cromlechs. Roman and Arab vestiges mingling with the most recent signs of Christianity of which the numerous medieval castles are but one example.We will walk alongside vast wheat-fields and vineyards where intense green and golden colours characterise the plains and where, in the spring time, the fields are carpeted with millions of wild flowers to delight the eyes.","og_url":"https:\/\/becooltravel.com\/de\/produkt\/aspekte-des-alentejo-1100g\/","og_site_name":"BeCool Travel","article_publisher":"https:\/\/www.facebook.com\/becooltravelagency\/","article_modified_time":"2022-08-14T14:02:05+00:00","og_image":[{"width":1154,"height":768,"url":"https:\/\/i0.wp.com\/becooltravel.com\/wp-content\/uploads\/sites\/5\/2020\/07\/alcacer_sal_castle_view.jpg?fit=1154%2C768&ssl=1","type":"image\/jpeg"}],"twitter_card":"summary_large_image","twitter_title":"Walking holidays in Alentejo is a warm, dry, mostly gentle region north of the Algarve","twitter_description":"We see vast fields dotted with cork or olive trees with herds of grazing animals, cows, sheep or sometimes pigs usually enjoying the shade of the trees.The villages with their whitewashed houses dazzle the eyes.The people here are very proud of their heritage and they preserve the ancient buildings and also the ancient practices. This is a region that has a very rich handicraft tradition \u2013 pottery, embroideries, hand-painted furniture, wrought- iron works, etc.The local gastronomy is varied and delicious and perfectly matches the famous local wines.This is a tour where the quietness and silence of the endless landscapes invite us to share nature in a rural environment and socialize with the people that live and work there.","twitter_image":"https:\/\/i0.wp.com\/becooltravel.com\/wp-content\/uploads\/sites\/5\/2020\/07\/alcacer_sal_castle_view.jpg?fit=1154%2C768&ssl=1","twitter_site":"@becool_travel","twitter_misc":{"Gesch\u00e4tzte Lesezeit":"4\u00a0Minuten"},"schema":{"@context":"https:\/\/schema.org","@graph":[{"@type":["WebPage","ItemPage"],"@id":"https:\/\/becooltravel.com\/product\/aspects-of-the-alentejo-1100g\/","url":"https:\/\/becooltravel.com\/product\/aspects-of-the-alentejo-1100g\/","name":"Aspekte des Alentejo Walking Holiday","isPartOf":{"@id":"https:\/\/becooltravel.com\/#website"},"primaryImageOfPage":{"@id":"https:\/\/becooltravel.com\/product\/aspects-of-the-alentejo-1100g\/#primaryimage"},"image":{"@id":"https:\/\/becooltravel.com\/product\/aspects-of-the-alentejo-1100g\/#primaryimage"},"thumbnailUrl":"https:\/\/i0.wp.com\/becooltravel.com\/wp-content\/uploads\/sites\/5\/2020\/07\/marvao.jpg?fit=1023%2C768&ssl=1","datePublished":"2020-07-02T13:54:13+00:00","dateModified":"2022-08-14T14:02:05+00:00","description":"Alentejo ist eine d\u00fcnn besiedelte Region mit offenen Horizonten, in der der Rhythmus des Lebens dem m\u00fc\u00dfigen Klang regionaler Lieder folgt. Es ist perfekt zum Wandern und Erleben eines unvergesslichen Abenteuers: ein Land der Tradition und des Erbes. Diese Tour f\u00fchrt uns entlang der bemerkenswerten Spuren der alten Kulturen: Dolmen und Cromlechs. R\u00f6mische und arabische \u00dcberreste vermischen sich mit den j\u00fcngsten Zeichen des Christentums, wof\u00fcr die zahlreichen mittelalterlichen Burgen nur ein Beispiel sind. Wir wandern entlang ausgedehnter Weizenfelder und Weinberge, wo intensive gr\u00fcne und goldene Farben die Ebenen charakterisieren und wo im Fr\u00fchling Die Felder sind mit Millionen wilder Blumen bedeckt, um die Augen zu erfreuen.","breadcrumb":{"@id":"https:\/\/becooltravel.com\/product\/aspects-of-the-alentejo-1100g\/#breadcrumb"},"inLanguage":"de","potentialAction":[{"@type":"ReadAction","target":["https:\/\/becooltravel.com\/product\/aspects-of-the-alentejo-1100g\/"]}]},{"@type":"ImageObject","inLanguage":"de","@id":"https:\/\/becooltravel.com\/product\/aspects-of-the-alentejo-1100g\/#primaryimage","url":"https:\/\/i0.wp.com\/becooltravel.com\/wp-content\/uploads\/sites\/5\/2020\/07\/marvao.jpg?fit=1023%2C768&ssl=1","contentUrl":"https:\/\/i0.wp.com\/becooltravel.com\/wp-content\/uploads\/sites\/5\/2020\/07\/marvao.jpg?fit=1023%2C768&ssl=1","width":1023,"height":768,"caption":"Marvao"},{"@type":"BreadcrumbList","@id":"https:\/\/becooltravel.com\/product\/aspects-of-the-alentejo-1100g\/#breadcrumb","itemListElement":[{"@type":"ListItem","position":1,"name":"Home","item":"https:\/\/becooltravel.com\/"},{"@type":"ListItem","position":2,"name":"Shop","item":"https:\/\/becooltravel.com\/?page_id=5"},{"@type":"ListItem","position":3,"name":"The Alentejo (literally \u201cland beyond the Tagus\u201d) is a warm, dry, mostly gentle region north of the Algarve that has been ignored by all but a few. Alentejo is a sparsely populated region with open horizons, where the rhythm of life follows the idle sound of regional songs. It is perfect for walking and experiencing an unforgettable adventure: a land of tradition and heritage.","item":"https:\/\/becooltravel.com\/product-tag\/alcacer-do-sal\/"},{"@type":"ListItem","position":4,"name":"Walking holidays in The Alentejo (literally \u201cland beyond the Tagus\u201d) is a warm, dry, mostly gentle region north of the Algarve"}]},{"@type":"WebSite","@id":"https:\/\/becooltravel.com\/#website","url":"https:\/\/becooltravel.com\/","name":"BeCool Travel","description":"Nachhaltiger Urlaub in Portugal f\u00fcr Individualreisende","publisher":{"@id":"https:\/\/becooltravel.com\/#organization"},"potentialAction":[{"@type":"SearchAction","target":{"@type":"EntryPoint","urlTemplate":"https:\/\/becooltravel.com\/?s={search_term_string}"},"query-input":{"@type":"PropertyValueSpecification","valueRequired":true,"valueName":"search_term_string"}}],"inLanguage":"de"},{"@type":"Organization","@id":"https:\/\/becooltravel.com\/#organization","name":"BecoolTravel. com- Portugal","url":"https:\/\/becooltravel.com\/","logo":{"@type":"ImageObject","inLanguage":"de","@id":"https:\/\/becooltravel.com\/#\/schema\/logo\/image\/","url":"https:\/\/becooltravel.com\/wp-content\/uploads\/sites\/5\/2020\/03\/Logo_BeCool.jpg","contentUrl":"https:\/\/becooltravel.com\/wp-content\/uploads\/sites\/5\/2020\/03\/Logo_BeCool.jpg","width":534,"height":534,"caption":"BecoolTravel. com- Portugal"},"image":{"@id":"https:\/\/becooltravel.com\/#\/schema\/logo\/image\/"},"sameAs":["https:\/\/www.facebook.com\/becooltravelagency\/","https:\/\/x.com\/becool_travel","https:\/\/www.instagram.com\/becooltravel_com\/","https:\/\/www.linkedin.com\/company\/becool-travel\/","https:\/\/www.youtube.com\/channel\/UCE7zRU3EVG1PgfXwQo-5uJw"]}]}},"jetpack_sharing_enabled":true,"_links":{"self":[{"href":"https:\/\/becooltravel.com\/de\/wp-json\/wp\/v2\/product\/5396","targetHints":{"allow":["GET"]}}],"collection":[{"href":"https:\/\/becooltravel.com\/de\/wp-json\/wp\/v2\/product"}],"about":[{"href":"https:\/\/becooltravel.com\/de\/wp-json\/wp\/v2\/types\/product"}],"replies":[{"embeddable":true,"href":"https:\/\/becooltravel.com\/de\/wp-json\/wp\/v2\/comments?post=5396"}],"wp:featuredmedia":[{"embeddable":true,"href":"https:\/\/becooltravel.com\/de\/wp-json\/wp\/v2\/media\/5401"}],"wp:attachment":[{"href":"https:\/\/becooltravel.com\/de\/wp-json\/wp\/v2\/media?parent=5396"}],"wp:term":[{"taxonomy":"product_brand","embeddable":true,"href":"https:\/\/becooltravel.com\/de\/wp-json\/wp\/v2\/product_brand?post=5396"},{"taxonomy":"product_cat","embeddable":true,"href":"https:\/\/becooltravel.com\/de\/wp-json\/wp\/v2\/product_cat?post=5396"},{"taxonomy":"product_tag","embeddable":true,"href":"https:\/\/becooltravel.com\/de\/wp-json\/wp\/v2\/product_tag?post=5396"}],"curies":[{"name":"wp","href":"https:\/\/api.w.org\/{rel}","templated":true}]}}