{"id":5397,"date":"2020-07-02T15:15:46","date_gmt":"2020-07-02T15:15:46","guid":{"rendered":"https:\/\/becooltravel.com\/product\/peneda-geres-national-park-1200g\/"},"modified":"2022-08-14T14:04:41","modified_gmt":"2022-08-14T14:04:41","slug":"peneda-geres-national-park-1200g","status":"publish","type":"product","link":"https:\/\/becooltravel.com\/de\/produkt\/peneda-geres-nationalpark-1200g\/","title":{"rendered":"Wandern im Peneda Ger\u00eas National Park"},"content":{"rendered":"<p><strong>Gruppen mit mindestens 6 Personen akzeptiert.<\/strong><\/p>\n<p>&nbsp;<\/p>\n<p>Im Norden Portugals ist die Serra do Ger\u00eas vielleicht die pr\u00e4chtigste aller Bergketten.<\/p>\n<p>Es umfasst die H\u00e4lfte des gr\u00f6\u00dften Naturschutzgebiets Portugals und reicht von \u00fcppigen Tieflandseen und Fl\u00fcssen bis hin zu dramatischen Hochgebirgsgranitk\u00e4mmen, die Portugal von Spanien trennen.<\/p>\n<div id=\"attachment_2777\" style=\"width: 1034px\" class=\"wp-caption alignnone\"><img data-recalc-dims=\"1\" decoding=\"async\" aria-describedby=\"caption-attachment-2777\" class=\"wp-image-2777 size-large\" src=\"https:\/\/i0.wp.com\/legendatours.net\/wp-content\/uploads\/2020\/07\/geres_moorland-1024x731.jpg?resize=1024%2C731&#038;ssl=1\" alt=\"Wandern im Peneda Nationalpark Portugal\" width=\"1024\" height=\"731\" \/><p id=\"caption-attachment-2777\" class=\"wp-caption-text\">Gehen Sie in der Gruppe in Geres spazieren, erkunden Sie das authentische Portugal, abseits der Massen, und wandern Sie durch atemberaubende Landschaften.<\/p><\/div>\n<p>Der Nationalpark Peneda Ger\u00eas ist aufgrund der seltenen und beeindruckenden Sch\u00f6nheit seiner Landschaft, seines \u00f6kologischen Werts und der Vielfalt seiner Fauna und Flora eine der gr\u00f6\u00dften Naturattraktionen Portugals.<\/p>\n<p>Schl\u00e4ngeln Sie sich ruhig entlang der verschlungenen K\u00fcstenlinien von Seen, die von uralten Feldern ges\u00e4umt sind, die von Wildblumen wimmeln und von Weinreben und Oliven ges\u00e4umt sind. In den unteren H\u00fcgeln erkunden wir alte D\u00f6rfer, die in einer l\u00e4ngst vergangenen Zeit noch zu existieren scheinen und deren Bewohner noch immer in enger Harmonie mit der Natur und ihrer Umgebung leben.<\/p>\n<p>Es gibt bewaldete T\u00e4ler, die von Fl\u00fcssen durchzogen sind, die in wundervolle Becken mit sprudelndem, sauberem, k\u00fchlem Wasser st\u00fcrzen. Die uralten Granitpfade f\u00fchren uns \u00fcber die Berge in hohe versteckte T\u00e4ler, wo man immer noch Ziegenherden auf ihrem t\u00e4glichen Rundgang und Kuhhirten begegnen wird, die ihr Vieh besch\u00fctzen, w\u00e4hrend sie sich langsam von einer Weide zur n\u00e4chsten bewegen, tief in den Bergen, bis sie bereit sind im Herbst herunterkommen.<\/p>\n<div id=\"attachment_2803\" style=\"width: 1034px\" class=\"wp-caption alignnone\"><img data-recalc-dims=\"1\" decoding=\"async\" aria-describedby=\"caption-attachment-2803\" class=\"wp-image-2803 size-large\" src=\"https:\/\/i0.wp.com\/legendatours.net\/wp-content\/uploads\/2020\/07\/geres-2-1024x671.jpg?resize=1024%2C671&#038;ssl=1\" alt=\"GER\u00caS NATIONAL PARK kristallklares Wasser\" width=\"1024\" height=\"671\" \/><p id=\"caption-attachment-2803\" class=\"wp-caption-text\">GER\u00caS NATIONALPARK kristallklares Wasser. Entdecken Sie die beliebtesten\u00a0<em>Gehen<\/em>\u00a0Wanderwege im Parque Nacional da Peneda-<em>Ger\u00eas<\/em><\/p><\/div>\n<p>Hier bewegen sich wilde Garrano-Pferde, deren Vorfahren diese H\u00fcgel schon vor der Ankunft der Kelten bewohnten, noch frei herum.<\/p>\n<p>W\u00f6lfe und Wildschweine durchstreifen die abgelegensten Teile dieser Berge, w\u00e4hrend Adler und andere Raubv\u00f6gel \u00fcber ihnen schweben.<\/p>\n<p>Dies ist wirklich eine der letzten Wildnisse Europas.<\/p>\n<p>Am Ende unseres Tages, unten im gesch\u00fctzten Tal, bietet unser Hotel mit seiner Bar und Terrasse und seinem lokal bekannten Restaurant eine Oase des Komforts.<\/p>\n<p>Dieser Urlaub wurde von unseren portugiesischen Experten entworfen, die in der N\u00e4he des Parks wohnen. Eine h\u00f6here Empfehlung gibt es nicht.<\/p>","protected":false},"excerpt":{"rendered":"<p>Im Norden Portugals ist die Serra do Ger\u00eas vielleicht die pr\u00e4chtigste aller Bergketten.<\/p>\n<p>Es umfasst die H\u00e4lfte des gr\u00f6\u00dften Naturschutzgebiets Portugals und reicht von \u00fcppigen Tieflandseen und Fl\u00fcssen bis hin zu dramatischen Hochgebirgsgranitk\u00e4mmen, die Portugal von Spanien trennen.<\/p>\n<p>Der Nationalpark Peneda Ger\u00eas ist aufgrund der seltenen und beeindruckenden Sch\u00f6nheit seiner Landschaft, seines \u00f6kologischen Werts und der Vielfalt seiner Fauna und Flora eine der gr\u00f6\u00dften Naturattraktionen Portugals.<\/p>","protected":false},"featured_media":5404,"comment_status":"closed","ping_status":"closed","template":"","meta":{"_acf_changed":false,"inline_featured_image":false},"product_brand":[],"product_cat":[340,344,355],"product_tag":[254,203,971,626,442,579,1277,1146,384,478,133,321,754,727,1278,74,70,790,58,724,581,425,59,60,61,972,271,1279,310],"class_list":{"0":"post-5397","1":"product","2":"type-product","3":"status-publish","4":"has-post-thumbnail","6":"product_cat-guided-group-tours","7":"product_cat-guided-sightseeing-holidays-portugal","8":"product_cat-guided-walking-holidays-in-portugal","9":"product_tag-ancient-buildings","10":"product_tag-beautiful-landscapes","11":"product_tag-cascata-do-arado","12":"product_tag-ecological-value","13":"product_tag-fauna-and-flora","14":"product_tag-green-landscape","15":"product_tag-harmony-with-nature","16":"product_tag-hidden-valleys","17":"product_tag-magnificent-landscape","18":"product_tag-natural-park","19":"product_tag-natural-reserves","20":"product_tag-nature-walks","21":"product_tag-north-of-portugal","22":"product_tag-peneda","23":"product_tag-peneda-geres","24":"product_tag-peneda-geres-national-park","25":"product_tag-peneda-geres-walking","26":"product_tag-picturesque-landscapes","27":"product_tag-portugal","28":"product_tag-tours-in-portugal","29":"product_tag-traditional-villages","30":"product_tag-typical-villages","31":"product_tag-walking","32":"product_tag-walking-holidays","33":"product_tag-walking-tours","34":"product_tag-waterfalls","35":"product_tag-wild-flowers","36":"product_tag-wildernesses","37":"product_tag-wildlife","39":"first","40":"instock","41":"virtual","42":"sold-individually","43":"product-type-booking"},"acf":[],"yoast_head":"<!-- This site is optimized with the Yoast SEO Premium plugin v26.8 (Yoast SEO v27.5) - https:\/\/yoast.com\/product\/yoast-seo-premium-wordpress\/ -->\n<title>Walking in Peneda Ger\u00eas National Park<\/title>\n<meta name=\"description\" content=\"Walking The Peneda Ger\u00eas National Park is one of the greatest natural attractions in Portugal due to the rare and impressive beauty of its landscape, its ecological value and the variety of its fauna and flora.Quietly meander along the intricate shore lines of lakes bordered by ancient fields teaming with wild flowers and lined with vines and olives. In the lower hills we explore ancient villages which seem to still exist in an age long since past and whose people still live in close harmony with nature and their surroundings.There are wooded valleys carved by rivers cascading down into wonderful pools of sparkling clean cool water. Then ancient granite trails take us over the mountains into high hidden valleys where one will still encounter herds of goats on their daily circuit and cowherds protecting their cattle as they slowly move from one pasture to the next, deep within the mountains, until they are ready to come down in the autumn.\" \/>\n<meta name=\"robots\" content=\"index, follow, max-snippet:-1, max-image-preview:large, max-video-preview:-1\" \/>\n<link rel=\"canonical\" href=\"https:\/\/becooltravel.com\/de\/produkt\/peneda-geres-nationalpark-1200g\/\" \/>\n<meta property=\"og:locale\" content=\"de_DE\" \/>\n<meta property=\"og:type\" content=\"article\" \/>\n<meta property=\"og:title\" content=\"Walking holidays in Peneda Ger\u00eas National Park Portugal\" \/>\n<meta property=\"og:description\" content=\"The Peneda Ger\u00eas National Park is one of the greatest natural attractions in Portugal due to the rare and impressive beauty of its landscape, its ecological value and the variety of its fauna and flora.Quietly meander along the intricate shore lines of lakes bordered by ancient fields teaming with wild flowers and lined with vines and olives. In the lower hills we explore ancient villages which seem to still exist in an age long since past and whose people still live in close harmony with nature and their surroundings.There are wooded valleys carved by rivers cascading down into wonderful pools of sparkling clean cool water. Then ancient granite trails take us over the mountains into high hidden valleys where one will still encounter herds of goats on their daily circuit and cowherds protecting their cattle as they slowly move from one pasture to the next, deep within the mountains, until they are ready to come down in the autumn.\" \/>\n<meta property=\"og:url\" content=\"https:\/\/becooltravel.com\/de\/produkt\/peneda-geres-nationalpark-1200g\/\" \/>\n<meta property=\"og:site_name\" content=\"BeCool Travel\" \/>\n<meta property=\"article:publisher\" content=\"https:\/\/www.facebook.com\/becooltravelagency\/\" \/>\n<meta property=\"article:modified_time\" content=\"2022-08-14T14:04:41+00:00\" \/>\n<meta property=\"og:image\" content=\"https:\/\/i0.wp.com\/becooltravel.com\/wp-content\/uploads\/sites\/5\/2020\/07\/cascata_arado_geres.jpg?fit=1024%2C768&ssl=1\" \/>\n\t<meta property=\"og:image:width\" content=\"1024\" \/>\n\t<meta property=\"og:image:height\" content=\"768\" \/>\n\t<meta property=\"og:image:type\" content=\"image\/jpeg\" \/>\n<meta name=\"twitter:card\" content=\"summary_large_image\" \/>\n<meta name=\"twitter:title\" content=\"Walking holidays in Peneda Ger\u00eas National Park Portugal\" \/>\n<meta name=\"twitter:description\" content=\"Here, wild Garrano horses, whose ancestors inhabited these hills even before the Celts arrived, still roam free.Wolves and wild boar range the most remote parts of these mountains while eagles and other birds of prey soar above.This is truly one of Europe\u2019s last wildernesses.At the end of our day, down in the sheltered valley, our hotel provides a haven of comfort with its bar and terrace and its locally renowned restaurant.This holiday has been designed by our Portuguese experts who live close to the park; you can\u2019t get a higher recommendation than that.\" \/>\n<meta name=\"twitter:image\" content=\"https:\/\/i0.wp.com\/becooltravel.com\/wp-content\/uploads\/sites\/5\/2020\/07\/cascata_arado_geres.jpg?fit=1024%2C768&ssl=1\" \/>\n<meta name=\"twitter:site\" content=\"@becool_travel\" \/>\n<meta name=\"twitter:label1\" content=\"Gesch\u00e4tzte Lesezeit\" \/>\n\t<meta name=\"twitter:data1\" content=\"2\u00a0Minuten\" \/>\n<script type=\"application\/ld+json\" class=\"yoast-schema-graph\">{\"@context\":\"https:\\\/\\\/schema.org\",\"@graph\":[{\"@type\":[\"WebPage\",\"ItemPage\"],\"@id\":\"https:\\\/\\\/becooltravel.com\\\/product\\\/peneda-geres-national-park-1200g\\\/\",\"url\":\"https:\\\/\\\/becooltravel.com\\\/product\\\/peneda-geres-national-park-1200g\\\/\",\"name\":\"Walking in Peneda Ger\u00eas National Park\",\"isPartOf\":{\"@id\":\"https:\\\/\\\/becooltravel.com\\\/#website\"},\"primaryImageOfPage\":{\"@id\":\"https:\\\/\\\/becooltravel.com\\\/product\\\/peneda-geres-national-park-1200g\\\/#primaryimage\"},\"image\":{\"@id\":\"https:\\\/\\\/becooltravel.com\\\/product\\\/peneda-geres-national-park-1200g\\\/#primaryimage\"},\"thumbnailUrl\":\"https:\\\/\\\/i0.wp.com\\\/becooltravel.com\\\/wp-content\\\/uploads\\\/sites\\\/5\\\/2020\\\/07\\\/geres.jpg?fit=1128%2C768&ssl=1\",\"datePublished\":\"2020-07-02T15:15:46+00:00\",\"dateModified\":\"2022-08-14T14:04:41+00:00\",\"description\":\"Walking The Peneda Ger\u00eas National Park is one of the greatest natural attractions in Portugal due to the rare and impressive beauty of its landscape, its ecological value and the variety of its fauna and flora.Quietly meander along the intricate shore lines of lakes bordered by ancient fields teaming with wild flowers and lined with vines and olives. In the lower hills we explore ancient villages which seem to still exist in an age long since past and whose people still live in close harmony with nature and their surroundings.There are wooded valleys carved by rivers cascading down into wonderful pools of sparkling clean cool water. Then ancient granite trails take us over the mountains into high hidden valleys where one will still encounter herds of goats on their daily circuit and cowherds protecting their cattle as they slowly move from one pasture to the next, deep within the mountains, until they are ready to come down in the autumn.\",\"breadcrumb\":{\"@id\":\"https:\\\/\\\/becooltravel.com\\\/product\\\/peneda-geres-national-park-1200g\\\/#breadcrumb\"},\"inLanguage\":\"de\",\"potentialAction\":[{\"@type\":\"ReadAction\",\"target\":[\"https:\\\/\\\/becooltravel.com\\\/product\\\/peneda-geres-national-park-1200g\\\/\"]}]},{\"@type\":\"ImageObject\",\"inLanguage\":\"de\",\"@id\":\"https:\\\/\\\/becooltravel.com\\\/product\\\/peneda-geres-national-park-1200g\\\/#primaryimage\",\"url\":\"https:\\\/\\\/i0.wp.com\\\/becooltravel.com\\\/wp-content\\\/uploads\\\/sites\\\/5\\\/2020\\\/07\\\/geres.jpg?fit=1128%2C768&ssl=1\",\"contentUrl\":\"https:\\\/\\\/i0.wp.com\\\/becooltravel.com\\\/wp-content\\\/uploads\\\/sites\\\/5\\\/2020\\\/07\\\/geres.jpg?fit=1128%2C768&ssl=1\",\"width\":1128,\"height\":768,\"caption\":\"Geres\"},{\"@type\":\"BreadcrumbList\",\"@id\":\"https:\\\/\\\/becooltravel.com\\\/product\\\/peneda-geres-national-park-1200g\\\/#breadcrumb\",\"itemListElement\":[{\"@type\":\"ListItem\",\"position\":1,\"name\":\"Home\",\"item\":\"https:\\\/\\\/becooltravel.com\\\/\"},{\"@type\":\"ListItem\",\"position\":2,\"name\":\"Shop\",\"item\":\"https:\\\/\\\/becooltravel.com\\\/?page_id=5\"},{\"@type\":\"ListItem\",\"position\":3,\"name\":\"The medieval villages, towns in Portugal and architecture\u00a0but also in the incredible array of famous landmarks in\u00a0Portugal.\",\"item\":\"https:\\\/\\\/becooltravel.com\\\/product-tag\\\/ancient-buildings\\\/\"},{\"@type\":\"ListItem\",\"position\":4,\"name\":\"Walking holidays in Peneda Ger\u00eas National Park Portugal\"}]},{\"@type\":\"WebSite\",\"@id\":\"https:\\\/\\\/becooltravel.com\\\/#website\",\"url\":\"https:\\\/\\\/becooltravel.com\\\/\",\"name\":\"BeCool Travel\",\"description\":\"Sustainable holidays in Portugal for independent travelers\",\"publisher\":{\"@id\":\"https:\\\/\\\/becooltravel.com\\\/#organization\"},\"potentialAction\":[{\"@type\":\"SearchAction\",\"target\":{\"@type\":\"EntryPoint\",\"urlTemplate\":\"https:\\\/\\\/becooltravel.com\\\/?s={search_term_string}\"},\"query-input\":{\"@type\":\"PropertyValueSpecification\",\"valueRequired\":true,\"valueName\":\"search_term_string\"}}],\"inLanguage\":\"de\"},{\"@type\":\"Organization\",\"@id\":\"https:\\\/\\\/becooltravel.com\\\/#organization\",\"name\":\"BecoolTravel. com- Portugal\",\"url\":\"https:\\\/\\\/becooltravel.com\\\/\",\"logo\":{\"@type\":\"ImageObject\",\"inLanguage\":\"de\",\"@id\":\"https:\\\/\\\/becooltravel.com\\\/#\\\/schema\\\/logo\\\/image\\\/\",\"url\":\"https:\\\/\\\/becooltravel.com\\\/wp-content\\\/uploads\\\/sites\\\/5\\\/2020\\\/03\\\/Logo_BeCool.jpg\",\"contentUrl\":\"https:\\\/\\\/becooltravel.com\\\/wp-content\\\/uploads\\\/sites\\\/5\\\/2020\\\/03\\\/Logo_BeCool.jpg\",\"width\":534,\"height\":534,\"caption\":\"BecoolTravel. com- Portugal\"},\"image\":{\"@id\":\"https:\\\/\\\/becooltravel.com\\\/#\\\/schema\\\/logo\\\/image\\\/\"},\"sameAs\":[\"https:\\\/\\\/www.facebook.com\\\/becooltravelagency\\\/\",\"https:\\\/\\\/x.com\\\/becool_travel\",\"https:\\\/\\\/www.instagram.com\\\/becooltravel_com\\\/\",\"https:\\\/\\\/www.linkedin.com\\\/company\\\/becool-travel\\\/\",\"https:\\\/\\\/www.youtube.com\\\/channel\\\/UCE7zRU3EVG1PgfXwQo-5uJw\"]}]}<\/script>\n<!-- \/ Yoast SEO Premium plugin. -->","yoast_head_json":{"title":"Wandern im Peneda Ger\u00eas National Park","description":"Wandern Der Peneda Ger\u00eas Nationalpark ist aufgrund der seltenen und beeindruckenden Sch\u00f6nheit seiner Landschaft, seines \u00f6kologischen Werts und der Vielfalt seiner Fauna und Flora eine der gr\u00f6\u00dften Naturattraktionen in Portugal Felder, die sich mit wilden Blumen verbinden und mit Weinreben und Oliven ges\u00e4umt sind. In den unteren H\u00fcgeln erkunden wir alte D\u00f6rfer, die in einer l\u00e4ngst vergangenen Zeit noch zu existieren scheinen und deren Menschen immer noch in enger Harmonie mit der Natur und ihrer Umgebung leben. Es gibt bewaldete T\u00e4ler, die von Fl\u00fcssen geschnitzt werden, die in wundervolle Pools mit blitzsauberem, k\u00fchlem Wasser m\u00fcnden . Dann f\u00fchren uns alte Granitpfade \u00fcber die Berge in hohe, versteckte T\u00e4ler, wo man auf seinem t\u00e4glichen Rundgang immer noch Ziegenherden und Kuhhirten begegnet, die ihr Vieh sch\u00fctzen, w\u00e4hrend sie sich langsam von einer Weide zur n\u00e4chsten bewegen, tief in den Bergen, bis sie bereit sind im Herbst runterkommen.","robots":{"index":"index","follow":"follow","max-snippet":"max-snippet:-1","max-image-preview":"max-image-preview:large","max-video-preview":"max-video-preview:-1"},"canonical":"https:\/\/becooltravel.com\/de\/produkt\/peneda-geres-nationalpark-1200g\/","og_locale":"de_DE","og_type":"article","og_title":"Walking holidays in Peneda Ger\u00eas National Park Portugal","og_description":"The Peneda Ger\u00eas National Park is one of the greatest natural attractions in Portugal due to the rare and impressive beauty of its landscape, its ecological value and the variety of its fauna and flora.Quietly meander along the intricate shore lines of lakes bordered by ancient fields teaming with wild flowers and lined with vines and olives. In the lower hills we explore ancient villages which seem to still exist in an age long since past and whose people still live in close harmony with nature and their surroundings.There are wooded valleys carved by rivers cascading down into wonderful pools of sparkling clean cool water. Then ancient granite trails take us over the mountains into high hidden valleys where one will still encounter herds of goats on their daily circuit and cowherds protecting their cattle as they slowly move from one pasture to the next, deep within the mountains, until they are ready to come down in the autumn.","og_url":"https:\/\/becooltravel.com\/de\/produkt\/peneda-geres-nationalpark-1200g\/","og_site_name":"BeCool Travel","article_publisher":"https:\/\/www.facebook.com\/becooltravelagency\/","article_modified_time":"2022-08-14T14:04:41+00:00","og_image":[{"width":1024,"height":768,"url":"https:\/\/i0.wp.com\/becooltravel.com\/wp-content\/uploads\/sites\/5\/2020\/07\/cascata_arado_geres.jpg?fit=1024%2C768&ssl=1","type":"image\/jpeg"}],"twitter_card":"summary_large_image","twitter_title":"Walking holidays in Peneda Ger\u00eas National Park Portugal","twitter_description":"Here, wild Garrano horses, whose ancestors inhabited these hills even before the Celts arrived, still roam free.Wolves and wild boar range the most remote parts of these mountains while eagles and other birds of prey soar above.This is truly one of Europe\u2019s last wildernesses.At the end of our day, down in the sheltered valley, our hotel provides a haven of comfort with its bar and terrace and its locally renowned restaurant.This holiday has been designed by our Portuguese experts who live close to the park; you can\u2019t get a higher recommendation than that.","twitter_image":"https:\/\/i0.wp.com\/becooltravel.com\/wp-content\/uploads\/sites\/5\/2020\/07\/cascata_arado_geres.jpg?fit=1024%2C768&ssl=1","twitter_site":"@becool_travel","twitter_misc":{"Gesch\u00e4tzte Lesezeit":"2\u00a0Minuten"},"schema":{"@context":"https:\/\/schema.org","@graph":[{"@type":["WebPage","ItemPage"],"@id":"https:\/\/becooltravel.com\/product\/peneda-geres-national-park-1200g\/","url":"https:\/\/becooltravel.com\/product\/peneda-geres-national-park-1200g\/","name":"Wandern im Peneda Ger\u00eas National Park","isPartOf":{"@id":"https:\/\/becooltravel.com\/#website"},"primaryImageOfPage":{"@id":"https:\/\/becooltravel.com\/product\/peneda-geres-national-park-1200g\/#primaryimage"},"image":{"@id":"https:\/\/becooltravel.com\/product\/peneda-geres-national-park-1200g\/#primaryimage"},"thumbnailUrl":"https:\/\/i0.wp.com\/becooltravel.com\/wp-content\/uploads\/sites\/5\/2020\/07\/geres.jpg?fit=1128%2C768&ssl=1","datePublished":"2020-07-02T15:15:46+00:00","dateModified":"2022-08-14T14:04:41+00:00","description":"Wandern Der Peneda Ger\u00eas Nationalpark ist aufgrund der seltenen und beeindruckenden Sch\u00f6nheit seiner Landschaft, seines \u00f6kologischen Werts und der Vielfalt seiner Fauna und Flora eine der gr\u00f6\u00dften Naturattraktionen in Portugal Felder, die sich mit wilden Blumen verbinden und mit Weinreben und Oliven ges\u00e4umt sind. In den unteren H\u00fcgeln erkunden wir alte D\u00f6rfer, die in einer l\u00e4ngst vergangenen Zeit noch zu existieren scheinen und deren Menschen immer noch in enger Harmonie mit der Natur und ihrer Umgebung leben. Es gibt bewaldete T\u00e4ler, die von Fl\u00fcssen geschnitzt werden, die in wundervolle Pools mit blitzsauberem, k\u00fchlem Wasser m\u00fcnden . Dann f\u00fchren uns alte Granitpfade \u00fcber die Berge in hohe, versteckte T\u00e4ler, wo man auf seinem t\u00e4glichen Rundgang immer noch Ziegenherden und Kuhhirten begegnet, die ihr Vieh sch\u00fctzen, w\u00e4hrend sie sich langsam von einer Weide zur n\u00e4chsten bewegen, tief in den Bergen, bis sie bereit sind im Herbst runterkommen.","breadcrumb":{"@id":"https:\/\/becooltravel.com\/product\/peneda-geres-national-park-1200g\/#breadcrumb"},"inLanguage":"de","potentialAction":[{"@type":"ReadAction","target":["https:\/\/becooltravel.com\/product\/peneda-geres-national-park-1200g\/"]}]},{"@type":"ImageObject","inLanguage":"de","@id":"https:\/\/becooltravel.com\/product\/peneda-geres-national-park-1200g\/#primaryimage","url":"https:\/\/i0.wp.com\/becooltravel.com\/wp-content\/uploads\/sites\/5\/2020\/07\/geres.jpg?fit=1128%2C768&ssl=1","contentUrl":"https:\/\/i0.wp.com\/becooltravel.com\/wp-content\/uploads\/sites\/5\/2020\/07\/geres.jpg?fit=1128%2C768&ssl=1","width":1128,"height":768,"caption":"Geres"},{"@type":"BreadcrumbList","@id":"https:\/\/becooltravel.com\/product\/peneda-geres-national-park-1200g\/#breadcrumb","itemListElement":[{"@type":"ListItem","position":1,"name":"Home","item":"https:\/\/becooltravel.com\/"},{"@type":"ListItem","position":2,"name":"Shop","item":"https:\/\/becooltravel.com\/?page_id=5"},{"@type":"ListItem","position":3,"name":"The medieval villages, towns in Portugal and architecture\u00a0but also in the incredible array of famous landmarks in\u00a0Portugal.","item":"https:\/\/becooltravel.com\/product-tag\/ancient-buildings\/"},{"@type":"ListItem","position":4,"name":"Walking holidays in Peneda Ger\u00eas National Park Portugal"}]},{"@type":"WebSite","@id":"https:\/\/becooltravel.com\/#website","url":"https:\/\/becooltravel.com\/","name":"BeCool Travel","description":"Nachhaltiger Urlaub in Portugal f\u00fcr Individualreisende","publisher":{"@id":"https:\/\/becooltravel.com\/#organization"},"potentialAction":[{"@type":"SearchAction","target":{"@type":"EntryPoint","urlTemplate":"https:\/\/becooltravel.com\/?s={search_term_string}"},"query-input":{"@type":"PropertyValueSpecification","valueRequired":true,"valueName":"search_term_string"}}],"inLanguage":"de"},{"@type":"Organization","@id":"https:\/\/becooltravel.com\/#organization","name":"BecoolTravel. com- Portugal","url":"https:\/\/becooltravel.com\/","logo":{"@type":"ImageObject","inLanguage":"de","@id":"https:\/\/becooltravel.com\/#\/schema\/logo\/image\/","url":"https:\/\/becooltravel.com\/wp-content\/uploads\/sites\/5\/2020\/03\/Logo_BeCool.jpg","contentUrl":"https:\/\/becooltravel.com\/wp-content\/uploads\/sites\/5\/2020\/03\/Logo_BeCool.jpg","width":534,"height":534,"caption":"BecoolTravel. com- Portugal"},"image":{"@id":"https:\/\/becooltravel.com\/#\/schema\/logo\/image\/"},"sameAs":["https:\/\/www.facebook.com\/becooltravelagency\/","https:\/\/x.com\/becool_travel","https:\/\/www.instagram.com\/becooltravel_com\/","https:\/\/www.linkedin.com\/company\/becool-travel\/","https:\/\/www.youtube.com\/channel\/UCE7zRU3EVG1PgfXwQo-5uJw"]}]}},"jetpack_sharing_enabled":true,"_links":{"self":[{"href":"https:\/\/becooltravel.com\/de\/wp-json\/wp\/v2\/product\/5397","targetHints":{"allow":["GET"]}}],"collection":[{"href":"https:\/\/becooltravel.com\/de\/wp-json\/wp\/v2\/product"}],"about":[{"href":"https:\/\/becooltravel.com\/de\/wp-json\/wp\/v2\/types\/product"}],"replies":[{"embeddable":true,"href":"https:\/\/becooltravel.com\/de\/wp-json\/wp\/v2\/comments?post=5397"}],"wp:featuredmedia":[{"embeddable":true,"href":"https:\/\/becooltravel.com\/de\/wp-json\/wp\/v2\/media\/5404"}],"wp:attachment":[{"href":"https:\/\/becooltravel.com\/de\/wp-json\/wp\/v2\/media?parent=5397"}],"wp:term":[{"taxonomy":"product_brand","embeddable":true,"href":"https:\/\/becooltravel.com\/de\/wp-json\/wp\/v2\/product_brand?post=5397"},{"taxonomy":"product_cat","embeddable":true,"href":"https:\/\/becooltravel.com\/de\/wp-json\/wp\/v2\/product_cat?post=5397"},{"taxonomy":"product_tag","embeddable":true,"href":"https:\/\/becooltravel.com\/de\/wp-json\/wp\/v2\/product_tag?post=5397"}],"curies":[{"name":"wp","href":"https:\/\/api.w.org\/{rel}","templated":true}]}}