{"id":5419,"date":"2020-07-03T14:24:29","date_gmt":"2020-07-03T14:24:29","guid":{"rendered":"https:\/\/becooltravel.com\/?post_type=product&#038;p=5419"},"modified":"2022-08-13T13:42:07","modified_gmt":"2022-08-13T13:42:07","slug":"the-last-reboubt-of-the-knights-templar-1400g","status":"publish","type":"product","link":"https:\/\/becooltravel.com\/de\/produkt\/der-letzte-reboubt-der-ritter-templer-1400g\/","title":{"rendered":"Wandern im letzten Reboubt der Tempelritter"},"content":{"rendered":"<p><strong>Gruppen mit mindestens 6 Personen akzeptiert.<\/strong><\/p>\n<p>&nbsp;<\/p>\n<p>Tomar, unser Zuhause f\u00fcr diese Woche, wurde zu Recht zum UNESCO-Weltkulturerbe ernannt. Am Rande des ruhigen Flusses Nab\u00e3o gelegen, zeigt Tomar sowie die Umgebung einige der bedeutendsten und pr\u00e4chtigsten Monumente des ganzen Landes. Ein wahres Fest f\u00fcr die Sinne\u2026<\/p>\n<p>Heutzutage pulsiert die Region mit Geschichte, luxuri\u00f6sen G\u00e4rten, wundersch\u00f6nen Kl\u00f6stern, Schl\u00f6ssern und anderen St\u00e4tten, die direkt mit den Tempelrittern, den wichtigsten mittelalterlichen Gesellschaften Europas, verbunden sind.<\/p>\n<div id=\"attachment_2750\" style=\"width: 1034px\" class=\"wp-caption alignnone\"><img data-recalc-dims=\"1\" decoding=\"async\" aria-describedby=\"caption-attachment-2750\" class=\"wp-image-2750 size-large\" title=\"Tomar Zentrum\" src=\"https:\/\/i0.wp.com\/legendatours.net\/wp-content\/uploads\/2020\/07\/tomar-1024x677.jpg?resize=1024%2C677&#038;ssl=1\" alt=\"Tomar Zentrum\" width=\"1024\" height=\"677\" \/><p id=\"caption-attachment-2750\" class=\"wp-caption-text\">Tomar spielt eine gro\u00dfe Rolle in einer sehr wichtigen Phase der portugiesischen Geschichte.<\/p><\/div>\n<p>Auf der Spitze des H\u00fcgels, der seit dem 12. Jahrhundert allein \u00fcber der Stadt thront, war das dramatische Convento de Cristo oder \u201eKloster Christi\u201c 900 Jahre lang das Hauptquartier der Tempelritter von Portugal \u2013 der mittelalterlichen Kriegerm\u00f6nche. Von hier aus breitete sich ihr Einfluss \u00fcber ganz Europa aus.<\/p>\n<p>Die Geschichte des Ordens, der 1118 in Jerusalem gegr\u00fcndet wurde, ist eng mit der Gr\u00fcndung Portugals und den Kreuzz\u00fcgen gegen die Moore verbunden. Ihre milit\u00e4rische Unterst\u00fctzung gew\u00e4hrte ihnen erstklassige Standorte f\u00fcr Burgen und Land, die sich haupts\u00e4chlich in der Region Tomar befanden.<\/p>\n<p>Trotz ihres furchterregenden und kampferprobten Rufs haben die Tempelritter gelehrte M\u00e4nner, die sich dem Schutz von Reisenden und Pilgern aller Religionen, nicht nur von Christen, verschrieben haben. Sie waren gro\u00dfe Staatsm\u00e4nner, politisch versierte, wirtschaftliche H\u00e4ndler, und sie waren anscheinend mit der gro\u00dfen Seemannsbruderschaft verb\u00fcndet, die in ph\u00f6nizischer Zeit ein weltweites Handelsimperium geschaffen hatte.<\/p>\n<div id=\"attachment_2746\" style=\"width: 1034px\" class=\"wp-caption alignnone\"><img data-recalc-dims=\"1\" decoding=\"async\" aria-describedby=\"caption-attachment-2746\" class=\"wp-image-2746 size-large\" title=\"Castelo Almourol mit dem Boot\" src=\"https:\/\/i0.wp.com\/legendatours.net\/wp-content\/uploads\/2020\/07\/castelo_almourol-1024x681.jpg?resize=1024%2C681&#038;ssl=1\" alt=\"Castelo Almourol mit dem Boot\" width=\"1024\" height=\"681\" \/><p id=\"caption-attachment-2746\" class=\"wp-caption-text\">Castelo Almourol mit dem Boot, das R\u00e4tselhafte\u00a0<em>Almourol<\/em>\u00a0 Schloss ist eines der emblematischsten Denkm\u00e4ler der christlichen R\u00fcckeroberung.<\/p><\/div>\n<p>Es sollte beachtet werden, dass viele portugiesische Entdecker und K\u00f6nige Tempelritter und sp\u00e4ter Freimaurer waren. Viele glauben, dass die portugiesischen Tempelritter ma\u00dfgeblich daran beteiligt waren, dass Portugal seine transatlantische Kolonie Brasilien erwirbt.<\/p>\n<p>Kurz nach 1492, mit der Vertreibung der Juden aus Spanien, expandierte die Stadt Tomar mit dem Zustrom j\u00fcdischer Fl\u00fcchtlingshandwerker und -h\u00e4ndler weiter. Die sehr gro\u00dfe j\u00fcdische Minderheit dynamisierte die Stadt mit neuen Berufen und F\u00e4higkeiten. Ihre Erfahrung war entscheidend f\u00fcr den Erfolg der neuen Handelsrouten mit Afrika. Die urspr\u00fcngliche Synagoge (die \u00e4lteste in Portugal), deren Bau vom Infanten Dom Henrique (Heinrich der Seefahrer) in Auftrag gegeben wurde, steht noch.<\/p>\n<p>Diese Tour wurde f\u00fcr Liebhaber von Geschichte, Kultur und Tradition konzipiert. Sie besuchen einige der wichtigsten historischen Orte der Tempelritter der Welt.<\/p>\n<p>Aber es wird viel mehr sein, als nur Schl\u00f6sser und Kl\u00f6ster zu besichtigen. Wir zeigen Ihnen auch die herrliche Landschaft und genie\u00dfen gutes Essen und Wein!<\/p>\n<p>Es gibt viel zu sehen, aber es bleibt auch gen\u00fcgend Zeit zum Entspannen! Unser Ziel ist es, dass Sie die Erfahrung Ihres Lebens machen.<\/p>\n<p>Und wie sie sagen: &quot;Einmal gesehen, nie vergessen ...&quot;<\/p>\n<div class=\"row\" style=\"display: flex;\">\n<div class=\"column\" style=\"flex: 45%;\">\n<p><iframe title=\"Tomar Tour 1 Portugal\" width=\"1080\" height=\"608\" src=\"https:\/\/www.youtube.com\/embed\/Vpbb-1EBy44?feature=oembed\" frameborder=\"0\" allow=\"accelerometer; autoplay; clipboard-write; encrypted-media; gyroscope; picture-in-picture\" allowfullscreen><\/iframe><\/p>\n<\/div>\n<div class=\"column\" style=\"flex: 10%;\"><\/div>\n<div class=\"column\" style=\"flex: 45%;\">\n<p><iframe title=\"Algarve Visto do Ar - Concelho de Olh\u00e3o\" width=\"1080\" height=\"608\" src=\"https:\/\/www.youtube.com\/embed\/MP6BCGjhkwQ?feature=oembed\" frameborder=\"0\" allow=\"accelerometer; autoplay; clipboard-write; encrypted-media; gyroscope; picture-in-picture\" allowfullscreen><\/iframe><\/p>\n<\/div>\n<\/div>","protected":false},"excerpt":{"rendered":"<p>Diese Tour wurde f\u00fcr Liebhaber von Geschichte, Kultur und Tradition entwickelt. Sie besuchen einige der wichtigsten historischen Tempelritter-Orte der Welt. Aber es wird viel mehr sein, als nur Schl\u00f6sser und Kl\u00f6ster zu besuchen. Wir zeigen Ihnen auch die herrliche Landschaft und genie\u00dfen gutes Essen und Wein!<\/p>\n<p>Es gibt viel zu sehen, aber es bleibt auch gen\u00fcgend Zeit zum Entspannen! Unser Ziel ist es, dass Sie die Erfahrung Ihres Lebens machen. Und wie hei\u00dft es so sch\u00f6n: \u201eEinmal gesehen, nie vergessen\u2026\u201c<\/p>","protected":false},"featured_media":5455,"comment_status":"closed","ping_status":"closed","template":"","meta":{"_acf_changed":false,"inline_featured_image":false},"product_brand":[],"product_cat":[343,340,342,344,355],"product_tag":[112,1014,1204,897,243,204,959,55,56,78,314,956,315,749,750,815,1098,952,79,260,607,562,80,262,378,321,82,264,1105,1025,86,724,581,886,239,324,60,61],"class_list":{"0":"post-5419","1":"product","2":"type-product","3":"status-publish","4":"has-post-thumbnail","6":"product_cat-cultural-tours-and-holidays-in-portugal","7":"product_cat-guided-group-tours","8":"product_cat-portugal-guided-historical-holidays","9":"product_cat-guided-sightseeing-holidays-portugal","10":"product_cat-guided-walking-holidays-in-portugal","11":"product_tag-ancient-villages-and-castles","12":"product_tag-batalha","13":"product_tag-beautiful-walk","14":"product_tag-castle","15":"product_tag-charming-historical-towns","16":"product_tag-cultural-heritage","17":"product_tag-guided-tours","18":"product_tag-guided-walking-holidays","19":"product_tag-guided-walking-tours","20":"product_tag-headquarters-of-the-knights-templar","21":"product_tag-hiking","22":"product_tag-hiking-holidays","23":"product_tag-hiking-routes","24":"product_tag-hiking-tour","25":"product_tag-hiking-trails","26":"product_tag-historic","27":"product_tag-historic-monuments","28":"product_tag-historical-holidays","29":"product_tag-historical-templar-locations","30":"product_tag-history-and-heritage","31":"product_tag-holidays","32":"product_tag-inland-walks","33":"product_tag-knights-templar","34":"product_tag-medieval-castles","35":"product_tag-medieval-times","36":"product_tag-nature-walks","37":"product_tag-order-of-the-knights-templar","38":"product_tag-ribatejo","39":"product_tag-templar-castle","40":"product_tag-templars-knights","41":"product_tag-tomar","42":"product_tag-tours-in-portugal","43":"product_tag-traditional-villages","44":"product_tag-traditions","45":"product_tag-walking-sightseeing-tour","46":"product_tag-walking-experiences","47":"product_tag-walking-holidays","48":"product_tag-walking-tours","50":"first","51":"instock","52":"virtual","53":"sold-individually","54":"product-type-booking"},"acf":[],"yoast_head":"<!-- This site is optimized with the Yoast SEO Premium plugin v26.8 (Yoast SEO v27.4) - https:\/\/yoast.com\/product\/yoast-seo-premium-wordpress\/ -->\n<title>Walking in The Last Reboubt of the Knights Templar<\/title>\n<meta name=\"description\" content=\"Knights Templar probably best known from the book and the film \u201cThe Da Vinci Code\u201d. But there is much more to discover about these fabled mediaeval warrior monks. The Templars were founded in Jerusalem in 1118. However, their heyday was connected with the founding of Portugal and the crusades against the moors. This resulted in them being granted prime sites of castles and land primarily sited around the Tomar region. Despite their fearsome, battle-hardened reputation, the Knights Templar\" \/>\n<meta name=\"robots\" content=\"index, follow, max-snippet:-1, max-image-preview:large, max-video-preview:-1\" \/>\n<link rel=\"canonical\" href=\"https:\/\/becooltravel.com\/de\/produkt\/der-letzte-reboubt-der-ritter-templer-1400g\/\" \/>\n<meta property=\"og:locale\" content=\"de_DE\" \/>\n<meta property=\"og:type\" content=\"article\" \/>\n<meta property=\"og:title\" content=\"Knights Templar are probably best known from the book and the film \u201cThe Da Vinci Code\u201d Walking tours Portugal\" \/>\n<meta property=\"og:description\" content=\"The Knights Templar are probably best known from the book and the film \u201cThe Da Vinci Code\u201d. But there is much more to discover about these fabled mediaeval warrior monks.The Templars were founded in Jerusalem in 1118. However, their heyday was connected with the founding of Portugal and the crusades against the moors. This resulted in them being granted prime sites of castles and land primarily sited around the Tomar region.Despite their fearsome, battle-hardened reputation, the Knights Templar were learned men, dedicated to protecting travellers and pilgrims of all religions, not just Christians. They were great statesmen, politically adept, economic traders, and they were apparently allied with the great sailor-fraternity that had created a worldwide trading empire in Phoenician times.\" \/>\n<meta property=\"og:url\" content=\"https:\/\/becooltravel.com\/de\/produkt\/der-letzte-reboubt-der-ritter-templer-1400g\/\" \/>\n<meta property=\"og:site_name\" content=\"BeCool Travel\" \/>\n<meta property=\"article:publisher\" content=\"https:\/\/www.facebook.com\/becooltravelagency\/\" \/>\n<meta property=\"article:modified_time\" content=\"2022-08-13T13:42:07+00:00\" \/>\n<meta property=\"og:image\" content=\"https:\/\/i0.wp.com\/becooltravel.com\/wp-content\/uploads\/sites\/5\/2020\/07\/castle_almourol.jpg?fit=1140%2C800&ssl=1\" \/>\n\t<meta property=\"og:image:width\" content=\"1140\" \/>\n\t<meta property=\"og:image:height\" content=\"800\" \/>\n\t<meta property=\"og:image:type\" content=\"image\/jpeg\" \/>\n<meta name=\"twitter:card\" content=\"summary_large_image\" \/>\n<meta name=\"twitter:title\" content=\"Knights Templar are probably best known from the book and the film \u201cThe Da Vinci Code\u201dPortugal walking\" \/>\n<meta name=\"twitter:description\" content=\"It should be noted that many Portuguese explorers and royalty were Knights Templar and later Masons. Many believe that the Portuguese Knights Templar were instrumental in Portugal acquiring its transatlantic colony, Brazil.The Order of the Temple was intimately connected with the free Masons both in Portugal and elsewhere in Europe. Their traditions were also steeped in Jewish mystic tradition.Just after 1492, with the expulsion of the Jews from Spain, the town of Tomar expanded further with the influx of Jewish refugee artisans and traders. The very large Jewish minority dynamized the city with new trades and skills. Their experience was vital in the success of the new trade routes with Africa. The original synagogue (the oldest in Portugal), whose building was ordered by the Infante Dom Henrique (Henry the Navigator), still stands.\" \/>\n<meta name=\"twitter:image\" content=\"https:\/\/i0.wp.com\/becooltravel.com\/wp-content\/uploads\/sites\/5\/2020\/07\/castle_almourol.jpg?fit=1140%2C800&ssl=1\" \/>\n<meta name=\"twitter:site\" content=\"@becool_travel\" \/>\n<meta name=\"twitter:label1\" content=\"Gesch\u00e4tzte Lesezeit\" \/>\n\t<meta name=\"twitter:data1\" content=\"3\u00a0Minuten\" \/>\n<script type=\"application\/ld+json\" class=\"yoast-schema-graph\">{\"@context\":\"https:\\\/\\\/schema.org\",\"@graph\":[{\"@type\":[\"WebPage\",\"ItemPage\"],\"@id\":\"https:\\\/\\\/becooltravel.com\\\/product\\\/the-last-reboubt-of-the-knights-templar-1400g\\\/\",\"url\":\"https:\\\/\\\/becooltravel.com\\\/product\\\/the-last-reboubt-of-the-knights-templar-1400g\\\/\",\"name\":\"Walking in The Last Reboubt of the Knights Templar\",\"isPartOf\":{\"@id\":\"https:\\\/\\\/becooltravel.com\\\/#website\"},\"primaryImageOfPage\":{\"@id\":\"https:\\\/\\\/becooltravel.com\\\/product\\\/the-last-reboubt-of-the-knights-templar-1400g\\\/#primaryimage\"},\"image\":{\"@id\":\"https:\\\/\\\/becooltravel.com\\\/product\\\/the-last-reboubt-of-the-knights-templar-1400g\\\/#primaryimage\"},\"thumbnailUrl\":\"https:\\\/\\\/i0.wp.com\\\/becooltravel.com\\\/wp-content\\\/uploads\\\/sites\\\/5\\\/2020\\\/07\\\/castle_almourol.jpg?fit=1140%2C800&ssl=1\",\"datePublished\":\"2020-07-03T14:24:29+00:00\",\"dateModified\":\"2022-08-13T13:42:07+00:00\",\"description\":\"Knights Templar probably best known from the book and the film \u201cThe Da Vinci Code\u201d. But there is much more to discover about these fabled mediaeval warrior monks. The Templars were founded in Jerusalem in 1118. However, their heyday was connected with the founding of Portugal and the crusades against the moors. This resulted in them being granted prime sites of castles and land primarily sited around the Tomar region. Despite their fearsome, battle-hardened reputation, the Knights Templar\",\"breadcrumb\":{\"@id\":\"https:\\\/\\\/becooltravel.com\\\/product\\\/the-last-reboubt-of-the-knights-templar-1400g\\\/#breadcrumb\"},\"inLanguage\":\"de\",\"potentialAction\":[{\"@type\":\"ReadAction\",\"target\":[\"https:\\\/\\\/becooltravel.com\\\/product\\\/the-last-reboubt-of-the-knights-templar-1400g\\\/\"]}]},{\"@type\":\"ImageObject\",\"inLanguage\":\"de\",\"@id\":\"https:\\\/\\\/becooltravel.com\\\/product\\\/the-last-reboubt-of-the-knights-templar-1400g\\\/#primaryimage\",\"url\":\"https:\\\/\\\/i0.wp.com\\\/becooltravel.com\\\/wp-content\\\/uploads\\\/sites\\\/5\\\/2020\\\/07\\\/castle_almourol.jpg?fit=1140%2C800&ssl=1\",\"contentUrl\":\"https:\\\/\\\/i0.wp.com\\\/becooltravel.com\\\/wp-content\\\/uploads\\\/sites\\\/5\\\/2020\\\/07\\\/castle_almourol.jpg?fit=1140%2C800&ssl=1\",\"width\":1140,\"height\":800,\"caption\":\"Castelo almourol The Last Reboubt Of The Knights Templar\"},{\"@type\":\"BreadcrumbList\",\"@id\":\"https:\\\/\\\/becooltravel.com\\\/product\\\/the-last-reboubt-of-the-knights-templar-1400g\\\/#breadcrumb\",\"itemListElement\":[{\"@type\":\"ListItem\",\"position\":1,\"name\":\"Home\",\"item\":\"https:\\\/\\\/becooltravel.com\\\/\"},{\"@type\":\"ListItem\",\"position\":2,\"name\":\"Shop\",\"item\":\"https:\\\/\\\/becooltravel.com\\\/?page_id=5\"},{\"@type\":\"ListItem\",\"position\":3,\"name\":\"Walk through the narrow streets and spot the blue windows and doors, admire the ruins of\u00a0 castles and the old Towns in Portugal\",\"item\":\"https:\\\/\\\/becooltravel.com\\\/product-tag\\\/ancient-villages-and-castles\\\/\"},{\"@type\":\"ListItem\",\"position\":4,\"name\":\"Knights Templar are probably best known from the book and the film \u201cThe Da Vinci Code\u201d Walking holidays\"}]},{\"@type\":\"WebSite\",\"@id\":\"https:\\\/\\\/becooltravel.com\\\/#website\",\"url\":\"https:\\\/\\\/becooltravel.com\\\/\",\"name\":\"BeCool Travel\",\"description\":\"Sustainable holidays in Portugal for independent travelers\",\"publisher\":{\"@id\":\"https:\\\/\\\/becooltravel.com\\\/#organization\"},\"potentialAction\":[{\"@type\":\"SearchAction\",\"target\":{\"@type\":\"EntryPoint\",\"urlTemplate\":\"https:\\\/\\\/becooltravel.com\\\/?s={search_term_string}\"},\"query-input\":{\"@type\":\"PropertyValueSpecification\",\"valueRequired\":true,\"valueName\":\"search_term_string\"}}],\"inLanguage\":\"de\"},{\"@type\":\"Organization\",\"@id\":\"https:\\\/\\\/becooltravel.com\\\/#organization\",\"name\":\"BecoolTravel. com- Portugal\",\"url\":\"https:\\\/\\\/becooltravel.com\\\/\",\"logo\":{\"@type\":\"ImageObject\",\"inLanguage\":\"de\",\"@id\":\"https:\\\/\\\/becooltravel.com\\\/#\\\/schema\\\/logo\\\/image\\\/\",\"url\":\"https:\\\/\\\/becooltravel.com\\\/wp-content\\\/uploads\\\/sites\\\/5\\\/2020\\\/03\\\/Logo_BeCool.jpg\",\"contentUrl\":\"https:\\\/\\\/becooltravel.com\\\/wp-content\\\/uploads\\\/sites\\\/5\\\/2020\\\/03\\\/Logo_BeCool.jpg\",\"width\":534,\"height\":534,\"caption\":\"BecoolTravel. com- Portugal\"},\"image\":{\"@id\":\"https:\\\/\\\/becooltravel.com\\\/#\\\/schema\\\/logo\\\/image\\\/\"},\"sameAs\":[\"https:\\\/\\\/www.facebook.com\\\/becooltravelagency\\\/\",\"https:\\\/\\\/x.com\\\/becool_travel\",\"https:\\\/\\\/www.instagram.com\\\/becooltravel_com\\\/\",\"https:\\\/\\\/www.linkedin.com\\\/company\\\/becool-travel\\\/\",\"https:\\\/\\\/www.youtube.com\\\/channel\\\/UCE7zRU3EVG1PgfXwQo-5uJw\"]}]}<\/script>\n<!-- \/ Yoast SEO Premium plugin. -->","yoast_head_json":{"title":"Wandern im letzten Reboubt der Tempelritter","description":"Tempelritter wohl am bekanntesten aus dem Buch und dem Film \u201eThe Da Vinci Code\u201c. Aber es gibt noch viel mehr \u00fcber diese sagenumwobenen mittelalterlichen Kriegerm\u00f6nche zu entdecken. Die Templer wurden 1118 in Jerusalem gegr\u00fcndet. Ihre Bl\u00fctezeit war jedoch mit der Gr\u00fcndung Portugals und den Kreuzz\u00fcgen gegen die Mauren verbunden. Dies f\u00fchrte dazu, dass ihnen erstklassige Standorte f\u00fcr Burgen und L\u00e4ndereien zugesprochen wurden, die sich haupts\u00e4chlich in der Region Tomar befanden. Trotz ihres furchterregenden, kampferprobten Rufs sind die Tempelritter","robots":{"index":"index","follow":"follow","max-snippet":"max-snippet:-1","max-image-preview":"max-image-preview:large","max-video-preview":"max-video-preview:-1"},"canonical":"https:\/\/becooltravel.com\/de\/produkt\/der-letzte-reboubt-der-ritter-templer-1400g\/","og_locale":"de_DE","og_type":"article","og_title":"Knights Templar are probably best known from the book and the film \u201cThe Da Vinci Code\u201d Walking tours Portugal","og_description":"The Knights Templar are probably best known from the book and the film \u201cThe Da Vinci Code\u201d. But there is much more to discover about these fabled mediaeval warrior monks.The Templars were founded in Jerusalem in 1118. However, their heyday was connected with the founding of Portugal and the crusades against the moors. This resulted in them being granted prime sites of castles and land primarily sited around the Tomar region.Despite their fearsome, battle-hardened reputation, the Knights Templar were learned men, dedicated to protecting travellers and pilgrims of all religions, not just Christians. They were great statesmen, politically adept, economic traders, and they were apparently allied with the great sailor-fraternity that had created a worldwide trading empire in Phoenician times.","og_url":"https:\/\/becooltravel.com\/de\/produkt\/der-letzte-reboubt-der-ritter-templer-1400g\/","og_site_name":"BeCool Travel","article_publisher":"https:\/\/www.facebook.com\/becooltravelagency\/","article_modified_time":"2022-08-13T13:42:07+00:00","og_image":[{"width":1140,"height":800,"url":"https:\/\/i0.wp.com\/becooltravel.com\/wp-content\/uploads\/sites\/5\/2020\/07\/castle_almourol.jpg?fit=1140%2C800&ssl=1","type":"image\/jpeg"}],"twitter_card":"summary_large_image","twitter_title":"Knights Templar are probably best known from the book and the film \u201cThe Da Vinci Code\u201dPortugal walking","twitter_description":"It should be noted that many Portuguese explorers and royalty were Knights Templar and later Masons. Many believe that the Portuguese Knights Templar were instrumental in Portugal acquiring its transatlantic colony, Brazil.The Order of the Temple was intimately connected with the free Masons both in Portugal and elsewhere in Europe. Their traditions were also steeped in Jewish mystic tradition.Just after 1492, with the expulsion of the Jews from Spain, the town of Tomar expanded further with the influx of Jewish refugee artisans and traders. The very large Jewish minority dynamized the city with new trades and skills. Their experience was vital in the success of the new trade routes with Africa. The original synagogue (the oldest in Portugal), whose building was ordered by the Infante Dom Henrique (Henry the Navigator), still stands.","twitter_image":"https:\/\/i0.wp.com\/becooltravel.com\/wp-content\/uploads\/sites\/5\/2020\/07\/castle_almourol.jpg?fit=1140%2C800&ssl=1","twitter_site":"@becool_travel","twitter_misc":{"Gesch\u00e4tzte Lesezeit":"3\u00a0Minuten"},"schema":{"@context":"https:\/\/schema.org","@graph":[{"@type":["WebPage","ItemPage"],"@id":"https:\/\/becooltravel.com\/product\/the-last-reboubt-of-the-knights-templar-1400g\/","url":"https:\/\/becooltravel.com\/product\/the-last-reboubt-of-the-knights-templar-1400g\/","name":"Wandern im letzten Reboubt der Tempelritter","isPartOf":{"@id":"https:\/\/becooltravel.com\/#website"},"primaryImageOfPage":{"@id":"https:\/\/becooltravel.com\/product\/the-last-reboubt-of-the-knights-templar-1400g\/#primaryimage"},"image":{"@id":"https:\/\/becooltravel.com\/product\/the-last-reboubt-of-the-knights-templar-1400g\/#primaryimage"},"thumbnailUrl":"https:\/\/i0.wp.com\/becooltravel.com\/wp-content\/uploads\/sites\/5\/2020\/07\/castle_almourol.jpg?fit=1140%2C800&ssl=1","datePublished":"2020-07-03T14:24:29+00:00","dateModified":"2022-08-13T13:42:07+00:00","description":"Tempelritter wohl am bekanntesten aus dem Buch und dem Film \u201eThe Da Vinci Code\u201c. Aber es gibt noch viel mehr \u00fcber diese sagenumwobenen mittelalterlichen Kriegerm\u00f6nche zu entdecken. Die Templer wurden 1118 in Jerusalem gegr\u00fcndet. Ihre Bl\u00fctezeit war jedoch mit der Gr\u00fcndung Portugals und den Kreuzz\u00fcgen gegen die Mauren verbunden. Dies f\u00fchrte dazu, dass ihnen erstklassige Standorte f\u00fcr Burgen und L\u00e4ndereien zugesprochen wurden, die sich haupts\u00e4chlich in der Region Tomar befanden. Trotz ihres furchterregenden, kampferprobten Rufs sind die Tempelritter","breadcrumb":{"@id":"https:\/\/becooltravel.com\/product\/the-last-reboubt-of-the-knights-templar-1400g\/#breadcrumb"},"inLanguage":"de","potentialAction":[{"@type":"ReadAction","target":["https:\/\/becooltravel.com\/product\/the-last-reboubt-of-the-knights-templar-1400g\/"]}]},{"@type":"ImageObject","inLanguage":"de","@id":"https:\/\/becooltravel.com\/product\/the-last-reboubt-of-the-knights-templar-1400g\/#primaryimage","url":"https:\/\/i0.wp.com\/becooltravel.com\/wp-content\/uploads\/sites\/5\/2020\/07\/castle_almourol.jpg?fit=1140%2C800&ssl=1","contentUrl":"https:\/\/i0.wp.com\/becooltravel.com\/wp-content\/uploads\/sites\/5\/2020\/07\/castle_almourol.jpg?fit=1140%2C800&ssl=1","width":1140,"height":800,"caption":"Castelo almourol The Last Reboubt Of The Knights Templar"},{"@type":"BreadcrumbList","@id":"https:\/\/becooltravel.com\/product\/the-last-reboubt-of-the-knights-templar-1400g\/#breadcrumb","itemListElement":[{"@type":"ListItem","position":1,"name":"Home","item":"https:\/\/becooltravel.com\/"},{"@type":"ListItem","position":2,"name":"Shop","item":"https:\/\/becooltravel.com\/?page_id=5"},{"@type":"ListItem","position":3,"name":"Walk through the narrow streets and spot the blue windows and doors, admire the ruins of\u00a0 castles and the old Towns in Portugal","item":"https:\/\/becooltravel.com\/product-tag\/ancient-villages-and-castles\/"},{"@type":"ListItem","position":4,"name":"Knights Templar are probably best known from the book and the film \u201cThe Da Vinci Code\u201d Walking holidays"}]},{"@type":"WebSite","@id":"https:\/\/becooltravel.com\/#website","url":"https:\/\/becooltravel.com\/","name":"BeCool Travel","description":"Nachhaltiger Urlaub in Portugal f\u00fcr Individualreisende","publisher":{"@id":"https:\/\/becooltravel.com\/#organization"},"potentialAction":[{"@type":"SearchAction","target":{"@type":"EntryPoint","urlTemplate":"https:\/\/becooltravel.com\/?s={search_term_string}"},"query-input":{"@type":"PropertyValueSpecification","valueRequired":true,"valueName":"search_term_string"}}],"inLanguage":"de"},{"@type":"Organization","@id":"https:\/\/becooltravel.com\/#organization","name":"BecoolTravel. com- Portugal","url":"https:\/\/becooltravel.com\/","logo":{"@type":"ImageObject","inLanguage":"de","@id":"https:\/\/becooltravel.com\/#\/schema\/logo\/image\/","url":"https:\/\/becooltravel.com\/wp-content\/uploads\/sites\/5\/2020\/03\/Logo_BeCool.jpg","contentUrl":"https:\/\/becooltravel.com\/wp-content\/uploads\/sites\/5\/2020\/03\/Logo_BeCool.jpg","width":534,"height":534,"caption":"BecoolTravel. com- Portugal"},"image":{"@id":"https:\/\/becooltravel.com\/#\/schema\/logo\/image\/"},"sameAs":["https:\/\/www.facebook.com\/becooltravelagency\/","https:\/\/x.com\/becool_travel","https:\/\/www.instagram.com\/becooltravel_com\/","https:\/\/www.linkedin.com\/company\/becool-travel\/","https:\/\/www.youtube.com\/channel\/UCE7zRU3EVG1PgfXwQo-5uJw"]}]}},"jetpack_sharing_enabled":true,"_links":{"self":[{"href":"https:\/\/becooltravel.com\/de\/wp-json\/wp\/v2\/product\/5419","targetHints":{"allow":["GET"]}}],"collection":[{"href":"https:\/\/becooltravel.com\/de\/wp-json\/wp\/v2\/product"}],"about":[{"href":"https:\/\/becooltravel.com\/de\/wp-json\/wp\/v2\/types\/product"}],"replies":[{"embeddable":true,"href":"https:\/\/becooltravel.com\/de\/wp-json\/wp\/v2\/comments?post=5419"}],"wp:featuredmedia":[{"embeddable":true,"href":"https:\/\/becooltravel.com\/de\/wp-json\/wp\/v2\/media\/5455"}],"wp:attachment":[{"href":"https:\/\/becooltravel.com\/de\/wp-json\/wp\/v2\/media?parent=5419"}],"wp:term":[{"taxonomy":"product_brand","embeddable":true,"href":"https:\/\/becooltravel.com\/de\/wp-json\/wp\/v2\/product_brand?post=5419"},{"taxonomy":"product_cat","embeddable":true,"href":"https:\/\/becooltravel.com\/de\/wp-json\/wp\/v2\/product_cat?post=5419"},{"taxonomy":"product_tag","embeddable":true,"href":"https:\/\/becooltravel.com\/de\/wp-json\/wp\/v2\/product_tag?post=5419"}],"curies":[{"name":"wp","href":"https:\/\/api.w.org\/{rel}","templated":true}]}}