{"id":5420,"date":"2020-07-03T15:14:09","date_gmt":"2020-07-03T15:14:09","guid":{"rendered":"https:\/\/becooltravel.com\/?post_type=product&#038;p=5420"},"modified":"2022-08-14T13:02:01","modified_gmt":"2022-08-14T13:02:01","slug":"the-hidden-rivers-of-north-portugal-1600g","status":"publish","type":"product","link":"https:\/\/becooltravel.com\/de\/produkt\/die-versteckten-flusse-von-nord-portugal-1600g\/","title":{"rendered":"Wandern in den versteckten Fl\u00fcssen von Nordportugal"},"content":{"rendered":"<p><strong>Gruppen mit mindestens 6 Personen akzeptiert.<\/strong><\/p>\n<p>&nbsp;<\/p>\n<p>Diese einw\u00f6chige Tour bietet drei der sch\u00f6nsten und abgelegensten Fl\u00fcsse Nordportugals \u2013 die Tamega, die Paiva und die Vouga.<\/p>\n<p>Sie flie\u00dfen sowohl in historischer als auch in geologischer Hinsicht durch wilde und verborgene Landschaften und extrem alte Gebiete. Die Gebiete sind schwer zug\u00e4nglich und dies hat die gro\u00dfe Vielfalt der lokalen Fauna und Flora bewahrt.<\/p>\n<p>Unsere Tour bringt uns in engeren Kontakt mit den verborgenen Geheimnissen der Fl\u00fcsse und der nat\u00fcrlichen und historisch-kulturellen Umgebung.<\/p>\n<div id=\"attachment_2754\" style=\"width: 1034px\" class=\"wp-caption alignnone\"><img data-recalc-dims=\"1\" decoding=\"async\" aria-describedby=\"caption-attachment-2754\" class=\"wp-image-2754 size-large\" title=\"Der Fluss Vouga schl\u00e4ngelt sich nach Sernada do Vouga, umgeben von W\u00e4ldern\" src=\"https:\/\/i0.wp.com\/legendatours.net\/wp-content\/uploads\/2020\/07\/vouga_river_macinhata-1024x768.jpg?resize=1024%2C768&#038;ssl=1\" alt=\"Der Fluss Vouga schl\u00e4ngelt sich nach Sernada do Vouga, umgeben von W\u00e4ldern\" width=\"1024\" height=\"768\" \/><p id=\"caption-attachment-2754\" class=\"wp-caption-text\">Der Fluss Vouga schl\u00e4ngelt sich nach Sernada do Vouga, umgeben von W\u00e4ldern<\/p><\/div>\n<p>Wir nutzen alte Pfade, historische Eisenbahnstrecken und neuere Innovationen wie die bemerkenswerten Passadi\u00e7os do Paiva, die den Zugang zu bisher unerforschten Gebieten erm\u00f6glichen.<\/p>\n<p>Unsere beiden Zentren an beiden Enden der Tour verankern die Fl\u00fcsse und sind eng mit ihnen verbunden.<\/p>\n<p>Unser erstes Zentrum, Amarante, auch bekannt als die Prinzessin der Tamega, ist eine wundersch\u00f6ne Stadt mit einer erstaunlichen Kombination aus Tradition, Geschichte und Natur.<\/p>\n<p>Der Fluss T\u00e2mega flie\u00dft durch diese Stadt, die ein magisches M\u00e4rchengef\u00fchl hat, mit eleganten T\u00fcrmchengeb\u00e4uden und B\u00e4umen, die in den Fluss h\u00e4ngen.<\/p>\n<p>Von Amarante reisen wir zu unserem zweiten Zentrum, Aveiro. Aber unterwegs halten wir an und wandern die au\u00dfergew\u00f6hnlichen Passadi\u00e7os do Paiva.<\/p>\n<div id=\"attachment_2753\" style=\"width: 1034px\" class=\"wp-caption alignnone\"><img data-recalc-dims=\"1\" decoding=\"async\" aria-describedby=\"caption-attachment-2753\" class=\"wp-image-2753 size-large\" title=\"Passadi\u00e7os do Paiva, der herrliche Fluss Paiva\" src=\"https:\/\/i0.wp.com\/legendatours.net\/wp-content\/uploads\/2020\/07\/passadicos_do_paiva_walk-1024x683.jpg?resize=1024%2C683&#038;ssl=1\" alt=\"Passadi\u00e7os do Paiva, der herrliche Fluss Paiva\" width=\"1024\" height=\"683\" \/><p id=\"caption-attachment-2753\" class=\"wp-caption-text\">Passadi\u00e7os do Paiva, der herrliche Fluss Paiva<\/p><\/div>\n<p>Die Passadi\u00e7os befinden sich inmitten eines von den europ\u00e4ischen und globalen Geopark-Netzwerken klassifizierten Gebiets unter der Schirmherrschaft der UNESCO, einem abgelegenen und wilden Gebiet von rauer Sch\u00f6nheit, das vom schnell flie\u00dfenden, \u201elebendigen\u201c Fluss Paiva mit seinem k\u00fchlen, klaren Wasser durchschnitten wird .<\/p>\n<p>Am Ende erreichen wir schlie\u00dflich die Ria von Aveiro, wo der Fluss Vouga in der weiten M\u00fcndung in den Ozean m\u00fcndet, die seit Jahrhunderten zum Fischen, Salzsammeln und Algenernten mit den farbenfrohen \u201eBarcos Moliceiros\u201c genutzt wird.<\/p>\n<div id=\"attachment_2575\" style=\"width: 1034px\" class=\"wp-caption alignnone\"><img data-recalc-dims=\"1\" decoding=\"async\" aria-describedby=\"caption-attachment-2575\" class=\"wp-image-2575 size-large\" title=\"Traditionelle Moliceiro-Boote in Aveiro\" src=\"https:\/\/i0.wp.com\/legendatours.net\/wp-content\/uploads\/2020\/06\/aveiro_moliceiros-1024x683.jpeg?resize=1024%2C683&#038;ssl=1\" alt=\"Traditionelle Moliceiro-Boote in Aveiro\" width=\"1024\" height=\"683\" \/><p id=\"caption-attachment-2575\" class=\"wp-caption-text\">Traditionelle Moliceiro-Boote in Aveiro<\/p><\/div>\n<p>Aveiro wurde wegen seiner Kan\u00e4le und charmanten Br\u00fccken oft als portugiesisches Venedig bezeichnet. Die Stadt selbst ist ber\u00fchmt f\u00fcr ihre Keramik, von der viele Beispiele \u00fcberall sichtbar sind. Dies ist wirklich eine sensationelle Tour, die das Beste aus dem kombiniert, was Natur und Mensch, die in Harmonie zusammenarbeiten, schaffen k\u00f6nnen.<\/p>","protected":false},"excerpt":{"rendered":"<p>Diese einw\u00f6chige Tour bietet drei der sch\u00f6nsten und abgelegensten Fl\u00fcsse Nordportugals \u2013 die Tamega, die Paiva und die Vouga.<\/p>\n<p>Sie flie\u00dfen sowohl in historischer als auch in geologischer Hinsicht durch wilde und verborgene Landschaften und extrem alte Gebiete. Die Gebiete sind schwer zug\u00e4nglich und dies hat die gro\u00dfe Vielfalt der lokalen Fauna und Flora bewahrt.<\/p>\n<p>Unsere Tour bringt uns in engeren Kontakt mit den verborgenen Geheimnissen der Fl\u00fcsse und der nat\u00fcrlichen und historisch-kulturellen Umgebung.<\/p>\n<p>Wir nutzen alte Pfade, historische Eisenbahnstrecken und neuere Innovationen wie die bemerkenswerten Passadi\u00e7os do Paiva, die den Zugang zu bisher unerforschten Gebieten erm\u00f6glichen.<\/p>","protected":false},"featured_media":5462,"comment_status":"closed","ping_status":"closed","template":"","meta":{"_acf_changed":false,"inline_featured_image":false},"product_brand":[],"product_cat":[343,340,342,344,355],"product_tag":[102,241,587,936,204,221,442,579,104,115,459,546,261,625,384,939,321,189,106,107,301,790,1189,58,1037,108,945,110,724,581,886,87,111,213,60,61],"class_list":{"0":"post-5420","1":"product","2":"type-product","3":"status-publish","4":"has-post-thumbnail","6":"product_cat-cultural-tours-and-holidays-in-portugal","7":"product_cat-guided-group-tours","8":"product_cat-portugal-guided-historical-holidays","9":"product_cat-guided-sightseeing-holidays-portugal","10":"product_cat-guided-walking-holidays-in-portugal","11":"product_tag-amarante","12":"product_tag-amazing-hikes","13":"product_tag-amazing-walking","14":"product_tag-aveiro","15":"product_tag-cultural-heritage","16":"product_tag-fantastic-itinerary-of-walks","17":"product_tag-fauna-and-flora","18":"product_tag-green-landscape","19":"product_tag-hidden-landscapes","20":"product_tag-historic-buildings","21":"product_tag-historic-town","22":"product_tag-local-fauna","23":"product_tag-local-gastronomy","24":"product_tag-local-wines","25":"product_tag-magnificent-landscape","26":"product_tag-moliceiros","27":"product_tag-nature-walks","28":"product_tag-northern-portugal","29":"product_tag-paiva","30":"product_tag-passadicos-do-paiva","31":"product_tag-perfect-walking-holiday","32":"product_tag-picturesque-landscapes","33":"product_tag-pine-woodlands","34":"product_tag-portugal","35":"product_tag-private-group","36":"product_tag-ria-of-aveiro","37":"product_tag-river","38":"product_tag-tamega","39":"product_tag-tours-in-portugal","40":"product_tag-traditional-villages","41":"product_tag-traditions","42":"product_tag-unesco-world-heritage-site","43":"product_tag-vouga","44":"product_tag-walking-and-exploring","45":"product_tag-walking-holidays","46":"product_tag-walking-tours","48":"first","49":"instock","50":"virtual","51":"sold-individually","52":"product-type-booking"},"acf":[],"yoast_head":"<!-- This site is optimized with the Yoast SEO Premium plugin v26.8 (Yoast SEO v27.5) - https:\/\/yoast.com\/product\/yoast-seo-premium-wordpress\/ -->\n<title>Walking in The Hidden Rivers of North Portugal<\/title>\n<meta name=\"description\" content=\"Walking holiday features three of the most beautiful and remote rivers of Northern Portugal \u2013 the Tamega, the Paiva and the Vouga.\" \/>\n<meta name=\"robots\" content=\"index, follow, max-snippet:-1, max-image-preview:large, max-video-preview:-1\" \/>\n<link rel=\"canonical\" href=\"https:\/\/becooltravel.com\/de\/produkt\/die-versteckten-flusse-von-nord-portugal-1600g\/\" \/>\n<meta property=\"og:locale\" content=\"de_DE\" \/>\n<meta property=\"og:type\" content=\"article\" \/>\n<meta property=\"og:title\" content=\"Portugal Walking in hidden secrets of the rivers, and the natural and historical-cultural surroundings.\" \/>\n<meta property=\"og:description\" content=\"Our tour brings us into closer contact with the hidden secrets of the rivers, and the natural and historical-cultural surroundings.We use old trails, historic rail routes and newer innovations such as the remarkable Passadi\u00e7os do Paiva which allow access to previously unexplored areas.Our two centres, at either end of the tour, anchor the rivers and are intimately connected with them.Our first centre, Amarante, also known as the princess of the Tamega, is a beautiful town with an amazing combination of tradition, history and nature.The river T\u00e2mega runs through this town which has a magical fairytale feel to it, with elegant turreted buildings and trees drooping into the river.From Amarante we travel to our second centre, Aveiro. But, en route we stop by and walk the extraordinary Passadi\u00e7os do Paiva.\" \/>\n<meta property=\"og:url\" content=\"https:\/\/becooltravel.com\/de\/produkt\/die-versteckten-flusse-von-nord-portugal-1600g\/\" \/>\n<meta property=\"og:site_name\" content=\"BeCool Travel\" \/>\n<meta property=\"article:publisher\" content=\"https:\/\/www.facebook.com\/becooltravelagency\/\" \/>\n<meta property=\"article:modified_time\" content=\"2022-08-14T13:02:01+00:00\" \/>\n<meta property=\"og:image\" content=\"https:\/\/i0.wp.com\/becooltravel.com\/wp-content\/uploads\/sites\/5\/2020\/07\/passadicos_do_paiva.jpg?fit=1200%2C800&ssl=1\" \/>\n\t<meta property=\"og:image:width\" content=\"1200\" \/>\n\t<meta property=\"og:image:height\" content=\"800\" \/>\n\t<meta property=\"og:image:type\" content=\"image\/jpeg\" \/>\n<meta name=\"twitter:card\" content=\"summary_large_image\" \/>\n<meta name=\"twitter:title\" content=\"Walking holidays in hidden secrets of the rivers, and the natural and historical-cultural surroundings.\" \/>\n<meta name=\"twitter:description\" content=\"The Passadi\u00e7os are in the middle of a classified area by the European and Global Geoparks Networks, under the auspices of UNESCO, a remote and wild area of rugged beauty bisected by the fast flowing, \u201cfrisky\u201d river Paiva of the cool, clear waters.Finally, at the end, we come to the Ria of Aveiro where the river Vouga meets the ocean in the wide estuary that has been worked for centuries for fishing, salt collection and seaweed harvesting using the colourful \u201cbarcos moliceiros\u201d.Aveiro has often been called the Portuguese Venice due to its canals and charming bridges. The town itself is famous for its ceramics, many examples of which are visible everywhere. This is truly a sensational tour combining the best of what nature and humankind working in harmony together can create.\" \/>\n<meta name=\"twitter:image\" content=\"https:\/\/i0.wp.com\/becooltravel.com\/wp-content\/uploads\/sites\/5\/2020\/07\/passadicos_do_paiva.jpg?fit=1200%2C800&ssl=1\" \/>\n<meta name=\"twitter:site\" content=\"@becool_travel\" \/>\n<meta name=\"twitter:label1\" content=\"Gesch\u00e4tzte Lesezeit\" \/>\n\t<meta name=\"twitter:data1\" content=\"3\u00a0Minuten\" \/>\n<script type=\"application\/ld+json\" class=\"yoast-schema-graph\">{\"@context\":\"https:\\\/\\\/schema.org\",\"@graph\":[{\"@type\":[\"WebPage\",\"ItemPage\"],\"@id\":\"https:\\\/\\\/becooltravel.com\\\/product\\\/the-hidden-rivers-of-north-portugal-1600g\\\/\",\"url\":\"https:\\\/\\\/becooltravel.com\\\/product\\\/the-hidden-rivers-of-north-portugal-1600g\\\/\",\"name\":\"Walking in The Hidden Rivers of North Portugal\",\"isPartOf\":{\"@id\":\"https:\\\/\\\/becooltravel.com\\\/#website\"},\"primaryImageOfPage\":{\"@id\":\"https:\\\/\\\/becooltravel.com\\\/product\\\/the-hidden-rivers-of-north-portugal-1600g\\\/#primaryimage\"},\"image\":{\"@id\":\"https:\\\/\\\/becooltravel.com\\\/product\\\/the-hidden-rivers-of-north-portugal-1600g\\\/#primaryimage\"},\"thumbnailUrl\":\"https:\\\/\\\/i0.wp.com\\\/becooltravel.com\\\/wp-content\\\/uploads\\\/sites\\\/5\\\/2020\\\/07\\\/passadicos_do_paiva.jpg?fit=1200%2C800&ssl=1\",\"datePublished\":\"2020-07-03T15:14:09+00:00\",\"dateModified\":\"2022-08-14T13:02:01+00:00\",\"description\":\"Walking holiday features three of the most beautiful and remote rivers of Northern Portugal \u2013 the Tamega, the Paiva and the Vouga.\",\"breadcrumb\":{\"@id\":\"https:\\\/\\\/becooltravel.com\\\/product\\\/the-hidden-rivers-of-north-portugal-1600g\\\/#breadcrumb\"},\"inLanguage\":\"de\",\"potentialAction\":[{\"@type\":\"ReadAction\",\"target\":[\"https:\\\/\\\/becooltravel.com\\\/product\\\/the-hidden-rivers-of-north-portugal-1600g\\\/\"]}]},{\"@type\":\"ImageObject\",\"inLanguage\":\"de\",\"@id\":\"https:\\\/\\\/becooltravel.com\\\/product\\\/the-hidden-rivers-of-north-portugal-1600g\\\/#primaryimage\",\"url\":\"https:\\\/\\\/i0.wp.com\\\/becooltravel.com\\\/wp-content\\\/uploads\\\/sites\\\/5\\\/2020\\\/07\\\/passadicos_do_paiva.jpg?fit=1200%2C800&ssl=1\",\"contentUrl\":\"https:\\\/\\\/i0.wp.com\\\/becooltravel.com\\\/wp-content\\\/uploads\\\/sites\\\/5\\\/2020\\\/07\\\/passadicos_do_paiva.jpg?fit=1200%2C800&ssl=1\",\"width\":1200,\"height\":800,\"caption\":\"Passadi\u00e7os do Paiva\"},{\"@type\":\"BreadcrumbList\",\"@id\":\"https:\\\/\\\/becooltravel.com\\\/product\\\/the-hidden-rivers-of-north-portugal-1600g\\\/#breadcrumb\",\"itemListElement\":[{\"@type\":\"ListItem\",\"position\":1,\"name\":\"Home\",\"item\":\"https:\\\/\\\/becooltravel.com\\\/\"},{\"@type\":\"ListItem\",\"position\":2,\"name\":\"Shop\",\"item\":\"https:\\\/\\\/becooltravel.com\\\/?page_id=5\"},{\"@type\":\"ListItem\",\"position\":3,\"name\":\"Amarante\",\"item\":\"https:\\\/\\\/becooltravel.com\\\/de\\\/produkt-tag-4\\\/amarante\\\/\"},{\"@type\":\"ListItem\",\"position\":4,\"name\":\"Walking in Portugal hidden secrets of the rivers, and the natural and historical-cultural surroundings.\"}]},{\"@type\":\"WebSite\",\"@id\":\"https:\\\/\\\/becooltravel.com\\\/#website\",\"url\":\"https:\\\/\\\/becooltravel.com\\\/\",\"name\":\"BeCool Travel\",\"description\":\"Sustainable holidays in Portugal for independent travelers\",\"publisher\":{\"@id\":\"https:\\\/\\\/becooltravel.com\\\/#organization\"},\"potentialAction\":[{\"@type\":\"SearchAction\",\"target\":{\"@type\":\"EntryPoint\",\"urlTemplate\":\"https:\\\/\\\/becooltravel.com\\\/?s={search_term_string}\"},\"query-input\":{\"@type\":\"PropertyValueSpecification\",\"valueRequired\":true,\"valueName\":\"search_term_string\"}}],\"inLanguage\":\"de\"},{\"@type\":\"Organization\",\"@id\":\"https:\\\/\\\/becooltravel.com\\\/#organization\",\"name\":\"BecoolTravel. com- Portugal\",\"url\":\"https:\\\/\\\/becooltravel.com\\\/\",\"logo\":{\"@type\":\"ImageObject\",\"inLanguage\":\"de\",\"@id\":\"https:\\\/\\\/becooltravel.com\\\/#\\\/schema\\\/logo\\\/image\\\/\",\"url\":\"https:\\\/\\\/becooltravel.com\\\/wp-content\\\/uploads\\\/sites\\\/5\\\/2020\\\/03\\\/Logo_BeCool.jpg\",\"contentUrl\":\"https:\\\/\\\/becooltravel.com\\\/wp-content\\\/uploads\\\/sites\\\/5\\\/2020\\\/03\\\/Logo_BeCool.jpg\",\"width\":534,\"height\":534,\"caption\":\"BecoolTravel. com- Portugal\"},\"image\":{\"@id\":\"https:\\\/\\\/becooltravel.com\\\/#\\\/schema\\\/logo\\\/image\\\/\"},\"sameAs\":[\"https:\\\/\\\/www.facebook.com\\\/becooltravelagency\\\/\",\"https:\\\/\\\/x.com\\\/becool_travel\",\"https:\\\/\\\/www.instagram.com\\\/becooltravel_com\\\/\",\"https:\\\/\\\/www.linkedin.com\\\/company\\\/becool-travel\\\/\",\"https:\\\/\\\/www.youtube.com\\\/channel\\\/UCE7zRU3EVG1PgfXwQo-5uJw\"]}]}<\/script>\n<!-- \/ Yoast SEO Premium plugin. -->","yoast_head_json":{"title":"Wandern in den versteckten Fl\u00fcssen von Nordportugal","description":"Wanderurlaub bietet drei der sch\u00f6nsten und abgelegensten Fl\u00fcsse Nordportugals \u2013 die Tamega, die Paiva und die Vouga.","robots":{"index":"index","follow":"follow","max-snippet":"max-snippet:-1","max-image-preview":"max-image-preview:large","max-video-preview":"max-video-preview:-1"},"canonical":"https:\/\/becooltravel.com\/de\/produkt\/die-versteckten-flusse-von-nord-portugal-1600g\/","og_locale":"de_DE","og_type":"article","og_title":"Portugal Walking in hidden secrets of the rivers, and the natural and historical-cultural surroundings.","og_description":"Our tour brings us into closer contact with the hidden secrets of the rivers, and the natural and historical-cultural surroundings.We use old trails, historic rail routes and newer innovations such as the remarkable Passadi\u00e7os do Paiva which allow access to previously unexplored areas.Our two centres, at either end of the tour, anchor the rivers and are intimately connected with them.Our first centre, Amarante, also known as the princess of the Tamega, is a beautiful town with an amazing combination of tradition, history and nature.The river T\u00e2mega runs through this town which has a magical fairytale feel to it, with elegant turreted buildings and trees drooping into the river.From Amarante we travel to our second centre, Aveiro. But, en route we stop by and walk the extraordinary Passadi\u00e7os do Paiva.","og_url":"https:\/\/becooltravel.com\/de\/produkt\/die-versteckten-flusse-von-nord-portugal-1600g\/","og_site_name":"BeCool Travel","article_publisher":"https:\/\/www.facebook.com\/becooltravelagency\/","article_modified_time":"2022-08-14T13:02:01+00:00","og_image":[{"width":1200,"height":800,"url":"https:\/\/i0.wp.com\/becooltravel.com\/wp-content\/uploads\/sites\/5\/2020\/07\/passadicos_do_paiva.jpg?fit=1200%2C800&ssl=1","type":"image\/jpeg"}],"twitter_card":"summary_large_image","twitter_title":"Walking holidays in hidden secrets of the rivers, and the natural and historical-cultural surroundings.","twitter_description":"The Passadi\u00e7os are in the middle of a classified area by the European and Global Geoparks Networks, under the auspices of UNESCO, a remote and wild area of rugged beauty bisected by the fast flowing, \u201cfrisky\u201d river Paiva of the cool, clear waters.Finally, at the end, we come to the Ria of Aveiro where the river Vouga meets the ocean in the wide estuary that has been worked for centuries for fishing, salt collection and seaweed harvesting using the colourful \u201cbarcos moliceiros\u201d.Aveiro has often been called the Portuguese Venice due to its canals and charming bridges. The town itself is famous for its ceramics, many examples of which are visible everywhere. This is truly a sensational tour combining the best of what nature and humankind working in harmony together can create.","twitter_image":"https:\/\/i0.wp.com\/becooltravel.com\/wp-content\/uploads\/sites\/5\/2020\/07\/passadicos_do_paiva.jpg?fit=1200%2C800&ssl=1","twitter_site":"@becool_travel","twitter_misc":{"Gesch\u00e4tzte Lesezeit":"3\u00a0Minuten"},"schema":{"@context":"https:\/\/schema.org","@graph":[{"@type":["WebPage","ItemPage"],"@id":"https:\/\/becooltravel.com\/product\/the-hidden-rivers-of-north-portugal-1600g\/","url":"https:\/\/becooltravel.com\/product\/the-hidden-rivers-of-north-portugal-1600g\/","name":"Wandern in den versteckten Fl\u00fcssen von Nordportugal","isPartOf":{"@id":"https:\/\/becooltravel.com\/#website"},"primaryImageOfPage":{"@id":"https:\/\/becooltravel.com\/product\/the-hidden-rivers-of-north-portugal-1600g\/#primaryimage"},"image":{"@id":"https:\/\/becooltravel.com\/product\/the-hidden-rivers-of-north-portugal-1600g\/#primaryimage"},"thumbnailUrl":"https:\/\/i0.wp.com\/becooltravel.com\/wp-content\/uploads\/sites\/5\/2020\/07\/passadicos_do_paiva.jpg?fit=1200%2C800&ssl=1","datePublished":"2020-07-03T15:14:09+00:00","dateModified":"2022-08-14T13:02:01+00:00","description":"Wanderurlaub bietet drei der sch\u00f6nsten und abgelegensten Fl\u00fcsse Nordportugals \u2013 die Tamega, die Paiva und die Vouga.","breadcrumb":{"@id":"https:\/\/becooltravel.com\/product\/the-hidden-rivers-of-north-portugal-1600g\/#breadcrumb"},"inLanguage":"de","potentialAction":[{"@type":"ReadAction","target":["https:\/\/becooltravel.com\/product\/the-hidden-rivers-of-north-portugal-1600g\/"]}]},{"@type":"ImageObject","inLanguage":"de","@id":"https:\/\/becooltravel.com\/product\/the-hidden-rivers-of-north-portugal-1600g\/#primaryimage","url":"https:\/\/i0.wp.com\/becooltravel.com\/wp-content\/uploads\/sites\/5\/2020\/07\/passadicos_do_paiva.jpg?fit=1200%2C800&ssl=1","contentUrl":"https:\/\/i0.wp.com\/becooltravel.com\/wp-content\/uploads\/sites\/5\/2020\/07\/passadicos_do_paiva.jpg?fit=1200%2C800&ssl=1","width":1200,"height":800,"caption":"Passadi\u00e7os do Paiva"},{"@type":"BreadcrumbList","@id":"https:\/\/becooltravel.com\/product\/the-hidden-rivers-of-north-portugal-1600g\/#breadcrumb","itemListElement":[{"@type":"ListItem","position":1,"name":"Home","item":"https:\/\/becooltravel.com\/"},{"@type":"ListItem","position":2,"name":"Shop","item":"https:\/\/becooltravel.com\/?page_id=5"},{"@type":"ListItem","position":3,"name":"Amarante","item":"https:\/\/becooltravel.com\/de\/produkt-tag-4\/amarante\/"},{"@type":"ListItem","position":4,"name":"Walking in Portugal hidden secrets of the rivers, and the natural and historical-cultural surroundings."}]},{"@type":"WebSite","@id":"https:\/\/becooltravel.com\/#website","url":"https:\/\/becooltravel.com\/","name":"BeCool Travel","description":"Nachhaltiger Urlaub in Portugal f\u00fcr Individualreisende","publisher":{"@id":"https:\/\/becooltravel.com\/#organization"},"potentialAction":[{"@type":"SearchAction","target":{"@type":"EntryPoint","urlTemplate":"https:\/\/becooltravel.com\/?s={search_term_string}"},"query-input":{"@type":"PropertyValueSpecification","valueRequired":true,"valueName":"search_term_string"}}],"inLanguage":"de"},{"@type":"Organization","@id":"https:\/\/becooltravel.com\/#organization","name":"BecoolTravel. com- Portugal","url":"https:\/\/becooltravel.com\/","logo":{"@type":"ImageObject","inLanguage":"de","@id":"https:\/\/becooltravel.com\/#\/schema\/logo\/image\/","url":"https:\/\/becooltravel.com\/wp-content\/uploads\/sites\/5\/2020\/03\/Logo_BeCool.jpg","contentUrl":"https:\/\/becooltravel.com\/wp-content\/uploads\/sites\/5\/2020\/03\/Logo_BeCool.jpg","width":534,"height":534,"caption":"BecoolTravel. com- Portugal"},"image":{"@id":"https:\/\/becooltravel.com\/#\/schema\/logo\/image\/"},"sameAs":["https:\/\/www.facebook.com\/becooltravelagency\/","https:\/\/x.com\/becool_travel","https:\/\/www.instagram.com\/becooltravel_com\/","https:\/\/www.linkedin.com\/company\/becool-travel\/","https:\/\/www.youtube.com\/channel\/UCE7zRU3EVG1PgfXwQo-5uJw"]}]}},"jetpack_sharing_enabled":true,"_links":{"self":[{"href":"https:\/\/becooltravel.com\/de\/wp-json\/wp\/v2\/product\/5420","targetHints":{"allow":["GET"]}}],"collection":[{"href":"https:\/\/becooltravel.com\/de\/wp-json\/wp\/v2\/product"}],"about":[{"href":"https:\/\/becooltravel.com\/de\/wp-json\/wp\/v2\/types\/product"}],"replies":[{"embeddable":true,"href":"https:\/\/becooltravel.com\/de\/wp-json\/wp\/v2\/comments?post=5420"}],"wp:featuredmedia":[{"embeddable":true,"href":"https:\/\/becooltravel.com\/de\/wp-json\/wp\/v2\/media\/5462"}],"wp:attachment":[{"href":"https:\/\/becooltravel.com\/de\/wp-json\/wp\/v2\/media?parent=5420"}],"wp:term":[{"taxonomy":"product_brand","embeddable":true,"href":"https:\/\/becooltravel.com\/de\/wp-json\/wp\/v2\/product_brand?post=5420"},{"taxonomy":"product_cat","embeddable":true,"href":"https:\/\/becooltravel.com\/de\/wp-json\/wp\/v2\/product_cat?post=5420"},{"taxonomy":"product_tag","embeddable":true,"href":"https:\/\/becooltravel.com\/de\/wp-json\/wp\/v2\/product_tag?post=5420"}],"curies":[{"name":"wp","href":"https:\/\/api.w.org\/{rel}","templated":true}]}}