{"id":5425,"date":"2020-07-06T10:15:05","date_gmt":"2020-07-06T10:15:05","guid":{"rendered":"https:\/\/becooltravel.com\/?post_type=product&#038;p=5425"},"modified":"2022-08-14T13:03:47","modified_gmt":"2022-08-14T13:03:47","slug":"the-magical-douro-1700g","status":"publish","type":"product","link":"https:\/\/becooltravel.com\/de\/produkt\/der-magische-duero-1700g\/","title":{"rendered":"Wandern im magischen Douro"},"content":{"rendered":"<p><strong>Gruppen mit mindestens 6 Personen akzeptiert.<\/strong><\/p>\n<p>&nbsp;<\/p>\n<p>Diejenigen, die das Douro-Tal in Reiseberichten gesehen haben, werden wissen, wie sch\u00f6n und unber\u00fchrt der zentrale und obere Teil des Tals ist, mit tiefen T\u00e4lern und Hochebenen, die von alten D\u00f6rfern und Burgen durchzogen sind, die von K\u00e4mpfen im Laufe der Jahrhunderte zeugen.<\/p>\n<p>Der Urlaub bietet leichtes Wandern in dieser attraktiven Region, die besonders f\u00fcr ihre Weinproduktion bekannt ist.<\/p>\n<div id=\"attachment_2528\" style=\"width: 1034px\" class=\"wp-caption alignnone\"><img data-recalc-dims=\"1\" decoding=\"async\" aria-describedby=\"caption-attachment-2528\" class=\"wp-image-2528 size-large\" title=\"Der Fluss Douro hat eine wunderbare Atmosph\u00e4re\" src=\"https:\/\/i0.wp.com\/legendatours.net\/wp-content\/uploads\/2020\/06\/douro_river-1024x756.jpg?resize=1024%2C756&#038;ssl=1\" alt=\"Der Fluss Douro hat eine wunderbare Atmosph\u00e4re\" width=\"1024\" height=\"756\" \/><p id=\"caption-attachment-2528\" class=\"wp-caption-text\">Der Fluss Douro hat eine wunderbare Atmosph\u00e4re<\/p><\/div>\n<p>Porto, am Fluss Douro gelegen, ist die Hauptstadt des Nordens und die zweitgr\u00f6\u00dfte Stadt Portugals. Es ist heute ein Weltkulturerbe und seit Jahrhunderten das Zentrum des Portweinhandels.<\/p>\n<p>Guimar\u00e3es ist eine entz\u00fcckende mittelalterliche Stadt und der Geburtsort Portugals. Hier begann die Gr\u00fcndung einer Nation. Das sch\u00f6ne Vila do Conde liegt an der K\u00fcste und ist ber\u00fchmt f\u00fcr den Bau traditioneller h\u00f6lzerner Fischerboote und die Herstellung von Spitzen.<\/p>\n<p>Miranda Do Douro ist eine charmante mittelalterliche Stadt, und von hier aus f\u00fchren unsere Wanderungen durch D\u00f6rfer, in denen die Menschen noch immer einer alten Lebensweise folgen und immer noch die alte mirandesische Sprache sprechen, die sich \u00fcber die Jahrhunderte hinweg erhalten hat.<\/p>\n<div id=\"attachment_2847\" style=\"width: 1034px\" class=\"wp-caption alignnone\"><img data-recalc-dims=\"1\" decoding=\"async\" aria-describedby=\"caption-attachment-2847\" class=\"wp-image-2847 size-large\" src=\"https:\/\/i0.wp.com\/legendatours.net\/wp-content\/uploads\/2020\/07\/douro_grape_harvest-1024x683.jpg?resize=1024%2C683&#038;ssl=1\" alt=\"Erntezeit im Douro-Tal\" width=\"1024\" height=\"683\" \/><p id=\"caption-attachment-2847\" class=\"wp-caption-text\">Ernte im Douro-Tal<\/p><\/div>\n<p>In R\u00e9gua, wegen seiner Rolle in der Hafenindustrie als \u201eHauptstadt des Douro\u201c bekannt, k\u00f6nnen wir sehen, wie Port hergestellt wird.<\/p>\n<p>Unsere Wanderungen f\u00fchren uns durch die unverwechselbare Landschaft der Weinberge, die die Trauben liefern. Hier besuchen wir Lamego, eine pr\u00e4chtige Altstadt, reich an Geschichte und Kultur und voller Charme. Der Schrein von Nossa Senhora dos Rem\u00e9dios ist eines der gr\u00f6\u00dften Barockbauten in Europa.<\/p>\n<p>Schlie\u00dflich kehren wir f\u00fcr die letzte Nacht unseres Urlaubs mit dem Zug nach Porto zur\u00fcck, eine Zeit, um auf unsere Erfahrungen in den unverwechselbaren Landschaften des Douro zur\u00fcckzublicken.<\/p>","protected":false},"excerpt":{"rendered":"<p>Der magische Douro ist eine Wander- und Sightseeing-Tour mit drei verschiedenen Zentren: Porto, Miranda do Douro und R\u00e9gua. Dieser Drei-Zentren-Urlaub reist das Douro-Tal hinauf und erm\u00f6glicht es uns, die entferntesten Regionen in Richtung der spanischen Grenze zu erkunden.<\/p>\n<p>Unsere Reise f\u00fchrt uns auf einer der spektakul\u00e4rsten Eisenbahnstrecken der Welt, w\u00e4hrend wir dem gro\u00dfen Fluss Douro von seiner M\u00fcndung folgen, wo sich die antike Stadt Porto befindet, durch die ber\u00fchmten Portwein-Weinberge und in den Oberlauf von Portugal, wo die Fluss bildet die Grenze zu Spanien.<\/p>\n<p>Der Urlaub bietet leichtes Wandern in dieser attraktiven Region, die besonders f\u00fcr ihre Weinproduktion bekannt ist.<\/p>","protected":false},"featured_media":5466,"comment_status":"closed","ping_status":"closed","template":"","meta":{"_acf_changed":false,"inline_featured_image":false},"product_brand":[],"product_cat":[343,340,342,344,355],"product_tag":[229,587,585,204,744,593,675,113,627,606,508,114,115,459,260,607,1001,261,116,73,189,755,144,915,977,687,762,361,581,118,978,437,60,61,308,147],"class_list":{"0":"post-5425","1":"product","2":"type-product","3":"status-publish","4":"has-post-thumbnail","6":"product_cat-cultural-tours-and-holidays-in-portugal","7":"product_cat-guided-group-tours","8":"product_cat-portugal-guided-historical-holidays","9":"product_cat-guided-sightseeing-holidays-portugal","10":"product_cat-guided-walking-holidays-in-portugal","11":"product_tag-alto-douro-wine-region","12":"product_tag-amazing-walking","13":"product_tag-architectonic-heritage","14":"product_tag-cultural-heritage","15":"product_tag-douro","16":"product_tag-douro-river","17":"product_tag-douro-riverbanks","18":"product_tag-douro-valley","19":"product_tag-finest-walking-centres","20":"product_tag-gastronomy","21":"product_tag-gastronomy-and-wines","22":"product_tag-guimaraes","23":"product_tag-historic-buildings","24":"product_tag-historic-town","25":"product_tag-history-and-heritage","26":"product_tag-holidays","27":"product_tag-lamego","28":"product_tag-local-gastronomy","29":"product_tag-miranda-do-douro","30":"product_tag-natural-scenery","31":"product_tag-northern-portugal","32":"product_tag-oporto","33":"product_tag-porto","34":"product_tag-porto-world-heritage","35":"product_tag-regua","36":"product_tag-rio-douro","37":"product_tag-river-cruise-douro","38":"product_tag-river-douro","39":"product_tag-traditional-villages","40":"product_tag-train-journey-up-the-douro-valley","41":"product_tag-vila-do-conde","42":"product_tag-walking-here-fascinating","43":"product_tag-walking-holidays","44":"product_tag-walking-tours","45":"product_tag-walking-trails","46":"product_tag-world-heritage","48":"first","49":"instock","50":"virtual","51":"sold-individually","52":"product-type-booking"},"acf":[],"yoast_head":"<!-- This site is optimized with the Yoast SEO Premium plugin v26.8 (Yoast SEO v27.4) - https:\/\/yoast.com\/product\/yoast-seo-premium-wordpress\/ -->\n<title>Walking in The Magical Douro<\/title>\n<meta name=\"description\" content=\"The magical Douro is a walking and sightseeing tour, for those who have seen the Douro Valley in travelogues and want to o explore its furthest regions, how beautiful and unspoilt the central and upper reaches of the valley are, with deep valleys and plateaus interspersed with ancient villages and castles that bear witness to struggles over the centuries.\" \/>\n<meta name=\"robots\" content=\"index, follow, max-snippet:-1, max-image-preview:large, max-video-preview:-1\" \/>\n<link rel=\"canonical\" href=\"https:\/\/becooltravel.com\/de\/produkt\/der-magische-duero-1700g\/\" \/>\n<meta property=\"og:locale\" content=\"de_DE\" \/>\n<meta property=\"og:type\" content=\"article\" \/>\n<meta property=\"og:title\" content=\"Holidays Walking The Magical Douro in Portugal\" \/>\n<meta property=\"og:description\" content=\"Leaving Porto we travel up the Douro Valley by train to Pocinho and then continue by road to Miranda do Douro, where we spend five further nights.Miranda Do Douro is a charming medieval town, and from here our walks pass through villages where people still follow an ancient way of life, still speaking the ancient Mirandese language, that has survived through the centuries.From Miranda we travel by road and train to R\u00e9gua.Known as the \u2018Capital of the Douro\u2019 because of its role in the port industry, we will be able to see how port is made and afterwards, taste it for ourselves.\" \/>\n<meta property=\"og:url\" content=\"https:\/\/becooltravel.com\/de\/produkt\/der-magische-duero-1700g\/\" \/>\n<meta property=\"og:site_name\" content=\"BeCool Travel\" \/>\n<meta property=\"article:publisher\" content=\"https:\/\/www.facebook.com\/becooltravelagency\/\" \/>\n<meta property=\"article:modified_time\" content=\"2022-08-14T13:03:47+00:00\" \/>\n<meta property=\"og:image\" content=\"https:\/\/i0.wp.com\/becooltravel.com\/wp-content\/uploads\/sites\/5\/2020\/07\/arribas_douro.jpg?fit=1067%2C800&ssl=1\" \/>\n\t<meta property=\"og:image:width\" content=\"1067\" \/>\n\t<meta property=\"og:image:height\" content=\"800\" \/>\n\t<meta property=\"og:image:type\" content=\"image\/jpeg\" \/>\n<meta name=\"twitter:card\" content=\"summary_large_image\" \/>\n<meta name=\"twitter:title\" content=\"Walking The Magical Douro in Portugal Holidays\" \/>\n<meta name=\"twitter:description\" content=\"The holiday offers easy walking in this attractive region, particularly noted for its wine production.We fly into Porto where we stay for our first three nights. Porto, situated on the Douro River, is the capital of the north and the second largest city in Portugal. It is now a World Heritage Site and has been the centre of the port wine trade for centuries.We will have time to explore this intriguing city where historic buildings and magnificent churches rub shoulders with picturesque old quarters Guimar\u00e3es is a delightful medieval town and the birthplace of Portugal. It was here that the creation of a nation began. Beautiful Vila do Conde lies on the coast and is famous for the construction of traditional wooden fishing boats and lace making.\" \/>\n<meta name=\"twitter:image\" content=\"https:\/\/i0.wp.com\/becooltravel.com\/wp-content\/uploads\/sites\/5\/2020\/07\/arribas_douro.jpg?fit=1067%2C800&ssl=1\" \/>\n<meta name=\"twitter:site\" content=\"@becool_travel\" \/>\n<meta name=\"twitter:label1\" content=\"Gesch\u00e4tzte Lesezeit\" \/>\n\t<meta name=\"twitter:data1\" content=\"2\u00a0Minuten\" \/>\n<script type=\"application\/ld+json\" class=\"yoast-schema-graph\">{\"@context\":\"https:\\\/\\\/schema.org\",\"@graph\":[{\"@type\":[\"WebPage\",\"ItemPage\"],\"@id\":\"https:\\\/\\\/becooltravel.com\\\/product\\\/the-magical-douro-1700g\\\/\",\"url\":\"https:\\\/\\\/becooltravel.com\\\/product\\\/the-magical-douro-1700g\\\/\",\"name\":\"Walking in The Magical Douro\",\"isPartOf\":{\"@id\":\"https:\\\/\\\/becooltravel.com\\\/#website\"},\"primaryImageOfPage\":{\"@id\":\"https:\\\/\\\/becooltravel.com\\\/product\\\/the-magical-douro-1700g\\\/#primaryimage\"},\"image\":{\"@id\":\"https:\\\/\\\/becooltravel.com\\\/product\\\/the-magical-douro-1700g\\\/#primaryimage\"},\"thumbnailUrl\":\"https:\\\/\\\/i0.wp.com\\\/becooltravel.com\\\/wp-content\\\/uploads\\\/sites\\\/5\\\/2020\\\/07\\\/arribas_douro.jpg?fit=1067%2C800&ssl=1\",\"datePublished\":\"2020-07-06T10:15:05+00:00\",\"dateModified\":\"2022-08-14T13:03:47+00:00\",\"description\":\"The magical Douro is a walking and sightseeing tour, for those who have seen the Douro Valley in travelogues and want to o explore its furthest regions, how beautiful and unspoilt the central and upper reaches of the valley are, with deep valleys and plateaus interspersed with ancient villages and castles that bear witness to struggles over the centuries.\",\"breadcrumb\":{\"@id\":\"https:\\\/\\\/becooltravel.com\\\/product\\\/the-magical-douro-1700g\\\/#breadcrumb\"},\"inLanguage\":\"de\",\"potentialAction\":[{\"@type\":\"ReadAction\",\"target\":[\"https:\\\/\\\/becooltravel.com\\\/product\\\/the-magical-douro-1700g\\\/\"]}]},{\"@type\":\"ImageObject\",\"inLanguage\":\"de\",\"@id\":\"https:\\\/\\\/becooltravel.com\\\/product\\\/the-magical-douro-1700g\\\/#primaryimage\",\"url\":\"https:\\\/\\\/i0.wp.com\\\/becooltravel.com\\\/wp-content\\\/uploads\\\/sites\\\/5\\\/2020\\\/07\\\/arribas_douro.jpg?fit=1067%2C800&ssl=1\",\"contentUrl\":\"https:\\\/\\\/i0.wp.com\\\/becooltravel.com\\\/wp-content\\\/uploads\\\/sites\\\/5\\\/2020\\\/07\\\/arribas_douro.jpg?fit=1067%2C800&ssl=1\",\"width\":1067,\"height\":800,\"caption\":\"Arribas do Douro\"},{\"@type\":\"BreadcrumbList\",\"@id\":\"https:\\\/\\\/becooltravel.com\\\/product\\\/the-magical-douro-1700g\\\/#breadcrumb\",\"itemListElement\":[{\"@type\":\"ListItem\",\"position\":1,\"name\":\"Home\",\"item\":\"https:\\\/\\\/becooltravel.com\\\/\"},{\"@type\":\"ListItem\",\"position\":2,\"name\":\"Shop\",\"item\":\"https:\\\/\\\/becooltravel.com\\\/?page_id=5\"},{\"@type\":\"ListItem\",\"position\":3,\"name\":\"Walking tours in Alto Douro Wine Region. Those who have seen the Douro Valley in travelogues will know how beautiful and unspoilt walking location.\",\"item\":\"https:\\\/\\\/becooltravel.com\\\/product-tag\\\/alto-douro-wine-region\\\/\"},{\"@type\":\"ListItem\",\"position\":4,\"name\":\"Walking The Magical Douro in Portugal\"}]},{\"@type\":\"WebSite\",\"@id\":\"https:\\\/\\\/becooltravel.com\\\/#website\",\"url\":\"https:\\\/\\\/becooltravel.com\\\/\",\"name\":\"BeCool Travel\",\"description\":\"Sustainable holidays in Portugal for independent travelers\",\"publisher\":{\"@id\":\"https:\\\/\\\/becooltravel.com\\\/#organization\"},\"potentialAction\":[{\"@type\":\"SearchAction\",\"target\":{\"@type\":\"EntryPoint\",\"urlTemplate\":\"https:\\\/\\\/becooltravel.com\\\/?s={search_term_string}\"},\"query-input\":{\"@type\":\"PropertyValueSpecification\",\"valueRequired\":true,\"valueName\":\"search_term_string\"}}],\"inLanguage\":\"de\"},{\"@type\":\"Organization\",\"@id\":\"https:\\\/\\\/becooltravel.com\\\/#organization\",\"name\":\"BecoolTravel. com- Portugal\",\"url\":\"https:\\\/\\\/becooltravel.com\\\/\",\"logo\":{\"@type\":\"ImageObject\",\"inLanguage\":\"de\",\"@id\":\"https:\\\/\\\/becooltravel.com\\\/#\\\/schema\\\/logo\\\/image\\\/\",\"url\":\"https:\\\/\\\/becooltravel.com\\\/wp-content\\\/uploads\\\/sites\\\/5\\\/2020\\\/03\\\/Logo_BeCool.jpg\",\"contentUrl\":\"https:\\\/\\\/becooltravel.com\\\/wp-content\\\/uploads\\\/sites\\\/5\\\/2020\\\/03\\\/Logo_BeCool.jpg\",\"width\":534,\"height\":534,\"caption\":\"BecoolTravel. com- Portugal\"},\"image\":{\"@id\":\"https:\\\/\\\/becooltravel.com\\\/#\\\/schema\\\/logo\\\/image\\\/\"},\"sameAs\":[\"https:\\\/\\\/www.facebook.com\\\/becooltravelagency\\\/\",\"https:\\\/\\\/x.com\\\/becool_travel\",\"https:\\\/\\\/www.instagram.com\\\/becooltravel_com\\\/\",\"https:\\\/\\\/www.linkedin.com\\\/company\\\/becool-travel\\\/\",\"https:\\\/\\\/www.youtube.com\\\/channel\\\/UCE7zRU3EVG1PgfXwQo-5uJw\"]}]}<\/script>\n<!-- \/ Yoast SEO Premium plugin. -->","yoast_head_json":{"title":"Wandern im magischen Douro","description":"Der magische Douro ist eine Wander- und Besichtigungstour f\u00fcr diejenigen, die das Douro-Tal in Reiseberichten gesehen haben und seine entferntesten Regionen erkunden m\u00f6chten, wie sch\u00f6n und unber\u00fchrt der zentrale und obere Teil des Tals ist, mit tiefen T\u00e4lern und Hochebenen, die dazwischen liegen alte D\u00f6rfer und Burgen, die von K\u00e4mpfen im Laufe der Jahrhunderte zeugen.","robots":{"index":"index","follow":"follow","max-snippet":"max-snippet:-1","max-image-preview":"max-image-preview:large","max-video-preview":"max-video-preview:-1"},"canonical":"https:\/\/becooltravel.com\/de\/produkt\/der-magische-duero-1700g\/","og_locale":"de_DE","og_type":"article","og_title":"Holidays Walking The Magical Douro in Portugal","og_description":"Leaving Porto we travel up the Douro Valley by train to Pocinho and then continue by road to Miranda do Douro, where we spend five further nights.Miranda Do Douro is a charming medieval town, and from here our walks pass through villages where people still follow an ancient way of life, still speaking the ancient Mirandese language, that has survived through the centuries.From Miranda we travel by road and train to R\u00e9gua.Known as the \u2018Capital of the Douro\u2019 because of its role in the port industry, we will be able to see how port is made and afterwards, taste it for ourselves.","og_url":"https:\/\/becooltravel.com\/de\/produkt\/der-magische-duero-1700g\/","og_site_name":"BeCool Travel","article_publisher":"https:\/\/www.facebook.com\/becooltravelagency\/","article_modified_time":"2022-08-14T13:03:47+00:00","og_image":[{"width":1067,"height":800,"url":"https:\/\/i0.wp.com\/becooltravel.com\/wp-content\/uploads\/sites\/5\/2020\/07\/arribas_douro.jpg?fit=1067%2C800&ssl=1","type":"image\/jpeg"}],"twitter_card":"summary_large_image","twitter_title":"Walking The Magical Douro in Portugal Holidays","twitter_description":"The holiday offers easy walking in this attractive region, particularly noted for its wine production.We fly into Porto where we stay for our first three nights. Porto, situated on the Douro River, is the capital of the north and the second largest city in Portugal. It is now a World Heritage Site and has been the centre of the port wine trade for centuries.We will have time to explore this intriguing city where historic buildings and magnificent churches rub shoulders with picturesque old quarters Guimar\u00e3es is a delightful medieval town and the birthplace of Portugal. It was here that the creation of a nation began. Beautiful Vila do Conde lies on the coast and is famous for the construction of traditional wooden fishing boats and lace making.","twitter_image":"https:\/\/i0.wp.com\/becooltravel.com\/wp-content\/uploads\/sites\/5\/2020\/07\/arribas_douro.jpg?fit=1067%2C800&ssl=1","twitter_site":"@becool_travel","twitter_misc":{"Gesch\u00e4tzte Lesezeit":"2\u00a0Minuten"},"schema":{"@context":"https:\/\/schema.org","@graph":[{"@type":["WebPage","ItemPage"],"@id":"https:\/\/becooltravel.com\/product\/the-magical-douro-1700g\/","url":"https:\/\/becooltravel.com\/product\/the-magical-douro-1700g\/","name":"Wandern im magischen Douro","isPartOf":{"@id":"https:\/\/becooltravel.com\/#website"},"primaryImageOfPage":{"@id":"https:\/\/becooltravel.com\/product\/the-magical-douro-1700g\/#primaryimage"},"image":{"@id":"https:\/\/becooltravel.com\/product\/the-magical-douro-1700g\/#primaryimage"},"thumbnailUrl":"https:\/\/i0.wp.com\/becooltravel.com\/wp-content\/uploads\/sites\/5\/2020\/07\/arribas_douro.jpg?fit=1067%2C800&ssl=1","datePublished":"2020-07-06T10:15:05+00:00","dateModified":"2022-08-14T13:03:47+00:00","description":"Der magische Douro ist eine Wander- und Besichtigungstour f\u00fcr diejenigen, die das Douro-Tal in Reiseberichten gesehen haben und seine entferntesten Regionen erkunden m\u00f6chten, wie sch\u00f6n und unber\u00fchrt der zentrale und obere Teil des Tals ist, mit tiefen T\u00e4lern und Hochebenen, die dazwischen liegen alte D\u00f6rfer und Burgen, die von K\u00e4mpfen im Laufe der Jahrhunderte zeugen.","breadcrumb":{"@id":"https:\/\/becooltravel.com\/product\/the-magical-douro-1700g\/#breadcrumb"},"inLanguage":"de","potentialAction":[{"@type":"ReadAction","target":["https:\/\/becooltravel.com\/product\/the-magical-douro-1700g\/"]}]},{"@type":"ImageObject","inLanguage":"de","@id":"https:\/\/becooltravel.com\/product\/the-magical-douro-1700g\/#primaryimage","url":"https:\/\/i0.wp.com\/becooltravel.com\/wp-content\/uploads\/sites\/5\/2020\/07\/arribas_douro.jpg?fit=1067%2C800&ssl=1","contentUrl":"https:\/\/i0.wp.com\/becooltravel.com\/wp-content\/uploads\/sites\/5\/2020\/07\/arribas_douro.jpg?fit=1067%2C800&ssl=1","width":1067,"height":800,"caption":"Arribas do Douro"},{"@type":"BreadcrumbList","@id":"https:\/\/becooltravel.com\/product\/the-magical-douro-1700g\/#breadcrumb","itemListElement":[{"@type":"ListItem","position":1,"name":"Home","item":"https:\/\/becooltravel.com\/"},{"@type":"ListItem","position":2,"name":"Shop","item":"https:\/\/becooltravel.com\/?page_id=5"},{"@type":"ListItem","position":3,"name":"Walking tours in Alto Douro Wine Region. Those who have seen the Douro Valley in travelogues will know how beautiful and unspoilt walking location.","item":"https:\/\/becooltravel.com\/product-tag\/alto-douro-wine-region\/"},{"@type":"ListItem","position":4,"name":"Walking The Magical Douro in Portugal"}]},{"@type":"WebSite","@id":"https:\/\/becooltravel.com\/#website","url":"https:\/\/becooltravel.com\/","name":"BeCool Travel","description":"Nachhaltiger Urlaub in Portugal f\u00fcr Individualreisende","publisher":{"@id":"https:\/\/becooltravel.com\/#organization"},"potentialAction":[{"@type":"SearchAction","target":{"@type":"EntryPoint","urlTemplate":"https:\/\/becooltravel.com\/?s={search_term_string}"},"query-input":{"@type":"PropertyValueSpecification","valueRequired":true,"valueName":"search_term_string"}}],"inLanguage":"de"},{"@type":"Organization","@id":"https:\/\/becooltravel.com\/#organization","name":"BecoolTravel. com- Portugal","url":"https:\/\/becooltravel.com\/","logo":{"@type":"ImageObject","inLanguage":"de","@id":"https:\/\/becooltravel.com\/#\/schema\/logo\/image\/","url":"https:\/\/becooltravel.com\/wp-content\/uploads\/sites\/5\/2020\/03\/Logo_BeCool.jpg","contentUrl":"https:\/\/becooltravel.com\/wp-content\/uploads\/sites\/5\/2020\/03\/Logo_BeCool.jpg","width":534,"height":534,"caption":"BecoolTravel. com- Portugal"},"image":{"@id":"https:\/\/becooltravel.com\/#\/schema\/logo\/image\/"},"sameAs":["https:\/\/www.facebook.com\/becooltravelagency\/","https:\/\/x.com\/becool_travel","https:\/\/www.instagram.com\/becooltravel_com\/","https:\/\/www.linkedin.com\/company\/becool-travel\/","https:\/\/www.youtube.com\/channel\/UCE7zRU3EVG1PgfXwQo-5uJw"]}]}},"jetpack_sharing_enabled":true,"_links":{"self":[{"href":"https:\/\/becooltravel.com\/de\/wp-json\/wp\/v2\/product\/5425","targetHints":{"allow":["GET"]}}],"collection":[{"href":"https:\/\/becooltravel.com\/de\/wp-json\/wp\/v2\/product"}],"about":[{"href":"https:\/\/becooltravel.com\/de\/wp-json\/wp\/v2\/types\/product"}],"replies":[{"embeddable":true,"href":"https:\/\/becooltravel.com\/de\/wp-json\/wp\/v2\/comments?post=5425"}],"wp:featuredmedia":[{"embeddable":true,"href":"https:\/\/becooltravel.com\/de\/wp-json\/wp\/v2\/media\/5466"}],"wp:attachment":[{"href":"https:\/\/becooltravel.com\/de\/wp-json\/wp\/v2\/media?parent=5425"}],"wp:term":[{"taxonomy":"product_brand","embeddable":true,"href":"https:\/\/becooltravel.com\/de\/wp-json\/wp\/v2\/product_brand?post=5425"},{"taxonomy":"product_cat","embeddable":true,"href":"https:\/\/becooltravel.com\/de\/wp-json\/wp\/v2\/product_cat?post=5425"},{"taxonomy":"product_tag","embeddable":true,"href":"https:\/\/becooltravel.com\/de\/wp-json\/wp\/v2\/product_tag?post=5425"}],"curies":[{"name":"wp","href":"https:\/\/api.w.org\/{rel}","templated":true}]}}