{"id":5426,"date":"2020-07-06T10:45:34","date_gmt":"2020-07-06T10:45:34","guid":{"rendered":"https:\/\/becooltravel.com\/?post_type=product&#038;p=5426"},"modified":"2022-08-14T13:04:44","modified_gmt":"2022-08-14T13:04:44","slug":"portugals-costa-verde-1800g","status":"publish","type":"product","link":"https:\/\/becooltravel.com\/de\/produkt\/portugal-costa-verde-1800g\/","title":{"rendered":"Portugals Costa Verde Walking"},"content":{"rendered":"<p><strong>Gruppen mit mindestens 6 Personen akzeptiert.<\/strong><\/p>\n<p>&nbsp;<\/p>\n<p>An der atemberaubenden Costa Verde (Gr\u00fcne K\u00fcste) gelegen, die f\u00fcr ihre Berge, die \u00fcppig gr\u00fcne Landschaft, die wundersch\u00f6nen Str\u00e4nde und den \u201eVinho Verde\u201c ber\u00fchmt ist, ist dies ein fesselndes und unvergessliches Reiseziel.<\/p>\n<p>Unsere Wanderungen hier f\u00fchren zu einigen der sch\u00f6nsten K\u00fcsten Portugals, schl\u00e4ngeln sich durch klassische Minho-D\u00f6rfer und \u00fcppige Hirtent\u00e4ler.<\/p>\n<div id=\"attachment_2563\" style=\"width: 1034px\" class=\"wp-caption alignnone\"><img data-recalc-dims=\"1\" decoding=\"async\" aria-describedby=\"caption-attachment-2563\" class=\"wp-image-2563 size-large\" title=\"Wandern in Vila Praia \u00e2ncora\" src=\"https:\/\/i0.wp.com\/legendatours.net\/wp-content\/uploads\/2020\/06\/Vila_praia_ancora_walk-1024x597.jpg?resize=1024%2C597&#038;ssl=1\" alt=\"Wandern in Vila Praia \u00e2ncora\" width=\"1024\" height=\"597\" \/><p id=\"caption-attachment-2563\" class=\"wp-caption-text\">Wandern in Vila Praia \u00e2ncora<\/p><\/div>\n<p>Wir werden die dramatischen Berge der Serra d&#039;Arga erkunden, wo wilde Pferde zwischen den wilden Granitfelsen umherstreifen.<\/p>\n<p>Wir \u00fcberqueren den Fluss Minho zu Portugals Schwester Galizien, um zum Heiligtum Santa Tecla zu steigen, wo die keltische Geschichte lebendig wird.<\/p>\n<p>An freien Tagen k\u00f6nnen Sie Viana do Castelo, die Perle des Nordens, erkunden oder mit dem Zug das Tal des Flusses Minho hinauffahren, um die Zwillingsst\u00e4dte Valen\u00e7a und Tuy zu besuchen, die sich \u00fcber den Fluss hinweg anstarren, oder wir k\u00f6nnen die Stadt besuchen Caminha, ein paar Kilometer n\u00f6rdlich von Vila Praia de Ancora, mit seinem alten zentralen Platz, der von Stra\u00dfencaf\u00e9s ges\u00e4umt ist, dem Netzwerk mittelalterlicher Stra\u00dfen, die davon ausgehen, und mittwochs einem lebhaften Wochenmarkt, der Einheimische aus allen umliegenden D\u00f6rfern anzieht.<\/p>\n<div id=\"attachment_2758\" style=\"width: 1034px\" class=\"wp-caption alignnone\"><img data-recalc-dims=\"1\" decoding=\"async\" aria-describedby=\"caption-attachment-2758\" class=\"wp-image-2758 size-large\" title=\"Castro de Santa Tecla - Galicien\" src=\"https:\/\/i0.wp.com\/legendatours.net\/wp-content\/uploads\/2020\/07\/castro_santa_tecla-1024x683.jpg?resize=1024%2C683&#038;ssl=1\" alt=\"Castro de Santa Tecla - Galicien\" width=\"1024\" height=\"683\" \/><p id=\"caption-attachment-2758\" class=\"wp-caption-text\">Castro de Santa Tecla \u2013 Galizien<\/p><\/div>\n<p>Das Gebiet ist seit pr\u00e4historischen Zeiten besiedelt und ist reich an Natur- und Kulturgeschichte, die von der Jungsteinzeit bis zur R\u00f6merzeit reicht, mit geschichtstr\u00e4chtigen D\u00f6rfern, die wir besuchen k\u00f6nnen.<\/p>\n<p>Wir \u00fcbernachten in der K\u00fcstenstadt Vila Praia de Ancora im Nordwesten Portugals, einem h\u00fcbschen kleinen Ferienort. Es wird auch Zeit sein, an den Str\u00e4nden zu entspannen und vielleicht ein Bad im Meer zu nehmen, bevor Sie den Sonnenuntergang und die lokale K\u00fcche genie\u00dfen.<\/p>\n<p>Unser ausgezeichnetes 4-Sterne-Hotel liegt direkt im Zentrum dieser charmanten Stadt, alle Einrichtungen sind in wenigen Minuten zu Fu\u00df erreichbar.<\/p>\n<div class=\"row\" style=\"display: flex;\">\n<div class=\"column\" style=\"flex: 45%;\">\n<p><iframe title=\"Viana do Castelo Tour 1 Portugal\" width=\"1080\" height=\"608\" src=\"https:\/\/www.youtube.com\/embed\/Vb11mgM-4hk?feature=oembed\" frameborder=\"0\" allow=\"accelerometer; autoplay; clipboard-write; encrypted-media; gyroscope; picture-in-picture\" allowfullscreen><\/iframe><\/p>\n<\/div>\n<div class=\"column\" style=\"flex: 10%;\"><\/div>\n<div class=\"column\" style=\"flex: 45%;\">\n<p><iframe title=\"Algarve Visto do Ar - Concelho de Olh\u00e3o\" width=\"1080\" height=\"608\" src=\"https:\/\/www.youtube.com\/embed\/MP6BCGjhkwQ?feature=oembed\" frameborder=\"0\" allow=\"accelerometer; autoplay; clipboard-write; encrypted-media; gyroscope; picture-in-picture\" allowfullscreen><\/iframe><\/p>\n<\/div>\n<\/div>","protected":false},"excerpt":{"rendered":"<p>An der atemberaubenden Costa Verde (Gr\u00fcne K\u00fcste) gelegen, die f\u00fcr ihre Berge, die \u00fcppig gr\u00fcne Landschaft, die wundersch\u00f6nen Str\u00e4nde und den \u201eVinho Verde\u201c ber\u00fchmt ist, ist dies ein fesselndes und unvergessliches Reiseziel.<\/p>\n<p>Unsere Wanderungen hier f\u00fchren zu einigen der sch\u00f6nsten K\u00fcsten Portugals, schl\u00e4ngeln sich durch klassische Minho-D\u00f6rfer und \u00fcppige Hirtent\u00e4ler.<\/p>","protected":false},"featured_media":5467,"comment_status":"closed","ping_status":"closed","template":"","meta":{"_acf_changed":false,"inline_featured_image":false},"product_brand":[],"product_cat":[343,340,342,344,355],"product_tag":[162,491,927,559,508,928,579,815,115,459,260,261,680,378,1112,360,979,165,83,982,980,581,172,156,157,158],"class_list":{"0":"post-5426","1":"product","2":"type-product","3":"status-publish","4":"has-post-thumbnail","6":"product_cat-cultural-tours-and-holidays-in-portugal","7":"product_cat-guided-group-tours","8":"product_cat-portugal-guided-historical-holidays","9":"product_cat-guided-sightseeing-holidays-portugal","10":"product_cat-guided-walking-holidays-in-portugal","11":"product_tag-caminha","12":"product_tag-coastal-tour","13":"product_tag-costa-verde","14":"product_tag-fabulous-walks-along-the-coast","15":"product_tag-gastronomy-and-wines","16":"product_tag-green-coast","17":"product_tag-green-landscape","18":"product_tag-historic","19":"product_tag-historic-buildings","20":"product_tag-historic-town","21":"product_tag-history-and-heritage","22":"product_tag-local-gastronomy","23":"product_tag-medieval-streets","24":"product_tag-medieval-times","25":"product_tag-minho","26":"product_tag-minho-region-portugal","27":"product_tag-neolithic-vestiges","28":"product_tag-northern-portugal-and-galicia","29":"product_tag-portugal-great-food-and-wine","30":"product_tag-rio-minho","31":"product_tag-roman-vestiges","32":"product_tag-traditional-villages","33":"product_tag-viana-do-castelo","34":"product_tag-vila-praia-de-ancora","35":"product_tag-vinho-verde","36":"product_tag-walking-the-coast-line","38":"first","39":"instock","40":"virtual","41":"sold-individually","42":"product-type-booking"},"acf":[],"yoast_head":"<!-- This site is optimized with the Yoast SEO Premium plugin v26.8 (Yoast SEO v27.4) - https:\/\/yoast.com\/product\/yoast-seo-premium-wordpress\/ -->\n<title>Portugal&#039;s Costa Verde Walking<\/title>\n<meta name=\"description\" content=\"Walking in Costa Verde (Green Coast), famous for its mountains, lush green countryside, beautiful beaches and \u201cVinho Verde\u201d, of Portugal.\" \/>\n<meta name=\"robots\" content=\"index, follow, max-snippet:-1, max-image-preview:large, max-video-preview:-1\" \/>\n<link rel=\"canonical\" href=\"https:\/\/becooltravel.com\/de\/produkt\/portugal-costa-verde-1800g\/\" \/>\n<meta property=\"og:locale\" content=\"de_DE\" \/>\n<meta property=\"og:type\" content=\"article\" \/>\n<meta property=\"og:title\" content=\"Walking in mountains, lush green countryside, beautiful beaches and \u201cVinho Verde\u201d in Portugal\" \/>\n<meta property=\"og:description\" content=\"Based in the stunning Costa Verde (Green Coast), famous for its mountains, lush green countryside, beautiful beaches and \u201cVinho Verde\u201d, this is a captivating and unforgettable destination.Our walks here will take in some of the finest coast lines of Portugal, meander through classic Minho villages and lush pastoral valleys.We will explore the dramatic mountains of the Serra d\u2019Arga where wild horses roam amongst the wild granite outcrops.We will cross the river Minho to Portugal\u2019s sister, Galicia, to climb to the sanctuary of Santa Tecla where Celtic history comes alive.\" \/>\n<meta property=\"og:url\" content=\"https:\/\/becooltravel.com\/de\/produkt\/portugal-costa-verde-1800g\/\" \/>\n<meta property=\"og:site_name\" content=\"BeCool Travel\" \/>\n<meta property=\"article:publisher\" content=\"https:\/\/www.facebook.com\/becooltravelagency\/\" \/>\n<meta property=\"article:modified_time\" content=\"2022-08-14T13:04:44+00:00\" \/>\n<meta property=\"og:image\" content=\"https:\/\/i0.wp.com\/becooltravel.com\/wp-content\/uploads\/sites\/5\/2020\/07\/afife_windmill.jpg?fit=1067%2C800&ssl=1\" \/>\n\t<meta property=\"og:image:width\" content=\"1067\" \/>\n\t<meta property=\"og:image:height\" content=\"800\" \/>\n\t<meta property=\"og:image:type\" content=\"image\/jpeg\" \/>\n<meta name=\"twitter:card\" content=\"summary_large_image\" \/>\n<meta name=\"twitter:title\" content=\"Walking in mountains, lush green countryside, beautiful beaches and \u201cVinho Verde\u201dPortugal\" \/>\n<meta name=\"twitter:description\" content=\"Free days could be spent exploring Viana do Castelo, the Pearl of the North or take the train up the valley of the river Minho to visit the twin towns of Valen\u00e7a and Tuy gazing at each other across the river or we can visit the town of Caminha, a few miles north of Vila Praia de Ancora, with its ancient central square lined with pavement caf\u00e9s, the network of medieval streets radiating from it and, on Wednesdays, a lively weekly market attracting locals from all the surrounding villages.The area has been inhabited since pre-historic times and is rich in natural and cultural history ranging from Neolithic to Roman times, with villages full of history for us to visit.We stay in the coastal town of Vila Praia de Ancora in the North West corner of Portugal, a lovely small resort. There will also be time to relax on the beaches and maybe take a dip in the sea before enjoying the sunset and the local cuisine.Our excellent 4 star hotel is located in the very centre of this charming town with all facilities within a few minutes\u2019 walk.\" \/>\n<meta name=\"twitter:image\" content=\"https:\/\/i0.wp.com\/becooltravel.com\/wp-content\/uploads\/sites\/5\/2020\/07\/afife_windmill.jpg?fit=1067%2C800&ssl=1\" \/>\n<meta name=\"twitter:site\" content=\"@becool_travel\" \/>\n<meta name=\"twitter:label1\" content=\"Gesch\u00e4tzte Lesezeit\" \/>\n\t<meta name=\"twitter:data1\" content=\"2\u00a0Minuten\" \/>\n<script type=\"application\/ld+json\" class=\"yoast-schema-graph\">{\"@context\":\"https:\\\/\\\/schema.org\",\"@graph\":[{\"@type\":[\"WebPage\",\"ItemPage\"],\"@id\":\"https:\\\/\\\/becooltravel.com\\\/product\\\/portugals-costa-verde-1800g\\\/\",\"url\":\"https:\\\/\\\/becooltravel.com\\\/product\\\/portugals-costa-verde-1800g\\\/\",\"name\":\"Portugal's Costa Verde Walking\",\"isPartOf\":{\"@id\":\"https:\\\/\\\/becooltravel.com\\\/#website\"},\"primaryImageOfPage\":{\"@id\":\"https:\\\/\\\/becooltravel.com\\\/product\\\/portugals-costa-verde-1800g\\\/#primaryimage\"},\"image\":{\"@id\":\"https:\\\/\\\/becooltravel.com\\\/product\\\/portugals-costa-verde-1800g\\\/#primaryimage\"},\"thumbnailUrl\":\"https:\\\/\\\/i0.wp.com\\\/becooltravel.com\\\/wp-content\\\/uploads\\\/sites\\\/5\\\/2020\\\/07\\\/afife_windmill.jpg?fit=1067%2C800&ssl=1\",\"datePublished\":\"2020-07-06T10:45:34+00:00\",\"dateModified\":\"2022-08-14T13:04:44+00:00\",\"description\":\"Walking in Costa Verde (Green Coast), famous for its mountains, lush green countryside, beautiful beaches and \u201cVinho Verde\u201d, of Portugal.\",\"breadcrumb\":{\"@id\":\"https:\\\/\\\/becooltravel.com\\\/product\\\/portugals-costa-verde-1800g\\\/#breadcrumb\"},\"inLanguage\":\"de\",\"potentialAction\":[{\"@type\":\"ReadAction\",\"target\":[\"https:\\\/\\\/becooltravel.com\\\/product\\\/portugals-costa-verde-1800g\\\/\"]}]},{\"@type\":\"ImageObject\",\"inLanguage\":\"de\",\"@id\":\"https:\\\/\\\/becooltravel.com\\\/product\\\/portugals-costa-verde-1800g\\\/#primaryimage\",\"url\":\"https:\\\/\\\/i0.wp.com\\\/becooltravel.com\\\/wp-content\\\/uploads\\\/sites\\\/5\\\/2020\\\/07\\\/afife_windmill.jpg?fit=1067%2C800&ssl=1\",\"contentUrl\":\"https:\\\/\\\/i0.wp.com\\\/becooltravel.com\\\/wp-content\\\/uploads\\\/sites\\\/5\\\/2020\\\/07\\\/afife_windmill.jpg?fit=1067%2C800&ssl=1\",\"width\":1067,\"height\":800,\"caption\":\"Afife windmill\"},{\"@type\":\"BreadcrumbList\",\"@id\":\"https:\\\/\\\/becooltravel.com\\\/product\\\/portugals-costa-verde-1800g\\\/#breadcrumb\",\"itemListElement\":[{\"@type\":\"ListItem\",\"position\":1,\"name\":\"Home\",\"item\":\"https:\\\/\\\/becooltravel.com\\\/\"},{\"@type\":\"ListItem\",\"position\":2,\"name\":\"Shop\",\"item\":\"https:\\\/\\\/becooltravel.com\\\/?page_id=5\"},{\"@type\":\"ListItem\",\"position\":3,\"name\":\"Caminha\",\"item\":\"https:\\\/\\\/becooltravel.com\\\/product-tag\\\/caminha\\\/\"},{\"@type\":\"ListItem\",\"position\":4,\"name\":\"Walking in mountains, lush green countryside, beautiful beaches and \u201cVinho Verde\u201d\"}]},{\"@type\":\"WebSite\",\"@id\":\"https:\\\/\\\/becooltravel.com\\\/#website\",\"url\":\"https:\\\/\\\/becooltravel.com\\\/\",\"name\":\"BeCool Travel\",\"description\":\"Sustainable holidays in Portugal for independent travelers\",\"publisher\":{\"@id\":\"https:\\\/\\\/becooltravel.com\\\/#organization\"},\"potentialAction\":[{\"@type\":\"SearchAction\",\"target\":{\"@type\":\"EntryPoint\",\"urlTemplate\":\"https:\\\/\\\/becooltravel.com\\\/?s={search_term_string}\"},\"query-input\":{\"@type\":\"PropertyValueSpecification\",\"valueRequired\":true,\"valueName\":\"search_term_string\"}}],\"inLanguage\":\"de\"},{\"@type\":\"Organization\",\"@id\":\"https:\\\/\\\/becooltravel.com\\\/#organization\",\"name\":\"BecoolTravel. com- Portugal\",\"url\":\"https:\\\/\\\/becooltravel.com\\\/\",\"logo\":{\"@type\":\"ImageObject\",\"inLanguage\":\"de\",\"@id\":\"https:\\\/\\\/becooltravel.com\\\/#\\\/schema\\\/logo\\\/image\\\/\",\"url\":\"https:\\\/\\\/becooltravel.com\\\/wp-content\\\/uploads\\\/sites\\\/5\\\/2020\\\/03\\\/Logo_BeCool.jpg\",\"contentUrl\":\"https:\\\/\\\/becooltravel.com\\\/wp-content\\\/uploads\\\/sites\\\/5\\\/2020\\\/03\\\/Logo_BeCool.jpg\",\"width\":534,\"height\":534,\"caption\":\"BecoolTravel. com- Portugal\"},\"image\":{\"@id\":\"https:\\\/\\\/becooltravel.com\\\/#\\\/schema\\\/logo\\\/image\\\/\"},\"sameAs\":[\"https:\\\/\\\/www.facebook.com\\\/becooltravelagency\\\/\",\"https:\\\/\\\/x.com\\\/becool_travel\",\"https:\\\/\\\/www.instagram.com\\\/becooltravel_com\\\/\",\"https:\\\/\\\/www.linkedin.com\\\/company\\\/becool-travel\\\/\",\"https:\\\/\\\/www.youtube.com\\\/channel\\\/UCE7zRU3EVG1PgfXwQo-5uJw\"]}]}<\/script>\n<!-- \/ Yoast SEO Premium plugin. -->","yoast_head_json":{"title":"Wandern an der portugiesischen Costa Verde","description":"Wandern an der Costa Verde (Gr\u00fcne K\u00fcste), ber\u00fchmt f\u00fcr ihre Berge, \u00fcppige gr\u00fcne Landschaft, wundersch\u00f6ne Str\u00e4nde und den \u201eVinho Verde\u201c Portugals.","robots":{"index":"index","follow":"follow","max-snippet":"max-snippet:-1","max-image-preview":"max-image-preview:large","max-video-preview":"max-video-preview:-1"},"canonical":"https:\/\/becooltravel.com\/de\/produkt\/portugal-costa-verde-1800g\/","og_locale":"de_DE","og_type":"article","og_title":"Walking in mountains, lush green countryside, beautiful beaches and \u201cVinho Verde\u201d in Portugal","og_description":"Based in the stunning Costa Verde (Green Coast), famous for its mountains, lush green countryside, beautiful beaches and \u201cVinho Verde\u201d, this is a captivating and unforgettable destination.Our walks here will take in some of the finest coast lines of Portugal, meander through classic Minho villages and lush pastoral valleys.We will explore the dramatic mountains of the Serra d\u2019Arga where wild horses roam amongst the wild granite outcrops.We will cross the river Minho to Portugal\u2019s sister, Galicia, to climb to the sanctuary of Santa Tecla where Celtic history comes alive.","og_url":"https:\/\/becooltravel.com\/de\/produkt\/portugal-costa-verde-1800g\/","og_site_name":"BeCool Travel","article_publisher":"https:\/\/www.facebook.com\/becooltravelagency\/","article_modified_time":"2022-08-14T13:04:44+00:00","og_image":[{"width":1067,"height":800,"url":"https:\/\/i0.wp.com\/becooltravel.com\/wp-content\/uploads\/sites\/5\/2020\/07\/afife_windmill.jpg?fit=1067%2C800&ssl=1","type":"image\/jpeg"}],"twitter_card":"summary_large_image","twitter_title":"Walking in mountains, lush green countryside, beautiful beaches and \u201cVinho Verde\u201dPortugal","twitter_description":"Free days could be spent exploring Viana do Castelo, the Pearl of the North or take the train up the valley of the river Minho to visit the twin towns of Valen\u00e7a and Tuy gazing at each other across the river or we can visit the town of Caminha, a few miles north of Vila Praia de Ancora, with its ancient central square lined with pavement caf\u00e9s, the network of medieval streets radiating from it and, on Wednesdays, a lively weekly market attracting locals from all the surrounding villages.The area has been inhabited since pre-historic times and is rich in natural and cultural history ranging from Neolithic to Roman times, with villages full of history for us to visit.We stay in the coastal town of Vila Praia de Ancora in the North West corner of Portugal, a lovely small resort. There will also be time to relax on the beaches and maybe take a dip in the sea before enjoying the sunset and the local cuisine.Our excellent 4 star hotel is located in the very centre of this charming town with all facilities within a few minutes\u2019 walk.","twitter_image":"https:\/\/i0.wp.com\/becooltravel.com\/wp-content\/uploads\/sites\/5\/2020\/07\/afife_windmill.jpg?fit=1067%2C800&ssl=1","twitter_site":"@becool_travel","twitter_misc":{"Gesch\u00e4tzte Lesezeit":"2\u00a0Minuten"},"schema":{"@context":"https:\/\/schema.org","@graph":[{"@type":["WebPage","ItemPage"],"@id":"https:\/\/becooltravel.com\/product\/portugals-costa-verde-1800g\/","url":"https:\/\/becooltravel.com\/product\/portugals-costa-verde-1800g\/","name":"Wandern an der portugiesischen Costa Verde","isPartOf":{"@id":"https:\/\/becooltravel.com\/#website"},"primaryImageOfPage":{"@id":"https:\/\/becooltravel.com\/product\/portugals-costa-verde-1800g\/#primaryimage"},"image":{"@id":"https:\/\/becooltravel.com\/product\/portugals-costa-verde-1800g\/#primaryimage"},"thumbnailUrl":"https:\/\/i0.wp.com\/becooltravel.com\/wp-content\/uploads\/sites\/5\/2020\/07\/afife_windmill.jpg?fit=1067%2C800&ssl=1","datePublished":"2020-07-06T10:45:34+00:00","dateModified":"2022-08-14T13:04:44+00:00","description":"Wandern an der Costa Verde (Gr\u00fcne K\u00fcste), ber\u00fchmt f\u00fcr ihre Berge, \u00fcppige gr\u00fcne Landschaft, wundersch\u00f6ne Str\u00e4nde und den \u201eVinho Verde\u201c Portugals.","breadcrumb":{"@id":"https:\/\/becooltravel.com\/product\/portugals-costa-verde-1800g\/#breadcrumb"},"inLanguage":"de","potentialAction":[{"@type":"ReadAction","target":["https:\/\/becooltravel.com\/product\/portugals-costa-verde-1800g\/"]}]},{"@type":"ImageObject","inLanguage":"de","@id":"https:\/\/becooltravel.com\/product\/portugals-costa-verde-1800g\/#primaryimage","url":"https:\/\/i0.wp.com\/becooltravel.com\/wp-content\/uploads\/sites\/5\/2020\/07\/afife_windmill.jpg?fit=1067%2C800&ssl=1","contentUrl":"https:\/\/i0.wp.com\/becooltravel.com\/wp-content\/uploads\/sites\/5\/2020\/07\/afife_windmill.jpg?fit=1067%2C800&ssl=1","width":1067,"height":800,"caption":"Afife windmill"},{"@type":"BreadcrumbList","@id":"https:\/\/becooltravel.com\/product\/portugals-costa-verde-1800g\/#breadcrumb","itemListElement":[{"@type":"ListItem","position":1,"name":"Home","item":"https:\/\/becooltravel.com\/"},{"@type":"ListItem","position":2,"name":"Shop","item":"https:\/\/becooltravel.com\/?page_id=5"},{"@type":"ListItem","position":3,"name":"Caminha","item":"https:\/\/becooltravel.com\/product-tag\/caminha\/"},{"@type":"ListItem","position":4,"name":"Walking in mountains, lush green countryside, beautiful beaches and \u201cVinho Verde\u201d"}]},{"@type":"WebSite","@id":"https:\/\/becooltravel.com\/#website","url":"https:\/\/becooltravel.com\/","name":"BeCool Travel","description":"Nachhaltiger Urlaub in Portugal f\u00fcr Individualreisende","publisher":{"@id":"https:\/\/becooltravel.com\/#organization"},"potentialAction":[{"@type":"SearchAction","target":{"@type":"EntryPoint","urlTemplate":"https:\/\/becooltravel.com\/?s={search_term_string}"},"query-input":{"@type":"PropertyValueSpecification","valueRequired":true,"valueName":"search_term_string"}}],"inLanguage":"de"},{"@type":"Organization","@id":"https:\/\/becooltravel.com\/#organization","name":"BecoolTravel. com- Portugal","url":"https:\/\/becooltravel.com\/","logo":{"@type":"ImageObject","inLanguage":"de","@id":"https:\/\/becooltravel.com\/#\/schema\/logo\/image\/","url":"https:\/\/becooltravel.com\/wp-content\/uploads\/sites\/5\/2020\/03\/Logo_BeCool.jpg","contentUrl":"https:\/\/becooltravel.com\/wp-content\/uploads\/sites\/5\/2020\/03\/Logo_BeCool.jpg","width":534,"height":534,"caption":"BecoolTravel. com- Portugal"},"image":{"@id":"https:\/\/becooltravel.com\/#\/schema\/logo\/image\/"},"sameAs":["https:\/\/www.facebook.com\/becooltravelagency\/","https:\/\/x.com\/becool_travel","https:\/\/www.instagram.com\/becooltravel_com\/","https:\/\/www.linkedin.com\/company\/becool-travel\/","https:\/\/www.youtube.com\/channel\/UCE7zRU3EVG1PgfXwQo-5uJw"]}]}},"jetpack_sharing_enabled":true,"_links":{"self":[{"href":"https:\/\/becooltravel.com\/de\/wp-json\/wp\/v2\/product\/5426","targetHints":{"allow":["GET"]}}],"collection":[{"href":"https:\/\/becooltravel.com\/de\/wp-json\/wp\/v2\/product"}],"about":[{"href":"https:\/\/becooltravel.com\/de\/wp-json\/wp\/v2\/types\/product"}],"replies":[{"embeddable":true,"href":"https:\/\/becooltravel.com\/de\/wp-json\/wp\/v2\/comments?post=5426"}],"wp:featuredmedia":[{"embeddable":true,"href":"https:\/\/becooltravel.com\/de\/wp-json\/wp\/v2\/media\/5467"}],"wp:attachment":[{"href":"https:\/\/becooltravel.com\/de\/wp-json\/wp\/v2\/media?parent=5426"}],"wp:term":[{"taxonomy":"product_brand","embeddable":true,"href":"https:\/\/becooltravel.com\/de\/wp-json\/wp\/v2\/product_brand?post=5426"},{"taxonomy":"product_cat","embeddable":true,"href":"https:\/\/becooltravel.com\/de\/wp-json\/wp\/v2\/product_cat?post=5426"},{"taxonomy":"product_tag","embeddable":true,"href":"https:\/\/becooltravel.com\/de\/wp-json\/wp\/v2\/product_tag?post=5426"}],"curies":[{"name":"wp","href":"https:\/\/api.w.org\/{rel}","templated":true}]}}