{"id":5428,"date":"2020-07-06T14:40:01","date_gmt":"2020-07-06T14:40:01","guid":{"rendered":"https:\/\/becooltravel.com\/?post_type=product&#038;p=5428"},"modified":"2022-08-13T15:32:44","modified_gmt":"2022-08-13T15:32:44","slug":"portimao-and-lagos-enchanted-west-algarve-11001g","status":"publish","type":"product","link":"https:\/\/becooltravel.com\/de\/produkt\/portimao-und-lagos-verzauberte-west-algarve-11001g\/","title":{"rendered":"Wandern in Portim\u00e3o &amp; Lagos: Verzauberte Westalgarve"},"content":{"rendered":"<p><strong>Gruppen mit mindestens 6 Personen akzeptiert.<\/strong><\/p>\n<p>&nbsp;<\/p>\n<p>Die Westalgarve ist ein kompletter Kontrast zur Ostalgarve, und unsere Wanderungen w\u00e4hrend dieser Tour bieten eine herrliche Mischung aus K\u00fcsten-, Berg- und Binnenlandschaft.<\/p>\n<p>Die abwechslungsreiche Geologie der Westalgarve bietet eine reiche Vielfalt an Landschaften, von Granitbergen bis hin zu dramatischen Kalksteinfelsen und Meeresklippen. Erg\u00e4nzt wird diese Vielfalt durch die lokale Flora und Fauna, die im gerechten Klima milder, sonniger Winter und langer, hei\u00dfer Sommer gedeiht. All dies zusammen macht das Wandern hier faszinierend.<\/p>\n<div id=\"attachment_1855\" style=\"width: 1034px\" class=\"wp-caption alignnone\"><img data-recalc-dims=\"1\" decoding=\"async\" aria-describedby=\"caption-attachment-1855\" class=\"wp-image-1855 size-large\" title=\"Attraktive Stadt am Wasser von Lagos, die eine wichtige r\u00f6mische Siedlung war\" src=\"https:\/\/i0.wp.com\/legendatours.net\/wp-content\/uploads\/2020\/03\/Lagos-waterfront-2-1024x686.jpg?resize=1024%2C686&#038;ssl=1\" alt=\"Attraktive Stadt am Wasser von Lagos, die eine wichtige r\u00f6mische Siedlung war\" width=\"1024\" height=\"686\" \/><p id=\"caption-attachment-1855\" class=\"wp-caption-text\">Attraktive Stadt am Wasser von Lagos, die eine wichtige r\u00f6mische Siedlung war<\/p><\/div>\n<p>Die Spazierg\u00e4nge auf dieser Tour f\u00fchren uns zu den richtigen Orten, damit wir das riesige einladende Herz der Algarve entdecken k\u00f6nnen.<\/p>\n<p>Von den \u201eklassischen\u201c Abschnitten der Algarve-K\u00fcste genie\u00dfen wir die perfekten Sandstr\u00e4nde und zerkl\u00fcftete Landzungen mit Felsbl\u00f6cken und B\u00f6gen, einschlie\u00dflich der spektakul\u00e4ren Ponta da Piedade, etwas au\u00dferhalb von Lagos.<\/p>\n<p>Wir haben die M\u00f6glichkeit, Spazierg\u00e4nge im Landesinneren zu erkunden, die zu verborgenen Geheimnissen f\u00fchren, wie Silves, eine der \u00e4ltesten St\u00e4dte Portugals, die auf einer Reihe von Terrassen zwischen dem Fluss und der Burg errichtet wurde.<\/p>\n<div id=\"attachment_1917\" style=\"width: 1034px\" class=\"wp-caption alignnone\"><img data-recalc-dims=\"1\" decoding=\"async\" aria-describedby=\"caption-attachment-1917\" class=\"wp-image-1917 size-large\" title=\"Ponta da Piedade, wo sich die ber\u00fchmten Meeresh\u00f6hlen befinden\" src=\"https:\/\/i0.wp.com\/legendatours.net\/wp-content\/uploads\/2020\/03\/Views_cliffs_WestAlgarve_Walk-1024x701.jpg?resize=1024%2C701&#038;ssl=1\" alt=\"Ponta da Piedade, wo sich die ber\u00fchmten Meeresh\u00f6hlen befinden\" width=\"1024\" height=\"701\" \/><p id=\"caption-attachment-1917\" class=\"wp-caption-text\">Ponta da Piedade, wo sich die ber\u00fchmten Meeresh\u00f6hlen befinden<\/p><\/div>\n<p>Wir werden unsere Suche nach den verborgenen Sch\u00e4tzen der Westalgarve mit einem K\u00fcstenwanderweg fortsetzen, der vom Ferienort Luz in Richtung Lagos beginnt, und Zeit haben, diese h\u00fcbsche historische Stadt zu besuchen. Auf dem R\u00fcckweg ins Landesinnere machen wir einen herrlichen Spaziergang durch einige typische algarvische D\u00f6rfer, um die Algarve in ihrer l\u00e4ndlichsten Form zu sehen.<\/p>\n<p>Schlie\u00dflich werden wir in Sagres an den Rand Europas fahren. Ein Spaziergang im Parque Natural da Costa Vicentina, dem s\u00fcdwestlichsten Punkt Europas, an dem Sie die reichhaltige Vogelwelt auf einer der wichtigsten Zugrouten Europas genie\u00dfen k\u00f6nnen. Diese begleitete Wanderung wird von einem professionellen lokalen F\u00fchrer gef\u00fchrt.<\/p>\n<p><iframe title=\"Algarve Visto do Ar - Concelho de Portim\u00e3o\" width=\"1080\" height=\"608\" src=\"https:\/\/www.youtube.com\/embed\/3oQNarcw8qo?feature=oembed\" frameborder=\"0\" allow=\"accelerometer; autoplay; clipboard-write; encrypted-media; gyroscope; picture-in-picture\" allowfullscreen><\/iframe><\/p>\n<p><iframe title=\"Algarve Visto do Ar - Concelho de Lagos\" width=\"1080\" height=\"608\" src=\"https:\/\/www.youtube.com\/embed\/ZY-lBUmDab4?feature=oembed\" frameborder=\"0\" allow=\"accelerometer; autoplay; clipboard-write; encrypted-media; gyroscope; picture-in-picture\" allowfullscreen><\/iframe><\/p>","protected":false},"excerpt":{"rendered":"<p>Die Westalgarve ist ein kompletter Kontrast zur Ostalgarve, und unsere Wanderungen w\u00e4hrend dieser Tour bieten eine herrliche Mischung aus K\u00fcsten-, Berg- und Binnenlandschaft.<\/p>","protected":false},"featured_media":5332,"comment_status":"closed","ping_status":"closed","template":"","meta":{"_acf_changed":false,"inline_featured_image":false},"product_brand":[],"product_cat":[343,340,342,344,355],"product_tag":[732,236,795,587,410,838,558,839,559,606,55,56,475,57,431,248,434,249,58,548,566,416,957,417,954,436,317,724,949,59,213,60,1226,61,62,309,904,793],"class_list":{"0":"post-5428","1":"product","2":"type-product","3":"status-publish","4":"has-post-thumbnail","6":"product_cat-cultural-tours-and-holidays-in-portugal","7":"product_cat-guided-group-tours","8":"product_cat-portugal-guided-historical-holidays","9":"product_cat-guided-sightseeing-holidays-portugal","10":"product_cat-guided-walking-holidays-in-portugal","11":"product_tag-algarve-way","12":"product_tag-algarves-west-coast","13":"product_tag-alvor","14":"product_tag-amazing-walking","15":"product_tag-cabo-de-s-vicente","16":"product_tag-costa-vicentina","17":"product_tag-discover-the-west-algarve","18":"product_tag-dramatic-cliffs","19":"product_tag-fabulous-walks-along-the-coast","20":"product_tag-gastronomy","21":"product_tag-guided-walking-holidays","22":"product_tag-guided-walking-tours","23":"product_tag-impressive-cliffs","24":"product_tag-lagos","25":"product_tag-monchique","26":"product_tag-ocean-trails-in-the-west-algarve","27":"product_tag-ponta-da-piedade","28":"product_tag-portimao","29":"product_tag-portugal","30":"product_tag-portugal-perfect-walking-holiday","31":"product_tag-praia-da-rocha","32":"product_tag-sagres","33":"product_tag-seven-hanging-valleys-trail","34":"product_tag-silves","35":"product_tag-slave-market-lagos","36":"product_tag-south-westernmost-point-of-continental-europe","37":"product_tag-spectacular-cliffs","38":"product_tag-tours-in-portugal","39":"product_tag-vicentina-route","40":"product_tag-walking","41":"product_tag-walking-and-exploring","42":"product_tag-walking-holidays","43":"product_tag-walking-route","44":"product_tag-walking-tours","45":"product_tag-west-algarve","46":"product_tag-west-algarve-coast","47":"product_tag-western-algarve","48":"product_tag-wines","50":"first","51":"instock","52":"virtual","53":"sold-individually","54":"product-type-booking"},"acf":[],"yoast_head":"<!-- This site is optimized with the Yoast SEO Premium plugin v26.8 (Yoast SEO v27.4) - https:\/\/yoast.com\/product\/yoast-seo-premium-wordpress\/ -->\n<title>Walking in Portim\u00e3o &amp; Lagos: Enchanted West Algarve<\/title>\n<meta name=\"description\" content=\"Walking The western Algarve walks show the different facets of this beautiful area and its diverse landscapes.Western Algarve has varied geology\" \/>\n<meta name=\"robots\" content=\"index, follow, max-snippet:-1, max-image-preview:large, max-video-preview:-1\" \/>\n<link rel=\"canonical\" href=\"https:\/\/becooltravel.com\/de\/produkt\/portimao-und-lagos-verzauberte-west-algarve-11001g\/\" \/>\n<meta property=\"og:locale\" content=\"de_DE\" \/>\n<meta property=\"og:type\" content=\"article\" \/>\n<meta property=\"og:title\" content=\"Walking Holidays Portim\u00e3o and Lagos Algarve Portugal\" \/>\n<meta property=\"og:description\" content=\"The walks in this tour take us to all the right places so that we may discover the huge welcoming heart of the Algarve.\" \/>\n<meta property=\"og:url\" content=\"https:\/\/becooltravel.com\/de\/produkt\/portimao-und-lagos-verzauberte-west-algarve-11001g\/\" \/>\n<meta property=\"og:site_name\" content=\"BeCool Travel\" \/>\n<meta property=\"article:publisher\" content=\"https:\/\/www.facebook.com\/becooltravelagency\/\" \/>\n<meta property=\"article:modified_time\" content=\"2022-08-13T15:32:44+00:00\" \/>\n<meta property=\"og:image\" content=\"https:\/\/i0.wp.com\/becooltravel.com\/wp-content\/uploads\/sites\/5\/2020\/06\/seven_hanging_valleys.jpg?fit=1071%2C800&ssl=1\" \/>\n\t<meta property=\"og:image:width\" content=\"1071\" \/>\n\t<meta property=\"og:image:height\" content=\"800\" \/>\n\t<meta property=\"og:image:type\" content=\"image\/jpeg\" \/>\n<meta name=\"twitter:card\" content=\"summary_large_image\" \/>\n<meta name=\"twitter:title\" content=\"Walking Tour Portim\u00e3o and Lagos Algarve Portugal\" \/>\n<meta name=\"twitter:description\" content=\"we will head to the edge of Europe; we will walk in the Parque Natural da Costa Vicentina, the most south-westerly point of Europe where there is a chance to appreciate and most certainly view the abundant bird life on one of the most important migratory routes of spring and autumn.\" \/>\n<meta name=\"twitter:image\" content=\"https:\/\/i0.wp.com\/becooltravel.com\/wp-content\/uploads\/sites\/5\/2020\/06\/seven_hanging_valleys.jpg?fit=1071%2C800&ssl=1\" \/>\n<meta name=\"twitter:site\" content=\"@becool_travel\" \/>\n<meta name=\"twitter:label1\" content=\"Gesch\u00e4tzte Lesezeit\" \/>\n\t<meta name=\"twitter:data1\" content=\"2\u00a0Minuten\" \/>\n<script type=\"application\/ld+json\" class=\"yoast-schema-graph\">{\"@context\":\"https:\\\/\\\/schema.org\",\"@graph\":[{\"@type\":[\"WebPage\",\"ItemPage\"],\"@id\":\"https:\\\/\\\/becooltravel.com\\\/product\\\/portimao-and-lagos-enchanted-west-algarve-11001g\\\/\",\"url\":\"https:\\\/\\\/becooltravel.com\\\/product\\\/portimao-and-lagos-enchanted-west-algarve-11001g\\\/\",\"name\":\"Walking in Portim\u00e3o &amp; Lagos: Enchanted West Algarve\",\"isPartOf\":{\"@id\":\"https:\\\/\\\/becooltravel.com\\\/#website\"},\"primaryImageOfPage\":{\"@id\":\"https:\\\/\\\/becooltravel.com\\\/product\\\/portimao-and-lagos-enchanted-west-algarve-11001g\\\/#primaryimage\"},\"image\":{\"@id\":\"https:\\\/\\\/becooltravel.com\\\/product\\\/portimao-and-lagos-enchanted-west-algarve-11001g\\\/#primaryimage\"},\"thumbnailUrl\":\"https:\\\/\\\/i0.wp.com\\\/becooltravel.com\\\/wp-content\\\/uploads\\\/sites\\\/5\\\/2020\\\/06\\\/seven_hanging_valleys.jpg?fit=1071%2C800&ssl=1\",\"datePublished\":\"2020-07-06T14:40:01+00:00\",\"dateModified\":\"2022-08-13T15:32:44+00:00\",\"description\":\"Walking The western Algarve walks show the different facets of this beautiful area and its diverse landscapes.Western Algarve has varied geology\",\"breadcrumb\":{\"@id\":\"https:\\\/\\\/becooltravel.com\\\/product\\\/portimao-and-lagos-enchanted-west-algarve-11001g\\\/#breadcrumb\"},\"inLanguage\":\"de\",\"potentialAction\":[{\"@type\":\"ReadAction\",\"target\":[\"https:\\\/\\\/becooltravel.com\\\/product\\\/portimao-and-lagos-enchanted-west-algarve-11001g\\\/\"]}]},{\"@type\":\"ImageObject\",\"inLanguage\":\"de\",\"@id\":\"https:\\\/\\\/becooltravel.com\\\/product\\\/portimao-and-lagos-enchanted-west-algarve-11001g\\\/#primaryimage\",\"url\":\"https:\\\/\\\/i0.wp.com\\\/becooltravel.com\\\/wp-content\\\/uploads\\\/sites\\\/5\\\/2020\\\/06\\\/seven_hanging_valleys.jpg?fit=1071%2C800&ssl=1\",\"contentUrl\":\"https:\\\/\\\/i0.wp.com\\\/becooltravel.com\\\/wp-content\\\/uploads\\\/sites\\\/5\\\/2020\\\/06\\\/seven_hanging_valleys.jpg?fit=1071%2C800&ssl=1\",\"width\":1071,\"height\":800,\"caption\":\"Seven Hanging Valleys Walk\"},{\"@type\":\"BreadcrumbList\",\"@id\":\"https:\\\/\\\/becooltravel.com\\\/product\\\/portimao-and-lagos-enchanted-west-algarve-11001g\\\/#breadcrumb\",\"itemListElement\":[{\"@type\":\"ListItem\",\"position\":1,\"name\":\"Home\",\"item\":\"https:\\\/\\\/becooltravel.com\\\/\"},{\"@type\":\"ListItem\",\"position\":2,\"name\":\"Shop\",\"item\":\"https:\\\/\\\/becooltravel.com\\\/?page_id=5\"},{\"@type\":\"ListItem\",\"position\":3,\"name\":\"The Algarve Way (or Via Algarviana) is a 300 km walk that starts in Alcoutim beside the River Guadiana near the Spanish border and continues until Cabo de S\u00e3o Vicente\",\"item\":\"https:\\\/\\\/becooltravel.com\\\/product-tag\\\/algarve-way\\\/\"},{\"@type\":\"ListItem\",\"position\":4,\"name\":\"Walking Portim\u00e3o and Lagos Algarve Portugal\"}]},{\"@type\":\"WebSite\",\"@id\":\"https:\\\/\\\/becooltravel.com\\\/#website\",\"url\":\"https:\\\/\\\/becooltravel.com\\\/\",\"name\":\"BeCool Travel\",\"description\":\"Sustainable holidays in Portugal for independent travelers\",\"publisher\":{\"@id\":\"https:\\\/\\\/becooltravel.com\\\/#organization\"},\"potentialAction\":[{\"@type\":\"SearchAction\",\"target\":{\"@type\":\"EntryPoint\",\"urlTemplate\":\"https:\\\/\\\/becooltravel.com\\\/?s={search_term_string}\"},\"query-input\":{\"@type\":\"PropertyValueSpecification\",\"valueRequired\":true,\"valueName\":\"search_term_string\"}}],\"inLanguage\":\"de\"},{\"@type\":\"Organization\",\"@id\":\"https:\\\/\\\/becooltravel.com\\\/#organization\",\"name\":\"BecoolTravel. com- Portugal\",\"url\":\"https:\\\/\\\/becooltravel.com\\\/\",\"logo\":{\"@type\":\"ImageObject\",\"inLanguage\":\"de\",\"@id\":\"https:\\\/\\\/becooltravel.com\\\/#\\\/schema\\\/logo\\\/image\\\/\",\"url\":\"https:\\\/\\\/becooltravel.com\\\/wp-content\\\/uploads\\\/sites\\\/5\\\/2020\\\/03\\\/Logo_BeCool.jpg\",\"contentUrl\":\"https:\\\/\\\/becooltravel.com\\\/wp-content\\\/uploads\\\/sites\\\/5\\\/2020\\\/03\\\/Logo_BeCool.jpg\",\"width\":534,\"height\":534,\"caption\":\"BecoolTravel. com- Portugal\"},\"image\":{\"@id\":\"https:\\\/\\\/becooltravel.com\\\/#\\\/schema\\\/logo\\\/image\\\/\"},\"sameAs\":[\"https:\\\/\\\/www.facebook.com\\\/becooltravelagency\\\/\",\"https:\\\/\\\/x.com\\\/becool_travel\",\"https:\\\/\\\/www.instagram.com\\\/becooltravel_com\\\/\",\"https:\\\/\\\/www.linkedin.com\\\/company\\\/becool-travel\\\/\",\"https:\\\/\\\/www.youtube.com\\\/channel\\\/UCE7zRU3EVG1PgfXwQo-5uJw\"]}]}<\/script>\n<!-- \/ Yoast SEO Premium plugin. -->","yoast_head_json":{"title":"Wandern in Portim\u00e3o &amp; Lagos: Verzauberte Westalgarve","description":"Wandern Die Westalgarve-Wanderungen zeigen die verschiedenen Facetten dieser wundersch\u00f6nen Gegend und ihrer vielf\u00e4ltigen Landschaften. Die Westalgarve hat eine abwechslungsreiche Geologie","robots":{"index":"index","follow":"follow","max-snippet":"max-snippet:-1","max-image-preview":"max-image-preview:large","max-video-preview":"max-video-preview:-1"},"canonical":"https:\/\/becooltravel.com\/de\/produkt\/portimao-und-lagos-verzauberte-west-algarve-11001g\/","og_locale":"de_DE","og_type":"article","og_title":"Walking Holidays Portim\u00e3o and Lagos Algarve Portugal","og_description":"The walks in this tour take us to all the right places so that we may discover the huge welcoming heart of the Algarve.","og_url":"https:\/\/becooltravel.com\/de\/produkt\/portimao-und-lagos-verzauberte-west-algarve-11001g\/","og_site_name":"BeCool Travel","article_publisher":"https:\/\/www.facebook.com\/becooltravelagency\/","article_modified_time":"2022-08-13T15:32:44+00:00","og_image":[{"width":1071,"height":800,"url":"https:\/\/i0.wp.com\/becooltravel.com\/wp-content\/uploads\/sites\/5\/2020\/06\/seven_hanging_valleys.jpg?fit=1071%2C800&ssl=1","type":"image\/jpeg"}],"twitter_card":"summary_large_image","twitter_title":"Walking Tour Portim\u00e3o and Lagos Algarve Portugal","twitter_description":"we will head to the edge of Europe; we will walk in the Parque Natural da Costa Vicentina, the most south-westerly point of Europe where there is a chance to appreciate and most certainly view the abundant bird life on one of the most important migratory routes of spring and autumn.","twitter_image":"https:\/\/i0.wp.com\/becooltravel.com\/wp-content\/uploads\/sites\/5\/2020\/06\/seven_hanging_valleys.jpg?fit=1071%2C800&ssl=1","twitter_site":"@becool_travel","twitter_misc":{"Gesch\u00e4tzte Lesezeit":"2\u00a0Minuten"},"schema":{"@context":"https:\/\/schema.org","@graph":[{"@type":["WebPage","ItemPage"],"@id":"https:\/\/becooltravel.com\/product\/portimao-and-lagos-enchanted-west-algarve-11001g\/","url":"https:\/\/becooltravel.com\/product\/portimao-and-lagos-enchanted-west-algarve-11001g\/","name":"Wandern in Portim\u00e3o &amp; Lagos: Verzauberte Westalgarve","isPartOf":{"@id":"https:\/\/becooltravel.com\/#website"},"primaryImageOfPage":{"@id":"https:\/\/becooltravel.com\/product\/portimao-and-lagos-enchanted-west-algarve-11001g\/#primaryimage"},"image":{"@id":"https:\/\/becooltravel.com\/product\/portimao-and-lagos-enchanted-west-algarve-11001g\/#primaryimage"},"thumbnailUrl":"https:\/\/i0.wp.com\/becooltravel.com\/wp-content\/uploads\/sites\/5\/2020\/06\/seven_hanging_valleys.jpg?fit=1071%2C800&ssl=1","datePublished":"2020-07-06T14:40:01+00:00","dateModified":"2022-08-13T15:32:44+00:00","description":"Wandern Die Westalgarve-Wanderungen zeigen die verschiedenen Facetten dieser wundersch\u00f6nen Gegend und ihrer vielf\u00e4ltigen Landschaften. Die Westalgarve hat eine abwechslungsreiche Geologie","breadcrumb":{"@id":"https:\/\/becooltravel.com\/product\/portimao-and-lagos-enchanted-west-algarve-11001g\/#breadcrumb"},"inLanguage":"de","potentialAction":[{"@type":"ReadAction","target":["https:\/\/becooltravel.com\/product\/portimao-and-lagos-enchanted-west-algarve-11001g\/"]}]},{"@type":"ImageObject","inLanguage":"de","@id":"https:\/\/becooltravel.com\/product\/portimao-and-lagos-enchanted-west-algarve-11001g\/#primaryimage","url":"https:\/\/i0.wp.com\/becooltravel.com\/wp-content\/uploads\/sites\/5\/2020\/06\/seven_hanging_valleys.jpg?fit=1071%2C800&ssl=1","contentUrl":"https:\/\/i0.wp.com\/becooltravel.com\/wp-content\/uploads\/sites\/5\/2020\/06\/seven_hanging_valleys.jpg?fit=1071%2C800&ssl=1","width":1071,"height":800,"caption":"Seven Hanging Valleys Walk"},{"@type":"BreadcrumbList","@id":"https:\/\/becooltravel.com\/product\/portimao-and-lagos-enchanted-west-algarve-11001g\/#breadcrumb","itemListElement":[{"@type":"ListItem","position":1,"name":"Home","item":"https:\/\/becooltravel.com\/"},{"@type":"ListItem","position":2,"name":"Shop","item":"https:\/\/becooltravel.com\/?page_id=5"},{"@type":"ListItem","position":3,"name":"The Algarve Way (or Via Algarviana) is a 300 km walk that starts in Alcoutim beside the River Guadiana near the Spanish border and continues until Cabo de S\u00e3o Vicente","item":"https:\/\/becooltravel.com\/product-tag\/algarve-way\/"},{"@type":"ListItem","position":4,"name":"Walking Portim\u00e3o and Lagos Algarve Portugal"}]},{"@type":"WebSite","@id":"https:\/\/becooltravel.com\/#website","url":"https:\/\/becooltravel.com\/","name":"BeCool Travel","description":"Nachhaltiger Urlaub in Portugal f\u00fcr Individualreisende","publisher":{"@id":"https:\/\/becooltravel.com\/#organization"},"potentialAction":[{"@type":"SearchAction","target":{"@type":"EntryPoint","urlTemplate":"https:\/\/becooltravel.com\/?s={search_term_string}"},"query-input":{"@type":"PropertyValueSpecification","valueRequired":true,"valueName":"search_term_string"}}],"inLanguage":"de"},{"@type":"Organization","@id":"https:\/\/becooltravel.com\/#organization","name":"BecoolTravel. com- Portugal","url":"https:\/\/becooltravel.com\/","logo":{"@type":"ImageObject","inLanguage":"de","@id":"https:\/\/becooltravel.com\/#\/schema\/logo\/image\/","url":"https:\/\/becooltravel.com\/wp-content\/uploads\/sites\/5\/2020\/03\/Logo_BeCool.jpg","contentUrl":"https:\/\/becooltravel.com\/wp-content\/uploads\/sites\/5\/2020\/03\/Logo_BeCool.jpg","width":534,"height":534,"caption":"BecoolTravel. com- Portugal"},"image":{"@id":"https:\/\/becooltravel.com\/#\/schema\/logo\/image\/"},"sameAs":["https:\/\/www.facebook.com\/becooltravelagency\/","https:\/\/x.com\/becool_travel","https:\/\/www.instagram.com\/becooltravel_com\/","https:\/\/www.linkedin.com\/company\/becool-travel\/","https:\/\/www.youtube.com\/channel\/UCE7zRU3EVG1PgfXwQo-5uJw"]}]}},"jetpack_sharing_enabled":true,"_links":{"self":[{"href":"https:\/\/becooltravel.com\/de\/wp-json\/wp\/v2\/product\/5428","targetHints":{"allow":["GET"]}}],"collection":[{"href":"https:\/\/becooltravel.com\/de\/wp-json\/wp\/v2\/product"}],"about":[{"href":"https:\/\/becooltravel.com\/de\/wp-json\/wp\/v2\/types\/product"}],"replies":[{"embeddable":true,"href":"https:\/\/becooltravel.com\/de\/wp-json\/wp\/v2\/comments?post=5428"}],"wp:featuredmedia":[{"embeddable":true,"href":"https:\/\/becooltravel.com\/de\/wp-json\/wp\/v2\/media\/5332"}],"wp:attachment":[{"href":"https:\/\/becooltravel.com\/de\/wp-json\/wp\/v2\/media?parent=5428"}],"wp:term":[{"taxonomy":"product_brand","embeddable":true,"href":"https:\/\/becooltravel.com\/de\/wp-json\/wp\/v2\/product_brand?post=5428"},{"taxonomy":"product_cat","embeddable":true,"href":"https:\/\/becooltravel.com\/de\/wp-json\/wp\/v2\/product_cat?post=5428"},{"taxonomy":"product_tag","embeddable":true,"href":"https:\/\/becooltravel.com\/de\/wp-json\/wp\/v2\/product_tag?post=5428"}],"curies":[{"name":"wp","href":"https:\/\/api.w.org\/{rel}","templated":true}]}}