{"id":5429,"date":"2020-07-06T15:13:00","date_gmt":"2020-07-06T15:13:00","guid":{"rendered":"https:\/\/becooltravel.com\/?post_type=product&#038;p=5429"},"modified":"2026-03-18T12:40:34","modified_gmt":"2026-03-18T12:40:34","slug":"carvoeiro-enchanted-algarve-coast-11002g","status":"publish","type":"product","link":"https:\/\/becooltravel.com\/de\/produkt\/carvoeiro-verzauberte-algarve-kuste-11002g\/","title":{"rendered":"Urlaub in Carvoeiro: Entdecken Sie die Wanderwege an der Westalgarve"},"content":{"rendered":"<p><strong>Gruppen mit mindestens 6 Personen akzeptiert.<\/strong><\/p>\n<p>&nbsp;<\/p>\n<p>Dies ist ein Rundgang f\u00fcr diejenigen, die es lieben zu erkunden und \u00fcberrascht zu werden! Wir spazieren zwischen den \u00fcppigen W\u00e4ldern der Westalgarve, auf pr\u00e4chtigen Klippen vor der Kulisse von Ozeanblau und immer an fantastischen Orten voller wild lebender Tiere!<\/p>\n<p>Carvoeiro, unser Zentrum f\u00fcr diese Woche, war fr\u00fcher ein kleines Fischerdorf. Heutzutage gedeiht es bei Besuchern, die nach guten Meeresfr\u00fcchten, blauem, warmem Wasser und fabelhaften Fotos seiner herrlichen Landschaft suchen!<\/p>\n<div id=\"attachment_2623\" style=\"width: 1034px\" class=\"wp-caption alignnone\"><img data-recalc-dims=\"1\" decoding=\"async\" aria-describedby=\"caption-attachment-2623\" class=\"wp-image-2623 size-large\" title=\"Sieben h\u00e4ngende T\u00e4ler gehen\" src=\"https:\/\/i0.wp.com\/legendatours.net\/wp-content\/uploads\/2020\/06\/seven_hanging_valleys-1024x765.jpg?resize=1024%2C765&#038;ssl=1\" alt=\"Sieben h\u00e4ngende T\u00e4ler gehen\" width=\"1024\" height=\"765\" \/><p id=\"caption-attachment-2623\" class=\"wp-caption-text\">Seven Hanging Valleys Walk ist ein malerischer K\u00fcstenweg an der Algarve in Portugal<\/p><\/div>\n<p>F\u00fcr diese Wanderwoche haben wir eine Mischung aus Wanderungen durch K\u00fcsten-, Berg- und Binnenlandschaften ausgew\u00e4hlt, die uns verschiedene Facetten dieser wundersch\u00f6nen Gegend und ihrer abwechslungsreichen Landschaft pr\u00e4sentieren.<\/p>\n<p>Von den \u201eklassischen\u201c Abschnitten der Algarve-K\u00fcste mit ihren perfekten Sandstr\u00e4nden und zerkl\u00fcfteten Landzungen von Portim\u00e3o bis hin zu den pr\u00e4chtigen Altst\u00e4dten wie Silves und Lagos f\u00fchren uns die Wanderungen dieser Tour zu den richtigen Orten, damit wir die riesige Gastfreundschaft entdecken k\u00f6nnen Herz der Algarve.<\/p>\n<p>Unser vielf\u00e4ltiges Angebot reicht von den gr\u00fcnen H\u00fcgeln rund um die kleine Stadt Monchique, wo wir eine sch\u00f6ne Aussicht auf die umliegenden H\u00fcgel haben, bis zu den kleinen D\u00f6rfern, in denen das Arbeitsleben so weitergeht, wie es seit Jahrhunderten der Fall ist. Hier werden Johannisbrot und Oliven auf Bauernh\u00f6fen und Kleinbauern angebaut, zusammen mit Orangen und anderen Zitrusfr\u00fcchten, Granat\u00e4pfeln, Mandeln und einer F\u00fclle anderer Produkte.<\/p>\n<div id=\"attachment_1861\" style=\"width: 1034px\" class=\"wp-caption alignnone\"><img data-recalc-dims=\"1\" decoding=\"async\" aria-describedby=\"caption-attachment-1861\" class=\"wp-image-1861 size-large\" title=\"Dramatische Aussichten von den Klippen der Westalgarve\" src=\"https:\/\/i0.wp.com\/legendatours.net\/wp-content\/uploads\/2020\/03\/Sagres_dramatic_views_cliffs-1024x686.jpg?resize=1024%2C686&#038;ssl=1\" alt=\"Dramatische Aussichten von den Klippen der Westalgarve\" width=\"1024\" height=\"686\" \/><p id=\"caption-attachment-1861\" class=\"wp-caption-text\">Dramatische Aussichten von den Klippen der Westalgarve<\/p><\/div>\n<p>Unsere Suche nach den verborgenen Sch\u00e4tzen der Westalgarve geht weiter, wenn wir Sagres am Rande des Parque Natural da Costa Vicentina erreichen, dem s\u00fcdwestlichsten Punkt Europas, wo Sie die M\u00f6glichkeit haben, die reiche Vogelwelt zu sch\u00e4tzen und ganz sicher zu sehen der wichtigsten Zugrouten des Fr\u00fchlings und Herbstes.<\/p>\n<p>&nbsp;<\/p>\n<div class=\"row\" style=\"display: flex;\">\n<div class=\"column\" style=\"flex: 45%;\">\n<p><iframe title=\"Carvoeiro Strand - Algar Seco Antenne - Lagoa - Algarve - 4K Ultra HD\" width=\"1080\" height=\"608\" src=\"https:\/\/www.youtube.com\/embed\/0DDYlUwcxbM?feature=oembed\" frameborder=\"0\" allow=\"accelerometer; autoplay; clipboard-write; encrypted-media; gyroscope; picture-in-picture; web-share\" referrerpolicy=\"strict-origin-when-cross-origin\" allowfullscreen><\/iframe><\/p>\n<\/div>\n<div class=\"column\" style=\"flex: 10%;\"><\/div>\n<div class=\"column\" style=\"flex: 45%;\">\n<p><iframe title=\"Carvoeiro, Algarve Portugal HD\" width=\"1080\" height=\"608\" src=\"https:\/\/www.youtube.com\/embed\/hW0ngdLXx54?feature=oembed\" frameborder=\"0\" allow=\"accelerometer; autoplay; clipboard-write; encrypted-media; gyroscope; picture-in-picture; web-share\" referrerpolicy=\"strict-origin-when-cross-origin\" allowfullscreen><\/iframe><\/p>\n<\/div>\n<\/div>","protected":false},"excerpt":{"rendered":"<p>&#039;Discover the West Algarve Trails&#039; ist eine 8-t\u00e4gige gef\u00fchrte Wanderung in Carvoeiro.<\/p>\n<p>Dies ist ein Rundgang f\u00fcr diejenigen, die es lieben zu erkunden und \u00fcberrascht zu werden! Wir spazieren zwischen den \u00fcppigen W\u00e4ldern der Westalgarve, auf pr\u00e4chtigen Klippen vor der Kulisse von Ozeanblau und immer an fantastischen Orten voller wild lebender Tiere!<\/p>","protected":false},"featured_media":5939,"comment_status":"closed","ping_status":"closed","template":"","meta":{"_acf_changed":false,"inline_featured_image":false},"product_brand":[],"product_cat":[343,340,342,344,355],"product_tag":[311,440,552,553,539,732,795,587,410,313,838,839,606,55,56,475,57,431,301,681,434,1287,249,58,566,211,416,885,957,417,317,724,949,59,213,60,61,62,793],"class_list":{"0":"post-5429","1":"product","2":"type-product","3":"status-publish","4":"has-post-thumbnail","6":"product_cat-cultural-tours-and-holidays-in-portugal","7":"product_cat-guided-group-tours","8":"product_cat-portugal-guided-historical-holidays","9":"product_cat-guided-sightseeing-holidays-portugal","10":"product_cat-guided-walking-holidays-in-portugal","11":"product_tag-algarve","12":"product_tag-algarve-coast","13":"product_tag-algarve-rock-formations","14":"product_tag-algarve-secluded-beaches","15":"product_tag-algarve-spectacular-coastline","16":"product_tag-algarve-way","17":"product_tag-alvor","18":"product_tag-amazing-walking","19":"product_tag-cabo-de-s-vicente","20":"product_tag-carvoeiro","21":"product_tag-costa-vicentina","22":"product_tag-dramatic-cliffs","23":"product_tag-gastronomy","24":"product_tag-guided-walking-holidays","25":"product_tag-guided-walking-tours","26":"product_tag-impressive-cliffs","27":"product_tag-lagos","28":"product_tag-monchique","29":"product_tag-perfect-walking-holiday","30":"product_tag-picture-card","31":"product_tag-ponta-da-piedade","32":"product_tag-porti","33":"product_tag-portimao","34":"product_tag-portugal","35":"product_tag-praia-da-rocha","36":"product_tag-rocky-coastlines","37":"product_tag-sagres","38":"product_tag-senhora-da-rocha","39":"product_tag-seven-hanging-valleys-trail","40":"product_tag-silves","41":"product_tag-spectacular-cliffs","42":"product_tag-tours-in-portugal","43":"product_tag-vicentina-route","44":"product_tag-walking","45":"product_tag-walking-and-exploring","46":"product_tag-walking-holidays","47":"product_tag-walking-tours","48":"product_tag-west-algarve","49":"product_tag-wines","51":"first","52":"instock","53":"virtual","54":"product-type-simple"},"acf":[],"yoast_head":"<!-- This site is optimized with the Yoast SEO Premium plugin v26.8 (Yoast SEO v27.5) - https:\/\/yoast.com\/product\/yoast-seo-premium-wordpress\/ -->\n<title>Holidays in Carvoeiro: Discover the West Algarve Walking Trails<\/title>\n<meta name=\"description\" content=\"Walking The western Algarve a complete contrast to the eastern Algarve, and our walks throughout this tour offer a glorious mix of scenery.\" \/>\n<meta name=\"robots\" content=\"index, follow, max-snippet:-1, max-image-preview:large, max-video-preview:-1\" \/>\n<link rel=\"canonical\" href=\"https:\/\/becooltravel.com\/de\/produkt\/carvoeiro-verzauberte-algarve-kuste-11002g\/\" \/>\n<meta property=\"og:locale\" content=\"de_DE\" \/>\n<meta property=\"og:type\" content=\"article\" \/>\n<meta property=\"og:title\" content=\"Carvoeiro walking holidays in the Enchanted Algarve Portugal\" \/>\n<meta property=\"og:description\" content=\"The Western Algarve has a varied geology that helps produce a rich diversity of scenery from granitic mountains to dramatic limestone escarpments and sea cliffs. This diversity is complemented by the local flora and fauna that flourish in the equable climate of mild, sunny winters and long, hot summers. All this, combined, makes walking here fascinating.\" \/>\n<meta property=\"og:url\" content=\"https:\/\/becooltravel.com\/de\/produkt\/carvoeiro-verzauberte-algarve-kuste-11002g\/\" \/>\n<meta property=\"og:site_name\" content=\"BeCool Travel\" \/>\n<meta property=\"article:publisher\" content=\"https:\/\/www.facebook.com\/becooltravelagency\/\" \/>\n<meta property=\"article:modified_time\" content=\"2026-03-18T12:40:34+00:00\" \/>\n<meta property=\"og:image\" content=\"https:\/\/becooltravel.com\/wp-content\/uploads\/sites\/5\/2020\/06\/silves.jpg\" \/>\n\t<meta property=\"og:image:width\" content=\"1067\" \/>\n\t<meta property=\"og:image:height\" content=\"800\" \/>\n\t<meta property=\"og:image:type\" content=\"image\/jpeg\" \/>\n<meta name=\"twitter:card\" content=\"summary_large_image\" \/>\n<meta name=\"twitter:title\" content=\"Carvoeiro Portugal walking holidays in the Enchanted Algarve\" \/>\n<meta name=\"twitter:description\" content=\"Our walks show the different facets of this beautiful area and its diverse landscapes.The Western Algarve has a varied geology that helps produce a rich diversity of scenery from granitic mountains to dramatic limestone escarpments and sea cliffs.This diversity is complemented by the local flora and fauna that flourish in the equable climate of mild, sunny winters and long, hot summers. All this, combined, makes walking here fascinating.The walks in this tour take us to all the right places so that we may discover the huge welcoming heart of the Algarve.\" \/>\n<meta name=\"twitter:image\" content=\"https:\/\/i0.wp.com\/becooltravel.com\/wp-content\/uploads\/sites\/5\/2020\/06\/silves.jpg?fit=1067%2C800&ssl=1\" \/>\n<meta name=\"twitter:site\" content=\"@becool_travel\" \/>\n<meta name=\"twitter:label1\" content=\"Gesch\u00e4tzte Lesezeit\" \/>\n\t<meta name=\"twitter:data1\" content=\"2\u00a0Minuten\" \/>\n<script type=\"application\/ld+json\" class=\"yoast-schema-graph\">{\"@context\":\"https:\\\/\\\/schema.org\",\"@graph\":[{\"@type\":[\"WebPage\",\"ItemPage\"],\"@id\":\"https:\\\/\\\/becooltravel.com\\\/product\\\/carvoeiro-enchanted-algarve-coast-11002g\\\/\",\"url\":\"https:\\\/\\\/becooltravel.com\\\/product\\\/carvoeiro-enchanted-algarve-coast-11002g\\\/\",\"name\":\"Holidays in Carvoeiro: Discover the West Algarve Walking Trails\",\"isPartOf\":{\"@id\":\"https:\\\/\\\/becooltravel.com\\\/#website\"},\"primaryImageOfPage\":{\"@id\":\"https:\\\/\\\/becooltravel.com\\\/product\\\/carvoeiro-enchanted-algarve-coast-11002g\\\/#primaryimage\"},\"image\":{\"@id\":\"https:\\\/\\\/becooltravel.com\\\/product\\\/carvoeiro-enchanted-algarve-coast-11002g\\\/#primaryimage\"},\"thumbnailUrl\":\"https:\\\/\\\/i0.wp.com\\\/becooltravel.com\\\/wp-content\\\/uploads\\\/sites\\\/5\\\/2020\\\/12\\\/Walking-Carvoeiro.jpg?fit=1365%2C768&ssl=1\",\"datePublished\":\"2020-07-06T15:13:00+00:00\",\"dateModified\":\"2026-03-18T12:40:34+00:00\",\"description\":\"Walking The western Algarve a complete contrast to the eastern Algarve, and our walks throughout this tour offer a glorious mix of scenery.\",\"breadcrumb\":{\"@id\":\"https:\\\/\\\/becooltravel.com\\\/product\\\/carvoeiro-enchanted-algarve-coast-11002g\\\/#breadcrumb\"},\"inLanguage\":\"de\",\"potentialAction\":[{\"@type\":\"ReadAction\",\"target\":[\"https:\\\/\\\/becooltravel.com\\\/product\\\/carvoeiro-enchanted-algarve-coast-11002g\\\/\"]}]},{\"@type\":\"ImageObject\",\"inLanguage\":\"de\",\"@id\":\"https:\\\/\\\/becooltravel.com\\\/product\\\/carvoeiro-enchanted-algarve-coast-11002g\\\/#primaryimage\",\"url\":\"https:\\\/\\\/i0.wp.com\\\/becooltravel.com\\\/wp-content\\\/uploads\\\/sites\\\/5\\\/2020\\\/12\\\/Walking-Carvoeiro.jpg?fit=1365%2C768&ssl=1\",\"contentUrl\":\"https:\\\/\\\/i0.wp.com\\\/becooltravel.com\\\/wp-content\\\/uploads\\\/sites\\\/5\\\/2020\\\/12\\\/Walking-Carvoeiro.jpg?fit=1365%2C768&ssl=1\",\"width\":1365,\"height\":768,\"caption\":\"Walking Carvoeiro western Algarve\"},{\"@type\":\"BreadcrumbList\",\"@id\":\"https:\\\/\\\/becooltravel.com\\\/product\\\/carvoeiro-enchanted-algarve-coast-11002g\\\/#breadcrumb\",\"itemListElement\":[{\"@type\":\"ListItem\",\"position\":1,\"name\":\"Home\",\"item\":\"https:\\\/\\\/becooltravel.com\\\/\"},{\"@type\":\"ListItem\",\"position\":2,\"name\":\"Shop\",\"item\":\"https:\\\/\\\/becooltravel.com\\\/?page_id=5\"},{\"@type\":\"ListItem\",\"position\":3,\"name\":\"Algarve holidays . You can use\u00a0footpaths and walking\u00a0 trails\u00a0to get to know the region, such as the\u00a0Algarve Way\u00a0or the\u00a0Vicentine Route along one of the best preserved coastal stretches.\",\"item\":\"https:\\\/\\\/becooltravel.com\\\/product-tag\\\/algarve\\\/\"},{\"@type\":\"ListItem\",\"position\":4,\"name\":\"Carvoeiro walking in the Enchanted Algarve Coast\"}]},{\"@type\":\"WebSite\",\"@id\":\"https:\\\/\\\/becooltravel.com\\\/#website\",\"url\":\"https:\\\/\\\/becooltravel.com\\\/\",\"name\":\"BeCool Travel\",\"description\":\"Sustainable holidays in Portugal for independent travelers\",\"publisher\":{\"@id\":\"https:\\\/\\\/becooltravel.com\\\/#organization\"},\"potentialAction\":[{\"@type\":\"SearchAction\",\"target\":{\"@type\":\"EntryPoint\",\"urlTemplate\":\"https:\\\/\\\/becooltravel.com\\\/?s={search_term_string}\"},\"query-input\":{\"@type\":\"PropertyValueSpecification\",\"valueRequired\":true,\"valueName\":\"search_term_string\"}}],\"inLanguage\":\"de\"},{\"@type\":\"Organization\",\"@id\":\"https:\\\/\\\/becooltravel.com\\\/#organization\",\"name\":\"BecoolTravel. com- Portugal\",\"url\":\"https:\\\/\\\/becooltravel.com\\\/\",\"logo\":{\"@type\":\"ImageObject\",\"inLanguage\":\"de\",\"@id\":\"https:\\\/\\\/becooltravel.com\\\/#\\\/schema\\\/logo\\\/image\\\/\",\"url\":\"https:\\\/\\\/becooltravel.com\\\/wp-content\\\/uploads\\\/sites\\\/5\\\/2020\\\/03\\\/Logo_BeCool.jpg\",\"contentUrl\":\"https:\\\/\\\/becooltravel.com\\\/wp-content\\\/uploads\\\/sites\\\/5\\\/2020\\\/03\\\/Logo_BeCool.jpg\",\"width\":534,\"height\":534,\"caption\":\"BecoolTravel. com- Portugal\"},\"image\":{\"@id\":\"https:\\\/\\\/becooltravel.com\\\/#\\\/schema\\\/logo\\\/image\\\/\"},\"sameAs\":[\"https:\\\/\\\/www.facebook.com\\\/becooltravelagency\\\/\",\"https:\\\/\\\/x.com\\\/becool_travel\",\"https:\\\/\\\/www.instagram.com\\\/becooltravel_com\\\/\",\"https:\\\/\\\/www.linkedin.com\\\/company\\\/becool-travel\\\/\",\"https:\\\/\\\/www.youtube.com\\\/channel\\\/UCE7zRU3EVG1PgfXwQo-5uJw\"]}]}<\/script>\n<!-- \/ Yoast SEO Premium plugin. -->","yoast_head_json":{"title":"Urlaub in Carvoeiro: Entdecken Sie die Wanderwege an der Westalgarve","description":"Wandern Die Westalgarve ist ein vollst\u00e4ndiger Kontrast zur Ostalgarve, und unsere Wanderungen w\u00e4hrend dieser Tour bieten eine herrliche Mischung aus Landschaften.","robots":{"index":"index","follow":"follow","max-snippet":"max-snippet:-1","max-image-preview":"max-image-preview:large","max-video-preview":"max-video-preview:-1"},"canonical":"https:\/\/becooltravel.com\/de\/produkt\/carvoeiro-verzauberte-algarve-kuste-11002g\/","og_locale":"de_DE","og_type":"article","og_title":"Carvoeiro walking holidays in the Enchanted Algarve Portugal","og_description":"The Western Algarve has a varied geology that helps produce a rich diversity of scenery from granitic mountains to dramatic limestone escarpments and sea cliffs. This diversity is complemented by the local flora and fauna that flourish in the equable climate of mild, sunny winters and long, hot summers. All this, combined, makes walking here fascinating.","og_url":"https:\/\/becooltravel.com\/de\/produkt\/carvoeiro-verzauberte-algarve-kuste-11002g\/","og_site_name":"BeCool Travel","article_publisher":"https:\/\/www.facebook.com\/becooltravelagency\/","article_modified_time":"2026-03-18T12:40:34+00:00","og_image":[{"width":1067,"height":800,"url":"https:\/\/becooltravel.com\/wp-content\/uploads\/sites\/5\/2020\/06\/silves.jpg","type":"image\/jpeg"}],"twitter_card":"summary_large_image","twitter_title":"Carvoeiro Portugal walking holidays in the Enchanted Algarve","twitter_description":"Our walks show the different facets of this beautiful area and its diverse landscapes.The Western Algarve has a varied geology that helps produce a rich diversity of scenery from granitic mountains to dramatic limestone escarpments and sea cliffs.This diversity is complemented by the local flora and fauna that flourish in the equable climate of mild, sunny winters and long, hot summers. All this, combined, makes walking here fascinating.The walks in this tour take us to all the right places so that we may discover the huge welcoming heart of the Algarve.","twitter_image":"https:\/\/i0.wp.com\/becooltravel.com\/wp-content\/uploads\/sites\/5\/2020\/06\/silves.jpg?fit=1067%2C800&ssl=1","twitter_site":"@becool_travel","twitter_misc":{"Gesch\u00e4tzte Lesezeit":"2\u00a0Minuten"},"schema":{"@context":"https:\/\/schema.org","@graph":[{"@type":["WebPage","ItemPage"],"@id":"https:\/\/becooltravel.com\/product\/carvoeiro-enchanted-algarve-coast-11002g\/","url":"https:\/\/becooltravel.com\/product\/carvoeiro-enchanted-algarve-coast-11002g\/","name":"Urlaub in Carvoeiro: Entdecken Sie die Wanderwege an der Westalgarve","isPartOf":{"@id":"https:\/\/becooltravel.com\/#website"},"primaryImageOfPage":{"@id":"https:\/\/becooltravel.com\/product\/carvoeiro-enchanted-algarve-coast-11002g\/#primaryimage"},"image":{"@id":"https:\/\/becooltravel.com\/product\/carvoeiro-enchanted-algarve-coast-11002g\/#primaryimage"},"thumbnailUrl":"https:\/\/i0.wp.com\/becooltravel.com\/wp-content\/uploads\/sites\/5\/2020\/12\/Walking-Carvoeiro.jpg?fit=1365%2C768&ssl=1","datePublished":"2020-07-06T15:13:00+00:00","dateModified":"2026-03-18T12:40:34+00:00","description":"Wandern Die Westalgarve ist ein vollst\u00e4ndiger Kontrast zur Ostalgarve, und unsere Wanderungen w\u00e4hrend dieser Tour bieten eine herrliche Mischung aus Landschaften.","breadcrumb":{"@id":"https:\/\/becooltravel.com\/product\/carvoeiro-enchanted-algarve-coast-11002g\/#breadcrumb"},"inLanguage":"de","potentialAction":[{"@type":"ReadAction","target":["https:\/\/becooltravel.com\/product\/carvoeiro-enchanted-algarve-coast-11002g\/"]}]},{"@type":"ImageObject","inLanguage":"de","@id":"https:\/\/becooltravel.com\/product\/carvoeiro-enchanted-algarve-coast-11002g\/#primaryimage","url":"https:\/\/i0.wp.com\/becooltravel.com\/wp-content\/uploads\/sites\/5\/2020\/12\/Walking-Carvoeiro.jpg?fit=1365%2C768&ssl=1","contentUrl":"https:\/\/i0.wp.com\/becooltravel.com\/wp-content\/uploads\/sites\/5\/2020\/12\/Walking-Carvoeiro.jpg?fit=1365%2C768&ssl=1","width":1365,"height":768,"caption":"Walking Carvoeiro western Algarve"},{"@type":"BreadcrumbList","@id":"https:\/\/becooltravel.com\/product\/carvoeiro-enchanted-algarve-coast-11002g\/#breadcrumb","itemListElement":[{"@type":"ListItem","position":1,"name":"Home","item":"https:\/\/becooltravel.com\/"},{"@type":"ListItem","position":2,"name":"Shop","item":"https:\/\/becooltravel.com\/?page_id=5"},{"@type":"ListItem","position":3,"name":"Algarve holidays . You can use\u00a0footpaths and walking\u00a0 trails\u00a0to get to know the region, such as the\u00a0Algarve Way\u00a0or the\u00a0Vicentine Route along one of the best preserved coastal stretches.","item":"https:\/\/becooltravel.com\/product-tag\/algarve\/"},{"@type":"ListItem","position":4,"name":"Carvoeiro walking in the Enchanted Algarve Coast"}]},{"@type":"WebSite","@id":"https:\/\/becooltravel.com\/#website","url":"https:\/\/becooltravel.com\/","name":"BeCool Travel","description":"Nachhaltiger Urlaub in Portugal f\u00fcr Individualreisende","publisher":{"@id":"https:\/\/becooltravel.com\/#organization"},"potentialAction":[{"@type":"SearchAction","target":{"@type":"EntryPoint","urlTemplate":"https:\/\/becooltravel.com\/?s={search_term_string}"},"query-input":{"@type":"PropertyValueSpecification","valueRequired":true,"valueName":"search_term_string"}}],"inLanguage":"de"},{"@type":"Organization","@id":"https:\/\/becooltravel.com\/#organization","name":"BecoolTravel. com- Portugal","url":"https:\/\/becooltravel.com\/","logo":{"@type":"ImageObject","inLanguage":"de","@id":"https:\/\/becooltravel.com\/#\/schema\/logo\/image\/","url":"https:\/\/becooltravel.com\/wp-content\/uploads\/sites\/5\/2020\/03\/Logo_BeCool.jpg","contentUrl":"https:\/\/becooltravel.com\/wp-content\/uploads\/sites\/5\/2020\/03\/Logo_BeCool.jpg","width":534,"height":534,"caption":"BecoolTravel. com- Portugal"},"image":{"@id":"https:\/\/becooltravel.com\/#\/schema\/logo\/image\/"},"sameAs":["https:\/\/www.facebook.com\/becooltravelagency\/","https:\/\/x.com\/becool_travel","https:\/\/www.instagram.com\/becooltravel_com\/","https:\/\/www.linkedin.com\/company\/becool-travel\/","https:\/\/www.youtube.com\/channel\/UCE7zRU3EVG1PgfXwQo-5uJw"]}]}},"jetpack_sharing_enabled":true,"_links":{"self":[{"href":"https:\/\/becooltravel.com\/de\/wp-json\/wp\/v2\/product\/5429","targetHints":{"allow":["GET"]}}],"collection":[{"href":"https:\/\/becooltravel.com\/de\/wp-json\/wp\/v2\/product"}],"about":[{"href":"https:\/\/becooltravel.com\/de\/wp-json\/wp\/v2\/types\/product"}],"replies":[{"embeddable":true,"href":"https:\/\/becooltravel.com\/de\/wp-json\/wp\/v2\/comments?post=5429"}],"wp:featuredmedia":[{"embeddable":true,"href":"https:\/\/becooltravel.com\/de\/wp-json\/wp\/v2\/media\/5939"}],"wp:attachment":[{"href":"https:\/\/becooltravel.com\/de\/wp-json\/wp\/v2\/media?parent=5429"}],"wp:term":[{"taxonomy":"product_brand","embeddable":true,"href":"https:\/\/becooltravel.com\/de\/wp-json\/wp\/v2\/product_brand?post=5429"},{"taxonomy":"product_cat","embeddable":true,"href":"https:\/\/becooltravel.com\/de\/wp-json\/wp\/v2\/product_cat?post=5429"},{"taxonomy":"product_tag","embeddable":true,"href":"https:\/\/becooltravel.com\/de\/wp-json\/wp\/v2\/product_tag?post=5429"}],"curies":[{"name":"wp","href":"https:\/\/api.w.org\/{rel}","templated":true}]}}