{"id":5432,"date":"2020-07-06T16:21:05","date_gmt":"2020-07-06T16:21:05","guid":{"rendered":"https:\/\/becooltravel.com\/?post_type=product&#038;p=5432"},"modified":"2022-08-14T13:17:08","modified_gmt":"2022-08-14T13:17:08","slug":"peneda-national-park-portugals-hidden-wilderness-11300g","status":"publish","type":"product","link":"https:\/\/becooltravel.com\/de\/produkt\/peneda-nationalpark-portugals-hidden-wilderness-11300g\/","title":{"rendered":"Wandern im Peneda-Nationalpark: Portugals versteckte Wildnis"},"content":{"rendered":"<p><strong>Gruppen mit mindestens 6 Personen akzeptiert.<\/strong><\/p>\n<p>&nbsp;<\/p>\n<p>Der Nationalpark Peneda-Ger\u00eas ist ein Schaufenster gro\u00dfartiger Landschaften und eine exquisite Umgebung von au\u00dfergew\u00f6hnlicher Sch\u00f6nheit.<\/p>\n<p>In diesem Hochland ist die Luft kristallklar und das Wasser rein.<\/p>\n<p>Dieser Nationalpark umfasst einige der sch\u00f6nsten und abwechslungsreichsten Landschaften des ganzen Landes und hier finden Sie eine F\u00fclle von seltenen Wildblumen, Greifv\u00f6geln, Wildpferdeherden und anderen Wildtieren.<\/p>\n<div id=\"attachment_2778\" style=\"width: 1034px\" class=\"wp-caption alignnone\"><img data-recalc-dims=\"1\" decoding=\"async\" aria-describedby=\"caption-attachment-2778\" class=\"wp-image-2778 size-large\" title=\"Schutzgebiet Peneda - Nationalpark Peneda Portugal\" src=\"https:\/\/i0.wp.com\/legendatours.net\/wp-content\/uploads\/2020\/07\/Sanctuary_Peneda-1024x768.jpg?resize=1024%2C768&#038;ssl=1\" alt=\"Schutzgebiet Peneda - Nationalpark Peneda Portugal\" width=\"1024\" height=\"768\" \/><p id=\"caption-attachment-2778\" class=\"wp-caption-text\">Schutzgebiet Peneda \u2013 Nationalpark Peneda Portugal<\/p><\/div>\n<p>Unser Zwei-Center-Urlaub im Nordwesten des Parks ist in der Serra da Peneda zentriert. Es ist so konzipiert, dass Sie die spektakul\u00e4rsten und interessantesten Teile dieser Berge besuchen.<\/p>\n<p>Unsere bemerkenswert abwechslungsreichen Wanderungen umrunden die dramatischen Klippen und die Granitlandschaft von Meadinha und folgen alten Pfaden durch das \u00fcppige Tal des Flusses Peneda.<\/p>\n<p>Die etwas abgelegene Lage hat den Park gesch\u00fctzt. Sie werden nicht nur die Sch\u00f6nheit der Region genie\u00dfen, von dramatisch geschwungenen Moorlandschaften bis hin zu hoch aufragenden Granitfelsen, sondern auch viele der alten Weiler besuchen, die \u00fcber die Landschaft verstreut sind, und die legend\u00e4re Gastfreundschaft der Bergbewohner genie\u00dfen.<\/p>\n<p>Unser erstes Zentrum befindet sich im Bergdorf Castro Laboreiro, das von seiner alten Burg \u00fcberragt wird.<\/p>\n<div id=\"attachment_2777\" style=\"width: 1034px\" class=\"wp-caption alignnone\"><img data-recalc-dims=\"1\" decoding=\"async\" aria-describedby=\"caption-attachment-2777\" class=\"wp-image-2777 size-large\" title=\"Gruppenwanderungen im Nationalpark Peneda Portugal\" src=\"https:\/\/i0.wp.com\/legendatours.net\/wp-content\/uploads\/2020\/07\/geres_moorland-1024x731.jpg?resize=1024%2C731&#038;ssl=1\" alt=\"Gruppenwanderungen im Nationalpark Peneda Portugal\" width=\"1024\" height=\"731\" \/><p id=\"caption-attachment-2777\" class=\"wp-caption-text\">Gruppenwanderungen im Nationalpark Peneda Portugal<\/p><\/div>\n<p>Abgeschiedene traditionelle D\u00f6rfer mit Hochgebirgswiesen und h\u00fcgeligem Moor erstrecken sich bis an die Grenze zu Spanien im Osten. Wenn Sie das Hotel jedoch nach Westen verlassen, befinden Sie sich zwischen hoch aufragenden Granitfelsen und versteckten bewaldeten T\u00e4lern.<\/p>\n<p>Das Dorf mit seinen Caf\u00e9s und einem bemerkenswert komfortablen und gut ausgestatteten Hotel bietet uns den idealen Ort, um den Tag zu erkunden und dann zu entspannen.<\/p>\n<p>Wir k\u00f6nnen \u00fcber die Berge zu unserem zweiten Standort im wundersch\u00f6nen, abgelegenen und doch ber\u00fchmten Heiligtum Nossa Senhora da Peneda wandern.<\/p>\n<p>Unser Hotel in Peneda, einst Pilgerherberge, wurde phantasievoll zu einem hochwertigen Hotel umgebaut. Es befindet sich auf einer Seite des Heiligtums mit einer Kulisse aus B\u00e4umen, Felsen und Wasserf\u00e4llen mit der gro\u00dfen Treppe des Heiligtums, die in das darunter liegende Tal hinabf\u00fchrt.<\/p>","protected":false},"excerpt":{"rendered":"<p>Der Nationalpark Peneda-Ger\u00eas ist ein Schaufenster gro\u00dfartiger Landschaften und eine exquisite Umgebung von au\u00dfergew\u00f6hnlicher Sch\u00f6nheit.<\/p>\n<p>In diesem Hochland ist die Luft kristallklar und das Wasser rein.<\/p>\n<p>Dieser Nationalpark umfasst einige der sch\u00f6nsten und abwechslungsreichsten Landschaften des ganzen Landes und hier finden Sie eine F\u00fclle von seltenen Wildblumen, Greifv\u00f6geln, Wildpferdeherden und anderen Wildtieren.<\/p>","protected":false},"featured_media":5488,"comment_status":"closed","ping_status":"closed","template":"","meta":{"_acf_changed":false,"inline_featured_image":false},"product_brand":[],"product_cat":[343,340,342,344,355],"product_tag":[587,203,1253,726,221,627,579,55,104,751,1129,384,478,133,73,321,754,189,210,727,1278,74,70,301,83,1097,520,581,886,1236,308],"class_list":{"0":"post-5432","1":"product","2":"type-product","3":"status-publish","4":"has-post-thumbnail","6":"product_cat-cultural-tours-and-holidays-in-portugal","7":"product_cat-guided-group-tours","8":"product_cat-portugal-guided-historical-holidays","9":"product_cat-guided-sightseeing-holidays-portugal","10":"product_cat-guided-walking-holidays-in-portugal","11":"product_tag-amazing-walking","12":"product_tag-beautiful-landscapes","13":"product_tag-best-of-portugal","14":"product_tag-castro-laboreiro","15":"product_tag-fantastic-itinerary-of-walks","16":"product_tag-finest-walking-centres","17":"product_tag-green-landscape","18":"product_tag-guided-walking-holidays","19":"product_tag-hidden-landscapes","20":"product_tag-holiday-activities-walking-guides","21":"product_tag-holidays-in-portugal","22":"product_tag-magnificent-landscape","23":"product_tag-natural-park","24":"product_tag-natural-reserves","25":"product_tag-natural-scenery","26":"product_tag-nature-walks","27":"product_tag-north-of-portugal","28":"product_tag-northern-portugal","29":"product_tag-panoramic-views-in-portugal","30":"product_tag-peneda","31":"product_tag-peneda-geres","32":"product_tag-peneda-geres-national-park","33":"product_tag-peneda-geres-walking","34":"product_tag-perfect-walking-holiday","35":"product_tag-portugal-great-food-and-wine","36":"product_tag-small-group","37":"product_tag-traditional-houses","38":"product_tag-traditional-villages","39":"product_tag-traditions","40":"product_tag-walking-along-quiet-paths","41":"product_tag-walking-trails","43":"first","44":"instock","45":"virtual","46":"sold-individually","47":"product-type-booking"},"acf":[],"yoast_head":"<!-- This site is optimized with the Yoast SEO Premium plugin v26.8 (Yoast SEO v27.5) - https:\/\/yoast.com\/product\/yoast-seo-premium-wordpress\/ -->\n<title>Walking in Peneda National Park: Portugal&#039;s Hidden Wilderness<\/title>\n<meta name=\"description\" content=\"Walking holiday in traditional villages with high mountain meadows and rolling moorland stretch to the frontier with Spain. Yet, walk out of the hotel to the west and we are amongst towering granite crags and hidden wooded valleys.The village with its caf\u00e9s and a remarkably comfortable and well-appointed hotel gives us the ideal place from which to explore and then to relax at the end of our day.We are able to walk across the mountains to our second location in the beautiful, remote, yet famous, sanctuary of Nossa Senhora da Peneda.\" \/>\n<meta name=\"robots\" content=\"index, follow, max-snippet:-1, max-image-preview:large, max-video-preview:-1\" \/>\n<link rel=\"canonical\" href=\"https:\/\/becooltravel.com\/de\/produkt\/peneda-nationalpark-portugals-hidden-wilderness-11300g\/\" \/>\n<meta property=\"og:locale\" content=\"de_DE\" \/>\n<meta property=\"og:type\" content=\"article\" \/>\n<meta property=\"og:title\" content=\"Walking holidays in Peneda National Park: Portugal\u2019s Hidden Wilderness\" \/>\n<meta property=\"og:description\" content=\"Isolated traditional villages with high mountain meadows and rolling moorland stretch to the frontier with Spain to the east. Yet, walk out of the hotel to the west and we are amongst towering granite crags and hidden wooded valleys.The village with its caf\u00e9s and a remarkably comfortable and well-appointed hotel gives us the ideal place from which to explore and then to relax at the end of our day.We are able to walk across the mountains to our second location in the beautiful, remote, yet famous, sanctuary of Nossa Senhora da Peneda.\" \/>\n<meta property=\"og:url\" content=\"https:\/\/becooltravel.com\/de\/produkt\/peneda-nationalpark-portugals-hidden-wilderness-11300g\/\" \/>\n<meta property=\"og:site_name\" content=\"BeCool Travel\" \/>\n<meta property=\"article:publisher\" content=\"https:\/\/www.facebook.com\/becooltravelagency\/\" \/>\n<meta property=\"article:modified_time\" content=\"2022-08-14T13:17:08+00:00\" \/>\n<meta property=\"og:image\" content=\"https:\/\/i0.wp.com\/becooltravel.com\/wp-content\/uploads\/sites\/5\/2020\/07\/geres_moorland.jpg?fit=1121%2C800&ssl=1\" \/>\n\t<meta property=\"og:image:width\" content=\"1121\" \/>\n\t<meta property=\"og:image:height\" content=\"800\" \/>\n\t<meta property=\"og:image:type\" content=\"image\/jpeg\" \/>\n<meta name=\"twitter:card\" content=\"summary_large_image\" \/>\n<meta name=\"twitter:title\" content=\"Walking tours in Peneda National Park: Portugal\u2019s Hidden Wilderness\" \/>\n<meta name=\"twitter:description\" content=\"This national park contains some of the most beautiful and varied scenery found in the whole of the country and here you\u2019ll find an abundance of rare wild flowers, birds of prey, herds of wild horses and other wildlife.Our two-centre holiday in the northwest of the Park is centred in the Serra da Peneda. It is designed so that you visit the most spectacular and interesting parts of these mountains.Our remarkably varied walks will circle the dramatic crags and granite landscape of Meadinha and follow ancient trails down the lush valley of the river Peneda.The somewhat remote location has protected the park. You will not only enjoy the beauty of the region, from dramatic rolling moorland to towering granite crags, but also visit many of the ancient hamlets dotted about the countryside and enjoy the legendary hospitality of the mountain people.\" \/>\n<meta name=\"twitter:image\" content=\"https:\/\/i0.wp.com\/becooltravel.com\/wp-content\/uploads\/sites\/5\/2020\/07\/geres_moorland.jpg?fit=1121%2C800&ssl=1\" \/>\n<meta name=\"twitter:site\" content=\"@becool_travel\" \/>\n<meta name=\"twitter:label1\" content=\"Gesch\u00e4tzte Lesezeit\" \/>\n\t<meta name=\"twitter:data1\" content=\"2\u00a0Minuten\" \/>\n<script type=\"application\/ld+json\" class=\"yoast-schema-graph\">{\"@context\":\"https:\\\/\\\/schema.org\",\"@graph\":[{\"@type\":[\"WebPage\",\"ItemPage\"],\"@id\":\"https:\\\/\\\/becooltravel.com\\\/product\\\/peneda-national-park-portugals-hidden-wilderness-11300g\\\/\",\"url\":\"https:\\\/\\\/becooltravel.com\\\/product\\\/peneda-national-park-portugals-hidden-wilderness-11300g\\\/\",\"name\":\"Walking in Peneda National Park: Portugal's Hidden Wilderness\",\"isPartOf\":{\"@id\":\"https:\\\/\\\/becooltravel.com\\\/#website\"},\"primaryImageOfPage\":{\"@id\":\"https:\\\/\\\/becooltravel.com\\\/product\\\/peneda-national-park-portugals-hidden-wilderness-11300g\\\/#primaryimage\"},\"image\":{\"@id\":\"https:\\\/\\\/becooltravel.com\\\/product\\\/peneda-national-park-portugals-hidden-wilderness-11300g\\\/#primaryimage\"},\"thumbnailUrl\":\"https:\\\/\\\/i0.wp.com\\\/becooltravel.com\\\/wp-content\\\/uploads\\\/sites\\\/5\\\/2020\\\/07\\\/geres_moorland.jpg?fit=1121%2C800&ssl=1\",\"datePublished\":\"2020-07-06T16:21:05+00:00\",\"dateModified\":\"2022-08-14T13:17:08+00:00\",\"description\":\"Walking holiday in traditional villages with high mountain meadows and rolling moorland stretch to the frontier with Spain. Yet, walk out of the hotel to the west and we are amongst towering granite crags and hidden wooded valleys.The village with its caf\u00e9s and a remarkably comfortable and well-appointed hotel gives us the ideal place from which to explore and then to relax at the end of our day.We are able to walk across the mountains to our second location in the beautiful, remote, yet famous, sanctuary of Nossa Senhora da Peneda.\",\"breadcrumb\":{\"@id\":\"https:\\\/\\\/becooltravel.com\\\/product\\\/peneda-national-park-portugals-hidden-wilderness-11300g\\\/#breadcrumb\"},\"inLanguage\":\"de\",\"potentialAction\":[{\"@type\":\"ReadAction\",\"target\":[\"https:\\\/\\\/becooltravel.com\\\/product\\\/peneda-national-park-portugals-hidden-wilderness-11300g\\\/\"]}]},{\"@type\":\"ImageObject\",\"inLanguage\":\"de\",\"@id\":\"https:\\\/\\\/becooltravel.com\\\/product\\\/peneda-national-park-portugals-hidden-wilderness-11300g\\\/#primaryimage\",\"url\":\"https:\\\/\\\/i0.wp.com\\\/becooltravel.com\\\/wp-content\\\/uploads\\\/sites\\\/5\\\/2020\\\/07\\\/geres_moorland.jpg?fit=1121%2C800&ssl=1\",\"contentUrl\":\"https:\\\/\\\/i0.wp.com\\\/becooltravel.com\\\/wp-content\\\/uploads\\\/sites\\\/5\\\/2020\\\/07\\\/geres_moorland.jpg?fit=1121%2C800&ssl=1\",\"width\":1121,\"height\":800,\"caption\":\"Peneda National Park Geres Portugal walking\"},{\"@type\":\"BreadcrumbList\",\"@id\":\"https:\\\/\\\/becooltravel.com\\\/product\\\/peneda-national-park-portugals-hidden-wilderness-11300g\\\/#breadcrumb\",\"itemListElement\":[{\"@type\":\"ListItem\",\"position\":1,\"name\":\"Home\",\"item\":\"https:\\\/\\\/becooltravel.com\\\/\"},{\"@type\":\"ListItem\",\"position\":2,\"name\":\"Shop\",\"item\":\"https:\\\/\\\/becooltravel.com\\\/?page_id=5\"},{\"@type\":\"ListItem\",\"position\":3,\"name\":\"Amazing Walking Holidays in Portugal. Incredible walking routes around Portugal, discover where to go for beautiful coastal, mountain and rural scenery. In Portugal you can find fantastic routes.\u00a0\",\"item\":\"https:\\\/\\\/becooltravel.com\\\/product-tag\\\/amazing-walking\\\/\"},{\"@type\":\"ListItem\",\"position\":4,\"name\":\"Walking in Portugal\u2019s Hidden Wilderness\"}]},{\"@type\":\"WebSite\",\"@id\":\"https:\\\/\\\/becooltravel.com\\\/#website\",\"url\":\"https:\\\/\\\/becooltravel.com\\\/\",\"name\":\"BeCool Travel\",\"description\":\"Sustainable holidays in Portugal for independent travelers\",\"publisher\":{\"@id\":\"https:\\\/\\\/becooltravel.com\\\/#organization\"},\"potentialAction\":[{\"@type\":\"SearchAction\",\"target\":{\"@type\":\"EntryPoint\",\"urlTemplate\":\"https:\\\/\\\/becooltravel.com\\\/?s={search_term_string}\"},\"query-input\":{\"@type\":\"PropertyValueSpecification\",\"valueRequired\":true,\"valueName\":\"search_term_string\"}}],\"inLanguage\":\"de\"},{\"@type\":\"Organization\",\"@id\":\"https:\\\/\\\/becooltravel.com\\\/#organization\",\"name\":\"BecoolTravel. com- Portugal\",\"url\":\"https:\\\/\\\/becooltravel.com\\\/\",\"logo\":{\"@type\":\"ImageObject\",\"inLanguage\":\"de\",\"@id\":\"https:\\\/\\\/becooltravel.com\\\/#\\\/schema\\\/logo\\\/image\\\/\",\"url\":\"https:\\\/\\\/becooltravel.com\\\/wp-content\\\/uploads\\\/sites\\\/5\\\/2020\\\/03\\\/Logo_BeCool.jpg\",\"contentUrl\":\"https:\\\/\\\/becooltravel.com\\\/wp-content\\\/uploads\\\/sites\\\/5\\\/2020\\\/03\\\/Logo_BeCool.jpg\",\"width\":534,\"height\":534,\"caption\":\"BecoolTravel. com- Portugal\"},\"image\":{\"@id\":\"https:\\\/\\\/becooltravel.com\\\/#\\\/schema\\\/logo\\\/image\\\/\"},\"sameAs\":[\"https:\\\/\\\/www.facebook.com\\\/becooltravelagency\\\/\",\"https:\\\/\\\/x.com\\\/becool_travel\",\"https:\\\/\\\/www.instagram.com\\\/becooltravel_com\\\/\",\"https:\\\/\\\/www.linkedin.com\\\/company\\\/becool-travel\\\/\",\"https:\\\/\\\/www.youtube.com\\\/channel\\\/UCE7zRU3EVG1PgfXwQo-5uJw\"]}]}<\/script>\n<!-- \/ Yoast SEO Premium plugin. -->","yoast_head_json":{"title":"Wandern im Nationalpark Peneda: Portugals versteckte Wildnis","description":"Wanderurlaub in traditionellen D\u00f6rfern mit Hochgebirgswiesen und h\u00fcgeligen Moorlandschaften bis an die Grenze zu Spanien. Wenn Sie das Hotel jedoch nach Westen verlassen, befinden wir uns zwischen hoch aufragenden Granitfelsen und versteckten bewaldeten T\u00e4lern. Das Dorf mit seinen Caf\u00e9s und einem bemerkenswert komfortablen und gut ausgestatteten Hotel bietet uns den idealen Ort, um die Umgebung zu erkunden und anschlie\u00dfend zu entspannen das Ende unseres Tages.Wir k\u00f6nnen \u00fcber die Berge zu unserem zweiten Standort im wundersch\u00f6nen, abgelegenen und doch ber\u00fchmten Heiligtum Nossa Senhora da Peneda wandern.","robots":{"index":"index","follow":"follow","max-snippet":"max-snippet:-1","max-image-preview":"max-image-preview:large","max-video-preview":"max-video-preview:-1"},"canonical":"https:\/\/becooltravel.com\/de\/produkt\/peneda-nationalpark-portugals-hidden-wilderness-11300g\/","og_locale":"de_DE","og_type":"article","og_title":"Walking holidays in Peneda National Park: Portugal\u2019s Hidden Wilderness","og_description":"Isolated traditional villages with high mountain meadows and rolling moorland stretch to the frontier with Spain to the east. Yet, walk out of the hotel to the west and we are amongst towering granite crags and hidden wooded valleys.The village with its caf\u00e9s and a remarkably comfortable and well-appointed hotel gives us the ideal place from which to explore and then to relax at the end of our day.We are able to walk across the mountains to our second location in the beautiful, remote, yet famous, sanctuary of Nossa Senhora da Peneda.","og_url":"https:\/\/becooltravel.com\/de\/produkt\/peneda-nationalpark-portugals-hidden-wilderness-11300g\/","og_site_name":"BeCool Travel","article_publisher":"https:\/\/www.facebook.com\/becooltravelagency\/","article_modified_time":"2022-08-14T13:17:08+00:00","og_image":[{"width":1121,"height":800,"url":"https:\/\/i0.wp.com\/becooltravel.com\/wp-content\/uploads\/sites\/5\/2020\/07\/geres_moorland.jpg?fit=1121%2C800&ssl=1","type":"image\/jpeg"}],"twitter_card":"summary_large_image","twitter_title":"Walking tours in Peneda National Park: Portugal\u2019s Hidden Wilderness","twitter_description":"This national park contains some of the most beautiful and varied scenery found in the whole of the country and here you\u2019ll find an abundance of rare wild flowers, birds of prey, herds of wild horses and other wildlife.Our two-centre holiday in the northwest of the Park is centred in the Serra da Peneda. It is designed so that you visit the most spectacular and interesting parts of these mountains.Our remarkably varied walks will circle the dramatic crags and granite landscape of Meadinha and follow ancient trails down the lush valley of the river Peneda.The somewhat remote location has protected the park. You will not only enjoy the beauty of the region, from dramatic rolling moorland to towering granite crags, but also visit many of the ancient hamlets dotted about the countryside and enjoy the legendary hospitality of the mountain people.","twitter_image":"https:\/\/i0.wp.com\/becooltravel.com\/wp-content\/uploads\/sites\/5\/2020\/07\/geres_moorland.jpg?fit=1121%2C800&ssl=1","twitter_site":"@becool_travel","twitter_misc":{"Gesch\u00e4tzte Lesezeit":"2\u00a0Minuten"},"schema":{"@context":"https:\/\/schema.org","@graph":[{"@type":["WebPage","ItemPage"],"@id":"https:\/\/becooltravel.com\/product\/peneda-national-park-portugals-hidden-wilderness-11300g\/","url":"https:\/\/becooltravel.com\/product\/peneda-national-park-portugals-hidden-wilderness-11300g\/","name":"Wandern im Nationalpark Peneda: Portugals versteckte Wildnis","isPartOf":{"@id":"https:\/\/becooltravel.com\/#website"},"primaryImageOfPage":{"@id":"https:\/\/becooltravel.com\/product\/peneda-national-park-portugals-hidden-wilderness-11300g\/#primaryimage"},"image":{"@id":"https:\/\/becooltravel.com\/product\/peneda-national-park-portugals-hidden-wilderness-11300g\/#primaryimage"},"thumbnailUrl":"https:\/\/i0.wp.com\/becooltravel.com\/wp-content\/uploads\/sites\/5\/2020\/07\/geres_moorland.jpg?fit=1121%2C800&ssl=1","datePublished":"2020-07-06T16:21:05+00:00","dateModified":"2022-08-14T13:17:08+00:00","description":"Wanderurlaub in traditionellen D\u00f6rfern mit Hochgebirgswiesen und h\u00fcgeligen Moorlandschaften bis an die Grenze zu Spanien. Wenn Sie das Hotel jedoch nach Westen verlassen, befinden wir uns zwischen hoch aufragenden Granitfelsen und versteckten bewaldeten T\u00e4lern. Das Dorf mit seinen Caf\u00e9s und einem bemerkenswert komfortablen und gut ausgestatteten Hotel bietet uns den idealen Ort, um die Umgebung zu erkunden und anschlie\u00dfend zu entspannen das Ende unseres Tages.Wir k\u00f6nnen \u00fcber die Berge zu unserem zweiten Standort im wundersch\u00f6nen, abgelegenen und doch ber\u00fchmten Heiligtum Nossa Senhora da Peneda wandern.","breadcrumb":{"@id":"https:\/\/becooltravel.com\/product\/peneda-national-park-portugals-hidden-wilderness-11300g\/#breadcrumb"},"inLanguage":"de","potentialAction":[{"@type":"ReadAction","target":["https:\/\/becooltravel.com\/product\/peneda-national-park-portugals-hidden-wilderness-11300g\/"]}]},{"@type":"ImageObject","inLanguage":"de","@id":"https:\/\/becooltravel.com\/product\/peneda-national-park-portugals-hidden-wilderness-11300g\/#primaryimage","url":"https:\/\/i0.wp.com\/becooltravel.com\/wp-content\/uploads\/sites\/5\/2020\/07\/geres_moorland.jpg?fit=1121%2C800&ssl=1","contentUrl":"https:\/\/i0.wp.com\/becooltravel.com\/wp-content\/uploads\/sites\/5\/2020\/07\/geres_moorland.jpg?fit=1121%2C800&ssl=1","width":1121,"height":800,"caption":"Peneda National Park Geres Portugal walking"},{"@type":"BreadcrumbList","@id":"https:\/\/becooltravel.com\/product\/peneda-national-park-portugals-hidden-wilderness-11300g\/#breadcrumb","itemListElement":[{"@type":"ListItem","position":1,"name":"Home","item":"https:\/\/becooltravel.com\/"},{"@type":"ListItem","position":2,"name":"Shop","item":"https:\/\/becooltravel.com\/?page_id=5"},{"@type":"ListItem","position":3,"name":"Amazing Walking Holidays in Portugal. Incredible walking routes around Portugal, discover where to go for beautiful coastal, mountain and rural scenery. In Portugal you can find fantastic routes.\u00a0","item":"https:\/\/becooltravel.com\/product-tag\/amazing-walking\/"},{"@type":"ListItem","position":4,"name":"Walking in Portugal\u2019s Hidden Wilderness"}]},{"@type":"WebSite","@id":"https:\/\/becooltravel.com\/#website","url":"https:\/\/becooltravel.com\/","name":"BeCool Travel","description":"Nachhaltiger Urlaub in Portugal f\u00fcr Individualreisende","publisher":{"@id":"https:\/\/becooltravel.com\/#organization"},"potentialAction":[{"@type":"SearchAction","target":{"@type":"EntryPoint","urlTemplate":"https:\/\/becooltravel.com\/?s={search_term_string}"},"query-input":{"@type":"PropertyValueSpecification","valueRequired":true,"valueName":"search_term_string"}}],"inLanguage":"de"},{"@type":"Organization","@id":"https:\/\/becooltravel.com\/#organization","name":"BecoolTravel. com- Portugal","url":"https:\/\/becooltravel.com\/","logo":{"@type":"ImageObject","inLanguage":"de","@id":"https:\/\/becooltravel.com\/#\/schema\/logo\/image\/","url":"https:\/\/becooltravel.com\/wp-content\/uploads\/sites\/5\/2020\/03\/Logo_BeCool.jpg","contentUrl":"https:\/\/becooltravel.com\/wp-content\/uploads\/sites\/5\/2020\/03\/Logo_BeCool.jpg","width":534,"height":534,"caption":"BecoolTravel. com- Portugal"},"image":{"@id":"https:\/\/becooltravel.com\/#\/schema\/logo\/image\/"},"sameAs":["https:\/\/www.facebook.com\/becooltravelagency\/","https:\/\/x.com\/becool_travel","https:\/\/www.instagram.com\/becooltravel_com\/","https:\/\/www.linkedin.com\/company\/becool-travel\/","https:\/\/www.youtube.com\/channel\/UCE7zRU3EVG1PgfXwQo-5uJw"]}]}},"jetpack_sharing_enabled":true,"_links":{"self":[{"href":"https:\/\/becooltravel.com\/de\/wp-json\/wp\/v2\/product\/5432","targetHints":{"allow":["GET"]}}],"collection":[{"href":"https:\/\/becooltravel.com\/de\/wp-json\/wp\/v2\/product"}],"about":[{"href":"https:\/\/becooltravel.com\/de\/wp-json\/wp\/v2\/types\/product"}],"replies":[{"embeddable":true,"href":"https:\/\/becooltravel.com\/de\/wp-json\/wp\/v2\/comments?post=5432"}],"wp:featuredmedia":[{"embeddable":true,"href":"https:\/\/becooltravel.com\/de\/wp-json\/wp\/v2\/media\/5488"}],"wp:attachment":[{"href":"https:\/\/becooltravel.com\/de\/wp-json\/wp\/v2\/media?parent=5432"}],"wp:term":[{"taxonomy":"product_brand","embeddable":true,"href":"https:\/\/becooltravel.com\/de\/wp-json\/wp\/v2\/product_brand?post=5432"},{"taxonomy":"product_cat","embeddable":true,"href":"https:\/\/becooltravel.com\/de\/wp-json\/wp\/v2\/product_cat?post=5432"},{"taxonomy":"product_tag","embeddable":true,"href":"https:\/\/becooltravel.com\/de\/wp-json\/wp\/v2\/product_tag?post=5432"}],"curies":[{"name":"wp","href":"https:\/\/api.w.org\/{rel}","templated":true}]}}