{"id":5436,"date":"2020-07-08T11:42:32","date_gmt":"2020-07-08T11:42:32","guid":{"rendered":"https:\/\/becooltravel.com\/?post_type=product&#038;p=5436"},"modified":"2022-08-14T13:23:56","modified_gmt":"2022-08-14T13:23:56","slug":"serra-da-estrela-mountain-of-the-stars-11600g","status":"publish","type":"product","link":"https:\/\/becooltravel.com\/de\/produkt\/serra-da-estrela-berg-der-sterne-11600g\/","title":{"rendered":"Serra Da Estrela: Berg der Sterne"},"content":{"rendered":"<p><strong>Gruppen mit mindestens 6 Personen akzeptiert.<\/strong><\/p>\n<p>&nbsp;<\/p>\n<p>Portugal ist ein Land von erstaunlicher Sch\u00f6nheit und erstaunlichen Kontrasten. Abgesehen von der ber\u00fchmten K\u00fcste sind die meisten seiner Berge und W\u00e4lder relativ unbekannt und bieten daher dem Wanderer, der das Besondere sucht, gro\u00dfe Belohnungen.<\/p>\n<p>Dieser Urlaub ist im Naturpark Serra da Estrela, den \u201eBergen der Sterne\u201c, dem h\u00f6chsten Gebirge des portugiesischen Festlandes mit einer H\u00f6he von 1993 m.<\/p>\n<div id=\"attachment_2808\" style=\"width: 1034px\" class=\"wp-caption alignnone\"><img data-recalc-dims=\"1\" decoding=\"async\" aria-describedby=\"caption-attachment-2808\" class=\"wp-image-2808 size-large\" title=\"Wanderwege in der Serra da Estrela\" src=\"https:\/\/i0.wp.com\/legendatours.net\/wp-content\/uploads\/2020\/07\/routes_mountain_stars-1024x683.jpg?resize=1024%2C683&#038;ssl=1\" alt=\"Wanderwege in der Serra da Estrela\" width=\"1024\" height=\"683\" \/><p id=\"caption-attachment-2808\" class=\"wp-caption-text\">Wanderwege in der Serra da Estrela<\/p><\/div>\n<p>Die Landschaften der Serra mit Kastanien-, Buchen- und Kiefernw\u00e4ldern, Seen und Gletschert\u00e4lern genie\u00dfen alle saubere, klare Bergluft.<\/p>\n<p>Der Naturpark ist auch die Quelle der Fl\u00fcsse Mondego, Z\u00eazere und Alva.<\/p>\n<p>Dramatische Klippen und Schluchten machen diese Region atemberaubend sch\u00f6n und es ist ein Vergn\u00fcgen, sie zu erkunden. Es ist ein anerkanntes Zentrum f\u00fcr Klettern, aber unsere<br \/>\nSpazierg\u00e4nge erm\u00f6glichen es uns, all diese Sch\u00f6nheiten auf konventionelleren Wegen zu erreichen.<\/p>\n<p>Schafe und Ziegen spielen eine traditionelle Rolle bei der Herstellung des ber\u00fchmten Serra da Estrela-K\u00e4ses. W\u00fcrste und Wein sind ebenso wichtig f\u00fcr die lokale Wirtschaft wie die ger\u00e4ucherten Produkte und die bestickte Baumwolle. Handwerker nutzen ihre F\u00e4higkeiten in der Korbarbeit mit Korbweide und Kastanie. Die Serra da Estrela hat auch ihre eigene uralte Rasse von Bergsch\u00e4ferhunden.<\/p>\n<div id=\"attachment_2810\" style=\"width: 1034px\" class=\"wp-caption alignnone\"><img data-recalc-dims=\"1\" decoding=\"async\" aria-describedby=\"caption-attachment-2810\" class=\"wp-image-2810 size-large\" title=\"Valley Nave Mestra - Wandern in der Serra da Estrela\" src=\"https:\/\/i0.wp.com\/legendatours.net\/wp-content\/uploads\/2020\/07\/vale_mestra-1024x768.jpg?resize=1024%2C768&#038;ssl=1\" alt=\"Valley Nave Mestra - Wandern in der Serra da Estrela\" width=\"1024\" height=\"768\" \/><p id=\"caption-attachment-2810\" class=\"wp-caption-text\">Valley Nave Mestra \u2013 Wandern in der Serra da Estrela<\/p><\/div>\n<p>Die D\u00f6rfer der Serra da Estrela reichen bis ins Mittelalter und dar\u00fcber hinaus zur\u00fcck. In der Gegend sind Zeugnisse der r\u00f6mischen Pr\u00e4senz und des arabischen Einflusses zu sehen. Dies ist wirklich ein Paradies f\u00fcr Wanderer, nicht nur wegen der erstaunlichen Wanderungen, sondern auch wegen der Sch\u00f6nheit, die so viel von diesem anregenden Teil Portugals ziert.<\/p>\n<p>Unsere Tour findet in Manteigas statt, einer malerischen Stadt im Herzen eines Urstromtals.<\/p>\n<p>Es wird unser Ausgangspunkt f\u00fcr gro\u00dfartige Wanderungen in der wundersch\u00f6nen Landschaft sein, die die Natur dem Naturpark Serra da Estrela geschenkt hat. Es gibt gute Wege, die den Park durchqueren und die M\u00f6glichkeit bieten, mehr von dieser atemberaubenden Region zu entdecken.<\/p>\n<p>Wenn Sie gute Wanderungen und herrliche Landschaften m\u00f6gen, ist dieser Urlaub die perfekte Wahl.<\/p>","protected":false},"excerpt":{"rendered":"<p>Dieser Urlaub ist im Naturpark Serra da Estrela, den \u201eBergen der Sterne\u201c, dem h\u00f6chsten Gebirge des portugiesischen Festlandes mit einer H\u00f6he von 1993 m.<\/p>\n<p>Die Landschaften der Serra mit Kastanien-, Buchen- und Kiefernw\u00e4ldern, Seen und Gletschert\u00e4lern genie\u00dfen alle saubere, klare Bergluft.<\/p>\n<p>Der Naturpark ist auch die Quelle der Fl\u00fcsse Mondego, Z\u00eazere und Alva.<\/p>\n<p>Dramatische Klippen und Schluchten machen diese Region atemberaubend sch\u00f6n und es ist ein Vergn\u00fcgen, sie zu erkunden. Es ist ein anerkanntes Kletterzentrum, aber unsere Wanderungen erm\u00f6glichen es uns, all diese Sch\u00f6nheiten auf konventionelleren Wegen zu erreichen.<\/p>","protected":false},"featured_media":5517,"comment_status":"closed","ping_status":"closed","template":"","meta":{"_acf_changed":false,"inline_featured_image":false},"product_brand":[],"product_cat":[343,340,342,344,355],"product_tag":[587,203,1239,221,55,562,878,384,377,378,628,478,73,301,790,380,381,1161,59,1236,324,61],"class_list":{"0":"post-5436","1":"product","2":"type-product","3":"status-publish","4":"has-post-thumbnail","6":"product_cat-cultural-tours-and-holidays-in-portugal","7":"product_cat-guided-group-tours","8":"product_cat-portugal-guided-historical-holidays","9":"product_cat-guided-sightseeing-holidays-portugal","10":"product_cat-guided-walking-holidays-in-portugal","11":"product_tag-amazing-walking","12":"product_tag-beautiful-landscapes","13":"product_tag-cherry-picked-walks","14":"product_tag-fantastic-itinerary-of-walks","15":"product_tag-guided-walking-holidays","16":"product_tag-inland-walks","17":"product_tag-landscape","18":"product_tag-magnificent-landscape","19":"product_tag-manteigas","20":"product_tag-medieval-times","21":"product_tag-natural-attractions-in-portugal","22":"product_tag-natural-park","23":"product_tag-natural-scenery","24":"product_tag-perfect-walking-holiday","25":"product_tag-picturesque-landscapes","26":"product_tag-serra-da-estrela-cheese","27":"product_tag-serra-da-estrela-natural-park","28":"product_tag-spectacular-walks","29":"product_tag-walking","30":"product_tag-walking-along-quiet-paths","31":"product_tag-walking-experiences","32":"product_tag-walking-tours","34":"first","35":"instock","36":"virtual","37":"sold-individually","38":"product-type-booking"},"acf":[],"yoast_head":"<!-- This site is optimized with the Yoast SEO Premium plugin v26.8 (Yoast SEO v27.4) - https:\/\/yoast.com\/product\/yoast-seo-premium-wordpress\/ -->\n<title>Serra Da Estrela: Mountain of the Stars<\/title>\n<meta name=\"description\" content=\"Walking landscapes of chestnut, beech and pine forests, lakes and glacial valleys all enjoy clean, crisp, mountain air. The Natural Park is a pleasure to explore. Sheep and goats play a traditional role in the manufacture of the famous Serra da Estrela cheese. Sausages and wine are also important to the local economy as are the smoked produce and embroidered cotton. Craftsman uses their skills in basket work using wicker and chestnut. The Serra da Estrela also has its own ancient breed of mountain sheep dog.\" \/>\n<meta name=\"robots\" content=\"index, follow, max-snippet:-1, max-image-preview:large, max-video-preview:-1\" \/>\n<link rel=\"canonical\" href=\"https:\/\/becooltravel.com\/de\/produkt\/serra-da-estrela-berg-der-sterne-11600g\/\" \/>\n<meta property=\"og:locale\" content=\"de_DE\" \/>\n<meta property=\"og:type\" content=\"article\" \/>\n<meta property=\"og:title\" content=\"Walking holiday is in the Serra da Estrela Natural Park,\" \/>\n<meta property=\"og:description\" content=\"It is an acknowledged centre for rock climbing but ourwalks enable us to access all this beauty on more conventional paths.Sheep and goats play a traditional role in the manufacture of the famous Serra da Estrela cheese. Sausages and wine are also important to the local economy as are the smoked produce and embroidered cotton. Craftsman uses their skills in basket work using wicker and chestnut. The Serra da Estrela also has its own ancient breed of mountain sheep dog.\" \/>\n<meta property=\"og:url\" content=\"https:\/\/becooltravel.com\/de\/produkt\/serra-da-estrela-berg-der-sterne-11600g\/\" \/>\n<meta property=\"og:site_name\" content=\"BeCool Travel\" \/>\n<meta property=\"article:publisher\" content=\"https:\/\/www.facebook.com\/becooltravelagency\/\" \/>\n<meta property=\"article:modified_time\" content=\"2022-08-14T13:23:56+00:00\" \/>\n<meta property=\"og:image\" content=\"https:\/\/i0.wp.com\/becooltravel.com\/wp-content\/uploads\/sites\/5\/2020\/07\/espinhaco_cao_serra_estrela.jpg?fit=1135%2C800&ssl=1\" \/>\n\t<meta property=\"og:image:width\" content=\"1135\" \/>\n\t<meta property=\"og:image:height\" content=\"800\" \/>\n\t<meta property=\"og:image:type\" content=\"image\/jpeg\" \/>\n<meta name=\"twitter:card\" content=\"summary_large_image\" \/>\n<meta name=\"twitter:title\" content=\"Walking tour in the Serra da Estrela Natural Park, the \u201cmountains of the stars\u201d\" \/>\n<meta name=\"twitter:description\" content=\"The Serra\u2019s landscapes of chestnut, beech and pine forests, lakes and glacial valleys all enjoy clean, crisp, mountain air.The Natural Park is also the source of the Mondego, Z\u00eazere and Alva rivers.Dramatic crags and ravines make this region stunningly beautiful and a pleasure to explore. It is an acknowledged centre for rock climbing but our walks enable us to access all this beauty on more conventional paths.\" \/>\n<meta name=\"twitter:image\" content=\"https:\/\/i0.wp.com\/becooltravel.com\/wp-content\/uploads\/sites\/5\/2020\/07\/espinhaco_cao_serra_estrela.jpg?fit=1135%2C800&ssl=1\" \/>\n<meta name=\"twitter:site\" content=\"@becool_travel\" \/>\n<meta name=\"twitter:label1\" content=\"Gesch\u00e4tzte Lesezeit\" \/>\n\t<meta name=\"twitter:data1\" content=\"2\u00a0Minuten\" \/>\n<script type=\"application\/ld+json\" class=\"yoast-schema-graph\">{\"@context\":\"https:\\\/\\\/schema.org\",\"@graph\":[{\"@type\":[\"WebPage\",\"ItemPage\"],\"@id\":\"https:\\\/\\\/becooltravel.com\\\/product\\\/serra-da-estrela-mountain-of-the-stars-11600g\\\/\",\"url\":\"https:\\\/\\\/becooltravel.com\\\/product\\\/serra-da-estrela-mountain-of-the-stars-11600g\\\/\",\"name\":\"Serra Da Estrela: Mountain of the Stars\",\"isPartOf\":{\"@id\":\"https:\\\/\\\/becooltravel.com\\\/#website\"},\"primaryImageOfPage\":{\"@id\":\"https:\\\/\\\/becooltravel.com\\\/product\\\/serra-da-estrela-mountain-of-the-stars-11600g\\\/#primaryimage\"},\"image\":{\"@id\":\"https:\\\/\\\/becooltravel.com\\\/product\\\/serra-da-estrela-mountain-of-the-stars-11600g\\\/#primaryimage\"},\"thumbnailUrl\":\"https:\\\/\\\/i0.wp.com\\\/becooltravel.com\\\/wp-content\\\/uploads\\\/sites\\\/5\\\/2020\\\/07\\\/espinhaco_cao_serra_estrela.jpg?fit=1135%2C800&ssl=1\",\"datePublished\":\"2020-07-08T11:42:32+00:00\",\"dateModified\":\"2022-08-14T13:23:56+00:00\",\"description\":\"Walking landscapes of chestnut, beech and pine forests, lakes and glacial valleys all enjoy clean, crisp, mountain air. The Natural Park is a pleasure to explore. Sheep and goats play a traditional role in the manufacture of the famous Serra da Estrela cheese. Sausages and wine are also important to the local economy as are the smoked produce and embroidered cotton. Craftsman uses their skills in basket work using wicker and chestnut. The Serra da Estrela also has its own ancient breed of mountain sheep dog.\",\"breadcrumb\":{\"@id\":\"https:\\\/\\\/becooltravel.com\\\/product\\\/serra-da-estrela-mountain-of-the-stars-11600g\\\/#breadcrumb\"},\"inLanguage\":\"de\",\"potentialAction\":[{\"@type\":\"ReadAction\",\"target\":[\"https:\\\/\\\/becooltravel.com\\\/product\\\/serra-da-estrela-mountain-of-the-stars-11600g\\\/\"]}]},{\"@type\":\"ImageObject\",\"inLanguage\":\"de\",\"@id\":\"https:\\\/\\\/becooltravel.com\\\/product\\\/serra-da-estrela-mountain-of-the-stars-11600g\\\/#primaryimage\",\"url\":\"https:\\\/\\\/i0.wp.com\\\/becooltravel.com\\\/wp-content\\\/uploads\\\/sites\\\/5\\\/2020\\\/07\\\/espinhaco_cao_serra_estrela.jpg?fit=1135%2C800&ssl=1\",\"contentUrl\":\"https:\\\/\\\/i0.wp.com\\\/becooltravel.com\\\/wp-content\\\/uploads\\\/sites\\\/5\\\/2020\\\/07\\\/espinhaco_cao_serra_estrela.jpg?fit=1135%2C800&ssl=1\",\"width\":1135,\"height\":800,\"caption\":\"Espinhaco de Cao - Serra da Estrela\"},{\"@type\":\"BreadcrumbList\",\"@id\":\"https:\\\/\\\/becooltravel.com\\\/product\\\/serra-da-estrela-mountain-of-the-stars-11600g\\\/#breadcrumb\",\"itemListElement\":[{\"@type\":\"ListItem\",\"position\":1,\"name\":\"Home\",\"item\":\"https:\\\/\\\/becooltravel.com\\\/\"},{\"@type\":\"ListItem\",\"position\":2,\"name\":\"Shop\",\"item\":\"https:\\\/\\\/becooltravel.com\\\/?page_id=5\"},{\"@type\":\"ListItem\",\"position\":3,\"name\":\"Amazing Walking Holidays in Portugal. Incredible walking routes around Portugal, discover where to go for beautiful coastal, mountain and rural scenery. In Portugal you can find fantastic routes.\u00a0\",\"item\":\"https:\\\/\\\/becooltravel.com\\\/product-tag\\\/amazing-walking\\\/\"},{\"@type\":\"ListItem\",\"position\":4,\"name\":\"Walking holiday is in the Serra da Estrela Natural Park, the \u201cmountains of the stars\u201d\"}]},{\"@type\":\"WebSite\",\"@id\":\"https:\\\/\\\/becooltravel.com\\\/#website\",\"url\":\"https:\\\/\\\/becooltravel.com\\\/\",\"name\":\"BeCool Travel\",\"description\":\"Sustainable holidays in Portugal for independent travelers\",\"publisher\":{\"@id\":\"https:\\\/\\\/becooltravel.com\\\/#organization\"},\"potentialAction\":[{\"@type\":\"SearchAction\",\"target\":{\"@type\":\"EntryPoint\",\"urlTemplate\":\"https:\\\/\\\/becooltravel.com\\\/?s={search_term_string}\"},\"query-input\":{\"@type\":\"PropertyValueSpecification\",\"valueRequired\":true,\"valueName\":\"search_term_string\"}}],\"inLanguage\":\"de\"},{\"@type\":\"Organization\",\"@id\":\"https:\\\/\\\/becooltravel.com\\\/#organization\",\"name\":\"BecoolTravel. com- Portugal\",\"url\":\"https:\\\/\\\/becooltravel.com\\\/\",\"logo\":{\"@type\":\"ImageObject\",\"inLanguage\":\"de\",\"@id\":\"https:\\\/\\\/becooltravel.com\\\/#\\\/schema\\\/logo\\\/image\\\/\",\"url\":\"https:\\\/\\\/becooltravel.com\\\/wp-content\\\/uploads\\\/sites\\\/5\\\/2020\\\/03\\\/Logo_BeCool.jpg\",\"contentUrl\":\"https:\\\/\\\/becooltravel.com\\\/wp-content\\\/uploads\\\/sites\\\/5\\\/2020\\\/03\\\/Logo_BeCool.jpg\",\"width\":534,\"height\":534,\"caption\":\"BecoolTravel. com- Portugal\"},\"image\":{\"@id\":\"https:\\\/\\\/becooltravel.com\\\/#\\\/schema\\\/logo\\\/image\\\/\"},\"sameAs\":[\"https:\\\/\\\/www.facebook.com\\\/becooltravelagency\\\/\",\"https:\\\/\\\/x.com\\\/becool_travel\",\"https:\\\/\\\/www.instagram.com\\\/becooltravel_com\\\/\",\"https:\\\/\\\/www.linkedin.com\\\/company\\\/becool-travel\\\/\",\"https:\\\/\\\/www.youtube.com\\\/channel\\\/UCE7zRU3EVG1PgfXwQo-5uJw\"]}]}<\/script>\n<!-- \/ Yoast SEO Premium plugin. -->","yoast_head_json":{"title":"Serra Da Estrela: Berg der Sterne","description":"Wanderlandschaften mit Kastanien-, Buchen- und Kiefernw\u00e4ldern, Seen und Urstromt\u00e4lern genie\u00dfen saubere, klare Bergluft. Es ist ein Vergn\u00fcgen, den Naturpark zu erkunden. Schafe und Ziegen spielen eine traditionelle Rolle bei der Herstellung des ber\u00fchmten Serra da Estrela-K\u00e4ses. W\u00fcrste und Wein sind ebenso wichtig f\u00fcr die lokale Wirtschaft wie die ger\u00e4ucherten Produkte und die bestickte Baumwolle. Handwerker nutzen ihre F\u00e4higkeiten in der Korbarbeit mit Korbweide und Kastanie. Die Serra da Estrela hat auch eine eigene alte Rasse von Bergsch\u00e4ferhunden.","robots":{"index":"index","follow":"follow","max-snippet":"max-snippet:-1","max-image-preview":"max-image-preview:large","max-video-preview":"max-video-preview:-1"},"canonical":"https:\/\/becooltravel.com\/de\/produkt\/serra-da-estrela-berg-der-sterne-11600g\/","og_locale":"de_DE","og_type":"article","og_title":"Walking holiday is in the Serra da Estrela Natural Park,","og_description":"It is an acknowledged centre for rock climbing but ourwalks enable us to access all this beauty on more conventional paths.Sheep and goats play a traditional role in the manufacture of the famous Serra da Estrela cheese. Sausages and wine are also important to the local economy as are the smoked produce and embroidered cotton. Craftsman uses their skills in basket work using wicker and chestnut. The Serra da Estrela also has its own ancient breed of mountain sheep dog.","og_url":"https:\/\/becooltravel.com\/de\/produkt\/serra-da-estrela-berg-der-sterne-11600g\/","og_site_name":"BeCool Travel","article_publisher":"https:\/\/www.facebook.com\/becooltravelagency\/","article_modified_time":"2022-08-14T13:23:56+00:00","og_image":[{"width":1135,"height":800,"url":"https:\/\/i0.wp.com\/becooltravel.com\/wp-content\/uploads\/sites\/5\/2020\/07\/espinhaco_cao_serra_estrela.jpg?fit=1135%2C800&ssl=1","type":"image\/jpeg"}],"twitter_card":"summary_large_image","twitter_title":"Walking tour in the Serra da Estrela Natural Park, the \u201cmountains of the stars\u201d","twitter_description":"The Serra\u2019s landscapes of chestnut, beech and pine forests, lakes and glacial valleys all enjoy clean, crisp, mountain air.The Natural Park is also the source of the Mondego, Z\u00eazere and Alva rivers.Dramatic crags and ravines make this region stunningly beautiful and a pleasure to explore. It is an acknowledged centre for rock climbing but our walks enable us to access all this beauty on more conventional paths.","twitter_image":"https:\/\/i0.wp.com\/becooltravel.com\/wp-content\/uploads\/sites\/5\/2020\/07\/espinhaco_cao_serra_estrela.jpg?fit=1135%2C800&ssl=1","twitter_site":"@becool_travel","twitter_misc":{"Gesch\u00e4tzte Lesezeit":"2\u00a0Minuten"},"schema":{"@context":"https:\/\/schema.org","@graph":[{"@type":["WebPage","ItemPage"],"@id":"https:\/\/becooltravel.com\/product\/serra-da-estrela-mountain-of-the-stars-11600g\/","url":"https:\/\/becooltravel.com\/product\/serra-da-estrela-mountain-of-the-stars-11600g\/","name":"Serra Da Estrela: Berg der Sterne","isPartOf":{"@id":"https:\/\/becooltravel.com\/#website"},"primaryImageOfPage":{"@id":"https:\/\/becooltravel.com\/product\/serra-da-estrela-mountain-of-the-stars-11600g\/#primaryimage"},"image":{"@id":"https:\/\/becooltravel.com\/product\/serra-da-estrela-mountain-of-the-stars-11600g\/#primaryimage"},"thumbnailUrl":"https:\/\/i0.wp.com\/becooltravel.com\/wp-content\/uploads\/sites\/5\/2020\/07\/espinhaco_cao_serra_estrela.jpg?fit=1135%2C800&ssl=1","datePublished":"2020-07-08T11:42:32+00:00","dateModified":"2022-08-14T13:23:56+00:00","description":"Wanderlandschaften mit Kastanien-, Buchen- und Kiefernw\u00e4ldern, Seen und Urstromt\u00e4lern genie\u00dfen saubere, klare Bergluft. Es ist ein Vergn\u00fcgen, den Naturpark zu erkunden. Schafe und Ziegen spielen eine traditionelle Rolle bei der Herstellung des ber\u00fchmten Serra da Estrela-K\u00e4ses. W\u00fcrste und Wein sind ebenso wichtig f\u00fcr die lokale Wirtschaft wie die ger\u00e4ucherten Produkte und die bestickte Baumwolle. Handwerker nutzen ihre F\u00e4higkeiten in der Korbarbeit mit Korbweide und Kastanie. Die Serra da Estrela hat auch eine eigene alte Rasse von Bergsch\u00e4ferhunden.","breadcrumb":{"@id":"https:\/\/becooltravel.com\/product\/serra-da-estrela-mountain-of-the-stars-11600g\/#breadcrumb"},"inLanguage":"de","potentialAction":[{"@type":"ReadAction","target":["https:\/\/becooltravel.com\/product\/serra-da-estrela-mountain-of-the-stars-11600g\/"]}]},{"@type":"ImageObject","inLanguage":"de","@id":"https:\/\/becooltravel.com\/product\/serra-da-estrela-mountain-of-the-stars-11600g\/#primaryimage","url":"https:\/\/i0.wp.com\/becooltravel.com\/wp-content\/uploads\/sites\/5\/2020\/07\/espinhaco_cao_serra_estrela.jpg?fit=1135%2C800&ssl=1","contentUrl":"https:\/\/i0.wp.com\/becooltravel.com\/wp-content\/uploads\/sites\/5\/2020\/07\/espinhaco_cao_serra_estrela.jpg?fit=1135%2C800&ssl=1","width":1135,"height":800,"caption":"Espinhaco de Cao - Serra da Estrela"},{"@type":"BreadcrumbList","@id":"https:\/\/becooltravel.com\/product\/serra-da-estrela-mountain-of-the-stars-11600g\/#breadcrumb","itemListElement":[{"@type":"ListItem","position":1,"name":"Home","item":"https:\/\/becooltravel.com\/"},{"@type":"ListItem","position":2,"name":"Shop","item":"https:\/\/becooltravel.com\/?page_id=5"},{"@type":"ListItem","position":3,"name":"Amazing Walking Holidays in Portugal. Incredible walking routes around Portugal, discover where to go for beautiful coastal, mountain and rural scenery. In Portugal you can find fantastic routes.\u00a0","item":"https:\/\/becooltravel.com\/product-tag\/amazing-walking\/"},{"@type":"ListItem","position":4,"name":"Walking holiday is in the Serra da Estrela Natural Park, the \u201cmountains of the stars\u201d"}]},{"@type":"WebSite","@id":"https:\/\/becooltravel.com\/#website","url":"https:\/\/becooltravel.com\/","name":"BeCool Travel","description":"Nachhaltiger Urlaub in Portugal f\u00fcr Individualreisende","publisher":{"@id":"https:\/\/becooltravel.com\/#organization"},"potentialAction":[{"@type":"SearchAction","target":{"@type":"EntryPoint","urlTemplate":"https:\/\/becooltravel.com\/?s={search_term_string}"},"query-input":{"@type":"PropertyValueSpecification","valueRequired":true,"valueName":"search_term_string"}}],"inLanguage":"de"},{"@type":"Organization","@id":"https:\/\/becooltravel.com\/#organization","name":"BecoolTravel. com- Portugal","url":"https:\/\/becooltravel.com\/","logo":{"@type":"ImageObject","inLanguage":"de","@id":"https:\/\/becooltravel.com\/#\/schema\/logo\/image\/","url":"https:\/\/becooltravel.com\/wp-content\/uploads\/sites\/5\/2020\/03\/Logo_BeCool.jpg","contentUrl":"https:\/\/becooltravel.com\/wp-content\/uploads\/sites\/5\/2020\/03\/Logo_BeCool.jpg","width":534,"height":534,"caption":"BecoolTravel. com- Portugal"},"image":{"@id":"https:\/\/becooltravel.com\/#\/schema\/logo\/image\/"},"sameAs":["https:\/\/www.facebook.com\/becooltravelagency\/","https:\/\/x.com\/becool_travel","https:\/\/www.instagram.com\/becooltravel_com\/","https:\/\/www.linkedin.com\/company\/becool-travel\/","https:\/\/www.youtube.com\/channel\/UCE7zRU3EVG1PgfXwQo-5uJw"]}]}},"jetpack_sharing_enabled":true,"_links":{"self":[{"href":"https:\/\/becooltravel.com\/de\/wp-json\/wp\/v2\/product\/5436","targetHints":{"allow":["GET"]}}],"collection":[{"href":"https:\/\/becooltravel.com\/de\/wp-json\/wp\/v2\/product"}],"about":[{"href":"https:\/\/becooltravel.com\/de\/wp-json\/wp\/v2\/types\/product"}],"replies":[{"embeddable":true,"href":"https:\/\/becooltravel.com\/de\/wp-json\/wp\/v2\/comments?post=5436"}],"wp:featuredmedia":[{"embeddable":true,"href":"https:\/\/becooltravel.com\/de\/wp-json\/wp\/v2\/media\/5517"}],"wp:attachment":[{"href":"https:\/\/becooltravel.com\/de\/wp-json\/wp\/v2\/media?parent=5436"}],"wp:term":[{"taxonomy":"product_brand","embeddable":true,"href":"https:\/\/becooltravel.com\/de\/wp-json\/wp\/v2\/product_brand?post=5436"},{"taxonomy":"product_cat","embeddable":true,"href":"https:\/\/becooltravel.com\/de\/wp-json\/wp\/v2\/product_cat?post=5436"},{"taxonomy":"product_tag","embeddable":true,"href":"https:\/\/becooltravel.com\/de\/wp-json\/wp\/v2\/product_tag?post=5436"}],"curies":[{"name":"wp","href":"https:\/\/api.w.org\/{rel}","templated":true}]}}