{"id":5437,"date":"2020-07-08T13:58:36","date_gmt":"2020-07-08T13:58:36","guid":{"rendered":"https:\/\/becooltravel.com\/?post_type=product&#038;p=5437"},"modified":"2022-08-14T12:47:38","modified_gmt":"2022-08-14T12:47:38","slug":"tavira-and-the-real-algarve-11800g","status":"publish","type":"product","link":"https:\/\/becooltravel.com\/de\/produkt\/tavira-und-die-echte-algarve-11800g\/","title":{"rendered":"Wanderurlaub in Tavira und an der Realalgarve"},"content":{"rendered":"<p><strong>Gruppen mit mindestens 6 Personen akzeptiert.<\/strong><\/p>\n<p>&nbsp;<\/p>\n<p>Tavira ist eine alte maurische Stadt, die ihren einzigartigen Charakter und ihr Erbe bewahrt hat. Die Stadt erstreckt sich entlang der Ufer des Flusses Gil\u00e3o und ist eine reizvolle Mischung aus traditioneller portugiesischer Architektur mit tief verwurzelten maurischen Einfl\u00fcssen.<\/p>\n<p>Von ph\u00f6nizischen Ausgrabungen \u00fcber islamisch dekorierte T\u00fcren bis hin zu Renaissance- und Barock-Schn\u00f6rkeln sind Geschichtsschichten zu sehen. Es sind jedoch die Farben, die Sie treffen: blendend wei\u00dfe W\u00e4nde, strahlende Azulejo-Fliesen, feuerrote Dachpfannen.<\/p>\n<div id=\"attachment_2833\" style=\"width: 1034px\" class=\"wp-caption alignnone\"><img data-recalc-dims=\"1\" decoding=\"async\" aria-describedby=\"caption-attachment-2833\" class=\"wp-image-2833 size-large\" title=\"Gruppenwanderung an der Ostalgarve\" src=\"https:\/\/i0.wp.com\/legendatours.net\/wp-content\/uploads\/2020\/07\/Zimbral_walk-1024x768.jpg?resize=1024%2C768&#038;ssl=1\" alt=\"Gruppenwanderung an der Ostalgarve\" width=\"1024\" height=\"768\" \/><p id=\"caption-attachment-2833\" class=\"wp-caption-text\">Gruppenwanderung auf dem Land der Ostalgarve<\/p><\/div>\n<p>Tavira ist wohl die sch\u00f6nste Stadt der Algarve und strahlt einen authentischen portugiesischen Charme aus. Es gibt nur wenige gro\u00dfe Hotels, viele Kirchen, Fischerboote dr\u00e4ngen sich auf dem Fluss und jeder hat Zeit zum Bummeln.<\/p>\n<p>Sch\u00f6ne leere Str\u00e4nde mit Sand, der f\u00fcr immer zu bestehen scheint. Felder von Orangenb\u00e4umen, schwer mit dem Duft von Bl\u00fcten. Dann die H\u00fcgel von Feigen- und Mandelb\u00e4umen und H\u00e4usern mit schillernden, wei\u00df get\u00fcnchten W\u00e4nden und markanten Kaminen, die so dekoriert sind, dass sie einem feinen Ma\u00dfwerk aus Spitze \u00e4hneln. Und zu guter Letzt die gro\u00dfen Freifl\u00e4chen. Dies ist nur ein Hinweis auf den Charme von Tavira und seiner Gemeinde, eine Einladung, mehr zu erfahren.<\/p>\n<div id=\"attachment_2832\" style=\"width: 1034px\" class=\"wp-caption alignnone\"><img data-recalc-dims=\"1\" decoding=\"async\" aria-describedby=\"caption-attachment-2832\" class=\"wp-image-2832 size-large\" title=\"Santa luzia Walking - Typisches Fischerdorf an der Ostalgarve\" src=\"https:\/\/i0.wp.com\/legendatours.net\/wp-content\/uploads\/2020\/07\/Typical_fishing_village_East_Algarve-1024x685.jpg?resize=1024%2C685&#038;ssl=1\" alt=\"Santa luzia Walking - Typisches Fischerdorf an der Ostalgarve\" width=\"1024\" height=\"685\" \/><p id=\"caption-attachment-2832\" class=\"wp-caption-text\">Wandern in Santa Luzia \u2013 Wanderurlaub in einem typischen Fischerdorf an der Ostalgarve<\/p><\/div>\n<p>Unsere Wanderungen f\u00fchren uns zur Insel Tavira im Naturpark, an einem der sch\u00f6nsten Str\u00e4nde der Welt, und zu h\u00fcbschen K\u00fcstend\u00f6rfern wie Santa Luzia, Cabanas und Cacela Velha. Im Landesinneren schl\u00e4ngeln wir uns zwischen H\u00fcgeln und T\u00e4lern zum niedrigen Gipfel des Zimbral mit weiten, lohnenden Ausblicken.<\/p>\n<p>Alte Pfade f\u00fchren uns vorbei an Bauernh\u00f6fen, durch ein kompliziertes Patchwork aus Orangenhainen, Oliven- und Johannisbrotplantagen. Manchmal gehen wir an Fl\u00fcssen entlang; andere Male zwischen Kiefern und Korkeichen. Die meiste Zeit unserer Saison werden wir mit einer endlosen und sich st\u00e4ndig \u00e4ndernden Prozession wundersch\u00f6ner Blumen pr\u00e4sentiert.<\/p>\n<p>Wir werden auch Abendessen in lokalen Restaurants genie\u00dfen und die Gelegenheit haben, die wunderbare portugiesische K\u00fcche und Weine zu probieren.<\/p>\n<p><iframe title=\"Algarve Visto do Ar - Concelho de Tavira\" width=\"1080\" height=\"608\" src=\"https:\/\/www.youtube.com\/embed\/xZfi4Gcgyxo?feature=oembed\" frameborder=\"0\" allow=\"accelerometer; autoplay; clipboard-write; encrypted-media; gyroscope; picture-in-picture\" allowfullscreen><\/iframe><\/p>","protected":false},"excerpt":{"rendered":"<p>Tavira ist eine alte maurische Stadt, die ihren einzigartigen Charakter und ihr Erbe bewahrt hat. Die Stadt erstreckt sich entlang der Ufer des Flusses Gil\u00e3o und ist eine reizvolle Mischung aus traditioneller portugiesischer Architektur mit tief verwurzelten maurischen Einfl\u00fcssen.<\/p>\n<p>Unsere Wanderungen f\u00fchren uns zur Insel Tavira im Naturpark, an einem der sch\u00f6nsten Str\u00e4nde der Welt, und zu h\u00fcbschen K\u00fcstend\u00f6rfern wie Santa Luzia, Cabanas und Cacela Velha. Im Landesinneren schl\u00e4ngeln wir uns zwischen H\u00fcgeln und T\u00e4lern zum niedrigen Gipfel des Zimbral mit weiten, lohnenden Ausblicken.<\/p>","protected":false},"featured_media":5543,"comment_status":"closed","ping_status":"closed","template":"","meta":{"_acf_changed":false,"inline_featured_image":false},"product_brand":[],"product_cat":[343,340,342,344,355],"product_tag":[311,131,54,606,55,56,314,607,321,58,568,494,181,723,252,724,955,614,59,60,61,793],"class_list":{"0":"post-5437","1":"product","2":"type-product","3":"status-publish","4":"has-post-thumbnail","6":"product_cat-cultural-tours-and-holidays-in-portugal","7":"product_cat-guided-group-tours","8":"product_cat-portugal-guided-historical-holidays","9":"product_cat-guided-sightseeing-holidays-portugal","10":"product_cat-guided-walking-holidays-in-portugal","11":"product_tag-algarve","12":"product_tag-east-algarve","13":"product_tag-europe","14":"product_tag-gastronomy","15":"product_tag-guided-walking-holidays","16":"product_tag-guided-walking-tours","17":"product_tag-hiking","18":"product_tag-holidays","19":"product_tag-nature-walks","20":"product_tag-portugal","21":"product_tag-rambling","22":"product_tag-ria-formosa","23":"product_tag-ria-formosa-natural-park","24":"product_tag-sunny-winters","25":"product_tag-tavira","26":"product_tag-tours-in-portugal","27":"product_tag-typical-fisherman-villages","28":"product_tag-vacations","29":"product_tag-walking","30":"product_tag-walking-holidays","31":"product_tag-walking-tours","32":"product_tag-wines","34":"first","35":"instock","36":"virtual","37":"sold-individually","38":"product-type-booking"},"acf":[],"yoast_head":"<!-- This site is optimized with the Yoast SEO Premium plugin v26.8 (Yoast SEO v27.5) - https:\/\/yoast.com\/product\/yoast-seo-premium-wordpress\/ -->\n<title>Walking Holidays in Tavira and the Real Algarve<\/title>\n<meta name=\"description\" content=\"Tavira retained its unique character and heritage. A mix of traditional Portuguese architecture Tavira is arguably the Algarve\u2019s prettiest town.\" \/>\n<meta name=\"robots\" content=\"index, follow, max-snippet:-1, max-image-preview:large, max-video-preview:-1\" \/>\n<link rel=\"canonical\" href=\"https:\/\/becooltravel.com\/de\/produkt\/tavira-und-die-echte-algarve-11800g\/\" \/>\n<meta property=\"og:locale\" content=\"de_DE\" \/>\n<meta property=\"og:type\" content=\"article\" \/>\n<meta property=\"og:title\" content=\"Walking holiday in Tavira And The Real Algarve\" \/>\n<meta property=\"og:description\" content=\"Tavira is arguably the Algarve\u2019s prettiest town, and exudes an authentic Portuguese charm. Big hotels are few, churches are many, fishing boats crowd the river and everyone has time to dawdle.Beautiful empty beaches with sands that seem to go on forever. Fields of orange trees, heavy with the scent of blossom. Then the hills of fig and almond trees and houses with dazzling whitewashed walls and distinctive chimneys decorated to resemble fine tracery of lace. And, last of all, the great open spaces. This is just a hint of the charms of Tavira and its municipality, an invitation to come and find out more.\" \/>\n<meta property=\"og:url\" content=\"https:\/\/becooltravel.com\/de\/produkt\/tavira-und-die-echte-algarve-11800g\/\" \/>\n<meta property=\"og:site_name\" content=\"BeCool Travel\" \/>\n<meta property=\"article:publisher\" content=\"https:\/\/www.facebook.com\/becooltravelagency\/\" \/>\n<meta property=\"article:modified_time\" content=\"2022-08-14T12:47:38+00:00\" \/>\n<meta property=\"og:image\" content=\"https:\/\/i0.wp.com\/becooltravel.com\/wp-content\/uploads\/sites\/5\/2020\/07\/east_algarve_walking.jpg?fit=1067%2C800&ssl=1\" \/>\n\t<meta property=\"og:image:width\" content=\"1067\" \/>\n\t<meta property=\"og:image:height\" content=\"800\" \/>\n\t<meta property=\"og:image:type\" content=\"image\/jpeg\" \/>\n<meta name=\"twitter:card\" content=\"summary_large_image\" \/>\n<meta name=\"twitter:title\" content=\"Walking in Tavira And The Real Algarve\" \/>\n<meta name=\"twitter:description\" content=\"Tavira is arguably the Algarve\u2019s prettiest town, and exudes an authentic Portuguese charm. Big hotels are few, churches are many, fishing boats crowd the river and everyone has time to dawdle.Beautiful empty beaches with sands that seem to go on forever. Fields of orange trees, heavy with the scent of blossom. Then the hills of fig and almond trees and houses with dazzling whitewashed walls and distinctive chimneys decorated to resemble fine tracery of lace. And, last of all, the great open spaces. This is just a hint of the charms of Tavira and its municipality, an invitation to come and find out more.\" \/>\n<meta name=\"twitter:image\" content=\"https:\/\/i0.wp.com\/becooltravel.com\/wp-content\/uploads\/sites\/5\/2020\/07\/east_algarve_walking.jpg?fit=1067%2C800&ssl=1\" \/>\n<meta name=\"twitter:site\" content=\"@becool_travel\" \/>\n<meta name=\"twitter:label1\" content=\"Gesch\u00e4tzte Lesezeit\" \/>\n\t<meta name=\"twitter:data1\" content=\"2\u00a0Minuten\" \/>\n<script type=\"application\/ld+json\" class=\"yoast-schema-graph\">{\"@context\":\"https:\\\/\\\/schema.org\",\"@graph\":[{\"@type\":[\"WebPage\",\"ItemPage\"],\"@id\":\"https:\\\/\\\/becooltravel.com\\\/product\\\/tavira-and-the-real-algarve-11800g\\\/\",\"url\":\"https:\\\/\\\/becooltravel.com\\\/product\\\/tavira-and-the-real-algarve-11800g\\\/\",\"name\":\"Walking Holidays in Tavira and the Real Algarve\",\"isPartOf\":{\"@id\":\"https:\\\/\\\/becooltravel.com\\\/#website\"},\"primaryImageOfPage\":{\"@id\":\"https:\\\/\\\/becooltravel.com\\\/product\\\/tavira-and-the-real-algarve-11800g\\\/#primaryimage\"},\"image\":{\"@id\":\"https:\\\/\\\/becooltravel.com\\\/product\\\/tavira-and-the-real-algarve-11800g\\\/#primaryimage\"},\"thumbnailUrl\":\"https:\\\/\\\/i0.wp.com\\\/becooltravel.com\\\/wp-content\\\/uploads\\\/sites\\\/5\\\/2020\\\/07\\\/east_algarve_walking.jpg?fit=1067%2C800&ssl=1\",\"datePublished\":\"2020-07-08T13:58:36+00:00\",\"dateModified\":\"2022-08-14T12:47:38+00:00\",\"description\":\"Tavira retained its unique character and heritage. A mix of traditional Portuguese architecture Tavira is arguably the Algarve\u2019s prettiest town.\",\"breadcrumb\":{\"@id\":\"https:\\\/\\\/becooltravel.com\\\/product\\\/tavira-and-the-real-algarve-11800g\\\/#breadcrumb\"},\"inLanguage\":\"de\",\"potentialAction\":[{\"@type\":\"ReadAction\",\"target\":[\"https:\\\/\\\/becooltravel.com\\\/product\\\/tavira-and-the-real-algarve-11800g\\\/\"]}]},{\"@type\":\"ImageObject\",\"inLanguage\":\"de\",\"@id\":\"https:\\\/\\\/becooltravel.com\\\/product\\\/tavira-and-the-real-algarve-11800g\\\/#primaryimage\",\"url\":\"https:\\\/\\\/i0.wp.com\\\/becooltravel.com\\\/wp-content\\\/uploads\\\/sites\\\/5\\\/2020\\\/07\\\/east_algarve_walking.jpg?fit=1067%2C800&ssl=1\",\"contentUrl\":\"https:\\\/\\\/i0.wp.com\\\/becooltravel.com\\\/wp-content\\\/uploads\\\/sites\\\/5\\\/2020\\\/07\\\/east_algarve_walking.jpg?fit=1067%2C800&ssl=1\",\"width\":1067,\"height\":800,\"caption\":\"Walking in the East Algarve\"},{\"@type\":\"BreadcrumbList\",\"@id\":\"https:\\\/\\\/becooltravel.com\\\/product\\\/tavira-and-the-real-algarve-11800g\\\/#breadcrumb\",\"itemListElement\":[{\"@type\":\"ListItem\",\"position\":1,\"name\":\"Home\",\"item\":\"https:\\\/\\\/becooltravel.com\\\/\"},{\"@type\":\"ListItem\",\"position\":2,\"name\":\"Shop\",\"item\":\"https:\\\/\\\/becooltravel.com\\\/?page_id=5\"},{\"@type\":\"ListItem\",\"position\":3,\"name\":\"Algarve holidays . You can use\u00a0footpaths and walking\u00a0 trails\u00a0to get to know the region, such as the\u00a0Algarve Way\u00a0or the\u00a0Vicentine Route along one of the best preserved coastal stretches.\",\"item\":\"https:\\\/\\\/becooltravel.com\\\/product-tag\\\/algarve\\\/\"},{\"@type\":\"ListItem\",\"position\":4,\"name\":\"Walking holiday in Tavira And The Real Algarve\"}]},{\"@type\":\"WebSite\",\"@id\":\"https:\\\/\\\/becooltravel.com\\\/#website\",\"url\":\"https:\\\/\\\/becooltravel.com\\\/\",\"name\":\"BeCool Travel\",\"description\":\"Sustainable holidays in Portugal for independent travelers\",\"publisher\":{\"@id\":\"https:\\\/\\\/becooltravel.com\\\/#organization\"},\"potentialAction\":[{\"@type\":\"SearchAction\",\"target\":{\"@type\":\"EntryPoint\",\"urlTemplate\":\"https:\\\/\\\/becooltravel.com\\\/?s={search_term_string}\"},\"query-input\":{\"@type\":\"PropertyValueSpecification\",\"valueRequired\":true,\"valueName\":\"search_term_string\"}}],\"inLanguage\":\"de\"},{\"@type\":\"Organization\",\"@id\":\"https:\\\/\\\/becooltravel.com\\\/#organization\",\"name\":\"BecoolTravel. com- Portugal\",\"url\":\"https:\\\/\\\/becooltravel.com\\\/\",\"logo\":{\"@type\":\"ImageObject\",\"inLanguage\":\"de\",\"@id\":\"https:\\\/\\\/becooltravel.com\\\/#\\\/schema\\\/logo\\\/image\\\/\",\"url\":\"https:\\\/\\\/becooltravel.com\\\/wp-content\\\/uploads\\\/sites\\\/5\\\/2020\\\/03\\\/Logo_BeCool.jpg\",\"contentUrl\":\"https:\\\/\\\/becooltravel.com\\\/wp-content\\\/uploads\\\/sites\\\/5\\\/2020\\\/03\\\/Logo_BeCool.jpg\",\"width\":534,\"height\":534,\"caption\":\"BecoolTravel. com- Portugal\"},\"image\":{\"@id\":\"https:\\\/\\\/becooltravel.com\\\/#\\\/schema\\\/logo\\\/image\\\/\"},\"sameAs\":[\"https:\\\/\\\/www.facebook.com\\\/becooltravelagency\\\/\",\"https:\\\/\\\/x.com\\\/becool_travel\",\"https:\\\/\\\/www.instagram.com\\\/becooltravel_com\\\/\",\"https:\\\/\\\/www.linkedin.com\\\/company\\\/becool-travel\\\/\",\"https:\\\/\\\/www.youtube.com\\\/channel\\\/UCE7zRU3EVG1PgfXwQo-5uJw\"]}]}<\/script>\n<!-- \/ Yoast SEO Premium plugin. -->","yoast_head_json":{"title":"Wanderurlaub in Tavira und an der Realalgarve","description":"Tavira hat seinen einzigartigen Charakter und sein Erbe bewahrt. Eine Mischung aus traditioneller portugiesischer Architektur Tavira ist wohl die sch\u00f6nste Stadt der Algarve.","robots":{"index":"index","follow":"follow","max-snippet":"max-snippet:-1","max-image-preview":"max-image-preview:large","max-video-preview":"max-video-preview:-1"},"canonical":"https:\/\/becooltravel.com\/de\/produkt\/tavira-und-die-echte-algarve-11800g\/","og_locale":"de_DE","og_type":"article","og_title":"Walking holiday in Tavira And The Real Algarve","og_description":"Tavira is arguably the Algarve\u2019s prettiest town, and exudes an authentic Portuguese charm. Big hotels are few, churches are many, fishing boats crowd the river and everyone has time to dawdle.Beautiful empty beaches with sands that seem to go on forever. Fields of orange trees, heavy with the scent of blossom. Then the hills of fig and almond trees and houses with dazzling whitewashed walls and distinctive chimneys decorated to resemble fine tracery of lace. And, last of all, the great open spaces. This is just a hint of the charms of Tavira and its municipality, an invitation to come and find out more.","og_url":"https:\/\/becooltravel.com\/de\/produkt\/tavira-und-die-echte-algarve-11800g\/","og_site_name":"BeCool Travel","article_publisher":"https:\/\/www.facebook.com\/becooltravelagency\/","article_modified_time":"2022-08-14T12:47:38+00:00","og_image":[{"width":1067,"height":800,"url":"https:\/\/i0.wp.com\/becooltravel.com\/wp-content\/uploads\/sites\/5\/2020\/07\/east_algarve_walking.jpg?fit=1067%2C800&ssl=1","type":"image\/jpeg"}],"twitter_card":"summary_large_image","twitter_title":"Walking in Tavira And The Real Algarve","twitter_description":"Tavira is arguably the Algarve\u2019s prettiest town, and exudes an authentic Portuguese charm. Big hotels are few, churches are many, fishing boats crowd the river and everyone has time to dawdle.Beautiful empty beaches with sands that seem to go on forever. Fields of orange trees, heavy with the scent of blossom. Then the hills of fig and almond trees and houses with dazzling whitewashed walls and distinctive chimneys decorated to resemble fine tracery of lace. And, last of all, the great open spaces. This is just a hint of the charms of Tavira and its municipality, an invitation to come and find out more.","twitter_image":"https:\/\/i0.wp.com\/becooltravel.com\/wp-content\/uploads\/sites\/5\/2020\/07\/east_algarve_walking.jpg?fit=1067%2C800&ssl=1","twitter_site":"@becool_travel","twitter_misc":{"Gesch\u00e4tzte Lesezeit":"2\u00a0Minuten"},"schema":{"@context":"https:\/\/schema.org","@graph":[{"@type":["WebPage","ItemPage"],"@id":"https:\/\/becooltravel.com\/product\/tavira-and-the-real-algarve-11800g\/","url":"https:\/\/becooltravel.com\/product\/tavira-and-the-real-algarve-11800g\/","name":"Wanderurlaub in Tavira und an der Realalgarve","isPartOf":{"@id":"https:\/\/becooltravel.com\/#website"},"primaryImageOfPage":{"@id":"https:\/\/becooltravel.com\/product\/tavira-and-the-real-algarve-11800g\/#primaryimage"},"image":{"@id":"https:\/\/becooltravel.com\/product\/tavira-and-the-real-algarve-11800g\/#primaryimage"},"thumbnailUrl":"https:\/\/i0.wp.com\/becooltravel.com\/wp-content\/uploads\/sites\/5\/2020\/07\/east_algarve_walking.jpg?fit=1067%2C800&ssl=1","datePublished":"2020-07-08T13:58:36+00:00","dateModified":"2022-08-14T12:47:38+00:00","description":"Tavira hat seinen einzigartigen Charakter und sein Erbe bewahrt. Eine Mischung aus traditioneller portugiesischer Architektur Tavira ist wohl die sch\u00f6nste Stadt der Algarve.","breadcrumb":{"@id":"https:\/\/becooltravel.com\/product\/tavira-and-the-real-algarve-11800g\/#breadcrumb"},"inLanguage":"de","potentialAction":[{"@type":"ReadAction","target":["https:\/\/becooltravel.com\/product\/tavira-and-the-real-algarve-11800g\/"]}]},{"@type":"ImageObject","inLanguage":"de","@id":"https:\/\/becooltravel.com\/product\/tavira-and-the-real-algarve-11800g\/#primaryimage","url":"https:\/\/i0.wp.com\/becooltravel.com\/wp-content\/uploads\/sites\/5\/2020\/07\/east_algarve_walking.jpg?fit=1067%2C800&ssl=1","contentUrl":"https:\/\/i0.wp.com\/becooltravel.com\/wp-content\/uploads\/sites\/5\/2020\/07\/east_algarve_walking.jpg?fit=1067%2C800&ssl=1","width":1067,"height":800,"caption":"Walking in the East Algarve"},{"@type":"BreadcrumbList","@id":"https:\/\/becooltravel.com\/product\/tavira-and-the-real-algarve-11800g\/#breadcrumb","itemListElement":[{"@type":"ListItem","position":1,"name":"Home","item":"https:\/\/becooltravel.com\/"},{"@type":"ListItem","position":2,"name":"Shop","item":"https:\/\/becooltravel.com\/?page_id=5"},{"@type":"ListItem","position":3,"name":"Algarve holidays . You can use\u00a0footpaths and walking\u00a0 trails\u00a0to get to know the region, such as the\u00a0Algarve Way\u00a0or the\u00a0Vicentine Route along one of the best preserved coastal stretches.","item":"https:\/\/becooltravel.com\/product-tag\/algarve\/"},{"@type":"ListItem","position":4,"name":"Walking holiday in Tavira And The Real Algarve"}]},{"@type":"WebSite","@id":"https:\/\/becooltravel.com\/#website","url":"https:\/\/becooltravel.com\/","name":"BeCool Travel","description":"Nachhaltiger Urlaub in Portugal f\u00fcr Individualreisende","publisher":{"@id":"https:\/\/becooltravel.com\/#organization"},"potentialAction":[{"@type":"SearchAction","target":{"@type":"EntryPoint","urlTemplate":"https:\/\/becooltravel.com\/?s={search_term_string}"},"query-input":{"@type":"PropertyValueSpecification","valueRequired":true,"valueName":"search_term_string"}}],"inLanguage":"de"},{"@type":"Organization","@id":"https:\/\/becooltravel.com\/#organization","name":"BecoolTravel. com- Portugal","url":"https:\/\/becooltravel.com\/","logo":{"@type":"ImageObject","inLanguage":"de","@id":"https:\/\/becooltravel.com\/#\/schema\/logo\/image\/","url":"https:\/\/becooltravel.com\/wp-content\/uploads\/sites\/5\/2020\/03\/Logo_BeCool.jpg","contentUrl":"https:\/\/becooltravel.com\/wp-content\/uploads\/sites\/5\/2020\/03\/Logo_BeCool.jpg","width":534,"height":534,"caption":"BecoolTravel. com- Portugal"},"image":{"@id":"https:\/\/becooltravel.com\/#\/schema\/logo\/image\/"},"sameAs":["https:\/\/www.facebook.com\/becooltravelagency\/","https:\/\/x.com\/becool_travel","https:\/\/www.instagram.com\/becooltravel_com\/","https:\/\/www.linkedin.com\/company\/becool-travel\/","https:\/\/www.youtube.com\/channel\/UCE7zRU3EVG1PgfXwQo-5uJw"]}]}},"jetpack_sharing_enabled":true,"_links":{"self":[{"href":"https:\/\/becooltravel.com\/de\/wp-json\/wp\/v2\/product\/5437","targetHints":{"allow":["GET"]}}],"collection":[{"href":"https:\/\/becooltravel.com\/de\/wp-json\/wp\/v2\/product"}],"about":[{"href":"https:\/\/becooltravel.com\/de\/wp-json\/wp\/v2\/types\/product"}],"replies":[{"embeddable":true,"href":"https:\/\/becooltravel.com\/de\/wp-json\/wp\/v2\/comments?post=5437"}],"wp:featuredmedia":[{"embeddable":true,"href":"https:\/\/becooltravel.com\/de\/wp-json\/wp\/v2\/media\/5543"}],"wp:attachment":[{"href":"https:\/\/becooltravel.com\/de\/wp-json\/wp\/v2\/media?parent=5437"}],"wp:term":[{"taxonomy":"product_brand","embeddable":true,"href":"https:\/\/becooltravel.com\/de\/wp-json\/wp\/v2\/product_brand?post=5437"},{"taxonomy":"product_cat","embeddable":true,"href":"https:\/\/becooltravel.com\/de\/wp-json\/wp\/v2\/product_cat?post=5437"},{"taxonomy":"product_tag","embeddable":true,"href":"https:\/\/becooltravel.com\/de\/wp-json\/wp\/v2\/product_tag?post=5437"}],"curies":[{"name":"wp","href":"https:\/\/api.w.org\/{rel}","templated":true}]}}