{"id":5442,"date":"2020-07-09T10:34:37","date_gmt":"2020-07-09T10:34:37","guid":{"rendered":"https:\/\/becooltravel.com\/?post_type=product&#038;p=5442"},"modified":"2022-08-14T12:56:00","modified_gmt":"2022-08-14T12:56:00","slug":"the-vicentina-coast-12300g","status":"publish","type":"product","link":"https:\/\/becooltravel.com\/de\/produkt\/die-vicentina-kuste-12300g\/","title":{"rendered":"Wandern an der K\u00fcste von Vicentina"},"content":{"rendered":"<p><strong>Gruppen mit mindestens 6 Personen akzeptiert.<\/strong><\/p>\n<p>&nbsp;<\/p>\n<p>Die Rota Vicentina ist ein Fernwanderweg im S\u00fcdwesten Portugals zwischen der Stadt Santiago, do Cac\u00e9m und dem Kap von St. Vincent. Die 340 km lange Route ist Teil des europ\u00e4ischen Wanderwegenetzes und verbindet Binnen- und K\u00fcstenwanderungen entlang einer der sch\u00f6nsten und am besten erhaltenen K\u00fcsten S\u00fcdeuropas. Es ist eine lohnende Art, die echten Regionen Alentejo und Algarve in Portugal zu sehen und auf unvergesslichen Routen voller Traditionen zu wandern.<\/p>\n<p>Das Gebiet hat eine wilde und kraftvolle Landschaft von der dramatischen K\u00fcste und den Seest\u00fccken bis hin zu der intimeren und gesch\u00fctzteren Atmosph\u00e4re des bewaldeten Innenraums.<\/p>\n<div id=\"attachment_2860\" style=\"width: 1034px\" class=\"wp-caption alignnone\"><img data-recalc-dims=\"1\" decoding=\"async\" aria-describedby=\"caption-attachment-2860\" class=\"wp-image-2860 size-large\" title=\"Rota Vicentina kraftvolle Landschaft von der dramatischen K\u00fcste \" src=\"https:\/\/i0.wp.com\/legendatours.net\/wp-content\/uploads\/2020\/07\/vicentina-1024x683.jpeg?resize=1024%2C683&#038;ssl=1\" alt=\"Rota Vicentina geht\" width=\"1024\" height=\"683\" \/><p id=\"caption-attachment-2860\" class=\"wp-caption-text\">Rota Vicentina kraftvolle Landschaft von der dramatischen K\u00fcste<\/p><\/div>\n<p>Wir st\u00fctzen uns in einem Zentrum. Das komfortable Hotel Enigma mit seinen vielen Einrichtungen ist f\u00fcr diese Woche unser Zuhause. Dies minimiert den Aufwand des st\u00e4ndigen Ein- und Auspackens und l\u00e4sst mehr Zeit, um die Tour zu genie\u00dfen. Das Zentrum bietet guten und einfachen Zugang zu einigen der sch\u00f6nsten Abschnitte dieser Route.<\/p>\n<p>Diese Tour soll nicht jeden Schritt des Weges der Rota Vicentina abdecken, sondern folgt einigen der abwechslungsreichsten und attraktivsten Abschnitte der Wanderwege, die den vollen Geschmack dieser faszinierenden Region vermitteln.<\/p>\n<p>Wir erkunden die kontrastreiche Sch\u00f6nheit der K\u00fcsten- und Binnenlandschaften, erleben wilde und unber\u00fchrte Natur, atemberaubende Aussichten, einsame Str\u00e4nde, die Authentizit\u00e4t und reiche Identit\u00e4t der Region. Das ganzj\u00e4hrig milde Wetter und wunderbares Essen.<\/p>\n<p>Bewundern Sie wundersch\u00f6ne Landschaften mit Wildblumen und genie\u00dfen Sie die traditionelle Lebensweise.<\/p>\n<p>Wir wandern durch ausgedehnte Korkeichenw\u00e4lder, sanfte H\u00fcgel, gr\u00fcne T\u00e4ler, entlang sich schl\u00e4ngelnder Fl\u00fcsse und B\u00e4che, auf einer wahren Reise durch die Zeit, die lokale Kultur und Naturpfade. Die Route f\u00fchrt durch einen Naturpark, der zu den sch\u00f6nsten und am besten erhaltenen K\u00fcstengebieten S\u00fcdeuropas geh\u00f6rt, mit wilden Str\u00e4nden und faszinierender l\u00e4ndlicher Kultur.<\/p>\n<p>Wir werden lokale D\u00f6rfer besuchen, in denen das Arbeitsleben seit Jahrhunderten andauert.<\/p>\n<div id=\"attachment_2200\" style=\"width: 1034px\" class=\"wp-caption alignnone\"><img data-recalc-dims=\"1\" decoding=\"async\" aria-describedby=\"caption-attachment-2200\" class=\"wp-image-2200 size-large\" title=\"Vicentina Route - Historischer Weg\" src=\"https:\/\/i0.wp.com\/legendatours.net\/wp-content\/uploads\/2020\/05\/Hike_countryside-1024x768.jpg?resize=1024%2C768&#038;ssl=1\" alt=\"Vicentina Route - Historischer Weg\" width=\"1024\" height=\"768\" \/><p id=\"caption-attachment-2200\" class=\"wp-caption-text\">Vicentina Route - Historischer Weg<\/p><\/div>\n<p>Die charakteristische Vegetation der H\u00fcgel umfasst die Korkeiche (Quercus suber) und den Erdbeerbaum (Arbutus unedo).<\/p>\n<p>Da wir \u00fcber einen speziellen Transport verf\u00fcgen, wird es eine betr\u00e4chtliche Flexibilit\u00e4t f\u00fcr die Aktivit\u00e4ten der Gruppe geben. Unser einfallsreiches \u201eOpt-out- oder Opt-in-System\u201c bedeutet, dass die Wanderungen so herausfordernd oder so entspannend und einfach sein k\u00f6nnen, wie Sie es m\u00f6chten.<\/p>\n<p>Die D\u00f6rfer und Naturschutzgebiete entlang der Route sind ein wesentlicher Teil ihres Charakters und Sie werden Zeit haben, sie zu sch\u00e4tzen.<\/p>\n<p>W\u00e4hrend der Woche entdecken wir eine K\u00fcste mit beeindruckenden Klippen, gekr\u00f6nt von Sandd\u00fcnen, die mit aromatischer mediterraner Flora bedeckt sind; felsige Inseln mit Wei\u00dfstorchennestern, die einzige Meereskolonie in Europa, und kleine Fischerh\u00e4fen, von denen aus die Fischer t\u00e4glich den Wellen des Atlantiks begegnen.<\/p>\n<p>Wir werden ein Paradies der Ruhe und Natur umarmen, wenn wir an schattigen Flussufern entlang gehen, die sich von offenen H\u00fcgeln abheben, in denen die Korkeiche K\u00f6nig ist. An den steileren H\u00e4ngen befinden sich die \u00dcberreste des einheimischen mediterranen Eichenwaldes, w\u00e4hrend das Mira-Tal voller V\u00f6gel ist.<\/p>\n<p>Um eine wirklich wilde K\u00fcstenlandschaft zu erkunden, w\u00e4hlen Sie diese sanfte, aber spektakul\u00e4re Tour, die die eindringliche Sch\u00f6nheit der s\u00fcdwestlichen K\u00fcste Portugals offenbart.<\/p>\n<div class=\"row\" style=\"display: flex;\">\n<div class=\"column\" style=\"flex: 45%;\">\n<div class=\"row\" style=\"display: flex;\">\n<div class=\"column\" style=\"flex: 45%;\">\n<p><iframe title=\"Zwei Schritte zur Freiheit - Rota Vicentina - Englische Version\" width=\"1080\" height=\"608\" src=\"https:\/\/www.youtube.com\/embed\/378VE1BxOrs?list=PLXuQK_E-D9ms4xzwNQLaux8GjS_169PbF\" frameborder=\"0\" allow=\"accelerometer; autoplay; clipboard-write; encrypted-media; gyroscope; picture-in-picture\" allowfullscreen><\/iframe><\/p>\n<\/div>\n<div class=\"column\" style=\"flex: 10%;\"><\/div>\n<div class=\"column\" style=\"flex: 45%;\"><\/div>\n<\/div>\n<\/div>\n<\/div>","protected":false},"excerpt":{"rendered":"<p>Die Rota Vicentina ist ein Fernwanderweg im S\u00fcdwesten Portugals zwischen der Stadt Santiago, do Cac\u00e9m und dem Kap von St. Vincent. Die 340 km lange Route ist Teil des europ\u00e4ischen Wanderwegenetzes und verbindet Binnen- und K\u00fcstenwanderungen entlang einer der sch\u00f6nsten und am besten erhaltenen K\u00fcsten S\u00fcdeuropas. Es ist eine lohnende Art, die echten Regionen Alentejo und Algarve in Portugal zu sehen und auf unvergesslichen Routen voller Traditionen zu wandern.<\/p>\n<p>Das Gebiet hat eine wilde und kraftvolle Landschaft von der dramatischen K\u00fcste und den Seest\u00fccken bis hin zu der intimeren und gesch\u00fctzteren Atmosph\u00e4re des bewaldeten Innenraums.<\/p>","protected":false},"featured_media":5575,"comment_status":"closed","ping_status":"closed","template":"","meta":{"_acf_changed":false,"inline_featured_image":false},"product_brand":[],"product_cat":[343,340,342,344,355],"product_tag":[63,64,90,203,474,950,164,741,187,255,204,149,839,579,929,476,562,878,261,384,478,133,73,788,789,930,433,790,629,479,480,482,949,68],"class_list":{"0":"post-5442","1":"product","2":"type-product","3":"status-publish","4":"has-post-thumbnail","6":"product_cat-cultural-tours-and-holidays-in-portugal","7":"product_cat-guided-group-tours","8":"product_cat-portugal-guided-historical-holidays","9":"product_cat-guided-sightseeing-holidays-portugal","10":"product_cat-guided-walking-holidays-in-portugal","11":"product_tag-alentejo-landscape","12":"product_tag-alentejo-walking","13":"product_tag-algarve-gr13","14":"product_tag-beautiful-landscapes","15":"product_tag-cape-of-st-vincent","16":"product_tag-cape-st-vincent","17":"product_tag-coastal-scenery","18":"product_tag-coastal-walks","19":"product_tag-coastal-way","20":"product_tag-cork-trees","21":"product_tag-cultural-heritage","22":"product_tag-dramatic-beauty-of-the-atlantic-coast","23":"product_tag-dramatic-cliffs","24":"product_tag-green-landscape","25":"product_tag-green-valleys","26":"product_tag-inland-sceneries","27":"product_tag-inland-walks","28":"product_tag-landscape","29":"product_tag-local-gastronomy","30":"product_tag-magnificent-landscape","31":"product_tag-natural-park","32":"product_tag-natural-reserves","33":"product_tag-natural-scenery","34":"product_tag-nature-holidays","35":"product_tag-nature-tour","36":"product_tag-nature-trails","37":"product_tag-parque-natural-de-costa-vicentina","38":"product_tag-picturesque-landscapes","39":"product_tag-portugals-biggest-natural-reserve","40":"product_tag-rota-vicentina","41":"product_tag-santiago-do-cacem","42":"product_tag-vicentina-coast","43":"product_tag-vicentina-route","44":"product_tag-wild-flowers-alentejo","46":"first","47":"instock","48":"virtual","49":"sold-individually","50":"product-type-booking"},"acf":[],"yoast_head":"<!-- This site is optimized with the Yoast SEO Premium plugin v26.8 (Yoast SEO v27.5) - https:\/\/yoast.com\/product\/yoast-seo-premium-wordpress\/ -->\n<title>Walking The Vicentina Coast<\/title>\n<meta name=\"description\" content=\"The Rota Vicentina is a long-distance path in SW Portugal, between the city of Santiago do Cac\u00e9m and the Cape of St. Vincent. The 340 km route forms part of the European footpath network and mixes inland and coastal walking along one of the most beautiful and best-preserved coast lines of southern Europe. It is a rewarding way of seeing the real Alentejo and Algarve regions of Portugal and walk on unforgettable routes full of tradition.The area has a wild and powerful landscape from the dramatic coast and seascapes to the more intimate and protected feel of the wooded interior.\" \/>\n<meta name=\"robots\" content=\"index, follow, max-snippet:-1, max-image-preview:large, max-video-preview:-1\" \/>\n<link rel=\"canonical\" href=\"https:\/\/becooltravel.com\/de\/produkt\/die-vicentina-kuste-12300g\/\" \/>\n<meta property=\"og:locale\" content=\"de_DE\" \/>\n<meta property=\"og:type\" content=\"article\" \/>\n<meta property=\"og:title\" content=\"Walking Rota Vicentina is a long-distance path in SW Portugal\" \/>\n<meta property=\"og:description\" content=\"The Rota Vicentina is a long-distance path in SW Portugal, between the city of Santiago do Cac\u00e9m and the Cape of St. Vincent. The 340 km route forms part of the European footpath network and mixes inland and coastal walking along one of the most beautiful and best-preserved coast lines of southern Europe. It is a rewarding way of seeing the real Alentejo and Algarve regions of Portugal and walk on unforgettable routes full of tradition.The area has a wild and powerful landscape from the dramatic coast and seascapes to the more intimate and protected feel of the wooded interior.\" \/>\n<meta property=\"og:url\" content=\"https:\/\/becooltravel.com\/de\/produkt\/die-vicentina-kuste-12300g\/\" \/>\n<meta property=\"og:site_name\" content=\"BeCool Travel\" \/>\n<meta property=\"article:publisher\" content=\"https:\/\/www.facebook.com\/becooltravelagency\/\" \/>\n<meta property=\"article:modified_time\" content=\"2022-08-14T12:56:00+00:00\" \/>\n<meta property=\"og:image\" content=\"https:\/\/i0.wp.com\/becooltravel.com\/wp-content\/uploads\/sites\/5\/2020\/07\/fisherman_trail_vicentina.jpg?fit=1039%2C768&ssl=1\" \/>\n\t<meta property=\"og:image:width\" content=\"1039\" \/>\n\t<meta property=\"og:image:height\" content=\"768\" \/>\n\t<meta property=\"og:image:type\" content=\"image\/jpeg\" \/>\n<meta name=\"twitter:card\" content=\"summary_large_image\" \/>\n<meta name=\"twitter:title\" content=\"Walking holiday Rota Vicentina is a long-distance path in SW Portugal\" \/>\n<meta name=\"twitter:description\" content=\"The Rota Vicentina is a long-distance path in SW Portugal, between the city of Santiago do Cac\u00e9m and the Cape of St. Vincent. The 340 km route forms part of the European footpath network and mixes inland and coastal walking along one of the most beautiful and best-preserved coast lines of southern Europe. It is a rewarding way of seeing the real Alentejo and Algarve regions of Portugal and walk on unforgettable routes full of tradition.The area has a wild and powerful landscape from the dramatic coast and seascapes to the more intimate and protected feel of the wooded interior.\" \/>\n<meta name=\"twitter:image\" content=\"https:\/\/i0.wp.com\/becooltravel.com\/wp-content\/uploads\/sites\/5\/2020\/07\/fisherman_trail_vicentina.jpg?fit=1039%2C768&ssl=1\" \/>\n<meta name=\"twitter:site\" content=\"@becool_travel\" \/>\n<meta name=\"twitter:label1\" content=\"Gesch\u00e4tzte Lesezeit\" \/>\n\t<meta name=\"twitter:data1\" content=\"3\u00a0Minuten\" \/>\n<script type=\"application\/ld+json\" class=\"yoast-schema-graph\">{\"@context\":\"https:\\\/\\\/schema.org\",\"@graph\":[{\"@type\":[\"WebPage\",\"ItemPage\"],\"@id\":\"https:\\\/\\\/becooltravel.com\\\/product\\\/the-vicentina-coast-12300g\\\/\",\"url\":\"https:\\\/\\\/becooltravel.com\\\/product\\\/the-vicentina-coast-12300g\\\/\",\"name\":\"Walking The Vicentina Coast\",\"isPartOf\":{\"@id\":\"https:\\\/\\\/becooltravel.com\\\/#website\"},\"primaryImageOfPage\":{\"@id\":\"https:\\\/\\\/becooltravel.com\\\/product\\\/the-vicentina-coast-12300g\\\/#primaryimage\"},\"image\":{\"@id\":\"https:\\\/\\\/becooltravel.com\\\/product\\\/the-vicentina-coast-12300g\\\/#primaryimage\"},\"thumbnailUrl\":\"https:\\\/\\\/i0.wp.com\\\/becooltravel.com\\\/wp-content\\\/uploads\\\/sites\\\/5\\\/2020\\\/07\\\/fisherman_trail_vicentina.jpg?fit=1039%2C768&ssl=1\",\"datePublished\":\"2020-07-09T10:34:37+00:00\",\"dateModified\":\"2022-08-14T12:56:00+00:00\",\"description\":\"The Rota Vicentina is a long-distance path in SW Portugal, between the city of Santiago do Cac\u00e9m and the Cape of St. Vincent. The 340 km route forms part of the European footpath network and mixes inland and coastal walking along one of the most beautiful and best-preserved coast lines of southern Europe. It is a rewarding way of seeing the real Alentejo and Algarve regions of Portugal and walk on unforgettable routes full of tradition.The area has a wild and powerful landscape from the dramatic coast and seascapes to the more intimate and protected feel of the wooded interior.\",\"breadcrumb\":{\"@id\":\"https:\\\/\\\/becooltravel.com\\\/product\\\/the-vicentina-coast-12300g\\\/#breadcrumb\"},\"inLanguage\":\"de\",\"potentialAction\":[{\"@type\":\"ReadAction\",\"target\":[\"https:\\\/\\\/becooltravel.com\\\/product\\\/the-vicentina-coast-12300g\\\/\"]}]},{\"@type\":\"ImageObject\",\"inLanguage\":\"de\",\"@id\":\"https:\\\/\\\/becooltravel.com\\\/product\\\/the-vicentina-coast-12300g\\\/#primaryimage\",\"url\":\"https:\\\/\\\/i0.wp.com\\\/becooltravel.com\\\/wp-content\\\/uploads\\\/sites\\\/5\\\/2020\\\/07\\\/fisherman_trail_vicentina.jpg?fit=1039%2C768&ssl=1\",\"contentUrl\":\"https:\\\/\\\/i0.wp.com\\\/becooltravel.com\\\/wp-content\\\/uploads\\\/sites\\\/5\\\/2020\\\/07\\\/fisherman_trail_vicentina.jpg?fit=1039%2C768&ssl=1\",\"width\":1039,\"height\":768,\"caption\":\"Fisherman's trail Rota Vicentina\"},{\"@type\":\"BreadcrumbList\",\"@id\":\"https:\\\/\\\/becooltravel.com\\\/product\\\/the-vicentina-coast-12300g\\\/#breadcrumb\",\"itemListElement\":[{\"@type\":\"ListItem\",\"position\":1,\"name\":\"Home\",\"item\":\"https:\\\/\\\/becooltravel.com\\\/\"},{\"@type\":\"ListItem\",\"position\":2,\"name\":\"Shop\",\"item\":\"https:\\\/\\\/becooltravel.com\\\/?page_id=5\"},{\"@type\":\"ListItem\",\"position\":3,\"name\":\"Best Alentejo landscape walking holiday\",\"item\":\"https:\\\/\\\/becooltravel.com\\\/product-tag\\\/alentejo-landscape\\\/\"},{\"@type\":\"ListItem\",\"position\":4,\"name\":\"Walking The Vicentina Coast\"}]},{\"@type\":\"WebSite\",\"@id\":\"https:\\\/\\\/becooltravel.com\\\/#website\",\"url\":\"https:\\\/\\\/becooltravel.com\\\/\",\"name\":\"BeCool Travel\",\"description\":\"Sustainable holidays in Portugal for independent travelers\",\"publisher\":{\"@id\":\"https:\\\/\\\/becooltravel.com\\\/#organization\"},\"potentialAction\":[{\"@type\":\"SearchAction\",\"target\":{\"@type\":\"EntryPoint\",\"urlTemplate\":\"https:\\\/\\\/becooltravel.com\\\/?s={search_term_string}\"},\"query-input\":{\"@type\":\"PropertyValueSpecification\",\"valueRequired\":true,\"valueName\":\"search_term_string\"}}],\"inLanguage\":\"de\"},{\"@type\":\"Organization\",\"@id\":\"https:\\\/\\\/becooltravel.com\\\/#organization\",\"name\":\"BecoolTravel. com- Portugal\",\"url\":\"https:\\\/\\\/becooltravel.com\\\/\",\"logo\":{\"@type\":\"ImageObject\",\"inLanguage\":\"de\",\"@id\":\"https:\\\/\\\/becooltravel.com\\\/#\\\/schema\\\/logo\\\/image\\\/\",\"url\":\"https:\\\/\\\/becooltravel.com\\\/wp-content\\\/uploads\\\/sites\\\/5\\\/2020\\\/03\\\/Logo_BeCool.jpg\",\"contentUrl\":\"https:\\\/\\\/becooltravel.com\\\/wp-content\\\/uploads\\\/sites\\\/5\\\/2020\\\/03\\\/Logo_BeCool.jpg\",\"width\":534,\"height\":534,\"caption\":\"BecoolTravel. com- Portugal\"},\"image\":{\"@id\":\"https:\\\/\\\/becooltravel.com\\\/#\\\/schema\\\/logo\\\/image\\\/\"},\"sameAs\":[\"https:\\\/\\\/www.facebook.com\\\/becooltravelagency\\\/\",\"https:\\\/\\\/x.com\\\/becool_travel\",\"https:\\\/\\\/www.instagram.com\\\/becooltravel_com\\\/\",\"https:\\\/\\\/www.linkedin.com\\\/company\\\/becool-travel\\\/\",\"https:\\\/\\\/www.youtube.com\\\/channel\\\/UCE7zRU3EVG1PgfXwQo-5uJw\"]}]}<\/script>\n<!-- \/ Yoast SEO Premium plugin. -->","yoast_head_json":{"title":"Wandern an der K\u00fcste von Vicentina","description":"Die Rota Vicentina ist ein Fernweg im S\u00fcdwesten Portugals zwischen der Stadt Santiago do Cac\u00e9m und dem Kap von St. Vincent. Die 340 km lange Route ist Teil des europ\u00e4ischen Fu\u00dfwegenetzes und verbindet Wanderungen im Landesinneren und an der K\u00fcste entlang einer der sch\u00f6nsten und am besten erhaltenen K\u00fcstenlinien S\u00fcdeuropas. Es ist eine lohnende Art, die echten Regionen Alentejo und Algarve in Portugal zu sehen und auf unvergesslichen Routen voller Tradition zu wandern. Das Gebiet bietet eine wilde und kraftvolle Landschaft von der dramatischen K\u00fcste \u00fcber die Seest\u00fccke bis hin zur intimeren und gesch\u00fctzteren Atmosph\u00e4re des bewaldeten Innenraums.","robots":{"index":"index","follow":"follow","max-snippet":"max-snippet:-1","max-image-preview":"max-image-preview:large","max-video-preview":"max-video-preview:-1"},"canonical":"https:\/\/becooltravel.com\/de\/produkt\/die-vicentina-kuste-12300g\/","og_locale":"de_DE","og_type":"article","og_title":"Walking Rota Vicentina is a long-distance path in SW Portugal","og_description":"The Rota Vicentina is a long-distance path in SW Portugal, between the city of Santiago do Cac\u00e9m and the Cape of St. Vincent. The 340 km route forms part of the European footpath network and mixes inland and coastal walking along one of the most beautiful and best-preserved coast lines of southern Europe. It is a rewarding way of seeing the real Alentejo and Algarve regions of Portugal and walk on unforgettable routes full of tradition.The area has a wild and powerful landscape from the dramatic coast and seascapes to the more intimate and protected feel of the wooded interior.","og_url":"https:\/\/becooltravel.com\/de\/produkt\/die-vicentina-kuste-12300g\/","og_site_name":"BeCool Travel","article_publisher":"https:\/\/www.facebook.com\/becooltravelagency\/","article_modified_time":"2022-08-14T12:56:00+00:00","og_image":[{"width":1039,"height":768,"url":"https:\/\/i0.wp.com\/becooltravel.com\/wp-content\/uploads\/sites\/5\/2020\/07\/fisherman_trail_vicentina.jpg?fit=1039%2C768&ssl=1","type":"image\/jpeg"}],"twitter_card":"summary_large_image","twitter_title":"Walking holiday Rota Vicentina is a long-distance path in SW Portugal","twitter_description":"The Rota Vicentina is a long-distance path in SW Portugal, between the city of Santiago do Cac\u00e9m and the Cape of St. Vincent. The 340 km route forms part of the European footpath network and mixes inland and coastal walking along one of the most beautiful and best-preserved coast lines of southern Europe. It is a rewarding way of seeing the real Alentejo and Algarve regions of Portugal and walk on unforgettable routes full of tradition.The area has a wild and powerful landscape from the dramatic coast and seascapes to the more intimate and protected feel of the wooded interior.","twitter_image":"https:\/\/i0.wp.com\/becooltravel.com\/wp-content\/uploads\/sites\/5\/2020\/07\/fisherman_trail_vicentina.jpg?fit=1039%2C768&ssl=1","twitter_site":"@becool_travel","twitter_misc":{"Gesch\u00e4tzte Lesezeit":"3\u00a0Minuten"},"schema":{"@context":"https:\/\/schema.org","@graph":[{"@type":["WebPage","ItemPage"],"@id":"https:\/\/becooltravel.com\/product\/the-vicentina-coast-12300g\/","url":"https:\/\/becooltravel.com\/product\/the-vicentina-coast-12300g\/","name":"Wandern an der K\u00fcste von Vicentina","isPartOf":{"@id":"https:\/\/becooltravel.com\/#website"},"primaryImageOfPage":{"@id":"https:\/\/becooltravel.com\/product\/the-vicentina-coast-12300g\/#primaryimage"},"image":{"@id":"https:\/\/becooltravel.com\/product\/the-vicentina-coast-12300g\/#primaryimage"},"thumbnailUrl":"https:\/\/i0.wp.com\/becooltravel.com\/wp-content\/uploads\/sites\/5\/2020\/07\/fisherman_trail_vicentina.jpg?fit=1039%2C768&ssl=1","datePublished":"2020-07-09T10:34:37+00:00","dateModified":"2022-08-14T12:56:00+00:00","description":"Die Rota Vicentina ist ein Fernweg im S\u00fcdwesten Portugals zwischen der Stadt Santiago do Cac\u00e9m und dem Kap von St. Vincent. Die 340 km lange Route ist Teil des europ\u00e4ischen Fu\u00dfwegenetzes und verbindet Wanderungen im Landesinneren und an der K\u00fcste entlang einer der sch\u00f6nsten und am besten erhaltenen K\u00fcstenlinien S\u00fcdeuropas. Es ist eine lohnende Art, die echten Regionen Alentejo und Algarve in Portugal zu sehen und auf unvergesslichen Routen voller Tradition zu wandern. Das Gebiet bietet eine wilde und kraftvolle Landschaft von der dramatischen K\u00fcste \u00fcber die Seest\u00fccke bis hin zur intimeren und gesch\u00fctzteren Atmosph\u00e4re des bewaldeten Innenraums.","breadcrumb":{"@id":"https:\/\/becooltravel.com\/product\/the-vicentina-coast-12300g\/#breadcrumb"},"inLanguage":"de","potentialAction":[{"@type":"ReadAction","target":["https:\/\/becooltravel.com\/product\/the-vicentina-coast-12300g\/"]}]},{"@type":"ImageObject","inLanguage":"de","@id":"https:\/\/becooltravel.com\/product\/the-vicentina-coast-12300g\/#primaryimage","url":"https:\/\/i0.wp.com\/becooltravel.com\/wp-content\/uploads\/sites\/5\/2020\/07\/fisherman_trail_vicentina.jpg?fit=1039%2C768&ssl=1","contentUrl":"https:\/\/i0.wp.com\/becooltravel.com\/wp-content\/uploads\/sites\/5\/2020\/07\/fisherman_trail_vicentina.jpg?fit=1039%2C768&ssl=1","width":1039,"height":768,"caption":"Fisherman's trail Rota Vicentina"},{"@type":"BreadcrumbList","@id":"https:\/\/becooltravel.com\/product\/the-vicentina-coast-12300g\/#breadcrumb","itemListElement":[{"@type":"ListItem","position":1,"name":"Home","item":"https:\/\/becooltravel.com\/"},{"@type":"ListItem","position":2,"name":"Shop","item":"https:\/\/becooltravel.com\/?page_id=5"},{"@type":"ListItem","position":3,"name":"Best Alentejo landscape walking holiday","item":"https:\/\/becooltravel.com\/product-tag\/alentejo-landscape\/"},{"@type":"ListItem","position":4,"name":"Walking The Vicentina Coast"}]},{"@type":"WebSite","@id":"https:\/\/becooltravel.com\/#website","url":"https:\/\/becooltravel.com\/","name":"BeCool Travel","description":"Nachhaltiger Urlaub in Portugal f\u00fcr Individualreisende","publisher":{"@id":"https:\/\/becooltravel.com\/#organization"},"potentialAction":[{"@type":"SearchAction","target":{"@type":"EntryPoint","urlTemplate":"https:\/\/becooltravel.com\/?s={search_term_string}"},"query-input":{"@type":"PropertyValueSpecification","valueRequired":true,"valueName":"search_term_string"}}],"inLanguage":"de"},{"@type":"Organization","@id":"https:\/\/becooltravel.com\/#organization","name":"BecoolTravel. com- Portugal","url":"https:\/\/becooltravel.com\/","logo":{"@type":"ImageObject","inLanguage":"de","@id":"https:\/\/becooltravel.com\/#\/schema\/logo\/image\/","url":"https:\/\/becooltravel.com\/wp-content\/uploads\/sites\/5\/2020\/03\/Logo_BeCool.jpg","contentUrl":"https:\/\/becooltravel.com\/wp-content\/uploads\/sites\/5\/2020\/03\/Logo_BeCool.jpg","width":534,"height":534,"caption":"BecoolTravel. com- Portugal"},"image":{"@id":"https:\/\/becooltravel.com\/#\/schema\/logo\/image\/"},"sameAs":["https:\/\/www.facebook.com\/becooltravelagency\/","https:\/\/x.com\/becool_travel","https:\/\/www.instagram.com\/becooltravel_com\/","https:\/\/www.linkedin.com\/company\/becool-travel\/","https:\/\/www.youtube.com\/channel\/UCE7zRU3EVG1PgfXwQo-5uJw"]}]}},"jetpack_sharing_enabled":true,"_links":{"self":[{"href":"https:\/\/becooltravel.com\/de\/wp-json\/wp\/v2\/product\/5442","targetHints":{"allow":["GET"]}}],"collection":[{"href":"https:\/\/becooltravel.com\/de\/wp-json\/wp\/v2\/product"}],"about":[{"href":"https:\/\/becooltravel.com\/de\/wp-json\/wp\/v2\/types\/product"}],"replies":[{"embeddable":true,"href":"https:\/\/becooltravel.com\/de\/wp-json\/wp\/v2\/comments?post=5442"}],"wp:featuredmedia":[{"embeddable":true,"href":"https:\/\/becooltravel.com\/de\/wp-json\/wp\/v2\/media\/5575"}],"wp:attachment":[{"href":"https:\/\/becooltravel.com\/de\/wp-json\/wp\/v2\/media?parent=5442"}],"wp:term":[{"taxonomy":"product_brand","embeddable":true,"href":"https:\/\/becooltravel.com\/de\/wp-json\/wp\/v2\/product_brand?post=5442"},{"taxonomy":"product_cat","embeddable":true,"href":"https:\/\/becooltravel.com\/de\/wp-json\/wp\/v2\/product_cat?post=5442"},{"taxonomy":"product_tag","embeddable":true,"href":"https:\/\/becooltravel.com\/de\/wp-json\/wp\/v2\/product_tag?post=5442"}],"curies":[{"name":"wp","href":"https:\/\/api.w.org\/{rel}","templated":true}]}}