{"id":5451,"date":"2020-07-10T15:27:16","date_gmt":"2020-07-10T15:27:16","guid":{"rendered":"https:\/\/becooltravel.com\/?post_type=product&#038;p=5451"},"modified":"2026-03-18T14:21:37","modified_gmt":"2026-03-18T14:21:37","slug":"birding-in-the-algarve-alentejo-3200g","status":"publish","type":"product","link":"https:\/\/becooltravel.com\/de\/produkt\/vogelbeobachtung-in-der-algarve-alentejo-3200g\/","title":{"rendered":"Vogelbeobachtungsurlaub an der Algarve &amp; im Alentejo"},"content":{"rendered":"<p><strong>Gruppen mit mindestens 6 Personen akzeptiert.<\/strong><\/p>\n<p>&nbsp;<\/p>\n<p>Die Algarve ist zu Recht ber\u00fchmt f\u00fcr ihre goldenen Sandstr\u00e4nde, Golfpl\u00e4tze und das ganzj\u00e4hrig wunderbare Klima, ist aber immer noch ein geheimes Ziel f\u00fcr gro\u00dfartige Vogelbeobachtungen. Die Region hat eine wunderbare Vielfalt an V\u00f6geln und viele Orte, an denen Sie sie finden k\u00f6nnen, und bietet zu fast jeder Jahreszeit erstklassige Vogelbeobachtungen.<\/p>\n<div id=\"attachment_2872\" style=\"width: 1034px\" class=\"wp-caption alignnone\"><img data-recalc-dims=\"1\" decoding=\"async\" aria-describedby=\"caption-attachment-2872\" class=\"wp-image-2872 size-large\" title=\"Vogelbeobachtung und Wildlife Holiday\" src=\"https:\/\/i0.wp.com\/legendatours.net\/wp-content\/uploads\/2020\/07\/birdwatching_group_holidays-1024x576.jpg?resize=1024%2C576&#038;ssl=1\" alt=\"Vogelbeobachtung und Wildlife Holiday\" width=\"1024\" height=\"576\" \/><p id=\"caption-attachment-2872\" class=\"wp-caption-text\"><a href=\"..\/..\/product-tag\/birdwatching\/\">V\u00f6gel beobachten<\/a> und Wildlife Holiday<\/p><\/div>\n<p>Die wunderbare Vielfalt der Lebensr\u00e4ume und die geografische Lage ziehen eine Vielzahl von Brut- und \u00dcberwinterungsarten an. Zu Migrationszeiten ist es ein wichtiges Zwischenstopp f\u00fcr unz\u00e4hlige V\u00f6gel, die ihren Weg nach oder von Afrika finden.<\/p>\n<div id=\"attachment_1733\" style=\"width: 1034px\" class=\"wp-caption alignnone\"><img data-recalc-dims=\"1\" decoding=\"async\" aria-describedby=\"caption-attachment-1733\" class=\"size-full wp-image-1733\" src=\"https:\/\/i0.wp.com\/legendatours.net\/wp-content\/uploads\/2020\/03\/Great_bustard_birdwatching-e1611676653444.jpg?resize=1024%2C672&#038;ssl=1\" alt=\"Vogelbeobachtung - auf der Suche nach dem Foto der Gro\u00dftrappe Peter Dedicoat\" width=\"1024\" height=\"672\" \/><p id=\"caption-attachment-1733\" class=\"wp-caption-text\">Vogelbeobachtung - auf der Suche nach der Gro\u00dftrappe<\/p><\/div>\n<p>Dies ist eine 8 Tage <a href=\"..\/..\/?s=birdwatching\" target=\"_blank\" rel=\"noopener noreferrer\">V\u00f6gel beobachten<\/a> Tour in der Algarve und im Alentejo mit Ausfl\u00fcgen auf der Suche nach S\u00fcden <a href=\"..\/..\/?s=birds\">Portugals einheimische und Zugv\u00f6gel<\/a>. Diese Tour wurde speziell ausgew\u00e4hlt, um Ihnen die M\u00f6glichkeit zu geben, das Beste der Vogelwelt im S\u00fcden Portugals zu genie\u00dfen.<\/p>\n<div class=\"row\" style=\"display: flex;\">\n<div class=\"column\" style=\"flex: 45%;\">\n<p><iframe title=\"V\u00f6gel von S\u00fcdportugal\" width=\"1080\" height=\"608\" src=\"https:\/\/www.youtube.com\/embed\/q4ezd_AIbYM?feature=oembed\" frameborder=\"0\" allow=\"accelerometer; autoplay; clipboard-write; encrypted-media; gyroscope; picture-in-picture\" allowfullscreen><\/iframe><\/p>\n<\/div>\n<div class=\"column\" style=\"flex: 10%;\"><\/div>\n<div class=\"column\" style=\"flex: 45%;\">\n<p><iframe title=\"Falc\u00e3o Peregrino\" width=\"1080\" height=\"608\" src=\"https:\/\/www.youtube.com\/embed\/FuClZZq-sdM?list=PL_6Umd8jb1qvBUfpmdNirAfZNGPDknjjw\" frameborder=\"0\" allow=\"accelerometer; autoplay; clipboard-write; encrypted-media; gyroscope; picture-in-picture\" allowfullscreen><\/iframe><\/p>\n<\/div>\n<\/div>","protected":false},"excerpt":{"rendered":"<p>Dies ist eine 8-t\u00e4gige Vogelbeobachtungstour an der Algarve und im Alentejo mit Ausfl\u00fcgen auf der Suche nach den in S\u00fcdportugal ans\u00e4ssigen und Zugv\u00f6geln. Diese Tour wurde speziell ausgew\u00e4hlt, um Ihnen die M\u00f6glichkeit zu geben, das Beste der Vogelwelt im S\u00fcden Portugals zu genie\u00dfen.<\/p>","protected":false},"featured_media":5619,"comment_status":"closed","ping_status":"closed","template":"","meta":{"_acf_changed":false,"inline_featured_image":false},"product_brand":[],"product_cat":[353,340,344],"product_tag":[473,311,499,500,453,501,736,121,710,454,663,1284,242,737,738,455,598,711,502,503,504,712,713,505,959,607,510,670,511,715,512,513,485,514,321,1141,515,58,516,517,716,602,717,465,467,494,1285,181,468,718,722,603,723,724,614,725,518],"class_list":{"0":"post-5451","1":"product","2":"type-product","3":"status-publish","4":"has-post-thumbnail","6":"product_cat-portugal-guided-birdwatching-holidays","7":"product_cat-guided-group-tours","8":"product_cat-guided-sightseeing-holidays-portugal","9":"product_tag-alentejo","10":"product_tag-algarve","11":"product_tag-bee-eater","12":"product_tag-best-birding-spots","13":"product_tag-best-of-the-algarvian-bird-life","14":"product_tag-bird-species","15":"product_tag-bird-watching-tours","16":"product_tag-bird-watching","17":"product_tag-birding","18":"product_tag-birding-algarve","19":"product_tag-birds","20":"product_tag-birdwatchers-paradise","21":"product_tag-birdwatching","22":"product_tag-birdwatching-algarve","23":"product_tag-birdwatching-portugal","24":"product_tag-birdwatching-tour-in-the-algarve","25":"product_tag-black-kite","26":"product_tag-black-tailed-godwits","27":"product_tag-black-winged-kite","28":"product_tag-blackheaded-weaver","29":"product_tag-booted-eagles","30":"product_tag-collared-pratincole","31":"product_tag-european-bee-eater","32":"product_tag-ferruginous-duck","33":"product_tag-guided-tours","34":"product_tag-holidays","35":"product_tag-kentish-plover","36":"product_tag-kingfisher","37":"product_tag-little-bittern","38":"product_tag-little-stints","39":"product_tag-little-tern","40":"product_tag-marsh-harriers","41":"product_tag-migratory-birds","42":"product_tag-nature-observation","43":"product_tag-nature-walks","44":"product_tag-observe-birds","45":"product_tag-penduline-tits","46":"product_tag-portugal","47":"product_tag-purple-heron","48":"product_tag-purple-swamp-hen","49":"product_tag-ramsar","50":"product_tag-red-kite","51":"product_tag-red-crested-pochard","52":"product_tag-red-necked-nightjar","53":"product_tag-resident-and-migrant-birds","54":"product_tag-ria-formosa","55":"product_tag-ria-formosa-birdwatching","56":"product_tag-ria-formosa-natural-park","57":"product_tag-ria-formosa-natural-reserve","58":"product_tag-ringed-plovers","59":"product_tag-southern-grey-shrikes","60":"product_tag-spanish-imperial-eagle","61":"product_tag-sunny-winters","62":"product_tag-tours-in-portugal","63":"product_tag-vacations","64":"product_tag-wintering-birds","65":"product_tag-woodchat","67":"first","68":"instock","69":"virtual","70":"sold-individually","71":"product-type-booking"},"acf":[],"yoast_head":"<!-- This site is optimized with the Yoast SEO Premium plugin v26.8 (Yoast SEO v27.6) - https:\/\/yoast.com\/product\/yoast-seo-premium-wordpress\/ -->\n<title>Birding Holidays in the Algarve &amp; Alentejo<\/title>\n<meta name=\"description\" content=\"Birding in the Algarve &amp; Alentejo - 8 days birdwatching tour in Algarve and Alentejo with excursions in search of resident and migrant birds.\" \/>\n<meta name=\"robots\" content=\"index, follow, max-snippet:-1, max-image-preview:large, max-video-preview:-1\" \/>\n<link rel=\"canonical\" href=\"https:\/\/becooltravel.com\/de\/produkt\/vogelbeobachtung-in-der-algarve-alentejo-3200g\/\" \/>\n<meta property=\"og:locale\" content=\"de_DE\" \/>\n<meta property=\"og:type\" content=\"article\" \/>\n<meta property=\"og:title\" content=\"Birding in the Algarve &amp; Alentejo - 8 days birdwatching tour in the Algarve and Alentejo\" \/>\n<meta property=\"og:description\" content=\"The Algarve is rightly famed for its golden sandy beaches, golf courses and wonderful year round climate but is still a secret destination for great birding. The region has a wonderful variety of birds and many places where you can go and find them and provides top-class birding at almost any time of the year.Its wonderful variety of habitats and geographical location attract a wealth of breeding and wintering species and at migration times it is an important stopover area for countless birds making their way to or from Africa.\" \/>\n<meta property=\"og:url\" content=\"https:\/\/becooltravel.com\/de\/produkt\/vogelbeobachtung-in-der-algarve-alentejo-3200g\/\" \/>\n<meta property=\"og:site_name\" content=\"BeCool Travel\" \/>\n<meta property=\"article:publisher\" content=\"https:\/\/www.facebook.com\/becooltravelagency\/\" \/>\n<meta property=\"article:modified_time\" content=\"2026-03-18T14:21:37+00:00\" \/>\n<meta property=\"og:image\" content=\"https:\/\/becooltravel.com\/wp-content\/uploads\/sites\/5\/2020\/08\/Birdwatching_countryside.jpg\" \/>\n\t<meta property=\"og:image:width\" content=\"1365\" \/>\n\t<meta property=\"og:image:height\" content=\"768\" \/>\n\t<meta property=\"og:image:type\" content=\"image\/jpeg\" \/>\n<meta name=\"twitter:card\" content=\"summary_large_image\" \/>\n<meta name=\"twitter:title\" content=\"Birding in the Algarve &amp; Alentejo - 8 days birdwatching tour in the Algarve and Alentejo\" \/>\n<meta name=\"twitter:description\" content=\"Its wonderful variety of habitats and geographical location attract a wealth of breeding and wintering species and at migration times it is an important stopover area for countless birds making their way to or from Africa.This is an 8 days birdwatching tour in the Algarve and Alentejo with excursions in search of southern Portugal\u2019s resident and migrant birds. This tour has been specifically chosen to give you the chance of enjoying the very best of the bird life in the South of Portugal.\" \/>\n<meta name=\"twitter:image\" content=\"https:\/\/i0.wp.com\/becooltravel.com\/wp-content\/uploads\/sites\/5\/2020\/08\/Birdwatching_countryside.jpg?fit=1365%2C768&ssl=1\" \/>\n<meta name=\"twitter:site\" content=\"@becool_travel\" \/>\n<meta name=\"twitter:label1\" content=\"Gesch\u00e4tzte Lesezeit\" \/>\n\t<meta name=\"twitter:data1\" content=\"2\u00a0Minuten\" \/>\n<script type=\"application\/ld+json\" class=\"yoast-schema-graph\">{\"@context\":\"https:\\\/\\\/schema.org\",\"@graph\":[{\"@type\":[\"WebPage\",\"ItemPage\"],\"@id\":\"https:\\\/\\\/becooltravel.com\\\/product\\\/birding-in-the-algarve-alentejo-3200g\\\/\",\"url\":\"https:\\\/\\\/becooltravel.com\\\/product\\\/birding-in-the-algarve-alentejo-3200g\\\/\",\"name\":\"Birding Holidays in the Algarve &amp; Alentejo\",\"isPartOf\":{\"@id\":\"https:\\\/\\\/becooltravel.com\\\/#website\"},\"primaryImageOfPage\":{\"@id\":\"https:\\\/\\\/becooltravel.com\\\/product\\\/birding-in-the-algarve-alentejo-3200g\\\/#primaryimage\"},\"image\":{\"@id\":\"https:\\\/\\\/becooltravel.com\\\/product\\\/birding-in-the-algarve-alentejo-3200g\\\/#primaryimage\"},\"thumbnailUrl\":\"https:\\\/\\\/i0.wp.com\\\/becooltravel.com\\\/wp-content\\\/uploads\\\/sites\\\/5\\\/2020\\\/08\\\/Birdwatching_countryside.jpg?fit=1365%2C768&ssl=1\",\"datePublished\":\"2020-07-10T15:27:16+00:00\",\"dateModified\":\"2026-03-18T14:21:37+00:00\",\"description\":\"Birding in the Algarve & Alentejo - 8 days birdwatching tour in Algarve and Alentejo with excursions in search of resident and migrant birds.\",\"breadcrumb\":{\"@id\":\"https:\\\/\\\/becooltravel.com\\\/product\\\/birding-in-the-algarve-alentejo-3200g\\\/#breadcrumb\"},\"inLanguage\":\"de\",\"potentialAction\":[{\"@type\":\"ReadAction\",\"target\":[\"https:\\\/\\\/becooltravel.com\\\/product\\\/birding-in-the-algarve-alentejo-3200g\\\/\"]}]},{\"@type\":\"ImageObject\",\"inLanguage\":\"de\",\"@id\":\"https:\\\/\\\/becooltravel.com\\\/product\\\/birding-in-the-algarve-alentejo-3200g\\\/#primaryimage\",\"url\":\"https:\\\/\\\/i0.wp.com\\\/becooltravel.com\\\/wp-content\\\/uploads\\\/sites\\\/5\\\/2020\\\/08\\\/Birdwatching_countryside.jpg?fit=1365%2C768&ssl=1\",\"contentUrl\":\"https:\\\/\\\/i0.wp.com\\\/becooltravel.com\\\/wp-content\\\/uploads\\\/sites\\\/5\\\/2020\\\/08\\\/Birdwatching_countryside.jpg?fit=1365%2C768&ssl=1\",\"width\":1365,\"height\":768,\"caption\":\"Birdwatching countryside\"},{\"@type\":\"BreadcrumbList\",\"@id\":\"https:\\\/\\\/becooltravel.com\\\/product\\\/birding-in-the-algarve-alentejo-3200g\\\/#breadcrumb\",\"itemListElement\":[{\"@type\":\"ListItem\",\"position\":1,\"name\":\"Home\",\"item\":\"https:\\\/\\\/becooltravel.com\\\/\"},{\"@type\":\"ListItem\",\"position\":2,\"name\":\"Shop\",\"item\":\"https:\\\/\\\/becooltravel.com\\\/?page_id=5\"},{\"@type\":\"ListItem\",\"position\":3,\"name\":\"The plains that extend as far as the eye can see start close to the Tagus. While to the north, the pace is set by the green of the flatlands, further south the landscape combines with the sun, the heat and a slower pace of life. This is the Alentejo.\",\"item\":\"https:\\\/\\\/becooltravel.com\\\/nl\\\/product-tag\\\/alentejo-2\\\/\"},{\"@type\":\"ListItem\",\"position\":4,\"name\":\"Birding in the Algarve & Alentejo - 8 days birdwatching tour in the Algarve and Alentejo\"}]},{\"@type\":\"WebSite\",\"@id\":\"https:\\\/\\\/becooltravel.com\\\/#website\",\"url\":\"https:\\\/\\\/becooltravel.com\\\/\",\"name\":\"BeCool Travel\",\"description\":\"Sustainable holidays in Portugal for independent travelers\",\"publisher\":{\"@id\":\"https:\\\/\\\/becooltravel.com\\\/#organization\"},\"potentialAction\":[{\"@type\":\"SearchAction\",\"target\":{\"@type\":\"EntryPoint\",\"urlTemplate\":\"https:\\\/\\\/becooltravel.com\\\/?s={search_term_string}\"},\"query-input\":{\"@type\":\"PropertyValueSpecification\",\"valueRequired\":true,\"valueName\":\"search_term_string\"}}],\"inLanguage\":\"de\"},{\"@type\":\"Organization\",\"@id\":\"https:\\\/\\\/becooltravel.com\\\/#organization\",\"name\":\"BecoolTravel. com- Portugal\",\"url\":\"https:\\\/\\\/becooltravel.com\\\/\",\"logo\":{\"@type\":\"ImageObject\",\"inLanguage\":\"de\",\"@id\":\"https:\\\/\\\/becooltravel.com\\\/#\\\/schema\\\/logo\\\/image\\\/\",\"url\":\"https:\\\/\\\/becooltravel.com\\\/wp-content\\\/uploads\\\/sites\\\/5\\\/2020\\\/03\\\/Logo_BeCool.jpg\",\"contentUrl\":\"https:\\\/\\\/becooltravel.com\\\/wp-content\\\/uploads\\\/sites\\\/5\\\/2020\\\/03\\\/Logo_BeCool.jpg\",\"width\":534,\"height\":534,\"caption\":\"BecoolTravel. com- Portugal\"},\"image\":{\"@id\":\"https:\\\/\\\/becooltravel.com\\\/#\\\/schema\\\/logo\\\/image\\\/\"},\"sameAs\":[\"https:\\\/\\\/www.facebook.com\\\/becooltravelagency\\\/\",\"https:\\\/\\\/x.com\\\/becool_travel\",\"https:\\\/\\\/www.instagram.com\\\/becooltravel_com\\\/\",\"https:\\\/\\\/www.linkedin.com\\\/company\\\/becool-travel\\\/\",\"https:\\\/\\\/www.youtube.com\\\/channel\\\/UCE7zRU3EVG1PgfXwQo-5uJw\"]}]}<\/script>\n<!-- \/ Yoast SEO Premium plugin. -->","yoast_head_json":{"title":"Vogelbeobachtungsurlaub an der Algarve &amp; im Alentejo","description":"Vogelbeobachtung an der Algarve und im Alentejo - 8-t\u00e4gige Vogelbeobachtungstour an der Algarve und im Alentejo mit Exkursionen auf der Suche nach einheimischen und Zugv\u00f6geln.","robots":{"index":"index","follow":"follow","max-snippet":"max-snippet:-1","max-image-preview":"max-image-preview:large","max-video-preview":"max-video-preview:-1"},"canonical":"https:\/\/becooltravel.com\/de\/produkt\/vogelbeobachtung-in-der-algarve-alentejo-3200g\/","og_locale":"de_DE","og_type":"article","og_title":"Birding in the Algarve & Alentejo - 8 days birdwatching tour in the Algarve and Alentejo","og_description":"The Algarve is rightly famed for its golden sandy beaches, golf courses and wonderful year round climate but is still a secret destination for great birding. The region has a wonderful variety of birds and many places where you can go and find them and provides top-class birding at almost any time of the year.Its wonderful variety of habitats and geographical location attract a wealth of breeding and wintering species and at migration times it is an important stopover area for countless birds making their way to or from Africa.","og_url":"https:\/\/becooltravel.com\/de\/produkt\/vogelbeobachtung-in-der-algarve-alentejo-3200g\/","og_site_name":"BeCool Travel","article_publisher":"https:\/\/www.facebook.com\/becooltravelagency\/","article_modified_time":"2026-03-18T14:21:37+00:00","og_image":[{"width":1365,"height":768,"url":"https:\/\/becooltravel.com\/wp-content\/uploads\/sites\/5\/2020\/08\/Birdwatching_countryside.jpg","type":"image\/jpeg"}],"twitter_card":"summary_large_image","twitter_title":"Birding in the Algarve & Alentejo - 8 days birdwatching tour in the Algarve and Alentejo","twitter_description":"Its wonderful variety of habitats and geographical location attract a wealth of breeding and wintering species and at migration times it is an important stopover area for countless birds making their way to or from Africa.This is an 8 days birdwatching tour in the Algarve and Alentejo with excursions in search of southern Portugal\u2019s resident and migrant birds. This tour has been specifically chosen to give you the chance of enjoying the very best of the bird life in the South of Portugal.","twitter_image":"https:\/\/i0.wp.com\/becooltravel.com\/wp-content\/uploads\/sites\/5\/2020\/08\/Birdwatching_countryside.jpg?fit=1365%2C768&ssl=1","twitter_site":"@becool_travel","twitter_misc":{"Gesch\u00e4tzte Lesezeit":"2\u00a0Minuten"},"schema":{"@context":"https:\/\/schema.org","@graph":[{"@type":["WebPage","ItemPage"],"@id":"https:\/\/becooltravel.com\/product\/birding-in-the-algarve-alentejo-3200g\/","url":"https:\/\/becooltravel.com\/product\/birding-in-the-algarve-alentejo-3200g\/","name":"Vogelbeobachtungsurlaub an der Algarve &amp; im Alentejo","isPartOf":{"@id":"https:\/\/becooltravel.com\/#website"},"primaryImageOfPage":{"@id":"https:\/\/becooltravel.com\/product\/birding-in-the-algarve-alentejo-3200g\/#primaryimage"},"image":{"@id":"https:\/\/becooltravel.com\/product\/birding-in-the-algarve-alentejo-3200g\/#primaryimage"},"thumbnailUrl":"https:\/\/i0.wp.com\/becooltravel.com\/wp-content\/uploads\/sites\/5\/2020\/08\/Birdwatching_countryside.jpg?fit=1365%2C768&ssl=1","datePublished":"2020-07-10T15:27:16+00:00","dateModified":"2026-03-18T14:21:37+00:00","description":"Vogelbeobachtung an der Algarve und im Alentejo - 8-t\u00e4gige Vogelbeobachtungstour an der Algarve und im Alentejo mit Exkursionen auf der Suche nach einheimischen und Zugv\u00f6geln.","breadcrumb":{"@id":"https:\/\/becooltravel.com\/product\/birding-in-the-algarve-alentejo-3200g\/#breadcrumb"},"inLanguage":"de","potentialAction":[{"@type":"ReadAction","target":["https:\/\/becooltravel.com\/product\/birding-in-the-algarve-alentejo-3200g\/"]}]},{"@type":"ImageObject","inLanguage":"de","@id":"https:\/\/becooltravel.com\/product\/birding-in-the-algarve-alentejo-3200g\/#primaryimage","url":"https:\/\/i0.wp.com\/becooltravel.com\/wp-content\/uploads\/sites\/5\/2020\/08\/Birdwatching_countryside.jpg?fit=1365%2C768&ssl=1","contentUrl":"https:\/\/i0.wp.com\/becooltravel.com\/wp-content\/uploads\/sites\/5\/2020\/08\/Birdwatching_countryside.jpg?fit=1365%2C768&ssl=1","width":1365,"height":768,"caption":"Birdwatching countryside"},{"@type":"BreadcrumbList","@id":"https:\/\/becooltravel.com\/product\/birding-in-the-algarve-alentejo-3200g\/#breadcrumb","itemListElement":[{"@type":"ListItem","position":1,"name":"Home","item":"https:\/\/becooltravel.com\/"},{"@type":"ListItem","position":2,"name":"Shop","item":"https:\/\/becooltravel.com\/?page_id=5"},{"@type":"ListItem","position":3,"name":"The plains that extend as far as the eye can see start close to the Tagus. While to the north, the pace is set by the green of the flatlands, further south the landscape combines with the sun, the heat and a slower pace of life. This is the Alentejo.","item":"https:\/\/becooltravel.com\/nl\/product-tag\/alentejo-2\/"},{"@type":"ListItem","position":4,"name":"Birding in the Algarve & Alentejo - 8 days birdwatching tour in the Algarve and Alentejo"}]},{"@type":"WebSite","@id":"https:\/\/becooltravel.com\/#website","url":"https:\/\/becooltravel.com\/","name":"BeCool Travel","description":"Nachhaltiger Urlaub in Portugal f\u00fcr Individualreisende","publisher":{"@id":"https:\/\/becooltravel.com\/#organization"},"potentialAction":[{"@type":"SearchAction","target":{"@type":"EntryPoint","urlTemplate":"https:\/\/becooltravel.com\/?s={search_term_string}"},"query-input":{"@type":"PropertyValueSpecification","valueRequired":true,"valueName":"search_term_string"}}],"inLanguage":"de"},{"@type":"Organization","@id":"https:\/\/becooltravel.com\/#organization","name":"BecoolTravel. com- Portugal","url":"https:\/\/becooltravel.com\/","logo":{"@type":"ImageObject","inLanguage":"de","@id":"https:\/\/becooltravel.com\/#\/schema\/logo\/image\/","url":"https:\/\/becooltravel.com\/wp-content\/uploads\/sites\/5\/2020\/03\/Logo_BeCool.jpg","contentUrl":"https:\/\/becooltravel.com\/wp-content\/uploads\/sites\/5\/2020\/03\/Logo_BeCool.jpg","width":534,"height":534,"caption":"BecoolTravel. com- Portugal"},"image":{"@id":"https:\/\/becooltravel.com\/#\/schema\/logo\/image\/"},"sameAs":["https:\/\/www.facebook.com\/becooltravelagency\/","https:\/\/x.com\/becool_travel","https:\/\/www.instagram.com\/becooltravel_com\/","https:\/\/www.linkedin.com\/company\/becool-travel\/","https:\/\/www.youtube.com\/channel\/UCE7zRU3EVG1PgfXwQo-5uJw"]}]}},"jetpack_sharing_enabled":true,"_links":{"self":[{"href":"https:\/\/becooltravel.com\/de\/wp-json\/wp\/v2\/product\/5451","targetHints":{"allow":["GET"]}}],"collection":[{"href":"https:\/\/becooltravel.com\/de\/wp-json\/wp\/v2\/product"}],"about":[{"href":"https:\/\/becooltravel.com\/de\/wp-json\/wp\/v2\/types\/product"}],"replies":[{"embeddable":true,"href":"https:\/\/becooltravel.com\/de\/wp-json\/wp\/v2\/comments?post=5451"}],"wp:featuredmedia":[{"embeddable":true,"href":"https:\/\/becooltravel.com\/de\/wp-json\/wp\/v2\/media\/5619"}],"wp:attachment":[{"href":"https:\/\/becooltravel.com\/de\/wp-json\/wp\/v2\/media?parent=5451"}],"wp:term":[{"taxonomy":"product_brand","embeddable":true,"href":"https:\/\/becooltravel.com\/de\/wp-json\/wp\/v2\/product_brand?post=5451"},{"taxonomy":"product_cat","embeddable":true,"href":"https:\/\/becooltravel.com\/de\/wp-json\/wp\/v2\/product_cat?post=5451"},{"taxonomy":"product_tag","embeddable":true,"href":"https:\/\/becooltravel.com\/de\/wp-json\/wp\/v2\/product_tag?post=5451"}],"curies":[{"name":"wp","href":"https:\/\/api.w.org\/{rel}","templated":true}]}}