{"id":5574,"date":"2020-07-14T16:36:08","date_gmt":"2020-07-14T16:36:08","guid":{"rendered":"https:\/\/becooltravel.com\/?post_type=product&#038;p=5574"},"modified":"2026-03-18T14:21:35","modified_gmt":"2026-03-18T14:21:35","slug":"exploring-the-douro-valley-12200g","status":"publish","type":"product","link":"https:\/\/becooltravel.com\/de\/produkt\/erkundung-des-douro-tals-12200g\/","title":{"rendered":"Erkundung des Douro Valley Walking Holiday"},"content":{"rendered":"<p><strong>Gruppen mit mindestens 6 Personen akzeptiert.<\/strong><\/p>\n<p>&nbsp;<\/p>\n<p>Das Douro-Tal ist eine der \u00e4ltesten abgegrenzten Weinregionen der Welt (seit 1756) und bietet steil terrassierte Weinberge, die in Berge gehauen sind, Granitfelsen, wei\u00df get\u00fcnchte Anwesen und Weinkeller aus dem 18. Jahrhundert. Kommen Sie wegen der H\u00e4fen und Weine, der kurvenreichen Panoramastra\u00dfen, der malerischen D\u00f6rfer und der ausgezeichneten regionalen Restaurants!<\/p>\n<p>Dieser Urlaub mit zwei Zentren bietet leichte Spazierg\u00e4nge auf Reisen durch das Douro-Tal, sodass wir die am weitesten entfernten Regionen in Richtung der spanischen Grenze erkunden k\u00f6nnen.<\/p>\n<div id=\"attachment_2848\" style=\"width: 1034px\" class=\"wp-caption alignnone\"><img data-recalc-dims=\"1\" decoding=\"async\" aria-describedby=\"caption-attachment-2848\" class=\"wp-image-2848 size-large\" src=\"https:\/\/i0.wp.com\/legendatours.net\/wp-content\/uploads\/2020\/07\/ermida_sao_domingos_fontelo-1024x640.jpg?resize=1024%2C640&#038;ssl=1\" alt=\"Ermida S\u00e3o Domingos, Fontelo\" width=\"1024\" height=\"640\" \/><p id=\"caption-attachment-2848\" class=\"wp-caption-text\">Der Aussichtspunkt von S\u00e3o Domingos ist einer der spektakul\u00e4rsten Aussichtspunkte der Douro-Landschaft, aber auch der au\u00dfergew\u00f6hnlichste.<\/p><\/div>\n<p>Diejenigen, die das Douro-Tal in Reiseberichten gesehen haben, werden wissen, wie sch\u00f6n und unber\u00fchrt der Mittel- und Oberlauf ist, mit tiefen T\u00e4lern und Hochebenen, durchsetzt mit alten D\u00f6rfern und Burgen, die Zeugen der K\u00e4mpfe im Laufe der Jahrhunderte sind.<\/p>\n<p>Wir fliegen nach Porto, bekannt als die \u201eHauptstadt des Douro\u201c, wo wir unsere ersten beiden N\u00e4chte verbringen. Am Fluss Douro gelegen, ist die zweitgr\u00f6\u00dfte Stadt Portugals und heute ein Weltkulturerbe.<\/p>\n<div id=\"attachment_2536\" style=\"width: 1034px\" class=\"wp-caption alignnone\"><img data-recalc-dims=\"1\" decoding=\"async\" aria-describedby=\"caption-attachment-2536\" class=\"wp-image-2536 size-large\" src=\"https:\/\/i0.wp.com\/legendatours.net\/wp-content\/uploads\/2020\/06\/River_douro-1024x640.jpg?resize=1024%2C640&#038;ssl=1\" alt=\"Rio Douro im Herzen der abgegrenzten Portweinregion.\" width=\"1024\" height=\"640\" \/><p id=\"caption-attachment-2536\" class=\"wp-caption-text\">Rio Douro liegt im Herzen der abgegrenzten Portweinregion.<\/p><\/div>\n<p>Unser n\u00e4chstes Zentrum ist in R\u00e9gua. Unsere Reise f\u00fchrt uns auf einer der spektakul\u00e4rsten Eisenbahnstrecken der Welt, w\u00e4hrend wir dem gro\u00dfen Fluss Douro von seiner M\u00fcndung durch die Weinberge und in den Oberlauf Portugals folgen, wo der Fluss die Grenze zu Spanien bildet.<\/p>\n<p>In R\u00e9gua besuchen wir die Stadt und die umliegenden Weinberge, einschlie\u00dflich der Verkostung ausgezeichneter Portweine und anderer Weine der Region, und Lamego, eine pr\u00e4chtige Altstadt, reich an Geschichte und Kultur und voller Charme.<\/p>\n<p>Schlie\u00dflich kehren wir mit dem Boot durch atemberaubende Landschaften nach Porto zur\u00fcck, w\u00e4hrend wir den gro\u00dfen Fluss Douro hinunterfahren, durch die \u00fcppig gr\u00fcnen terrassierten Weinberge, die zum Weltkulturerbe geh\u00f6ren.<\/p>\n<div class=\"row\" style=\"display: flex;\">\n<div class=\"column\" style=\"flex: 45%;\">\n<p><iframe title=\"Porto und der Norden wie nie zuvor\" width=\"1080\" height=\"608\" src=\"https:\/\/www.youtube.com\/embed\/47k8DRF7_-M?feature=oembed\" frameborder=\"0\" allow=\"accelerometer; autoplay; clipboard-write; encrypted-media; gyroscope; picture-in-picture\" allowfullscreen><\/iframe><\/p>\n<\/div>\n<div class=\"column\" style=\"flex: 10%;\"><\/div>\n<div class=\"column\" style=\"flex: 45%;\">\n<p><iframe title=\"Portugiesischer Weintourismus\" width=\"1080\" height=\"608\" src=\"https:\/\/www.youtube.com\/embed\/OGVDu3ivhTY?list=PLuMAo-oYl9zjNFzMcQjFaVVHGl2EoXxYT\" frameborder=\"0\" allow=\"accelerometer; autoplay; clipboard-write; encrypted-media; gyroscope; picture-in-picture\" allowfullscreen><\/iframe><\/p>\n<\/div>\n<\/div>","protected":false},"excerpt":{"rendered":"<p>Das Douro-Tal ist eine der \u00e4ltesten abgegrenzten Weinregionen der Welt (seit 1756) und bietet steil terrassierte Weinberge, die in Berge gehauen sind, Granitfelsen, wei\u00df get\u00fcnchte Anwesen und Weinkeller aus dem 18. Jahrhundert. Kommen Sie wegen der H\u00e4fen und Weine, der kurvenreichen Panoramastra\u00dfen, der malerischen D\u00f6rfer und der ausgezeichneten regionalen Restaurants!<\/p>","protected":false},"featured_media":5565,"comment_status":"closed","ping_status":"closed","template":"","meta":{"_acf_changed":false,"inline_featured_image":false},"product_brand":[],"product_cat":[343,340,342,344,355],"product_tag":[229,587,1204,204,784,744,593,675,113,55,815,260,751,247,1001,625,755,143,144,915,548,977,687,762,361,918,118,146,362,60,363,793,366],"class_list":{"0":"post-5574","1":"product","2":"type-product","3":"status-publish","4":"has-post-thumbnail","6":"product_cat-cultural-tours-and-holidays-in-portugal","7":"product_cat-guided-group-tours","8":"product_cat-portugal-guided-historical-holidays","9":"product_cat-guided-sightseeing-holidays-portugal","10":"product_cat-guided-walking-holidays-in-portugal","11":"product_tag-alto-douro-wine-region","12":"product_tag-amazing-walking","13":"product_tag-beautiful-walk","14":"product_tag-cultural-heritage","15":"product_tag-culture","16":"product_tag-douro","17":"product_tag-douro-river","18":"product_tag-douro-riverbanks","19":"product_tag-douro-valley","20":"product_tag-guided-walking-holidays","21":"product_tag-historic","22":"product_tag-history-and-heritage","23":"product_tag-holiday-activities-walking-guides","24":"product_tag-its-gastronomy-and-wines","25":"product_tag-lamego","26":"product_tag-local-wines","27":"product_tag-oporto","28":"product_tag-port-wine","29":"product_tag-porto","30":"product_tag-porto-world-heritage","31":"product_tag-portugal-perfect-walking-holiday","32":"product_tag-regua","33":"product_tag-rio-douro","34":"product_tag-river-cruise-douro","35":"product_tag-river-douro","36":"product_tag-sightseeing-porto","37":"product_tag-train-journey-up-the-douro-valley","38":"product_tag-vineyards","39":"product_tag-vineyards-and-terraces","40":"product_tag-walking-holidays","41":"product_tag-walks-porto","42":"product_tag-wines","43":"product_tag-worlds-best-wines","45":"first","46":"instock","47":"virtual","48":"sold-individually","49":"product-type-booking"},"acf":[],"yoast_head":"<!-- This site is optimized with the Yoast SEO Premium plugin v26.8 (Yoast SEO v27.5) - https:\/\/yoast.com\/product\/yoast-seo-premium-wordpress\/ -->\n<title>Exploring the Douro Valley Walking Holiday<\/title>\n<meta name=\"description\" content=\"Exploring the Douro Valley - One of the world\u2019s oldest demarcated wine regions (since 1756), Terrace vineyards carved into mountains.\" \/>\n<meta name=\"robots\" content=\"index, follow, max-snippet:-1, max-image-preview:large, max-video-preview:-1\" \/>\n<link rel=\"canonical\" href=\"https:\/\/becooltravel.com\/de\/produkt\/erkundung-des-douro-tals-12200g\/\" \/>\n<meta property=\"og:locale\" content=\"de_DE\" \/>\n<meta property=\"og:type\" content=\"article\" \/>\n<meta property=\"og:title\" content=\"Exploring the Douro Valley\" \/>\n<meta property=\"og:description\" content=\"We fly into Porto, known as the \u2018Capital of the Douro\u2019, where we stay for our first two nights. Situated on the Douro River, is the second largest city in Portugal and now a World Heritage Site.Our next centre is in R\u00e9gua. Our journey takes us on one of the world\u2019s most spectacular railway lines, as we follow the great Douro River from its estuary, through the vineyards and into the upper reaches of Portugal, where the river forms the border with Spain.In R\u00e9gua we will visit the town and the surrounding vineyards, including tasting excellent Port wines and other wines of the region, and Lamego, a magnificent old town, rich in history and culture and full of charm.Finally, we return to Porto by boat through breath taking landscapes, as we go down the great Douro River, through the lush green terraced vineyards, a World Heritage Site.\" \/>\n<meta property=\"og:url\" content=\"https:\/\/becooltravel.com\/de\/produkt\/erkundung-des-douro-tals-12200g\/\" \/>\n<meta property=\"og:site_name\" content=\"BeCool Travel\" \/>\n<meta property=\"article:publisher\" content=\"https:\/\/www.facebook.com\/becooltravelagency\/\" \/>\n<meta property=\"article:modified_time\" content=\"2026-03-18T14:21:35+00:00\" \/>\n<meta property=\"og:image\" content=\"https:\/\/becooltravel.com\/wp-content\/uploads\/sites\/5\/2020\/07\/douro_grape_harvest.jpg\" \/>\n\t<meta property=\"og:image:width\" content=\"1152\" \/>\n\t<meta property=\"og:image:height\" content=\"768\" \/>\n\t<meta property=\"og:image:type\" content=\"image\/jpeg\" \/>\n<meta name=\"twitter:card\" content=\"summary_large_image\" \/>\n<meta name=\"twitter:title\" content=\"Exploring the Douro Valley\" \/>\n<meta name=\"twitter:description\" content=\"One of the world\u2019s oldest demarcated wine regions (since 1756), the Douro Valley showcases steep terrace vineyards carved into mountains, granite bluffs, whitewashed estates, and 18th-century wine cellars. Come for the ports and wines, winding scenic roads, postcard-pretty villages and excellent regional restaurants!This two-centre holiday offers easy walking while travels up the Douro Valley, allowing us to explore its furthest regions towards the Spanish frontier.Those who have seen the Douro Valley in travelogues will know how beautiful and unspoilt the central and upper reaches are, with deep valleys and plateaus interspersed with ancient villages and castles that bear witness to struggles over the centuries.\" \/>\n<meta name=\"twitter:image\" content=\"https:\/\/i0.wp.com\/becooltravel.com\/wp-content\/uploads\/sites\/5\/2020\/07\/douro_grape_harvest.jpg?fit=1152%2C768&ssl=1\" \/>\n<meta name=\"twitter:site\" content=\"@becool_travel\" \/>\n<meta name=\"twitter:label1\" content=\"Gesch\u00e4tzte Lesezeit\" \/>\n\t<meta name=\"twitter:data1\" content=\"2\u00a0Minuten\" \/>\n<script type=\"application\/ld+json\" class=\"yoast-schema-graph\">{\"@context\":\"https:\\\/\\\/schema.org\",\"@graph\":[{\"@type\":[\"WebPage\",\"ItemPage\"],\"@id\":\"https:\\\/\\\/becooltravel.com\\\/product\\\/exploring-the-douro-valley-12200g\\\/\",\"url\":\"https:\\\/\\\/becooltravel.com\\\/product\\\/exploring-the-douro-valley-12200g\\\/\",\"name\":\"Exploring the Douro Valley Walking Holiday\",\"isPartOf\":{\"@id\":\"https:\\\/\\\/becooltravel.com\\\/#website\"},\"primaryImageOfPage\":{\"@id\":\"https:\\\/\\\/becooltravel.com\\\/product\\\/exploring-the-douro-valley-12200g\\\/#primaryimage\"},\"image\":{\"@id\":\"https:\\\/\\\/becooltravel.com\\\/product\\\/exploring-the-douro-valley-12200g\\\/#primaryimage\"},\"thumbnailUrl\":\"https:\\\/\\\/i0.wp.com\\\/becooltravel.com\\\/wp-content\\\/uploads\\\/sites\\\/5\\\/2020\\\/07\\\/douro_grape_harvest.jpg?fit=1152%2C768&ssl=1\",\"datePublished\":\"2020-07-14T16:36:08+00:00\",\"dateModified\":\"2026-03-18T14:21:35+00:00\",\"description\":\"Exploring the Douro Valley - One of the world\u2019s oldest demarcated wine regions (since 1756), Terrace vineyards carved into mountains.\",\"breadcrumb\":{\"@id\":\"https:\\\/\\\/becooltravel.com\\\/product\\\/exploring-the-douro-valley-12200g\\\/#breadcrumb\"},\"inLanguage\":\"de\",\"potentialAction\":[{\"@type\":\"ReadAction\",\"target\":[\"https:\\\/\\\/becooltravel.com\\\/product\\\/exploring-the-douro-valley-12200g\\\/\"]}]},{\"@type\":\"ImageObject\",\"inLanguage\":\"de\",\"@id\":\"https:\\\/\\\/becooltravel.com\\\/product\\\/exploring-the-douro-valley-12200g\\\/#primaryimage\",\"url\":\"https:\\\/\\\/i0.wp.com\\\/becooltravel.com\\\/wp-content\\\/uploads\\\/sites\\\/5\\\/2020\\\/07\\\/douro_grape_harvest.jpg?fit=1152%2C768&ssl=1\",\"contentUrl\":\"https:\\\/\\\/i0.wp.com\\\/becooltravel.com\\\/wp-content\\\/uploads\\\/sites\\\/5\\\/2020\\\/07\\\/douro_grape_harvest.jpg?fit=1152%2C768&ssl=1\",\"width\":1152,\"height\":768,\"caption\":\"Harvest in Douro valley\"},{\"@type\":\"BreadcrumbList\",\"@id\":\"https:\\\/\\\/becooltravel.com\\\/product\\\/exploring-the-douro-valley-12200g\\\/#breadcrumb\",\"itemListElement\":[{\"@type\":\"ListItem\",\"position\":1,\"name\":\"Home\",\"item\":\"https:\\\/\\\/becooltravel.com\\\/\"},{\"@type\":\"ListItem\",\"position\":2,\"name\":\"Shop\",\"item\":\"https:\\\/\\\/becooltravel.com\\\/?page_id=5\"},{\"@type\":\"ListItem\",\"position\":3,\"name\":\"Walking tours in Alto Douro Wine Region. Those who have seen the Douro Valley in travelogues will know how beautiful and unspoilt walking location.\",\"item\":\"https:\\\/\\\/becooltravel.com\\\/product-tag\\\/alto-douro-wine-region\\\/\"},{\"@type\":\"ListItem\",\"position\":4,\"name\":\"One of the world\u2019s oldest demarcated wine regions (since 1756), the Douro Valley showcases steep terrace vineyards carved into mountains, granite bluffs, whitewashed estates, and 18th-century wine cellars. Come for the ports and wines, winding scenic roads, postcard-pretty villages and excellent regional restaurants!\"}]},{\"@type\":\"WebSite\",\"@id\":\"https:\\\/\\\/becooltravel.com\\\/#website\",\"url\":\"https:\\\/\\\/becooltravel.com\\\/\",\"name\":\"BeCool Travel\",\"description\":\"Sustainable holidays in Portugal for independent travelers\",\"publisher\":{\"@id\":\"https:\\\/\\\/becooltravel.com\\\/#organization\"},\"potentialAction\":[{\"@type\":\"SearchAction\",\"target\":{\"@type\":\"EntryPoint\",\"urlTemplate\":\"https:\\\/\\\/becooltravel.com\\\/?s={search_term_string}\"},\"query-input\":{\"@type\":\"PropertyValueSpecification\",\"valueRequired\":true,\"valueName\":\"search_term_string\"}}],\"inLanguage\":\"de\"},{\"@type\":\"Organization\",\"@id\":\"https:\\\/\\\/becooltravel.com\\\/#organization\",\"name\":\"BecoolTravel. com- Portugal\",\"url\":\"https:\\\/\\\/becooltravel.com\\\/\",\"logo\":{\"@type\":\"ImageObject\",\"inLanguage\":\"de\",\"@id\":\"https:\\\/\\\/becooltravel.com\\\/#\\\/schema\\\/logo\\\/image\\\/\",\"url\":\"https:\\\/\\\/becooltravel.com\\\/wp-content\\\/uploads\\\/sites\\\/5\\\/2020\\\/03\\\/Logo_BeCool.jpg\",\"contentUrl\":\"https:\\\/\\\/becooltravel.com\\\/wp-content\\\/uploads\\\/sites\\\/5\\\/2020\\\/03\\\/Logo_BeCool.jpg\",\"width\":534,\"height\":534,\"caption\":\"BecoolTravel. com- Portugal\"},\"image\":{\"@id\":\"https:\\\/\\\/becooltravel.com\\\/#\\\/schema\\\/logo\\\/image\\\/\"},\"sameAs\":[\"https:\\\/\\\/www.facebook.com\\\/becooltravelagency\\\/\",\"https:\\\/\\\/x.com\\\/becool_travel\",\"https:\\\/\\\/www.instagram.com\\\/becooltravel_com\\\/\",\"https:\\\/\\\/www.linkedin.com\\\/company\\\/becool-travel\\\/\",\"https:\\\/\\\/www.youtube.com\\\/channel\\\/UCE7zRU3EVG1PgfXwQo-5uJw\"]}]}<\/script>\n<!-- \/ Yoast SEO Premium plugin. -->","yoast_head_json":{"title":"Erkundung des Douro Valley Walking Holiday","description":"Erkundung des Douro-Tals - Eine der \u00e4ltesten abgegrenzten Weinregionen der Welt (seit 1756), Terrassenweinberge, die in Berge gehauen sind.","robots":{"index":"index","follow":"follow","max-snippet":"max-snippet:-1","max-image-preview":"max-image-preview:large","max-video-preview":"max-video-preview:-1"},"canonical":"https:\/\/becooltravel.com\/de\/produkt\/erkundung-des-douro-tals-12200g\/","og_locale":"de_DE","og_type":"article","og_title":"Exploring the Douro Valley","og_description":"We fly into Porto, known as the \u2018Capital of the Douro\u2019, where we stay for our first two nights. Situated on the Douro River, is the second largest city in Portugal and now a World Heritage Site.Our next centre is in R\u00e9gua. Our journey takes us on one of the world\u2019s most spectacular railway lines, as we follow the great Douro River from its estuary, through the vineyards and into the upper reaches of Portugal, where the river forms the border with Spain.In R\u00e9gua we will visit the town and the surrounding vineyards, including tasting excellent Port wines and other wines of the region, and Lamego, a magnificent old town, rich in history and culture and full of charm.Finally, we return to Porto by boat through breath taking landscapes, as we go down the great Douro River, through the lush green terraced vineyards, a World Heritage Site.","og_url":"https:\/\/becooltravel.com\/de\/produkt\/erkundung-des-douro-tals-12200g\/","og_site_name":"BeCool Travel","article_publisher":"https:\/\/www.facebook.com\/becooltravelagency\/","article_modified_time":"2026-03-18T14:21:35+00:00","og_image":[{"width":1152,"height":768,"url":"https:\/\/becooltravel.com\/wp-content\/uploads\/sites\/5\/2020\/07\/douro_grape_harvest.jpg","type":"image\/jpeg"}],"twitter_card":"summary_large_image","twitter_title":"Exploring the Douro Valley","twitter_description":"One of the world\u2019s oldest demarcated wine regions (since 1756), the Douro Valley showcases steep terrace vineyards carved into mountains, granite bluffs, whitewashed estates, and 18th-century wine cellars. Come for the ports and wines, winding scenic roads, postcard-pretty villages and excellent regional restaurants!This two-centre holiday offers easy walking while travels up the Douro Valley, allowing us to explore its furthest regions towards the Spanish frontier.Those who have seen the Douro Valley in travelogues will know how beautiful and unspoilt the central and upper reaches are, with deep valleys and plateaus interspersed with ancient villages and castles that bear witness to struggles over the centuries.","twitter_image":"https:\/\/i0.wp.com\/becooltravel.com\/wp-content\/uploads\/sites\/5\/2020\/07\/douro_grape_harvest.jpg?fit=1152%2C768&ssl=1","twitter_site":"@becool_travel","twitter_misc":{"Gesch\u00e4tzte Lesezeit":"2\u00a0Minuten"},"schema":{"@context":"https:\/\/schema.org","@graph":[{"@type":["WebPage","ItemPage"],"@id":"https:\/\/becooltravel.com\/product\/exploring-the-douro-valley-12200g\/","url":"https:\/\/becooltravel.com\/product\/exploring-the-douro-valley-12200g\/","name":"Erkundung des Douro Valley Walking Holiday","isPartOf":{"@id":"https:\/\/becooltravel.com\/#website"},"primaryImageOfPage":{"@id":"https:\/\/becooltravel.com\/product\/exploring-the-douro-valley-12200g\/#primaryimage"},"image":{"@id":"https:\/\/becooltravel.com\/product\/exploring-the-douro-valley-12200g\/#primaryimage"},"thumbnailUrl":"https:\/\/i0.wp.com\/becooltravel.com\/wp-content\/uploads\/sites\/5\/2020\/07\/douro_grape_harvest.jpg?fit=1152%2C768&ssl=1","datePublished":"2020-07-14T16:36:08+00:00","dateModified":"2026-03-18T14:21:35+00:00","description":"Erkundung des Douro-Tals - Eine der \u00e4ltesten abgegrenzten Weinregionen der Welt (seit 1756), Terrassenweinberge, die in Berge gehauen sind.","breadcrumb":{"@id":"https:\/\/becooltravel.com\/product\/exploring-the-douro-valley-12200g\/#breadcrumb"},"inLanguage":"de","potentialAction":[{"@type":"ReadAction","target":["https:\/\/becooltravel.com\/product\/exploring-the-douro-valley-12200g\/"]}]},{"@type":"ImageObject","inLanguage":"de","@id":"https:\/\/becooltravel.com\/product\/exploring-the-douro-valley-12200g\/#primaryimage","url":"https:\/\/i0.wp.com\/becooltravel.com\/wp-content\/uploads\/sites\/5\/2020\/07\/douro_grape_harvest.jpg?fit=1152%2C768&ssl=1","contentUrl":"https:\/\/i0.wp.com\/becooltravel.com\/wp-content\/uploads\/sites\/5\/2020\/07\/douro_grape_harvest.jpg?fit=1152%2C768&ssl=1","width":1152,"height":768,"caption":"Harvest in Douro valley"},{"@type":"BreadcrumbList","@id":"https:\/\/becooltravel.com\/product\/exploring-the-douro-valley-12200g\/#breadcrumb","itemListElement":[{"@type":"ListItem","position":1,"name":"Home","item":"https:\/\/becooltravel.com\/"},{"@type":"ListItem","position":2,"name":"Shop","item":"https:\/\/becooltravel.com\/?page_id=5"},{"@type":"ListItem","position":3,"name":"Walking tours in Alto Douro Wine Region. Those who have seen the Douro Valley in travelogues will know how beautiful and unspoilt walking location.","item":"https:\/\/becooltravel.com\/product-tag\/alto-douro-wine-region\/"},{"@type":"ListItem","position":4,"name":"One of the world\u2019s oldest demarcated wine regions (since 1756), the Douro Valley showcases steep terrace vineyards carved into mountains, granite bluffs, whitewashed estates, and 18th-century wine cellars. Come for the ports and wines, winding scenic roads, postcard-pretty villages and excellent regional restaurants!"}]},{"@type":"WebSite","@id":"https:\/\/becooltravel.com\/#website","url":"https:\/\/becooltravel.com\/","name":"BeCool Travel","description":"Nachhaltiger Urlaub in Portugal f\u00fcr Individualreisende","publisher":{"@id":"https:\/\/becooltravel.com\/#organization"},"potentialAction":[{"@type":"SearchAction","target":{"@type":"EntryPoint","urlTemplate":"https:\/\/becooltravel.com\/?s={search_term_string}"},"query-input":{"@type":"PropertyValueSpecification","valueRequired":true,"valueName":"search_term_string"}}],"inLanguage":"de"},{"@type":"Organization","@id":"https:\/\/becooltravel.com\/#organization","name":"BecoolTravel. com- Portugal","url":"https:\/\/becooltravel.com\/","logo":{"@type":"ImageObject","inLanguage":"de","@id":"https:\/\/becooltravel.com\/#\/schema\/logo\/image\/","url":"https:\/\/becooltravel.com\/wp-content\/uploads\/sites\/5\/2020\/03\/Logo_BeCool.jpg","contentUrl":"https:\/\/becooltravel.com\/wp-content\/uploads\/sites\/5\/2020\/03\/Logo_BeCool.jpg","width":534,"height":534,"caption":"BecoolTravel. com- Portugal"},"image":{"@id":"https:\/\/becooltravel.com\/#\/schema\/logo\/image\/"},"sameAs":["https:\/\/www.facebook.com\/becooltravelagency\/","https:\/\/x.com\/becool_travel","https:\/\/www.instagram.com\/becooltravel_com\/","https:\/\/www.linkedin.com\/company\/becool-travel\/","https:\/\/www.youtube.com\/channel\/UCE7zRU3EVG1PgfXwQo-5uJw"]}]}},"jetpack_sharing_enabled":true,"_links":{"self":[{"href":"https:\/\/becooltravel.com\/de\/wp-json\/wp\/v2\/product\/5574","targetHints":{"allow":["GET"]}}],"collection":[{"href":"https:\/\/becooltravel.com\/de\/wp-json\/wp\/v2\/product"}],"about":[{"href":"https:\/\/becooltravel.com\/de\/wp-json\/wp\/v2\/types\/product"}],"replies":[{"embeddable":true,"href":"https:\/\/becooltravel.com\/de\/wp-json\/wp\/v2\/comments?post=5574"}],"wp:featuredmedia":[{"embeddable":true,"href":"https:\/\/becooltravel.com\/de\/wp-json\/wp\/v2\/media\/5565"}],"wp:attachment":[{"href":"https:\/\/becooltravel.com\/de\/wp-json\/wp\/v2\/media?parent=5574"}],"wp:term":[{"taxonomy":"product_brand","embeddable":true,"href":"https:\/\/becooltravel.com\/de\/wp-json\/wp\/v2\/product_brand?post=5574"},{"taxonomy":"product_cat","embeddable":true,"href":"https:\/\/becooltravel.com\/de\/wp-json\/wp\/v2\/product_cat?post=5574"},{"taxonomy":"product_tag","embeddable":true,"href":"https:\/\/becooltravel.com\/de\/wp-json\/wp\/v2\/product_tag?post=5574"}],"curies":[{"name":"wp","href":"https:\/\/api.w.org\/{rel}","templated":true}]}}