{"id":5582,"date":"2020-07-15T11:17:56","date_gmt":"2020-07-15T11:17:56","guid":{"rendered":"https:\/\/becooltravel.com\/?post_type=product&#038;p=5582"},"modified":"2026-03-18T14:21:33","modified_gmt":"2026-03-18T14:21:33","slug":"north-of-portugal-8100g","status":"publish","type":"product","link":"https:\/\/becooltravel.com\/de\/produkt\/nordlich-von-portugal-8100g\/","title":{"rendered":"Die besten landschaftlich reizvollen Bahnstrecken im Norden Portugals"},"content":{"rendered":"<p><strong>Gruppen mit mindestens 6 Personen akzeptiert.<\/strong><\/p>\n<p>&nbsp;<\/p>\n<p>Dieser Urlaub f\u00fchrt uns auf einige der sch\u00f6nsten Bahnstrecken im Norden Portugals.<\/p>\n<p>Wir werden atemberaubende Landschaften genie\u00dfen, die Gelegenheit haben, sch\u00f6ne St\u00e4dte und D\u00f6rfer zu besuchen und an strategischen Orten Halt zu machen, um historische Fahrzeuge sowie pr\u00e4chtig dekorierte Bahnh\u00f6fe zu bewundern.<\/p>\n<p>Wir nehmen uns auch Zeit, um einige erstaunliche UNESCO-Welterbest\u00e4tten zu besichtigen.<\/p>\n<div id=\"attachment_3845\" style=\"width: 1034px\" class=\"wp-caption alignnone\"><img data-recalc-dims=\"1\" decoding=\"async\" aria-describedby=\"caption-attachment-3845\" class=\"wp-image-3845 size-large\" title=\"Douro sch\u00f6nsten landschaftlichen Strecken in Portugal\" src=\"https:\/\/i0.wp.com\/legendatours.net\/wp-content\/uploads\/2020\/07\/douro_railway-1024x677.jpg?resize=1024%2C677&#038;ssl=1\" alt=\"Douro sch\u00f6nsten landschaftlichen Strecken in Portugal\" width=\"1024\" height=\"677\" \/><p id=\"caption-attachment-3845\" class=\"wp-caption-text\">Douro Zug atemberaubende Landschaften Portugal<\/p><\/div>\n<p>Die Geschichte der Eisenbahn in Portugal ist sehr reich und vielf\u00e4ltig, wie der Inhalt der verschiedenen Museen, die wir besuchen werden, und der heutige Eisenbahnbestand belegen.<br \/>\nIngenieurwesen, Kunst und Wissenschaft \u00fcberschneiden sich mit dem Leben von Gesellschaften, Gruppen und Einzelpersonen.<\/p>\n<p>Die Eisenbahn hat Neuland betreten, St\u00e4dte geschaffen, mehr oder weniger weit entfernte Gemeinschaften verbunden, neue M\u00f6glichkeiten und Bed\u00fcrfnisse geschaffen und aufrechterhalten, die Art und Weise ver\u00e4ndert, wie wir in der Welt sehen und leben.<\/p>\n<p>Die Geschichte der Z\u00fcge in Portugal begann im Oktober 1856 w\u00e4hrend der industriellen Revolution, als die erste Reise zwischen Lissabon und Carregado stattfand.<\/p>\n<p>Die Antrittsreise von 37 km h\u00e4tte die Anwesenheit von K\u00f6nig Pedro V haben m\u00fcssen, aber er kam sp\u00e4t an und der Zug, getauft D. Luis, fuhr ohne den k\u00f6niglichen Passagier ab.<\/p>\n<p>Das Eisenbahnnetz wird in den folgenden Jahren vor allem unter dem Einfluss von Fontes Pereira de Melo, Minister f\u00fcr \u00f6ffentliche Arbeiten, rasant ausgebaut. 1861 erreicht der Zug die Grenze zu Spanien, in der N\u00e4he von Badajoz, und im folgenden Jahr wird die Verbindung zwischen Lissabon und Porto sichergestellt.<\/p>\n<div id=\"attachment_2537\" style=\"width: 1034px\" class=\"wp-caption alignnone\"><img data-recalc-dims=\"1\" decoding=\"async\" aria-describedby=\"caption-attachment-2537\" class=\"wp-image-2537 size-large\" title=\"Train in Douro Line - Nehmen Sie den Zug und genie\u00dfen Sie Ihren Wanderurlaub an diesem zeitlosen und magischen Ort!\" src=\"https:\/\/i0.wp.com\/legendatours.net\/wp-content\/uploads\/2020\/06\/train_douro-1024x683.jpg?resize=1024%2C683&#038;ssl=1\" alt=\"Train in Douro Line - Nehmen Sie den Zug und genie\u00dfen Sie Ihren Wanderurlaub an diesem zeitlosen und magischen Ort!\" width=\"1024\" height=\"683\" \/><p id=\"caption-attachment-2537\" class=\"wp-caption-text\">Train in Douro Line - Nehmen Sie den Zug und genie\u00dfen Sie Ihren Wanderurlaub an diesem zeitlosen und magischen Ort!<\/p><\/div>\n<p>Die ersten Dieselmotoren kommen 1948 an, Vorboten des Endes der \u00c4ra der Dampflokomotiven. Sp\u00e4ter begannen die Z\u00fcge, Strom zu verbrauchen, und in j\u00fcngerer Zeit wird ihre Fahrt immer computerisierter.<\/p>\n<p>Wir beginnen die Tour mit einem Besuch der vielen Reize von Porto, von den antiken Monumenten bis zur herrlichen K\u00fcste. In Porto, ebenfalls ein Weltkulturerbe, fahren wir mit einer charmanten Stra\u00dfenbahn nach Foz und besuchen das Nationale Stra\u00dfenbahnmuseum.<\/p>\n<p>Von unserer Basis in Porto aus besuchen wir Viana do Castelo, das Juwel der Minho. Nehmen Sie einen Zug nach Guimar\u00e3es, der Geburtsstadt Portugals und Weltkulturerbe. Aveiro mit seinem wundersch\u00f6nen System aus Lagunen und bunt bemalten H\u00e4usern und Coimbra, Heimat einer der \u00e4ltesten Universit\u00e4ten in Europa.<\/p>\n<p>Und nat\u00fcrlich beenden wir mit einer atemberaubenden Flusskreuzfahrt auf dem herrlichen Fluss Douro und einer Zugfahrt entlang des Rio Douro, einem der gro\u00dfartigen unbesungenen Erlebnisse eines Portugal-Besuchs.<\/p>\n<p>Die Landschaft ist atemberaubend und viele sagen, es sei eine der sch\u00f6nsten Bahnreisen der Welt.<\/p>\n<div class=\"row\" style=\"display: flex;\">\n<div class=\"column\" style=\"flex: 45%;\">\n<p><iframe title=\"Portugal wie nie zuvor gesehen (Erbe)\" width=\"1080\" height=\"608\" src=\"https:\/\/www.youtube.com\/embed\/AwMagvRIWhc?list=PLuMAo-oYl9zgZ7THp1rusNGKOkYZUOfhp\" frameborder=\"0\" allow=\"accelerometer; autoplay; clipboard-write; encrypted-media; gyroscope; picture-in-picture\" allowfullscreen><\/iframe><\/p>\n<\/div>\n<div class=\"column\" style=\"flex: 10%;\"><\/div>\n<div class=\"column\" style=\"flex: 45%;\">\n<p><iframe title=\"Caminho Portugu\u00eas da Costa - EM CADA PASSO, UM SENTIDO - V02\" width=\"1080\" height=\"608\" src=\"https:\/\/www.youtube.com\/embed\/qFqhYRKPTK8?feature=oembed\" frameborder=\"0\" allow=\"accelerometer; autoplay; clipboard-write; encrypted-media; gyroscope; picture-in-picture\" allowfullscreen><\/iframe><\/p>\n<\/div>\n<\/div>","protected":false},"excerpt":{"rendered":"<p>Dieser Urlaub f\u00fchrt uns auf einige der sch\u00f6nsten Bahnstrecken im Norden Portugals.<\/p>\n<p>Wir werden atemberaubende Landschaften genie\u00dfen, die Gelegenheit haben, sch\u00f6ne St\u00e4dte und D\u00f6rfer zu besuchen und an strategischen Orten Halt zu machen, um historische Fahrzeuge sowie pr\u00e4chtig dekorierte Bahnh\u00f6fe zu bewundern.<\/p>\n<p>Wir nehmen uns auch Zeit, um einige erstaunliche UNESCO-Welterbest\u00e4tten zu besichtigen.<\/p>\n<p>Die Geschichte der Eisenbahn in Portugal ist sehr reich und vielf\u00e4ltig, wie der Inhalt der verschiedenen Museen, die wir besuchen werden, und der heutige Eisenbahnbestand belegen.<\/p>\n<p>Ingenieurwesen, Kunst und Wissenschaft \u00fcberschneiden sich mit dem Leben von Gesellschaften, Gruppen und Einzelpersonen.<\/p>","protected":false},"featured_media":4752,"comment_status":"closed","ping_status":"closed","template":"","meta":{"_acf_changed":false,"inline_featured_image":false},"product_brand":[],"product_cat":[343,340,342,344,348],"product_tag":[936,1018,203,850,204,1019,743,593,508,579,114,624,260,1020,261,1110,384,360,208,754,189,755,144,1122,921,1123,1010,977,108,687,762,688,924,925,118,926,1124,778,87,172,709,111],"class_list":{"0":"post-5582","1":"product","2":"type-product","3":"status-publish","4":"has-post-thumbnail","6":"product_cat-cultural-tours-and-holidays-in-portugal","7":"product_cat-guided-group-tours","8":"product_cat-portugal-guided-historical-holidays","9":"product_cat-guided-sightseeing-holidays-portugal","10":"product_cat-guided-train-tours-and-rail-holiday-in-portugal","11":"product_tag-aveiro","12":"product_tag-badajoz","13":"product_tag-beautiful-landscapes","14":"product_tag-coimbra","15":"product_tag-cultural-heritage","16":"product_tag-d-luis","17":"product_tag-d-luis-i-bridge","18":"product_tag-douro-river","19":"product_tag-gastronomy-and-wines","20":"product_tag-green-landscape","21":"product_tag-guimaraes","22":"product_tag-heritage","23":"product_tag-history-and-heritage","24":"product_tag-industrial-revolution","25":"product_tag-local-gastronomy","26":"product_tag-longest-funicular-in-portugal","27":"product_tag-magnificent-landscape","28":"product_tag-minho-region-portugal","29":"product_tag-monuments","30":"product_tag-north-of-portugal","31":"product_tag-northern-portugal","32":"product_tag-oporto","33":"product_tag-porto","34":"product_tag-rail-holiday","35":"product_tag-rail-holidays","36":"product_tag-rail-routes-in-portugal","37":"product_tag-railroad","38":"product_tag-regua","39":"product_tag-ria-of-aveiro","40":"product_tag-rio-douro","41":"product_tag-river-cruise-douro","42":"product_tag-sao-bento-railway-station","43":"product_tag-train","44":"product_tag-train-holidays","45":"product_tag-train-journey-up-the-douro-valley","46":"product_tag-train-tour","47":"product_tag-tram-museum","48":"product_tag-travel-train-tour-in-portugal","49":"product_tag-unesco-world-heritage-site","50":"product_tag-viana-do-castelo","51":"product_tag-vintage-trams","52":"product_tag-vouga","54":"first","55":"instock","56":"virtual","57":"sold-individually","58":"product-type-booking"},"acf":[],"yoast_head":"<!-- This site is optimized with the Yoast SEO Premium plugin v26.8 (Yoast SEO v27.5) - https:\/\/yoast.com\/product\/yoast-seo-premium-wordpress\/ -->\n<title>The Best North of Portugal Scenic Rail Routes<\/title>\n<meta name=\"description\" content=\"Portugal Small Group by Train This holiday will take us on some of the most scenic rail routes in the north of Portugal.\" \/>\n<meta name=\"robots\" content=\"index, follow, max-snippet:-1, max-image-preview:large, max-video-preview:-1\" \/>\n<link rel=\"canonical\" href=\"https:\/\/becooltravel.com\/de\/produkt\/nordlich-von-portugal-8100g\/\" \/>\n<meta property=\"og:locale\" content=\"de_DE\" \/>\n<meta property=\"og:type\" content=\"article\" \/>\n<meta property=\"og:title\" content=\"North Of Portugal Small Group by Train\" \/>\n<meta property=\"og:description\" content=\"he railroad has broken new territory, created cities, linked communities more or less distant, created and sustained new opportunities and needs, changed the way we see and live in the world.The history of the trains in Portugal began in October 1856, during the Industrial Revolution, when the first trip between Lisbon and Carregado occurred.The inaugural trip of 37km, should have had the presence of King Pedro V, but he arrived late and the train, baptized D. Luis, left without the royal passenger.The railway network expands rapidly in the following years, especially under the influence of Fontes Pereira de Melo, Minister of Public Works. In 1861 the train arrives at the border with Spain, near Badajoz, and in the following year the connection between Lisbon and Porto is assured.\" \/>\n<meta property=\"og:url\" content=\"https:\/\/becooltravel.com\/de\/produkt\/nordlich-von-portugal-8100g\/\" \/>\n<meta property=\"og:site_name\" content=\"BeCool Travel\" \/>\n<meta property=\"article:publisher\" content=\"https:\/\/www.facebook.com\/becooltravelagency\/\" \/>\n<meta property=\"article:modified_time\" content=\"2026-03-18T14:21:33+00:00\" \/>\n<meta property=\"og:image\" content=\"https:\/\/becooltravel.com\/wp-content\/uploads\/sites\/5\/2020\/05\/Douro-river-Porto.jpg\" \/>\n\t<meta property=\"og:image:width\" content=\"1194\" \/>\n\t<meta property=\"og:image:height\" content=\"800\" \/>\n\t<meta property=\"og:image:type\" content=\"image\/jpeg\" \/>\n<meta name=\"twitter:card\" content=\"summary_large_image\" \/>\n<meta name=\"twitter:title\" content=\"North Of Portugal Small Group by Train\" \/>\n<meta name=\"twitter:description\" content=\"his holiday will take us on some of the most scenic rail routes in the north of Portugal.We will enjoy stunning landscapes, the opportunity to visit lovely towns and villages and stop in strategic places to admire historic rolling stock as well as gorgeously decorated train stations.We\u2019ll also take time to wander and visit some amazing UNESCO World Heritage Sites.The history of the railroad in Portugal is very rich and varied as evidenced by the contents of the various museums we will visit and today\u2019s rail stock as well.Engineering, art and science intersect with the lives of societies, groups and individuals.\" \/>\n<meta name=\"twitter:image\" content=\"https:\/\/i0.wp.com\/becooltravel.com\/wp-content\/uploads\/sites\/5\/2020\/05\/Douro-river-Porto.jpg?fit=1194%2C800&ssl=1\" \/>\n<meta name=\"twitter:site\" content=\"@becool_travel\" \/>\n<meta name=\"twitter:label1\" content=\"Gesch\u00e4tzte Lesezeit\" \/>\n\t<meta name=\"twitter:data1\" content=\"3\u00a0Minuten\" \/>\n<script type=\"application\/ld+json\" class=\"yoast-schema-graph\">{\"@context\":\"https:\\\/\\\/schema.org\",\"@graph\":[{\"@type\":\"WebPage\",\"@id\":\"https:\\\/\\\/becooltravel.com\\\/product\\\/north-of-portugal-8100g\\\/\",\"url\":\"https:\\\/\\\/becooltravel.com\\\/product\\\/north-of-portugal-8100g\\\/\",\"name\":\"The Best North of Portugal Scenic Rail Routes\",\"isPartOf\":{\"@id\":\"https:\\\/\\\/becooltravel.com\\\/#website\"},\"primaryImageOfPage\":{\"@id\":\"https:\\\/\\\/becooltravel.com\\\/product\\\/north-of-portugal-8100g\\\/#primaryimage\"},\"image\":{\"@id\":\"https:\\\/\\\/becooltravel.com\\\/product\\\/north-of-portugal-8100g\\\/#primaryimage\"},\"thumbnailUrl\":\"https:\\\/\\\/i0.wp.com\\\/becooltravel.com\\\/wp-content\\\/uploads\\\/sites\\\/5\\\/2020\\\/05\\\/Douro-river-Porto.jpg?fit=1194%2C800&ssl=1\",\"datePublished\":\"2020-07-15T11:17:56+00:00\",\"dateModified\":\"2026-03-18T14:21:33+00:00\",\"description\":\"Portugal Small Group by Train This holiday will take us on some of the most scenic rail routes in the north of Portugal.\",\"breadcrumb\":{\"@id\":\"https:\\\/\\\/becooltravel.com\\\/product\\\/north-of-portugal-8100g\\\/#breadcrumb\"},\"inLanguage\":\"de\",\"potentialAction\":[{\"@type\":\"ReadAction\",\"target\":[\"https:\\\/\\\/becooltravel.com\\\/product\\\/north-of-portugal-8100g\\\/\"]}]},{\"@type\":\"ImageObject\",\"inLanguage\":\"de\",\"@id\":\"https:\\\/\\\/becooltravel.com\\\/product\\\/north-of-portugal-8100g\\\/#primaryimage\",\"url\":\"https:\\\/\\\/i0.wp.com\\\/becooltravel.com\\\/wp-content\\\/uploads\\\/sites\\\/5\\\/2020\\\/05\\\/Douro-river-Porto.jpg?fit=1194%2C800&ssl=1\",\"contentUrl\":\"https:\\\/\\\/i0.wp.com\\\/becooltravel.com\\\/wp-content\\\/uploads\\\/sites\\\/5\\\/2020\\\/05\\\/Douro-river-Porto.jpg?fit=1194%2C800&ssl=1\",\"width\":1194,\"height\":800,\"caption\":\"Douro river Porto\"},{\"@type\":\"BreadcrumbList\",\"@id\":\"https:\\\/\\\/becooltravel.com\\\/product\\\/north-of-portugal-8100g\\\/#breadcrumb\",\"itemListElement\":[{\"@type\":\"ListItem\",\"position\":1,\"name\":\"Home\",\"item\":\"https:\\\/\\\/becooltravel.com\\\/\"},{\"@type\":\"ListItem\",\"position\":2,\"name\":\"Shop\",\"item\":\"https:\\\/\\\/becooltravel.com\\\/?page_id=5\"},{\"@type\":\"ListItem\",\"position\":3,\"name\":\"aveiro\",\"item\":\"https:\\\/\\\/becooltravel.com\\\/product-tag\\\/aveiro\\\/\"},{\"@type\":\"ListItem\",\"position\":4,\"name\":\"This holiday will take us on some of the most scenic rail routes in the north of Portugal. We will enjoy stunning landscapes, the opportunity to visit lovely towns and villages and stop in strategic places to admire historic rolling stock as well as gorgeously decorated train stations.\"}]},{\"@type\":\"WebSite\",\"@id\":\"https:\\\/\\\/becooltravel.com\\\/#website\",\"url\":\"https:\\\/\\\/becooltravel.com\\\/\",\"name\":\"BeCool Travel\",\"description\":\"Sustainable holidays in Portugal for independent travelers\",\"publisher\":{\"@id\":\"https:\\\/\\\/becooltravel.com\\\/#organization\"},\"potentialAction\":[{\"@type\":\"SearchAction\",\"target\":{\"@type\":\"EntryPoint\",\"urlTemplate\":\"https:\\\/\\\/becooltravel.com\\\/?s={search_term_string}\"},\"query-input\":{\"@type\":\"PropertyValueSpecification\",\"valueRequired\":true,\"valueName\":\"search_term_string\"}}],\"inLanguage\":\"de\"},{\"@type\":\"Organization\",\"@id\":\"https:\\\/\\\/becooltravel.com\\\/#organization\",\"name\":\"BecoolTravel. com- Portugal\",\"url\":\"https:\\\/\\\/becooltravel.com\\\/\",\"logo\":{\"@type\":\"ImageObject\",\"inLanguage\":\"de\",\"@id\":\"https:\\\/\\\/becooltravel.com\\\/#\\\/schema\\\/logo\\\/image\\\/\",\"url\":\"https:\\\/\\\/becooltravel.com\\\/wp-content\\\/uploads\\\/sites\\\/5\\\/2020\\\/03\\\/Logo_BeCool.jpg\",\"contentUrl\":\"https:\\\/\\\/becooltravel.com\\\/wp-content\\\/uploads\\\/sites\\\/5\\\/2020\\\/03\\\/Logo_BeCool.jpg\",\"width\":534,\"height\":534,\"caption\":\"BecoolTravel. com- Portugal\"},\"image\":{\"@id\":\"https:\\\/\\\/becooltravel.com\\\/#\\\/schema\\\/logo\\\/image\\\/\"},\"sameAs\":[\"https:\\\/\\\/www.facebook.com\\\/becooltravelagency\\\/\",\"https:\\\/\\\/x.com\\\/becool_travel\",\"https:\\\/\\\/www.instagram.com\\\/becooltravel_com\\\/\",\"https:\\\/\\\/www.linkedin.com\\\/company\\\/becool-travel\\\/\",\"https:\\\/\\\/www.youtube.com\\\/channel\\\/UCE7zRU3EVG1PgfXwQo-5uJw\"]}]}<\/script>\n<!-- \/ Yoast SEO Premium plugin. -->","yoast_head_json":{"title":"Die besten landschaftlich reizvollen Bahnstrecken im Norden Portugals","description":"Portugal Kleine Gruppe mit dem Zug Dieser Urlaub f\u00fchrt uns auf einige der sch\u00f6nsten Bahnstrecken im Norden Portugals.","robots":{"index":"index","follow":"follow","max-snippet":"max-snippet:-1","max-image-preview":"max-image-preview:large","max-video-preview":"max-video-preview:-1"},"canonical":"https:\/\/becooltravel.com\/de\/produkt\/nordlich-von-portugal-8100g\/","og_locale":"de_DE","og_type":"article","og_title":"North Of Portugal Small Group by Train","og_description":"he railroad has broken new territory, created cities, linked communities more or less distant, created and sustained new opportunities and needs, changed the way we see and live in the world.The history of the trains in Portugal began in October 1856, during the Industrial Revolution, when the first trip between Lisbon and Carregado occurred.The inaugural trip of 37km, should have had the presence of King Pedro V, but he arrived late and the train, baptized D. Luis, left without the royal passenger.The railway network expands rapidly in the following years, especially under the influence of Fontes Pereira de Melo, Minister of Public Works. In 1861 the train arrives at the border with Spain, near Badajoz, and in the following year the connection between Lisbon and Porto is assured.","og_url":"https:\/\/becooltravel.com\/de\/produkt\/nordlich-von-portugal-8100g\/","og_site_name":"BeCool Travel","article_publisher":"https:\/\/www.facebook.com\/becooltravelagency\/","article_modified_time":"2026-03-18T14:21:33+00:00","og_image":[{"width":1194,"height":800,"url":"https:\/\/becooltravel.com\/wp-content\/uploads\/sites\/5\/2020\/05\/Douro-river-Porto.jpg","type":"image\/jpeg"}],"twitter_card":"summary_large_image","twitter_title":"North Of Portugal Small Group by Train","twitter_description":"his holiday will take us on some of the most scenic rail routes in the north of Portugal.We will enjoy stunning landscapes, the opportunity to visit lovely towns and villages and stop in strategic places to admire historic rolling stock as well as gorgeously decorated train stations.We\u2019ll also take time to wander and visit some amazing UNESCO World Heritage Sites.The history of the railroad in Portugal is very rich and varied as evidenced by the contents of the various museums we will visit and today\u2019s rail stock as well.Engineering, art and science intersect with the lives of societies, groups and individuals.","twitter_image":"https:\/\/i0.wp.com\/becooltravel.com\/wp-content\/uploads\/sites\/5\/2020\/05\/Douro-river-Porto.jpg?fit=1194%2C800&ssl=1","twitter_site":"@becool_travel","twitter_misc":{"Gesch\u00e4tzte Lesezeit":"3\u00a0Minuten"},"schema":{"@context":"https:\/\/schema.org","@graph":[{"@type":"WebPage","@id":"https:\/\/becooltravel.com\/product\/north-of-portugal-8100g\/","url":"https:\/\/becooltravel.com\/product\/north-of-portugal-8100g\/","name":"Die besten landschaftlich reizvollen Bahnstrecken im Norden Portugals","isPartOf":{"@id":"https:\/\/becooltravel.com\/#website"},"primaryImageOfPage":{"@id":"https:\/\/becooltravel.com\/product\/north-of-portugal-8100g\/#primaryimage"},"image":{"@id":"https:\/\/becooltravel.com\/product\/north-of-portugal-8100g\/#primaryimage"},"thumbnailUrl":"https:\/\/i0.wp.com\/becooltravel.com\/wp-content\/uploads\/sites\/5\/2020\/05\/Douro-river-Porto.jpg?fit=1194%2C800&ssl=1","datePublished":"2020-07-15T11:17:56+00:00","dateModified":"2026-03-18T14:21:33+00:00","description":"Portugal Kleine Gruppe mit dem Zug Dieser Urlaub f\u00fchrt uns auf einige der sch\u00f6nsten Bahnstrecken im Norden Portugals.","breadcrumb":{"@id":"https:\/\/becooltravel.com\/product\/north-of-portugal-8100g\/#breadcrumb"},"inLanguage":"de","potentialAction":[{"@type":"ReadAction","target":["https:\/\/becooltravel.com\/product\/north-of-portugal-8100g\/"]}]},{"@type":"ImageObject","inLanguage":"de","@id":"https:\/\/becooltravel.com\/product\/north-of-portugal-8100g\/#primaryimage","url":"https:\/\/i0.wp.com\/becooltravel.com\/wp-content\/uploads\/sites\/5\/2020\/05\/Douro-river-Porto.jpg?fit=1194%2C800&ssl=1","contentUrl":"https:\/\/i0.wp.com\/becooltravel.com\/wp-content\/uploads\/sites\/5\/2020\/05\/Douro-river-Porto.jpg?fit=1194%2C800&ssl=1","width":1194,"height":800,"caption":"Douro river Porto"},{"@type":"BreadcrumbList","@id":"https:\/\/becooltravel.com\/product\/north-of-portugal-8100g\/#breadcrumb","itemListElement":[{"@type":"ListItem","position":1,"name":"Home","item":"https:\/\/becooltravel.com\/"},{"@type":"ListItem","position":2,"name":"Shop","item":"https:\/\/becooltravel.com\/?page_id=5"},{"@type":"ListItem","position":3,"name":"aveiro","item":"https:\/\/becooltravel.com\/product-tag\/aveiro\/"},{"@type":"ListItem","position":4,"name":"This holiday will take us on some of the most scenic rail routes in the north of Portugal. We will enjoy stunning landscapes, the opportunity to visit lovely towns and villages and stop in strategic places to admire historic rolling stock as well as gorgeously decorated train stations."}]},{"@type":"WebSite","@id":"https:\/\/becooltravel.com\/#website","url":"https:\/\/becooltravel.com\/","name":"BeCool Travel","description":"Nachhaltiger Urlaub in Portugal f\u00fcr Individualreisende","publisher":{"@id":"https:\/\/becooltravel.com\/#organization"},"potentialAction":[{"@type":"SearchAction","target":{"@type":"EntryPoint","urlTemplate":"https:\/\/becooltravel.com\/?s={search_term_string}"},"query-input":{"@type":"PropertyValueSpecification","valueRequired":true,"valueName":"search_term_string"}}],"inLanguage":"de"},{"@type":"Organization","@id":"https:\/\/becooltravel.com\/#organization","name":"BecoolTravel. com- Portugal","url":"https:\/\/becooltravel.com\/","logo":{"@type":"ImageObject","inLanguage":"de","@id":"https:\/\/becooltravel.com\/#\/schema\/logo\/image\/","url":"https:\/\/becooltravel.com\/wp-content\/uploads\/sites\/5\/2020\/03\/Logo_BeCool.jpg","contentUrl":"https:\/\/becooltravel.com\/wp-content\/uploads\/sites\/5\/2020\/03\/Logo_BeCool.jpg","width":534,"height":534,"caption":"BecoolTravel. com- Portugal"},"image":{"@id":"https:\/\/becooltravel.com\/#\/schema\/logo\/image\/"},"sameAs":["https:\/\/www.facebook.com\/becooltravelagency\/","https:\/\/x.com\/becool_travel","https:\/\/www.instagram.com\/becooltravel_com\/","https:\/\/www.linkedin.com\/company\/becool-travel\/","https:\/\/www.youtube.com\/channel\/UCE7zRU3EVG1PgfXwQo-5uJw"]}]}},"jetpack_sharing_enabled":true,"_links":{"self":[{"href":"https:\/\/becooltravel.com\/de\/wp-json\/wp\/v2\/product\/5582","targetHints":{"allow":["GET"]}}],"collection":[{"href":"https:\/\/becooltravel.com\/de\/wp-json\/wp\/v2\/product"}],"about":[{"href":"https:\/\/becooltravel.com\/de\/wp-json\/wp\/v2\/types\/product"}],"replies":[{"embeddable":true,"href":"https:\/\/becooltravel.com\/de\/wp-json\/wp\/v2\/comments?post=5582"}],"wp:featuredmedia":[{"embeddable":true,"href":"https:\/\/becooltravel.com\/de\/wp-json\/wp\/v2\/media\/4752"}],"wp:attachment":[{"href":"https:\/\/becooltravel.com\/de\/wp-json\/wp\/v2\/media?parent=5582"}],"wp:term":[{"taxonomy":"product_brand","embeddable":true,"href":"https:\/\/becooltravel.com\/de\/wp-json\/wp\/v2\/product_brand?post=5582"},{"taxonomy":"product_cat","embeddable":true,"href":"https:\/\/becooltravel.com\/de\/wp-json\/wp\/v2\/product_cat?post=5582"},{"taxonomy":"product_tag","embeddable":true,"href":"https:\/\/becooltravel.com\/de\/wp-json\/wp\/v2\/product_tag?post=5582"}],"curies":[{"name":"wp","href":"https:\/\/api.w.org\/{rel}","templated":true}]}}