{"id":5662,"date":"2020-08-12T09:30:03","date_gmt":"2020-08-12T09:30:03","guid":{"rendered":"https:\/\/becooltravel.com\/product\/explore-northern-portugals-culture-heritage-nature-10700g\/"},"modified":"2026-03-18T12:53:13","modified_gmt":"2026-03-18T12:53:13","slug":"explore-northern-portugals-culture-heritage-nature-10700g","status":"publish","type":"product","link":"https:\/\/becooltravel.com\/de\/produkt\/erkunden-nordportugals-kultur-erbe-natur-10700g\/","title":{"rendered":"Spazieren Sie und erkunden Sie die Kultur, das Erbe und die Natur Nordportugals"},"content":{"rendered":"<p><strong>Gruppen mit mindestens 6 Personen akzeptiert.<\/strong><\/p>\n<p>&nbsp;<\/p>\n<p>Der Norden Portugals bietet eine reizvolle Kombination aus charmanten historischen St\u00e4dten, verschlafenen D\u00f6rfern, \u00fcppiger Landschaft und einer ausgedehnten und wilden K\u00fcste.<br \/>\nDiese begleitete Tour findet in zwei sch\u00f6nen St\u00e4dten der Minho-Region statt: Viana do Castelo, bekannt als die \u201ePerle des Nordens\u201c, und Guimar\u00e3es, bekannt als der Geburtsort Portugals.<\/p>\n<p>Viana do Castelo liegt an der M\u00fcndung des Flusses Lima an der Gr\u00fcnen K\u00fcste. Es ist eine K\u00fcstenstadt mit opulenten manuelinischen und barocken Geb\u00e4uden, gekr\u00f6nt von der Basilika Santa Luzia, von der aus Sie eine atemberaubende Aussicht haben. Die l\u00e4ngste Standseilbahn Portugals bringt uns dorthin.<\/p>\n<div id=\"attachment_2774\" style=\"width: 1034px\" class=\"wp-caption alignnone\"><img data-recalc-dims=\"1\" decoding=\"async\" aria-describedby=\"caption-attachment-2774\" class=\"wp-image-2774 size-large\" title=\"Ponte de Lima, die \u00e4lteste Stadt Portugals, liegt am ruhigen Wasser des Flusses Lima\" src=\"https:\/\/i0.wp.com\/legendatours.net\/wp-content\/uploads\/2020\/07\/ponte_de_lima-1024x576.jpg?resize=1024%2C576&#038;ssl=1\" alt=\"Ponte de Lima, die \u00e4lteste Stadt Portugals, liegt am ruhigen Wasser des Flusses Lima\" width=\"1024\" height=\"576\" \/><p id=\"caption-attachment-2774\" class=\"wp-caption-text\"><a href=\"..\/..\/?s=Ponte+de+Lima\" target=\"_blank\" rel=\"noopener\">Ponte de Lima<\/a>\u00a0ist die \u00e4lteste Stadt Portugals und liegt am ruhigen Wasser des Flusses Lima<\/p><\/div>\n<p>Das charmante mittelalterliche Zentrum mit engen, verwinkelten Gassen hat Kirchen und beeindruckende Geb\u00e4ude und ehemalige Herrenh\u00e4user. Die charismatischen Traditionen und die Kultur der Stadt sind in buntem Kunsthandwerk und filigranem Goldschmuck pr\u00e4sent.<\/p>\n<p>Von hier aus fahren wir nach Vila Praia de \u00c2ncora, zu einer Landschaft wilder Str\u00e4nde mit endlosen Sandstr\u00e4nden, die von D\u00fcnen und Pinienw\u00e4ldern umgeben sind.<\/p>\n<p>Caminha, einen Schritt von der spanischen K\u00fcste entfernt, ist auf der anderen Seite des Flusses Minho mit dem Santa Tecla Hill im R\u00fcckblick sichtbar. Caminhas traditionelle Steinh\u00e4user und blumengeschm\u00fcckte Pl\u00e4tze werden ein Genuss sein!<\/p>\n<p>Braga ist eine antike Stadt \u2013 war eine Hochburg des R\u00f6mischen Reiches \u2013 mit barocken Geb\u00e4uden und kleinst\u00e4dtischer W\u00e4rme. Die Stadt hat mit ihren fast vier Dutzend Kultst\u00e4tten wie der monumentalen Treppe und dem Heiligtum Bom Jesus de Braga, die wir besuchen k\u00f6nnen, den Ruf eines religi\u00f6sen Reiseziels. Die gro\u00dfe Studentenschaft verleiht Braga eine vielseitige Atmosph\u00e4re und bringt Leben in die alten gepflasterten Stra\u00dfen.<\/p>\n<p>Anschlie\u00dfend fahren wir nach Guimar\u00e3es, bekannt als der Geburtsort Portugals. Die Stadt hat ein gut erhaltenes mittelalterliches Zentrum, das zum UNESCO-Weltkulturerbe geh\u00f6rt. Es ist ein malerisches Gewirr von Gassen und Pl\u00e4tzen mit Kapellen, Kirchen, einem Palast aus dem 15.\u00a0Jahrhundert und einer 1000\u00a0Jahre alten Burg.<\/p>\n<div id=\"attachment_2558\" style=\"width: 1034px\" class=\"wp-caption alignnone\"><img data-recalc-dims=\"1\" decoding=\"async\" aria-describedby=\"caption-attachment-2558\" class=\"wp-image-2558 size-large\" title=\"Kapelle des Heiligen Franziskus in Guimar\u00e3es\" src=\"https:\/\/i0.wp.com\/legendatours.net\/wp-content\/uploads\/2020\/06\/Chapel_Saint_Francis-1024x576.jpg?resize=1024%2C576&#038;ssl=1\" alt=\"Kapelle des Heiligen Franziskus in Guimar\u00e3es\" width=\"1024\" height=\"576\" \/><p id=\"caption-attachment-2558\" class=\"wp-caption-text\">Kapelle des Heiligen Franziskus in <a href=\"..\/..\/?s=Guimar\u00e3es\" target=\"_blank\" rel=\"noopener\">Guimar\u00e3es<\/a><\/p><\/div>\n<p>Wir haben die M\u00f6glichkeit, die gr\u00fcnen H\u00fcgel rund um die Stadt zu erklimmen, um Senhora da Penha zu besuchen, einen Pilgerort, der \u00fcber schmale Pfade erreichbar ist und zwischen gro\u00dfen Granitfelsen liegt.<\/p>\n<p>Fafe wird eine weitere Station sein, eine historische Stadt, die durch die N\u00e4he der Fl\u00fcsse Vizela und Ferro gesegnet ist.<\/p>\n<p>Dar\u00fcber hinaus haben wir einige der besten Gerichte Portugals! Die Region Minho bietet k\u00f6stliche Gerichte, von Fisch direkt aus dem Meer \u00fcber erdige Fleischgerichte bis hin zu zahlreichen anderen K\u00f6stlichkeiten. Probieren Sie bei den Weinen die erfrischenden und sommerlichen <a href=\"..\/..\/?s=Vinho+Verde\">Vinho Verde<\/a>!<\/p>\n<div class=\"row\" style=\"display: flex;\">\n<div class=\"column\" style=\"flex: 45%;\">\n<p><iframe title=\"&quot;Portugal Erwarte das Unerwartete - Viana do Castelo&quot;\" width=\"1080\" height=\"608\" src=\"https:\/\/www.youtube.com\/embed\/zqKfGVdQ-wo?feature=oembed\" frameborder=\"0\" allow=\"accelerometer; autoplay; clipboard-write; encrypted-media; gyroscope; picture-in-picture; web-share\" referrerpolicy=\"strict-origin-when-cross-origin\" allowfullscreen><\/iframe><\/p>\n<\/div>\n<div class=\"column\" style=\"flex: 10%;\"><\/div>\n<div class=\"column\" style=\"flex: 45%;\">\n<p><iframe title=\"Turismo do Porto e Norte de Portugal Touring Cultural e Paisag\u00edstico\" width=\"1080\" height=\"608\" src=\"https:\/\/www.youtube.com\/embed\/79Lez0GoHqI?feature=oembed\" frameborder=\"0\" allow=\"accelerometer; autoplay; clipboard-write; encrypted-media; gyroscope; picture-in-picture; web-share\" referrerpolicy=\"strict-origin-when-cross-origin\" allowfullscreen><\/iframe><\/p>\n<\/div>\n<\/div>","protected":false},"excerpt":{"rendered":"<p>Der Norden Portugals bietet eine reizvolle Kombination aus charmanten historischen St\u00e4dten, verschlafenen D\u00f6rfern, \u00fcppiger Landschaft und einer ausgedehnten und wilden K\u00fcste.<\/p>\n<p>Diese begleitete Tour findet in zwei sch\u00f6nen St\u00e4dten der Minho-Region statt: Viana do Castelo, bekannt als die \u201ePerle des Nordens\u201c, und Guimar\u00e3es, bekannt als der Geburtsort Portugals.<\/p>","protected":false},"featured_media":5254,"comment_status":"closed","ping_status":"closed","template":"","meta":{"_acf_changed":false,"inline_featured_image":false},"product_brand":[],"product_cat":[343,340,342,344],"product_tag":[254,1106,1204,1253,1107,1049,985,162,204,784,1108,221,928,150,579,1248,959,55,56,114,624,115,1109,878,1110,1111,802,384,657,680,1112,360,1113,1007,788,321,754,189,209,210,931,790,1281,548,1050,1114,609,922,137,1097,1115,87,172,156,147],"class_list":{"0":"post-5662","1":"product","2":"type-product","3":"status-publish","4":"has-post-thumbnail","6":"product_cat-cultural-tours-and-holidays-in-portugal","7":"product_cat-guided-group-tours","8":"product_cat-portugal-guided-historical-holidays","9":"product_cat-guided-sightseeing-holidays-portugal","10":"product_tag-ancient-buildings","11":"product_tag-baroque-buildings","12":"product_tag-beautiful-walk","13":"product_tag-best-of-portugal","14":"product_tag-birthplace-of-portugal","15":"product_tag-bom-jesus-de-braga","16":"product_tag-braga","17":"product_tag-caminha","18":"product_tag-cultural-heritage","19":"product_tag-culture","20":"product_tag-escorted-tour","21":"product_tag-fantastic-itinerary-of-walks","22":"product_tag-green-coast","23":"product_tag-green-countryside","24":"product_tag-green-landscape","25":"product_tag-guided-group-tour","26":"product_tag-guided-tours","27":"product_tag-guided-walking-holidays","28":"product_tag-guided-walking-tours","29":"product_tag-guimaraes","30":"product_tag-heritage","31":"product_tag-historic-buildings","32":"product_tag-historic-cities","33":"product_tag-landscape","34":"product_tag-longest-funicular-in-portugal","35":"product_tag-lush-countryside","36":"product_tag-lush-green-hills","37":"product_tag-magnificent-landscape","38":"product_tag-medieval-castle","39":"product_tag-medieval-streets","40":"product_tag-minho","41":"product_tag-minho-region-portugal","42":"product_tag-narrow-winding-streets","43":"product_tag-nature","44":"product_tag-nature-holidays","45":"product_tag-nature-walks","46":"product_tag-north-of-portugal","47":"product_tag-northern-portugal","48":"product_tag-northern-portugals","49":"product_tag-panoramic-views-in-portugal","50":"product_tag-pearl-of-the-north","51":"product_tag-picturesque-landscapes","52":"product_tag-port","53":"product_tag-portugal-perfect-walking-holiday","54":"product_tag-private-groups","55":"product_tag-santa-tecla","56":"product_tag-sightseeing","57":"product_tag-sightseeing-tour","58":"product_tag-sleepy-villages","59":"product_tag-small-group","60":"product_tag-stone-walled-houses","61":"product_tag-unesco-world-heritage-site","62":"product_tag-viana-do-castelo","63":"product_tag-vila-praia-de-ancora","64":"product_tag-world-heritage","66":"first","67":"instock","68":"virtual","69":"product-type-simple"},"acf":[],"yoast_head":"<!-- This site is optimized with the Yoast SEO Premium plugin v26.8 (Yoast SEO v27.5) - https:\/\/yoast.com\/product\/yoast-seo-premium-wordpress\/ -->\n<title>Walk and Explore Northern Portugal&#039;s Culture, Heritage &amp; Nature<\/title>\n<meta name=\"description\" content=\"North Portugal an appealing combination of charming historic cities, sleepy villages, lush countryside, extensive and wild coastline, great for walking\" \/>\n<meta name=\"robots\" content=\"index, follow, max-snippet:-1, max-image-preview:large, max-video-preview:-1\" \/>\n<link rel=\"canonical\" href=\"https:\/\/becooltravel.com\/de\/produkt\/erkunden-nordportugals-kultur-erbe-natur-10700g\/\" \/>\n<meta property=\"og:locale\" content=\"de_DE\" \/>\n<meta property=\"og:type\" content=\"article\" \/>\n<meta property=\"og:title\" content=\"Holidays Waking in North Portugal historic cities\" \/>\n<meta property=\"og:description\" content=\"This escorted tour is based in two lovely cities of the Minho region: Viana do Castelo, known as the \u201cPearl of the North\u201d, and Guimar\u00e3es, known as the birthplace of Portugal.\" \/>\n<meta property=\"og:url\" content=\"https:\/\/becooltravel.com\/de\/produkt\/erkunden-nordportugals-kultur-erbe-natur-10700g\/\" \/>\n<meta property=\"og:site_name\" content=\"BeCool Travel\" \/>\n<meta property=\"article:publisher\" content=\"https:\/\/www.facebook.com\/becooltravelagency\/\" \/>\n<meta property=\"article:modified_time\" content=\"2026-03-18T12:53:13+00:00\" \/>\n<meta property=\"og:image\" content=\"https:\/\/becooltravel.com\/wp-content\/uploads\/sites\/5\/2020\/08\/Guimaraes-birth-of-Portugal.jpg\" \/>\n\t<meta property=\"og:image:width\" content=\"1073\" \/>\n\t<meta property=\"og:image:height\" content=\"800\" \/>\n\t<meta property=\"og:image:type\" content=\"image\/jpeg\" \/>\n<meta name=\"twitter:card\" content=\"summary_large_image\" \/>\n<meta name=\"twitter:title\" content=\"Holidays Waking in North Portugal historic cities\" \/>\n<meta name=\"twitter:description\" content=\"This escorted tour is based in two lovely cities of the Minho region: Viana do Castelo, known as the \u201cPearl of the North\u201d, and Guimar\u00e3es, known as the birthplace of Portugal. %\" \/>\n<meta name=\"twitter:image\" content=\"https:\/\/i0.wp.com\/becooltravel.com\/wp-content\/uploads\/sites\/5\/2020\/08\/viana-do-castelo.jpg?fit=1118%2C800&ssl=1\" \/>\n<meta name=\"twitter:site\" content=\"@becool_travel\" \/>\n<meta name=\"twitter:label1\" content=\"Gesch\u00e4tzte Lesezeit\" \/>\n\t<meta name=\"twitter:data1\" content=\"3\u00a0Minuten\" \/>\n<script type=\"application\/ld+json\" class=\"yoast-schema-graph\">{\"@context\":\"https:\\\/\\\/schema.org\",\"@graph\":[{\"@type\":\"WebPage\",\"@id\":\"https:\\\/\\\/becooltravel.com\\\/product\\\/explore-northern-portugals-culture-heritage-nature-10700g\\\/\",\"url\":\"https:\\\/\\\/becooltravel.com\\\/product\\\/explore-northern-portugals-culture-heritage-nature-10700g\\\/\",\"name\":\"Walk and Explore Northern Portugal's Culture, Heritage &amp; Nature\",\"isPartOf\":{\"@id\":\"https:\\\/\\\/becooltravel.com\\\/#website\"},\"primaryImageOfPage\":{\"@id\":\"https:\\\/\\\/becooltravel.com\\\/product\\\/explore-northern-portugals-culture-heritage-nature-10700g\\\/#primaryimage\"},\"image\":{\"@id\":\"https:\\\/\\\/becooltravel.com\\\/product\\\/explore-northern-portugals-culture-heritage-nature-10700g\\\/#primaryimage\"},\"thumbnailUrl\":\"https:\\\/\\\/i0.wp.com\\\/becooltravel.com\\\/wp-content\\\/uploads\\\/sites\\\/5\\\/2020\\\/06\\\/guimaraes-1.jpg?fit=1200%2C798&ssl=1\",\"datePublished\":\"2020-08-12T09:30:03+00:00\",\"dateModified\":\"2026-03-18T12:53:13+00:00\",\"description\":\"North Portugal an appealing combination of charming historic cities, sleepy villages, lush countryside, extensive and wild coastline, great for walking\",\"breadcrumb\":{\"@id\":\"https:\\\/\\\/becooltravel.com\\\/product\\\/explore-northern-portugals-culture-heritage-nature-10700g\\\/#breadcrumb\"},\"inLanguage\":\"de\",\"potentialAction\":[{\"@type\":\"ReadAction\",\"target\":[\"https:\\\/\\\/becooltravel.com\\\/product\\\/explore-northern-portugals-culture-heritage-nature-10700g\\\/\"]}]},{\"@type\":\"ImageObject\",\"inLanguage\":\"de\",\"@id\":\"https:\\\/\\\/becooltravel.com\\\/product\\\/explore-northern-portugals-culture-heritage-nature-10700g\\\/#primaryimage\",\"url\":\"https:\\\/\\\/i0.wp.com\\\/becooltravel.com\\\/wp-content\\\/uploads\\\/sites\\\/5\\\/2020\\\/06\\\/guimaraes-1.jpg?fit=1200%2C798&ssl=1\",\"contentUrl\":\"https:\\\/\\\/i0.wp.com\\\/becooltravel.com\\\/wp-content\\\/uploads\\\/sites\\\/5\\\/2020\\\/06\\\/guimaraes-1.jpg?fit=1200%2C798&ssl=1\",\"width\":1200,\"height\":798,\"caption\":\"Guimar\u00e3es city center\"},{\"@type\":\"BreadcrumbList\",\"@id\":\"https:\\\/\\\/becooltravel.com\\\/product\\\/explore-northern-portugals-culture-heritage-nature-10700g\\\/#breadcrumb\",\"itemListElement\":[{\"@type\":\"ListItem\",\"position\":1,\"name\":\"Home\",\"item\":\"https:\\\/\\\/becooltravel.com\\\/\"},{\"@type\":\"ListItem\",\"position\":2,\"name\":\"Shop\",\"item\":\"https:\\\/\\\/becooltravel.com\\\/?page_id=5\"},{\"@type\":\"ListItem\",\"position\":3,\"name\":\"The medieval villages, towns in Portugal and architecture\u00a0but also in the incredible array of famous landmarks in\u00a0Portugal.\",\"item\":\"https:\\\/\\\/becooltravel.com\\\/product-tag\\\/ancient-buildings\\\/\"},{\"@type\":\"ListItem\",\"position\":4,\"name\":\"Holidays Waking in North Portugal historic cities\"}]},{\"@type\":\"WebSite\",\"@id\":\"https:\\\/\\\/becooltravel.com\\\/#website\",\"url\":\"https:\\\/\\\/becooltravel.com\\\/\",\"name\":\"BeCool Travel\",\"description\":\"Sustainable holidays in Portugal for independent travelers\",\"publisher\":{\"@id\":\"https:\\\/\\\/becooltravel.com\\\/#organization\"},\"potentialAction\":[{\"@type\":\"SearchAction\",\"target\":{\"@type\":\"EntryPoint\",\"urlTemplate\":\"https:\\\/\\\/becooltravel.com\\\/?s={search_term_string}\"},\"query-input\":{\"@type\":\"PropertyValueSpecification\",\"valueRequired\":true,\"valueName\":\"search_term_string\"}}],\"inLanguage\":\"de\"},{\"@type\":\"Organization\",\"@id\":\"https:\\\/\\\/becooltravel.com\\\/#organization\",\"name\":\"BecoolTravel. com- Portugal\",\"url\":\"https:\\\/\\\/becooltravel.com\\\/\",\"logo\":{\"@type\":\"ImageObject\",\"inLanguage\":\"de\",\"@id\":\"https:\\\/\\\/becooltravel.com\\\/#\\\/schema\\\/logo\\\/image\\\/\",\"url\":\"https:\\\/\\\/becooltravel.com\\\/wp-content\\\/uploads\\\/sites\\\/5\\\/2020\\\/03\\\/Logo_BeCool.jpg\",\"contentUrl\":\"https:\\\/\\\/becooltravel.com\\\/wp-content\\\/uploads\\\/sites\\\/5\\\/2020\\\/03\\\/Logo_BeCool.jpg\",\"width\":534,\"height\":534,\"caption\":\"BecoolTravel. com- Portugal\"},\"image\":{\"@id\":\"https:\\\/\\\/becooltravel.com\\\/#\\\/schema\\\/logo\\\/image\\\/\"},\"sameAs\":[\"https:\\\/\\\/www.facebook.com\\\/becooltravelagency\\\/\",\"https:\\\/\\\/x.com\\\/becool_travel\",\"https:\\\/\\\/www.instagram.com\\\/becooltravel_com\\\/\",\"https:\\\/\\\/www.linkedin.com\\\/company\\\/becool-travel\\\/\",\"https:\\\/\\\/www.youtube.com\\\/channel\\\/UCE7zRU3EVG1PgfXwQo-5uJw\"]}]}<\/script>\n<!-- \/ Yoast SEO Premium plugin. -->","yoast_head_json":{"title":"Spazieren Sie und erkunden Sie die Kultur, das Erbe und die Natur Nordportugals","description":"Nordportugal ist eine ansprechende Kombination aus charmanten historischen St\u00e4dten, verschlafenen D\u00f6rfern, \u00fcppiger Landschaft, ausgedehnter und wilder K\u00fcste, ideal zum Wandern","robots":{"index":"index","follow":"follow","max-snippet":"max-snippet:-1","max-image-preview":"max-image-preview:large","max-video-preview":"max-video-preview:-1"},"canonical":"https:\/\/becooltravel.com\/de\/produkt\/erkunden-nordportugals-kultur-erbe-natur-10700g\/","og_locale":"de_DE","og_type":"article","og_title":"Holidays Waking in North Portugal historic cities","og_description":"This escorted tour is based in two lovely cities of the Minho region: Viana do Castelo, known as the \u201cPearl of the North\u201d, and Guimar\u00e3es, known as the birthplace of Portugal.","og_url":"https:\/\/becooltravel.com\/de\/produkt\/erkunden-nordportugals-kultur-erbe-natur-10700g\/","og_site_name":"BeCool Travel","article_publisher":"https:\/\/www.facebook.com\/becooltravelagency\/","article_modified_time":"2026-03-18T12:53:13+00:00","og_image":[{"width":1073,"height":800,"url":"https:\/\/becooltravel.com\/wp-content\/uploads\/sites\/5\/2020\/08\/Guimaraes-birth-of-Portugal.jpg","type":"image\/jpeg"}],"twitter_card":"summary_large_image","twitter_title":"Holidays Waking in North Portugal historic cities","twitter_description":"This escorted tour is based in two lovely cities of the Minho region: Viana do Castelo, known as the \u201cPearl of the North\u201d, and Guimar\u00e3es, known as the birthplace of Portugal. %","twitter_image":"https:\/\/i0.wp.com\/becooltravel.com\/wp-content\/uploads\/sites\/5\/2020\/08\/viana-do-castelo.jpg?fit=1118%2C800&ssl=1","twitter_site":"@becool_travel","twitter_misc":{"Gesch\u00e4tzte Lesezeit":"3\u00a0Minuten"},"schema":{"@context":"https:\/\/schema.org","@graph":[{"@type":"WebPage","@id":"https:\/\/becooltravel.com\/product\/explore-northern-portugals-culture-heritage-nature-10700g\/","url":"https:\/\/becooltravel.com\/product\/explore-northern-portugals-culture-heritage-nature-10700g\/","name":"Spazieren Sie und erkunden Sie die Kultur, das Erbe und die Natur Nordportugals","isPartOf":{"@id":"https:\/\/becooltravel.com\/#website"},"primaryImageOfPage":{"@id":"https:\/\/becooltravel.com\/product\/explore-northern-portugals-culture-heritage-nature-10700g\/#primaryimage"},"image":{"@id":"https:\/\/becooltravel.com\/product\/explore-northern-portugals-culture-heritage-nature-10700g\/#primaryimage"},"thumbnailUrl":"https:\/\/i0.wp.com\/becooltravel.com\/wp-content\/uploads\/sites\/5\/2020\/06\/guimaraes-1.jpg?fit=1200%2C798&ssl=1","datePublished":"2020-08-12T09:30:03+00:00","dateModified":"2026-03-18T12:53:13+00:00","description":"Nordportugal ist eine ansprechende Kombination aus charmanten historischen St\u00e4dten, verschlafenen D\u00f6rfern, \u00fcppiger Landschaft, ausgedehnter und wilder K\u00fcste, ideal zum Wandern","breadcrumb":{"@id":"https:\/\/becooltravel.com\/product\/explore-northern-portugals-culture-heritage-nature-10700g\/#breadcrumb"},"inLanguage":"de","potentialAction":[{"@type":"ReadAction","target":["https:\/\/becooltravel.com\/product\/explore-northern-portugals-culture-heritage-nature-10700g\/"]}]},{"@type":"ImageObject","inLanguage":"de","@id":"https:\/\/becooltravel.com\/product\/explore-northern-portugals-culture-heritage-nature-10700g\/#primaryimage","url":"https:\/\/i0.wp.com\/becooltravel.com\/wp-content\/uploads\/sites\/5\/2020\/06\/guimaraes-1.jpg?fit=1200%2C798&ssl=1","contentUrl":"https:\/\/i0.wp.com\/becooltravel.com\/wp-content\/uploads\/sites\/5\/2020\/06\/guimaraes-1.jpg?fit=1200%2C798&ssl=1","width":1200,"height":798,"caption":"Guimar\u00e3es city center"},{"@type":"BreadcrumbList","@id":"https:\/\/becooltravel.com\/product\/explore-northern-portugals-culture-heritage-nature-10700g\/#breadcrumb","itemListElement":[{"@type":"ListItem","position":1,"name":"Home","item":"https:\/\/becooltravel.com\/"},{"@type":"ListItem","position":2,"name":"Shop","item":"https:\/\/becooltravel.com\/?page_id=5"},{"@type":"ListItem","position":3,"name":"The medieval villages, towns in Portugal and architecture\u00a0but also in the incredible array of famous landmarks in\u00a0Portugal.","item":"https:\/\/becooltravel.com\/product-tag\/ancient-buildings\/"},{"@type":"ListItem","position":4,"name":"Holidays Waking in North Portugal historic cities"}]},{"@type":"WebSite","@id":"https:\/\/becooltravel.com\/#website","url":"https:\/\/becooltravel.com\/","name":"BeCool Travel","description":"Nachhaltiger Urlaub in Portugal f\u00fcr Individualreisende","publisher":{"@id":"https:\/\/becooltravel.com\/#organization"},"potentialAction":[{"@type":"SearchAction","target":{"@type":"EntryPoint","urlTemplate":"https:\/\/becooltravel.com\/?s={search_term_string}"},"query-input":{"@type":"PropertyValueSpecification","valueRequired":true,"valueName":"search_term_string"}}],"inLanguage":"de"},{"@type":"Organization","@id":"https:\/\/becooltravel.com\/#organization","name":"BecoolTravel. com- Portugal","url":"https:\/\/becooltravel.com\/","logo":{"@type":"ImageObject","inLanguage":"de","@id":"https:\/\/becooltravel.com\/#\/schema\/logo\/image\/","url":"https:\/\/becooltravel.com\/wp-content\/uploads\/sites\/5\/2020\/03\/Logo_BeCool.jpg","contentUrl":"https:\/\/becooltravel.com\/wp-content\/uploads\/sites\/5\/2020\/03\/Logo_BeCool.jpg","width":534,"height":534,"caption":"BecoolTravel. com- Portugal"},"image":{"@id":"https:\/\/becooltravel.com\/#\/schema\/logo\/image\/"},"sameAs":["https:\/\/www.facebook.com\/becooltravelagency\/","https:\/\/x.com\/becool_travel","https:\/\/www.instagram.com\/becooltravel_com\/","https:\/\/www.linkedin.com\/company\/becool-travel\/","https:\/\/www.youtube.com\/channel\/UCE7zRU3EVG1PgfXwQo-5uJw"]}]}},"jetpack_sharing_enabled":true,"_links":{"self":[{"href":"https:\/\/becooltravel.com\/de\/wp-json\/wp\/v2\/product\/5662","targetHints":{"allow":["GET"]}}],"collection":[{"href":"https:\/\/becooltravel.com\/de\/wp-json\/wp\/v2\/product"}],"about":[{"href":"https:\/\/becooltravel.com\/de\/wp-json\/wp\/v2\/types\/product"}],"replies":[{"embeddable":true,"href":"https:\/\/becooltravel.com\/de\/wp-json\/wp\/v2\/comments?post=5662"}],"wp:featuredmedia":[{"embeddable":true,"href":"https:\/\/becooltravel.com\/de\/wp-json\/wp\/v2\/media\/5254"}],"wp:attachment":[{"href":"https:\/\/becooltravel.com\/de\/wp-json\/wp\/v2\/media?parent=5662"}],"wp:term":[{"taxonomy":"product_brand","embeddable":true,"href":"https:\/\/becooltravel.com\/de\/wp-json\/wp\/v2\/product_brand?post=5662"},{"taxonomy":"product_cat","embeddable":true,"href":"https:\/\/becooltravel.com\/de\/wp-json\/wp\/v2\/product_cat?post=5662"},{"taxonomy":"product_tag","embeddable":true,"href":"https:\/\/becooltravel.com\/de\/wp-json\/wp\/v2\/product_tag?post=5662"}],"curies":[{"name":"wp","href":"https:\/\/api.w.org\/{rel}","templated":true}]}}