{"id":7831,"date":"2020-03-06T15:05:19","date_gmt":"2020-03-06T15:05:19","guid":{"rendered":"https:\/\/becooltravel.com\/product\/ria-formosa-natural-park-a-birdwatchers-paradise-fly-drive-3301s\/"},"modified":"2020-03-06T15:05:19","modified_gmt":"2020-03-06T15:05:19","slug":"ria-formosa-natural-park-a-birdwatchers-paradise-fly-drive-3301s","status":"publish","type":"product","link":"https:\/\/becooltravel.com\/de\/produkt\/ria-formosa-naturpark-ein-vogelbeobachter-paradies-fly-drive-3301s\/","title":{"rendered":"Vogelbeobachtung im Naturpark Ria Formosa: Ein Paradies f\u00fcr Vogelbeobachter"},"content":{"rendered":"<div data-contents=\"true\">\n<p>Ria Formosa Natural Park: A Birdwatcher&#039;s Paradise ist eine Selbstfahrer-Vogelbeobachtungstour, die entwickelt wurde, um die besonderen und vielf\u00e4ltigen \u00d6kosysteme dieser Region zu entdecken, einem der attraktivsten Vogelbeobachtungsorte in Europa. Die Algarve ist ein ber\u00fchmter Ferienort, aber auch ein erstaunlicher Ort f\u00fcr Naturbeobachtungen, da sie Hunderte von endemischen Vogelarten beheimatet und eine \u00dcberwinterungs- und Futterstation f\u00fcr viele andere ist, die in ihren reichen Feuchtgebieten, Salzwiesen, Salinen und W\u00e4ldern gedeihen .<\/p>\n<div id=\"attachment_1764\" style=\"width: 1034px\" class=\"wp-caption alignnone\"><img data-recalc-dims=\"1\" decoding=\"async\" aria-describedby=\"caption-attachment-1764\" class=\"wp-image-1764 size-large\" title=\"Naturpark Ria Formosa\" src=\"https:\/\/i0.wp.com\/legendatours.net\/wp-content\/uploads\/2020\/03\/natural_park_ria_formosa-1024x576.jpg?resize=1024%2C576&#038;ssl=1\" alt=\"Naturpark Ria Formosa Vogelbeobachtung\" width=\"1024\" height=\"576\" \/><p id=\"caption-attachment-1764\" class=\"wp-caption-text\">Der Naturpark Ria Formosa, eine Vielfalt von \u00d6kosystemen, zieht eine Vielzahl von Tierarten an, darunter viele Vogelarten wie das lila Sumpfgebiet, das Symbol des Naturparks.<\/p><\/div>\n<p>Diese personalisierte Tour befindet sich im wichtigsten Feuchtgebiet der Algarve, dem Naturpark Ria Formosa, und f\u00fchrt Sie auch zur M\u00fcndung des Flusses Guadiana und zum Naturschutzgebiet Castro Marim. Mehr als eine Woche Urlaub, ist eine echte Chance, dem hektischen Alltag inmitten der Natur zu entfliehen.<\/p>\n<p>Unterst\u00fctzt durch detaillierte Anweisungen und Routenhinweise finden Sie nicht nur M\u00f6glichkeiten zur Vogelbeobachtung, sondern auch zur Natur- und Vogelfotografie; Malerei und Illustration; wissenschaftliche Forschung; die Jagd nach Rarit\u00e4ten (Zucken) etc.<\/p>\n<p>Der Naturpark Ria Formosa umfasst eine Fl\u00e4che von rund 16.000 Hektar und besteht aus K\u00fcstenlagunen, weiten Wattfl\u00e4chen, Salzwiesen, Salinen und W\u00e4ldern, die von einem G\u00fcrtel aus D\u00fcneninseln und Halbinseln umgeben sind. Es ist von besonderer Bedeutung als \u00dcberwinterungsgebiet f\u00fcr viele V\u00f6gel aus Nordeuropa und als Rast- und Futterstelle f\u00fcr Zugv\u00f6gel zwischen Afrika und Europa. Das Gebiet ist nach der Ramsar-Konvention klassifiziert.<\/p>\n<div id=\"attachment_1761\" style=\"width: 1034px\" class=\"wp-caption alignnone\"><img data-recalc-dims=\"1\" decoding=\"async\" aria-describedby=\"caption-attachment-1761\" class=\"wp-image-1761 size-large\" title=\"Haubentaucher\" src=\"https:\/\/i0.wp.com\/legendatours.net\/wp-content\/uploads\/2020\/03\/Great-Crested-Grebe-1024x683.jpg?resize=1024%2C683&#038;ssl=1\" alt=\"Haubentaucher\" width=\"1024\" height=\"683\" \/><p id=\"caption-attachment-1761\" class=\"wp-caption-text\">Haubentaucher \u2013 Foto Peter Dedicoat<\/p><\/div>\n<p>Der Winter bringt unter anderem \u00fcberwinternde Watv\u00f6gel wie Austernfischer, Avocets, Dunlins und Little Stint. Wildv\u00f6gel sind auch in beeindruckender Zahl vorhanden, und einige der h\u00e4ufigsten Arten sind Pfeifente, Sholever, Spie\u00dfenten und Tafelenten. Andere interessante V\u00f6gel, die man finden kann, sind Rosaflamingo, Glossy Ibis, Eurasischer L\u00f6ffler, Schwarzfl\u00fcgelmilan, Kaspische Seeschwalbe, Blaukehlchen und die seltenere Pendelmeise.<\/p>\n<p>Brutv\u00f6gel sind Purple Swamphen, Zwergdommel, Purpurreiher, Collared Pratincole und Audouin&#039;s Gull. Die vorgelagerten Inseln beherbergen die gr\u00f6\u00dften Kolonien von Zwergseeschwalbe in Portugal, die regelm\u00e4\u00dfig in den flachen Gew\u00e4ssern gefischt werden, sowie eine kleine Population von eurasischen Dickknie- und Kleintrappen. Interessante Brutv\u00f6gel sind auch Pallid Swift, Spectacled Warbler, European Bienenfresser und Black-eared Steinschm\u00e4tzer.<\/p>\n<div id=\"attachment_1701\" style=\"width: 1034px\" class=\"wp-caption alignnone\"><img data-recalc-dims=\"1\" decoding=\"async\" aria-describedby=\"caption-attachment-1701\" class=\"wp-image-1701 size-large\" title=\"Vogelbeobachtung Algarve Sardinian Warbler\" src=\"https:\/\/i0.wp.com\/legendatours.net\/wp-content\/uploads\/2020\/05\/Birdwatching-Algarve-Sardinian-Warbler-1024x683.jpg?resize=1024%2C683&#038;ssl=1\" alt=\"Vogelbeobachtung Algarve Sardinian Warbler\" width=\"1024\" height=\"683\" \/><p id=\"caption-attachment-1701\" class=\"wp-caption-text\">Vogelbeobachtung Algarve Sardischer Grasm\u00fccke \u2013 Foto Peter Dedicoat<\/p><\/div>\n<p>In den umliegenden W\u00e4ldern gibt es Arten wie Buntspecht, Waldschnabelw\u00fcrger und Pirol.<\/p>\n<p>Das Castro Marim Naturreservat bietet den Besuchern Einblicke in europ\u00e4ische Stieglitzer, Kurzzehenbauml\u00e4ufer und Sardische Grasm\u00fccken, um nur einige zu nennen. In den Salinen kann man mehrere Arten von Wasserv\u00f6geln beobachten, darunter Audouin&#039;s Gull, Little Tern, Collared Pratincole und Yellow Wagtail (Fr\u00fchjahr\/Sommer); Brandgans, L\u00f6ffelente, Schwarzhalstaucher und Kaspische Seeschwalbe. Das ganze Jahr \u00fcber kann man Flamingos, Stelzenl\u00e4ufer, L\u00f6ffler, Gr\u00fcnschenkel und S\u00e4belschn\u00e4bler finden. Kingfisher ist an diesem Ort regelm\u00e4\u00dfig und w\u00e4hrend der Migrationszeiten taucht oft Black Tern auf.<\/p>\n<div id=\"attachment_1765\" style=\"width: 1034px\" class=\"wp-caption alignnone\"><img data-recalc-dims=\"1\" decoding=\"async\" aria-describedby=\"caption-attachment-1765\" class=\"wp-image-1765 size-large\" title=\"Northern Shoveler\" src=\"https:\/\/i0.wp.com\/legendatours.net\/wp-content\/uploads\/2020\/03\/Northern-Shoveler-1024x682.jpg?resize=1024%2C682&#038;ssl=1\" alt=\"Northern Shoveler\" width=\"1024\" height=\"682\" \/><p id=\"caption-attachment-1765\" class=\"wp-caption-text\"><a href=\"..\/..\/?s=Northern+Shoveler\" target=\"_blank\" rel=\"noopener noreferrer\">Northern Shoveler\u00a0<\/a>\u2013 Foto Peter Dedicoat<\/p><\/div>\n<p>Die Routenbeschreibungen sind als einfacher, leicht zu verwendender Feldf\u00fchrer f\u00fcr alle gedacht, die gerne V\u00f6gel in ihrem nat\u00fcrlichen Lebensraum beobachten. Jede Reiseroute wird von einer Karte und einer Wegbeschreibung, den interessantesten Arten, die dort zu finden sind, und verschiedenen Tipps f\u00fcr die beste Reiseroute begleitet.<\/p>\n<p>Wir sorgen daf\u00fcr, dass Sie ein unvergessliches Erlebnis haben, ohne zeitaufw\u00e4ndige Suche nach Unterk\u00fcnften, keine Recherche nach den besten Vogelbeobachtungspl\u00e4tzen \u2013 unsere Touren sind vollst\u00e4ndig und vor allem perfekt durchdacht und organisiert! Die Tour ist so konzipiert, dass Sie unabh\u00e4ngig von Ihren F\u00e4higkeiten und Kenntnissen in der Vogelbeobachtung genossen werden k\u00f6nnen.<\/p>\n<p>Und um alle Wunder dieser Tour in vollen Z\u00fcgen genie\u00dfen zu k\u00f6nnen, \u00fcbernachten Sie im Zentrum von Tavira, nur 2 km vom n\u00e4chsten Vogelbeobachtungsort entfernt!<\/p>\n<\/div>\n<div class=\"row\">\n<div class=\"column\" style=\"flex: 45%\">\n<p><iframe title=\"Besuchen Sie Olh\u00e3o ... Hauptstadt der Ria Formosa.\" width=\"1080\" height=\"608\" src=\"https:\/\/www.youtube.com\/embed\/MENxx1MKWVE?start=85&#038;feature=oembed\" frameborder=\"0\" allow=\"accelerometer; autoplay; clipboard-write; encrypted-media; gyroscope; picture-in-picture; web-share\" referrerpolicy=\"strict-origin-when-cross-origin\" allowfullscreen><\/iframe><\/p>\n<\/div>\n<div class=\"column\" style=\"flex: 10%\"><\/div>\n<div class=\"column\" style=\"flex: 45%\">\n<p><iframe title=\"Castro Marim\" width=\"1080\" height=\"608\" src=\"https:\/\/www.youtube.com\/embed\/sbJjXvbNWho?list=PL_6Umd8jb1qvBUfpmdNirAfZNGPDknjjw\" frameborder=\"0\" allow=\"accelerometer; autoplay; clipboard-write; encrypted-media; gyroscope; picture-in-picture; web-share\" referrerpolicy=\"strict-origin-when-cross-origin\" allowfullscreen><\/iframe><\/p>\n<\/div>\n<\/div>","protected":false},"excerpt":{"rendered":"<p>Ria Formosa Natural Park: A Birdwatcher&#039;s Paradise ist eine Selbstfahrer-Vogelbeobachtungstour, die entwickelt wurde, um die besonderen und vielf\u00e4ltigen \u00d6kosysteme dieser Region zu entdecken, einem der attraktivsten Vogelbeobachtungsorte in Europa. Die Algarve ist ein ber\u00fchmter Ferienort, aber auch ein erstaunlicher Ort f\u00fcr Naturbeobachtungen, da sie Hunderte von endemischen Vogelarten beheimatet und eine \u00dcberwinterungs- und Futterstation f\u00fcr viele andere ist, die in ihren reichen Feuchtgebieten, Salzwiesen, Salinen und W\u00e4ldern gedeihen .<\/p>","protected":false},"featured_media":4819,"comment_status":"closed","ping_status":"closed","template":"","meta":{"_acf_changed":false,"inline_featured_image":false},"product_brand":[],"product_cat":[673,339,327],"product_tag":[311,1053,499,500,453,501,735,121,454,1284,737,738,502,503,504,483,505,506,507,508,458,509,1054,510,511,512,513,514,515,516,517,465,494,1285,181,1055,1056,471,1057,1058,1059,518],"class_list":{"0":"post-7831","1":"product","2":"type-product","3":"status-publish","4":"has-post-thumbnail","6":"product_cat-self-drive-holidays-portugal","7":"product_cat-portugal-self-guided-birdwatching-holidays","8":"product_cat-self-guided-tours-portugal","9":"product_tag-algarve","10":"product_tag-alleine-reisen","11":"product_tag-bee-eater","12":"product_tag-best-birding-spots","13":"product_tag-best-of-the-algarvian-bird-life","14":"product_tag-bird-species","15":"product_tag-bird-watching-holidays","16":"product_tag-bird-watching","17":"product_tag-birding-algarve","18":"product_tag-birdwatchers-paradise","19":"product_tag-birdwatching-algarve","20":"product_tag-birdwatching-portugal","21":"product_tag-black-winged-kite","22":"product_tag-blackheaded-weaver","23":"product_tag-booted-eagles","24":"product_tag-caspian-terns","25":"product_tag-ferruginous-duck","26":"product_tag-fresh-fish-and-seafood","27":"product_tag-freshwater-lagoons","28":"product_tag-gastronomy-and-wines","29":"product_tag-greater-flamingos","30":"product_tag-grey-shrikes","31":"product_tag-individuelle-touren","32":"product_tag-kentish-plover","33":"product_tag-little-bittern","34":"product_tag-little-tern","35":"product_tag-marsh-harriers","36":"product_tag-nature-observation","37":"product_tag-penduline-tits","38":"product_tag-purple-heron","39":"product_tag-purple-swamp-hen","40":"product_tag-red-necked-nightjar","41":"product_tag-ria-formosa","42":"product_tag-ria-formosa-birdwatching","43":"product_tag-ria-formosa-natural-park","44":"product_tag-sejour-en-liberte","45":"product_tag-solo-reisen","46":"product_tag-spoonbills","47":"product_tag-tours-autoguidees","48":"product_tag-voyage-en-liberte","49":"product_tag-voyages-en-autonomie","50":"product_tag-woodchat","52":"first","53":"instock","54":"virtual","55":"product-type-simple"},"acf":[],"yoast_head":"<!-- This site is optimized with the Yoast SEO Premium plugin v26.8 (Yoast SEO v27.5) - https:\/\/yoast.com\/product\/yoast-seo-premium-wordpress\/ -->\n<title>Birdwatching in Ria Formosa Natural Park: A Birdwatcher\u2019s Paradise - BeCool Travel<\/title>\n<meta name=\"robots\" content=\"index, follow, max-snippet:-1, max-image-preview:large, max-video-preview:-1\" \/>\n<link rel=\"canonical\" href=\"https:\/\/becooltravel.com\/de\/produkt\/ria-formosa-naturpark-ein-vogelbeobachter-paradies-fly-drive-3301s\/\" \/>\n<meta property=\"og:locale\" content=\"de_DE\" \/>\n<meta property=\"og:type\" content=\"article\" \/>\n<meta property=\"og:title\" content=\"Birdwatching in Ria Formosa Natural Park: A Birdwatcher\u2019s Paradise\" \/>\n<meta property=\"og:description\" content=\"Ria Formosa Natural Park: A Birdwatcher\u2019s Paradise is a Self-Drive Birdwatching Tour designed to discover the special and diverse ecosystems of this region, one of the most attractive birdwatching spots in Europe. The Algarve is a famous resort, but is also an amazing site for nature observation, being home to hundreds of endemic bird species, and a wintering and feeding station for many others, which thrive in its rich wetlands, salt marshes, saltpans, and woods.\" \/>\n<meta property=\"og:url\" content=\"https:\/\/becooltravel.com\/de\/produkt\/ria-formosa-naturpark-ein-vogelbeobachter-paradies-fly-drive-3301s\/\" \/>\n<meta property=\"og:site_name\" content=\"BeCool Travel\" \/>\n<meta property=\"article:publisher\" content=\"https:\/\/www.facebook.com\/becooltravelagency\/\" \/>\n<meta property=\"og:image\" content=\"https:\/\/i0.wp.com\/becooltravel.com\/wp-content\/uploads\/sites\/5\/2020\/05\/Selfguided_birding_ria_formosa.jpg?fit=1000%2C667&ssl=1\" \/>\n\t<meta property=\"og:image:width\" content=\"1000\" \/>\n\t<meta property=\"og:image:height\" content=\"667\" \/>\n\t<meta property=\"og:image:type\" content=\"image\/jpeg\" \/>\n<meta name=\"twitter:card\" content=\"summary_large_image\" \/>\n<meta name=\"twitter:site\" content=\"@becool_travel\" \/>\n<meta name=\"twitter:label1\" content=\"Gesch\u00e4tzte Lesezeit\" \/>\n\t<meta name=\"twitter:data1\" content=\"4\u00a0Minuten\" \/>\n<script type=\"application\/ld+json\" class=\"yoast-schema-graph\">{\"@context\":\"https:\\\/\\\/schema.org\",\"@graph\":[{\"@type\":\"WebPage\",\"@id\":\"https:\\\/\\\/becooltravel.com\\\/product\\\/ria-formosa-natural-park-a-birdwatchers-paradise-fly-drive-3301s\\\/\",\"url\":\"https:\\\/\\\/becooltravel.com\\\/product\\\/ria-formosa-natural-park-a-birdwatchers-paradise-fly-drive-3301s\\\/\",\"name\":\"Birdwatching in Ria Formosa Natural Park: A Birdwatcher\u2019s Paradise - BeCool Travel\",\"isPartOf\":{\"@id\":\"https:\\\/\\\/becooltravel.com\\\/#website\"},\"primaryImageOfPage\":{\"@id\":\"https:\\\/\\\/becooltravel.com\\\/product\\\/ria-formosa-natural-park-a-birdwatchers-paradise-fly-drive-3301s\\\/#primaryimage\"},\"image\":{\"@id\":\"https:\\\/\\\/becooltravel.com\\\/product\\\/ria-formosa-natural-park-a-birdwatchers-paradise-fly-drive-3301s\\\/#primaryimage\"},\"thumbnailUrl\":\"https:\\\/\\\/i0.wp.com\\\/becooltravel.com\\\/wp-content\\\/uploads\\\/sites\\\/5\\\/2020\\\/05\\\/Selfguided_birding_ria_formosa.jpg?fit=1000%2C667&ssl=1\",\"datePublished\":\"2020-03-06T15:05:19+00:00\",\"breadcrumb\":{\"@id\":\"https:\\\/\\\/becooltravel.com\\\/product\\\/ria-formosa-natural-park-a-birdwatchers-paradise-fly-drive-3301s\\\/#breadcrumb\"},\"inLanguage\":\"de\",\"potentialAction\":[{\"@type\":\"ReadAction\",\"target\":[\"https:\\\/\\\/becooltravel.com\\\/product\\\/ria-formosa-natural-park-a-birdwatchers-paradise-fly-drive-3301s\\\/\"]}]},{\"@type\":\"ImageObject\",\"inLanguage\":\"de\",\"@id\":\"https:\\\/\\\/becooltravel.com\\\/product\\\/ria-formosa-natural-park-a-birdwatchers-paradise-fly-drive-3301s\\\/#primaryimage\",\"url\":\"https:\\\/\\\/i0.wp.com\\\/becooltravel.com\\\/wp-content\\\/uploads\\\/sites\\\/5\\\/2020\\\/05\\\/Selfguided_birding_ria_formosa.jpg?fit=1000%2C667&ssl=1\",\"contentUrl\":\"https:\\\/\\\/i0.wp.com\\\/becooltravel.com\\\/wp-content\\\/uploads\\\/sites\\\/5\\\/2020\\\/05\\\/Selfguided_birding_ria_formosa.jpg?fit=1000%2C667&ssl=1\",\"width\":1000,\"height\":667,\"caption\":\"self-guided birding Ria Formosa\"},{\"@type\":\"BreadcrumbList\",\"@id\":\"https:\\\/\\\/becooltravel.com\\\/product\\\/ria-formosa-natural-park-a-birdwatchers-paradise-fly-drive-3301s\\\/#breadcrumb\",\"itemListElement\":[{\"@type\":\"ListItem\",\"position\":1,\"name\":\"Home\",\"item\":\"https:\\\/\\\/becooltravel.com\\\/\"},{\"@type\":\"ListItem\",\"position\":2,\"name\":\"Shop\",\"item\":\"https:\\\/\\\/becooltravel.com\\\/?page_id=5\"},{\"@type\":\"ListItem\",\"position\":3,\"name\":\"Algarve holidays . You can use\u00a0footpaths and walking\u00a0 trails\u00a0to get to know the region, such as the\u00a0Algarve Way\u00a0or the\u00a0Vicentine Route along one of the best preserved coastal stretches.\",\"item\":\"https:\\\/\\\/becooltravel.com\\\/product-tag\\\/algarve\\\/\"},{\"@type\":\"ListItem\",\"position\":4,\"name\":\"Birdwatching in Ria Formosa Natural Park: A Birdwatcher\u2019s Paradise\"}]},{\"@type\":\"WebSite\",\"@id\":\"https:\\\/\\\/becooltravel.com\\\/#website\",\"url\":\"https:\\\/\\\/becooltravel.com\\\/\",\"name\":\"BeCool Travel\",\"description\":\"Sustainable holidays in Portugal for independent travelers\",\"publisher\":{\"@id\":\"https:\\\/\\\/becooltravel.com\\\/#organization\"},\"potentialAction\":[{\"@type\":\"SearchAction\",\"target\":{\"@type\":\"EntryPoint\",\"urlTemplate\":\"https:\\\/\\\/becooltravel.com\\\/?s={search_term_string}\"},\"query-input\":{\"@type\":\"PropertyValueSpecification\",\"valueRequired\":true,\"valueName\":\"search_term_string\"}}],\"inLanguage\":\"de\"},{\"@type\":\"Organization\",\"@id\":\"https:\\\/\\\/becooltravel.com\\\/#organization\",\"name\":\"BecoolTravel. com- Portugal\",\"url\":\"https:\\\/\\\/becooltravel.com\\\/\",\"logo\":{\"@type\":\"ImageObject\",\"inLanguage\":\"de\",\"@id\":\"https:\\\/\\\/becooltravel.com\\\/#\\\/schema\\\/logo\\\/image\\\/\",\"url\":\"https:\\\/\\\/becooltravel.com\\\/wp-content\\\/uploads\\\/sites\\\/5\\\/2020\\\/03\\\/Logo_BeCool.jpg\",\"contentUrl\":\"https:\\\/\\\/becooltravel.com\\\/wp-content\\\/uploads\\\/sites\\\/5\\\/2020\\\/03\\\/Logo_BeCool.jpg\",\"width\":534,\"height\":534,\"caption\":\"BecoolTravel. com- Portugal\"},\"image\":{\"@id\":\"https:\\\/\\\/becooltravel.com\\\/#\\\/schema\\\/logo\\\/image\\\/\"},\"sameAs\":[\"https:\\\/\\\/www.facebook.com\\\/becooltravelagency\\\/\",\"https:\\\/\\\/x.com\\\/becool_travel\",\"https:\\\/\\\/www.instagram.com\\\/becooltravel_com\\\/\",\"https:\\\/\\\/www.linkedin.com\\\/company\\\/becool-travel\\\/\",\"https:\\\/\\\/www.youtube.com\\\/channel\\\/UCE7zRU3EVG1PgfXwQo-5uJw\"]}]}<\/script>\n<!-- \/ Yoast SEO Premium plugin. -->","yoast_head_json":{"title":"Vogelbeobachtung im Naturpark Ria Formosa: Ein Paradies f\u00fcr Vogelbeobachter - BeCool Travel","robots":{"index":"index","follow":"follow","max-snippet":"max-snippet:-1","max-image-preview":"max-image-preview:large","max-video-preview":"max-video-preview:-1"},"canonical":"https:\/\/becooltravel.com\/de\/produkt\/ria-formosa-naturpark-ein-vogelbeobachter-paradies-fly-drive-3301s\/","og_locale":"de_DE","og_type":"article","og_title":"Birdwatching in Ria Formosa Natural Park: A Birdwatcher\u2019s Paradise","og_description":"Ria Formosa Natural Park: A Birdwatcher\u2019s Paradise is a Self-Drive Birdwatching Tour designed to discover the special and diverse ecosystems of this region, one of the most attractive birdwatching spots in Europe. The Algarve is a famous resort, but is also an amazing site for nature observation, being home to hundreds of endemic bird species, and a wintering and feeding station for many others, which thrive in its rich wetlands, salt marshes, saltpans, and woods.","og_url":"https:\/\/becooltravel.com\/de\/produkt\/ria-formosa-naturpark-ein-vogelbeobachter-paradies-fly-drive-3301s\/","og_site_name":"BeCool Travel","article_publisher":"https:\/\/www.facebook.com\/becooltravelagency\/","og_image":[{"width":1000,"height":667,"url":"https:\/\/i0.wp.com\/becooltravel.com\/wp-content\/uploads\/sites\/5\/2020\/05\/Selfguided_birding_ria_formosa.jpg?fit=1000%2C667&ssl=1","type":"image\/jpeg"}],"twitter_card":"summary_large_image","twitter_site":"@becool_travel","twitter_misc":{"Gesch\u00e4tzte Lesezeit":"4\u00a0Minuten"},"schema":{"@context":"https:\/\/schema.org","@graph":[{"@type":"WebPage","@id":"https:\/\/becooltravel.com\/product\/ria-formosa-natural-park-a-birdwatchers-paradise-fly-drive-3301s\/","url":"https:\/\/becooltravel.com\/product\/ria-formosa-natural-park-a-birdwatchers-paradise-fly-drive-3301s\/","name":"Vogelbeobachtung im Naturpark Ria Formosa: Ein Paradies f\u00fcr Vogelbeobachter - BeCool Travel","isPartOf":{"@id":"https:\/\/becooltravel.com\/#website"},"primaryImageOfPage":{"@id":"https:\/\/becooltravel.com\/product\/ria-formosa-natural-park-a-birdwatchers-paradise-fly-drive-3301s\/#primaryimage"},"image":{"@id":"https:\/\/becooltravel.com\/product\/ria-formosa-natural-park-a-birdwatchers-paradise-fly-drive-3301s\/#primaryimage"},"thumbnailUrl":"https:\/\/i0.wp.com\/becooltravel.com\/wp-content\/uploads\/sites\/5\/2020\/05\/Selfguided_birding_ria_formosa.jpg?fit=1000%2C667&ssl=1","datePublished":"2020-03-06T15:05:19+00:00","breadcrumb":{"@id":"https:\/\/becooltravel.com\/product\/ria-formosa-natural-park-a-birdwatchers-paradise-fly-drive-3301s\/#breadcrumb"},"inLanguage":"de","potentialAction":[{"@type":"ReadAction","target":["https:\/\/becooltravel.com\/product\/ria-formosa-natural-park-a-birdwatchers-paradise-fly-drive-3301s\/"]}]},{"@type":"ImageObject","inLanguage":"de","@id":"https:\/\/becooltravel.com\/product\/ria-formosa-natural-park-a-birdwatchers-paradise-fly-drive-3301s\/#primaryimage","url":"https:\/\/i0.wp.com\/becooltravel.com\/wp-content\/uploads\/sites\/5\/2020\/05\/Selfguided_birding_ria_formosa.jpg?fit=1000%2C667&ssl=1","contentUrl":"https:\/\/i0.wp.com\/becooltravel.com\/wp-content\/uploads\/sites\/5\/2020\/05\/Selfguided_birding_ria_formosa.jpg?fit=1000%2C667&ssl=1","width":1000,"height":667,"caption":"self-guided birding Ria Formosa"},{"@type":"BreadcrumbList","@id":"https:\/\/becooltravel.com\/product\/ria-formosa-natural-park-a-birdwatchers-paradise-fly-drive-3301s\/#breadcrumb","itemListElement":[{"@type":"ListItem","position":1,"name":"Home","item":"https:\/\/becooltravel.com\/"},{"@type":"ListItem","position":2,"name":"Shop","item":"https:\/\/becooltravel.com\/?page_id=5"},{"@type":"ListItem","position":3,"name":"Algarve holidays . You can use\u00a0footpaths and walking\u00a0 trails\u00a0to get to know the region, such as the\u00a0Algarve Way\u00a0or the\u00a0Vicentine Route along one of the best preserved coastal stretches.","item":"https:\/\/becooltravel.com\/product-tag\/algarve\/"},{"@type":"ListItem","position":4,"name":"Birdwatching in Ria Formosa Natural Park: A Birdwatcher\u2019s Paradise"}]},{"@type":"WebSite","@id":"https:\/\/becooltravel.com\/#website","url":"https:\/\/becooltravel.com\/","name":"BeCool Travel","description":"Nachhaltiger Urlaub in Portugal f\u00fcr Individualreisende","publisher":{"@id":"https:\/\/becooltravel.com\/#organization"},"potentialAction":[{"@type":"SearchAction","target":{"@type":"EntryPoint","urlTemplate":"https:\/\/becooltravel.com\/?s={search_term_string}"},"query-input":{"@type":"PropertyValueSpecification","valueRequired":true,"valueName":"search_term_string"}}],"inLanguage":"de"},{"@type":"Organization","@id":"https:\/\/becooltravel.com\/#organization","name":"BecoolTravel. com- Portugal","url":"https:\/\/becooltravel.com\/","logo":{"@type":"ImageObject","inLanguage":"de","@id":"https:\/\/becooltravel.com\/#\/schema\/logo\/image\/","url":"https:\/\/becooltravel.com\/wp-content\/uploads\/sites\/5\/2020\/03\/Logo_BeCool.jpg","contentUrl":"https:\/\/becooltravel.com\/wp-content\/uploads\/sites\/5\/2020\/03\/Logo_BeCool.jpg","width":534,"height":534,"caption":"BecoolTravel. com- Portugal"},"image":{"@id":"https:\/\/becooltravel.com\/#\/schema\/logo\/image\/"},"sameAs":["https:\/\/www.facebook.com\/becooltravelagency\/","https:\/\/x.com\/becool_travel","https:\/\/www.instagram.com\/becooltravel_com\/","https:\/\/www.linkedin.com\/company\/becool-travel\/","https:\/\/www.youtube.com\/channel\/UCE7zRU3EVG1PgfXwQo-5uJw"]}]}},"jetpack_sharing_enabled":true,"_links":{"self":[{"href":"https:\/\/becooltravel.com\/de\/wp-json\/wp\/v2\/product\/7831","targetHints":{"allow":["GET"]}}],"collection":[{"href":"https:\/\/becooltravel.com\/de\/wp-json\/wp\/v2\/product"}],"about":[{"href":"https:\/\/becooltravel.com\/de\/wp-json\/wp\/v2\/types\/product"}],"replies":[{"embeddable":true,"href":"https:\/\/becooltravel.com\/de\/wp-json\/wp\/v2\/comments?post=7831"}],"wp:featuredmedia":[{"embeddable":true,"href":"https:\/\/becooltravel.com\/de\/wp-json\/wp\/v2\/media\/4819"}],"wp:attachment":[{"href":"https:\/\/becooltravel.com\/de\/wp-json\/wp\/v2\/media?parent=7831"}],"wp:term":[{"taxonomy":"product_brand","embeddable":true,"href":"https:\/\/becooltravel.com\/de\/wp-json\/wp\/v2\/product_brand?post=7831"},{"taxonomy":"product_cat","embeddable":true,"href":"https:\/\/becooltravel.com\/de\/wp-json\/wp\/v2\/product_cat?post=7831"},{"taxonomy":"product_tag","embeddable":true,"href":"https:\/\/becooltravel.com\/de\/wp-json\/wp\/v2\/product_tag?post=7831"}],"curies":[{"name":"wp","href":"https:\/\/api.w.org\/{rel}","templated":true}]}}