{"id":7832,"date":"2020-03-06T15:03:11","date_gmt":"2020-03-06T15:03:11","guid":{"rendered":"https:\/\/becooltravel.com\/product\/birding-under-blue-skyes-the-great-bustard-adventure-fly-drive-3201s\/"},"modified":"2020-03-06T15:03:11","modified_gmt":"2020-03-06T15:03:11","slug":"birding-under-blue-skyes-the-great-bustard-adventure-fly-drive-3201s","status":"publish","type":"product","link":"https:\/\/becooltravel.com\/de\/produkt\/birding-under-blue-skyes-the-great-trappe-adventure-fly-drive-3201s\/","title":{"rendered":"Vogelbeobachtungsferien unter blauem Himmel: Das gro\u00dfe Trappenabenteuer"},"content":{"rendered":"<p>Birding Under Blue Skies: The Great Bustard Adventure ist eine Selbstfahrer-Vogelbeobachtungstour, die von professionellen lokalen Vogelbeobachtern entworfen wurde, um Ihnen zu helfen, so viel wie m\u00f6glich von der Vogelwelt und Flora zu sehen, einschlie\u00dflich der r\u00e4tselhaften Gro\u00dftrappe! Um diese personalisierte Tour in vollen Z\u00fcgen genie\u00dfen zu k\u00f6nnen, wohnen Sie im Herzen von Monte Gordo mit einfachem Zugang zu einer F\u00fclle von Vogelbeobachtungspl\u00e4tzen, die \u00fcber die Lebensliste eines Vogelbeobachters hinausgehen!<\/p>\n<p>Zwischen den Sandstr\u00e4nden der Ostk\u00fcste und dem Fluss Guadiana liegt ein kleines Fischerdorf. Monte Gordo mit seinem warmen Wetter, traditionellen Stra\u00dfen und Gesch\u00e4ften, Sandd\u00fcnen, Pinienw\u00e4ldern und ber\u00fchmten frischen Meeresfr\u00fcchten ist ein gro\u00dfartiger Ausgangspunkt f\u00fcr unsere Vogelbeobachtungsferien.<\/p>\n<div id=\"attachment_1748\" style=\"width: 1034px\" class=\"wp-caption alignnone\"><img data-recalc-dims=\"1\" decoding=\"async\" aria-describedby=\"caption-attachment-1748\" class=\"wp-image-1748 size-large\" title=\"Gro\u00dftrappen\" src=\"https:\/\/i0.wp.com\/legendatours.net\/wp-content\/uploads\/2020\/03\/Great_Bustards-1024x683.jpg?resize=1024%2C683&#038;ssl=1\" alt=\"Gro\u00dftrappen\" width=\"1024\" height=\"683\" \/><p id=\"caption-attachment-1748\" class=\"wp-caption-text\">Gro\u00dftrappen, einer der schwersten Flugv\u00f6gel der Welt, bewohnen ein riesiges Gebiet einheitlicher Landschaft im Baixo Alentejo \u2013 Foto Peter Dedicoat<\/p><\/div>\n<p>Seine privilegierte Lage in der N\u00e4he der Guadiana-M\u00fcndung ist mit besonderen und vielf\u00e4ltigen nat\u00fcrlichen \u00d6kosystemen gesegnet, in denen Hunderte von Vogelarten leben, von denen einige endemisch und typisch f\u00fcr die mediterranen Lebensr\u00e4ume sind.<\/p>\n<p>Diese Vogelbeobachtungstour findet in einigen wichtigen Feuchtgebieten an der Algarve statt, darunter im Naturpark Ria Formosa, in der M\u00fcndung von Guadiana und im Naturschutzgebiet Castro Marim. Sie umfasst einen Ausflug zum Alentejo, um die schwer fassbare Gro\u00dftrappe, eine der Welt, zu beobachten schwerste V\u00f6gel und auch ein freier Tag, um Ihnen die M\u00f6glichkeit zu geben, zu erkunden.<\/p>\n<p>Der Naturpark Ria Formosa ist von besonderer Bedeutung als \u00dcberwinterungsgebiet f\u00fcr viele V\u00f6gel aus Nordeuropa und als Ruhe- und F\u00fctterungsstation f\u00fcr V\u00f6gel, die zwischen Afrika und Europa wandern. Das Gebiet ist gem\u00e4\u00df der Ramsar-Konvention als Feuchtgebiet von internationaler Bedeutung und als besonderes Schutzgebiet gem\u00e4\u00df der EU-Richtlinie zur Erhaltung von Wildv\u00f6geln eingestuft.<\/p>\n<div id=\"attachment_1723\" style=\"width: 1034px\" class=\"wp-caption alignnone\"><img data-recalc-dims=\"1\" decoding=\"async\" aria-describedby=\"caption-attachment-1723\" class=\"wp-image-1723 size-large\" title=\"Gl\u00e4nzendes Ibis\" src=\"https:\/\/i0.wp.com\/legendatours.net\/wp-content\/uploads\/2020\/03\/Glossy-Ibis-1024x683.jpg?resize=1024%2C683&#038;ssl=1\" alt=\"Gl\u00e4nzendes Ibis\" width=\"1024\" height=\"683\" \/><p id=\"caption-attachment-1723\" class=\"wp-caption-text\">Glossy Ibis \u2013 Foto Peter Dedicoat<\/p><\/div>\n<p>Unter anderem k\u00f6nnen Sie Uferschnepfe, Flussregenpfeifer, Zwergdommel, Purpur-Sumpfhenne, Purpurreiher, Tafelente, Halsbandregenpfeifer, Regenregenpfeifer, Bienenfresser, Rothals-Zwergschwalbe, Woodchat und Southern Grey Shrikes und Little Tern. Rohrweihen sind hier ans\u00e4ssig, ebenso wie eine kleine Anzahl von Booted Eagles, die jetzt im Winter regelm\u00e4\u00dfig zu sehen sind. Wo in der Saison Ferruginous Duck, Purple Heron, Black-winged Kite, Penduline Tits und Blackheaded Weaver zu finden sind.<\/p>\n<p>In den spanischen H\u00fcgeln geboren, markiert der Fluss Guadiana die Grenze zwischen Portugal und Spanien und schl\u00e4ngelt sich durch H\u00fcgel, die mit Zistrose, Oliven-, Johannisbrot- und Mandelb\u00e4umen und den traditionellen Schieferh\u00e4usern bedeckt sind. Das Gebiet bietet Schutz f\u00fcr unz\u00e4hlige Tier- und Pflanzenarten.<\/p>\n<div id=\"attachment_1695\" style=\"width: 1034px\" class=\"wp-caption alignnone\"><img data-recalc-dims=\"1\" decoding=\"async\" aria-describedby=\"caption-attachment-1695\" class=\"wp-image-1695 size-large\" title=\"Vogelbeobachtungsalgarve Europ\u00e4ischer Bienenfresser\" src=\"https:\/\/i0.wp.com\/legendatours.net\/wp-content\/uploads\/2020\/05\/Birdwatching-Algarve-European-Bee-eater-1024x683.jpg?resize=1024%2C683&#038;ssl=1\" alt=\"Vogelbeobachtungsalgarve Europ\u00e4ischer Bienenfresser\" width=\"1024\" height=\"683\" \/><p id=\"caption-attachment-1695\" class=\"wp-caption-text\">Vogelbeobachtung Algarve Europ\u00e4ischer Bienenfresser \u2013 Foto Peter Dedicoat<\/p><\/div>\n<p>\u00d6stlich von Monte Gordo bietet das Naturschutzgebiet Castro Marim den Besuchern Einblicke in europ\u00e4ische Stieglitzer, Kurzzehenbauml\u00e4ufer und Sardische Grasm\u00fccken, um nur einige zu nennen. In den Salinen kann man mehrere Arten von Wasserv\u00f6geln beobachten, darunter Audouin&#039;s Gull, Little Tern, Collared Pratincole und Yellow Wagtail (Fr\u00fchjahr\/Sommer); Brandgans, L\u00f6ffelente, Schwarzhalstaucher und Kaspische Seeschwalbe.<\/p>\n<p>Das ganze Jahr \u00fcber kann man Flamingos, Stelzenl\u00e4ufer, L\u00f6ffler, Gr\u00fcnschenkel und S\u00e4belschn\u00e4bler finden. Kingfisher ist an diesem Ort regelm\u00e4\u00dfig und w\u00e4hrend der Migrationszeiten taucht oft Black Tern auf.<\/p>\n<p>Diese selbst gef\u00fchrte Vogelbeobachtungstour erm\u00f6glicht es Ihnen, sich Zeit zu nehmen und sich an den Aktivit\u00e4ten Ihrer Wahl zu beteiligen, von der einfachen Freude, V\u00f6gel in ihren nat\u00fcrlichen Lebensr\u00e4umen zu beobachten. Naturfotografie im Allgemeinen und Vogelfotografie im Besonderen; Malerei und Illustration; wissenschaftliche Forschung; das Streben nach Rarit\u00e4ten (Zucken) usw.<\/p>\n<div id=\"attachment_1961\" style=\"width: 1034px\" class=\"wp-caption alignnone\"><img data-recalc-dims=\"1\" decoding=\"async\" aria-describedby=\"caption-attachment-1961\" class=\"wp-image-1961 size-large\" title=\"Gemeiner Rotschenkel\" src=\"https:\/\/i0.wp.com\/legendatours.net\/wp-content\/uploads\/2020\/03\/Common-Redshank-1024x683.jpg?resize=1024%2C683&#038;ssl=1\" alt=\"Gemeiner Rotschenkel\" width=\"1024\" height=\"683\" \/><p id=\"caption-attachment-1961\" class=\"wp-caption-text\">Rotschenkel \u2013 Foto Peter Dedicoat<\/p><\/div>\n<p>Die Beobachtung und der Kontakt mit der Natur sind ein wahrer Balsam mit unz\u00e4hligen Vorteilen!<\/p>\n<p>Die Routenbeschreibungen sind als einfacher, leicht zu verwendender Feldf\u00fchrer f\u00fcr alle gedacht, die gerne V\u00f6gel in ihrem nat\u00fcrlichen Lebensraum beobachten. Jede Reiseroute wird von einer Karte und einer Beschreibung der Anfahrt, den interessantesten Arten, die dort zu finden sind, und verschiedenen Tipps f\u00fcr die beste Reiseroute begleitet.<\/p>\n<p>Wir sorgen daf\u00fcr, dass Sie ein unvergessliches Erlebnis haben, ohne zeitaufw\u00e4ndige Suche nach Unterk\u00fcnften, keine Recherche nach den besten Vogelbeobachtungspl\u00e4tzen \u2013 unsere Touren sind vollst\u00e4ndig und vor allem perfekt durchdacht und organisiert! Die Tour ist so konzipiert, dass Sie unabh\u00e4ngig von Ihren F\u00e4higkeiten und Kenntnissen in der Vogelbeobachtung genossen werden k\u00f6nnen.<\/p>\n<div class=\"row\">\n<div class=\"column\" style=\"flex: 45%\">\n<p><iframe title=\"Castro Marim\" width=\"1080\" height=\"608\" src=\"https:\/\/www.youtube.com\/embed\/sbJjXvbNWho?list=PL_6Umd8jb1qvBUfpmdNirAfZNGPDknjjw\" frameborder=\"0\" allow=\"accelerometer; autoplay; clipboard-write; encrypted-media; gyroscope; picture-in-picture; web-share\" referrerpolicy=\"strict-origin-when-cross-origin\" allowfullscreen><\/iframe><\/p>\n<\/div>\n<div class=\"column\" style=\"flex: 10%\"><\/div>\n<div class=\"column\" style=\"flex: 45%\">\n<p><iframe title=\"LPN | Centro de Educa\u00e7\u00e3o Ambiental do Vale Gon\u00e7alinho und estepe cereal\u00edfera de Castro Verde\" width=\"1080\" height=\"608\" src=\"https:\/\/www.youtube.com\/embed\/FW0VbEbC0cw?feature=oembed\" frameborder=\"0\" allow=\"accelerometer; autoplay; clipboard-write; encrypted-media; gyroscope; picture-in-picture; web-share\" referrerpolicy=\"strict-origin-when-cross-origin\" allowfullscreen><\/iframe><\/p>\n<\/div>\n<\/div>\n<p><iframe title=\"LPN | CEAVG - Centro de Educa\u00e7\u00e3o Ambiental do Vale Gon\u00e7alinho_Video Institucional PT\" width=\"1080\" height=\"608\" src=\"https:\/\/www.youtube.com\/embed\/EkOB_oYZ5wQ?feature=oembed\" frameborder=\"0\" allow=\"accelerometer; autoplay; clipboard-write; encrypted-media; gyroscope; picture-in-picture; web-share\" referrerpolicy=\"strict-origin-when-cross-origin\" allowfullscreen><\/iframe><\/p>","protected":false},"excerpt":{"rendered":"<p>Birding Under Blue Skies: The Great Bustard Adventure ist eine Selbstfahrer-Vogelbeobachtungstour, die von professionellen lokalen Vogelbeobachtern entworfen wurde, um Ihnen zu helfen, so viel wie m\u00f6glich von der Vogelwelt und Flora zu sehen, einschlie\u00dflich der r\u00e4tselhaften Gro\u00dftrappe! Um diese personalisierte Tour in vollen Z\u00fcgen genie\u00dfen zu k\u00f6nnen, wohnen Sie im Herzen von Monte Gordo mit einfachem Zugang zu einer F\u00fclle von Vogelbeobachtungspl\u00e4tzen, die \u00fcber die Lebensliste eines Vogelbeobachters hinausgehen!<\/p>","protected":false},"featured_media":4595,"comment_status":"closed","ping_status":"closed","template":"","meta":{"_acf_changed":false,"inline_featured_image":false},"product_brand":[],"product_cat":[673,339,327],"product_tag":[311,1053,500,453,736,121,710,242,737,711,502,503,504,712,713,505,714,668,607,1054,510,511,715,512,513,514,321,1141,515,58,516,517,716,717,465,494,181,718,1055,322,719,720,721,1056,722,723,202,1057,724,614,1058,1059,725,518],"class_list":{"0":"post-7832","1":"product","2":"type-product","3":"status-publish","4":"has-post-thumbnail","6":"product_cat-self-drive-holidays-portugal","7":"product_cat-portugal-self-guided-birdwatching-holidays","8":"product_cat-self-guided-tours-portugal","9":"product_tag-algarve","10":"product_tag-alleine-reisen","11":"product_tag-best-birding-spots","12":"product_tag-best-of-the-algarvian-bird-life","13":"product_tag-bird-watching-tours","14":"product_tag-bird-watching","15":"product_tag-birding","16":"product_tag-birdwatching","17":"product_tag-birdwatching-algarve","18":"product_tag-black-tailed-godwits","19":"product_tag-black-winged-kite","20":"product_tag-blackheaded-weaver","21":"product_tag-booted-eagles","22":"product_tag-collared-pratincole","23":"product_tag-european-bee-eater","24":"product_tag-ferruginous-duck","25":"product_tag-fly-drive","26":"product_tag-great-bustard","27":"product_tag-holidays","28":"product_tag-individuelle-touren","29":"product_tag-kentish-plover","30":"product_tag-little-bittern","31":"product_tag-little-stints","32":"product_tag-little-tern","33":"product_tag-marsh-harriers","34":"product_tag-nature-observation","35":"product_tag-nature-walks","36":"product_tag-observe-birds","37":"product_tag-penduline-tits","38":"product_tag-portugal","39":"product_tag-purple-heron","40":"product_tag-purple-swamp-hen","41":"product_tag-ramsar","42":"product_tag-red-crested-pochard","43":"product_tag-red-necked-nightjar","44":"product_tag-ria-formosa","45":"product_tag-ria-formosa-natural-park","46":"product_tag-ringed-plovers","47":"product_tag-sejour-en-liberte","48":"product_tag-self-guided","49":"product_tag-self-guided-birdwatching","50":"product_tag-self-guided-holidays","51":"product_tag-self-guided-tours","52":"product_tag-solo-reisen","53":"product_tag-southern-grey-shrikes","54":"product_tag-sunny-winters","55":"product_tag-top-class-birding","56":"product_tag-tours-autoguidees","57":"product_tag-tours-in-portugal","58":"product_tag-vacations","59":"product_tag-voyage-en-liberte","60":"product_tag-voyages-en-autonomie","61":"product_tag-wintering-birds","62":"product_tag-woodchat","64":"first","65":"instock","66":"virtual","67":"product-type-simple"},"acf":[],"yoast_head":"<!-- This site is optimized with the Yoast SEO Premium plugin v26.8 (Yoast SEO v27.5) - https:\/\/yoast.com\/product\/yoast-seo-premium-wordpress\/ -->\n<title>Birding Holidays Under Blue Skyes: The Great Bustard Adventure - BeCool Travel<\/title>\n<meta name=\"robots\" content=\"index, follow, max-snippet:-1, max-image-preview:large, max-video-preview:-1\" \/>\n<link rel=\"canonical\" href=\"https:\/\/becooltravel.com\/de\/produkt\/birding-under-blue-skyes-the-great-trappe-adventure-fly-drive-3201s\/\" \/>\n<meta property=\"og:locale\" content=\"de_DE\" \/>\n<meta property=\"og:type\" content=\"article\" \/>\n<meta property=\"og:title\" content=\"Birding Holidays Under Blue Skyes: The Great Bustard Adventure\" \/>\n<meta property=\"og:description\" content=\"Birding Under Blue Skies: The Great Bustard Adventure is a Self-Drive Birdwatching Tour, designed by professional local birders to help you see as much of the avifauna and flora as possible, including the enigmatic Great Bustard! In order to fully enjoy this personalized tour, you\u2019ll be lodged in the heart of Monte Gordo, with easy access to a wealth of bird observation settings, beyond any birder\u2019s life list!\" \/>\n<meta property=\"og:url\" content=\"https:\/\/becooltravel.com\/de\/produkt\/birding-under-blue-skyes-the-great-trappe-adventure-fly-drive-3201s\/\" \/>\n<meta property=\"og:site_name\" content=\"BeCool Travel\" \/>\n<meta property=\"article:publisher\" content=\"https:\/\/www.facebook.com\/becooltravelagency\/\" \/>\n<meta property=\"og:image\" content=\"https:\/\/i0.wp.com\/becooltravel.com\/wp-content\/uploads\/sites\/5\/2020\/05\/Great_bustard_birdwatching.jpg?fit=1200%2C787&ssl=1\" \/>\n\t<meta property=\"og:image:width\" content=\"1200\" \/>\n\t<meta property=\"og:image:height\" content=\"787\" \/>\n\t<meta property=\"og:image:type\" content=\"image\/jpeg\" \/>\n<meta name=\"twitter:card\" content=\"summary_large_image\" \/>\n<meta name=\"twitter:site\" content=\"@becool_travel\" \/>\n<meta name=\"twitter:label1\" content=\"Gesch\u00e4tzte Lesezeit\" \/>\n\t<meta name=\"twitter:data1\" content=\"4\u00a0Minuten\" \/>\n<script type=\"application\/ld+json\" class=\"yoast-schema-graph\">{\"@context\":\"https:\\\/\\\/schema.org\",\"@graph\":[{\"@type\":\"WebPage\",\"@id\":\"https:\\\/\\\/becooltravel.com\\\/product\\\/birding-under-blue-skyes-the-great-bustard-adventure-fly-drive-3201s\\\/\",\"url\":\"https:\\\/\\\/becooltravel.com\\\/product\\\/birding-under-blue-skyes-the-great-bustard-adventure-fly-drive-3201s\\\/\",\"name\":\"Birding Holidays Under Blue Skyes: The Great Bustard Adventure - BeCool Travel\",\"isPartOf\":{\"@id\":\"https:\\\/\\\/becooltravel.com\\\/#website\"},\"primaryImageOfPage\":{\"@id\":\"https:\\\/\\\/becooltravel.com\\\/product\\\/birding-under-blue-skyes-the-great-bustard-adventure-fly-drive-3201s\\\/#primaryimage\"},\"image\":{\"@id\":\"https:\\\/\\\/becooltravel.com\\\/product\\\/birding-under-blue-skyes-the-great-bustard-adventure-fly-drive-3201s\\\/#primaryimage\"},\"thumbnailUrl\":\"https:\\\/\\\/i0.wp.com\\\/becooltravel.com\\\/wp-content\\\/uploads\\\/sites\\\/5\\\/2020\\\/05\\\/Great_bustard_birdwatching.jpg?fit=1200%2C787&ssl=1\",\"datePublished\":\"2020-03-06T15:03:11+00:00\",\"breadcrumb\":{\"@id\":\"https:\\\/\\\/becooltravel.com\\\/product\\\/birding-under-blue-skyes-the-great-bustard-adventure-fly-drive-3201s\\\/#breadcrumb\"},\"inLanguage\":\"de\",\"potentialAction\":[{\"@type\":\"ReadAction\",\"target\":[\"https:\\\/\\\/becooltravel.com\\\/product\\\/birding-under-blue-skyes-the-great-bustard-adventure-fly-drive-3201s\\\/\"]}]},{\"@type\":\"ImageObject\",\"inLanguage\":\"de\",\"@id\":\"https:\\\/\\\/becooltravel.com\\\/product\\\/birding-under-blue-skyes-the-great-bustard-adventure-fly-drive-3201s\\\/#primaryimage\",\"url\":\"https:\\\/\\\/i0.wp.com\\\/becooltravel.com\\\/wp-content\\\/uploads\\\/sites\\\/5\\\/2020\\\/05\\\/Great_bustard_birdwatching.jpg?fit=1200%2C787&ssl=1\",\"contentUrl\":\"https:\\\/\\\/i0.wp.com\\\/becooltravel.com\\\/wp-content\\\/uploads\\\/sites\\\/5\\\/2020\\\/05\\\/Great_bustard_birdwatching.jpg?fit=1200%2C787&ssl=1\",\"width\":1200,\"height\":787,\"caption\":\"Birdwatching - looking for the Great Bustard\"},{\"@type\":\"BreadcrumbList\",\"@id\":\"https:\\\/\\\/becooltravel.com\\\/product\\\/birding-under-blue-skyes-the-great-bustard-adventure-fly-drive-3201s\\\/#breadcrumb\",\"itemListElement\":[{\"@type\":\"ListItem\",\"position\":1,\"name\":\"Home\",\"item\":\"https:\\\/\\\/becooltravel.com\\\/\"},{\"@type\":\"ListItem\",\"position\":2,\"name\":\"Shop\",\"item\":\"https:\\\/\\\/becooltravel.com\\\/?page_id=5\"},{\"@type\":\"ListItem\",\"position\":3,\"name\":\"Algarve holidays . You can use\u00a0footpaths and walking\u00a0 trails\u00a0to get to know the region, such as the\u00a0Algarve Way\u00a0or the\u00a0Vicentine Route along one of the best preserved coastal stretches.\",\"item\":\"https:\\\/\\\/becooltravel.com\\\/product-tag\\\/algarve\\\/\"},{\"@type\":\"ListItem\",\"position\":4,\"name\":\"Birding Holidays Under Blue Skyes: The Great Bustard Adventure\"}]},{\"@type\":\"WebSite\",\"@id\":\"https:\\\/\\\/becooltravel.com\\\/#website\",\"url\":\"https:\\\/\\\/becooltravel.com\\\/\",\"name\":\"BeCool Travel\",\"description\":\"Sustainable holidays in Portugal for independent travelers\",\"publisher\":{\"@id\":\"https:\\\/\\\/becooltravel.com\\\/#organization\"},\"potentialAction\":[{\"@type\":\"SearchAction\",\"target\":{\"@type\":\"EntryPoint\",\"urlTemplate\":\"https:\\\/\\\/becooltravel.com\\\/?s={search_term_string}\"},\"query-input\":{\"@type\":\"PropertyValueSpecification\",\"valueRequired\":true,\"valueName\":\"search_term_string\"}}],\"inLanguage\":\"de\"},{\"@type\":\"Organization\",\"@id\":\"https:\\\/\\\/becooltravel.com\\\/#organization\",\"name\":\"BecoolTravel. com- Portugal\",\"url\":\"https:\\\/\\\/becooltravel.com\\\/\",\"logo\":{\"@type\":\"ImageObject\",\"inLanguage\":\"de\",\"@id\":\"https:\\\/\\\/becooltravel.com\\\/#\\\/schema\\\/logo\\\/image\\\/\",\"url\":\"https:\\\/\\\/becooltravel.com\\\/wp-content\\\/uploads\\\/sites\\\/5\\\/2020\\\/03\\\/Logo_BeCool.jpg\",\"contentUrl\":\"https:\\\/\\\/becooltravel.com\\\/wp-content\\\/uploads\\\/sites\\\/5\\\/2020\\\/03\\\/Logo_BeCool.jpg\",\"width\":534,\"height\":534,\"caption\":\"BecoolTravel. com- Portugal\"},\"image\":{\"@id\":\"https:\\\/\\\/becooltravel.com\\\/#\\\/schema\\\/logo\\\/image\\\/\"},\"sameAs\":[\"https:\\\/\\\/www.facebook.com\\\/becooltravelagency\\\/\",\"https:\\\/\\\/x.com\\\/becool_travel\",\"https:\\\/\\\/www.instagram.com\\\/becooltravel_com\\\/\",\"https:\\\/\\\/www.linkedin.com\\\/company\\\/becool-travel\\\/\",\"https:\\\/\\\/www.youtube.com\\\/channel\\\/UCE7zRU3EVG1PgfXwQo-5uJw\"]}]}<\/script>\n<!-- \/ Yoast SEO Premium plugin. -->","yoast_head_json":{"title":"Vogelbeobachtungsferien unter blauem Himmel: Das Abenteuer der Gro\u00dftrappe - BeCool Travel","robots":{"index":"index","follow":"follow","max-snippet":"max-snippet:-1","max-image-preview":"max-image-preview:large","max-video-preview":"max-video-preview:-1"},"canonical":"https:\/\/becooltravel.com\/de\/produkt\/birding-under-blue-skyes-the-great-trappe-adventure-fly-drive-3201s\/","og_locale":"de_DE","og_type":"article","og_title":"Birding Holidays Under Blue Skyes: The Great Bustard Adventure","og_description":"Birding Under Blue Skies: The Great Bustard Adventure is a Self-Drive Birdwatching Tour, designed by professional local birders to help you see as much of the avifauna and flora as possible, including the enigmatic Great Bustard! In order to fully enjoy this personalized tour, you\u2019ll be lodged in the heart of Monte Gordo, with easy access to a wealth of bird observation settings, beyond any birder\u2019s life list!","og_url":"https:\/\/becooltravel.com\/de\/produkt\/birding-under-blue-skyes-the-great-trappe-adventure-fly-drive-3201s\/","og_site_name":"BeCool Travel","article_publisher":"https:\/\/www.facebook.com\/becooltravelagency\/","og_image":[{"width":1200,"height":787,"url":"https:\/\/i0.wp.com\/becooltravel.com\/wp-content\/uploads\/sites\/5\/2020\/05\/Great_bustard_birdwatching.jpg?fit=1200%2C787&ssl=1","type":"image\/jpeg"}],"twitter_card":"summary_large_image","twitter_site":"@becool_travel","twitter_misc":{"Gesch\u00e4tzte Lesezeit":"4\u00a0Minuten"},"schema":{"@context":"https:\/\/schema.org","@graph":[{"@type":"WebPage","@id":"https:\/\/becooltravel.com\/product\/birding-under-blue-skyes-the-great-bustard-adventure-fly-drive-3201s\/","url":"https:\/\/becooltravel.com\/product\/birding-under-blue-skyes-the-great-bustard-adventure-fly-drive-3201s\/","name":"Vogelbeobachtungsferien unter blauem Himmel: Das Abenteuer der Gro\u00dftrappe - BeCool Travel","isPartOf":{"@id":"https:\/\/becooltravel.com\/#website"},"primaryImageOfPage":{"@id":"https:\/\/becooltravel.com\/product\/birding-under-blue-skyes-the-great-bustard-adventure-fly-drive-3201s\/#primaryimage"},"image":{"@id":"https:\/\/becooltravel.com\/product\/birding-under-blue-skyes-the-great-bustard-adventure-fly-drive-3201s\/#primaryimage"},"thumbnailUrl":"https:\/\/i0.wp.com\/becooltravel.com\/wp-content\/uploads\/sites\/5\/2020\/05\/Great_bustard_birdwatching.jpg?fit=1200%2C787&ssl=1","datePublished":"2020-03-06T15:03:11+00:00","breadcrumb":{"@id":"https:\/\/becooltravel.com\/product\/birding-under-blue-skyes-the-great-bustard-adventure-fly-drive-3201s\/#breadcrumb"},"inLanguage":"de","potentialAction":[{"@type":"ReadAction","target":["https:\/\/becooltravel.com\/product\/birding-under-blue-skyes-the-great-bustard-adventure-fly-drive-3201s\/"]}]},{"@type":"ImageObject","inLanguage":"de","@id":"https:\/\/becooltravel.com\/product\/birding-under-blue-skyes-the-great-bustard-adventure-fly-drive-3201s\/#primaryimage","url":"https:\/\/i0.wp.com\/becooltravel.com\/wp-content\/uploads\/sites\/5\/2020\/05\/Great_bustard_birdwatching.jpg?fit=1200%2C787&ssl=1","contentUrl":"https:\/\/i0.wp.com\/becooltravel.com\/wp-content\/uploads\/sites\/5\/2020\/05\/Great_bustard_birdwatching.jpg?fit=1200%2C787&ssl=1","width":1200,"height":787,"caption":"Birdwatching - looking for the Great Bustard"},{"@type":"BreadcrumbList","@id":"https:\/\/becooltravel.com\/product\/birding-under-blue-skyes-the-great-bustard-adventure-fly-drive-3201s\/#breadcrumb","itemListElement":[{"@type":"ListItem","position":1,"name":"Home","item":"https:\/\/becooltravel.com\/"},{"@type":"ListItem","position":2,"name":"Shop","item":"https:\/\/becooltravel.com\/?page_id=5"},{"@type":"ListItem","position":3,"name":"Algarve holidays . You can use\u00a0footpaths and walking\u00a0 trails\u00a0to get to know the region, such as the\u00a0Algarve Way\u00a0or the\u00a0Vicentine Route along one of the best preserved coastal stretches.","item":"https:\/\/becooltravel.com\/product-tag\/algarve\/"},{"@type":"ListItem","position":4,"name":"Birding Holidays Under Blue Skyes: The Great Bustard Adventure"}]},{"@type":"WebSite","@id":"https:\/\/becooltravel.com\/#website","url":"https:\/\/becooltravel.com\/","name":"BeCool Travel","description":"Nachhaltiger Urlaub in Portugal f\u00fcr Individualreisende","publisher":{"@id":"https:\/\/becooltravel.com\/#organization"},"potentialAction":[{"@type":"SearchAction","target":{"@type":"EntryPoint","urlTemplate":"https:\/\/becooltravel.com\/?s={search_term_string}"},"query-input":{"@type":"PropertyValueSpecification","valueRequired":true,"valueName":"search_term_string"}}],"inLanguage":"de"},{"@type":"Organization","@id":"https:\/\/becooltravel.com\/#organization","name":"BecoolTravel. com- Portugal","url":"https:\/\/becooltravel.com\/","logo":{"@type":"ImageObject","inLanguage":"de","@id":"https:\/\/becooltravel.com\/#\/schema\/logo\/image\/","url":"https:\/\/becooltravel.com\/wp-content\/uploads\/sites\/5\/2020\/03\/Logo_BeCool.jpg","contentUrl":"https:\/\/becooltravel.com\/wp-content\/uploads\/sites\/5\/2020\/03\/Logo_BeCool.jpg","width":534,"height":534,"caption":"BecoolTravel. com- Portugal"},"image":{"@id":"https:\/\/becooltravel.com\/#\/schema\/logo\/image\/"},"sameAs":["https:\/\/www.facebook.com\/becooltravelagency\/","https:\/\/x.com\/becool_travel","https:\/\/www.instagram.com\/becooltravel_com\/","https:\/\/www.linkedin.com\/company\/becool-travel\/","https:\/\/www.youtube.com\/channel\/UCE7zRU3EVG1PgfXwQo-5uJw"]}]}},"jetpack_sharing_enabled":true,"_links":{"self":[{"href":"https:\/\/becooltravel.com\/de\/wp-json\/wp\/v2\/product\/7832","targetHints":{"allow":["GET"]}}],"collection":[{"href":"https:\/\/becooltravel.com\/de\/wp-json\/wp\/v2\/product"}],"about":[{"href":"https:\/\/becooltravel.com\/de\/wp-json\/wp\/v2\/types\/product"}],"replies":[{"embeddable":true,"href":"https:\/\/becooltravel.com\/de\/wp-json\/wp\/v2\/comments?post=7832"}],"wp:featuredmedia":[{"embeddable":true,"href":"https:\/\/becooltravel.com\/de\/wp-json\/wp\/v2\/media\/4595"}],"wp:attachment":[{"href":"https:\/\/becooltravel.com\/de\/wp-json\/wp\/v2\/media?parent=7832"}],"wp:term":[{"taxonomy":"product_brand","embeddable":true,"href":"https:\/\/becooltravel.com\/de\/wp-json\/wp\/v2\/product_brand?post=7832"},{"taxonomy":"product_cat","embeddable":true,"href":"https:\/\/becooltravel.com\/de\/wp-json\/wp\/v2\/product_cat?post=7832"},{"taxonomy":"product_tag","embeddable":true,"href":"https:\/\/becooltravel.com\/de\/wp-json\/wp\/v2\/product_tag?post=7832"}],"curies":[{"name":"wp","href":"https:\/\/api.w.org\/{rel}","templated":true}]}}