{"id":7936,"date":"2025-08-04T13:36:56","date_gmt":"2025-08-04T13:36:56","guid":{"rendered":"https:\/\/becooltravel.com\/product\/tastes-northern-portugal-galicia-13802g\/"},"modified":"2025-08-05T10:26:02","modified_gmt":"2025-08-05T10:26:02","slug":"tastes-northern-portugal-galicia-13802g","status":"publish","type":"product","link":"https:\/\/becooltravel.com\/de\/produkt\/schmeckt-nordportugal-galizien-13802g\/","title":{"rendered":"Geschm\u00e4cker aus Nordportugal und Galizien"},"content":{"rendered":"<p>Begeben Sie sich auf ein gastronomisches Abenteuer wie kein anderes mit einem herrlichen 7-t\u00e4gigen Urlaub, der das Beste von Vigo in Galicien, Spanien, und Vila Praia de \u00c2ncora in Nordportugal vereint und sich auf das reiche kulinarische Erbe und die erlesenen Weine der Region konzentriert.<\/p>\n<p><img data-recalc-dims=\"1\" decoding=\"async\" class=\"alignnone wp-image-4416 size-large\" src=\"https:\/\/i0.wp.com\/legendatours.net\/wp-content\/uploads\/2025\/08\/Vigo-Rias-1024x683.jpg?resize=1024%2C683&#038;ssl=1\" alt=\"\" width=\"1024\" height=\"683\" \/><\/p>\n<p>Galicien ist ber\u00fchmt f\u00fcr seine G\u00e4rten mit exotischen Bl\u00fctenpflanzen wie Kamelien. Zahlreiche Wege durchziehen die Landschaft und laden zu gem\u00fctlichen Spazierg\u00e4ngen durch W\u00e4lder, Fl\u00fcsse und Weinberge ein. Diese Wege schl\u00e4ngeln sich durch traditionelle D\u00f6rfer, vorbei an alten Kirchen und den charakteristischen \u201eHorreos\u201c (Getreidespeichern auf Stelzen) bis hinunter zur K\u00fcste. Rias sind kleine Ausl\u00e4ufer des Ozeans, die sich in das Land schneiden und so ein perfektes Gleichgewicht schaffen. Dank der Rias bietet diese Region einige der besten Fisch- und Meeresfr\u00fcchtesorten.<\/p>\n<p><img data-recalc-dims=\"1\" decoding=\"async\" class=\"alignnone wp-image-4409 size-large\" src=\"https:\/\/i0.wp.com\/legendatours.net\/wp-content\/uploads\/2025\/08\/Mussels-1024x683.jpg?resize=1024%2C683&#038;ssl=1\" alt=\"\" width=\"1024\" height=\"683\" \/><\/p>\n<p>Beginnen Sie Ihre Reise in Vigo und tauchen Sie ein in die galizische K\u00fcche. Genie\u00dfen Sie k\u00f6stliche Meeresfr\u00fcchte und entdecken Sie die historische Verbindung der Stadt zum Meer. Besuchen Sie die historischen Viertel, bewundern Sie die Sch\u00f6nheit der K\u00fcste zu Fu\u00df und schippern Sie entlang der Ria de Vigo, w\u00e4hrend Sie Muscheln und lokale Weine genie\u00dfen.<\/p>\n<p><img data-recalc-dims=\"1\" decoding=\"async\" class=\"alignnone wp-image-4415 size-large\" src=\"https:\/\/i0.wp.com\/legendatours.net\/wp-content\/uploads\/2025\/08\/Vigo-Old-city-1024x683.jpg?resize=1024%2C683&#038;ssl=1\" alt=\"\" width=\"1024\" height=\"683\" \/><\/p>\n<p>\u00dcberqueren Sie die Grenze nach Nordportugal, wo Vila Praia de \u00c2ncora Sie mit einer Mischung aus K\u00fcstencharme und kulinarischen K\u00f6stlichkeiten begr\u00fc\u00dft. An der atemberaubenden Costa Verde gelegen, ist dies ein ruhigeres, gr\u00fcneres Portugal, ber\u00fchmt f\u00fcr seine Berge, die \u00fcppig gr\u00fcne Landschaft, die wundersch\u00f6nen Str\u00e4nde und den k\u00f6stlichen \u201eVinho Verde\u201c.<\/p>\n<p><img data-recalc-dims=\"1\" decoding=\"async\" class=\"alignnone wp-image-4411 size-large\" src=\"https:\/\/i0.wp.com\/legendatours.net\/wp-content\/uploads\/2025\/08\/Tui-Bridge-1024x683.jpg?resize=1024%2C683&#038;ssl=1\" alt=\"\" width=\"1024\" height=\"683\" \/><\/p>\n<p>Erkunden Sie die Stadt Ponte de Lima und ihre wundersch\u00f6ne Umgebung und folgen Sie den Spuren Tausender Pilger auf ihrem Weg nach Santiago de Compostela durch die kleinen Weiler, die die landwirtschaftliche Landschaft dieser Gegend pr\u00e4gen. Entdecken Sie einen lokalen Weinberg und erfahren Sie mehr \u00fcber die Geschichte und den Geschmack der regionalen Weine Loureiro und Alvarinho.<\/p>\n<p><img data-recalc-dims=\"1\" decoding=\"async\" class=\"alignnone wp-image-4407 size-large\" src=\"https:\/\/i0.wp.com\/legendatours.net\/wp-content\/uploads\/2025\/08\/Green-wine-tasting-1024x683.jpg?resize=1024%2C683&#038;ssl=1\" alt=\"\" width=\"1024\" height=\"683\" \/><\/p>\n<p><img data-recalc-dims=\"1\" decoding=\"async\" class=\"alignnone wp-image-4404 size-large\" src=\"https:\/\/i0.wp.com\/legendatours.net\/wp-content\/uploads\/2025\/08\/Custard-tarts-1024x683.jpg?resize=1024%2C683&#038;ssl=1\" alt=\"\" width=\"1024\" height=\"683\" \/><\/p>\n<p>Entdecken Sie die Hafenstadt Viana do Castelo, Heimat des Museumsschiffs \u201eGil Eanes\u201c, und genie\u00dfen Sie ein Portwein- und Pastel de Nata-Erlebnis in Barcelos, einer Stadt voller Geschichte, Kultur und Kunsthandwerk.<\/p>\n<p><img data-recalc-dims=\"1\" decoding=\"async\" class=\"alignnone wp-image-4414 size-large\" src=\"https:\/\/i0.wp.com\/legendatours.net\/wp-content\/uploads\/2025\/08\/Viana-Castelo-1024x683.jpg?resize=1024%2C683&#038;ssl=1\" alt=\"\" width=\"1024\" height=\"683\" \/><img data-recalc-dims=\"1\" decoding=\"async\" class=\"alignnone wp-image-4402 size-large\" src=\"https:\/\/i0.wp.com\/legendatours.net\/wp-content\/uploads\/2025\/08\/61-1024x683.jpg?resize=1024%2C683&#038;ssl=1\" alt=\"\" width=\"1024\" height=\"683\" \/><\/p>\n<p>W\u00e4hrend Ihrer gesamten Reise werden Sie von der herzlichen Gastfreundschaft und der echten Leidenschaft f\u00fcr Essen und Wein fasziniert sein, die sowohl die Rias von Vigo als auch die portugiesische Costa Verde zu bieten haben.<\/p>\n<p><img data-recalc-dims=\"1\" decoding=\"async\" class=\"alignnone wp-image-4406 size-large\" src=\"https:\/\/i0.wp.com\/legendatours.net\/wp-content\/uploads\/2025\/08\/Galo-de-Barcelos-1-1024x683.jpg?resize=1024%2C683&#038;ssl=1\" alt=\"\" width=\"1024\" height=\"683\" \/><\/p>\n<p>Dieses unvergessliche gastronomische Erlebnis verspricht, Ihren Gaumen zu verw\u00f6hnen und Ihnen sch\u00f6ne Erinnerungen an die k\u00f6stlichen Gen\u00fcsse zweier unterschiedlicher, aber gleicherma\u00dfen bemerkenswerter kulinarischer Reiseziele zu bescheren.<\/p>","protected":false},"excerpt":{"rendered":"<p>Begeben Sie sich auf ein gastronomisches Abenteuer wie kein anderes mit einem herrlichen 7-t\u00e4gigen Urlaub, der das Beste von Vigo in Galicien, Spanien, und Vila Praia de \u00c2ncora in Nordportugal vereint und sich auf das reiche kulinarische Erbe und die erlesenen Weine der Region konzentriert.<\/p>","protected":false},"featured_media":7921,"comment_status":"closed","ping_status":"closed","template":"","meta":{"_acf_changed":false,"inline_featured_image":false},"product_brand":[],"product_cat":[343,356,340,344,345,355],"product_tag":[],"class_list":{"0":"post-7936","1":"product","2":"type-product","3":"status-publish","4":"has-post-thumbnail","6":"product_cat-cultural-tours-and-holidays-in-portugal","7":"product_cat-portugal-gastronomy-and-wines-guided-holidays","8":"product_cat-guided-group-tours","9":"product_cat-guided-sightseeing-holidays-portugal","10":"product_cat-guided-solo-holidays-in-portugal","11":"product_cat-guided-walking-holidays-in-portugal","13":"first","14":"instock","15":"virtual","16":"product-type-simple"},"acf":[],"yoast_head":"<!-- This site is optimized with the Yoast SEO Premium plugin v26.8 (Yoast SEO v27.6) - https:\/\/yoast.com\/product\/yoast-seo-premium-wordpress\/ -->\n<title>Tastes of Northern Portugal and Galicia - BeCool Travel<\/title>\n<meta name=\"robots\" content=\"index, follow, max-snippet:-1, max-image-preview:large, max-video-preview:-1\" \/>\n<link rel=\"canonical\" href=\"https:\/\/becooltravel.com\/de\/produkt\/schmeckt-nordportugal-galizien-13802g\/\" \/>\n<meta property=\"og:locale\" content=\"de_DE\" \/>\n<meta property=\"og:type\" content=\"article\" \/>\n<meta property=\"og:title\" content=\"Tastes of Northern Portugal and Galicia\" \/>\n<meta property=\"og:description\" content=\"Embark on a gastronomic adventure like no other with a delightful 7-night holiday that combines the best of Vigo in Galicia, Spain, and Vila Praia de \u00c2ncora in Northern Portugal, focusing on the region&#039;s rich culinary heritage and exquisite wines.\" \/>\n<meta property=\"og:url\" content=\"https:\/\/becooltravel.com\/de\/produkt\/schmeckt-nordportugal-galizien-13802g\/\" \/>\n<meta property=\"og:site_name\" content=\"BeCool Travel\" \/>\n<meta property=\"article:publisher\" content=\"https:\/\/www.facebook.com\/becooltravelagency\/\" \/>\n<meta property=\"article:modified_time\" content=\"2025-08-05T10:26:02+00:00\" \/>\n<meta property=\"og:image\" content=\"https:\/\/i0.wp.com\/becooltravel.com\/wp-content\/uploads\/sites\/5\/2025\/08\/Galo-de-Barcelos-1.jpg?fit=2048%2C1365&ssl=1\" \/>\n\t<meta property=\"og:image:width\" content=\"2048\" \/>\n\t<meta property=\"og:image:height\" content=\"1365\" \/>\n\t<meta property=\"og:image:type\" content=\"image\/jpeg\" \/>\n<meta name=\"twitter:card\" content=\"summary_large_image\" \/>\n<meta name=\"twitter:site\" content=\"@becool_travel\" \/>\n<meta name=\"twitter:label1\" content=\"Gesch\u00e4tzte Lesezeit\" \/>\n\t<meta name=\"twitter:data1\" content=\"2\u00a0Minuten\" \/>\n<script type=\"application\/ld+json\" class=\"yoast-schema-graph\">{\"@context\":\"https:\\\/\\\/schema.org\",\"@graph\":[{\"@type\":\"WebPage\",\"@id\":\"https:\\\/\\\/becooltravel.com\\\/product\\\/tastes-northern-portugal-galicia-13802g\\\/\",\"url\":\"https:\\\/\\\/becooltravel.com\\\/product\\\/tastes-northern-portugal-galicia-13802g\\\/\",\"name\":\"Tastes of Northern Portugal and Galicia - BeCool Travel\",\"isPartOf\":{\"@id\":\"https:\\\/\\\/becooltravel.com\\\/#website\"},\"primaryImageOfPage\":{\"@id\":\"https:\\\/\\\/becooltravel.com\\\/product\\\/tastes-northern-portugal-galicia-13802g\\\/#primaryimage\"},\"image\":{\"@id\":\"https:\\\/\\\/becooltravel.com\\\/product\\\/tastes-northern-portugal-galicia-13802g\\\/#primaryimage\"},\"thumbnailUrl\":\"https:\\\/\\\/i0.wp.com\\\/becooltravel.com\\\/wp-content\\\/uploads\\\/sites\\\/5\\\/2025\\\/08\\\/Galo-de-Barcelos-1.jpg?fit=2048%2C1365&ssl=1\",\"datePublished\":\"2025-08-04T13:36:56+00:00\",\"dateModified\":\"2025-08-05T10:26:02+00:00\",\"breadcrumb\":{\"@id\":\"https:\\\/\\\/becooltravel.com\\\/product\\\/tastes-northern-portugal-galicia-13802g\\\/#breadcrumb\"},\"inLanguage\":\"de\",\"potentialAction\":[{\"@type\":\"ReadAction\",\"target\":[\"https:\\\/\\\/becooltravel.com\\\/product\\\/tastes-northern-portugal-galicia-13802g\\\/\"]}]},{\"@type\":\"ImageObject\",\"inLanguage\":\"de\",\"@id\":\"https:\\\/\\\/becooltravel.com\\\/product\\\/tastes-northern-portugal-galicia-13802g\\\/#primaryimage\",\"url\":\"https:\\\/\\\/i0.wp.com\\\/becooltravel.com\\\/wp-content\\\/uploads\\\/sites\\\/5\\\/2025\\\/08\\\/Galo-de-Barcelos-1.jpg?fit=2048%2C1365&ssl=1\",\"contentUrl\":\"https:\\\/\\\/i0.wp.com\\\/becooltravel.com\\\/wp-content\\\/uploads\\\/sites\\\/5\\\/2025\\\/08\\\/Galo-de-Barcelos-1.jpg?fit=2048%2C1365&ssl=1\",\"width\":2048,\"height\":1365},{\"@type\":\"BreadcrumbList\",\"@id\":\"https:\\\/\\\/becooltravel.com\\\/product\\\/tastes-northern-portugal-galicia-13802g\\\/#breadcrumb\",\"itemListElement\":[{\"@type\":\"ListItem\",\"position\":1,\"name\":\"Home\",\"item\":\"https:\\\/\\\/becooltravel.com\\\/\"},{\"@type\":\"ListItem\",\"position\":2,\"name\":\"Shop\",\"item\":\"https:\\\/\\\/becooltravel.com\\\/?page_id=5\"},{\"@type\":\"ListItem\",\"position\":3,\"name\":\"Tastes of Northern Portugal and Galicia\"}]},{\"@type\":\"WebSite\",\"@id\":\"https:\\\/\\\/becooltravel.com\\\/#website\",\"url\":\"https:\\\/\\\/becooltravel.com\\\/\",\"name\":\"BeCool Travel\",\"description\":\"Sustainable holidays in Portugal for independent travelers\",\"publisher\":{\"@id\":\"https:\\\/\\\/becooltravel.com\\\/#organization\"},\"potentialAction\":[{\"@type\":\"SearchAction\",\"target\":{\"@type\":\"EntryPoint\",\"urlTemplate\":\"https:\\\/\\\/becooltravel.com\\\/?s={search_term_string}\"},\"query-input\":{\"@type\":\"PropertyValueSpecification\",\"valueRequired\":true,\"valueName\":\"search_term_string\"}}],\"inLanguage\":\"de\"},{\"@type\":\"Organization\",\"@id\":\"https:\\\/\\\/becooltravel.com\\\/#organization\",\"name\":\"BecoolTravel. com- Portugal\",\"url\":\"https:\\\/\\\/becooltravel.com\\\/\",\"logo\":{\"@type\":\"ImageObject\",\"inLanguage\":\"de\",\"@id\":\"https:\\\/\\\/becooltravel.com\\\/#\\\/schema\\\/logo\\\/image\\\/\",\"url\":\"https:\\\/\\\/becooltravel.com\\\/wp-content\\\/uploads\\\/sites\\\/5\\\/2020\\\/03\\\/Logo_BeCool.jpg\",\"contentUrl\":\"https:\\\/\\\/becooltravel.com\\\/wp-content\\\/uploads\\\/sites\\\/5\\\/2020\\\/03\\\/Logo_BeCool.jpg\",\"width\":534,\"height\":534,\"caption\":\"BecoolTravel. com- Portugal\"},\"image\":{\"@id\":\"https:\\\/\\\/becooltravel.com\\\/#\\\/schema\\\/logo\\\/image\\\/\"},\"sameAs\":[\"https:\\\/\\\/www.facebook.com\\\/becooltravelagency\\\/\",\"https:\\\/\\\/x.com\\\/becool_travel\",\"https:\\\/\\\/www.instagram.com\\\/becooltravel_com\\\/\",\"https:\\\/\\\/www.linkedin.com\\\/company\\\/becool-travel\\\/\",\"https:\\\/\\\/www.youtube.com\\\/channel\\\/UCE7zRU3EVG1PgfXwQo-5uJw\"]}]}<\/script>\n<!-- \/ Yoast SEO Premium plugin. -->","yoast_head_json":{"title":"Geschm\u00e4cker aus Nordportugal und Galizien - BeCool Travel","robots":{"index":"index","follow":"follow","max-snippet":"max-snippet:-1","max-image-preview":"max-image-preview:large","max-video-preview":"max-video-preview:-1"},"canonical":"https:\/\/becooltravel.com\/de\/produkt\/schmeckt-nordportugal-galizien-13802g\/","og_locale":"de_DE","og_type":"article","og_title":"Tastes of Northern Portugal and Galicia","og_description":"Embark on a gastronomic adventure like no other with a delightful 7-night holiday that combines the best of Vigo in Galicia, Spain, and Vila Praia de \u00c2ncora in Northern Portugal, focusing on the region's rich culinary heritage and exquisite wines.","og_url":"https:\/\/becooltravel.com\/de\/produkt\/schmeckt-nordportugal-galizien-13802g\/","og_site_name":"BeCool Travel","article_publisher":"https:\/\/www.facebook.com\/becooltravelagency\/","article_modified_time":"2025-08-05T10:26:02+00:00","og_image":[{"width":2048,"height":1365,"url":"https:\/\/i0.wp.com\/becooltravel.com\/wp-content\/uploads\/sites\/5\/2025\/08\/Galo-de-Barcelos-1.jpg?fit=2048%2C1365&ssl=1","type":"image\/jpeg"}],"twitter_card":"summary_large_image","twitter_site":"@becool_travel","twitter_misc":{"Gesch\u00e4tzte Lesezeit":"2\u00a0Minuten"},"schema":{"@context":"https:\/\/schema.org","@graph":[{"@type":"WebPage","@id":"https:\/\/becooltravel.com\/product\/tastes-northern-portugal-galicia-13802g\/","url":"https:\/\/becooltravel.com\/product\/tastes-northern-portugal-galicia-13802g\/","name":"Geschm\u00e4cker aus Nordportugal und Galizien - BeCool Travel","isPartOf":{"@id":"https:\/\/becooltravel.com\/#website"},"primaryImageOfPage":{"@id":"https:\/\/becooltravel.com\/product\/tastes-northern-portugal-galicia-13802g\/#primaryimage"},"image":{"@id":"https:\/\/becooltravel.com\/product\/tastes-northern-portugal-galicia-13802g\/#primaryimage"},"thumbnailUrl":"https:\/\/i0.wp.com\/becooltravel.com\/wp-content\/uploads\/sites\/5\/2025\/08\/Galo-de-Barcelos-1.jpg?fit=2048%2C1365&ssl=1","datePublished":"2025-08-04T13:36:56+00:00","dateModified":"2025-08-05T10:26:02+00:00","breadcrumb":{"@id":"https:\/\/becooltravel.com\/product\/tastes-northern-portugal-galicia-13802g\/#breadcrumb"},"inLanguage":"de","potentialAction":[{"@type":"ReadAction","target":["https:\/\/becooltravel.com\/product\/tastes-northern-portugal-galicia-13802g\/"]}]},{"@type":"ImageObject","inLanguage":"de","@id":"https:\/\/becooltravel.com\/product\/tastes-northern-portugal-galicia-13802g\/#primaryimage","url":"https:\/\/i0.wp.com\/becooltravel.com\/wp-content\/uploads\/sites\/5\/2025\/08\/Galo-de-Barcelos-1.jpg?fit=2048%2C1365&ssl=1","contentUrl":"https:\/\/i0.wp.com\/becooltravel.com\/wp-content\/uploads\/sites\/5\/2025\/08\/Galo-de-Barcelos-1.jpg?fit=2048%2C1365&ssl=1","width":2048,"height":1365},{"@type":"BreadcrumbList","@id":"https:\/\/becooltravel.com\/product\/tastes-northern-portugal-galicia-13802g\/#breadcrumb","itemListElement":[{"@type":"ListItem","position":1,"name":"Home","item":"https:\/\/becooltravel.com\/"},{"@type":"ListItem","position":2,"name":"Shop","item":"https:\/\/becooltravel.com\/?page_id=5"},{"@type":"ListItem","position":3,"name":"Tastes of Northern Portugal and Galicia"}]},{"@type":"WebSite","@id":"https:\/\/becooltravel.com\/#website","url":"https:\/\/becooltravel.com\/","name":"BeCool Travel","description":"Nachhaltiger Urlaub in Portugal f\u00fcr Individualreisende","publisher":{"@id":"https:\/\/becooltravel.com\/#organization"},"potentialAction":[{"@type":"SearchAction","target":{"@type":"EntryPoint","urlTemplate":"https:\/\/becooltravel.com\/?s={search_term_string}"},"query-input":{"@type":"PropertyValueSpecification","valueRequired":true,"valueName":"search_term_string"}}],"inLanguage":"de"},{"@type":"Organization","@id":"https:\/\/becooltravel.com\/#organization","name":"BecoolTravel. com- Portugal","url":"https:\/\/becooltravel.com\/","logo":{"@type":"ImageObject","inLanguage":"de","@id":"https:\/\/becooltravel.com\/#\/schema\/logo\/image\/","url":"https:\/\/becooltravel.com\/wp-content\/uploads\/sites\/5\/2020\/03\/Logo_BeCool.jpg","contentUrl":"https:\/\/becooltravel.com\/wp-content\/uploads\/sites\/5\/2020\/03\/Logo_BeCool.jpg","width":534,"height":534,"caption":"BecoolTravel. com- Portugal"},"image":{"@id":"https:\/\/becooltravel.com\/#\/schema\/logo\/image\/"},"sameAs":["https:\/\/www.facebook.com\/becooltravelagency\/","https:\/\/x.com\/becool_travel","https:\/\/www.instagram.com\/becooltravel_com\/","https:\/\/www.linkedin.com\/company\/becool-travel\/","https:\/\/www.youtube.com\/channel\/UCE7zRU3EVG1PgfXwQo-5uJw"]}]}},"jetpack_sharing_enabled":true,"_links":{"self":[{"href":"https:\/\/becooltravel.com\/de\/wp-json\/wp\/v2\/product\/7936","targetHints":{"allow":["GET"]}}],"collection":[{"href":"https:\/\/becooltravel.com\/de\/wp-json\/wp\/v2\/product"}],"about":[{"href":"https:\/\/becooltravel.com\/de\/wp-json\/wp\/v2\/types\/product"}],"replies":[{"embeddable":true,"href":"https:\/\/becooltravel.com\/de\/wp-json\/wp\/v2\/comments?post=7936"}],"wp:featuredmedia":[{"embeddable":true,"href":"https:\/\/becooltravel.com\/de\/wp-json\/wp\/v2\/media\/7921"}],"wp:attachment":[{"href":"https:\/\/becooltravel.com\/de\/wp-json\/wp\/v2\/media?parent=7936"}],"wp:term":[{"taxonomy":"product_brand","embeddable":true,"href":"https:\/\/becooltravel.com\/de\/wp-json\/wp\/v2\/product_brand?post=7936"},{"taxonomy":"product_cat","embeddable":true,"href":"https:\/\/becooltravel.com\/de\/wp-json\/wp\/v2\/product_cat?post=7936"},{"taxonomy":"product_tag","embeddable":true,"href":"https:\/\/becooltravel.com\/de\/wp-json\/wp\/v2\/product_tag?post=7936"}],"curies":[{"name":"wp","href":"https:\/\/api.w.org\/{rel}","templated":true}]}}