{"id":5889,"date":"2020-12-02T12:29:20","date_gmt":"2020-12-02T12:29:20","guid":{"rendered":"https:\/\/becooltravel.com\/?page_id=5889"},"modified":"2024-11-14T11:42:06","modified_gmt":"2024-11-14T11:42:06","slug":"book-with-confidence","status":"publish","type":"page","link":"https:\/\/becooltravel.com\/fr\/reservez-en-toute-confiance\/","title":{"rendered":"R\u00e9servez en toute confiance"},"content":{"rendered":"<div id=\"fws_6a007979be9c4\"  data-column-margin=\"default\" data-midnight=\"dark\" data-top-percent=\"6%\" data-bottom-percent=\"6%\"  class=\"wpb_row vc_row-fluid vc_row full-width-section vc_row-o-equal-height vc_row-flex vc_row-o-content-middle\"  style=\"padding-top: calc(100vw * 0.06); padding-bottom: calc(100vw * 0.06); \"><div class=\"row-bg-wrap\" data-bg-animation=\"none\" data-bg-animation-delay=\"\" data-bg-overlay=\"true\"><div class=\"inner-wrap row-bg-layer\" ><div class=\"row-bg viewport-desktop\"  style=\"\"><\/div><\/div><div class=\"row-bg-overlay row-bg-layer\" style=\"background: linear-gradient(to bottom,#eaf1fd 0%,rgba(255,255,255,0.001) 75%);  opacity: 1; \"><\/div><\/div><div class=\"row_col_wrap_12 col span_12 dark left\">\n\t<div  class=\"vc_col-sm-12 wpb_column column_container vc_column_container col no-extra-padding inherit_tablet inherit_phone\"  data-padding-pos=\"all\" data-has-bg-color=\"false\" data-bg-color=\"\" data-bg-opacity=\"1\" data-animation=\"\" data-delay=\"0\" >\n\t\t<div class=\"vc_column-inner\" >\n\t\t\t<div class=\"wpb_wrapper\">\n\t\t\t\t\n<div class=\"wpb_text_column wpb_content_element\" >\n\t<h2 style=\"text-align: center;\"><span data-preserver-spaces=\"true\">Vacances nature et services de voyage<\/span><\/h2>\n<p>&nbsp;<\/p>\n<p><span data-preserver-spaces=\"true\">BeCool Travel est sp\u00e9cialis\u00e9 dans les vacances nature, propos\u00e9es par nos partenaires locaux.<\/span><\/p>\n<p><span data-preserver-spaces=\"true\">Nous proposons une gamme de circuits con\u00e7us, d\u00e9velopp\u00e9s et organis\u00e9s par des professionnels sur le terrain par de petits voyagistes locaux, qui pr\u00e9sentent fi\u00e8rement les paysages naturels, la culture et le patrimoine de leur maison.<\/span><\/p>\n<p><span data-preserver-spaces=\"true\">En mettant en relation les voyageurs ind\u00e9pendants avec les voyagistes locaux, nous nous effor\u00e7ons de proposer des moyens de voyager plus \u00e9quitables et plus durables. Il s\u2019agit d\u2019un \u00e9l\u00e9ment fondamental de notre philosophie et de notre approche commerciale, au m\u00eame titre que l\u2019appel \u00e0 la protection de l\u2019environnement et au respect des cultures locales.<\/span><\/p>\n<p><span data-preserver-spaces=\"true\">L&#039;objectif est de faire vivre une exp\u00e9rience positive \u00e0 tous, \u00e0 la fois pour nos clients et pour les personnes dont ils ont appris \u00e0 appr\u00e9cier les paysages, la culture et le style de vie.<\/span><\/p>\n<p><span data-preserver-spaces=\"true\">Avec un voyagiste local, vous d\u00e9couvrez non seulement l&#039;essence de votre destination, mais vous approfondissez \u00e9galement votre appr\u00e9ciation de sa beaut\u00e9, de son importance et de son caract\u00e8re unique.<\/span><\/p>\n<p><span data-preserver-spaces=\"true\">L&#039;\u00e9quipe de BeCool Travel rassemble \u00e9galement tous les services de voyage dont vous avez besoin pour une exp\u00e9rience de vacances compl\u00e8te et enrichissante.<\/span><\/p>\n<p><strong>R\u00e9servez en toute confiance aupr\u00e8s d&#039;entreprises locales de confiance!<\/strong><\/p>\n<p>&nbsp;<\/p>\n<h2 style=\"text-align: left;\"><span data-preserver-spaces=\"true\">Nos produits<\/span><\/h2>\n<p><span data-preserver-spaces=\"true\">Nos vacances nature et culturelles au Portugal couvrent un large \u00e9ventail de styles de circuits, de <a href=\"https:\/\/becooltravel.com\/product-category\/guided-group-tours\/\">Visites en petit groupe<\/a>, <a href=\"https:\/\/becooltravel.com\/self-guided-tours\/\">Vacances autoguid\u00e9es<\/a>, <a href=\"https:\/\/becooltravel.com\/product-category\/self-drive-holidays-portugal\/\">Voyages autonomes<\/a>, <a href=\"https:\/\/becooltravel.com\/product-category\/holiday-packs-tours-portugal\/\">Packs de vacances<\/a>, <a href=\"https:\/\/becooltravel.com\/accommodation\/\">H\u00e9bergement<\/a> options, <a href=\"https:\/\/transfers.booking-portugal.com\/\" target=\"_blank\" rel=\"noopener noreferrer\">Transferts d&#039;a\u00e9roport<\/a> et <a href=\"https:\/\/www.algarvebusrental.com\/\" target=\"_blank\" rel=\"noopener\">Location d&#039;autocar<\/a>.<\/span><\/p>\n<p><span data-preserver-spaces=\"true\">Vous trouverez la s\u00e9lection la plus compl\u00e8te de <a href=\"https:\/\/becooltravel.com\/product-category\/self-guided-tours-portugal\/self-guided-walking-holidays\/\">Vacances \u00e0 pied<\/a>Des promenades touristiques aux sentiers de longue distance, des vacances actives et aventureuses aux balades tranquilles parmi les sites patrimoniaux : nos vacances ont quelque chose \u00e0 offrir \u00e0 chacun !<\/span><\/p>\n<p><span data-preserver-spaces=\"true\">L&#039;\u00e9quipe de BeCool Travel a \u00e9galement s\u00e9lectionn\u00e9 les plus attrayants <a href=\"https:\/\/becooltravel.com\/product-category\/guided-group-tours\/\">Un int\u00e9r\u00eat particulier<\/a> itin\u00e9raires et programmes. Vous avez <a href=\"https:\/\/becooltravel.com\/product-category\/guided-group-tours\/guided-cycling-holidays-portugal\/\">Cyclisme<\/a>, <a href=\"https:\/\/becooltravel.com\/product-category\/guided-group-tours\/portugal-guided-birdwatching-holidays\/\">Observation des oiseaux<\/a>, <a href=\"https:\/\/becooltravel.com\/product-category\/self-guided-tours-portugal\/self-guided-train-holidays-portugal\/\">Vacances en train<\/a>, <a href=\"https:\/\/becooltravel.com\/product-category\/self-guided-tours-portugal\/self-drive-holidays-portugal\/\">Trajets routiers<\/a>, <a href=\"https:\/\/becooltravel.com\/product-category\/guided-group-tours\/portugal-gastronomy-and-wines-guided-holidays\/\">Gastronomie &amp; Vins<\/a>, <a href=\"https:\/\/becooltravel.com\/product-category\/guided-group-tours\/guided-wellness-holidays-in-portugal\/\">Le bien-\u00eatre<\/a>, <a href=\"https:\/\/becooltravel.com\/product-category\/guided-group-tours\/guided-multi-activity-holidays-portugal\/\">Multi-activit\u00e9<\/a>, <a href=\"https:\/\/becooltravel.com\/product-category\/guided-group-tours\/portugal-guided-historical-holidays\/\">Historique<\/a>, <a href=\"https:\/\/becooltravel.com\/product-category\/guided-group-tours\/cultural-tours-and-holidays-in-portugal\/\">Visites culturelles<\/a>, et bien d&#039;autres fa\u00e7ons de <a href=\"https:\/\/becooltravel.com\/shop\/\">explorez et profitez de notre beau pays<\/a>.<\/span><\/p>\n<p><span data-preserver-spaces=\"true\">Pour votre commodit\u00e9 et votre facilit\u00e9, chez BeCool Travel, vous trouvez tous les services de voyage dont vous avez besoin lors de la planification de vos prochaines vacances, assist\u00e9 par une \u00e9quipe passionn\u00e9e.<\/span><\/p>\n<p>Si vous avez une demande particuli\u00e8re ou recherchez un service sur mesure, <a href=\"mailto:mkt@becooltravel.com\">Nous contacter<\/a> et nous le concevrons pour vous.<\/p>\n<h2><\/h2>\n<h2 style=\"text-align: left;\"><span data-preserver-spaces=\"true\">R\u00e9servation en ligne facile<\/span><\/h2>\n<p><span data-preserver-spaces=\"true\">R\u00e9server en ligne ne pourrait pas \u00eatre plus simple. Trouvez simplement les vacances que vous voulez et cliquez sur le bouton \u00abR\u00e9server maintenant\u00bb pour le d\u00e9part choisi. <a href=\"https:\/\/becooltravel.com\/how-to-pay\/\">Suivez les instructions et effectuez un paiement en utilisant notre syst\u00e8me de paiement s\u00e9curis\u00e9<\/a>.\u00a0<\/span><\/p>\n<p><span data-preserver-spaces=\"true\">\u00a0<\/span><\/p>\n<h4 style=\"text-align: left;\">R\u00e9servez en toute confiance ! Travel \u00e9quitable avec BeCool Travel.<\/h4>\n<\/div>\n\n\n\n\n\t\t\t<\/div> \n\t\t<\/div>\n\t<\/div> \n<\/div><\/div>","protected":false},"excerpt":{"rendered":"BeCool, sp\u00e9cialiste des s\u00e9jours nature et des voyages nature, vous propose des s\u00e9jours nature organis\u00e9s par nos partenaires locaux. Nous proposons une gamme de circuits\u2026","protected":false},"author":2,"featured_media":0,"parent":0,"menu_order":0,"comment_status":"closed","ping_status":"closed","template":"","meta":{"_acf_changed":false,"inline_featured_image":false,"footnotes":""},"class_list":["post-5889","page","type-page","status-publish"],"acf":[],"yoast_head":"<!-- This site is optimized with the Yoast SEO Premium plugin v26.8 (Yoast SEO v27.5) - https:\/\/yoast.com\/product\/yoast-seo-premium-wordpress\/ -->\n<title>Book with confidence - BeCool Travel<\/title>\n<meta name=\"description\" content=\"BeCool Travel specialises in nature holidays in Portugal, brought to you by our local partners. Book with Confidence! Travel safe, travel fair, with BeCool Travel.\" \/>\n<meta name=\"robots\" content=\"index, follow, max-snippet:-1, max-image-preview:large, max-video-preview:-1\" \/>\n<link rel=\"canonical\" href=\"https:\/\/becooltravel.com\/fr\/reservez-en-toute-confiance\/\" \/>\n<meta property=\"og:locale\" content=\"fr_FR\" \/>\n<meta property=\"og:type\" content=\"article\" \/>\n<meta property=\"og:title\" content=\"Book with confidence\" \/>\n<meta property=\"og:description\" content=\"BeCool Travel specialises in nature holidays in Portugal, brought to you by our local partners. Book with Confidence! Travel safe, travel fair, with BeCool Travel.\" \/>\n<meta property=\"og:url\" content=\"https:\/\/becooltravel.com\/fr\/reservez-en-toute-confiance\/\" \/>\n<meta property=\"og:site_name\" content=\"BeCool Travel\" \/>\n<meta property=\"article:publisher\" content=\"https:\/\/www.facebook.com\/becooltravelagency\/\" \/>\n<meta property=\"article:modified_time\" content=\"2024-11-14T11:42:06+00:00\" \/>\n<meta name=\"twitter:card\" content=\"summary_large_image\" \/>\n<meta name=\"twitter:site\" content=\"@becool_travel\" \/>\n<meta name=\"twitter:label1\" content=\"Dur\u00e9e de lecture estim\u00e9e\" \/>\n\t<meta name=\"twitter:data1\" content=\"3 minutes\" \/>\n<script type=\"application\/ld+json\" class=\"yoast-schema-graph\">{\"@context\":\"https:\\\/\\\/schema.org\",\"@graph\":[{\"@type\":\"WebPage\",\"@id\":\"https:\\\/\\\/becooltravel.com\\\/book-with-confidence\\\/\",\"url\":\"https:\\\/\\\/becooltravel.com\\\/book-with-confidence\\\/\",\"name\":\"Book with confidence - BeCool Travel\",\"isPartOf\":{\"@id\":\"https:\\\/\\\/becooltravel.com\\\/#website\"},\"datePublished\":\"2020-12-02T12:29:20+00:00\",\"dateModified\":\"2024-11-14T11:42:06+00:00\",\"description\":\"BeCool Travel specialises in nature holidays in Portugal, brought to you by our local partners. Book with Confidence! Travel safe, travel fair, with BeCool Travel.\",\"breadcrumb\":{\"@id\":\"https:\\\/\\\/becooltravel.com\\\/book-with-confidence\\\/#breadcrumb\"},\"inLanguage\":\"fr-FR\",\"potentialAction\":[{\"@type\":\"ReadAction\",\"target\":[\"https:\\\/\\\/becooltravel.com\\\/book-with-confidence\\\/\"]}]},{\"@type\":\"BreadcrumbList\",\"@id\":\"https:\\\/\\\/becooltravel.com\\\/book-with-confidence\\\/#breadcrumb\",\"itemListElement\":[{\"@type\":\"ListItem\",\"position\":1,\"name\":\"Home\",\"item\":\"https:\\\/\\\/becooltravel.com\\\/\"},{\"@type\":\"ListItem\",\"position\":2,\"name\":\"Book with confidence\"}]},{\"@type\":\"WebSite\",\"@id\":\"https:\\\/\\\/becooltravel.com\\\/#website\",\"url\":\"https:\\\/\\\/becooltravel.com\\\/\",\"name\":\"BeCool Travel\",\"description\":\"Sustainable holidays in Portugal for independent travelers\",\"publisher\":{\"@id\":\"https:\\\/\\\/becooltravel.com\\\/#organization\"},\"potentialAction\":[{\"@type\":\"SearchAction\",\"target\":{\"@type\":\"EntryPoint\",\"urlTemplate\":\"https:\\\/\\\/becooltravel.com\\\/?s={search_term_string}\"},\"query-input\":{\"@type\":\"PropertyValueSpecification\",\"valueRequired\":true,\"valueName\":\"search_term_string\"}}],\"inLanguage\":\"fr-FR\"},{\"@type\":\"Organization\",\"@id\":\"https:\\\/\\\/becooltravel.com\\\/#organization\",\"name\":\"BecoolTravel. com- Portugal\",\"url\":\"https:\\\/\\\/becooltravel.com\\\/\",\"logo\":{\"@type\":\"ImageObject\",\"inLanguage\":\"fr-FR\",\"@id\":\"https:\\\/\\\/becooltravel.com\\\/#\\\/schema\\\/logo\\\/image\\\/\",\"url\":\"https:\\\/\\\/becooltravel.com\\\/wp-content\\\/uploads\\\/sites\\\/5\\\/2020\\\/03\\\/Logo_BeCool.jpg\",\"contentUrl\":\"https:\\\/\\\/becooltravel.com\\\/wp-content\\\/uploads\\\/sites\\\/5\\\/2020\\\/03\\\/Logo_BeCool.jpg\",\"width\":534,\"height\":534,\"caption\":\"BecoolTravel. com- Portugal\"},\"image\":{\"@id\":\"https:\\\/\\\/becooltravel.com\\\/#\\\/schema\\\/logo\\\/image\\\/\"},\"sameAs\":[\"https:\\\/\\\/www.facebook.com\\\/becooltravelagency\\\/\",\"https:\\\/\\\/x.com\\\/becool_travel\",\"https:\\\/\\\/www.instagram.com\\\/becooltravel_com\\\/\",\"https:\\\/\\\/www.linkedin.com\\\/company\\\/becool-travel\\\/\",\"https:\\\/\\\/www.youtube.com\\\/channel\\\/UCE7zRU3EVG1PgfXwQo-5uJw\"]}]}<\/script>\n<!-- \/ Yoast SEO Premium plugin. -->","yoast_head_json":{"title":"R\u00e9servez en toute confiance - BeCool Travel","description":"BeCool Travel est sp\u00e9cialis\u00e9 dans les vacances nature au Portugal, propos\u00e9es par nos partenaires locaux. R\u00e9servez en toute confiance! Voyagez en toute s\u00e9curit\u00e9, voyagez \u00e9quitablement, avec BeCool Travel.","robots":{"index":"index","follow":"follow","max-snippet":"max-snippet:-1","max-image-preview":"max-image-preview:large","max-video-preview":"max-video-preview:-1"},"canonical":"https:\/\/becooltravel.com\/fr\/reservez-en-toute-confiance\/","og_locale":"fr_FR","og_type":"article","og_title":"Book with confidence","og_description":"BeCool Travel specialises in nature holidays in Portugal, brought to you by our local partners. Book with Confidence! Travel safe, travel fair, with BeCool Travel.","og_url":"https:\/\/becooltravel.com\/fr\/reservez-en-toute-confiance\/","og_site_name":"BeCool Travel","article_publisher":"https:\/\/www.facebook.com\/becooltravelagency\/","article_modified_time":"2024-11-14T11:42:06+00:00","twitter_card":"summary_large_image","twitter_site":"@becool_travel","twitter_misc":{"Dur\u00e9e de lecture estim\u00e9e":"3 minutes"},"schema":{"@context":"https:\/\/schema.org","@graph":[{"@type":"WebPage","@id":"https:\/\/becooltravel.com\/book-with-confidence\/","url":"https:\/\/becooltravel.com\/book-with-confidence\/","name":"R\u00e9servez en toute confiance - BeCool Travel","isPartOf":{"@id":"https:\/\/becooltravel.com\/#website"},"datePublished":"2020-12-02T12:29:20+00:00","dateModified":"2024-11-14T11:42:06+00:00","description":"BeCool Travel est sp\u00e9cialis\u00e9 dans les vacances nature au Portugal, propos\u00e9es par nos partenaires locaux. R\u00e9servez en toute confiance! Voyagez en toute s\u00e9curit\u00e9, voyagez \u00e9quitablement, avec BeCool Travel.","breadcrumb":{"@id":"https:\/\/becooltravel.com\/book-with-confidence\/#breadcrumb"},"inLanguage":"fr-FR","potentialAction":[{"@type":"ReadAction","target":["https:\/\/becooltravel.com\/book-with-confidence\/"]}]},{"@type":"BreadcrumbList","@id":"https:\/\/becooltravel.com\/book-with-confidence\/#breadcrumb","itemListElement":[{"@type":"ListItem","position":1,"name":"Home","item":"https:\/\/becooltravel.com\/"},{"@type":"ListItem","position":2,"name":"Book with confidence"}]},{"@type":"WebSite","@id":"https:\/\/becooltravel.com\/#website","url":"https:\/\/becooltravel.com\/","name":"Voyage BeCool","description":"Des vacances durables au Portugal pour les voyageurs ind\u00e9pendants","publisher":{"@id":"https:\/\/becooltravel.com\/#organization"},"potentialAction":[{"@type":"SearchAction","target":{"@type":"EntryPoint","urlTemplate":"https:\/\/becooltravel.com\/?s={search_term_string}"},"query-input":{"@type":"PropertyValueSpecification","valueRequired":true,"valueName":"search_term_string"}}],"inLanguage":"fr-FR"},{"@type":"Organization","@id":"https:\/\/becooltravel.com\/#organization","name":"BecoolTravel. com- Portugal","url":"https:\/\/becooltravel.com\/","logo":{"@type":"ImageObject","inLanguage":"fr-FR","@id":"https:\/\/becooltravel.com\/#\/schema\/logo\/image\/","url":"https:\/\/becooltravel.com\/wp-content\/uploads\/sites\/5\/2020\/03\/Logo_BeCool.jpg","contentUrl":"https:\/\/becooltravel.com\/wp-content\/uploads\/sites\/5\/2020\/03\/Logo_BeCool.jpg","width":534,"height":534,"caption":"BecoolTravel. com- Portugal"},"image":{"@id":"https:\/\/becooltravel.com\/#\/schema\/logo\/image\/"},"sameAs":["https:\/\/www.facebook.com\/becooltravelagency\/","https:\/\/x.com\/becool_travel","https:\/\/www.instagram.com\/becooltravel_com\/","https:\/\/www.linkedin.com\/company\/becool-travel\/","https:\/\/www.youtube.com\/channel\/UCE7zRU3EVG1PgfXwQo-5uJw"]}]}},"jetpack_sharing_enabled":true,"_links":{"self":[{"href":"https:\/\/becooltravel.com\/fr\/wp-json\/wp\/v2\/pages\/5889","targetHints":{"allow":["GET"]}}],"collection":[{"href":"https:\/\/becooltravel.com\/fr\/wp-json\/wp\/v2\/pages"}],"about":[{"href":"https:\/\/becooltravel.com\/fr\/wp-json\/wp\/v2\/types\/page"}],"author":[{"embeddable":true,"href":"https:\/\/becooltravel.com\/fr\/wp-json\/wp\/v2\/users\/2"}],"replies":[{"embeddable":true,"href":"https:\/\/becooltravel.com\/fr\/wp-json\/wp\/v2\/comments?post=5889"}],"version-history":[{"count":2,"href":"https:\/\/becooltravel.com\/fr\/wp-json\/wp\/v2\/pages\/5889\/revisions"}],"predecessor-version":[{"id":7579,"href":"https:\/\/becooltravel.com\/fr\/wp-json\/wp\/v2\/pages\/5889\/revisions\/7579"}],"wp:attachment":[{"href":"https:\/\/becooltravel.com\/fr\/wp-json\/wp\/v2\/media?parent=5889"}],"curies":[{"name":"wp","href":"https:\/\/api.w.org\/{rel}","templated":true}]}}