{"id":3723,"date":"2020-03-09T12:20:15","date_gmt":"2020-03-09T12:20:15","guid":{"rendered":"https:\/\/becooltravel.com\/product\/explore-tavira-11-days-11300pk\/"},"modified":"2026-03-18T13:36:17","modified_gmt":"2026-03-18T13:36:17","slug":"explore-tavira-11-days-11300pk","status":"publish","type":"product","link":"https:\/\/becooltravel.com\/fr\/produit\/explore-tavira-11-days-11300pk\/","title":{"rendered":"Explorez Tavira"},"content":{"rendered":"<p>Tavira est une charmante ville de l&#039;est de l&#039;Algarve, non loin de la fronti\u00e8re avec l&#039;Espagne.<\/p>\n<p>Situ\u00e9 au bord de la rivi\u00e8re Gil\u00e3o, \u00e0 c\u00f4t\u00e9 de la Ria Formosa et d&#039;une plage de 13 km de long, Tavira est une retraite relaxante !<\/p>\n<p>La ville pr\u00e9sente un attrait portugais s\u00e9duisant, avec des murs blancs \u00e9clatants, de fines tuiles azulejos et des vagues de toits triangulaires.<\/p>\n<div id=\"attachment_1787\" style=\"width: 810px\" class=\"wp-caption alignnone\"><img data-recalc-dims=\"1\" decoding=\"async\" aria-describedby=\"caption-attachment-1787\" class=\"size-full wp-image-1787\" src=\"https:\/\/i0.wp.com\/legendatours.net\/wp-content\/uploads\/2020\/03\/Gilao-river-in-Tavira.jpg?resize=800%2C1196&#038;ssl=1\" alt=\"Rivi\u00e8re Gilao \u00e0 Tavira\" width=\"800\" height=\"1196\" \/><p id=\"caption-attachment-1787\" class=\"wp-caption-text\">Rivi\u00e8re Gilao \u00e0 Tavira<\/p><\/div>\n<p>Le long des rues calmes, des couches d&#039;histoire peuvent \u00eatre observ\u00e9es, des portes d\u00e9cor\u00e9es de motifs islamiques aux fioritures baroques.<\/p>\n<p>Depuis les ruines du ch\u00e2teau, entour\u00e9 de lauriers roses, de jacarandas et de bougainvilliers, vous b\u00e9n\u00e9ficiez d&#039;une vue privil\u00e9gi\u00e9e sur les toits typiques de la ville et ses plus de 30 \u00e9glises.<\/p>\n<p>En prenant un bateau depuis le port de p\u00eache anim\u00e9, vous quittez la rivi\u00e8re pour traverser le chenal principal de la lagune de Ria Formosa, une riche r\u00e9serve naturelle d&#039;une beaut\u00e9 exceptionnelle, parfaite pour l&#039;observation des oiseaux et de la nature.<\/p>\n<p>Le ferry termine son court voyage sur l&#039;une des plus belles plages du monde, l&#039;\u00eele de Tavira. Pr\u00e9parez-vous \u00e0 des kilom\u00e8tres de sable dor\u00e9 et d&#039;eaux turquoises, r\u00e9compens\u00e9s par un drapeau bleu.<\/p>\n<div id=\"attachment_2496\" style=\"width: 1034px\" class=\"wp-caption alignnone\"><img data-recalc-dims=\"1\" decoding=\"async\" aria-describedby=\"caption-attachment-2496\" class=\"wp-image-2496 size-large\" src=\"https:\/\/i0.wp.com\/legendatours.net\/wp-content\/uploads\/2020\/03\/Tavira_river_Gilao-1024x683.jpg?resize=1024%2C683&#038;ssl=1\" alt=\"Tavira, rivi\u00e8re Gilao\" width=\"1024\" height=\"683\" \/><p id=\"caption-attachment-2496\" class=\"wp-caption-text\">Tavira, rivi\u00e8re Gilao<\/p><\/div>\n<p>Avec seulement quelques restaurants et bars, c&#039;est une plage paisible et s\u00fbre.<\/p>\n<p>Aux alentours, \u00e0 une courte distance, vous pourrez profiter d&#039;un paysage et d&#039;un mode de vie compl\u00e8tement diff\u00e9rents, marqu\u00e9s par des champs d&#039;orangers, charg\u00e9s du parfum des fleurs.<\/p>\n<p>Des maisons blanches \u00e9parses avec des chemin\u00e9es en dentelle montrent un Algarve d\u00e9cal\u00e9, o\u00f9 les aigles planent.<\/p>\n<p>Et \u00e9tant au Portugal, vous savez que vous aurez droit \u00e0 une excellente cuisine et \u00e0 d&#039;excellents vins.<\/p>\n<div id=\"attachment_2024\" style=\"width: 1034px\" class=\"wp-caption alignnone\"><img data-recalc-dims=\"1\" decoding=\"async\" aria-describedby=\"caption-attachment-2024\" class=\"wp-image-2024 size-large\" src=\"https:\/\/i0.wp.com\/legendatours.net\/wp-content\/uploads\/2020\/03\/Fishing-boats-Tavira-1024x720.jpg?resize=1024%2C720&#038;ssl=1\" alt=\"Bateaux de p\u00eache \u00e0 Tavira\" width=\"1024\" height=\"720\" \/><p id=\"caption-attachment-2024\" class=\"wp-caption-text\">. C&#039;est des bateaux de p\u00eache \u00e0 Tavira<\/p><\/div>\n<p>\u00c0 Tavira, il y a une combinaison d&#039;ingr\u00e9dients de la c\u00f4te et de la campagne. De la mer, viennent les poissons et fruits de mer les plus frais, cuisin\u00e9s avec simplicit\u00e9 et respect, accompagn\u00e9s de salades assaisonn\u00e9es avec l&#039;une des meilleures huiles d&#039;olive au monde.<\/p>\n<p>Si vous \u00eates amateur de viande, vous ne serez pas d\u00e9\u00e7u, avec des rago\u00fbts et des grillades.<\/p>\n<p>Et les bonbons sont un m\u00e9lange exquis d&#039;amandes, de figues, de miel et de caroubes, abondants dans la r\u00e9gion.<\/p>\n<p>\u00c0 Tavira, vous passerez s\u00fbrement un moment de d\u00e9tente, avec du patrimoine, de la nature, des plages magnifiques et des activit\u00e9s amusantes !<\/p>","protected":false},"excerpt":{"rendered":"<p>Tavira est une charmante ville de l&#039;est de l&#039;Algarve, non loin de la fronti\u00e8re avec l&#039;Espagne.<\/p>\n<p>Situ\u00e9 au bord de la rivi\u00e8re Gil\u00e3o, \u00e0 c\u00f4t\u00e9 de la Ria Formosa et d&#039;une plage de 13 km de long, Tavira est une retraite relaxante !<\/p>\n<p>La ville pr\u00e9sente un attrait portugais s\u00e9duisant, avec des murs blancs \u00e9clatants, de fines tuiles azulejos et des vagues de toits triangulaires.<\/p>","protected":false},"featured_media":4634,"comment_status":"closed","ping_status":"closed","template":"","meta":{"_acf_changed":false,"inline_featured_image":false},"product_brand":[],"product_cat":[330,329],"product_tag":[651,652,311,653,296,121,654,655,244,656,291,657,478,58,83,494,658,659,622,136,471,252,660,138,371],"class_list":{"0":"post-3723","1":"product","2":"type-product","3":"status-publish","4":"has-post-thumbnail","6":"product_cat-explore-11-days-tour-portugal","7":"product_cat-holiday-packs-tours-portugal","8":"product_tag--transfers-from-faro-airport","9":"product_tag-4-aguas","10":"product_tag-algarve","11":"product_tag-barril-beach","12":"product_tag-beaches","13":"product_tag-bird-watching","14":"product_tag-boat-in-tavira","15":"product_tag-boat-in-tavira-docks","16":"product_tag-coastal-algarve","17":"product_tag-fishing-village","18":"product_tag-flamingos","19":"product_tag-medieval-castle","20":"product_tag-natural-park","21":"product_tag-portugal","22":"product_tag-portugal-great-food-and-wine","23":"product_tag-ria-formosa","24":"product_tag-ria-formosa-boat-tour","25":"product_tag-salt-from-the-reservoirs","26":"product_tag-sandy-beach","27":"product_tag-santa-luzia","28":"product_tag-spoonbills","29":"product_tag-tavira","30":"product_tag-tavira-castle","31":"product_tag-tavira-island","32":"product_tag-wading-birds","34":"first","35":"instock","36":"virtual","37":"product-type-simple"},"acf":[],"yoast_head":"<!-- This site is optimized with the Yoast SEO Premium plugin v26.8 (Yoast SEO v27.4) - https:\/\/yoast.com\/product\/yoast-seo-premium-wordpress\/ -->\n<title>Explore Tavira<\/title>\n<meta name=\"description\" content=\"Tavira a charming town in the Algarve, Set in the margins of the Ria Formosa and an eight-mile-long beach, Tavira is a relaxing retreat!\" \/>\n<meta name=\"robots\" content=\"index, follow, max-snippet:-1, max-image-preview:large, max-video-preview:-1\" \/>\n<link rel=\"canonical\" href=\"https:\/\/becooltravel.com\/fr\/produit\/explore-tavira-11-days-11300pk\/\" \/>\n<meta property=\"og:locale\" content=\"fr_FR\" \/>\n<meta property=\"og:type\" content=\"article\" \/>\n<meta property=\"og:title\" content=\"Tavira a Tranquil countryside landscape nearby, off the beaten path\" \/>\n<meta property=\"og:description\" content=\"In the surroundings, within a short distance, you can enjoy a completely different landscape and ways of life, marked by fields of orange trees, heavy with the scent of blossom.Scattered white houses with lacy chimneys show an off-beat Algarve, where eagles soar.Being in Portugal, you know that you\u2019ll be treated with excellent food and wine.\" \/>\n<meta property=\"og:url\" content=\"https:\/\/becooltravel.com\/fr\/produit\/explore-tavira-11-days-11300pk\/\" \/>\n<meta property=\"og:site_name\" content=\"BeCool Travel\" \/>\n<meta property=\"article:publisher\" content=\"https:\/\/www.facebook.com\/becooltravelagency\/\" \/>\n<meta property=\"article:modified_time\" content=\"2026-03-18T13:36:17+00:00\" \/>\n<meta property=\"og:image\" content=\"https:\/\/becooltravel.com\/wp-content\/uploads\/sites\/5\/2020\/05\/Fishing-boat-in-gilao-river-Tavira.jpg\" \/>\n\t<meta property=\"og:image:width\" content=\"800\" \/>\n\t<meta property=\"og:image:height\" content=\"1196\" \/>\n\t<meta property=\"og:image:type\" content=\"image\/jpeg\" \/>\n<meta name=\"twitter:card\" content=\"summary_large_image\" \/>\n<meta name=\"twitter:title\" content=\"Tavira Ria Formosa Nature Reserve, great for birdwatching, nature observation, and fun boat tours\" \/>\n<meta name=\"twitter:description\" content=\"The town shows an alluring Portuguese appeal, with crisp white walls, fine azulejo tiles, and waves of triangular roofs.Along the quiet streets, layers of history can be witnessed, from doorways decorated with Islamic motifs to Baroque flourishes.From the ruins of the Castle, surrounded by oleanders, jacarandas, and bougainvillaea\u2019s, you get a privileged view of the town\u2019s typical roofs and its over 30 churches.Taking a boat from the bustling fishing port, you exit the river to cross the main channel of the Ria Formosa lagoon, a rich nature reserve of exceptional beauty, perfect for birdwatching and nature observation.\" \/>\n<meta name=\"twitter:image\" content=\"https:\/\/i0.wp.com\/becooltravel.com\/wp-content\/uploads\/sites\/5\/2020\/05\/Fishing-boats-Tavira.jpg?fit=1137%2C800&ssl=1\" \/>\n<meta name=\"twitter:site\" content=\"@becool_travel\" \/>\n<meta name=\"twitter:label1\" content=\"Dur\u00e9e de lecture estim\u00e9e\" \/>\n\t<meta name=\"twitter:data1\" content=\"3 minutes\" \/>\n<script type=\"application\/ld+json\" class=\"yoast-schema-graph\">{\"@context\":\"https:\\\/\\\/schema.org\",\"@graph\":[{\"@type\":[\"WebPage\",\"ItemPage\"],\"@id\":\"https:\\\/\\\/becooltravel.com\\\/product\\\/explore-tavira-11-days-11300pk\\\/\",\"url\":\"https:\\\/\\\/becooltravel.com\\\/product\\\/explore-tavira-11-days-11300pk\\\/\",\"name\":\"Explore Tavira\",\"isPartOf\":{\"@id\":\"https:\\\/\\\/becooltravel.com\\\/#website\"},\"primaryImageOfPage\":{\"@id\":\"https:\\\/\\\/becooltravel.com\\\/product\\\/explore-tavira-11-days-11300pk\\\/#primaryimage\"},\"image\":{\"@id\":\"https:\\\/\\\/becooltravel.com\\\/product\\\/explore-tavira-11-days-11300pk\\\/#primaryimage\"},\"thumbnailUrl\":\"https:\\\/\\\/i0.wp.com\\\/becooltravel.com\\\/wp-content\\\/uploads\\\/sites\\\/5\\\/2020\\\/05\\\/Amazing-and-relax-island-Tavira-beach.jpg?fit=1065%2C800&ssl=1\",\"datePublished\":\"2020-03-09T12:20:15+00:00\",\"dateModified\":\"2026-03-18T13:36:17+00:00\",\"description\":\"Tavira a charming town in the Algarve, Set in the margins of the Ria Formosa and an eight-mile-long beach, Tavira is a relaxing retreat!\",\"breadcrumb\":{\"@id\":\"https:\\\/\\\/becooltravel.com\\\/product\\\/explore-tavira-11-days-11300pk\\\/#breadcrumb\"},\"inLanguage\":\"fr-FR\",\"potentialAction\":[{\"@type\":\"ReadAction\",\"target\":[\"https:\\\/\\\/becooltravel.com\\\/product\\\/explore-tavira-11-days-11300pk\\\/\"]}]},{\"@type\":\"ImageObject\",\"inLanguage\":\"fr-FR\",\"@id\":\"https:\\\/\\\/becooltravel.com\\\/product\\\/explore-tavira-11-days-11300pk\\\/#primaryimage\",\"url\":\"https:\\\/\\\/i0.wp.com\\\/becooltravel.com\\\/wp-content\\\/uploads\\\/sites\\\/5\\\/2020\\\/05\\\/Amazing-and-relax-island-Tavira-beach.jpg?fit=1065%2C800&ssl=1\",\"contentUrl\":\"https:\\\/\\\/i0.wp.com\\\/becooltravel.com\\\/wp-content\\\/uploads\\\/sites\\\/5\\\/2020\\\/05\\\/Amazing-and-relax-island-Tavira-beach.jpg?fit=1065%2C800&ssl=1\",\"width\":1065,\"height\":800,\"caption\":\"Tavira Island\"},{\"@type\":\"BreadcrumbList\",\"@id\":\"https:\\\/\\\/becooltravel.com\\\/product\\\/explore-tavira-11-days-11300pk\\\/#breadcrumb\",\"itemListElement\":[{\"@type\":\"ListItem\",\"position\":1,\"name\":\"Home\",\"item\":\"https:\\\/\\\/becooltravel.com\\\/\"},{\"@type\":\"ListItem\",\"position\":2,\"name\":\"Shop\",\"item\":\"https:\\\/\\\/becooltravel.com\\\/?page_id=5\"},{\"@type\":\"ListItem\",\"position\":3,\"name\":\"\u2022 Transfers from Faro airport\",\"item\":\"https:\\\/\\\/becooltravel.com\\\/product-tag\\\/%e2%80%a2-transfers-from-faro-airport\\\/\"},{\"@type\":\"ListItem\",\"position\":4,\"name\":\"Algarve Picturesque fishermen villages\"}]},{\"@type\":\"WebSite\",\"@id\":\"https:\\\/\\\/becooltravel.com\\\/#website\",\"url\":\"https:\\\/\\\/becooltravel.com\\\/\",\"name\":\"BeCool Travel\",\"description\":\"Sustainable holidays in Portugal for independent travelers\",\"publisher\":{\"@id\":\"https:\\\/\\\/becooltravel.com\\\/#organization\"},\"potentialAction\":[{\"@type\":\"SearchAction\",\"target\":{\"@type\":\"EntryPoint\",\"urlTemplate\":\"https:\\\/\\\/becooltravel.com\\\/?s={search_term_string}\"},\"query-input\":{\"@type\":\"PropertyValueSpecification\",\"valueRequired\":true,\"valueName\":\"search_term_string\"}}],\"inLanguage\":\"fr-FR\"},{\"@type\":\"Organization\",\"@id\":\"https:\\\/\\\/becooltravel.com\\\/#organization\",\"name\":\"BecoolTravel. com- Portugal\",\"url\":\"https:\\\/\\\/becooltravel.com\\\/\",\"logo\":{\"@type\":\"ImageObject\",\"inLanguage\":\"fr-FR\",\"@id\":\"https:\\\/\\\/becooltravel.com\\\/#\\\/schema\\\/logo\\\/image\\\/\",\"url\":\"https:\\\/\\\/becooltravel.com\\\/wp-content\\\/uploads\\\/sites\\\/5\\\/2020\\\/03\\\/Logo_BeCool.jpg\",\"contentUrl\":\"https:\\\/\\\/becooltravel.com\\\/wp-content\\\/uploads\\\/sites\\\/5\\\/2020\\\/03\\\/Logo_BeCool.jpg\",\"width\":534,\"height\":534,\"caption\":\"BecoolTravel. com- Portugal\"},\"image\":{\"@id\":\"https:\\\/\\\/becooltravel.com\\\/#\\\/schema\\\/logo\\\/image\\\/\"},\"sameAs\":[\"https:\\\/\\\/www.facebook.com\\\/becooltravelagency\\\/\",\"https:\\\/\\\/x.com\\\/becool_travel\",\"https:\\\/\\\/www.instagram.com\\\/becooltravel_com\\\/\",\"https:\\\/\\\/www.linkedin.com\\\/company\\\/becool-travel\\\/\",\"https:\\\/\\\/www.youtube.com\\\/channel\\\/UCE7zRU3EVG1PgfXwQo-5uJw\"]}]}<\/script>\n<!-- \/ Yoast SEO Premium plugin. -->","yoast_head_json":{"title":"Explorez Tavira","description":"Tavira, une charmante ville de l&#039;Algarve, situ\u00e9e en bordure de la Ria Formosa et d&#039;une plage de 13 km de long, Tavira est une retraite relaxante !","robots":{"index":"index","follow":"follow","max-snippet":"max-snippet:-1","max-image-preview":"max-image-preview:large","max-video-preview":"max-video-preview:-1"},"canonical":"https:\/\/becooltravel.com\/fr\/produit\/explore-tavira-11-days-11300pk\/","og_locale":"fr_FR","og_type":"article","og_title":"Tavira a Tranquil countryside landscape nearby, off the beaten path","og_description":"In the surroundings, within a short distance, you can enjoy a completely different landscape and ways of life, marked by fields of orange trees, heavy with the scent of blossom.Scattered white houses with lacy chimneys show an off-beat Algarve, where eagles soar.Being in Portugal, you know that you\u2019ll be treated with excellent food and wine.","og_url":"https:\/\/becooltravel.com\/fr\/produit\/explore-tavira-11-days-11300pk\/","og_site_name":"BeCool Travel","article_publisher":"https:\/\/www.facebook.com\/becooltravelagency\/","article_modified_time":"2026-03-18T13:36:17+00:00","og_image":[{"width":800,"height":1196,"url":"https:\/\/becooltravel.com\/wp-content\/uploads\/sites\/5\/2020\/05\/Fishing-boat-in-gilao-river-Tavira.jpg","type":"image\/jpeg"}],"twitter_card":"summary_large_image","twitter_title":"Tavira Ria Formosa Nature Reserve, great for birdwatching, nature observation, and fun boat tours","twitter_description":"The town shows an alluring Portuguese appeal, with crisp white walls, fine azulejo tiles, and waves of triangular roofs.Along the quiet streets, layers of history can be witnessed, from doorways decorated with Islamic motifs to Baroque flourishes.From the ruins of the Castle, surrounded by oleanders, jacarandas, and bougainvillaea\u2019s, you get a privileged view of the town\u2019s typical roofs and its over 30 churches.Taking a boat from the bustling fishing port, you exit the river to cross the main channel of the Ria Formosa lagoon, a rich nature reserve of exceptional beauty, perfect for birdwatching and nature observation.","twitter_image":"https:\/\/i0.wp.com\/becooltravel.com\/wp-content\/uploads\/sites\/5\/2020\/05\/Fishing-boats-Tavira.jpg?fit=1137%2C800&ssl=1","twitter_site":"@becool_travel","twitter_misc":{"Dur\u00e9e de lecture estim\u00e9e":"3 minutes"},"schema":{"@context":"https:\/\/schema.org","@graph":[{"@type":["WebPage","ItemPage"],"@id":"https:\/\/becooltravel.com\/product\/explore-tavira-11-days-11300pk\/","url":"https:\/\/becooltravel.com\/product\/explore-tavira-11-days-11300pk\/","name":"Explorez Tavira","isPartOf":{"@id":"https:\/\/becooltravel.com\/#website"},"primaryImageOfPage":{"@id":"https:\/\/becooltravel.com\/product\/explore-tavira-11-days-11300pk\/#primaryimage"},"image":{"@id":"https:\/\/becooltravel.com\/product\/explore-tavira-11-days-11300pk\/#primaryimage"},"thumbnailUrl":"https:\/\/i0.wp.com\/becooltravel.com\/wp-content\/uploads\/sites\/5\/2020\/05\/Amazing-and-relax-island-Tavira-beach.jpg?fit=1065%2C800&ssl=1","datePublished":"2020-03-09T12:20:15+00:00","dateModified":"2026-03-18T13:36:17+00:00","description":"Tavira, une charmante ville de l&#039;Algarve, situ\u00e9e en bordure de la Ria Formosa et d&#039;une plage de 13 km de long, Tavira est une retraite relaxante !","breadcrumb":{"@id":"https:\/\/becooltravel.com\/product\/explore-tavira-11-days-11300pk\/#breadcrumb"},"inLanguage":"fr-FR","potentialAction":[{"@type":"ReadAction","target":["https:\/\/becooltravel.com\/product\/explore-tavira-11-days-11300pk\/"]}]},{"@type":"ImageObject","inLanguage":"fr-FR","@id":"https:\/\/becooltravel.com\/product\/explore-tavira-11-days-11300pk\/#primaryimage","url":"https:\/\/i0.wp.com\/becooltravel.com\/wp-content\/uploads\/sites\/5\/2020\/05\/Amazing-and-relax-island-Tavira-beach.jpg?fit=1065%2C800&ssl=1","contentUrl":"https:\/\/i0.wp.com\/becooltravel.com\/wp-content\/uploads\/sites\/5\/2020\/05\/Amazing-and-relax-island-Tavira-beach.jpg?fit=1065%2C800&ssl=1","width":1065,"height":800,"caption":"Tavira Island"},{"@type":"BreadcrumbList","@id":"https:\/\/becooltravel.com\/product\/explore-tavira-11-days-11300pk\/#breadcrumb","itemListElement":[{"@type":"ListItem","position":1,"name":"Home","item":"https:\/\/becooltravel.com\/"},{"@type":"ListItem","position":2,"name":"Shop","item":"https:\/\/becooltravel.com\/?page_id=5"},{"@type":"ListItem","position":3,"name":"\u2022 Transfers from Faro airport","item":"https:\/\/becooltravel.com\/product-tag\/%e2%80%a2-transfers-from-faro-airport\/"},{"@type":"ListItem","position":4,"name":"Algarve Picturesque fishermen villages"}]},{"@type":"WebSite","@id":"https:\/\/becooltravel.com\/#website","url":"https:\/\/becooltravel.com\/","name":"Voyage BeCool","description":"Des vacances durables au Portugal pour les voyageurs ind\u00e9pendants","publisher":{"@id":"https:\/\/becooltravel.com\/#organization"},"potentialAction":[{"@type":"SearchAction","target":{"@type":"EntryPoint","urlTemplate":"https:\/\/becooltravel.com\/?s={search_term_string}"},"query-input":{"@type":"PropertyValueSpecification","valueRequired":true,"valueName":"search_term_string"}}],"inLanguage":"fr-FR"},{"@type":"Organization","@id":"https:\/\/becooltravel.com\/#organization","name":"BecoolTravel. com- Portugal","url":"https:\/\/becooltravel.com\/","logo":{"@type":"ImageObject","inLanguage":"fr-FR","@id":"https:\/\/becooltravel.com\/#\/schema\/logo\/image\/","url":"https:\/\/becooltravel.com\/wp-content\/uploads\/sites\/5\/2020\/03\/Logo_BeCool.jpg","contentUrl":"https:\/\/becooltravel.com\/wp-content\/uploads\/sites\/5\/2020\/03\/Logo_BeCool.jpg","width":534,"height":534,"caption":"BecoolTravel. com- Portugal"},"image":{"@id":"https:\/\/becooltravel.com\/#\/schema\/logo\/image\/"},"sameAs":["https:\/\/www.facebook.com\/becooltravelagency\/","https:\/\/x.com\/becool_travel","https:\/\/www.instagram.com\/becooltravel_com\/","https:\/\/www.linkedin.com\/company\/becool-travel\/","https:\/\/www.youtube.com\/channel\/UCE7zRU3EVG1PgfXwQo-5uJw"]}]}},"jetpack_sharing_enabled":true,"_links":{"self":[{"href":"https:\/\/becooltravel.com\/fr\/wp-json\/wp\/v2\/product\/3723","targetHints":{"allow":["GET"]}}],"collection":[{"href":"https:\/\/becooltravel.com\/fr\/wp-json\/wp\/v2\/product"}],"about":[{"href":"https:\/\/becooltravel.com\/fr\/wp-json\/wp\/v2\/types\/product"}],"replies":[{"embeddable":true,"href":"https:\/\/becooltravel.com\/fr\/wp-json\/wp\/v2\/comments?post=3723"}],"wp:featuredmedia":[{"embeddable":true,"href":"https:\/\/becooltravel.com\/fr\/wp-json\/wp\/v2\/media\/4634"}],"wp:attachment":[{"href":"https:\/\/becooltravel.com\/fr\/wp-json\/wp\/v2\/media?parent=3723"}],"wp:term":[{"taxonomy":"product_brand","embeddable":true,"href":"https:\/\/becooltravel.com\/fr\/wp-json\/wp\/v2\/product_brand?post=3723"},{"taxonomy":"product_cat","embeddable":true,"href":"https:\/\/becooltravel.com\/fr\/wp-json\/wp\/v2\/product_cat?post=3723"},{"taxonomy":"product_tag","embeddable":true,"href":"https:\/\/becooltravel.com\/fr\/wp-json\/wp\/v2\/product_tag?post=3723"}],"curies":[{"name":"wp","href":"https:\/\/api.w.org\/{rel}","templated":true}]}}