{"id":3729,"date":"2020-03-06T18:50:58","date_gmt":"2020-03-06T18:50:58","guid":{"rendered":"https:\/\/becooltravel.com\/product\/enjoy-tavira-6-days-6300pk\/"},"modified":"2026-03-18T14:01:09","modified_gmt":"2026-03-18T14:01:09","slug":"enjoy-tavira-6300pk","status":"publish","type":"product","link":"https:\/\/becooltravel.com\/fr\/produit\/profiter-tavira-6300pk\/","title":{"rendered":"Profitez de Tavira"},"content":{"rendered":"<p>Tavira est une charmante ville de l&#039;est de l&#039;Algarve, non loin de la fronti\u00e8re avec l&#039;Espagne.<\/p>\n<p>Situ\u00e9 au bord de la rivi\u00e8re Gil\u00e3o, \u00e0 c\u00f4t\u00e9 de la Ria Formosa et d&#039;une plage de 13 km de long, Tavira est une retraite relaxante !<\/p>\n<p>La ville pr\u00e9sente un attrait portugais s\u00e9duisant, avec des murs blancs \u00e9clatants, de fines tuiles azulejos et des vagues de toits triangulaires.<\/p>\n<div id=\"attachment_2026\" style=\"width: 695px\" class=\"wp-caption alignnone\"><img data-recalc-dims=\"1\" decoding=\"async\" aria-describedby=\"caption-attachment-2026\" class=\"wp-image-2026 size-large\" src=\"https:\/\/i0.wp.com\/legendatours.net\/wp-content\/uploads\/2020\/03\/Gilao-river-in-Tavira-1-685x1024.jpg?resize=685%2C1024&#038;ssl=1\" alt=\"Rivi\u00e8re Gilao \u00e0 Tavira\" width=\"685\" height=\"1024\" \/><p id=\"caption-attachment-2026\" class=\"wp-caption-text\">Rivi\u00e8re Gilao \u00e0 Tavira<\/p><\/div>\n<p>Le long des rues calmes, des couches d&#039;histoire peuvent \u00eatre observ\u00e9es, des portes d\u00e9cor\u00e9es de motifs islamiques aux fioritures baroques.<\/p>\n<p>Depuis les ruines du ch\u00e2teau, entour\u00e9 de lauriers roses, de jacarandas et de bougainvilliers, vous b\u00e9n\u00e9ficiez d&#039;une vue privil\u00e9gi\u00e9e sur les toits typiques de la ville et ses plus de 30 \u00e9glises.<\/p>\n<p>En prenant un bateau depuis le port de p\u00eache anim\u00e9, vous quittez la rivi\u00e8re pour traverser le chenal principal de la lagune de Ria Formosa, une riche r\u00e9serve naturelle d&#039;une beaut\u00e9 exceptionnelle, parfaite pour l&#039;observation des oiseaux et de la nature.<\/p>\n<p>Le ferry termine son court voyage sur l&#039;une des plus belles plages du monde, l&#039;\u00eele de Tavira. Pr\u00e9parez-vous \u00e0 des kilom\u00e8tres de sable dor\u00e9 et d&#039;eaux turquoises, r\u00e9compens\u00e9s par un drapeau bleu.<\/p>\n<div id=\"attachment_1776\" style=\"width: 1034px\" class=\"wp-caption alignnone\"><img data-recalc-dims=\"1\" decoding=\"async\" aria-describedby=\"caption-attachment-1776\" class=\"wp-image-1776 size-large\" src=\"https:\/\/i0.wp.com\/legendatours.net\/wp-content\/uploads\/2020\/03\/Anchor-cemetery-in-Barril-Beach-1024x687.jpg?resize=1024%2C687&#038;ssl=1\" alt=\"Cimeti\u00e8re d&#039;ancre \u00e0 Barril Beach Tavira\" width=\"1024\" height=\"687\" \/><p id=\"caption-attachment-1776\" class=\"wp-caption-text\">Cimeti\u00e8re d&#039;ancre \u00e0 Barril Beach Tavira<\/p><\/div>\n<p>Avec seulement quelques restaurants et bars, c&#039;est une plage paisible et s\u00fbre.<\/p>\n<p>Aux alentours, \u00e0 une courte distance, vous pourrez profiter d&#039;un paysage et d&#039;un mode de vie compl\u00e8tement diff\u00e9rents, marqu\u00e9s par des champs d&#039;orangers, charg\u00e9s du parfum des fleurs.<\/p>\n<p>Des maisons blanches \u00e9parses avec des chemin\u00e9es en dentelle montrent un Algarve d\u00e9cal\u00e9, o\u00f9 les aigles planent.<\/p>\n<p>Et \u00e9tant au Portugal, vous savez que vous aurez droit \u00e0 une excellente cuisine et \u00e0 d&#039;excellents vins.<\/p>\n<div id=\"attachment_1780\" style=\"width: 1034px\" class=\"wp-caption alignnone\"><img data-recalc-dims=\"1\" decoding=\"async\" aria-describedby=\"caption-attachment-1780\" class=\"wp-image-1780 size-large\" src=\"https:\/\/i0.wp.com\/legendatours.net\/wp-content\/uploads\/2020\/03\/Colorful-tipical-houses-in-Tavira-1024x768.jpg?resize=1024%2C768&#038;ssl=1\" alt=\"Maisons typiques color\u00e9es \u00e0 Tavira\" width=\"1024\" height=\"768\" \/><p id=\"caption-attachment-1780\" class=\"wp-caption-text\">Maisons typiques color\u00e9es \u00e0 Tavira<\/p><\/div>\n<p>\u00c0 Tavira, il y a une combinaison d&#039;ingr\u00e9dients de la c\u00f4te et de la campagne. De la mer, viennent les poissons et fruits de mer les plus frais, cuisin\u00e9s avec simplicit\u00e9 et respect, accompagn\u00e9s de salades assaisonn\u00e9es avec l&#039;une des meilleures huiles d&#039;olive au monde.<\/p>\n<p>Si vous \u00eates amateur de viande, vous ne serez pas d\u00e9\u00e7u, avec des rago\u00fbts et des grillades.<\/p>\n<p>Et les bonbons sont un m\u00e9lange exquis d&#039;amandes, de figues, de miel et de caroubes, abondants dans la r\u00e9gion.<\/p>\n<p>\u00c0 Tavira, vous passerez s\u00fbrement un moment de d\u00e9tente, avec du patrimoine, de la nature, des plages magnifiques et des activit\u00e9s amusantes !<\/p>","protected":false},"excerpt":{"rendered":"<p>Tavira est une charmante ville de l&#039;est de l&#039;Algarve, non loin de la fronti\u00e8re avec l&#039;Espagne.<\/p>\n<p>Situ\u00e9 au bord de la rivi\u00e8re Gil\u00e3o, \u00e0 c\u00f4t\u00e9 de la Ria Formosa et d&#039;une plage de 13 km de long, Tavira est une retraite relaxante !<\/p>\n<p>La ville pr\u00e9sente un attrait portugais s\u00e9duisant, avec des murs blancs \u00e9clatants, de fines tuiles azulejos et des vagues de toits triangulaires.<\/p>","protected":false},"featured_media":4633,"comment_status":"closed","ping_status":"closed","template":"","meta":{"_acf_changed":false,"inline_featured_image":false},"product_brand":[],"product_cat":[332,329],"product_tag":[311,296,663,242,524,858,131,607,619,788,494,658,609,623,613,252,660,614],"class_list":{"0":"post-3729","1":"product","2":"type-product","3":"status-publish","4":"has-post-thumbnail","6":"product_cat-enjoy-6-days-tour-portugal","7":"product_cat-holiday-packs-tours-portugal","8":"product_tag-algarve","9":"product_tag-beaches","10":"product_tag-birds","11":"product_tag-birdwatching","12":"product_tag-boat-tours","13":"product_tag-cabanas-de-tavira","14":"product_tag-east-algarve","15":"product_tag-holidays","16":"product_tag-island-of-tavira","17":"product_tag-nature-holidays","18":"product_tag-ria-formosa","19":"product_tag-ria-formosa-boat-tour","20":"product_tag-sightseeing","21":"product_tag-sun-beach","22":"product_tag-sunny-days","23":"product_tag-tavira","24":"product_tag-tavira-castle","25":"product_tag-vacations","27":"first","28":"instock","29":"virtual","30":"product-type-simple"},"acf":[],"yoast_head":"<!-- This site is optimized with the Yoast SEO Premium plugin v26.8 (Yoast SEO v27.5) - https:\/\/yoast.com\/product\/yoast-seo-premium-wordpress\/ -->\n<title>Enjoy Tavira<\/title>\n<meta name=\"description\" content=\"Tavira is a charming town in the East Algarve, not far from the border with Spain. The town shows an alluring Portuguese appeal, with crisp white walls, fine azulejo tiles, and waves of triangular roofs.\" \/>\n<meta name=\"robots\" content=\"index, follow, max-snippet:-1, max-image-preview:large, max-video-preview:-1\" \/>\n<link rel=\"canonical\" href=\"https:\/\/becooltravel.com\/fr\/produit\/profiter-tavira-6300pk\/\" \/>\n<meta property=\"og:locale\" content=\"fr_FR\" \/>\n<meta property=\"og:type\" content=\"article\" \/>\n<meta property=\"og:title\" content=\"Tavira is a charming town in the East Algarve, not far from the border with Spain.\" \/>\n<meta property=\"og:description\" content=\"In the surroundings, within a short distance, you can enjoy a completely different landscape and ways of life, marked by fields of orange trees, heavy with the scent of blossom.Scattered white houses with lacy chimneys show an off-beat Algarve, where eagles soar.Being in Portugal, you know that you\u2019ll be treated with excellent food and wine.\" \/>\n<meta property=\"og:url\" content=\"https:\/\/becooltravel.com\/fr\/produit\/profiter-tavira-6300pk\/\" \/>\n<meta property=\"og:site_name\" content=\"BeCool Travel\" \/>\n<meta property=\"article:publisher\" content=\"https:\/\/www.facebook.com\/becooltravelagency\/\" \/>\n<meta property=\"article:modified_time\" content=\"2026-03-18T14:01:09+00:00\" \/>\n<meta property=\"og:image\" content=\"https:\/\/becooltravel.com\/wp-content\/uploads\/sites\/5\/2020\/05\/Gilao-river-in-Tavira-1.jpg\" \/>\n\t<meta property=\"og:image:width\" content=\"800\" \/>\n\t<meta property=\"og:image:height\" content=\"1196\" \/>\n\t<meta property=\"og:image:type\" content=\"image\/jpeg\" \/>\n<meta name=\"twitter:card\" content=\"summary_large_image\" \/>\n<meta name=\"twitter:title\" content=\"Tavira is a charming town in the East Algarve, not far from the border with Spain.\" \/>\n<meta name=\"twitter:description\" content=\"In Tavira, there is a combination of ingredients from the coast and the countryside. From the sea, comes the freshest fish and seafood, cooked with simplicity and respect, paired with salads seasoned with one of the best olive oils in the world.If you are a meat lover, you won\u2019t be disappointed, with stews and grilled dishes.And the sweets are an exquisite mix of almonds, figs, honey, and carobs, abundant in the area.In Tavira, you\u2019ll surely have a relaxing time, with heritage, nature, stunning beaches, and fun activities!\" \/>\n<meta name=\"twitter:image\" content=\"https:\/\/i0.wp.com\/becooltravel.com\/wp-content\/uploads\/sites\/5\/2020\/05\/Amazing-and-relax-island-Tavira-beach.jpg?fit=1065%2C800&ssl=1\" \/>\n<meta name=\"twitter:site\" content=\"@becool_travel\" \/>\n<meta name=\"twitter:label1\" content=\"Dur\u00e9e de lecture estim\u00e9e\" \/>\n\t<meta name=\"twitter:data1\" content=\"3 minutes\" \/>\n<script type=\"application\/ld+json\" class=\"yoast-schema-graph\">{\"@context\":\"https:\\\/\\\/schema.org\",\"@graph\":[{\"@type\":[\"WebPage\",\"ItemPage\"],\"@id\":\"https:\\\/\\\/becooltravel.com\\\/product\\\/enjoy-tavira-6300pk\\\/\",\"url\":\"https:\\\/\\\/becooltravel.com\\\/product\\\/enjoy-tavira-6300pk\\\/\",\"name\":\"Enjoy Tavira\",\"isPartOf\":{\"@id\":\"https:\\\/\\\/becooltravel.com\\\/#website\"},\"primaryImageOfPage\":{\"@id\":\"https:\\\/\\\/becooltravel.com\\\/product\\\/enjoy-tavira-6300pk\\\/#primaryimage\"},\"image\":{\"@id\":\"https:\\\/\\\/becooltravel.com\\\/product\\\/enjoy-tavira-6300pk\\\/#primaryimage\"},\"thumbnailUrl\":\"https:\\\/\\\/i0.wp.com\\\/becooltravel.com\\\/wp-content\\\/uploads\\\/sites\\\/5\\\/2020\\\/05\\\/Anchor-cemetery-in-Barril-Beach.jpg?fit=1192%2C800&ssl=1\",\"datePublished\":\"2020-03-06T18:50:58+00:00\",\"dateModified\":\"2026-03-18T14:01:09+00:00\",\"description\":\"Tavira is a charming town in the East Algarve, not far from the border with Spain. The town shows an alluring Portuguese appeal, with crisp white walls, fine azulejo tiles, and waves of triangular roofs.\",\"breadcrumb\":{\"@id\":\"https:\\\/\\\/becooltravel.com\\\/product\\\/enjoy-tavira-6300pk\\\/#breadcrumb\"},\"inLanguage\":\"fr-FR\",\"potentialAction\":[{\"@type\":\"ReadAction\",\"target\":[\"https:\\\/\\\/becooltravel.com\\\/product\\\/enjoy-tavira-6300pk\\\/\"]}]},{\"@type\":\"ImageObject\",\"inLanguage\":\"fr-FR\",\"@id\":\"https:\\\/\\\/becooltravel.com\\\/product\\\/enjoy-tavira-6300pk\\\/#primaryimage\",\"url\":\"https:\\\/\\\/i0.wp.com\\\/becooltravel.com\\\/wp-content\\\/uploads\\\/sites\\\/5\\\/2020\\\/05\\\/Anchor-cemetery-in-Barril-Beach.jpg?fit=1192%2C800&ssl=1\",\"contentUrl\":\"https:\\\/\\\/i0.wp.com\\\/becooltravel.com\\\/wp-content\\\/uploads\\\/sites\\\/5\\\/2020\\\/05\\\/Anchor-cemetery-in-Barril-Beach.jpg?fit=1192%2C800&ssl=1\",\"width\":1192,\"height\":800,\"caption\":\"Anchor cemetery in Barril Beach\"},{\"@type\":\"BreadcrumbList\",\"@id\":\"https:\\\/\\\/becooltravel.com\\\/product\\\/enjoy-tavira-6300pk\\\/#breadcrumb\",\"itemListElement\":[{\"@type\":\"ListItem\",\"position\":1,\"name\":\"Home\",\"item\":\"https:\\\/\\\/becooltravel.com\\\/\"},{\"@type\":\"ListItem\",\"position\":2,\"name\":\"Shop\",\"item\":\"https:\\\/\\\/becooltravel.com\\\/?page_id=5\"},{\"@type\":\"ListItem\",\"position\":3,\"name\":\"Algarve holidays . You can use\u00a0footpaths and walking\u00a0 trails\u00a0to get to know the region, such as the\u00a0Algarve Way\u00a0or the\u00a0Vicentine Route along one of the best preserved coastal stretches.\",\"item\":\"https:\\\/\\\/becooltravel.com\\\/product-tag\\\/algarve\\\/\"},{\"@type\":\"ListItem\",\"position\":4,\"name\":\"Enjoy Tavira\"}]},{\"@type\":\"WebSite\",\"@id\":\"https:\\\/\\\/becooltravel.com\\\/#website\",\"url\":\"https:\\\/\\\/becooltravel.com\\\/\",\"name\":\"BeCool Travel\",\"description\":\"Sustainable holidays in Portugal for independent travelers\",\"publisher\":{\"@id\":\"https:\\\/\\\/becooltravel.com\\\/#organization\"},\"potentialAction\":[{\"@type\":\"SearchAction\",\"target\":{\"@type\":\"EntryPoint\",\"urlTemplate\":\"https:\\\/\\\/becooltravel.com\\\/?s={search_term_string}\"},\"query-input\":{\"@type\":\"PropertyValueSpecification\",\"valueRequired\":true,\"valueName\":\"search_term_string\"}}],\"inLanguage\":\"fr-FR\"},{\"@type\":\"Organization\",\"@id\":\"https:\\\/\\\/becooltravel.com\\\/#organization\",\"name\":\"BecoolTravel. com- Portugal\",\"url\":\"https:\\\/\\\/becooltravel.com\\\/\",\"logo\":{\"@type\":\"ImageObject\",\"inLanguage\":\"fr-FR\",\"@id\":\"https:\\\/\\\/becooltravel.com\\\/#\\\/schema\\\/logo\\\/image\\\/\",\"url\":\"https:\\\/\\\/becooltravel.com\\\/wp-content\\\/uploads\\\/sites\\\/5\\\/2020\\\/03\\\/Logo_BeCool.jpg\",\"contentUrl\":\"https:\\\/\\\/becooltravel.com\\\/wp-content\\\/uploads\\\/sites\\\/5\\\/2020\\\/03\\\/Logo_BeCool.jpg\",\"width\":534,\"height\":534,\"caption\":\"BecoolTravel. com- Portugal\"},\"image\":{\"@id\":\"https:\\\/\\\/becooltravel.com\\\/#\\\/schema\\\/logo\\\/image\\\/\"},\"sameAs\":[\"https:\\\/\\\/www.facebook.com\\\/becooltravelagency\\\/\",\"https:\\\/\\\/x.com\\\/becool_travel\",\"https:\\\/\\\/www.instagram.com\\\/becooltravel_com\\\/\",\"https:\\\/\\\/www.linkedin.com\\\/company\\\/becool-travel\\\/\",\"https:\\\/\\\/www.youtube.com\\\/channel\\\/UCE7zRU3EVG1PgfXwQo-5uJw\"]}]}<\/script>\n<!-- \/ Yoast SEO Premium plugin. -->","yoast_head_json":{"title":"Profitez de Tavira","description":"Tavira est une charmante ville de l&#039;est de l&#039;Algarve, non loin de la fronti\u00e8re avec l&#039;Espagne. La ville pr\u00e9sente un attrait portugais s\u00e9duisant, avec des murs d&#039;un blanc \u00e9clatant, de fines tuiles azulejos et des vagues de toits triangulaires.","robots":{"index":"index","follow":"follow","max-snippet":"max-snippet:-1","max-image-preview":"max-image-preview:large","max-video-preview":"max-video-preview:-1"},"canonical":"https:\/\/becooltravel.com\/fr\/produit\/profiter-tavira-6300pk\/","og_locale":"fr_FR","og_type":"article","og_title":"Tavira is a charming town in the East Algarve, not far from the border with Spain.","og_description":"In the surroundings, within a short distance, you can enjoy a completely different landscape and ways of life, marked by fields of orange trees, heavy with the scent of blossom.Scattered white houses with lacy chimneys show an off-beat Algarve, where eagles soar.Being in Portugal, you know that you\u2019ll be treated with excellent food and wine.","og_url":"https:\/\/becooltravel.com\/fr\/produit\/profiter-tavira-6300pk\/","og_site_name":"BeCool Travel","article_publisher":"https:\/\/www.facebook.com\/becooltravelagency\/","article_modified_time":"2026-03-18T14:01:09+00:00","og_image":[{"width":800,"height":1196,"url":"https:\/\/becooltravel.com\/wp-content\/uploads\/sites\/5\/2020\/05\/Gilao-river-in-Tavira-1.jpg","type":"image\/jpeg"}],"twitter_card":"summary_large_image","twitter_title":"Tavira is a charming town in the East Algarve, not far from the border with Spain.","twitter_description":"In Tavira, there is a combination of ingredients from the coast and the countryside. From the sea, comes the freshest fish and seafood, cooked with simplicity and respect, paired with salads seasoned with one of the best olive oils in the world.If you are a meat lover, you won\u2019t be disappointed, with stews and grilled dishes.And the sweets are an exquisite mix of almonds, figs, honey, and carobs, abundant in the area.In Tavira, you\u2019ll surely have a relaxing time, with heritage, nature, stunning beaches, and fun activities!","twitter_image":"https:\/\/i0.wp.com\/becooltravel.com\/wp-content\/uploads\/sites\/5\/2020\/05\/Amazing-and-relax-island-Tavira-beach.jpg?fit=1065%2C800&ssl=1","twitter_site":"@becool_travel","twitter_misc":{"Dur\u00e9e de lecture estim\u00e9e":"3 minutes"},"schema":{"@context":"https:\/\/schema.org","@graph":[{"@type":["WebPage","ItemPage"],"@id":"https:\/\/becooltravel.com\/product\/enjoy-tavira-6300pk\/","url":"https:\/\/becooltravel.com\/product\/enjoy-tavira-6300pk\/","name":"Profitez de Tavira","isPartOf":{"@id":"https:\/\/becooltravel.com\/#website"},"primaryImageOfPage":{"@id":"https:\/\/becooltravel.com\/product\/enjoy-tavira-6300pk\/#primaryimage"},"image":{"@id":"https:\/\/becooltravel.com\/product\/enjoy-tavira-6300pk\/#primaryimage"},"thumbnailUrl":"https:\/\/i0.wp.com\/becooltravel.com\/wp-content\/uploads\/sites\/5\/2020\/05\/Anchor-cemetery-in-Barril-Beach.jpg?fit=1192%2C800&ssl=1","datePublished":"2020-03-06T18:50:58+00:00","dateModified":"2026-03-18T14:01:09+00:00","description":"Tavira est une charmante ville de l&#039;est de l&#039;Algarve, non loin de la fronti\u00e8re avec l&#039;Espagne. La ville pr\u00e9sente un attrait portugais s\u00e9duisant, avec des murs d&#039;un blanc \u00e9clatant, de fines tuiles azulejos et des vagues de toits triangulaires.","breadcrumb":{"@id":"https:\/\/becooltravel.com\/product\/enjoy-tavira-6300pk\/#breadcrumb"},"inLanguage":"fr-FR","potentialAction":[{"@type":"ReadAction","target":["https:\/\/becooltravel.com\/product\/enjoy-tavira-6300pk\/"]}]},{"@type":"ImageObject","inLanguage":"fr-FR","@id":"https:\/\/becooltravel.com\/product\/enjoy-tavira-6300pk\/#primaryimage","url":"https:\/\/i0.wp.com\/becooltravel.com\/wp-content\/uploads\/sites\/5\/2020\/05\/Anchor-cemetery-in-Barril-Beach.jpg?fit=1192%2C800&ssl=1","contentUrl":"https:\/\/i0.wp.com\/becooltravel.com\/wp-content\/uploads\/sites\/5\/2020\/05\/Anchor-cemetery-in-Barril-Beach.jpg?fit=1192%2C800&ssl=1","width":1192,"height":800,"caption":"Anchor cemetery in Barril Beach"},{"@type":"BreadcrumbList","@id":"https:\/\/becooltravel.com\/product\/enjoy-tavira-6300pk\/#breadcrumb","itemListElement":[{"@type":"ListItem","position":1,"name":"Home","item":"https:\/\/becooltravel.com\/"},{"@type":"ListItem","position":2,"name":"Shop","item":"https:\/\/becooltravel.com\/?page_id=5"},{"@type":"ListItem","position":3,"name":"Algarve holidays . You can use\u00a0footpaths and walking\u00a0 trails\u00a0to get to know the region, such as the\u00a0Algarve Way\u00a0or the\u00a0Vicentine Route along one of the best preserved coastal stretches.","item":"https:\/\/becooltravel.com\/product-tag\/algarve\/"},{"@type":"ListItem","position":4,"name":"Enjoy Tavira"}]},{"@type":"WebSite","@id":"https:\/\/becooltravel.com\/#website","url":"https:\/\/becooltravel.com\/","name":"Voyage BeCool","description":"Des vacances durables au Portugal pour les voyageurs ind\u00e9pendants","publisher":{"@id":"https:\/\/becooltravel.com\/#organization"},"potentialAction":[{"@type":"SearchAction","target":{"@type":"EntryPoint","urlTemplate":"https:\/\/becooltravel.com\/?s={search_term_string}"},"query-input":{"@type":"PropertyValueSpecification","valueRequired":true,"valueName":"search_term_string"}}],"inLanguage":"fr-FR"},{"@type":"Organization","@id":"https:\/\/becooltravel.com\/#organization","name":"BecoolTravel. com- Portugal","url":"https:\/\/becooltravel.com\/","logo":{"@type":"ImageObject","inLanguage":"fr-FR","@id":"https:\/\/becooltravel.com\/#\/schema\/logo\/image\/","url":"https:\/\/becooltravel.com\/wp-content\/uploads\/sites\/5\/2020\/03\/Logo_BeCool.jpg","contentUrl":"https:\/\/becooltravel.com\/wp-content\/uploads\/sites\/5\/2020\/03\/Logo_BeCool.jpg","width":534,"height":534,"caption":"BecoolTravel. com- Portugal"},"image":{"@id":"https:\/\/becooltravel.com\/#\/schema\/logo\/image\/"},"sameAs":["https:\/\/www.facebook.com\/becooltravelagency\/","https:\/\/x.com\/becool_travel","https:\/\/www.instagram.com\/becooltravel_com\/","https:\/\/www.linkedin.com\/company\/becool-travel\/","https:\/\/www.youtube.com\/channel\/UCE7zRU3EVG1PgfXwQo-5uJw"]}]}},"jetpack_sharing_enabled":true,"_links":{"self":[{"href":"https:\/\/becooltravel.com\/fr\/wp-json\/wp\/v2\/product\/3729","targetHints":{"allow":["GET"]}}],"collection":[{"href":"https:\/\/becooltravel.com\/fr\/wp-json\/wp\/v2\/product"}],"about":[{"href":"https:\/\/becooltravel.com\/fr\/wp-json\/wp\/v2\/types\/product"}],"replies":[{"embeddable":true,"href":"https:\/\/becooltravel.com\/fr\/wp-json\/wp\/v2\/comments?post=3729"}],"wp:featuredmedia":[{"embeddable":true,"href":"https:\/\/becooltravel.com\/fr\/wp-json\/wp\/v2\/media\/4633"}],"wp:attachment":[{"href":"https:\/\/becooltravel.com\/fr\/wp-json\/wp\/v2\/media?parent=3729"}],"wp:term":[{"taxonomy":"product_brand","embeddable":true,"href":"https:\/\/becooltravel.com\/fr\/wp-json\/wp\/v2\/product_brand?post=3729"},{"taxonomy":"product_cat","embeddable":true,"href":"https:\/\/becooltravel.com\/fr\/wp-json\/wp\/v2\/product_cat?post=3729"},{"taxonomy":"product_tag","embeddable":true,"href":"https:\/\/becooltravel.com\/fr\/wp-json\/wp\/v2\/product_tag?post=3729"}],"curies":[{"name":"wp","href":"https:\/\/api.w.org\/{rel}","templated":true}]}}