{"id":3743,"date":"2020-03-06T16:08:29","date_gmt":"2020-03-06T16:08:29","guid":{"rendered":"https:\/\/becooltravel.com\/product\/sightseeing-tour-in-lisbon-5-days-6100s\/"},"modified":"2026-03-18T12:27:25","modified_gmt":"2026-03-18T12:27:25","slug":"sightseeing-tour-in-lisbon-5-days-6100s","status":"publish","type":"product","link":"https:\/\/becooltravel.com\/fr\/produit\/tour-visite-a-lisbonne-5-jours-6100s\/","title":{"rendered":"Vacances \u00e0 Lisbonne, Riverside Gem"},"content":{"rendered":"<p>Entour\u00e9es de tradition et dot\u00e9es de modernit\u00e9, les sept collines de Lisbonne sont recouvertes de couches d&#039;histoire et de patrimoine.<\/p>\n<p>La ville est devenue une destination europ\u00e9enne populaire pour sa diversit\u00e9 passionnante, ses tramways vintage, ses rues pav\u00e9es, ses chansons de fado, sa majestueuse architecture orn\u00e9e d&#039;azulejos et son climat enviable.<\/p>\n<p>Faites cette visite et d\u00e9couvrez tous les joyaux que cette ville attrayante a \u00e0 offrir !<\/p>\n<div id=\"attachment_2504\" style=\"width: 1034px\" class=\"wp-caption alignnone\"><img data-recalc-dims=\"1\" decoding=\"async\" aria-describedby=\"caption-attachment-2504\" class=\"wp-image-2504 size-large\" src=\"https:\/\/i0.wp.com\/legendatours.net\/wp-content\/uploads\/2020\/03\/belem_tower-1024x716.jpg?resize=1024%2C716&#038;ssl=1\" alt=\"Sites du patrimoine mondial de l&#039;UNESCO au Portugal\" width=\"1024\" height=\"716\" \/><p id=\"caption-attachment-2504\" class=\"wp-caption-text\">La tour de Bel\u00e9m, officiellement la tour Saint-Vincent, est une fortification du XVIe si\u00e8cle situ\u00e9e \u00e0 Lisbonne qui servait de point d&#039;embarquement et de d\u00e9barquement.<\/p><\/div>\n<p>La lumi\u00e8re de Lisbonne, chant\u00e9e par des po\u00e8tes et des \u00e9crivains et immortalis\u00e9e par des peintres, des photographes, des cin\u00e9astes et d&#039;autres artistes, est largement consid\u00e9r\u00e9e comme une ic\u00f4ne immat\u00e9rielle de la ville.<\/p>\n<p>Cela ajoute une couche de charme \u00e0 la ville d\u00e9j\u00e0 gracieuse, s&#039;\u00e9tendant le long des marges du fleuve Tejo.<\/p>\n<div id=\"attachment_2502\" style=\"width: 1034px\" class=\"wp-caption alignnone\"><img data-recalc-dims=\"1\" decoding=\"async\" aria-describedby=\"caption-attachment-2502\" class=\"wp-image-2502 size-large\" src=\"https:\/\/i0.wp.com\/legendatours.net\/wp-content\/uploads\/2020\/03\/Lisbon_sightseeing-1024x684.jpg?resize=1024%2C684&#038;ssl=1\" alt=\"Visites touristiques \u00e0 Lisbonne - Tramway ascenseur Bica\" width=\"1024\" height=\"684\" \/><p id=\"caption-attachment-2502\" class=\"wp-caption-text\">Tourisme \u00e0 Lisbonne \u2013 Tramway ascenseur Bica. Le funiculaire traverse le quartier de Bica en route vers le Bairro Alto<\/p><\/div>\n<p>Les traces romaines et mauresques sont partout, et leur influence persiste dans la Lisbonne actuelle.<\/p>\n<p>Vous pouvez le trouver, par exemple, dans les rues pav\u00e9es \u00e9troites et les murs blanchis \u00e0 la chaux du quartier d&#039;Alfama, le plus ancien quartier de Lisbonne, et c\u00e9l\u00e8bre pour \u00eatre le berceau de la musique fado.<\/p>\n<p>Au XVIe si\u00e8cle, Lisbonne \u00e9tait une plaque tournante du commerce entre l&#039;Afrique, l&#039;Inde, l&#039;Extr\u00eame-Orient et le Br\u00e9sil.<\/p>\n<p>La grande richesse acquise \u00e0 cette \u00e9poque avec le commerce des \u00e9pices, des esclaves, du sucre, des textiles et d&#039;autres biens, a financ\u00e9 l&#039;exub\u00e9rance du style manu\u00e9lin dans l&#039;architecture, que l&#039;on peut voir dans de nombreux b\u00e2timents, dont la tour de Bel\u00e9m et le monast\u00e8re des Jer\u00f3nimos (tous deux class\u00e9s au patrimoine mondial Des sites).<\/p>\n<div id=\"attachment_2510\" style=\"width: 1034px\" class=\"wp-caption alignnone\"><img data-recalc-dims=\"1\" decoding=\"async\" aria-describedby=\"caption-attachment-2510\" class=\"wp-image-2510 size-large\" title=\"Point de vue \u00e0 Lisboa Gra\u00e7a\" src=\"https:\/\/i0.wp.com\/legendatours.net\/wp-content\/uploads\/2020\/03\/Lisbon_Graca_river-1024x576.jpg?resize=1024%2C576&#038;ssl=1\" alt=\"Point de vue \u00e0 Lisboa Gra\u00e7a\" width=\"1024\" height=\"576\" \/><p id=\"caption-attachment-2510\" class=\"wp-caption-text\">Point de vue de Gra\u00e7a, \u00e9galement connu sous le nom de point de vue Sophia de Mello Breyner Andersen.<\/p><\/div>\n<p>En 1755, Lisbonne a \u00e9t\u00e9 frapp\u00e9e par un tremblement de terre d\u00e9vastateur, suivi d&#039;un tsunami, qui a tu\u00e9 des milliers de personnes et d\u00e9truit une partie importante de la ville.<\/p>\n<p>La ville a ensuite \u00e9t\u00e9 reconstruite selon un plan en damier minutieux, avec probablement les premiers exemples de constructions parasismiques \u00e0 grande \u00e9chelle au monde.<\/p>\n<p>Cela a donn\u00e9 \u00e0 Lisbonne une disposition et une palette de couleurs distinctives, avec la grande place face \u00e0 la rivi\u00e8re couronnant le design.<\/p>\n<p>\u00c9tant l&#039;une des plus anciennes villes du monde, diverses personnes et cultures y ont v\u00e9cu au cours des si\u00e8cles. Cela a fa\u00e7onn\u00e9 la ville d&#039;aujourd&#039;hui, un joyeux m\u00e9lange de gens du monde entier, o\u00f9 ses habitants \u00e0 l&#039;esprit libre ont un charme sans effort, comme aucune autre ville du Portugal !<\/p>\n<div class=\"row\" style=\"display: flex;\">\n<div class=\"column\" style=\"flex: 45%;\">\n<p><iframe title=\"DANS L&#039;HUMEUR POUR LISBONNE | Votre guide Travel de Lisbonne 2019 | Pourquoi j&#039;ai d\u00e9m\u00e9nag\u00e9 \u00e0 Lisbonne, au Portugal \ud83c\uddf5\ud83c\uddf9\" width=\"1080\" height=\"608\" src=\"https:\/\/www.youtube.com\/embed\/Qv7CtN1mOlc?feature=oembed\" frameborder=\"0\" allow=\"accelerometer; autoplay; clipboard-write; encrypted-media; gyroscope; picture-in-picture; web-share\" referrerpolicy=\"strict-origin-when-cross-origin\" allowfullscreen><\/iframe><\/p>\n<\/div>\n<div class=\"column\" style=\"flex: 10%;\"><\/div>\n<div class=\"column\" style=\"flex: 45%;\">\n<p><iframe title=\"La r\u00e9gion de Lisbonne comme jamais vue auparavant\" width=\"1080\" height=\"608\" src=\"https:\/\/www.youtube.com\/embed\/mK7rgh4fhYQ?feature=oembed\" frameborder=\"0\" allow=\"accelerometer; autoplay; clipboard-write; encrypted-media; gyroscope; picture-in-picture; web-share\" referrerpolicy=\"strict-origin-when-cross-origin\" allowfullscreen><\/iframe><\/p>\n<\/div>\n<\/div>","protected":false},"excerpt":{"rendered":"<p>Entour\u00e9es de tradition et dot\u00e9es de modernit\u00e9, les sept collines de Lisbonne sont recouvertes de couches d&#039;histoire et de patrimoine.<\/p>\n<p>La ville est devenue une destination europ\u00e9enne populaire pour sa diversit\u00e9 passionnante, ses tramways vintage, ses rues pav\u00e9es, ses chansons de fado, sa majestueuse architecture orn\u00e9e d&#039;azulejos et son climat enviable.<\/p>\n<p>Faites cette visite et d\u00e9couvrez tous les joyaux que cette ville attrayante a \u00e0 offrir !<\/p>","protected":false},"featured_media":5191,"comment_status":"closed","ping_status":"closed","template":"","meta":{"_acf_changed":false,"inline_featured_image":false},"product_brand":[],"product_cat":[336,327],"product_tag":[215,1053,359,693,694,695,906,696,697,698,851,699,700,701,907,222,260,1054,702,703,223,908,704,58,705,706,707,1055,1048,720,909,910,911,912,1056,708,1057,281,709,1058,1059],"class_list":{"0":"post-3743","1":"product","2":"type-product","3":"status-publish","4":"has-post-thumbnail","6":"product_cat-self-guided-sightseeing-holidays-in-portugal","7":"product_cat-self-guided-tours-portugal","8":"product_tag-alfama","9":"product_tag-alleine-reisen","10":"product_tag-architecture","11":"product_tag-bairro-alto","12":"product_tag-belem-tower","13":"product_tag-brazil","14":"product_tag-chiado","15":"product_tag-citys-seven-hills","16":"product_tag-cobblestone-streets","17":"product_tag-european-destination","18":"product_tag-fado","19":"product_tag-fado-music","20":"product_tag-fresh-orange-juice","21":"product_tag-grilled-chicke","22":"product_tag-heritage-in-lisbon","23":"product_tag-historical-monuments-in-lisbon","24":"product_tag-history-and-heritage","25":"product_tag-individuelle-touren","26":"product_tag-jeronimos-monastery","27":"product_tag-largest-city-of-portugal","28":"product_tag-lisbon","29":"product_tag-lisbon-holidays","30":"product_tag-narrow-cobbled-streets","31":"product_tag-portugal","32":"product_tag-praca-do-comercio","33":"product_tag-s-jorge-castle","34":"product_tag-seafood","35":"product_tag-sejour-en-liberte","36":"product_tag-self-guide-tour","37":"product_tag-self-guided-holidays","38":"product_tag-self-guided-sightseeing","39":"product_tag-self-guided-tour","40":"product_tag-shopping-in-lisbon","41":"product_tag-sightseeing-lisbon","42":"product_tag-solo-reisen","43":"product_tag-terreiro-do-paco","44":"product_tag-tours-autoguidees","45":"product_tag-typical-quarters-of-lisbon","46":"product_tag-vintage-trams","47":"product_tag-voyage-en-liberte","48":"product_tag-voyages-en-autonomie","50":"first","51":"instock","52":"virtual","53":"product-type-simple"},"acf":[],"yoast_head":"<!-- This site is optimized with the Yoast SEO Premium plugin v26.8 (Yoast SEO v27.5) - https:\/\/yoast.com\/product\/yoast-seo-premium-wordpress\/ -->\n<title>Holidays in Lisbon, Riverside Gem<\/title>\n<meta name=\"description\" content=\"Self-Guided Sightseeing in Lisbon\u2019s friendly atmosphere overlooking the Rio Tejo,Alfama, S\u00e3o Jorge Castle, Chiado, and Bairro Alto. Portuguese gastronomy, with highlight for the seafood, delicious wines, and the famed past\u00e9is de nata (custard tarts)\" \/>\n<meta name=\"robots\" content=\"index, follow, max-snippet:-1, max-image-preview:large, max-video-preview:-1\" \/>\n<link rel=\"canonical\" href=\"https:\/\/becooltravel.com\/fr\/produit\/tour-visite-a-lisbonne-5-jours-6100s\/\" \/>\n<meta property=\"og:locale\" content=\"fr_FR\" \/>\n<meta property=\"og:type\" content=\"article\" \/>\n<meta property=\"og:title\" content=\"Self-Guided Sightseeing experience all the gems this appealing city has to offer!\" \/>\n<meta property=\"og:description\" content=\"The light of Lisbon Self-Guided Sightseeing, sung by poets and writers, and immortalized by painters, photographers, filmmakers, and other artists, is widely considered as an immaterial icon of the city.This adds a layer of charm to the already graceful city, sprawling along the margins of the river Tejo.The Roman and Moorish traces are everywhere, and its influence persists in present-day Lisbon.\" \/>\n<meta property=\"og:url\" content=\"https:\/\/becooltravel.com\/fr\/produit\/tour-visite-a-lisbonne-5-jours-6100s\/\" \/>\n<meta property=\"og:site_name\" content=\"BeCool Travel\" \/>\n<meta property=\"article:publisher\" content=\"https:\/\/www.facebook.com\/becooltravelagency\/\" \/>\n<meta property=\"article:modified_time\" content=\"2026-03-18T12:27:25+00:00\" \/>\n<meta property=\"og:image\" content=\"https:\/\/becooltravel.com\/wp-content\/uploads\/sites\/5\/2020\/06\/Lisboa_Bica_elevator.jpg\" \/>\n\t<meta property=\"og:image:width\" content=\"1199\" \/>\n\t<meta property=\"og:image:height\" content=\"800\" \/>\n\t<meta property=\"og:image:type\" content=\"image\/jpeg\" \/>\n<meta name=\"twitter:card\" content=\"summary_large_image\" \/>\n<meta name=\"twitter:title\" content=\"Self-Guided Sightseeing The city was then rebuilt following a meticulous grid plan, with probably the first examples of earthquake-resistant constructions at a large scale in the world.\" \/>\n<meta name=\"twitter:description\" content=\"The great richness acquired in this period with the trade of spices, slaves, sugar, textiles, and other goods, financed the exuberant Manueline style in architecture, to be seen in many buildings, including the Bel\u00e9m Tower and the Jer\u00f3nimos Monastery (both World Heritage Sites).\" \/>\n<meta name=\"twitter:image\" content=\"https:\/\/i0.wp.com\/becooltravel.com\/wp-content\/uploads\/sites\/5\/2020\/06\/jeronimos_monastery_lisbon.jpg?fit=1200%2C750&ssl=1\" \/>\n<meta name=\"twitter:site\" content=\"@becool_travel\" \/>\n<meta name=\"twitter:label1\" content=\"Dur\u00e9e de lecture estim\u00e9e\" \/>\n\t<meta name=\"twitter:data1\" content=\"3 minutes\" \/>\n<script type=\"application\/ld+json\" class=\"yoast-schema-graph\">{\"@context\":\"https:\\\/\\\/schema.org\",\"@graph\":[{\"@type\":[\"WebPage\",\"ItemPage\"],\"@id\":\"https:\\\/\\\/becooltravel.com\\\/product\\\/sightseeing-tour-in-lisbon-5-days-6100s\\\/\",\"url\":\"https:\\\/\\\/becooltravel.com\\\/product\\\/sightseeing-tour-in-lisbon-5-days-6100s\\\/\",\"name\":\"Holidays in Lisbon, Riverside Gem\",\"isPartOf\":{\"@id\":\"https:\\\/\\\/becooltravel.com\\\/#website\"},\"primaryImageOfPage\":{\"@id\":\"https:\\\/\\\/becooltravel.com\\\/product\\\/sightseeing-tour-in-lisbon-5-days-6100s\\\/#primaryimage\"},\"image\":{\"@id\":\"https:\\\/\\\/becooltravel.com\\\/product\\\/sightseeing-tour-in-lisbon-5-days-6100s\\\/#primaryimage\"},\"thumbnailUrl\":\"https:\\\/\\\/i0.wp.com\\\/becooltravel.com\\\/wp-content\\\/uploads\\\/sites\\\/5\\\/2020\\\/06\\\/Lisbon_sightseeing.jpg?fit=1200%2C801&ssl=1\",\"datePublished\":\"2020-03-06T16:08:29+00:00\",\"dateModified\":\"2026-03-18T12:27:25+00:00\",\"description\":\"Self-Guided Sightseeing in Lisbon\u2019s friendly atmosphere overlooking the Rio Tejo,Alfama, S\u00e3o Jorge Castle, Chiado, and Bairro Alto. Portuguese gastronomy, with highlight for the seafood, delicious wines, and the famed past\u00e9is de nata (custard tarts)\",\"breadcrumb\":{\"@id\":\"https:\\\/\\\/becooltravel.com\\\/product\\\/sightseeing-tour-in-lisbon-5-days-6100s\\\/#breadcrumb\"},\"inLanguage\":\"fr-FR\",\"potentialAction\":[{\"@type\":\"ReadAction\",\"target\":[\"https:\\\/\\\/becooltravel.com\\\/product\\\/sightseeing-tour-in-lisbon-5-days-6100s\\\/\"]}]},{\"@type\":\"ImageObject\",\"inLanguage\":\"fr-FR\",\"@id\":\"https:\\\/\\\/becooltravel.com\\\/product\\\/sightseeing-tour-in-lisbon-5-days-6100s\\\/#primaryimage\",\"url\":\"https:\\\/\\\/i0.wp.com\\\/becooltravel.com\\\/wp-content\\\/uploads\\\/sites\\\/5\\\/2020\\\/06\\\/Lisbon_sightseeing.jpg?fit=1200%2C801&ssl=1\",\"contentUrl\":\"https:\\\/\\\/i0.wp.com\\\/becooltravel.com\\\/wp-content\\\/uploads\\\/sites\\\/5\\\/2020\\\/06\\\/Lisbon_sightseeing.jpg?fit=1200%2C801&ssl=1\",\"width\":1200,\"height\":801,\"caption\":\"Sightseeing in Lisbon - Bica elevator tram\"},{\"@type\":\"BreadcrumbList\",\"@id\":\"https:\\\/\\\/becooltravel.com\\\/product\\\/sightseeing-tour-in-lisbon-5-days-6100s\\\/#breadcrumb\",\"itemListElement\":[{\"@type\":\"ListItem\",\"position\":1,\"name\":\"Home\",\"item\":\"https:\\\/\\\/becooltravel.com\\\/\"},{\"@type\":\"ListItem\",\"position\":2,\"name\":\"Shop\",\"item\":\"https:\\\/\\\/becooltravel.com\\\/?page_id=5\"},{\"@type\":\"ListItem\",\"position\":3,\"name\":\"Alfama is the oldest district of Lisbon\\\/Lisboa (Portugal), spreading on the slope between the S\u00e3o Jorge Castle and the Tagus\\\/Tejo river. Its name comes from the Arabic Al-hamma, meaning \\\"hot fountains\\\" or \\\"baths\\\". It contains many important historical attractions.\",\"item\":\"https:\\\/\\\/becooltravel.com\\\/product-tag\\\/alfama\\\/\"},{\"@type\":\"ListItem\",\"position\":4,\"name\":\"Holidays in Lisbon, Riverside Gem\"}]},{\"@type\":\"WebSite\",\"@id\":\"https:\\\/\\\/becooltravel.com\\\/#website\",\"url\":\"https:\\\/\\\/becooltravel.com\\\/\",\"name\":\"BeCool Travel\",\"description\":\"Sustainable holidays in Portugal for independent travelers\",\"publisher\":{\"@id\":\"https:\\\/\\\/becooltravel.com\\\/#organization\"},\"potentialAction\":[{\"@type\":\"SearchAction\",\"target\":{\"@type\":\"EntryPoint\",\"urlTemplate\":\"https:\\\/\\\/becooltravel.com\\\/?s={search_term_string}\"},\"query-input\":{\"@type\":\"PropertyValueSpecification\",\"valueRequired\":true,\"valueName\":\"search_term_string\"}}],\"inLanguage\":\"fr-FR\"},{\"@type\":\"Organization\",\"@id\":\"https:\\\/\\\/becooltravel.com\\\/#organization\",\"name\":\"BecoolTravel. com- Portugal\",\"url\":\"https:\\\/\\\/becooltravel.com\\\/\",\"logo\":{\"@type\":\"ImageObject\",\"inLanguage\":\"fr-FR\",\"@id\":\"https:\\\/\\\/becooltravel.com\\\/#\\\/schema\\\/logo\\\/image\\\/\",\"url\":\"https:\\\/\\\/becooltravel.com\\\/wp-content\\\/uploads\\\/sites\\\/5\\\/2020\\\/03\\\/Logo_BeCool.jpg\",\"contentUrl\":\"https:\\\/\\\/becooltravel.com\\\/wp-content\\\/uploads\\\/sites\\\/5\\\/2020\\\/03\\\/Logo_BeCool.jpg\",\"width\":534,\"height\":534,\"caption\":\"BecoolTravel. com- Portugal\"},\"image\":{\"@id\":\"https:\\\/\\\/becooltravel.com\\\/#\\\/schema\\\/logo\\\/image\\\/\"},\"sameAs\":[\"https:\\\/\\\/www.facebook.com\\\/becooltravelagency\\\/\",\"https:\\\/\\\/x.com\\\/becool_travel\",\"https:\\\/\\\/www.instagram.com\\\/becooltravel_com\\\/\",\"https:\\\/\\\/www.linkedin.com\\\/company\\\/becool-travel\\\/\",\"https:\\\/\\\/www.youtube.com\\\/channel\\\/UCE7zRU3EVG1PgfXwQo-5uJw\"]}]}<\/script>\n<!-- \/ Yoast SEO Premium plugin. -->","yoast_head_json":{"title":"Vacances \u00e0 Lisbonne, Riverside Gem","description":"Visite autoguid\u00e9e dans l&#039;atmosph\u00e8re conviviale de Lisbonne avec vue sur le Rio Tejo, Alfama, le ch\u00e2teau S\u00e3o Jorge, le Chiado et le Bairro Alto. Gastronomie portugaise, avec un point culminant pour les fruits de mer, de d\u00e9licieux vins et les c\u00e9l\u00e8bres past\u00e9is de nata (tartes \u00e0 la cr\u00e8me)","robots":{"index":"index","follow":"follow","max-snippet":"max-snippet:-1","max-image-preview":"max-image-preview:large","max-video-preview":"max-video-preview:-1"},"canonical":"https:\/\/becooltravel.com\/fr\/produit\/tour-visite-a-lisbonne-5-jours-6100s\/","og_locale":"fr_FR","og_type":"article","og_title":"Self-Guided Sightseeing experience all the gems this appealing city has to offer!","og_description":"The light of Lisbon Self-Guided Sightseeing, sung by poets and writers, and immortalized by painters, photographers, filmmakers, and other artists, is widely considered as an immaterial icon of the city.This adds a layer of charm to the already graceful city, sprawling along the margins of the river Tejo.The Roman and Moorish traces are everywhere, and its influence persists in present-day Lisbon.","og_url":"https:\/\/becooltravel.com\/fr\/produit\/tour-visite-a-lisbonne-5-jours-6100s\/","og_site_name":"BeCool Travel","article_publisher":"https:\/\/www.facebook.com\/becooltravelagency\/","article_modified_time":"2026-03-18T12:27:25+00:00","og_image":[{"width":1199,"height":800,"url":"https:\/\/becooltravel.com\/wp-content\/uploads\/sites\/5\/2020\/06\/Lisboa_Bica_elevator.jpg","type":"image\/jpeg"}],"twitter_card":"summary_large_image","twitter_title":"Self-Guided Sightseeing The city was then rebuilt following a meticulous grid plan, with probably the first examples of earthquake-resistant constructions at a large scale in the world.","twitter_description":"The great richness acquired in this period with the trade of spices, slaves, sugar, textiles, and other goods, financed the exuberant Manueline style in architecture, to be seen in many buildings, including the Bel\u00e9m Tower and the Jer\u00f3nimos Monastery (both World Heritage Sites).","twitter_image":"https:\/\/i0.wp.com\/becooltravel.com\/wp-content\/uploads\/sites\/5\/2020\/06\/jeronimos_monastery_lisbon.jpg?fit=1200%2C750&ssl=1","twitter_site":"@becool_travel","twitter_misc":{"Dur\u00e9e de lecture estim\u00e9e":"3 minutes"},"schema":{"@context":"https:\/\/schema.org","@graph":[{"@type":["WebPage","ItemPage"],"@id":"https:\/\/becooltravel.com\/product\/sightseeing-tour-in-lisbon-5-days-6100s\/","url":"https:\/\/becooltravel.com\/product\/sightseeing-tour-in-lisbon-5-days-6100s\/","name":"Vacances \u00e0 Lisbonne, Riverside Gem","isPartOf":{"@id":"https:\/\/becooltravel.com\/#website"},"primaryImageOfPage":{"@id":"https:\/\/becooltravel.com\/product\/sightseeing-tour-in-lisbon-5-days-6100s\/#primaryimage"},"image":{"@id":"https:\/\/becooltravel.com\/product\/sightseeing-tour-in-lisbon-5-days-6100s\/#primaryimage"},"thumbnailUrl":"https:\/\/i0.wp.com\/becooltravel.com\/wp-content\/uploads\/sites\/5\/2020\/06\/Lisbon_sightseeing.jpg?fit=1200%2C801&ssl=1","datePublished":"2020-03-06T16:08:29+00:00","dateModified":"2026-03-18T12:27:25+00:00","description":"Visite autoguid\u00e9e dans l&#039;atmosph\u00e8re conviviale de Lisbonne avec vue sur le Rio Tejo, Alfama, le ch\u00e2teau S\u00e3o Jorge, le Chiado et le Bairro Alto. Gastronomie portugaise, avec un point culminant pour les fruits de mer, de d\u00e9licieux vins et les c\u00e9l\u00e8bres past\u00e9is de nata (tartes \u00e0 la cr\u00e8me)","breadcrumb":{"@id":"https:\/\/becooltravel.com\/product\/sightseeing-tour-in-lisbon-5-days-6100s\/#breadcrumb"},"inLanguage":"fr-FR","potentialAction":[{"@type":"ReadAction","target":["https:\/\/becooltravel.com\/product\/sightseeing-tour-in-lisbon-5-days-6100s\/"]}]},{"@type":"ImageObject","inLanguage":"fr-FR","@id":"https:\/\/becooltravel.com\/product\/sightseeing-tour-in-lisbon-5-days-6100s\/#primaryimage","url":"https:\/\/i0.wp.com\/becooltravel.com\/wp-content\/uploads\/sites\/5\/2020\/06\/Lisbon_sightseeing.jpg?fit=1200%2C801&ssl=1","contentUrl":"https:\/\/i0.wp.com\/becooltravel.com\/wp-content\/uploads\/sites\/5\/2020\/06\/Lisbon_sightseeing.jpg?fit=1200%2C801&ssl=1","width":1200,"height":801,"caption":"Sightseeing in Lisbon - Bica elevator tram"},{"@type":"BreadcrumbList","@id":"https:\/\/becooltravel.com\/product\/sightseeing-tour-in-lisbon-5-days-6100s\/#breadcrumb","itemListElement":[{"@type":"ListItem","position":1,"name":"Home","item":"https:\/\/becooltravel.com\/"},{"@type":"ListItem","position":2,"name":"Shop","item":"https:\/\/becooltravel.com\/?page_id=5"},{"@type":"ListItem","position":3,"name":"Alfama is the oldest district of Lisbon\/Lisboa (Portugal), spreading on the slope between the S\u00e3o Jorge Castle and the Tagus\/Tejo river. Its name comes from the Arabic Al-hamma, meaning \"hot fountains\" or \"baths\". It contains many important historical attractions.","item":"https:\/\/becooltravel.com\/product-tag\/alfama\/"},{"@type":"ListItem","position":4,"name":"Holidays in Lisbon, Riverside Gem"}]},{"@type":"WebSite","@id":"https:\/\/becooltravel.com\/#website","url":"https:\/\/becooltravel.com\/","name":"Voyage BeCool","description":"Des vacances durables au Portugal pour les voyageurs ind\u00e9pendants","publisher":{"@id":"https:\/\/becooltravel.com\/#organization"},"potentialAction":[{"@type":"SearchAction","target":{"@type":"EntryPoint","urlTemplate":"https:\/\/becooltravel.com\/?s={search_term_string}"},"query-input":{"@type":"PropertyValueSpecification","valueRequired":true,"valueName":"search_term_string"}}],"inLanguage":"fr-FR"},{"@type":"Organization","@id":"https:\/\/becooltravel.com\/#organization","name":"BecoolTravel. com- Portugal","url":"https:\/\/becooltravel.com\/","logo":{"@type":"ImageObject","inLanguage":"fr-FR","@id":"https:\/\/becooltravel.com\/#\/schema\/logo\/image\/","url":"https:\/\/becooltravel.com\/wp-content\/uploads\/sites\/5\/2020\/03\/Logo_BeCool.jpg","contentUrl":"https:\/\/becooltravel.com\/wp-content\/uploads\/sites\/5\/2020\/03\/Logo_BeCool.jpg","width":534,"height":534,"caption":"BecoolTravel. com- Portugal"},"image":{"@id":"https:\/\/becooltravel.com\/#\/schema\/logo\/image\/"},"sameAs":["https:\/\/www.facebook.com\/becooltravelagency\/","https:\/\/x.com\/becool_travel","https:\/\/www.instagram.com\/becooltravel_com\/","https:\/\/www.linkedin.com\/company\/becool-travel\/","https:\/\/www.youtube.com\/channel\/UCE7zRU3EVG1PgfXwQo-5uJw"]}]}},"jetpack_sharing_enabled":true,"_links":{"self":[{"href":"https:\/\/becooltravel.com\/fr\/wp-json\/wp\/v2\/product\/3743","targetHints":{"allow":["GET"]}}],"collection":[{"href":"https:\/\/becooltravel.com\/fr\/wp-json\/wp\/v2\/product"}],"about":[{"href":"https:\/\/becooltravel.com\/fr\/wp-json\/wp\/v2\/types\/product"}],"replies":[{"embeddable":true,"href":"https:\/\/becooltravel.com\/fr\/wp-json\/wp\/v2\/comments?post=3743"}],"wp:featuredmedia":[{"embeddable":true,"href":"https:\/\/becooltravel.com\/fr\/wp-json\/wp\/v2\/media\/5191"}],"wp:attachment":[{"href":"https:\/\/becooltravel.com\/fr\/wp-json\/wp\/v2\/media?parent=3743"}],"wp:term":[{"taxonomy":"product_brand","embeddable":true,"href":"https:\/\/becooltravel.com\/fr\/wp-json\/wp\/v2\/product_brand?post=3743"},{"taxonomy":"product_cat","embeddable":true,"href":"https:\/\/becooltravel.com\/fr\/wp-json\/wp\/v2\/product_cat?post=3743"},{"taxonomy":"product_tag","embeddable":true,"href":"https:\/\/becooltravel.com\/fr\/wp-json\/wp\/v2\/product_tag?post=3743"}],"curies":[{"name":"wp","href":"https:\/\/api.w.org\/{rel}","templated":true}]}}