{"id":3760,"date":"2020-03-06T14:19:39","date_gmt":"2020-03-06T14:19:39","guid":{"rendered":"https:\/\/becooltravel.com\/product\/walking-close-to-nature-in-the-west-algarve-praia-da-rocha-1603s\/"},"modified":"2026-03-18T12:11:42","modified_gmt":"2026-03-18T12:11:42","slug":"walking-the-trails-of-the-west-algarve-praia-da-rocha-1603s","status":"publish","type":"product","link":"https:\/\/becooltravel.com\/fr\/produit\/marcher-sur-les-sentiers-de-l-ouest-algarve-praia-da-rocha-1603s\/","title":{"rendered":"Praia da Rocha: parcourir les sentiers de l&#039;ouest de l&#039;Algarve"},"content":{"rendered":"<p>Marcher sur les sentiers de l&#039;ouest de l&#039;Algarve est une passionnante visite \u00e0 pied autoguid\u00e9e dans une destination paradisiaque pour les marcheurs. Le climat est parfait pour la randonn\u00e9e pendant la majeure partie de l&#039;ann\u00e9e, et la campagne regorge d&#039;animaux sauvages, de fleurs aux couleurs vives et de villages pittoresques. Le littoral pr\u00e9sente d&#039;impressionnantes formations rocheuses, des falaises, des plages isol\u00e9es et d&#039;\u00e9tonnants paysages marins bleus. La base de notre visite est Praia da Rocha, l&#039;une des stations baln\u00e9aires les plus pittoresques et les plus c\u00e9l\u00e8bres de l&#039;Algarve.<\/p>\n<p>Les promenades de cette passionnante visite autoguid\u00e9e offrent un m\u00e9lange int\u00e9ressant de paysages c\u00f4tiers et de campagne afin que vous puissiez d\u00e9couvrir cette partie sp\u00e9ciale de l&#039;Algarve.<\/p>\n<p>&nbsp;<\/p>\n<div id=\"attachment_1927\" style=\"width: 1034px\" class=\"wp-caption alignnone\"><img data-recalc-dims=\"1\" decoding=\"async\" aria-describedby=\"caption-attachment-1927\" class=\"wp-image-1927 size-large\" title=\"Marcher dans l&#039;ouest de l&#039;Algarve Alvor\" src=\"https:\/\/i0.wp.com\/legendatours.net\/wp-content\/uploads\/2020\/03\/Walking_WestAlgarve-1024x683.jpg?resize=1024%2C683&#038;ssl=1\" alt=\"Marcher dans l&#039;ouest de l&#039;Algarve Alvor\" width=\"1024\" height=\"683\" \/><p id=\"caption-attachment-1927\" class=\"wp-caption-text\">Marcher \u00e0 l&#039;ouest de l&#039;Algarve. Promenez-vous dans la verdure luxuriante des for\u00eats, sur fond de bleu oc\u00e9an et toujours dans des endroits incroyables pleins d&#039;animaux sauvages !<\/p><\/div>\n<p>Il y a des promenades int\u00e9rieures inattendues dans des lieux o\u00f9 la vie tourne au rythme des saisons, le plus souvent sur des sentiers non touristiques, hors des sentiers battus. Il nous donne un aper\u00e7u du mode de vie traditionnel de l&#039;Algarve alors que nous traversons d&#039;anciennes terres agricoles, de petites exploitations et des vergers parfum\u00e9s, le long de la magnifique rivi\u00e8re Arade et de ses rives fertiles, menant \u00e0 Silves, l&#039;ancienne capitale maure de l&#039;Algarve.<\/p>\n<p>Un autre point culminant est l&#039;estuaire abrit\u00e9 d&#039;Alvor, un havre naturel avec un large \u00e9ventail d&#039;habitats et une riche biodiversit\u00e9. Les promenades empruntent des sentiers et des ruelles tranquilles \u00e0 travers une vari\u00e9t\u00e9 de paysages de marais salants, de terres agricoles, de p\u00e2turages et de vergers. C&#039;est id\u00e9al pour l&#039;observation des oiseaux, alors emportez vos jumelles !<\/p>\n<p>&nbsp;<\/p>\n<div id=\"attachment_1926\" style=\"width: 1034px\" class=\"wp-caption alignnone\"><img data-recalc-dims=\"1\" decoding=\"async\" aria-describedby=\"caption-attachment-1926\" class=\"wp-image-1926 size-large\" title=\"Marcher dans l&#039;ouest inconnu de l&#039;Algarve\" src=\"https:\/\/i0.wp.com\/legendatours.net\/wp-content\/uploads\/2020\/03\/Walking_in_the_unknown_WestAlgarve-1024x683.jpg?resize=1024%2C683&#038;ssl=1\" alt=\"Marcher dans l&#039;ouest inconnu de l&#039;Algarve\" width=\"1024\" height=\"683\" \/><p id=\"caption-attachment-1926\" class=\"wp-caption-text\">Marcher dans l&#039;ouest de l&#039;Algarve. Promenez-vous le long de la vall\u00e9e fertile de la rivi\u00e8re Arade, parfum\u00e9e au parfum de la fleur d&#039;oranger, en profitant de l&#039;impressionnant paysage naturel.<\/p><\/div>\n<p>Le village pittoresque de Ferragudo est un excellent exemple de village de p\u00eacheurs typique, avec une multitude de bateaux de p\u00eache color\u00e9s et de maisons blanchies \u00e0 la chaux bord\u00e9es de bleu frais.<\/p>\n<p>Cette visite \u00e0 pied autoguid\u00e9e de l&#039;ouest de l&#039;Algarve a quelque chose pour tout le monde, et vous serez g\u00e2t\u00e9 par la vari\u00e9t\u00e9 et la beaut\u00e9 des lieux de randonn\u00e9e.<\/p>\n<p>La lumi\u00e8re et le temps sur l&#039;ouest de l&#039;Algarve sont fantastiques, m\u00eame pendant les mois d&#039;hiver, ce qui en fait une belle r\u00e9gion pour la marche et les activit\u00e9s de nature. Dans les petites rues pav\u00e9es des villages pittoresques, vous trouverez des maisons blanchies \u00e0 la chaux, des caf\u00e9s et un mode de vie tranquille.<\/p>\n<p>&nbsp;<\/p>\n<div id=\"attachment_1918\" style=\"width: 1034px\" class=\"wp-caption alignnone\"><img data-recalc-dims=\"1\" decoding=\"async\" aria-describedby=\"caption-attachment-1918\" class=\"wp-image-1918 size-large\" src=\"https:\/\/i0.wp.com\/legendatours.net\/wp-content\/uploads\/2020\/03\/walk_beach-1024x715.jpg?resize=1024%2C715&#038;ssl=1\" alt=\"Marcher sur la plage\" width=\"1024\" height=\"715\" \/><p id=\"caption-attachment-1918\" class=\"wp-caption-text\">Promenez-vous sur la plage, avec certaines des plus belles vues du paysage c\u00f4tier de l&#039;Algarve.<\/p><\/div>\n<p>Quelle que soit la partie de l&#039;ouest de l&#039;Algarve o\u00f9 vos sentiers de randonn\u00e9e vous m\u00e8nent, vous trouverez un peuple accueillant et sympathique, d&#039;excellents vins locaux et une cuisine d\u00e9licieuse, du poisson le plus frais aux plats r\u00e9gionaux pleins de saveurs.<\/p>\n<p>Pour entrer dans la peau de l&#039;ouest de l&#039;Algarve et le voir sous son meilleur jour, profitez de nos promenades s\u00e9lectionn\u00e9es, car elles combinent tous les ingr\u00e9dients pour des vacances de marche parfaites tout en donnant un v\u00e9ritable sentiment d&#039;appartenance.<\/p>\n<p>Nos visites \u00e0 pied autoguid\u00e9es sont soigneusement con\u00e7ues et comprennent toutes les informations dont vous avez besoin, des cartes d\u00e9taill\u00e9es et des notes d&#039;itin\u00e9raire \u00e0 une hotline 24h \/ 24. L&#039;h\u00e9bergement, les transferts a\u00e9roport et les transports sont inclus dans le programme de marche.<\/p>\n<p>&nbsp;<\/p>\n<p>&nbsp;<\/p>\n<div class=\"row\" style=\"display: flex;\">\n<div class=\"column\" style=\"flex: 45%;\"><\/div>\n<div class=\"column\" style=\"flex: 10%;\"><\/div>\n<div class=\"column\" style=\"flex: 45%;\">\n<p><iframe title=\"Alvor - Algarve - Portugal HD\" width=\"1080\" height=\"608\" src=\"https:\/\/www.youtube.com\/embed\/sVo97Fycs5k?feature=oembed\" frameborder=\"0\" allow=\"accelerometer; autoplay; clipboard-write; encrypted-media; gyroscope; picture-in-picture; web-share\" referrerpolicy=\"strict-origin-when-cross-origin\" allowfullscreen><\/iframe><\/p>\n<\/div>\n<\/div>","protected":false},"excerpt":{"rendered":"<p>Marcher sur les sentiers de l&#039;ouest de l&#039;Algarve est une passionnante visite \u00e0 pied autoguid\u00e9e dans une destination paradisiaque pour les marcheurs. Le climat est parfait pour la randonn\u00e9e pendant la majeure partie de l&#039;ann\u00e9e, et la campagne regorge d&#039;animaux sauvages, de fleurs aux couleurs vives et de villages pittoresques. Le littoral pr\u00e9sente d&#039;impressionnantes formations rocheuses, des falaises, des plages isol\u00e9es et d&#039;\u00e9tonnants paysages marins bleus. La base de notre visite est Praia da Rocha, l&#039;une des stations baln\u00e9aires les plus pittoresques et les plus c\u00e9l\u00e8bres de l&#039;Algarve.<\/p>","protected":false},"featured_media":4766,"comment_status":"closed","ping_status":"closed","template":"","meta":{"_acf_changed":false,"inline_featured_image":false},"product_brand":[],"product_cat":[327,338],"product_tag":[311,1053,794,795,296,121,796,630,797,783,244,798,784,785,131,799,786,314,800,1060,1054,1061,1062,1063,1064,801,316,787,802,73,753,321,803,804,805,806,790,249,566,1065,1066,1067,1068,1069,807,808,1055,322,323,728,609,417,1056,1070,1057,724,809,1071,1072,1073,810,1058,1074,1059,59,545,60,88,61,308,811,62,793],"class_list":{"0":"post-3760","1":"product","2":"type-product","3":"status-publish","4":"has-post-thumbnail","6":"product_cat-self-guided-tours-portugal","7":"product_cat-self-guided-walking-holidays","8":"product_tag-algarve","9":"product_tag-alleine-reisen","10":"product_tag-almonds","11":"product_tag-alvor","12":"product_tag-beaches","13":"product_tag-bird-watching","14":"product_tag-carobs","15":"product_tag-caves","16":"product_tag-cliff-top","17":"product_tag-cliffs","18":"product_tag-coastal-algarve","19":"product_tag-countryside","20":"product_tag-culture","21":"product_tag-delicious-food","22":"product_tag-east-algarve","23":"product_tag-golden-beaches","24":"product_tag-grottoes","25":"product_tag-hiking","26":"product_tag-history","27":"product_tag-individual-hiking","28":"product_tag-individuelle-touren","29":"product_tag-individuelle-trekkingreisen","30":"product_tag-individuelle-wandern","31":"product_tag-individuelle-wanderreisen","32":"product_tag-individuelle-wandertouren","33":"product_tag-inland-algarve","34":"product_tag-itinerary-of-walks","35":"product_tag-limestone-rocks","36":"product_tag-lush-green-hills","37":"product_tag-natural-scenery","38":"product_tag-nature-hikes","39":"product_tag-nature-walks","40":"product_tag-olives","41":"product_tag-oranges","42":"product_tag-orchards","43":"product_tag-paths","44":"product_tag-picturesque-landscapes","45":"product_tag-portimao","46":"product_tag-praia-da-rocha","47":"product_tag-rando-autoguidee","48":"product_tag-rando-liberte","49":"product_tag-randonnee-autoguidee","50":"product_tag-randonnee-en-liberte","51":"product_tag-randonnee-liberte","52":"product_tag-ria-de-alvor","53":"product_tag-rocha-delicada","54":"product_tag-sejour-en-liberte","55":"product_tag-self-guided","56":"product_tag-self-guided-walking-holiday","57":"product_tag-self-guided-walking-tour","58":"product_tag-sightseeing","59":"product_tag-silves","60":"product_tag-solo-reisen","61":"product_tag-solo-wandern","62":"product_tag-tours-autoguidees","63":"product_tag-tours-in-portugal","64":"product_tag-trails","65":"product_tag-trek-en-liberte","66":"product_tag-trek-solo","67":"product_tag-trekking-solo","68":"product_tag-vale-da-lama","69":"product_tag-voyage-en-liberte","70":"product_tag-voyages-a-pied-en-liberte","71":"product_tag-voyages-en-autonomie","72":"product_tag-walking","73":"product_tag-walking-holiday","74":"product_tag-walking-holidays","75":"product_tag-walking-tour","76":"product_tag-walking-tours","77":"product_tag-walking-trails","78":"product_tag-walks","79":"product_tag-west-algarve","80":"product_tag-wines","82":"first","83":"instock","84":"virtual","85":"product-type-simple"},"acf":[],"yoast_head":"<!-- This site is optimized with the Yoast SEO Premium plugin v26.8 (Yoast SEO v27.5) - https:\/\/yoast.com\/product\/yoast-seo-premium-wordpress\/ -->\n<title>Praia da Rocha: Walking the Trails of the West Algarve<\/title>\n<meta name=\"description\" content=\"Praia da Rocha Walking the Trails of the West Algarve a walker\u2019s paradise destination. The climate is perfect for hiking , and the countryside teems with wildlife.\" \/>\n<meta name=\"robots\" content=\"index, follow, max-snippet:-1, max-image-preview:large, max-video-preview:-1\" \/>\n<link rel=\"canonical\" href=\"https:\/\/becooltravel.com\/fr\/produit\/marcher-sur-les-sentiers-de-l-ouest-algarve-praia-da-rocha-1603s\/\" \/>\n<meta property=\"og:locale\" content=\"fr_FR\" \/>\n<meta property=\"og:type\" content=\"article\" \/>\n<meta property=\"og:title\" content=\"Praia da Rocha: Walking the Trails of the West Algarve a walker\u2019s paradise destination\" \/>\n<meta property=\"og:description\" content=\"Fabulous walks along the coast featuring spectacular rock formations, caves, beautiful quiet beaches, rugged cliffs with unforgettable seascapes and quaint fishing villages.\" \/>\n<meta property=\"og:url\" content=\"https:\/\/becooltravel.com\/fr\/produit\/marcher-sur-les-sentiers-de-l-ouest-algarve-praia-da-rocha-1603s\/\" \/>\n<meta property=\"og:site_name\" content=\"BeCool Travel\" \/>\n<meta property=\"article:publisher\" content=\"https:\/\/www.facebook.com\/becooltravelagency\/\" \/>\n<meta property=\"article:modified_time\" content=\"2026-03-18T12:11:42+00:00\" \/>\n<meta property=\"og:image\" content=\"https:\/\/becooltravel.com\/wp-content\/uploads\/sites\/5\/2020\/05\/silves.jpg\" \/>\n\t<meta property=\"og:image:width\" content=\"1200\" \/>\n\t<meta property=\"og:image:height\" content=\"900\" \/>\n\t<meta property=\"og:image:type\" content=\"image\/jpeg\" \/>\n<meta name=\"twitter:card\" content=\"summary_large_image\" \/>\n<meta name=\"twitter:title\" content=\"Praia da Rocha: Walking the Trails of the West Algarve a walker\u2019s paradise destination\" \/>\n<meta name=\"twitter:description\" content=\"The sheltered Alvor estuary is a natural haven with a wide array of habitats and rich biodiversity. The walks use quiet paths and lanes to take us through a variety of landscapes from salt marshes, farmland, pastures and orchards.\" \/>\n<meta name=\"twitter:image\" content=\"https:\/\/i0.wp.com\/becooltravel.com\/wp-content\/uploads\/sites\/5\/2020\/05\/Charming-blue-houses-in-the-West-Algarve.jpg?fit=1196%2C800&ssl=1\" \/>\n<meta name=\"twitter:site\" content=\"@becool_travel\" \/>\n<meta name=\"twitter:label1\" content=\"Dur\u00e9e de lecture estim\u00e9e\" \/>\n\t<meta name=\"twitter:data1\" content=\"3 minutes\" \/>\n<script type=\"application\/ld+json\" class=\"yoast-schema-graph\">{\"@context\":\"https:\\\/\\\/schema.org\",\"@graph\":[{\"@type\":\"WebPage\",\"@id\":\"https:\\\/\\\/becooltravel.com\\\/product\\\/walking-the-trails-of-the-west-algarve-praia-da-rocha-1603s\\\/\",\"url\":\"https:\\\/\\\/becooltravel.com\\\/product\\\/walking-the-trails-of-the-west-algarve-praia-da-rocha-1603s\\\/\",\"name\":\"Praia da Rocha: Walking the Trails of the West Algarve\",\"isPartOf\":{\"@id\":\"https:\\\/\\\/becooltravel.com\\\/#website\"},\"primaryImageOfPage\":{\"@id\":\"https:\\\/\\\/becooltravel.com\\\/product\\\/walking-the-trails-of-the-west-algarve-praia-da-rocha-1603s\\\/#primaryimage\"},\"image\":{\"@id\":\"https:\\\/\\\/becooltravel.com\\\/product\\\/walking-the-trails-of-the-west-algarve-praia-da-rocha-1603s\\\/#primaryimage\"},\"thumbnailUrl\":\"https:\\\/\\\/i0.wp.com\\\/becooltravel.com\\\/wp-content\\\/uploads\\\/sites\\\/5\\\/2020\\\/05\\\/Self_guided_walk_WestAlgarve.jpg?fit=1200%2C800&ssl=1\",\"datePublished\":\"2020-03-06T14:19:39+00:00\",\"dateModified\":\"2026-03-18T12:11:42+00:00\",\"description\":\"Praia da Rocha Walking the Trails of the West Algarve a walker\u2019s paradise destination. The climate is perfect for hiking , and the countryside teems with wildlife.\",\"breadcrumb\":{\"@id\":\"https:\\\/\\\/becooltravel.com\\\/product\\\/walking-the-trails-of-the-west-algarve-praia-da-rocha-1603s\\\/#breadcrumb\"},\"inLanguage\":\"fr-FR\",\"potentialAction\":[{\"@type\":\"ReadAction\",\"target\":[\"https:\\\/\\\/becooltravel.com\\\/product\\\/walking-the-trails-of-the-west-algarve-praia-da-rocha-1603s\\\/\"]}]},{\"@type\":\"ImageObject\",\"inLanguage\":\"fr-FR\",\"@id\":\"https:\\\/\\\/becooltravel.com\\\/product\\\/walking-the-trails-of-the-west-algarve-praia-da-rocha-1603s\\\/#primaryimage\",\"url\":\"https:\\\/\\\/i0.wp.com\\\/becooltravel.com\\\/wp-content\\\/uploads\\\/sites\\\/5\\\/2020\\\/05\\\/Self_guided_walk_WestAlgarve.jpg?fit=1200%2C800&ssl=1\",\"contentUrl\":\"https:\\\/\\\/i0.wp.com\\\/becooltravel.com\\\/wp-content\\\/uploads\\\/sites\\\/5\\\/2020\\\/05\\\/Self_guided_walk_WestAlgarve.jpg?fit=1200%2C800&ssl=1\",\"width\":1200,\"height\":800,\"caption\":\"Self guided walk West Algarve\"},{\"@type\":\"BreadcrumbList\",\"@id\":\"https:\\\/\\\/becooltravel.com\\\/product\\\/walking-the-trails-of-the-west-algarve-praia-da-rocha-1603s\\\/#breadcrumb\",\"itemListElement\":[{\"@type\":\"ListItem\",\"position\":1,\"name\":\"Home\",\"item\":\"https:\\\/\\\/becooltravel.com\\\/\"},{\"@type\":\"ListItem\",\"position\":2,\"name\":\"Shop\",\"item\":\"https:\\\/\\\/becooltravel.com\\\/?page_id=5\"},{\"@type\":\"ListItem\",\"position\":3,\"name\":\"Algarve holidays . You can use\u00a0footpaths and walking\u00a0 trails\u00a0to get to know the region, such as the\u00a0Algarve Way\u00a0or the\u00a0Vicentine Route along one of the best preserved coastal stretches.\",\"item\":\"https:\\\/\\\/becooltravel.com\\\/product-tag\\\/algarve\\\/\"},{\"@type\":\"ListItem\",\"position\":4,\"name\":\"Praia da Rocha: Walking the Trails of the West Algarve a walker\u2019s paradise destination\"}]},{\"@type\":\"WebSite\",\"@id\":\"https:\\\/\\\/becooltravel.com\\\/#website\",\"url\":\"https:\\\/\\\/becooltravel.com\\\/\",\"name\":\"BeCool Travel\",\"description\":\"Sustainable holidays in Portugal for independent travelers\",\"publisher\":{\"@id\":\"https:\\\/\\\/becooltravel.com\\\/#organization\"},\"potentialAction\":[{\"@type\":\"SearchAction\",\"target\":{\"@type\":\"EntryPoint\",\"urlTemplate\":\"https:\\\/\\\/becooltravel.com\\\/?s={search_term_string}\"},\"query-input\":{\"@type\":\"PropertyValueSpecification\",\"valueRequired\":true,\"valueName\":\"search_term_string\"}}],\"inLanguage\":\"fr-FR\"},{\"@type\":\"Organization\",\"@id\":\"https:\\\/\\\/becooltravel.com\\\/#organization\",\"name\":\"BecoolTravel. com- Portugal\",\"url\":\"https:\\\/\\\/becooltravel.com\\\/\",\"logo\":{\"@type\":\"ImageObject\",\"inLanguage\":\"fr-FR\",\"@id\":\"https:\\\/\\\/becooltravel.com\\\/#\\\/schema\\\/logo\\\/image\\\/\",\"url\":\"https:\\\/\\\/becooltravel.com\\\/wp-content\\\/uploads\\\/sites\\\/5\\\/2020\\\/03\\\/Logo_BeCool.jpg\",\"contentUrl\":\"https:\\\/\\\/becooltravel.com\\\/wp-content\\\/uploads\\\/sites\\\/5\\\/2020\\\/03\\\/Logo_BeCool.jpg\",\"width\":534,\"height\":534,\"caption\":\"BecoolTravel. com- Portugal\"},\"image\":{\"@id\":\"https:\\\/\\\/becooltravel.com\\\/#\\\/schema\\\/logo\\\/image\\\/\"},\"sameAs\":[\"https:\\\/\\\/www.facebook.com\\\/becooltravelagency\\\/\",\"https:\\\/\\\/x.com\\\/becool_travel\",\"https:\\\/\\\/www.instagram.com\\\/becooltravel_com\\\/\",\"https:\\\/\\\/www.linkedin.com\\\/company\\\/becool-travel\\\/\",\"https:\\\/\\\/www.youtube.com\\\/channel\\\/UCE7zRU3EVG1PgfXwQo-5uJw\"]}]}<\/script>\n<!-- \/ Yoast SEO Premium plugin. -->","yoast_head_json":{"title":"Praia da Rocha: parcourir les sentiers de l&#039;ouest de l&#039;Algarve","description":"Praia da Rocha Marcher sur les sentiers de l&#039;ouest de l&#039;Algarve est une destination paradisiaque pour les randonneurs. Le climat est parfait pour la randonn\u00e9e et la campagne regorge d&#039;animaux sauvages.","robots":{"index":"index","follow":"follow","max-snippet":"max-snippet:-1","max-image-preview":"max-image-preview:large","max-video-preview":"max-video-preview:-1"},"canonical":"https:\/\/becooltravel.com\/fr\/produit\/marcher-sur-les-sentiers-de-l-ouest-algarve-praia-da-rocha-1603s\/","og_locale":"fr_FR","og_type":"article","og_title":"Praia da Rocha: Walking the Trails of the West Algarve a walker\u2019s paradise destination","og_description":"Fabulous walks along the coast featuring spectacular rock formations, caves, beautiful quiet beaches, rugged cliffs with unforgettable seascapes and quaint fishing villages.","og_url":"https:\/\/becooltravel.com\/fr\/produit\/marcher-sur-les-sentiers-de-l-ouest-algarve-praia-da-rocha-1603s\/","og_site_name":"BeCool Travel","article_publisher":"https:\/\/www.facebook.com\/becooltravelagency\/","article_modified_time":"2026-03-18T12:11:42+00:00","og_image":[{"width":1200,"height":900,"url":"https:\/\/becooltravel.com\/wp-content\/uploads\/sites\/5\/2020\/05\/silves.jpg","type":"image\/jpeg"}],"twitter_card":"summary_large_image","twitter_title":"Praia da Rocha: Walking the Trails of the West Algarve a walker\u2019s paradise destination","twitter_description":"The sheltered Alvor estuary is a natural haven with a wide array of habitats and rich biodiversity. The walks use quiet paths and lanes to take us through a variety of landscapes from salt marshes, farmland, pastures and orchards.","twitter_image":"https:\/\/i0.wp.com\/becooltravel.com\/wp-content\/uploads\/sites\/5\/2020\/05\/Charming-blue-houses-in-the-West-Algarve.jpg?fit=1196%2C800&ssl=1","twitter_site":"@becool_travel","twitter_misc":{"Dur\u00e9e de lecture estim\u00e9e":"3 minutes"},"schema":{"@context":"https:\/\/schema.org","@graph":[{"@type":"WebPage","@id":"https:\/\/becooltravel.com\/product\/walking-the-trails-of-the-west-algarve-praia-da-rocha-1603s\/","url":"https:\/\/becooltravel.com\/product\/walking-the-trails-of-the-west-algarve-praia-da-rocha-1603s\/","name":"Praia da Rocha: parcourir les sentiers de l&#039;ouest de l&#039;Algarve","isPartOf":{"@id":"https:\/\/becooltravel.com\/#website"},"primaryImageOfPage":{"@id":"https:\/\/becooltravel.com\/product\/walking-the-trails-of-the-west-algarve-praia-da-rocha-1603s\/#primaryimage"},"image":{"@id":"https:\/\/becooltravel.com\/product\/walking-the-trails-of-the-west-algarve-praia-da-rocha-1603s\/#primaryimage"},"thumbnailUrl":"https:\/\/i0.wp.com\/becooltravel.com\/wp-content\/uploads\/sites\/5\/2020\/05\/Self_guided_walk_WestAlgarve.jpg?fit=1200%2C800&ssl=1","datePublished":"2020-03-06T14:19:39+00:00","dateModified":"2026-03-18T12:11:42+00:00","description":"Praia da Rocha Marcher sur les sentiers de l&#039;ouest de l&#039;Algarve est une destination paradisiaque pour les randonneurs. Le climat est parfait pour la randonn\u00e9e et la campagne regorge d&#039;animaux sauvages.","breadcrumb":{"@id":"https:\/\/becooltravel.com\/product\/walking-the-trails-of-the-west-algarve-praia-da-rocha-1603s\/#breadcrumb"},"inLanguage":"fr-FR","potentialAction":[{"@type":"ReadAction","target":["https:\/\/becooltravel.com\/product\/walking-the-trails-of-the-west-algarve-praia-da-rocha-1603s\/"]}]},{"@type":"ImageObject","inLanguage":"fr-FR","@id":"https:\/\/becooltravel.com\/product\/walking-the-trails-of-the-west-algarve-praia-da-rocha-1603s\/#primaryimage","url":"https:\/\/i0.wp.com\/becooltravel.com\/wp-content\/uploads\/sites\/5\/2020\/05\/Self_guided_walk_WestAlgarve.jpg?fit=1200%2C800&ssl=1","contentUrl":"https:\/\/i0.wp.com\/becooltravel.com\/wp-content\/uploads\/sites\/5\/2020\/05\/Self_guided_walk_WestAlgarve.jpg?fit=1200%2C800&ssl=1","width":1200,"height":800,"caption":"Self guided walk West Algarve"},{"@type":"BreadcrumbList","@id":"https:\/\/becooltravel.com\/product\/walking-the-trails-of-the-west-algarve-praia-da-rocha-1603s\/#breadcrumb","itemListElement":[{"@type":"ListItem","position":1,"name":"Home","item":"https:\/\/becooltravel.com\/"},{"@type":"ListItem","position":2,"name":"Shop","item":"https:\/\/becooltravel.com\/?page_id=5"},{"@type":"ListItem","position":3,"name":"Algarve holidays . You can use\u00a0footpaths and walking\u00a0 trails\u00a0to get to know the region, such as the\u00a0Algarve Way\u00a0or the\u00a0Vicentine Route along one of the best preserved coastal stretches.","item":"https:\/\/becooltravel.com\/product-tag\/algarve\/"},{"@type":"ListItem","position":4,"name":"Praia da Rocha: Walking the Trails of the West Algarve a walker\u2019s paradise destination"}]},{"@type":"WebSite","@id":"https:\/\/becooltravel.com\/#website","url":"https:\/\/becooltravel.com\/","name":"Voyage BeCool","description":"Des vacances durables au Portugal pour les voyageurs ind\u00e9pendants","publisher":{"@id":"https:\/\/becooltravel.com\/#organization"},"potentialAction":[{"@type":"SearchAction","target":{"@type":"EntryPoint","urlTemplate":"https:\/\/becooltravel.com\/?s={search_term_string}"},"query-input":{"@type":"PropertyValueSpecification","valueRequired":true,"valueName":"search_term_string"}}],"inLanguage":"fr-FR"},{"@type":"Organization","@id":"https:\/\/becooltravel.com\/#organization","name":"BecoolTravel. com- Portugal","url":"https:\/\/becooltravel.com\/","logo":{"@type":"ImageObject","inLanguage":"fr-FR","@id":"https:\/\/becooltravel.com\/#\/schema\/logo\/image\/","url":"https:\/\/becooltravel.com\/wp-content\/uploads\/sites\/5\/2020\/03\/Logo_BeCool.jpg","contentUrl":"https:\/\/becooltravel.com\/wp-content\/uploads\/sites\/5\/2020\/03\/Logo_BeCool.jpg","width":534,"height":534,"caption":"BecoolTravel. com- Portugal"},"image":{"@id":"https:\/\/becooltravel.com\/#\/schema\/logo\/image\/"},"sameAs":["https:\/\/www.facebook.com\/becooltravelagency\/","https:\/\/x.com\/becool_travel","https:\/\/www.instagram.com\/becooltravel_com\/","https:\/\/www.linkedin.com\/company\/becool-travel\/","https:\/\/www.youtube.com\/channel\/UCE7zRU3EVG1PgfXwQo-5uJw"]}]}},"jetpack_sharing_enabled":true,"_links":{"self":[{"href":"https:\/\/becooltravel.com\/fr\/wp-json\/wp\/v2\/product\/3760","targetHints":{"allow":["GET"]}}],"collection":[{"href":"https:\/\/becooltravel.com\/fr\/wp-json\/wp\/v2\/product"}],"about":[{"href":"https:\/\/becooltravel.com\/fr\/wp-json\/wp\/v2\/types\/product"}],"replies":[{"embeddable":true,"href":"https:\/\/becooltravel.com\/fr\/wp-json\/wp\/v2\/comments?post=3760"}],"wp:featuredmedia":[{"embeddable":true,"href":"https:\/\/becooltravel.com\/fr\/wp-json\/wp\/v2\/media\/4766"}],"wp:attachment":[{"href":"https:\/\/becooltravel.com\/fr\/wp-json\/wp\/v2\/media?parent=3760"}],"wp:term":[{"taxonomy":"product_brand","embeddable":true,"href":"https:\/\/becooltravel.com\/fr\/wp-json\/wp\/v2\/product_brand?post=3760"},{"taxonomy":"product_cat","embeddable":true,"href":"https:\/\/becooltravel.com\/fr\/wp-json\/wp\/v2\/product_cat?post=3760"},{"taxonomy":"product_tag","embeddable":true,"href":"https:\/\/becooltravel.com\/fr\/wp-json\/wp\/v2\/product_tag?post=3760"}],"curies":[{"name":"wp","href":"https:\/\/api.w.org\/{rel}","templated":true}]}}