{"id":3761,"date":"2020-03-06T13:35:32","date_gmt":"2020-03-06T13:35:32","guid":{"rendered":"https:\/\/becooltravel.com\/product\/walking-close-to-nature-in-the-west-algarve-carvoeiro-1602s\/"},"modified":"2026-03-18T12:50:46","modified_gmt":"2026-03-18T12:50:46","slug":"walking-close-to-nature-in-the-west-algarve-carvoeiro-1602s","status":"publish","type":"product","link":"https:\/\/becooltravel.com\/fr\/produit\/marche-proche-de-la-nature-dans-l-ouest-algarve-carvoeiro-1602s\/","title":{"rendered":"Vacances \u00e0 Carvoeiro: marcher pr\u00e8s de la nature dans l&#039;ouest de l&#039;Algarve"},"content":{"rendered":"<p>Marcher pr\u00e8s de la nature dans l&#039;ouest de l&#039;Algarve est une visite \u00e0 pied autoguid\u00e9e pour ceux qui aiment explorer et \u00eatre surpris. Promenez-vous dans la verdure luxuriante des for\u00eats ou au sommet de magnifiques falaises sur fond de bleu oc\u00e9an, toujours dans des endroits \u00e9tonnants regorgeant d&#039;animaux sauvages. Notre base se trouve \u00e0 Carvoeiro, une pittoresque station baln\u00e9aire c\u00f4ti\u00e8re.<\/p>\n<p>Les promenades de cette passionnante visite autoguid\u00e9e offrent un m\u00e9lange int\u00e9ressant de paysages c\u00f4tiers et de campagne afin que vous puissiez d\u00e9couvrir cette partie sp\u00e9ciale de l&#039;Algarve.<\/p>\n<div id=\"attachment_1956\" style=\"width: 1034px\" class=\"wp-caption alignnone\"><img data-recalc-dims=\"1\" decoding=\"async\" aria-describedby=\"caption-attachment-1956\" class=\"wp-image-1956 size-large\" title=\"Domaine viticole ouest de l&#039;Algarve\" src=\"https:\/\/i0.wp.com\/legendatours.net\/wp-content\/uploads\/2020\/03\/Wine_estate_WestAlgarve-1024x683.jpg?resize=1024%2C683&#038;ssl=1\" alt=\"Domaine viticole ouest de l&#039;Algarve\" width=\"1024\" height=\"683\" \/><p id=\"caption-attachment-1956\" class=\"wp-caption-text\">Domaine viticole de l&#039;ouest de l&#039;Algarve. Visite recommand\u00e9e d&#039;un domaine viticole pour une d\u00e9gustation de vins.<\/p><\/div>\n<p>La visite est bas\u00e9e \u00e0 Carvoeiro, une station baln\u00e9aire qui a beaucoup \u00e0 offrir, notamment des plages immacul\u00e9es, une ambiance portugaise traditionnelle et une vaste s\u00e9lection de restaurants et de bars. Carvoeiro est un paradis pour les randonneurs avec de nombreux itin\u00e9raires et sentiers de randonn\u00e9e qui suivent les collines int\u00e9rieures et le littoral spectaculaire.<\/p>\n<p>Le paysage de l&#039;ouest de l&#039;Algarve est connu pour ses falaises escarp\u00e9es, ses grottes et ses grottes, ses belles plages et ses villages de p\u00eacheurs en bord de mer. C&#039;est encore un mode de vie important dans cette r\u00e9gion, naturellement vou\u00e9e au tourisme, mais avec bien des secrets \u00e0 d\u00e9voiler. Le long de la c\u00f4te, les p\u00eacheurs vont \u00e0 la mer pour les sardines et les poulpes, et \u00e0 mar\u00e9e basse, vous pouvez voir des gens chercher des fruits de mer.<\/p>\n<p>Cette toile de fond de la vie r\u00e9elle est l&#039;une des meilleures couches de vos vacances \u00e0 pied autoguid\u00e9es dans l&#039;ouest de l&#039;Algarve !<\/p>\n<div id=\"attachment_1952\" style=\"width: 1034px\" class=\"wp-caption alignnone\"><img data-recalc-dims=\"1\" decoding=\"async\" aria-describedby=\"caption-attachment-1952\" class=\"wp-image-1952 size-large\" title=\"Incroyables promenades c\u00f4ti\u00e8res Carvoeiro\" src=\"https:\/\/i0.wp.com\/legendatours.net\/wp-content\/uploads\/2020\/03\/AmazingCoastalWalks_Carvoeiro-1024x683.jpg?resize=1024%2C683&#038;ssl=1\" alt=\"Incroyables promenades c\u00f4ti\u00e8res Carvoeiro\" width=\"1024\" height=\"683\" \/><p id=\"caption-attachment-1952\" class=\"wp-caption-text\">Amazing Coastal Walks Carvoeiro, de superbes paysages c\u00f4tiers, dans des sentiers embl\u00e9matiques de hautes falaises aux eaux cristallines en dessous.<\/p><\/div>\n<p>\u00c0 l&#039;int\u00e9rieur des terres, dans les collines verdoyantes, vous verrez un mode de vie qui a disparu de la plupart des pays europ\u00e9ens, o\u00f9 les jours tournent autour des saisons. Nos promenades visitent des zones en dehors des routes touristiques normales, nous donnant un aper\u00e7u du mode de vie traditionnel de l&#039;Algarve alors que nous traversons d&#039;anciennes terres agricoles, de petites exploitations et des vergers parfum\u00e9s.<\/p>\n<p>La lumi\u00e8re et le temps sur l&#039;ouest de l&#039;Algarve sont fantastiques, m\u00eame pendant les mois d&#039;hiver, ce qui en fait une belle r\u00e9gion pour la marche et les activit\u00e9s de nature. Dans les petites rues pav\u00e9es des villages pittoresques, vous trouverez des maisons blanchies \u00e0 la chaux, des caf\u00e9s et un mode de vie tranquille.<\/p>\n<div id=\"attachment_1924\" style=\"width: 1034px\" class=\"wp-caption alignnone\"><img data-recalc-dims=\"1\" decoding=\"async\" aria-describedby=\"caption-attachment-1924\" class=\"wp-image-1924 size-large\" title=\"Marcher dans les falaises\" src=\"https:\/\/i0.wp.com\/legendatours.net\/wp-content\/uploads\/2020\/03\/Walking_cliffs_Selfguided-1024x683.jpg?resize=1024%2C683&#038;ssl=1\" alt=\"Marcher dans les falaises\" width=\"1024\" height=\"683\" \/><p id=\"caption-attachment-1924\" class=\"wp-caption-text\">Marcher dans les falaises. Des couleurs \u00e9tonnantes que les photos ne rendent pas justice, il faut le voir pour le croire !<\/p><\/div>\n<p>Un autre point culminant est la promenade des sept vall\u00e9es suspendues, qui a r\u00e9cemment \u00e9t\u00e9 \u00e9lue \u00abmeilleure destination de randonn\u00e9e en Europe\u00bb par le portail en ligne European Best Destinations. B\u00e9n\u00e9ficiant de grottes marines magiques, de plages isol\u00e9es et presque d\u00e9sertes, d&#039;une flore color\u00e9e et d&#039;impressionnantes formations rocheuses, ce sentier vous g\u00e2tera avec des vues c\u00f4ti\u00e8res impressionnantes.<\/p>\n<p>Quelle que soit la partie de l&#039;ouest de l&#039;Algarve o\u00f9 vos sentiers de randonn\u00e9e vous m\u00e8nent, vous trouverez un peuple accueillant et sympathique, d&#039;excellents vins locaux et une cuisine d\u00e9licieuse, du poisson le plus frais aux plats r\u00e9gionaux pleins de saveurs.<\/p>\n<p>Pour entrer dans la peau de l&#039;ouest de l&#039;Algarve et le voir sous son meilleur jour, profitez de nos promenades s\u00e9lectionn\u00e9es, car elles combinent tous les ingr\u00e9dients pour des vacances de marche parfaites tout en donnant un v\u00e9ritable sentiment d&#039;appartenance.<\/p>\n<p>C&#039;est s\u00fbrement pour cela que nous vous proposons ce tour \u00e0 pied : Marcher pr\u00e8s de la nature dans l&#039;ouest de l&#039;Algarve, bas\u00e9 \u00e0 Carvoeiro.<\/p>\n<p>Nos visites \u00e0 pied autoguid\u00e9es sont soigneusement con\u00e7ues et comprennent toutes les informations dont vous avez besoin, des cartes d\u00e9taill\u00e9es et des notes d&#039;itin\u00e9raire \u00e0 une hotline 24h \/ 24. L&#039;h\u00e9bergement, les transferts a\u00e9roport et les transports sont inclus dans le programme de marche.<\/p>\n<p>&nbsp;<\/p>\n<div class=\"row\" style=\"display: flex;\">\n<div class=\"column\" style=\"flex: 45%;\">\n<p><iframe title=\"Carvoeiro, Algarve Portugal HD\" width=\"1080\" height=\"608\" src=\"https:\/\/www.youtube.com\/embed\/hW0ngdLXx54?feature=oembed\" frameborder=\"0\" allow=\"accelerometer; autoplay; clipboard-write; encrypted-media; gyroscope; picture-in-picture; web-share\" referrerpolicy=\"strict-origin-when-cross-origin\" allowfullscreen><\/iframe><\/p>\n<\/div>\n<div class=\"column\" style=\"flex: 10%;\"><\/div>\n<div class=\"column\" style=\"flex: 45%;\">\n<p><iframe title=\"AlgarveAlgar Seco CarvoeiroPortugal\" width=\"1080\" height=\"608\" src=\"https:\/\/www.youtube.com\/embed\/x-Aw6xUuq5o?feature=oembed\" frameborder=\"0\" allow=\"accelerometer; autoplay; clipboard-write; encrypted-media; gyroscope; picture-in-picture; web-share\" referrerpolicy=\"strict-origin-when-cross-origin\" allowfullscreen><\/iframe><\/p>\n<\/div>\n<\/div>","protected":false},"excerpt":{"rendered":"<p>Marcher pr\u00e8s de la nature dans l&#039;ouest de l&#039;Algarve est une visite \u00e0 pied autoguid\u00e9e pour ceux qui aiment explorer et \u00eatre surpris. Promenez-vous dans la verdure luxuriante des for\u00eats ou au sommet de magnifiques falaises sur fond de bleu oc\u00e9an, toujours dans des endroits \u00e9tonnants regorgeant d&#039;animaux sauvages. Notre base se trouve \u00e0 Carvoeiro, une pittoresque station baln\u00e9aire c\u00f4ti\u00e8re.<\/p>","protected":false},"featured_media":4760,"comment_status":"closed","ping_status":"closed","template":"","meta":{"_acf_changed":false,"inline_featured_image":false},"product_brand":[],"product_cat":[327,338],"product_tag":[311,539,1053,296,312,313,244,540,541,131,54,291,150,314,315,1060,1054,1061,1062,1063,1064,316,58,83,435,1065,1066,1067,1068,1069,181,542,1055,322,1056,1070,317,318,1057,543,1071,1072,1073,1058,1074,1059,544,545,60,61],"class_list":{"0":"post-3761","1":"product","2":"type-product","3":"status-publish","4":"has-post-thumbnail","6":"product_cat-self-guided-tours-portugal","7":"product_cat-self-guided-walking-holidays","8":"product_tag-algarve","9":"product_tag-algarve-spectacular-coastline","10":"product_tag-alleine-reisen","11":"product_tag-beaches","12":"product_tag-benagil","13":"product_tag-carvoeiro","14":"product_tag-coastal-algarve","15":"product_tag-coastal-resort","16":"product_tag-countryside-scenery","17":"product_tag-east-algarve","18":"product_tag-europe","19":"product_tag-flamingos","20":"product_tag-green-countryside","21":"product_tag-hiking","22":"product_tag-hiking-routes","23":"product_tag-individual-hiking","24":"product_tag-individuelle-touren","25":"product_tag-individuelle-trekkingreisen","26":"product_tag-individuelle-wandern","27":"product_tag-individuelle-wanderreisen","28":"product_tag-individuelle-wandertouren","29":"product_tag-itinerary-of-walks","30":"product_tag-portugal","31":"product_tag-portugal-great-food-and-wine","32":"product_tag-pristine-beaches","33":"product_tag-rando-autoguidee","34":"product_tag-rando-liberte","35":"product_tag-randonnee-autoguidee","36":"product_tag-randonnee-en-liberte","37":"product_tag-randonnee-liberte","38":"product_tag-ria-formosa-natural-park","39":"product_tag-rolling-inland-hills","40":"product_tag-sejour-en-liberte","41":"product_tag-self-guided","42":"product_tag-solo-reisen","43":"product_tag-solo-wandern","44":"product_tag-spectacular-cliffs","45":"product_tag-spectacular-coastline","46":"product_tag-tours-autoguidees","47":"product_tag-traditional-portuguese","48":"product_tag-trek-en-liberte","49":"product_tag-trek-solo","50":"product_tag-trekking-solo","51":"product_tag-voyage-en-liberte","52":"product_tag-voyages-a-pied-en-liberte","53":"product_tag-voyages-en-autonomie","54":"product_tag-walkers-paradise","55":"product_tag-walking-holiday","56":"product_tag-walking-holidays","57":"product_tag-walking-tours","59":"first","60":"instock","61":"virtual","62":"product-type-simple"},"acf":[],"yoast_head":"<!-- This site is optimized with the Yoast SEO Premium plugin v26.8 (Yoast SEO v27.4) - https:\/\/yoast.com\/product\/yoast-seo-premium-wordpress\/ -->\n<title>Holidays in Carvoeiro: Walking Close to Nature in the West Algarve<\/title>\n<meta name=\"description\" content=\"Self-Guided walking Holiday in Carvoeiro to walk among the lush greenery of woodlands, or on top of magnificent cliffs against a backdrop of ocean blue.\" \/>\n<meta name=\"robots\" content=\"index, follow, max-snippet:-1, max-image-preview:large, max-video-preview:-1\" \/>\n<link rel=\"canonical\" href=\"https:\/\/becooltravel.com\/fr\/produit\/marche-proche-de-la-nature-dans-l-ouest-algarve-carvoeiro-1602s\/\" \/>\n<meta property=\"og:locale\" content=\"fr_FR\" \/>\n<meta property=\"og:type\" content=\"article\" \/>\n<meta property=\"og:title\" content=\"Holidays in Carvoeiro Walking Close to Nature in the West Algarve Spectacular hikes in the cliffs, hidden caves and grottoes following scenic Ocean trails.\" \/>\n<meta property=\"og:description\" content=\"The West Algarve landscape is known for its rugged cliffs, caves and grottoes, beautiful beaches, and seaside fishing villages. This is still an important way of life in this area.\" \/>\n<meta property=\"og:url\" content=\"https:\/\/becooltravel.com\/fr\/produit\/marche-proche-de-la-nature-dans-l-ouest-algarve-carvoeiro-1602s\/\" \/>\n<meta property=\"og:site_name\" content=\"BeCool Travel\" \/>\n<meta property=\"article:publisher\" content=\"https:\/\/www.facebook.com\/becooltravelagency\/\" \/>\n<meta property=\"article:modified_time\" content=\"2026-03-18T12:50:46+00:00\" \/>\n<meta property=\"og:image\" content=\"https:\/\/becooltravel.com\/wp-content\/uploads\/sites\/5\/2020\/06\/seven_hanging_valleys_walk.jpg\" \/>\n\t<meta property=\"og:image:width\" content=\"1200\" \/>\n\t<meta property=\"og:image:height\" content=\"720\" \/>\n\t<meta property=\"og:image:type\" content=\"image\/jpeg\" \/>\n<meta name=\"twitter:card\" content=\"summary_large_image\" \/>\n<meta name=\"twitter:title\" content=\"A fantastic itinerary of walks, developed and perfected by local resident Portuguese tour leaders. Holidays in Carvoeiro Walking Close to Nature in the West Algarve\" \/>\n<meta name=\"twitter:description\" content=\"The walks in this exciting self-guided tour offer an interesting mix of coastal and countryside scenery so that you can experience this special part of the Algarve.\" \/>\n<meta name=\"twitter:image\" content=\"https:\/\/i0.wp.com\/becooltravel.com\/wp-content\/uploads\/sites\/5\/2020\/05\/AmazingCoastalWalks_Carvoeiro.jpg?fit=1200%2C800&ssl=1\" \/>\n<meta name=\"twitter:site\" content=\"@becool_travel\" \/>\n<meta name=\"twitter:label1\" content=\"Dur\u00e9e de lecture estim\u00e9e\" \/>\n\t<meta name=\"twitter:data1\" content=\"4 minutes\" \/>\n<script type=\"application\/ld+json\" class=\"yoast-schema-graph\">{\"@context\":\"https:\\\/\\\/schema.org\",\"@graph\":[{\"@type\":[\"WebPage\",\"ItemPage\"],\"@id\":\"https:\\\/\\\/becooltravel.com\\\/product\\\/walking-close-to-nature-in-the-west-algarve-carvoeiro-1602s\\\/\",\"url\":\"https:\\\/\\\/becooltravel.com\\\/product\\\/walking-close-to-nature-in-the-west-algarve-carvoeiro-1602s\\\/\",\"name\":\"Holidays in Carvoeiro: Walking Close to Nature in the West Algarve\",\"isPartOf\":{\"@id\":\"https:\\\/\\\/becooltravel.com\\\/#website\"},\"primaryImageOfPage\":{\"@id\":\"https:\\\/\\\/becooltravel.com\\\/product\\\/walking-close-to-nature-in-the-west-algarve-carvoeiro-1602s\\\/#primaryimage\"},\"image\":{\"@id\":\"https:\\\/\\\/becooltravel.com\\\/product\\\/walking-close-to-nature-in-the-west-algarve-carvoeiro-1602s\\\/#primaryimage\"},\"thumbnailUrl\":\"https:\\\/\\\/i0.wp.com\\\/becooltravel.com\\\/wp-content\\\/uploads\\\/sites\\\/5\\\/2020\\\/05\\\/WalkingCloseToNature_WestAlgarve.jpg?fit=1200%2C803&ssl=1\",\"datePublished\":\"2020-03-06T13:35:32+00:00\",\"dateModified\":\"2026-03-18T12:50:46+00:00\",\"description\":\"Self-Guided walking Holiday in Carvoeiro to walk among the lush greenery of woodlands, or on top of magnificent cliffs against a backdrop of ocean blue.\",\"breadcrumb\":{\"@id\":\"https:\\\/\\\/becooltravel.com\\\/product\\\/walking-close-to-nature-in-the-west-algarve-carvoeiro-1602s\\\/#breadcrumb\"},\"inLanguage\":\"fr-FR\",\"potentialAction\":[{\"@type\":\"ReadAction\",\"target\":[\"https:\\\/\\\/becooltravel.com\\\/product\\\/walking-close-to-nature-in-the-west-algarve-carvoeiro-1602s\\\/\"]}]},{\"@type\":\"ImageObject\",\"inLanguage\":\"fr-FR\",\"@id\":\"https:\\\/\\\/becooltravel.com\\\/product\\\/walking-close-to-nature-in-the-west-algarve-carvoeiro-1602s\\\/#primaryimage\",\"url\":\"https:\\\/\\\/i0.wp.com\\\/becooltravel.com\\\/wp-content\\\/uploads\\\/sites\\\/5\\\/2020\\\/05\\\/WalkingCloseToNature_WestAlgarve.jpg?fit=1200%2C803&ssl=1\",\"contentUrl\":\"https:\\\/\\\/i0.wp.com\\\/becooltravel.com\\\/wp-content\\\/uploads\\\/sites\\\/5\\\/2020\\\/05\\\/WalkingCloseToNature_WestAlgarve.jpg?fit=1200%2C803&ssl=1\",\"width\":1200,\"height\":803,\"caption\":\"Walking Close To Nature West Algarve\"},{\"@type\":\"BreadcrumbList\",\"@id\":\"https:\\\/\\\/becooltravel.com\\\/product\\\/walking-close-to-nature-in-the-west-algarve-carvoeiro-1602s\\\/#breadcrumb\",\"itemListElement\":[{\"@type\":\"ListItem\",\"position\":1,\"name\":\"Home\",\"item\":\"https:\\\/\\\/becooltravel.com\\\/\"},{\"@type\":\"ListItem\",\"position\":2,\"name\":\"Shop\",\"item\":\"https:\\\/\\\/becooltravel.com\\\/?page_id=5\"},{\"@type\":\"ListItem\",\"position\":3,\"name\":\"Algarve holidays . You can use\u00a0footpaths and walking\u00a0 trails\u00a0to get to know the region, such as the\u00a0Algarve Way\u00a0or the\u00a0Vicentine Route along one of the best preserved coastal stretches.\",\"item\":\"https:\\\/\\\/becooltravel.com\\\/product-tag\\\/algarve\\\/\"},{\"@type\":\"ListItem\",\"position\":4,\"name\":\"Holidays in Carvoeiro Walking Close to Nature in the West Algarve Spectacular hikes in the cliffs, hidden caves and grottoes following scenic Ocean trails.\"}]},{\"@type\":\"WebSite\",\"@id\":\"https:\\\/\\\/becooltravel.com\\\/#website\",\"url\":\"https:\\\/\\\/becooltravel.com\\\/\",\"name\":\"BeCool Travel\",\"description\":\"Sustainable holidays in Portugal for independent travelers\",\"publisher\":{\"@id\":\"https:\\\/\\\/becooltravel.com\\\/#organization\"},\"potentialAction\":[{\"@type\":\"SearchAction\",\"target\":{\"@type\":\"EntryPoint\",\"urlTemplate\":\"https:\\\/\\\/becooltravel.com\\\/?s={search_term_string}\"},\"query-input\":{\"@type\":\"PropertyValueSpecification\",\"valueRequired\":true,\"valueName\":\"search_term_string\"}}],\"inLanguage\":\"fr-FR\"},{\"@type\":\"Organization\",\"@id\":\"https:\\\/\\\/becooltravel.com\\\/#organization\",\"name\":\"BecoolTravel. com- Portugal\",\"url\":\"https:\\\/\\\/becooltravel.com\\\/\",\"logo\":{\"@type\":\"ImageObject\",\"inLanguage\":\"fr-FR\",\"@id\":\"https:\\\/\\\/becooltravel.com\\\/#\\\/schema\\\/logo\\\/image\\\/\",\"url\":\"https:\\\/\\\/becooltravel.com\\\/wp-content\\\/uploads\\\/sites\\\/5\\\/2020\\\/03\\\/Logo_BeCool.jpg\",\"contentUrl\":\"https:\\\/\\\/becooltravel.com\\\/wp-content\\\/uploads\\\/sites\\\/5\\\/2020\\\/03\\\/Logo_BeCool.jpg\",\"width\":534,\"height\":534,\"caption\":\"BecoolTravel. com- Portugal\"},\"image\":{\"@id\":\"https:\\\/\\\/becooltravel.com\\\/#\\\/schema\\\/logo\\\/image\\\/\"},\"sameAs\":[\"https:\\\/\\\/www.facebook.com\\\/becooltravelagency\\\/\",\"https:\\\/\\\/x.com\\\/becool_travel\",\"https:\\\/\\\/www.instagram.com\\\/becooltravel_com\\\/\",\"https:\\\/\\\/www.linkedin.com\\\/company\\\/becool-travel\\\/\",\"https:\\\/\\\/www.youtube.com\\\/channel\\\/UCE7zRU3EVG1PgfXwQo-5uJw\"]}]}<\/script>\n<!-- \/ Yoast SEO Premium plugin. -->","yoast_head_json":{"title":"Vacances \u00e0 Carvoeiro: marcher pr\u00e8s de la nature dans l&#039;ouest de l&#039;Algarve","description":"Vacances \u00e0 pied autoguid\u00e9es \u00e0 Carvoeiro pour se promener dans la verdure luxuriante des bois ou au sommet de magnifiques falaises sur fond de bleu oc\u00e9an.","robots":{"index":"index","follow":"follow","max-snippet":"max-snippet:-1","max-image-preview":"max-image-preview:large","max-video-preview":"max-video-preview:-1"},"canonical":"https:\/\/becooltravel.com\/fr\/produit\/marche-proche-de-la-nature-dans-l-ouest-algarve-carvoeiro-1602s\/","og_locale":"fr_FR","og_type":"article","og_title":"Holidays in Carvoeiro Walking Close to Nature in the West Algarve Spectacular hikes in the cliffs, hidden caves and grottoes following scenic Ocean trails.","og_description":"The West Algarve landscape is known for its rugged cliffs, caves and grottoes, beautiful beaches, and seaside fishing villages. This is still an important way of life in this area.","og_url":"https:\/\/becooltravel.com\/fr\/produit\/marche-proche-de-la-nature-dans-l-ouest-algarve-carvoeiro-1602s\/","og_site_name":"BeCool Travel","article_publisher":"https:\/\/www.facebook.com\/becooltravelagency\/","article_modified_time":"2026-03-18T12:50:46+00:00","og_image":[{"width":1200,"height":720,"url":"https:\/\/becooltravel.com\/wp-content\/uploads\/sites\/5\/2020\/06\/seven_hanging_valleys_walk.jpg","type":"image\/jpeg"}],"twitter_card":"summary_large_image","twitter_title":"A fantastic itinerary of walks, developed and perfected by local resident Portuguese tour leaders. Holidays in Carvoeiro Walking Close to Nature in the West Algarve","twitter_description":"The walks in this exciting self-guided tour offer an interesting mix of coastal and countryside scenery so that you can experience this special part of the Algarve.","twitter_image":"https:\/\/i0.wp.com\/becooltravel.com\/wp-content\/uploads\/sites\/5\/2020\/05\/AmazingCoastalWalks_Carvoeiro.jpg?fit=1200%2C800&ssl=1","twitter_site":"@becool_travel","twitter_misc":{"Dur\u00e9e de lecture estim\u00e9e":"4 minutes"},"schema":{"@context":"https:\/\/schema.org","@graph":[{"@type":["WebPage","ItemPage"],"@id":"https:\/\/becooltravel.com\/product\/walking-close-to-nature-in-the-west-algarve-carvoeiro-1602s\/","url":"https:\/\/becooltravel.com\/product\/walking-close-to-nature-in-the-west-algarve-carvoeiro-1602s\/","name":"Vacances \u00e0 Carvoeiro: marcher pr\u00e8s de la nature dans l&#039;ouest de l&#039;Algarve","isPartOf":{"@id":"https:\/\/becooltravel.com\/#website"},"primaryImageOfPage":{"@id":"https:\/\/becooltravel.com\/product\/walking-close-to-nature-in-the-west-algarve-carvoeiro-1602s\/#primaryimage"},"image":{"@id":"https:\/\/becooltravel.com\/product\/walking-close-to-nature-in-the-west-algarve-carvoeiro-1602s\/#primaryimage"},"thumbnailUrl":"https:\/\/i0.wp.com\/becooltravel.com\/wp-content\/uploads\/sites\/5\/2020\/05\/WalkingCloseToNature_WestAlgarve.jpg?fit=1200%2C803&ssl=1","datePublished":"2020-03-06T13:35:32+00:00","dateModified":"2026-03-18T12:50:46+00:00","description":"Vacances \u00e0 pied autoguid\u00e9es \u00e0 Carvoeiro pour se promener dans la verdure luxuriante des bois ou au sommet de magnifiques falaises sur fond de bleu oc\u00e9an.","breadcrumb":{"@id":"https:\/\/becooltravel.com\/product\/walking-close-to-nature-in-the-west-algarve-carvoeiro-1602s\/#breadcrumb"},"inLanguage":"fr-FR","potentialAction":[{"@type":"ReadAction","target":["https:\/\/becooltravel.com\/product\/walking-close-to-nature-in-the-west-algarve-carvoeiro-1602s\/"]}]},{"@type":"ImageObject","inLanguage":"fr-FR","@id":"https:\/\/becooltravel.com\/product\/walking-close-to-nature-in-the-west-algarve-carvoeiro-1602s\/#primaryimage","url":"https:\/\/i0.wp.com\/becooltravel.com\/wp-content\/uploads\/sites\/5\/2020\/05\/WalkingCloseToNature_WestAlgarve.jpg?fit=1200%2C803&ssl=1","contentUrl":"https:\/\/i0.wp.com\/becooltravel.com\/wp-content\/uploads\/sites\/5\/2020\/05\/WalkingCloseToNature_WestAlgarve.jpg?fit=1200%2C803&ssl=1","width":1200,"height":803,"caption":"Walking Close To Nature West Algarve"},{"@type":"BreadcrumbList","@id":"https:\/\/becooltravel.com\/product\/walking-close-to-nature-in-the-west-algarve-carvoeiro-1602s\/#breadcrumb","itemListElement":[{"@type":"ListItem","position":1,"name":"Home","item":"https:\/\/becooltravel.com\/"},{"@type":"ListItem","position":2,"name":"Shop","item":"https:\/\/becooltravel.com\/?page_id=5"},{"@type":"ListItem","position":3,"name":"Algarve holidays . You can use\u00a0footpaths and walking\u00a0 trails\u00a0to get to know the region, such as the\u00a0Algarve Way\u00a0or the\u00a0Vicentine Route along one of the best preserved coastal stretches.","item":"https:\/\/becooltravel.com\/product-tag\/algarve\/"},{"@type":"ListItem","position":4,"name":"Holidays in Carvoeiro Walking Close to Nature in the West Algarve Spectacular hikes in the cliffs, hidden caves and grottoes following scenic Ocean trails."}]},{"@type":"WebSite","@id":"https:\/\/becooltravel.com\/#website","url":"https:\/\/becooltravel.com\/","name":"Voyage BeCool","description":"Des vacances durables au Portugal pour les voyageurs ind\u00e9pendants","publisher":{"@id":"https:\/\/becooltravel.com\/#organization"},"potentialAction":[{"@type":"SearchAction","target":{"@type":"EntryPoint","urlTemplate":"https:\/\/becooltravel.com\/?s={search_term_string}"},"query-input":{"@type":"PropertyValueSpecification","valueRequired":true,"valueName":"search_term_string"}}],"inLanguage":"fr-FR"},{"@type":"Organization","@id":"https:\/\/becooltravel.com\/#organization","name":"BecoolTravel. com- Portugal","url":"https:\/\/becooltravel.com\/","logo":{"@type":"ImageObject","inLanguage":"fr-FR","@id":"https:\/\/becooltravel.com\/#\/schema\/logo\/image\/","url":"https:\/\/becooltravel.com\/wp-content\/uploads\/sites\/5\/2020\/03\/Logo_BeCool.jpg","contentUrl":"https:\/\/becooltravel.com\/wp-content\/uploads\/sites\/5\/2020\/03\/Logo_BeCool.jpg","width":534,"height":534,"caption":"BecoolTravel. com- Portugal"},"image":{"@id":"https:\/\/becooltravel.com\/#\/schema\/logo\/image\/"},"sameAs":["https:\/\/www.facebook.com\/becooltravelagency\/","https:\/\/x.com\/becool_travel","https:\/\/www.instagram.com\/becooltravel_com\/","https:\/\/www.linkedin.com\/company\/becool-travel\/","https:\/\/www.youtube.com\/channel\/UCE7zRU3EVG1PgfXwQo-5uJw"]}]}},"jetpack_sharing_enabled":true,"_links":{"self":[{"href":"https:\/\/becooltravel.com\/fr\/wp-json\/wp\/v2\/product\/3761","targetHints":{"allow":["GET"]}}],"collection":[{"href":"https:\/\/becooltravel.com\/fr\/wp-json\/wp\/v2\/product"}],"about":[{"href":"https:\/\/becooltravel.com\/fr\/wp-json\/wp\/v2\/types\/product"}],"replies":[{"embeddable":true,"href":"https:\/\/becooltravel.com\/fr\/wp-json\/wp\/v2\/comments?post=3761"}],"wp:featuredmedia":[{"embeddable":true,"href":"https:\/\/becooltravel.com\/fr\/wp-json\/wp\/v2\/media\/4760"}],"wp:attachment":[{"href":"https:\/\/becooltravel.com\/fr\/wp-json\/wp\/v2\/media?parent=3761"}],"wp:term":[{"taxonomy":"product_brand","embeddable":true,"href":"https:\/\/becooltravel.com\/fr\/wp-json\/wp\/v2\/product_brand?post=3761"},{"taxonomy":"product_cat","embeddable":true,"href":"https:\/\/becooltravel.com\/fr\/wp-json\/wp\/v2\/product_cat?post=3761"},{"taxonomy":"product_tag","embeddable":true,"href":"https:\/\/becooltravel.com\/fr\/wp-json\/wp\/v2\/product_tag?post=3761"}],"curies":[{"name":"wp","href":"https:\/\/api.w.org\/{rel}","templated":true}]}}