{"id":3762,"date":"2020-03-06T13:33:45","date_gmt":"2020-03-06T13:33:45","guid":{"rendered":"https:\/\/becooltravel.com\/product\/walking-towards-the-sunset-in-the-west-algarve-lagos-1601s\/"},"modified":"2026-03-18T12:07:28","modified_gmt":"2026-03-18T12:07:28","slug":"walking-towards-the-sunset-in-the-west-algarve-lagos-1601s","status":"publish","type":"product","link":"https:\/\/becooltravel.com\/fr\/produit\/marche-vers-le-coucher-du-soleil-dans-l-ouest-algarve-lagos-1601s\/","title":{"rendered":"Vacances \u00e0 Lagos: Marcher vers le coucher du soleil dans l&#039;ouest de l&#039;Algarve"},"content":{"rendered":"<p>L&#039;Algarve de l&#039;Ouest poss\u00e8de des falaises, des grottes, des grottes et des paysages maritimes spectaculaires. Sa g\u00e9ologie vari\u00e9e a produit une riche gamme de paysages, des collines volcaniques aux escarpements calcaires spectaculaires, parfaits pour la marche et le tourisme.<\/p>\n<p>Cette diversit\u00e9 est compl\u00e9t\u00e9e par la flore et la faune locales qui s&#039;\u00e9panouissent dans ses hivers doux et ensoleill\u00e9s et ses longs \u00e9t\u00e9s chauds. Tout cela, combin\u00e9, rend la promenade ici fascinante.<\/p>\n<div id=\"attachment_2088\" style=\"width: 1034px\" class=\"wp-caption alignnone\"><img data-recalc-dims=\"1\" decoding=\"async\" aria-describedby=\"caption-attachment-2088\" class=\"wp-image-2088 size-large\" title=\"Balade dans l&#039;ouest de l&#039;Algarve\" src=\"https:\/\/i0.wp.com\/legendatours.net\/wp-content\/uploads\/2020\/03\/west_algarve-1024x770.jpg?resize=1024%2C770&#038;ssl=1\" alt=\"Balade dans l&#039;ouest de l&#039;Algarve\" width=\"1024\" height=\"770\" \/><p id=\"caption-attachment-2088\" class=\"wp-caption-text\">Marcher dans l&#039;ouest de l&#039;Algarve, Un fantastique itin\u00e9raire de promenades, con\u00e7u par les dirigeants r\u00e9sidents locaux<\/p><\/div>\n<p>Il y a tellement de couches int\u00e9ressantes dans l&#039;ouest de l&#039;Algarve. \u00c0 l&#039;int\u00e9rieur des terres, dans les collines verdoyantes, vous verrez un mode de vie qui a disparu de la plupart des pays europ\u00e9ens, o\u00f9 les jours tournent autour des saisons. Vergers parfum\u00e9s d&#039;agrumes, cultures d&#039;olives, de caroubes et d&#039;amandes qui sont des ingr\u00e9dients de base de la gastronomie et des d\u00e9lices sucr\u00e9s, et vendus sur des march\u00e9s locaux anim\u00e9s. Dans les petites rues pav\u00e9es des villages pittoresques, vous trouverez des maisons blanchies \u00e0 la chaux, des caf\u00e9s et un mode de vie tranquille.<\/p>\n<p>La mer et les canaux d&#039;eau sont une autre partie de la nature de l&#039;Algarve de l&#039;Ouest. Le long de la c\u00f4te, les p\u00eacheurs partent en mer pour les sardines et les poulpes, et dans l&#039;estuaire d&#039;Alvor \u00e0 mar\u00e9e basse, vous pouvez voir des gens marcher pour trouver des fruits de mer.<\/p>\n<div id=\"attachment_2084\" style=\"width: 1034px\" class=\"wp-caption alignnone\"><img data-recalc-dims=\"1\" decoding=\"async\" aria-describedby=\"caption-attachment-2084\" class=\"wp-image-2084 size-large\" src=\"https:\/\/i0.wp.com\/legendatours.net\/wp-content\/uploads\/2020\/03\/barao_sao_joao-1024x694.jpg?resize=1024%2C694&#038;ssl=1\" alt=\"Barao de S\u00e3o Jo\u00e3o\" width=\"1024\" height=\"694\" \/><p id=\"caption-attachment-2084\" class=\"wp-caption-text\">Barao de Sao Joao, un charmant village nich\u00e9 dans une campagne rurale et paisible avec un m\u00e9lange de champs et de for\u00eats pour les amoureux de la nature.<\/p><\/div>\n<p>Cette visite \u00e0 pied est bas\u00e9e \u00e0 Lagos, une ville cosmopolite qui, d\u00e8s le d\u00e9but, \u00e9tait une porte d&#039;entr\u00e9e vers la M\u00e9diterran\u00e9e. C&#039;est de sa large baie, cern\u00e9e par les sables fins de Meia Praia, que Gil Eanes partit, le premier \u00e0 contourner le cap Bojador ; c&#039;est l\u00e0 que se cachaient des corsaires comme Sir Francis Drake, et que des galions pleins d&#039;or et de pierres pr\u00e9cieuses des Am\u00e9riques ou d&#039;\u00e9pices d&#039;Inde faisaient escale.<\/p>\n<p>Le mur qui borde le marginal (front de mer) de Lagos est magnifique et dans la vieille ville, vous pouvez trouver des boutiques, des restaurants, des tonnes d&#039;histoire et de culture. Enfin, Lagos s&#039;anime la nuit avec des artistes de rue et des bars pour tous les go\u00fbts avec de la musique live.<\/p>\n<div id=\"attachment_1845\" style=\"width: 1034px\" class=\"wp-caption alignnone\"><img data-recalc-dims=\"1\" decoding=\"async\" aria-describedby=\"caption-attachment-1845\" class=\"wp-image-1845 size-large\" title=\"Les orangers parfument l&#039;air dans la campagne de l&#039;Algarve\" src=\"https:\/\/i0.wp.com\/legendatours.net\/wp-content\/uploads\/2020\/03\/Orange-trees-1024x683.jpg?resize=1024%2C683&#038;ssl=1\" alt=\"Les orangers parfument l&#039;air dans la campagne de l&#039;Algarve\" width=\"1024\" height=\"683\" \/><p id=\"caption-attachment-1845\" class=\"wp-caption-text\">Les orangers parfument l&#039;air dans la campagne de l&#039;Algarve<\/p><\/div>\n<p>Quelle que soit la partie de l&#039;ouest de l&#039;Algarve o\u00f9 vos sentiers de randonn\u00e9e vous m\u00e8nent, vous trouverez des gens accueillants et sympathiques, d&#039;excellents vins locaux et une cuisine d\u00e9licieuse, du poisson le plus frais aux plats r\u00e9gionaux pleins de saveurs.<\/p>\n<p>Nos visites \u00e0 pied autoguid\u00e9es sont soigneusement con\u00e7ues et comprennent toutes les informations dont vous avez besoin, des cartes d\u00e9taill\u00e9es et des notes d&#039;itin\u00e9raire \u00e0 une hotline 24h \/ 24. L&#039;h\u00e9bergement, les transferts a\u00e9roport et les transports sont inclus dans le programme de marche.<\/p>\n<p>&nbsp;<\/p>\n<p>&nbsp;<\/p>\n<div class=\"row\" style=\"display: flex;\">\n<div class=\"column\" style=\"flex: 45%;\"><\/div>\n<div class=\"column\" style=\"flex: 10%;\"><\/div>\n<div class=\"column\" style=\"flex: 45%;\">\n<p><iframe title=\"Lagos, terre de nouvelles d\u00e9couvertes - Patrimoine\" width=\"1080\" height=\"608\" src=\"https:\/\/www.youtube.com\/embed\/1KkHCrpRIGQ?feature=oembed\" frameborder=\"0\" allow=\"accelerometer; autoplay; clipboard-write; encrypted-media; gyroscope; picture-in-picture; web-share\" referrerpolicy=\"strict-origin-when-cross-origin\" allowfullscreen><\/iframe><\/p>\n<\/div>\n<\/div>","protected":false},"excerpt":{"rendered":"<p>Vers le coucher du soleil : marcher dans l&#039;ouest de l&#039;Algarve est une visite \u00e0 pied autoguid\u00e9e con\u00e7ue pour offrir un m\u00e9lange int\u00e9ressant de promenades dans la nature c\u00f4ti\u00e8re et int\u00e9rieure, vous permettant de d\u00e9couvrir les merveilles moins connues de l&#039;ouest de l&#039;Algarve. Notre base est la ville cosmopolite de Lagos, \u00e0 une courte distance de toutes ces diff\u00e9rentes exp\u00e9riences de marche.<\/p>","protected":false},"featured_media":4693,"comment_status":"closed","ping_status":"closed","template":"","meta":{"_acf_changed":false,"inline_featured_image":false},"product_brand":[],"product_cat":[327,338],"product_tag":[440,283,1053,319,121,245,149,839,54,559,150,526,1060,1054,1061,1062,1063,1064,57,546,320,300,547,321,58,83,548,1065,1066,1067,1068,1069,250,1055,322,304,323,305,1056,1070,1057,1071,1072,1073,72,1058,1074,1059,324,60,549,61,550,62,100],"class_list":{"0":"post-3762","1":"product","2":"type-product","3":"status-publish","4":"has-post-thumbnail","6":"product_cat-self-guided-tours-portugal","7":"product_cat-self-guided-walking-holidays","8":"product_tag-algarve-coast","9":"product_tag-algarve-coastal-strip","10":"product_tag-alleine-reisen","11":"product_tag-along-the-coast","12":"product_tag-bird-watching","13":"product_tag-coastal-algarve-walk","14":"product_tag-dramatic-beauty-of-the-atlantic-coast","15":"product_tag-dramatic-cliffs","16":"product_tag-europe","17":"product_tag-fabulous-walks-along-the-coast","18":"product_tag-green-countryside","19":"product_tag-hikes-in-the-cliffs","20":"product_tag-individual-hiking","21":"product_tag-individuelle-touren","22":"product_tag-individuelle-trekkingreisen","23":"product_tag-individuelle-wandern","24":"product_tag-individuelle-wanderreisen","25":"product_tag-individuelle-wandertouren","26":"product_tag-lagos","27":"product_tag-local-fauna","28":"product_tag-local-markets","29":"product_tag-meia-praia","30":"product_tag-nature-activities","31":"product_tag-nature-walks","32":"product_tag-portugal","33":"product_tag-portugal-great-food-and-wine","34":"product_tag-portugal-perfect-walking-holiday","35":"product_tag-rando-autoguidee","36":"product_tag-rando-liberte","37":"product_tag-randonnee-autoguidee","38":"product_tag-randonnee-en-liberte","39":"product_tag-randonnee-liberte","40":"product_tag-river-arade","41":"product_tag-sejour-en-liberte","42":"product_tag-self-guided","43":"product_tag-self-guided-walking","44":"product_tag-self-guided-walking-holiday","45":"product_tag-sir-francis-drake","46":"product_tag-solo-reisen","47":"product_tag-solo-wandern","48":"product_tag-tours-autoguidees","49":"product_tag-trek-en-liberte","50":"product_tag-trek-solo","51":"product_tag-trekking-solo","52":"product_tag-undisturbed-places-in-portugal","53":"product_tag-voyage-en-liberte","54":"product_tag-voyages-a-pied-en-liberte","55":"product_tag-voyages-en-autonomie","56":"product_tag-walking-experiences","57":"product_tag-walking-holidays","58":"product_tag-walking-program","59":"product_tag-walking-tours","60":"product_tag-walking-towards-the-sunset","61":"product_tag-west-algarve","62":"product_tag-western-europe","64":"first","65":"instock","66":"virtual","67":"product-type-simple"},"acf":[],"yoast_head":"<!-- This site is optimized with the Yoast SEO Premium plugin v26.8 (Yoast SEO v27.5) - https:\/\/yoast.com\/product\/yoast-seo-premium-wordpress\/ -->\n<title>Holidays in Lagos: Walking Towards the Sunset in the West Algarve<\/title>\n<meta name=\"description\" content=\"Self-Guided walking tour in Lagos an interesting mix of coastal and inland nature walks, allowing to discover the less known wonders of the West Algarve.\" \/>\n<meta name=\"robots\" content=\"index, follow, max-snippet:-1, max-image-preview:large, max-video-preview:-1\" \/>\n<link rel=\"canonical\" href=\"https:\/\/becooltravel.com\/fr\/produit\/marche-vers-le-coucher-du-soleil-dans-l-ouest-algarve-lagos-1601s\/\" \/>\n<meta property=\"og:locale\" content=\"fr_FR\" \/>\n<meta property=\"og:type\" content=\"article\" \/>\n<meta property=\"og:title\" content=\"Holidays in Lagos Walking Towards the Sunset in the West Algarve Spectacular hikes in the cliffs, hidden caves, and grottoes following scenic Ocean trails.\" \/>\n<meta property=\"og:description\" content=\"The hiking tour is based in Lagos, a historical and cosmopolitan city that, from early on, was a gateway to the Mediterranean. It was from its wide bay, encircled by the fine sands of the Meia Praia Beach that Gil Eanes set off, the first to round Cape Bojador. It was also here that privateers like Sir Francis Drake hid. Galleons full of gold and precious stones from the Americas, and spices from India, came to port in Lagos.\" \/>\n<meta property=\"og:url\" content=\"https:\/\/becooltravel.com\/fr\/produit\/marche-vers-le-coucher-du-soleil-dans-l-ouest-algarve-lagos-1601s\/\" \/>\n<meta property=\"og:site_name\" content=\"BeCool Travel\" \/>\n<meta property=\"article:publisher\" content=\"https:\/\/www.facebook.com\/becooltravelagency\/\" \/>\n<meta property=\"article:modified_time\" content=\"2026-03-18T12:07:28+00:00\" \/>\n<meta property=\"og:image\" content=\"https:\/\/becooltravel.com\/wp-content\/uploads\/sites\/5\/2020\/05\/Lagos.jpg\" \/>\n\t<meta property=\"og:image:width\" content=\"1200\" \/>\n\t<meta property=\"og:image:height\" content=\"576\" \/>\n\t<meta property=\"og:image:type\" content=\"image\/jpeg\" \/>\n<meta name=\"twitter:card\" content=\"summary_large_image\" \/>\n<meta name=\"twitter:title\" content=\"Holidays in Lagos Walking Towards the Sunset in the West Algarve Tranquil and surprising walks in the lush green hills.A fantastic itinerary of walks developed and perfected by local resident Portuguese tour leaders.\" \/>\n<meta name=\"twitter:description\" content=\"The mild sunny winters and long hot summers are ideal for a display of colourful flora and thriving local fauna. All this, combined, makes walking here fascinating and unexpected.The programmed nature walks of this Self-Guided walking tour run through trails specially picked by our local leaders, very knowledgeable of the region.\" \/>\n<meta name=\"twitter:image\" content=\"https:\/\/i0.wp.com\/becooltravel.com\/wp-content\/uploads\/sites\/5\/2020\/05\/ponta_piedade.jpg?fit=1600%2C985&ssl=1\" \/>\n<meta name=\"twitter:site\" content=\"@becool_travel\" \/>\n<meta name=\"twitter:label1\" content=\"Dur\u00e9e de lecture estim\u00e9e\" \/>\n\t<meta name=\"twitter:data1\" content=\"3 minutes\" \/>\n<script type=\"application\/ld+json\" class=\"yoast-schema-graph\">{\"@context\":\"https:\\\/\\\/schema.org\",\"@graph\":[{\"@type\":\"WebPage\",\"@id\":\"https:\\\/\\\/becooltravel.com\\\/product\\\/walking-towards-the-sunset-in-the-west-algarve-lagos-1601s\\\/\",\"url\":\"https:\\\/\\\/becooltravel.com\\\/product\\\/walking-towards-the-sunset-in-the-west-algarve-lagos-1601s\\\/\",\"name\":\"Holidays in Lagos: Walking Towards the Sunset in the West Algarve\",\"isPartOf\":{\"@id\":\"https:\\\/\\\/becooltravel.com\\\/#website\"},\"primaryImageOfPage\":{\"@id\":\"https:\\\/\\\/becooltravel.com\\\/product\\\/walking-towards-the-sunset-in-the-west-algarve-lagos-1601s\\\/#primaryimage\"},\"image\":{\"@id\":\"https:\\\/\\\/becooltravel.com\\\/product\\\/walking-towards-the-sunset-in-the-west-algarve-lagos-1601s\\\/#primaryimage\"},\"thumbnailUrl\":\"https:\\\/\\\/i0.wp.com\\\/becooltravel.com\\\/wp-content\\\/uploads\\\/sites\\\/5\\\/2020\\\/05\\\/Sagres_dramatic_views_cliffs.jpg?fit=1195%2C800&ssl=1\",\"datePublished\":\"2020-03-06T13:33:45+00:00\",\"dateModified\":\"2026-03-18T12:07:28+00:00\",\"description\":\"Self-Guided walking tour in Lagos an interesting mix of coastal and inland nature walks, allowing to discover the less known wonders of the West Algarve.\",\"breadcrumb\":{\"@id\":\"https:\\\/\\\/becooltravel.com\\\/product\\\/walking-towards-the-sunset-in-the-west-algarve-lagos-1601s\\\/#breadcrumb\"},\"inLanguage\":\"fr-FR\",\"potentialAction\":[{\"@type\":\"ReadAction\",\"target\":[\"https:\\\/\\\/becooltravel.com\\\/product\\\/walking-towards-the-sunset-in-the-west-algarve-lagos-1601s\\\/\"]}]},{\"@type\":\"ImageObject\",\"inLanguage\":\"fr-FR\",\"@id\":\"https:\\\/\\\/becooltravel.com\\\/product\\\/walking-towards-the-sunset-in-the-west-algarve-lagos-1601s\\\/#primaryimage\",\"url\":\"https:\\\/\\\/i0.wp.com\\\/becooltravel.com\\\/wp-content\\\/uploads\\\/sites\\\/5\\\/2020\\\/05\\\/Sagres_dramatic_views_cliffs.jpg?fit=1195%2C800&ssl=1\",\"contentUrl\":\"https:\\\/\\\/i0.wp.com\\\/becooltravel.com\\\/wp-content\\\/uploads\\\/sites\\\/5\\\/2020\\\/05\\\/Sagres_dramatic_views_cliffs.jpg?fit=1195%2C800&ssl=1\",\"width\":1195,\"height\":800,\"caption\":\"Dramatic Views from West Algarve cliffs\"},{\"@type\":\"BreadcrumbList\",\"@id\":\"https:\\\/\\\/becooltravel.com\\\/product\\\/walking-towards-the-sunset-in-the-west-algarve-lagos-1601s\\\/#breadcrumb\",\"itemListElement\":[{\"@type\":\"ListItem\",\"position\":1,\"name\":\"Home\",\"item\":\"https:\\\/\\\/becooltravel.com\\\/\"},{\"@type\":\"ListItem\",\"position\":2,\"name\":\"Shop\",\"item\":\"https:\\\/\\\/becooltravel.com\\\/?page_id=5\"},{\"@type\":\"ListItem\",\"position\":3,\"name\":\"The Algarve is the beautiful southern coastline of Portugal. It is a region blessed with stunning beaches, picturesque fishing towns and a glorious climate\",\"item\":\"https:\\\/\\\/becooltravel.com\\\/product-tag\\\/algarve-coast\\\/\"},{\"@type\":\"ListItem\",\"position\":4,\"name\":\"Holidays in Lagos Walking Towards the Sunset in the West Algarve interesting mix of coastal and inland nature walks\"}]},{\"@type\":\"WebSite\",\"@id\":\"https:\\\/\\\/becooltravel.com\\\/#website\",\"url\":\"https:\\\/\\\/becooltravel.com\\\/\",\"name\":\"BeCool Travel\",\"description\":\"Sustainable holidays in Portugal for independent travelers\",\"publisher\":{\"@id\":\"https:\\\/\\\/becooltravel.com\\\/#organization\"},\"potentialAction\":[{\"@type\":\"SearchAction\",\"target\":{\"@type\":\"EntryPoint\",\"urlTemplate\":\"https:\\\/\\\/becooltravel.com\\\/?s={search_term_string}\"},\"query-input\":{\"@type\":\"PropertyValueSpecification\",\"valueRequired\":true,\"valueName\":\"search_term_string\"}}],\"inLanguage\":\"fr-FR\"},{\"@type\":\"Organization\",\"@id\":\"https:\\\/\\\/becooltravel.com\\\/#organization\",\"name\":\"BecoolTravel. com- Portugal\",\"url\":\"https:\\\/\\\/becooltravel.com\\\/\",\"logo\":{\"@type\":\"ImageObject\",\"inLanguage\":\"fr-FR\",\"@id\":\"https:\\\/\\\/becooltravel.com\\\/#\\\/schema\\\/logo\\\/image\\\/\",\"url\":\"https:\\\/\\\/becooltravel.com\\\/wp-content\\\/uploads\\\/sites\\\/5\\\/2020\\\/03\\\/Logo_BeCool.jpg\",\"contentUrl\":\"https:\\\/\\\/becooltravel.com\\\/wp-content\\\/uploads\\\/sites\\\/5\\\/2020\\\/03\\\/Logo_BeCool.jpg\",\"width\":534,\"height\":534,\"caption\":\"BecoolTravel. com- Portugal\"},\"image\":{\"@id\":\"https:\\\/\\\/becooltravel.com\\\/#\\\/schema\\\/logo\\\/image\\\/\"},\"sameAs\":[\"https:\\\/\\\/www.facebook.com\\\/becooltravelagency\\\/\",\"https:\\\/\\\/x.com\\\/becool_travel\",\"https:\\\/\\\/www.instagram.com\\\/becooltravel_com\\\/\",\"https:\\\/\\\/www.linkedin.com\\\/company\\\/becool-travel\\\/\",\"https:\\\/\\\/www.youtube.com\\\/channel\\\/UCE7zRU3EVG1PgfXwQo-5uJw\"]}]}<\/script>\n<!-- \/ Yoast SEO Premium plugin. -->","yoast_head_json":{"title":"Vacances \u00e0 Lagos: Marcher vers le coucher du soleil dans l&#039;ouest de l&#039;Algarve","description":"Visite \u00e0 pied autoguid\u00e9e \u00e0 Lagos un m\u00e9lange int\u00e9ressant de promenades dans la nature c\u00f4ti\u00e8re et int\u00e9rieure, permettant de d\u00e9couvrir les merveilles moins connues de l&#039;ouest de l&#039;Algarve.","robots":{"index":"index","follow":"follow","max-snippet":"max-snippet:-1","max-image-preview":"max-image-preview:large","max-video-preview":"max-video-preview:-1"},"canonical":"https:\/\/becooltravel.com\/fr\/produit\/marche-vers-le-coucher-du-soleil-dans-l-ouest-algarve-lagos-1601s\/","og_locale":"fr_FR","og_type":"article","og_title":"Holidays in Lagos Walking Towards the Sunset in the West Algarve Spectacular hikes in the cliffs, hidden caves, and grottoes following scenic Ocean trails.","og_description":"The hiking tour is based in Lagos, a historical and cosmopolitan city that, from early on, was a gateway to the Mediterranean. It was from its wide bay, encircled by the fine sands of the Meia Praia Beach that Gil Eanes set off, the first to round Cape Bojador. It was also here that privateers like Sir Francis Drake hid. Galleons full of gold and precious stones from the Americas, and spices from India, came to port in Lagos.","og_url":"https:\/\/becooltravel.com\/fr\/produit\/marche-vers-le-coucher-du-soleil-dans-l-ouest-algarve-lagos-1601s\/","og_site_name":"BeCool Travel","article_publisher":"https:\/\/www.facebook.com\/becooltravelagency\/","article_modified_time":"2026-03-18T12:07:28+00:00","og_image":[{"width":1200,"height":576,"url":"https:\/\/becooltravel.com\/wp-content\/uploads\/sites\/5\/2020\/05\/Lagos.jpg","type":"image\/jpeg"}],"twitter_card":"summary_large_image","twitter_title":"Holidays in Lagos Walking Towards the Sunset in the West Algarve Tranquil and surprising walks in the lush green hills.A fantastic itinerary of walks developed and perfected by local resident Portuguese tour leaders.","twitter_description":"The mild sunny winters and long hot summers are ideal for a display of colourful flora and thriving local fauna. All this, combined, makes walking here fascinating and unexpected.The programmed nature walks of this Self-Guided walking tour run through trails specially picked by our local leaders, very knowledgeable of the region.","twitter_image":"https:\/\/i0.wp.com\/becooltravel.com\/wp-content\/uploads\/sites\/5\/2020\/05\/ponta_piedade.jpg?fit=1600%2C985&ssl=1","twitter_site":"@becool_travel","twitter_misc":{"Dur\u00e9e de lecture estim\u00e9e":"3 minutes"},"schema":{"@context":"https:\/\/schema.org","@graph":[{"@type":"WebPage","@id":"https:\/\/becooltravel.com\/product\/walking-towards-the-sunset-in-the-west-algarve-lagos-1601s\/","url":"https:\/\/becooltravel.com\/product\/walking-towards-the-sunset-in-the-west-algarve-lagos-1601s\/","name":"Vacances \u00e0 Lagos: Marcher vers le coucher du soleil dans l&#039;ouest de l&#039;Algarve","isPartOf":{"@id":"https:\/\/becooltravel.com\/#website"},"primaryImageOfPage":{"@id":"https:\/\/becooltravel.com\/product\/walking-towards-the-sunset-in-the-west-algarve-lagos-1601s\/#primaryimage"},"image":{"@id":"https:\/\/becooltravel.com\/product\/walking-towards-the-sunset-in-the-west-algarve-lagos-1601s\/#primaryimage"},"thumbnailUrl":"https:\/\/i0.wp.com\/becooltravel.com\/wp-content\/uploads\/sites\/5\/2020\/05\/Sagres_dramatic_views_cliffs.jpg?fit=1195%2C800&ssl=1","datePublished":"2020-03-06T13:33:45+00:00","dateModified":"2026-03-18T12:07:28+00:00","description":"Visite \u00e0 pied autoguid\u00e9e \u00e0 Lagos un m\u00e9lange int\u00e9ressant de promenades dans la nature c\u00f4ti\u00e8re et int\u00e9rieure, permettant de d\u00e9couvrir les merveilles moins connues de l&#039;ouest de l&#039;Algarve.","breadcrumb":{"@id":"https:\/\/becooltravel.com\/product\/walking-towards-the-sunset-in-the-west-algarve-lagos-1601s\/#breadcrumb"},"inLanguage":"fr-FR","potentialAction":[{"@type":"ReadAction","target":["https:\/\/becooltravel.com\/product\/walking-towards-the-sunset-in-the-west-algarve-lagos-1601s\/"]}]},{"@type":"ImageObject","inLanguage":"fr-FR","@id":"https:\/\/becooltravel.com\/product\/walking-towards-the-sunset-in-the-west-algarve-lagos-1601s\/#primaryimage","url":"https:\/\/i0.wp.com\/becooltravel.com\/wp-content\/uploads\/sites\/5\/2020\/05\/Sagres_dramatic_views_cliffs.jpg?fit=1195%2C800&ssl=1","contentUrl":"https:\/\/i0.wp.com\/becooltravel.com\/wp-content\/uploads\/sites\/5\/2020\/05\/Sagres_dramatic_views_cliffs.jpg?fit=1195%2C800&ssl=1","width":1195,"height":800,"caption":"Dramatic Views from West Algarve cliffs"},{"@type":"BreadcrumbList","@id":"https:\/\/becooltravel.com\/product\/walking-towards-the-sunset-in-the-west-algarve-lagos-1601s\/#breadcrumb","itemListElement":[{"@type":"ListItem","position":1,"name":"Home","item":"https:\/\/becooltravel.com\/"},{"@type":"ListItem","position":2,"name":"Shop","item":"https:\/\/becooltravel.com\/?page_id=5"},{"@type":"ListItem","position":3,"name":"The Algarve is the beautiful southern coastline of Portugal. It is a region blessed with stunning beaches, picturesque fishing towns and a glorious climate","item":"https:\/\/becooltravel.com\/product-tag\/algarve-coast\/"},{"@type":"ListItem","position":4,"name":"Holidays in Lagos Walking Towards the Sunset in the West Algarve interesting mix of coastal and inland nature walks"}]},{"@type":"WebSite","@id":"https:\/\/becooltravel.com\/#website","url":"https:\/\/becooltravel.com\/","name":"Voyage BeCool","description":"Des vacances durables au Portugal pour les voyageurs ind\u00e9pendants","publisher":{"@id":"https:\/\/becooltravel.com\/#organization"},"potentialAction":[{"@type":"SearchAction","target":{"@type":"EntryPoint","urlTemplate":"https:\/\/becooltravel.com\/?s={search_term_string}"},"query-input":{"@type":"PropertyValueSpecification","valueRequired":true,"valueName":"search_term_string"}}],"inLanguage":"fr-FR"},{"@type":"Organization","@id":"https:\/\/becooltravel.com\/#organization","name":"BecoolTravel. com- Portugal","url":"https:\/\/becooltravel.com\/","logo":{"@type":"ImageObject","inLanguage":"fr-FR","@id":"https:\/\/becooltravel.com\/#\/schema\/logo\/image\/","url":"https:\/\/becooltravel.com\/wp-content\/uploads\/sites\/5\/2020\/03\/Logo_BeCool.jpg","contentUrl":"https:\/\/becooltravel.com\/wp-content\/uploads\/sites\/5\/2020\/03\/Logo_BeCool.jpg","width":534,"height":534,"caption":"BecoolTravel. com- Portugal"},"image":{"@id":"https:\/\/becooltravel.com\/#\/schema\/logo\/image\/"},"sameAs":["https:\/\/www.facebook.com\/becooltravelagency\/","https:\/\/x.com\/becool_travel","https:\/\/www.instagram.com\/becooltravel_com\/","https:\/\/www.linkedin.com\/company\/becool-travel\/","https:\/\/www.youtube.com\/channel\/UCE7zRU3EVG1PgfXwQo-5uJw"]}]}},"jetpack_sharing_enabled":true,"_links":{"self":[{"href":"https:\/\/becooltravel.com\/fr\/wp-json\/wp\/v2\/product\/3762","targetHints":{"allow":["GET"]}}],"collection":[{"href":"https:\/\/becooltravel.com\/fr\/wp-json\/wp\/v2\/product"}],"about":[{"href":"https:\/\/becooltravel.com\/fr\/wp-json\/wp\/v2\/types\/product"}],"replies":[{"embeddable":true,"href":"https:\/\/becooltravel.com\/fr\/wp-json\/wp\/v2\/comments?post=3762"}],"wp:featuredmedia":[{"embeddable":true,"href":"https:\/\/becooltravel.com\/fr\/wp-json\/wp\/v2\/media\/4693"}],"wp:attachment":[{"href":"https:\/\/becooltravel.com\/fr\/wp-json\/wp\/v2\/media?parent=3762"}],"wp:term":[{"taxonomy":"product_brand","embeddable":true,"href":"https:\/\/becooltravel.com\/fr\/wp-json\/wp\/v2\/product_brand?post=3762"},{"taxonomy":"product_cat","embeddable":true,"href":"https:\/\/becooltravel.com\/fr\/wp-json\/wp\/v2\/product_cat?post=3762"},{"taxonomy":"product_tag","embeddable":true,"href":"https:\/\/becooltravel.com\/fr\/wp-json\/wp\/v2\/product_tag?post=3762"}],"curies":[{"name":"wp","href":"https:\/\/api.w.org\/{rel}","templated":true}]}}