{"id":3799,"date":"2020-03-05T17:37:34","date_gmt":"2020-03-05T17:37:34","guid":{"rendered":"https:\/\/becooltravel.com\/product\/viana-do-castelo-the-lima-valley-13100g\/"},"modified":"2025-08-04T15:48:50","modified_gmt":"2025-08-04T15:48:50","slug":"viana-do-castelo-the-lima-valley-13100g","status":"publish","type":"product","link":"https:\/\/becooltravel.com\/fr\/produit\/viana-do-castelo-la-vallee-de-lima-13100g\/","title":{"rendered":"Balade \u00e0 Viana do Castelo et dans la vall\u00e9e de Lima"},"content":{"rendered":"<p>Viana do Castelo est peut-\u00eatre la ville c\u00f4ti\u00e8re la plus historique du nord du Portugal. Situ\u00e9 sur la rive nord de l&#039;estuaire de Lima, il a une longue tradition maritime. Des explorateurs, des commer\u00e7ants et des p\u00eacheurs ont quitt\u00e9 son port pour l&#039;Am\u00e9rique du Sud, l&#039;Afrique et Terre-Neuve.<\/p>\n<p>Le cadre de la ville, juste \u00e0 c\u00f4t\u00e9 de l&#039;estuaire du Rio Lima, signifie que Viana do Castelo n&#039;est qu&#039;\u00e0 quelques pas de quelques excellentes plages et de magnifiques c\u00f4tes rocheuses et accident\u00e9es. C&#039;est \u00e9galement une base pratique pour explorer la basse vall\u00e9e de Lima et les montagnes voisines de la Serra d&#039;Arga. Souvent d\u00e9crite comme \u00ab Entre o mar, o Rio ea Montana (entre la mer, la rivi\u00e8re et les montagnes), la ville septentrionale de Viana do Castelo est exactement cela.<\/p>\n<p>Tout cela en fait un endroit id\u00e9al pour faire du tourisme, se promener et explorer les vall\u00e9es, les montagnes et le long de la c\u00f4te.<\/p>\n<p>Le mont Santa Luzia poss\u00e8de non seulement un excellent miradouro, un point de vue avec certaines des meilleures vues panoramiques du Portugal, mais aussi une basilique fascinante (le Santuario de Santa Luzia) et les vestiges d&#039;une colonie celto-ib\u00e9rique. En s&#039;aventurant plus loin, la campagne environnante offre une multitude d&#039;opportunit\u00e9s pour d\u00e9couvrir ses d\u00e9lices ; qu&#039;il s&#039;agisse de cascades, de moulins \u00e0 roues hydrauliques en \u00e9tat de marche ou de chapelles isol\u00e9es marquant le chemin des p\u00e8lerins vers Saint-Jacques-de-Compostelle en Galice espagnole.<\/p>\n<p><strong>La visite comprend<\/strong><\/p>\n<p>Transferts d&#039;a\u00e9roport.<\/p>\n<p>H\u00e9bergement avec salle de bains privative dans des h\u00f4tels confortables, magnifiquement situ\u00e9s.<\/p>\n<p>Les petits d\u00e9jeuners sont pris \u00e0 l&#039;h\u00f4tel et les d\u00eeners dans les restaurants locaux.<\/p>\n<p>Tous les frais de transport en lien avec le programme.<\/p>\n<p>Services d&#039;un leader d\u00e9vou\u00e9.<\/p>\n<p>Veuillez noter:<\/p>\n<p>Les programmes de marche et de visites sont int\u00e9gr\u00e9s les uns aux autres. Cependant, parce que nous avons un transport d\u00e9di\u00e9 avec le groupe, il y aura une flexibilit\u00e9 consid\u00e9rable dans le programme pour les clients individuels.<\/p>\n<p>Une attente \u00e0 l&#039;a\u00e9roport peut \u00eatre n\u00e9cessaire pour permettre \u00e0 tous les passagers de voyager ensemble vers et depuis l&#039;h\u00f4tel.<\/p>\n<div class=\"row\">\n<div class=\"column\" style=\"flex: 45%\">\n<p><iframe title=\"Viana do Castelo Tour 1 Portugal\" width=\"1080\" height=\"608\" src=\"https:\/\/www.youtube.com\/embed\/Vb11mgM-4hk?feature=oembed\" frameborder=\"0\" allow=\"accelerometer; autoplay; clipboard-write; encrypted-media; gyroscope; picture-in-picture\" allowfullscreen><\/iframe><\/p>\n<\/div>\n<div class=\"column\" style=\"flex: 10%\"><\/div>\n<div class=\"column\" style=\"flex: 45%\">\n<p><iframe title=\"Algarve Visto do Ar - Concelho de Olh\u00e3o\" width=\"1080\" height=\"608\" src=\"https:\/\/www.youtube.com\/embed\/MP6BCGjhkwQ?feature=oembed\" frameborder=\"0\" allow=\"accelerometer; autoplay; clipboard-write; encrypted-media; gyroscope; picture-in-picture\" allowfullscreen><\/iframe><\/p>\n<\/div>\n<\/div>","protected":false},"excerpt":{"rendered":"<p><em>Viana do Castelo est un joyau, un mus\u00e9e vivant, avec d&#039;innombrables monuments.<\/em><\/p>\n<p>Viana do Castelo, le joyau de la \u00ab Costa Verde \u00bb, est la porte d&#039;entr\u00e9e de la \u00ab C\u00f4te d&#039;Emeraude \u00bb du Portugal.<\/p>\n<p>Situ\u00e9 dans l&#039;un des plus beaux paysages, g\u00e9n\u00e9r\u00e9 par la nature et heureusement pr\u00e9serv\u00e9 par l&#039;humanit\u00e9, c&#039;est comme un mus\u00e9e vivant, avec d&#039;innombrables monuments et manoirs d&#039;\u00e9poques et de styles diff\u00e9rents.<\/p>\n<p>C&#039;est aussi la capitale du riche folklore Minho, avec une importante industrie artisanale et des festivals anim\u00e9s.<\/p>\n<p>Un patrimoine culturel \u00e0 ne pas manquer !<\/p>","protected":false},"featured_media":7928,"comment_status":"closed","ping_status":"closed","template":"","meta":{"_acf_changed":false,"inline_featured_image":false},"product_brand":[],"product_cat":[340,355],"product_tag":[203,204,55,56,205,206,207,208,209,210,58,83,211,212,172,213,214],"class_list":{"0":"post-3799","1":"product","2":"type-product","3":"status-publish","4":"has-post-thumbnail","6":"product_cat-guided-group-tours","7":"product_cat-guided-walking-holidays-in-portugal","8":"product_tag-beautiful-landscapes","9":"product_tag-cultural-heritage","10":"product_tag-guided-walking-holidays","11":"product_tag-guided-walking-tours","12":"product_tag-handicrafts","13":"product_tag-historic-coastal-town","14":"product_tag-lima-estuary","15":"product_tag-monuments","16":"product_tag-northern-portugals","17":"product_tag-panoramic-views-in-portugal","18":"product_tag-portugal","19":"product_tag-portugal-great-food-and-wine","20":"product_tag-rocky-coastlines","21":"product_tag-serra-darga","22":"product_tag-viana-do-castelo","23":"product_tag-walking-and-exploring","24":"product_tag-waterwheels","26":"first","27":"instock","28":"virtual","29":"product-type-simple"},"acf":[],"yoast_head":"<!-- This site is optimized with the Yoast SEO Premium plugin v26.8 (Yoast SEO v27.5) - https:\/\/yoast.com\/product\/yoast-seo-premium-wordpress\/ -->\n<title>Walking in Viana do Castelo &amp; the Lima Valley<\/title>\n<meta name=\"description\" content=\"Viana do Castelo is perhaps northern Portugal&#039;s most historic coastal town. Located on the northern bank of the Lima estuary\" \/>\n<meta name=\"robots\" content=\"index, follow, max-snippet:-1, max-image-preview:large, max-video-preview:-1\" \/>\n<link rel=\"canonical\" href=\"https:\/\/becooltravel.com\/fr\/produit\/viana-do-castelo-la-vallee-de-lima-13100g\/\" \/>\n<meta property=\"og:locale\" content=\"fr_FR\" \/>\n<meta property=\"og:type\" content=\"article\" \/>\n<meta property=\"og:title\" content=\"Viana do Castelo is perhaps northern Portugal&#039;s most historic coastal town. Located on the northern bank of the Lima estuary\" \/>\n<meta property=\"og:description\" content=\"The town\u2019s setting, just by the Rio Lima estuary, means that Viana do Castelo is only a short hop from some excellent beaches and wonderful rugged, rocky coastlines. It is also a handy base for exploring the lower Lima valley and the nearby Serra d&#039;Arga mountains. Oft described as \u2018Entre o mar, o rio e a montanha\u2019 (between the sea, the river and the mountains), the northern town of Viana do Castelo is exactly that.\" \/>\n<meta property=\"og:url\" content=\"https:\/\/becooltravel.com\/fr\/produit\/viana-do-castelo-la-vallee-de-lima-13100g\/\" \/>\n<meta property=\"og:site_name\" content=\"BeCool Travel\" \/>\n<meta property=\"article:publisher\" content=\"https:\/\/www.facebook.com\/becooltravelagency\/\" \/>\n<meta property=\"article:modified_time\" content=\"2025-08-04T15:48:50+00:00\" \/>\n<meta property=\"og:image\" content=\"https:\/\/i0.wp.com\/becooltravel.com\/wp-content\/uploads\/sites\/5\/2020\/08\/viana-do-castelo.jpg?fit=1118%2C800&ssl=1\" \/>\n\t<meta property=\"og:image:width\" content=\"1118\" \/>\n\t<meta property=\"og:image:height\" content=\"800\" \/>\n\t<meta property=\"og:image:type\" content=\"image\/jpeg\" \/>\n<meta name=\"twitter:card\" content=\"summary_large_image\" \/>\n<meta name=\"twitter:title\" content=\"Viana do Castelo is perhaps northern Portugal&#039;s most historic coastal town. Located on the northern bank of the Lima estuary\" \/>\n<meta name=\"twitter:description\" content=\"The town\u2019s setting, just by the Rio Lima estuary, means that Viana do Castelo is only a short hop from some excellent beaches and wonderful rugged, rocky coastlines. It is also a handy base for exploring the lower Lima valley and the nearby Serra d&#039;Arga mountains. Oft described as \u2018Entre o mar, o rio e a montanha\u2019 (between the sea, the river and the mountains), the northern town of Viana do Castelo is exactly that.\" \/>\n<meta name=\"twitter:image\" content=\"https:\/\/i0.wp.com\/becooltravel.com\/wp-content\/uploads\/sites\/5\/2020\/07\/ponte_de_lima.jpg?fit=1200%2C675&ssl=1\" \/>\n<meta name=\"twitter:site\" content=\"@becool_travel\" \/>\n<meta name=\"twitter:label1\" content=\"Dur\u00e9e de lecture estim\u00e9e\" \/>\n\t<meta name=\"twitter:data1\" content=\"2 minutes\" \/>\n<script type=\"application\/ld+json\" class=\"yoast-schema-graph\">{\"@context\":\"https:\\\/\\\/schema.org\",\"@graph\":[{\"@type\":[\"WebPage\",\"ItemPage\"],\"@id\":\"https:\\\/\\\/becooltravel.com\\\/product\\\/viana-do-castelo-the-lima-valley-13100g\\\/\",\"url\":\"https:\\\/\\\/becooltravel.com\\\/product\\\/viana-do-castelo-the-lima-valley-13100g\\\/\",\"name\":\"Walking in Viana do Castelo &amp; the Lima Valley\",\"isPartOf\":{\"@id\":\"https:\\\/\\\/becooltravel.com\\\/#website\"},\"primaryImageOfPage\":{\"@id\":\"https:\\\/\\\/becooltravel.com\\\/product\\\/viana-do-castelo-the-lima-valley-13100g\\\/#primaryimage\"},\"image\":{\"@id\":\"https:\\\/\\\/becooltravel.com\\\/product\\\/viana-do-castelo-the-lima-valley-13100g\\\/#primaryimage\"},\"thumbnailUrl\":\"https:\\\/\\\/i0.wp.com\\\/becooltravel.com\\\/wp-content\\\/uploads\\\/sites\\\/5\\\/2025\\\/08\\\/Ponte-Lima.jpg?fit=1800%2C1200&ssl=1\",\"datePublished\":\"2020-03-05T17:37:34+00:00\",\"dateModified\":\"2025-08-04T15:48:50+00:00\",\"description\":\"Viana do Castelo is perhaps northern Portugal's most historic coastal town. Located on the northern bank of the Lima estuary\",\"breadcrumb\":{\"@id\":\"https:\\\/\\\/becooltravel.com\\\/product\\\/viana-do-castelo-the-lima-valley-13100g\\\/#breadcrumb\"},\"inLanguage\":\"fr-FR\",\"potentialAction\":[{\"@type\":\"ReadAction\",\"target\":[\"https:\\\/\\\/becooltravel.com\\\/product\\\/viana-do-castelo-the-lima-valley-13100g\\\/\"]}]},{\"@type\":\"ImageObject\",\"inLanguage\":\"fr-FR\",\"@id\":\"https:\\\/\\\/becooltravel.com\\\/product\\\/viana-do-castelo-the-lima-valley-13100g\\\/#primaryimage\",\"url\":\"https:\\\/\\\/i0.wp.com\\\/becooltravel.com\\\/wp-content\\\/uploads\\\/sites\\\/5\\\/2025\\\/08\\\/Ponte-Lima.jpg?fit=1800%2C1200&ssl=1\",\"contentUrl\":\"https:\\\/\\\/i0.wp.com\\\/becooltravel.com\\\/wp-content\\\/uploads\\\/sites\\\/5\\\/2025\\\/08\\\/Ponte-Lima.jpg?fit=1800%2C1200&ssl=1\",\"width\":1800,\"height\":1200},{\"@type\":\"BreadcrumbList\",\"@id\":\"https:\\\/\\\/becooltravel.com\\\/product\\\/viana-do-castelo-the-lima-valley-13100g\\\/#breadcrumb\",\"itemListElement\":[{\"@type\":\"ListItem\",\"position\":1,\"name\":\"Home\",\"item\":\"https:\\\/\\\/becooltravel.com\\\/\"},{\"@type\":\"ListItem\",\"position\":2,\"name\":\"Shop\",\"item\":\"https:\\\/\\\/becooltravel.com\\\/?page_id=5\"},{\"@type\":\"ListItem\",\"position\":3,\"name\":\"Beautiful landscapes\",\"item\":\"https:\\\/\\\/becooltravel.com\\\/product-tag\\\/beautiful-landscapes\\\/\"},{\"@type\":\"ListItem\",\"position\":4,\"name\":\"https:\\\/\\\/becooltravel.com\\\/product\\\/lisbon-evora-13000g\\\/\"}]},{\"@type\":\"WebSite\",\"@id\":\"https:\\\/\\\/becooltravel.com\\\/#website\",\"url\":\"https:\\\/\\\/becooltravel.com\\\/\",\"name\":\"BeCool Travel\",\"description\":\"Sustainable holidays in Portugal for independent travelers\",\"publisher\":{\"@id\":\"https:\\\/\\\/becooltravel.com\\\/#organization\"},\"potentialAction\":[{\"@type\":\"SearchAction\",\"target\":{\"@type\":\"EntryPoint\",\"urlTemplate\":\"https:\\\/\\\/becooltravel.com\\\/?s={search_term_string}\"},\"query-input\":{\"@type\":\"PropertyValueSpecification\",\"valueRequired\":true,\"valueName\":\"search_term_string\"}}],\"inLanguage\":\"fr-FR\"},{\"@type\":\"Organization\",\"@id\":\"https:\\\/\\\/becooltravel.com\\\/#organization\",\"name\":\"BecoolTravel. com- Portugal\",\"url\":\"https:\\\/\\\/becooltravel.com\\\/\",\"logo\":{\"@type\":\"ImageObject\",\"inLanguage\":\"fr-FR\",\"@id\":\"https:\\\/\\\/becooltravel.com\\\/#\\\/schema\\\/logo\\\/image\\\/\",\"url\":\"https:\\\/\\\/becooltravel.com\\\/wp-content\\\/uploads\\\/sites\\\/5\\\/2020\\\/03\\\/Logo_BeCool.jpg\",\"contentUrl\":\"https:\\\/\\\/becooltravel.com\\\/wp-content\\\/uploads\\\/sites\\\/5\\\/2020\\\/03\\\/Logo_BeCool.jpg\",\"width\":534,\"height\":534,\"caption\":\"BecoolTravel. com- Portugal\"},\"image\":{\"@id\":\"https:\\\/\\\/becooltravel.com\\\/#\\\/schema\\\/logo\\\/image\\\/\"},\"sameAs\":[\"https:\\\/\\\/www.facebook.com\\\/becooltravelagency\\\/\",\"https:\\\/\\\/x.com\\\/becool_travel\",\"https:\\\/\\\/www.instagram.com\\\/becooltravel_com\\\/\",\"https:\\\/\\\/www.linkedin.com\\\/company\\\/becool-travel\\\/\",\"https:\\\/\\\/www.youtube.com\\\/channel\\\/UCE7zRU3EVG1PgfXwQo-5uJw\"]}]}<\/script>\n<!-- \/ Yoast SEO Premium plugin. -->","yoast_head_json":{"title":"Balade \u00e0 Viana do Castelo et dans la vall\u00e9e de Lima","description":"Viana do Castelo est peut-\u00eatre la ville c\u00f4ti\u00e8re la plus historique du nord du Portugal. Situ\u00e9 sur la rive nord de l&#039;estuaire de Lima","robots":{"index":"index","follow":"follow","max-snippet":"max-snippet:-1","max-image-preview":"max-image-preview:large","max-video-preview":"max-video-preview:-1"},"canonical":"https:\/\/becooltravel.com\/fr\/produit\/viana-do-castelo-la-vallee-de-lima-13100g\/","og_locale":"fr_FR","og_type":"article","og_title":"Viana do Castelo is perhaps northern Portugal's most historic coastal town. Located on the northern bank of the Lima estuary","og_description":"The town\u2019s setting, just by the Rio Lima estuary, means that Viana do Castelo is only a short hop from some excellent beaches and wonderful rugged, rocky coastlines. It is also a handy base for exploring the lower Lima valley and the nearby Serra d'Arga mountains. Oft described as \u2018Entre o mar, o rio e a montanha\u2019 (between the sea, the river and the mountains), the northern town of Viana do Castelo is exactly that.","og_url":"https:\/\/becooltravel.com\/fr\/produit\/viana-do-castelo-la-vallee-de-lima-13100g\/","og_site_name":"BeCool Travel","article_publisher":"https:\/\/www.facebook.com\/becooltravelagency\/","article_modified_time":"2025-08-04T15:48:50+00:00","og_image":[{"width":1118,"height":800,"url":"https:\/\/i0.wp.com\/becooltravel.com\/wp-content\/uploads\/sites\/5\/2020\/08\/viana-do-castelo.jpg?fit=1118%2C800&ssl=1","type":"image\/jpeg"}],"twitter_card":"summary_large_image","twitter_title":"Viana do Castelo is perhaps northern Portugal's most historic coastal town. Located on the northern bank of the Lima estuary","twitter_description":"The town\u2019s setting, just by the Rio Lima estuary, means that Viana do Castelo is only a short hop from some excellent beaches and wonderful rugged, rocky coastlines. It is also a handy base for exploring the lower Lima valley and the nearby Serra d'Arga mountains. Oft described as \u2018Entre o mar, o rio e a montanha\u2019 (between the sea, the river and the mountains), the northern town of Viana do Castelo is exactly that.","twitter_image":"https:\/\/i0.wp.com\/becooltravel.com\/wp-content\/uploads\/sites\/5\/2020\/07\/ponte_de_lima.jpg?fit=1200%2C675&ssl=1","twitter_site":"@becool_travel","twitter_misc":{"Dur\u00e9e de lecture estim\u00e9e":"2 minutes"},"schema":{"@context":"https:\/\/schema.org","@graph":[{"@type":["WebPage","ItemPage"],"@id":"https:\/\/becooltravel.com\/product\/viana-do-castelo-the-lima-valley-13100g\/","url":"https:\/\/becooltravel.com\/product\/viana-do-castelo-the-lima-valley-13100g\/","name":"Balade \u00e0 Viana do Castelo et dans la vall\u00e9e de Lima","isPartOf":{"@id":"https:\/\/becooltravel.com\/#website"},"primaryImageOfPage":{"@id":"https:\/\/becooltravel.com\/product\/viana-do-castelo-the-lima-valley-13100g\/#primaryimage"},"image":{"@id":"https:\/\/becooltravel.com\/product\/viana-do-castelo-the-lima-valley-13100g\/#primaryimage"},"thumbnailUrl":"https:\/\/i0.wp.com\/becooltravel.com\/wp-content\/uploads\/sites\/5\/2025\/08\/Ponte-Lima.jpg?fit=1800%2C1200&ssl=1","datePublished":"2020-03-05T17:37:34+00:00","dateModified":"2025-08-04T15:48:50+00:00","description":"Viana do Castelo est peut-\u00eatre la ville c\u00f4ti\u00e8re la plus historique du nord du Portugal. Situ\u00e9 sur la rive nord de l&#039;estuaire de Lima","breadcrumb":{"@id":"https:\/\/becooltravel.com\/product\/viana-do-castelo-the-lima-valley-13100g\/#breadcrumb"},"inLanguage":"fr-FR","potentialAction":[{"@type":"ReadAction","target":["https:\/\/becooltravel.com\/product\/viana-do-castelo-the-lima-valley-13100g\/"]}]},{"@type":"ImageObject","inLanguage":"fr-FR","@id":"https:\/\/becooltravel.com\/product\/viana-do-castelo-the-lima-valley-13100g\/#primaryimage","url":"https:\/\/i0.wp.com\/becooltravel.com\/wp-content\/uploads\/sites\/5\/2025\/08\/Ponte-Lima.jpg?fit=1800%2C1200&ssl=1","contentUrl":"https:\/\/i0.wp.com\/becooltravel.com\/wp-content\/uploads\/sites\/5\/2025\/08\/Ponte-Lima.jpg?fit=1800%2C1200&ssl=1","width":1800,"height":1200},{"@type":"BreadcrumbList","@id":"https:\/\/becooltravel.com\/product\/viana-do-castelo-the-lima-valley-13100g\/#breadcrumb","itemListElement":[{"@type":"ListItem","position":1,"name":"Home","item":"https:\/\/becooltravel.com\/"},{"@type":"ListItem","position":2,"name":"Shop","item":"https:\/\/becooltravel.com\/?page_id=5"},{"@type":"ListItem","position":3,"name":"Beautiful landscapes","item":"https:\/\/becooltravel.com\/product-tag\/beautiful-landscapes\/"},{"@type":"ListItem","position":4,"name":"https:\/\/becooltravel.com\/product\/lisbon-evora-13000g\/"}]},{"@type":"WebSite","@id":"https:\/\/becooltravel.com\/#website","url":"https:\/\/becooltravel.com\/","name":"Voyage BeCool","description":"Des vacances durables au Portugal pour les voyageurs ind\u00e9pendants","publisher":{"@id":"https:\/\/becooltravel.com\/#organization"},"potentialAction":[{"@type":"SearchAction","target":{"@type":"EntryPoint","urlTemplate":"https:\/\/becooltravel.com\/?s={search_term_string}"},"query-input":{"@type":"PropertyValueSpecification","valueRequired":true,"valueName":"search_term_string"}}],"inLanguage":"fr-FR"},{"@type":"Organization","@id":"https:\/\/becooltravel.com\/#organization","name":"BecoolTravel. com- Portugal","url":"https:\/\/becooltravel.com\/","logo":{"@type":"ImageObject","inLanguage":"fr-FR","@id":"https:\/\/becooltravel.com\/#\/schema\/logo\/image\/","url":"https:\/\/becooltravel.com\/wp-content\/uploads\/sites\/5\/2020\/03\/Logo_BeCool.jpg","contentUrl":"https:\/\/becooltravel.com\/wp-content\/uploads\/sites\/5\/2020\/03\/Logo_BeCool.jpg","width":534,"height":534,"caption":"BecoolTravel. com- Portugal"},"image":{"@id":"https:\/\/becooltravel.com\/#\/schema\/logo\/image\/"},"sameAs":["https:\/\/www.facebook.com\/becooltravelagency\/","https:\/\/x.com\/becool_travel","https:\/\/www.instagram.com\/becooltravel_com\/","https:\/\/www.linkedin.com\/company\/becool-travel\/","https:\/\/www.youtube.com\/channel\/UCE7zRU3EVG1PgfXwQo-5uJw"]}]}},"jetpack_sharing_enabled":true,"_links":{"self":[{"href":"https:\/\/becooltravel.com\/fr\/wp-json\/wp\/v2\/product\/3799","targetHints":{"allow":["GET"]}}],"collection":[{"href":"https:\/\/becooltravel.com\/fr\/wp-json\/wp\/v2\/product"}],"about":[{"href":"https:\/\/becooltravel.com\/fr\/wp-json\/wp\/v2\/types\/product"}],"replies":[{"embeddable":true,"href":"https:\/\/becooltravel.com\/fr\/wp-json\/wp\/v2\/comments?post=3799"}],"wp:featuredmedia":[{"embeddable":true,"href":"https:\/\/becooltravel.com\/fr\/wp-json\/wp\/v2\/media\/7928"}],"wp:attachment":[{"href":"https:\/\/becooltravel.com\/fr\/wp-json\/wp\/v2\/media?parent=3799"}],"wp:term":[{"taxonomy":"product_brand","embeddable":true,"href":"https:\/\/becooltravel.com\/fr\/wp-json\/wp\/v2\/product_brand?post=3799"},{"taxonomy":"product_cat","embeddable":true,"href":"https:\/\/becooltravel.com\/fr\/wp-json\/wp\/v2\/product_cat?post=3799"},{"taxonomy":"product_tag","embeddable":true,"href":"https:\/\/becooltravel.com\/fr\/wp-json\/wp\/v2\/product_tag?post=3799"}],"curies":[{"name":"wp","href":"https:\/\/api.w.org\/{rel}","templated":true}]}}