{"id":3801,"date":"2020-03-05T17:34:10","date_gmt":"2020-03-05T17:34:10","guid":{"rendered":"https:\/\/becooltravel.com\/product\/porto-city-nature-12900g\/"},"modified":"2022-08-15T17:56:42","modified_gmt":"2022-08-15T17:56:42","slug":"porto-city-nature-12900g","status":"publish","type":"product","link":"https:\/\/becooltravel.com\/fr\/produit\/porto-ville-nature-12900g\/","title":{"rendered":"Porto, ville et nature"},"content":{"rendered":"<p>L&#039;ancien port, charg\u00e9 d&#039;histoire, et le bord du fleuve class\u00e9 au patrimoine mondial de l&#039;UNESCO, parsem\u00e9 de maisons color\u00e9es et de voiliers traditionnels sont \u00e0 couper le souffle, et la ville est bien connue pour ses monuments.<\/p>\n<p>Nous avons inclus une visite et une d\u00e9gustation dans une cave \u00e0 vin de Porto, expliquant le processus de vinification et de stockage, ainsi que l&#039;origine et les caract\u00e9ristiques du vin. Les caves \u00e0 vin de Porto les plus c\u00e9l\u00e8bres sont situ\u00e9es au c\u0153ur du quartier historique de Vila Nova de Gaia, de l&#039;autre c\u00f4t\u00e9 de la rivi\u00e8re depuis le vieux centre-ville de Porto, et abritent de vastes r\u00e9serves de Porto vieilli en bois ainsi que des caves de Porto Vintage. Les caves sont de longs entrep\u00f4ts frais et sombres, leurs \u00e9pais murs de granit et leurs hauts plafonds aident \u00e0 garder la chaleur \u00e0 l&#039;ext\u00e9rieur et \u00e0 maintenir une temp\u00e9rature uniforme tout au long de l&#039;ann\u00e9e. Cela garantit que les vins vieillissent lentement, acqu\u00e9rant progressivement les sublimes saveurs et ar\u00f4mes complexes de la maturit\u00e9.<\/p>\n<div id=\"attachment_3929\" style=\"width: 310px\" class=\"wp-caption alignnone\"><img data-recalc-dims=\"1\" decoding=\"async\" aria-describedby=\"caption-attachment-3929\" class=\"size-medium wp-image-3929\" src=\"https:\/\/i0.wp.com\/legendatours.net\/wp-content\/uploads\/2020\/12\/porto-viewpoint-300x169.jpg?resize=300%2C169&#038;ssl=1\" alt=\"Groupe de marche \u00e0 Porto Point de vue sur le Douro\" width=\"300\" height=\"169\" \/><p id=\"caption-attachment-3929\" class=\"wp-caption-text\">Groupe de marche \u00e0 Porto Point de vue sur le Douro<\/p><\/div>\n<p>Outre l&#039;histoire et la culture, Porto est aussi synonyme de loisirs, de divertissement et de vie nocturne. Les c\u00e9l\u00e8bres rues autour de la rue Galeria de Paris, les caf\u00e9s et leurs terrasses, le quartier Miguel Bombarda, ou la rue commerciale Sta Catarina sont des points de r\u00e9f\u00e9rence en mati\u00e8re d&#039;art, de culture, mais aussi de loisirs et de shopping.<\/p>\n<p>C&#039;est \u00e0 Porto et dans les r\u00e9gions du Nord que le Portugal a \u00e9t\u00e9 fond\u00e9 au XIIe si\u00e8cle. Il a \u00e9t\u00e9 continuellement habit\u00e9 depuis au moins le 4\u00e8me si\u00e8cle lorsque les Romains l&#039;appelaient Portus Calle.<\/p>\n<p>C&#039;est une porte d&#039;entr\u00e9e parfaite vers la r\u00e9gion verdoyante du Minho, charg\u00e9e d&#039;histoire et de traditions, ainsi que de la vall\u00e9e du Douro, l&#039;une des r\u00e9gions les plus pittoresques du Portugal ou m\u00eame du monde.<\/p>","protected":false},"excerpt":{"rendered":"<p><em>Meilleure destination europ\u00e9enne 2014, Porto regorge d&#039;histoire, d&#039;architecture, de culture, de gastronomie et est une Mecque pour les amateurs de vin.<\/em><\/p>\n<p>Porto est exceptionnel \u00e0 plus d&#039;un titre. Elue meilleure destination europ\u00e9enne 2017, la dite \u00abville in\u00e9dite\u00bb (apr\u00e8s sa r\u00e9sistance \u00e0 l&#039;arm\u00e9e imp\u00e9riale napol\u00e9onienne) regorge d&#039;histoire, d&#039;architecture, de culture, de gastronomie et, bien s\u00fbr, est un haut lieu des amateurs de vin.<\/p>\n<p>Porto est l&#039;une des plus anciennes villes du Portugal et, \u00e0 ce titre, il y a mille charmes et coins qui valent la peine d&#039;\u00eatre d\u00e9couverts dans la capitale du Nord.<\/p>\n<p>Du fleuve Douro aux excellentes plages, aux \u00e9glises et aux monuments, en passant par le modernisme non conformiste des nouveaux b\u00e2timents contemporains d&#039;architectes comme Siza Vieira ou Rem Koolhaas, c&#039;est une ville \u00e0 retenir.<\/p>","protected":false},"featured_media":5213,"comment_status":"closed","ping_status":"closed","template":"","meta":{"_acf_changed":false,"inline_featured_image":false},"product_brand":[],"product_cat":[340,355],"product_tag":[228,229,230,231,232,55,56,114,1094,189,233,682,144,757,914,915,58,918,87,234,59,60,61,100],"class_list":{"0":"post-3801","1":"product","2":"type-product","3":"status-publish","4":"has-post-thumbnail","6":"product_cat-guided-group-tours","7":"product_cat-guided-walking-holidays-in-portugal","8":"product_tag-a-port-wine-cellar","9":"product_tag-alto-douro-wine-region","10":"product_tag-colourful-houses","11":"product_tag-elected-best-european-destination","12":"product_tag-galeria-de-paris","13":"product_tag-guided-walking-holidays","14":"product_tag-guided-walking-tours","15":"product_tag-guimaraes","16":"product_tag-historic-monuments-in-porto","17":"product_tag-northern-portugal","18":"product_tag-port-wine-cellars","19":"product_tag-port-wine-lodges","20":"product_tag-porto","21":"product_tag-porto-bridges","22":"product_tag-porto-holidays","23":"product_tag-porto-world-heritage","24":"product_tag-portugal","25":"product_tag-sightseeing-porto","26":"product_tag-unesco-world-heritage-site","27":"product_tag-vintage-port-cellars","28":"product_tag-walking","29":"product_tag-walking-holidays","30":"product_tag-walking-tours","31":"product_tag-western-europe","33":"first","34":"instock","35":"virtual","36":"sold-individually","37":"product-type-booking"},"acf":[],"yoast_head":"<!-- This site is optimized with the Yoast SEO Premium plugin v26.8 (Yoast SEO v27.4) - https:\/\/yoast.com\/product\/yoast-seo-premium-wordpress\/ -->\n<title>Porto, City &amp; Nature<\/title>\n<meta name=\"description\" content=\"The ancient Port, steeped in history, and the world heritage listed riverfront, scattered with colourful houses and traditional sailing boats are stunning, and the city is well known for its monuments.\" \/>\n<meta name=\"robots\" content=\"index, follow, max-snippet:-1, max-image-preview:large, max-video-preview:-1\" \/>\n<link rel=\"canonical\" href=\"https:\/\/becooltravel.com\/fr\/produit\/marche-proche-de-la-nature-dans-l-ouest-algarve-carvoeiro-1602s\/\" \/>\n<meta property=\"og:locale\" content=\"fr_FR\" \/>\n<meta property=\"og:type\" content=\"article\" \/>\n<meta property=\"og:title\" content=\"Porto and in the North regions that Portugal was founded in the 12th century\" \/>\n<meta property=\"og:description\" content=\"The ancient Port, steeped in history, and the UNESCO world heritage listed riverfront, scattered with colourful houses and traditional sailing boats are stunning, and the city is well known for its monuments.\" \/>\n<meta property=\"og:url\" content=\"https:\/\/becooltravel.com\/fr\/produit\/marche-proche-de-la-nature-dans-l-ouest-algarve-carvoeiro-1602s\/\" \/>\n<meta property=\"og:site_name\" content=\"BeCool Travel\" \/>\n<meta property=\"article:publisher\" content=\"https:\/\/www.facebook.com\/becooltravelagency\/\" \/>\n<meta property=\"article:modified_time\" content=\"2022-08-15T17:56:42+00:00\" \/>\n<meta property=\"og:image\" content=\"https:\/\/i0.wp.com\/becooltravel.com\/wp-content\/uploads\/sites\/5\/2020\/06\/Rabelo_boats_porto.jpg?fit=1200%2C800&ssl=1\" \/>\n\t<meta property=\"og:image:width\" content=\"1200\" \/>\n\t<meta property=\"og:image:height\" content=\"800\" \/>\n\t<meta property=\"og:image:type\" content=\"image\/jpeg\" \/>\n<meta name=\"twitter:card\" content=\"summary_large_image\" \/>\n<meta name=\"twitter:title\" content=\"Porto and in the North regions that Portugal was founded in the 12th century\" \/>\n<meta name=\"twitter:description\" content=\"The ancient Port, steeped in history, and the UNESCO world heritage listed riverfront, scattered with colourful houses and traditional sailing boats are stunning, and the city is well known for its monuments.\" \/>\n<meta name=\"twitter:site\" content=\"@becool_travel\" \/>\n<meta name=\"twitter:label1\" content=\"Dur\u00e9e de lecture estim\u00e9e\" \/>\n\t<meta name=\"twitter:data1\" content=\"2 minutes\" \/>\n<script type=\"application\/ld+json\" class=\"yoast-schema-graph\">{\"@context\":\"https:\\\/\\\/schema.org\",\"@graph\":[{\"@type\":[\"WebPage\",\"ItemPage\"],\"@id\":\"https:\\\/\\\/becooltravel.com\\\/product\\\/porto-city-nature-12900g\\\/\",\"url\":\"https:\\\/\\\/becooltravel.com\\\/product\\\/walking-close-to-nature-in-the-west-algarve-carvoeiro-1602s\\\/\",\"name\":\"Porto, City &amp; Nature\",\"isPartOf\":{\"@id\":\"https:\\\/\\\/becooltravel.com\\\/#website\"},\"primaryImageOfPage\":{\"@id\":\"https:\\\/\\\/becooltravel.com\\\/product\\\/walking-close-to-nature-in-the-west-algarve-carvoeiro-1602s\\\/#primaryimage\"},\"image\":{\"@id\":\"https:\\\/\\\/becooltravel.com\\\/product\\\/walking-close-to-nature-in-the-west-algarve-carvoeiro-1602s\\\/#primaryimage\"},\"thumbnailUrl\":\"https:\\\/\\\/i0.wp.com\\\/becooltravel.com\\\/wp-content\\\/uploads\\\/sites\\\/5\\\/2020\\\/06\\\/Rabelo_boats_porto.jpg?fit=1200%2C800&ssl=1\",\"datePublished\":\"2020-03-05T17:34:10+00:00\",\"dateModified\":\"2022-08-15T17:56:42+00:00\",\"description\":\"The ancient Port, steeped in history, and the world heritage listed riverfront, scattered with colourful houses and traditional sailing boats are stunning, and the city is well known for its monuments.\",\"breadcrumb\":{\"@id\":\"https:\\\/\\\/becooltravel.com\\\/product\\\/walking-close-to-nature-in-the-west-algarve-carvoeiro-1602s\\\/#breadcrumb\"},\"inLanguage\":\"fr-FR\",\"potentialAction\":[{\"@type\":\"ReadAction\",\"target\":[\"https:\\\/\\\/becooltravel.com\\\/product\\\/walking-close-to-nature-in-the-west-algarve-carvoeiro-1602s\\\/\"]}]},{\"@type\":\"ImageObject\",\"inLanguage\":\"fr-FR\",\"@id\":\"https:\\\/\\\/becooltravel.com\\\/product\\\/walking-close-to-nature-in-the-west-algarve-carvoeiro-1602s\\\/#primaryimage\",\"url\":\"https:\\\/\\\/i0.wp.com\\\/becooltravel.com\\\/wp-content\\\/uploads\\\/sites\\\/5\\\/2020\\\/06\\\/Rabelo_boats_porto.jpg?fit=1200%2C800&ssl=1\",\"contentUrl\":\"https:\\\/\\\/i0.wp.com\\\/becooltravel.com\\\/wp-content\\\/uploads\\\/sites\\\/5\\\/2020\\\/06\\\/Rabelo_boats_porto.jpg?fit=1200%2C800&ssl=1\",\"width\":1200,\"height\":800,\"caption\":\"Rabelo boats in Douro River\"},{\"@type\":\"BreadcrumbList\",\"@id\":\"https:\\\/\\\/becooltravel.com\\\/product\\\/walking-close-to-nature-in-the-west-algarve-carvoeiro-1602s\\\/#breadcrumb\",\"itemListElement\":[{\"@type\":\"ListItem\",\"position\":1,\"name\":\"Home\",\"item\":\"https:\\\/\\\/becooltravel.com\\\/\"},{\"@type\":\"ListItem\",\"position\":2,\"name\":\"Shop\",\"item\":\"https:\\\/\\\/becooltravel.com\\\/?page_id=5\"},{\"@type\":\"ListItem\",\"position\":3,\"name\":\"Tours and holidays that include a visit to a Port wine cellar.\",\"item\":\"https:\\\/\\\/becooltravel.com\\\/product-tag\\\/a-port-wine-cellar\\\/\"},{\"@type\":\"ListItem\",\"position\":4,\"name\":\"Porto, City & Nature Small Group Walking\"}]},{\"@type\":\"WebSite\",\"@id\":\"https:\\\/\\\/becooltravel.com\\\/#website\",\"url\":\"https:\\\/\\\/becooltravel.com\\\/\",\"name\":\"BeCool Travel\",\"description\":\"Sustainable holidays in Portugal for independent travelers\",\"publisher\":{\"@id\":\"https:\\\/\\\/becooltravel.com\\\/#organization\"},\"potentialAction\":[{\"@type\":\"SearchAction\",\"target\":{\"@type\":\"EntryPoint\",\"urlTemplate\":\"https:\\\/\\\/becooltravel.com\\\/?s={search_term_string}\"},\"query-input\":{\"@type\":\"PropertyValueSpecification\",\"valueRequired\":true,\"valueName\":\"search_term_string\"}}],\"inLanguage\":\"fr-FR\"},{\"@type\":\"Organization\",\"@id\":\"https:\\\/\\\/becooltravel.com\\\/#organization\",\"name\":\"BecoolTravel. com- Portugal\",\"url\":\"https:\\\/\\\/becooltravel.com\\\/\",\"logo\":{\"@type\":\"ImageObject\",\"inLanguage\":\"fr-FR\",\"@id\":\"https:\\\/\\\/becooltravel.com\\\/#\\\/schema\\\/logo\\\/image\\\/\",\"url\":\"https:\\\/\\\/becooltravel.com\\\/wp-content\\\/uploads\\\/sites\\\/5\\\/2020\\\/03\\\/Logo_BeCool.jpg\",\"contentUrl\":\"https:\\\/\\\/becooltravel.com\\\/wp-content\\\/uploads\\\/sites\\\/5\\\/2020\\\/03\\\/Logo_BeCool.jpg\",\"width\":534,\"height\":534,\"caption\":\"BecoolTravel. com- Portugal\"},\"image\":{\"@id\":\"https:\\\/\\\/becooltravel.com\\\/#\\\/schema\\\/logo\\\/image\\\/\"},\"sameAs\":[\"https:\\\/\\\/www.facebook.com\\\/becooltravelagency\\\/\",\"https:\\\/\\\/x.com\\\/becool_travel\",\"https:\\\/\\\/www.instagram.com\\\/becooltravel_com\\\/\",\"https:\\\/\\\/www.linkedin.com\\\/company\\\/becool-travel\\\/\",\"https:\\\/\\\/www.youtube.com\\\/channel\\\/UCE7zRU3EVG1PgfXwQo-5uJw\"]}]}<\/script>\n<!-- \/ Yoast SEO Premium plugin. -->","yoast_head_json":{"title":"Porto, ville et nature","description":"L&#039;ancien port, charg\u00e9 d&#039;histoire, et le bord du fleuve class\u00e9 au patrimoine mondial, parsem\u00e9 de maisons color\u00e9es et de voiliers traditionnels sont \u00e0 couper le souffle, et la ville est bien connue pour ses monuments.","robots":{"index":"index","follow":"follow","max-snippet":"max-snippet:-1","max-image-preview":"max-image-preview:large","max-video-preview":"max-video-preview:-1"},"canonical":"https:\/\/becooltravel.com\/fr\/produit\/marche-proche-de-la-nature-dans-l-ouest-algarve-carvoeiro-1602s\/","og_locale":"fr_FR","og_type":"article","og_title":"Porto and in the North regions that Portugal was founded in the 12th century","og_description":"The ancient Port, steeped in history, and the UNESCO world heritage listed riverfront, scattered with colourful houses and traditional sailing boats are stunning, and the city is well known for its monuments.","og_url":"https:\/\/becooltravel.com\/fr\/produit\/marche-proche-de-la-nature-dans-l-ouest-algarve-carvoeiro-1602s\/","og_site_name":"BeCool Travel","article_publisher":"https:\/\/www.facebook.com\/becooltravelagency\/","article_modified_time":"2022-08-15T17:56:42+00:00","og_image":[{"width":1200,"height":800,"url":"https:\/\/i0.wp.com\/becooltravel.com\/wp-content\/uploads\/sites\/5\/2020\/06\/Rabelo_boats_porto.jpg?fit=1200%2C800&ssl=1","type":"image\/jpeg"}],"twitter_card":"summary_large_image","twitter_title":"Porto and in the North regions that Portugal was founded in the 12th century","twitter_description":"The ancient Port, steeped in history, and the UNESCO world heritage listed riverfront, scattered with colourful houses and traditional sailing boats are stunning, and the city is well known for its monuments.","twitter_site":"@becool_travel","twitter_misc":{"Dur\u00e9e de lecture estim\u00e9e":"2 minutes"},"schema":{"@context":"https:\/\/schema.org","@graph":[{"@type":["WebPage","ItemPage"],"@id":"https:\/\/becooltravel.com\/product\/porto-city-nature-12900g\/","url":"https:\/\/becooltravel.com\/product\/walking-close-to-nature-in-the-west-algarve-carvoeiro-1602s\/","name":"Porto, ville et nature","isPartOf":{"@id":"https:\/\/becooltravel.com\/#website"},"primaryImageOfPage":{"@id":"https:\/\/becooltravel.com\/product\/walking-close-to-nature-in-the-west-algarve-carvoeiro-1602s\/#primaryimage"},"image":{"@id":"https:\/\/becooltravel.com\/product\/walking-close-to-nature-in-the-west-algarve-carvoeiro-1602s\/#primaryimage"},"thumbnailUrl":"https:\/\/i0.wp.com\/becooltravel.com\/wp-content\/uploads\/sites\/5\/2020\/06\/Rabelo_boats_porto.jpg?fit=1200%2C800&ssl=1","datePublished":"2020-03-05T17:34:10+00:00","dateModified":"2022-08-15T17:56:42+00:00","description":"L&#039;ancien port, charg\u00e9 d&#039;histoire, et le bord du fleuve class\u00e9 au patrimoine mondial, parsem\u00e9 de maisons color\u00e9es et de voiliers traditionnels sont \u00e0 couper le souffle, et la ville est bien connue pour ses monuments.","breadcrumb":{"@id":"https:\/\/becooltravel.com\/product\/walking-close-to-nature-in-the-west-algarve-carvoeiro-1602s\/#breadcrumb"},"inLanguage":"fr-FR","potentialAction":[{"@type":"ReadAction","target":["https:\/\/becooltravel.com\/product\/walking-close-to-nature-in-the-west-algarve-carvoeiro-1602s\/"]}]},{"@type":"ImageObject","inLanguage":"fr-FR","@id":"https:\/\/becooltravel.com\/product\/walking-close-to-nature-in-the-west-algarve-carvoeiro-1602s\/#primaryimage","url":"https:\/\/i0.wp.com\/becooltravel.com\/wp-content\/uploads\/sites\/5\/2020\/06\/Rabelo_boats_porto.jpg?fit=1200%2C800&ssl=1","contentUrl":"https:\/\/i0.wp.com\/becooltravel.com\/wp-content\/uploads\/sites\/5\/2020\/06\/Rabelo_boats_porto.jpg?fit=1200%2C800&ssl=1","width":1200,"height":800,"caption":"Rabelo boats in Douro River"},{"@type":"BreadcrumbList","@id":"https:\/\/becooltravel.com\/product\/walking-close-to-nature-in-the-west-algarve-carvoeiro-1602s\/#breadcrumb","itemListElement":[{"@type":"ListItem","position":1,"name":"Home","item":"https:\/\/becooltravel.com\/"},{"@type":"ListItem","position":2,"name":"Shop","item":"https:\/\/becooltravel.com\/?page_id=5"},{"@type":"ListItem","position":3,"name":"Tours and holidays that include a visit to a Port wine cellar.","item":"https:\/\/becooltravel.com\/product-tag\/a-port-wine-cellar\/"},{"@type":"ListItem","position":4,"name":"Porto, City & Nature Small Group Walking"}]},{"@type":"WebSite","@id":"https:\/\/becooltravel.com\/#website","url":"https:\/\/becooltravel.com\/","name":"Voyage BeCool","description":"Des vacances durables au Portugal pour les voyageurs ind\u00e9pendants","publisher":{"@id":"https:\/\/becooltravel.com\/#organization"},"potentialAction":[{"@type":"SearchAction","target":{"@type":"EntryPoint","urlTemplate":"https:\/\/becooltravel.com\/?s={search_term_string}"},"query-input":{"@type":"PropertyValueSpecification","valueRequired":true,"valueName":"search_term_string"}}],"inLanguage":"fr-FR"},{"@type":"Organization","@id":"https:\/\/becooltravel.com\/#organization","name":"BecoolTravel. com- Portugal","url":"https:\/\/becooltravel.com\/","logo":{"@type":"ImageObject","inLanguage":"fr-FR","@id":"https:\/\/becooltravel.com\/#\/schema\/logo\/image\/","url":"https:\/\/becooltravel.com\/wp-content\/uploads\/sites\/5\/2020\/03\/Logo_BeCool.jpg","contentUrl":"https:\/\/becooltravel.com\/wp-content\/uploads\/sites\/5\/2020\/03\/Logo_BeCool.jpg","width":534,"height":534,"caption":"BecoolTravel. com- Portugal"},"image":{"@id":"https:\/\/becooltravel.com\/#\/schema\/logo\/image\/"},"sameAs":["https:\/\/www.facebook.com\/becooltravelagency\/","https:\/\/x.com\/becool_travel","https:\/\/www.instagram.com\/becooltravel_com\/","https:\/\/www.linkedin.com\/company\/becool-travel\/","https:\/\/www.youtube.com\/channel\/UCE7zRU3EVG1PgfXwQo-5uJw"]}]}},"jetpack_sharing_enabled":true,"_links":{"self":[{"href":"https:\/\/becooltravel.com\/fr\/wp-json\/wp\/v2\/product\/3801","targetHints":{"allow":["GET"]}}],"collection":[{"href":"https:\/\/becooltravel.com\/fr\/wp-json\/wp\/v2\/product"}],"about":[{"href":"https:\/\/becooltravel.com\/fr\/wp-json\/wp\/v2\/types\/product"}],"replies":[{"embeddable":true,"href":"https:\/\/becooltravel.com\/fr\/wp-json\/wp\/v2\/comments?post=3801"}],"wp:featuredmedia":[{"embeddable":true,"href":"https:\/\/becooltravel.com\/fr\/wp-json\/wp\/v2\/media\/5213"}],"wp:attachment":[{"href":"https:\/\/becooltravel.com\/fr\/wp-json\/wp\/v2\/media?parent=3801"}],"wp:term":[{"taxonomy":"product_brand","embeddable":true,"href":"https:\/\/becooltravel.com\/fr\/wp-json\/wp\/v2\/product_brand?post=3801"},{"taxonomy":"product_cat","embeddable":true,"href":"https:\/\/becooltravel.com\/fr\/wp-json\/wp\/v2\/product_cat?post=3801"},{"taxonomy":"product_tag","embeddable":true,"href":"https:\/\/becooltravel.com\/fr\/wp-json\/wp\/v2\/product_tag?post=3801"}],"curies":[{"name":"wp","href":"https:\/\/api.w.org\/{rel}","templated":true}]}}