{"id":4884,"date":"2020-05-20T15:48:57","date_gmt":"2020-05-20T15:48:57","guid":{"rendered":"https:\/\/becooltravel.com\/product\/enjoy-albufeira-6101pk\/"},"modified":"2026-03-18T13:52:19","modified_gmt":"2026-03-18T13:52:19","slug":"enjoy-albufeira-6101pk","status":"publish","type":"product","link":"https:\/\/becooltravel.com\/fr\/produit\/profitez-albufeira-6101pk\/","title":{"rendered":"Profitez d&#039;Albufeira"},"content":{"rendered":"<p>Albufeira est mondialement connue pour ses plages de sable dor\u00e9 et ses eaux bleu turquoise, abrit\u00e9es par des falaises rocheuses ocre.<\/p>\n<p>Le paysage attire une multitude de visiteurs qui aiment bronzer pendant la journ\u00e9e. Lorsque le soleil se couche, la f\u00eate commence avec de belles personnes qui affluent pour profiter des restaurants, des bars, des terrasses et de la vie nocturne \u00e9pique d&#039;Albufeira.<\/p>\n<p>Compl\u00e9tez vos journ\u00e9es de loisirs et de d\u00e9tente sur une terrasse avec vue sur l&#039;oc\u00e9an, une boisson fra\u00eeche \u00e0 la main, pour c\u00e9l\u00e9brer la douceur de vivre !<\/p>\n<p>Le rivage d&#039;Albufeira est tr\u00e8s accueillant pour les sports nautiques, de la planche \u00e0 voile, de la plong\u00e9e ou de la voile. Une excursion en bateau autour des grottes est une merveilleuse opportunit\u00e9 pour une journ\u00e9e diff\u00e9rente, avec des visites de plages isol\u00e9es accessibles uniquement par la mer.<\/p>\n<p>Albufeira est parfait non seulement pour les personnes en qu\u00eate de soleil et de repos. De nombreux terrains de golf s&#039;\u00e9tendent presque jusqu&#039;\u00e0 la mer et toutes sortes d&#039;activit\u00e9s amusantes sont disponibles, comme l&#039;\u00e9quitation \u00e0 l&#039;ombre des pins.<\/p>\n<p>\u00c9tant une station baln\u00e9aire populaire, Albufeira regorge de boutiques urbaines et de boutiques d&#039;art et d&#039;artisanat, o\u00f9 vous pouvez toujours trouver l&#039;authenticit\u00e9 dans le travail des artisans locaux. Ces objets en argile, en feuilles de palmier, en cuivre et en dentelle suivent des traditions s\u00e9culaires.<\/p>\n<p>Le charme d&#039;Albufeira ne s&#039;arr\u00eate pas l\u00e0. Dans la campagne verdoyante et fertile se trouve un paysage parfum\u00e9 parsem\u00e9 d&#039;amandiers, de figuiers, d&#039;orangers et de pins.<\/p>\n<p>Les chemin\u00e9es typiques en dentelle, h\u00e9ritage de l&#039;architecture mauresque, se d\u00e9tachent sur le rouge des toits de tuiles et le ciel bleu.<\/p>\n<p>Les villages endormis blanchis \u00e0 la chaux vous invitent \u00e0 d\u00e9couvrir un mode de vie li\u00e9 \u00e0 la nature, ajoutant une autre dimension \u00e0 vos vacances en Algarve.<\/p>\n<p>Dernier point, mais non le moindre, abandonnez-vous \u00e0 l&#039;excellente cuisine et aux vins portugais. Du poisson frais et des crustac\u00e9s aux douces sp\u00e9cialit\u00e9s locales d&#039;amandes, de miel et de figues, vous n&#039;aurez que l&#039;embarras du choix!<\/p>","protected":false},"excerpt":{"rendered":"<p>Albufeira est mondialement connue pour ses plages de sable dor\u00e9 et ses eaux bleu turquoise, abrit\u00e9es par des falaises rocheuses ocre.<\/p>\n<p>Le paysage attire une multitude de visiteurs qui aiment bronzer pendant la journ\u00e9e. Lorsque le soleil se couche, la f\u00eate commence avec de belles personnes qui affluent pour profiter des restaurants, des bars, des terrasses et de la vie nocturne \u00e9pique d&#039;Albufeira.<\/p>\n<p>Compl\u00e9tez vos journ\u00e9es de loisirs et de d\u00e9tente sur une terrasse avec vue sur l&#039;oc\u00e9an, une boisson fra\u00eeche \u00e0 la main, pour c\u00e9l\u00e9brer la douceur de vivre !<\/p>","protected":false},"featured_media":4786,"comment_status":"closed","ping_status":"closed","template":"","meta":{"_acf_changed":false,"inline_featured_image":false},"product_brand":[],"product_cat":[332,329],"product_tag":[],"class_list":{"0":"post-4884","1":"product","2":"type-product","3":"status-publish","4":"has-post-thumbnail","6":"product_cat-enjoy-6-days-tour-portugal","7":"product_cat-holiday-packs-tours-portugal","9":"first","10":"instock","11":"virtual","12":"product-type-simple"},"acf":[],"yoast_head":"<!-- This site is optimized with the Yoast SEO Premium plugin v26.8 (Yoast SEO v27.4) - https:\/\/yoast.com\/product\/yoast-seo-premium-wordpress\/ -->\n<title>Enjoy Albufeira<\/title>\n<meta name=\"description\" content=\"Albufeira is perfect not only for people yearning for sun and rest. Many golf courses stretch almost to the sea, and all sorts of fun activities are available\" \/>\n<meta name=\"robots\" content=\"index, follow, max-snippet:-1, max-image-preview:large, max-video-preview:-1\" \/>\n<link rel=\"canonical\" href=\"https:\/\/becooltravel.com\/fr\/produit\/profitez-albufeira-6101pk\/\" \/>\n<meta property=\"og:locale\" content=\"fr_FR\" \/>\n<meta property=\"og:type\" content=\"article\" \/>\n<meta property=\"og:title\" content=\"Sleepy whitewashed villages invite you to experience a way of life connected to nature, adding another dimension to your holidays in the Algarve.\" \/>\n<meta property=\"og:description\" content=\"The charm of Albufeira doesn\u2019t end here. In the fertile green countryside lies a fragrant landscape dotted with almond, fig, orange, and pine trees.The lacey typical chimneys, a heritage of Moorish architecture, stand out against the red of tiled roofs and the blue skies.\" \/>\n<meta property=\"og:url\" content=\"https:\/\/becooltravel.com\/fr\/produit\/profitez-albufeira-6101pk\/\" \/>\n<meta property=\"og:site_name\" content=\"BeCool Travel\" \/>\n<meta property=\"article:publisher\" content=\"https:\/\/www.facebook.com\/becooltravelagency\/\" \/>\n<meta property=\"article:modified_time\" content=\"2026-03-18T13:52:19+00:00\" \/>\n<meta property=\"og:image\" content=\"https:\/\/becooltravel.com\/wp-content\/uploads\/sites\/5\/2020\/05\/Olhos_Agua_Albufeira.jpg\" \/>\n\t<meta property=\"og:image:width\" content=\"1200\" \/>\n\t<meta property=\"og:image:height\" content=\"800\" \/>\n\t<meta property=\"og:image:type\" content=\"image\/jpeg\" \/>\n<meta name=\"twitter:card\" content=\"summary_large_image\" \/>\n<meta name=\"twitter:title\" content=\"Being a popular resort, Albufeira teems with urban boutiques and arts and crafts shops,\" \/>\n<meta name=\"twitter:description\" content=\"The shoreline of Albufeira is very inviting for water sports, from windsurfing, diving, or sailing. A boat tour around the caves is a wonderful opportunity for a different day, with visits to secluded beaches only accessible by sea.Albufeira is perfect not only for people yearning for sun and rest. Many golf courses stretch almost to the sea, and all sorts of fun activities are available, like horse riding under the shade of the pine trees\" \/>\n<meta name=\"twitter:site\" content=\"@becool_travel\" \/>\n<meta name=\"twitter:label1\" content=\"Dur\u00e9e de lecture estim\u00e9e\" \/>\n\t<meta name=\"twitter:data1\" content=\"2 minutes\" \/>\n<script type=\"application\/ld+json\" class=\"yoast-schema-graph\">{\"@context\":\"https:\\\/\\\/schema.org\",\"@graph\":[{\"@type\":[\"WebPage\",\"ItemPage\"],\"@id\":\"https:\\\/\\\/becooltravel.com\\\/product\\\/enjoy-albufeira-6101pk\\\/\",\"url\":\"https:\\\/\\\/becooltravel.com\\\/product\\\/enjoy-albufeira-6101pk\\\/\",\"name\":\"Enjoy Albufeira\",\"isPartOf\":{\"@id\":\"https:\\\/\\\/becooltravel.com\\\/#website\"},\"primaryImageOfPage\":{\"@id\":\"https:\\\/\\\/becooltravel.com\\\/product\\\/enjoy-albufeira-6101pk\\\/#primaryimage\"},\"image\":{\"@id\":\"https:\\\/\\\/becooltravel.com\\\/product\\\/enjoy-albufeira-6101pk\\\/#primaryimage\"},\"thumbnailUrl\":\"https:\\\/\\\/i0.wp.com\\\/becooltravel.com\\\/wp-content\\\/uploads\\\/sites\\\/5\\\/2020\\\/05\\\/Olhos_Agua_Albufeira.jpg?fit=1200%2C800&ssl=1\",\"datePublished\":\"2020-05-20T15:48:57+00:00\",\"dateModified\":\"2026-03-18T13:52:19+00:00\",\"description\":\"Albufeira is perfect not only for people yearning for sun and rest. Many golf courses stretch almost to the sea, and all sorts of fun activities are available\",\"breadcrumb\":{\"@id\":\"https:\\\/\\\/becooltravel.com\\\/product\\\/enjoy-albufeira-6101pk\\\/#breadcrumb\"},\"inLanguage\":\"fr-FR\",\"potentialAction\":[{\"@type\":\"ReadAction\",\"target\":[\"https:\\\/\\\/becooltravel.com\\\/product\\\/enjoy-albufeira-6101pk\\\/\"]}]},{\"@type\":\"ImageObject\",\"inLanguage\":\"fr-FR\",\"@id\":\"https:\\\/\\\/becooltravel.com\\\/product\\\/enjoy-albufeira-6101pk\\\/#primaryimage\",\"url\":\"https:\\\/\\\/i0.wp.com\\\/becooltravel.com\\\/wp-content\\\/uploads\\\/sites\\\/5\\\/2020\\\/05\\\/Olhos_Agua_Albufeira.jpg?fit=1200%2C800&ssl=1\",\"contentUrl\":\"https:\\\/\\\/i0.wp.com\\\/becooltravel.com\\\/wp-content\\\/uploads\\\/sites\\\/5\\\/2020\\\/05\\\/Olhos_Agua_Albufeira.jpg?fit=1200%2C800&ssl=1\",\"width\":1200,\"height\":800,\"caption\":\"Holidays in Albufeira\"},{\"@type\":\"BreadcrumbList\",\"@id\":\"https:\\\/\\\/becooltravel.com\\\/product\\\/enjoy-albufeira-6101pk\\\/#breadcrumb\",\"itemListElement\":[{\"@type\":\"ListItem\",\"position\":1,\"name\":\"Home\",\"item\":\"https:\\\/\\\/becooltravel.com\\\/\"},{\"@type\":\"ListItem\",\"position\":2,\"name\":\"Shop\",\"item\":\"https:\\\/\\\/becooltravel.com\\\/?page_id=5\"},{\"@type\":\"ListItem\",\"position\":3,\"name\":\"Albufeira is perfect not only for people yearning for sun and rest\"}]},{\"@type\":\"WebSite\",\"@id\":\"https:\\\/\\\/becooltravel.com\\\/#website\",\"url\":\"https:\\\/\\\/becooltravel.com\\\/\",\"name\":\"BeCool Travel\",\"description\":\"Sustainable holidays in Portugal for independent travelers\",\"publisher\":{\"@id\":\"https:\\\/\\\/becooltravel.com\\\/#organization\"},\"potentialAction\":[{\"@type\":\"SearchAction\",\"target\":{\"@type\":\"EntryPoint\",\"urlTemplate\":\"https:\\\/\\\/becooltravel.com\\\/?s={search_term_string}\"},\"query-input\":{\"@type\":\"PropertyValueSpecification\",\"valueRequired\":true,\"valueName\":\"search_term_string\"}}],\"inLanguage\":\"fr-FR\"},{\"@type\":\"Organization\",\"@id\":\"https:\\\/\\\/becooltravel.com\\\/#organization\",\"name\":\"BecoolTravel. com- Portugal\",\"url\":\"https:\\\/\\\/becooltravel.com\\\/\",\"logo\":{\"@type\":\"ImageObject\",\"inLanguage\":\"fr-FR\",\"@id\":\"https:\\\/\\\/becooltravel.com\\\/#\\\/schema\\\/logo\\\/image\\\/\",\"url\":\"https:\\\/\\\/becooltravel.com\\\/wp-content\\\/uploads\\\/sites\\\/5\\\/2020\\\/03\\\/Logo_BeCool.jpg\",\"contentUrl\":\"https:\\\/\\\/becooltravel.com\\\/wp-content\\\/uploads\\\/sites\\\/5\\\/2020\\\/03\\\/Logo_BeCool.jpg\",\"width\":534,\"height\":534,\"caption\":\"BecoolTravel. com- Portugal\"},\"image\":{\"@id\":\"https:\\\/\\\/becooltravel.com\\\/#\\\/schema\\\/logo\\\/image\\\/\"},\"sameAs\":[\"https:\\\/\\\/www.facebook.com\\\/becooltravelagency\\\/\",\"https:\\\/\\\/x.com\\\/becool_travel\",\"https:\\\/\\\/www.instagram.com\\\/becooltravel_com\\\/\",\"https:\\\/\\\/www.linkedin.com\\\/company\\\/becool-travel\\\/\",\"https:\\\/\\\/www.youtube.com\\\/channel\\\/UCE7zRU3EVG1PgfXwQo-5uJw\"]}]}<\/script>\n<!-- \/ Yoast SEO Premium plugin. -->","yoast_head_json":{"title":"Profitez d&#039;Albufeira","description":"Albufeira est parfaite non seulement pour les personnes avides de soleil et de repos. De nombreux terrains de golf s&#039;\u00e9tendent presque jusqu&#039;\u00e0 la mer, et toutes sortes d&#039;activit\u00e9s amusantes sont disponibles","robots":{"index":"index","follow":"follow","max-snippet":"max-snippet:-1","max-image-preview":"max-image-preview:large","max-video-preview":"max-video-preview:-1"},"canonical":"https:\/\/becooltravel.com\/fr\/produit\/profitez-albufeira-6101pk\/","og_locale":"fr_FR","og_type":"article","og_title":"Sleepy whitewashed villages invite you to experience a way of life connected to nature, adding another dimension to your holidays in the Algarve.","og_description":"The charm of Albufeira doesn\u2019t end here. In the fertile green countryside lies a fragrant landscape dotted with almond, fig, orange, and pine trees.The lacey typical chimneys, a heritage of Moorish architecture, stand out against the red of tiled roofs and the blue skies.","og_url":"https:\/\/becooltravel.com\/fr\/produit\/profitez-albufeira-6101pk\/","og_site_name":"BeCool Travel","article_publisher":"https:\/\/www.facebook.com\/becooltravelagency\/","article_modified_time":"2026-03-18T13:52:19+00:00","og_image":[{"width":1200,"height":800,"url":"https:\/\/becooltravel.com\/wp-content\/uploads\/sites\/5\/2020\/05\/Olhos_Agua_Albufeira.jpg","type":"image\/jpeg"}],"twitter_card":"summary_large_image","twitter_title":"Being a popular resort, Albufeira teems with urban boutiques and arts and crafts shops,","twitter_description":"The shoreline of Albufeira is very inviting for water sports, from windsurfing, diving, or sailing. A boat tour around the caves is a wonderful opportunity for a different day, with visits to secluded beaches only accessible by sea.Albufeira is perfect not only for people yearning for sun and rest. Many golf courses stretch almost to the sea, and all sorts of fun activities are available, like horse riding under the shade of the pine trees","twitter_site":"@becool_travel","twitter_misc":{"Dur\u00e9e de lecture estim\u00e9e":"2 minutes"},"schema":{"@context":"https:\/\/schema.org","@graph":[{"@type":["WebPage","ItemPage"],"@id":"https:\/\/becooltravel.com\/product\/enjoy-albufeira-6101pk\/","url":"https:\/\/becooltravel.com\/product\/enjoy-albufeira-6101pk\/","name":"Profitez d&#039;Albufeira","isPartOf":{"@id":"https:\/\/becooltravel.com\/#website"},"primaryImageOfPage":{"@id":"https:\/\/becooltravel.com\/product\/enjoy-albufeira-6101pk\/#primaryimage"},"image":{"@id":"https:\/\/becooltravel.com\/product\/enjoy-albufeira-6101pk\/#primaryimage"},"thumbnailUrl":"https:\/\/i0.wp.com\/becooltravel.com\/wp-content\/uploads\/sites\/5\/2020\/05\/Olhos_Agua_Albufeira.jpg?fit=1200%2C800&ssl=1","datePublished":"2020-05-20T15:48:57+00:00","dateModified":"2026-03-18T13:52:19+00:00","description":"Albufeira est parfaite non seulement pour les personnes avides de soleil et de repos. De nombreux terrains de golf s&#039;\u00e9tendent presque jusqu&#039;\u00e0 la mer, et toutes sortes d&#039;activit\u00e9s amusantes sont disponibles","breadcrumb":{"@id":"https:\/\/becooltravel.com\/product\/enjoy-albufeira-6101pk\/#breadcrumb"},"inLanguage":"fr-FR","potentialAction":[{"@type":"ReadAction","target":["https:\/\/becooltravel.com\/product\/enjoy-albufeira-6101pk\/"]}]},{"@type":"ImageObject","inLanguage":"fr-FR","@id":"https:\/\/becooltravel.com\/product\/enjoy-albufeira-6101pk\/#primaryimage","url":"https:\/\/i0.wp.com\/becooltravel.com\/wp-content\/uploads\/sites\/5\/2020\/05\/Olhos_Agua_Albufeira.jpg?fit=1200%2C800&ssl=1","contentUrl":"https:\/\/i0.wp.com\/becooltravel.com\/wp-content\/uploads\/sites\/5\/2020\/05\/Olhos_Agua_Albufeira.jpg?fit=1200%2C800&ssl=1","width":1200,"height":800,"caption":"Holidays in Albufeira"},{"@type":"BreadcrumbList","@id":"https:\/\/becooltravel.com\/product\/enjoy-albufeira-6101pk\/#breadcrumb","itemListElement":[{"@type":"ListItem","position":1,"name":"Home","item":"https:\/\/becooltravel.com\/"},{"@type":"ListItem","position":2,"name":"Shop","item":"https:\/\/becooltravel.com\/?page_id=5"},{"@type":"ListItem","position":3,"name":"Albufeira is perfect not only for people yearning for sun and rest"}]},{"@type":"WebSite","@id":"https:\/\/becooltravel.com\/#website","url":"https:\/\/becooltravel.com\/","name":"Voyage BeCool","description":"Des vacances durables au Portugal pour les voyageurs ind\u00e9pendants","publisher":{"@id":"https:\/\/becooltravel.com\/#organization"},"potentialAction":[{"@type":"SearchAction","target":{"@type":"EntryPoint","urlTemplate":"https:\/\/becooltravel.com\/?s={search_term_string}"},"query-input":{"@type":"PropertyValueSpecification","valueRequired":true,"valueName":"search_term_string"}}],"inLanguage":"fr-FR"},{"@type":"Organization","@id":"https:\/\/becooltravel.com\/#organization","name":"BecoolTravel. com- Portugal","url":"https:\/\/becooltravel.com\/","logo":{"@type":"ImageObject","inLanguage":"fr-FR","@id":"https:\/\/becooltravel.com\/#\/schema\/logo\/image\/","url":"https:\/\/becooltravel.com\/wp-content\/uploads\/sites\/5\/2020\/03\/Logo_BeCool.jpg","contentUrl":"https:\/\/becooltravel.com\/wp-content\/uploads\/sites\/5\/2020\/03\/Logo_BeCool.jpg","width":534,"height":534,"caption":"BecoolTravel. com- Portugal"},"image":{"@id":"https:\/\/becooltravel.com\/#\/schema\/logo\/image\/"},"sameAs":["https:\/\/www.facebook.com\/becooltravelagency\/","https:\/\/x.com\/becool_travel","https:\/\/www.instagram.com\/becooltravel_com\/","https:\/\/www.linkedin.com\/company\/becool-travel\/","https:\/\/www.youtube.com\/channel\/UCE7zRU3EVG1PgfXwQo-5uJw"]}]}},"jetpack_sharing_enabled":true,"_links":{"self":[{"href":"https:\/\/becooltravel.com\/fr\/wp-json\/wp\/v2\/product\/4884","targetHints":{"allow":["GET"]}}],"collection":[{"href":"https:\/\/becooltravel.com\/fr\/wp-json\/wp\/v2\/product"}],"about":[{"href":"https:\/\/becooltravel.com\/fr\/wp-json\/wp\/v2\/types\/product"}],"replies":[{"embeddable":true,"href":"https:\/\/becooltravel.com\/fr\/wp-json\/wp\/v2\/comments?post=4884"}],"wp:featuredmedia":[{"embeddable":true,"href":"https:\/\/becooltravel.com\/fr\/wp-json\/wp\/v2\/media\/4786"}],"wp:attachment":[{"href":"https:\/\/becooltravel.com\/fr\/wp-json\/wp\/v2\/media?parent=4884"}],"wp:term":[{"taxonomy":"product_brand","embeddable":true,"href":"https:\/\/becooltravel.com\/fr\/wp-json\/wp\/v2\/product_brand?post=4884"},{"taxonomy":"product_cat","embeddable":true,"href":"https:\/\/becooltravel.com\/fr\/wp-json\/wp\/v2\/product_cat?post=4884"},{"taxonomy":"product_tag","embeddable":true,"href":"https:\/\/becooltravel.com\/fr\/wp-json\/wp\/v2\/product_tag?post=4884"}],"curies":[{"name":"wp","href":"https:\/\/api.w.org\/{rel}","templated":true}]}}