{"id":4888,"date":"2020-05-21T10:17:45","date_gmt":"2020-05-21T10:17:45","guid":{"rendered":"https:\/\/becooltravel.com\/product\/relax-in-albufeira-8101pk\/"},"modified":"2026-03-18T13:54:37","modified_gmt":"2026-03-18T13:54:37","slug":"relax-in-albufeira-8101pk","status":"publish","type":"product","link":"https:\/\/becooltravel.com\/fr\/produit\/detente-a-albufeira-8101pk\/","title":{"rendered":"D\u00e9tendez-vous \u00e0 Albufeira"},"content":{"rendered":"<p>Albufeira est mondialement connue pour ses plages de sable dor\u00e9 et ses eaux bleu turquoise, abrit\u00e9es par des falaises rocheuses ocre.<\/p>\n<p>Le paysage attire une multitude de visiteurs qui aiment bronzer pendant la journ\u00e9e. Lorsque le soleil se couche, la f\u00eate commence avec de belles personnes qui affluent pour profiter des restaurants, des bars, des terrasses et de la vie nocturne \u00e9pique d&#039;Albufeira.<\/p>\n<p>Terminez vos journ\u00e9es de loisirs et de d\u00e9tente sur une terrasse face \u00e0 l&#039;oc\u00e9an, une boisson fra\u00eeche \u00e0 la main, pour c\u00e9l\u00e9brer la douceur de vivre.<\/p>\n<div id=\"attachment_1992\" style=\"width: 1034px\" class=\"wp-caption alignnone\"><img data-recalc-dims=\"1\" decoding=\"async\" aria-describedby=\"caption-attachment-1992\" class=\"wp-image-1992 size-large\" src=\"https:\/\/i0.wp.com\/legendatours.net\/wp-content\/uploads\/2020\/03\/Albufeira_Night-1024x768.jpg?resize=1024%2C768&#038;ssl=1\" alt=\"Vacances \u00e0 Albufeira\" width=\"1024\" height=\"768\" \/><p id=\"caption-attachment-1992\" class=\"wp-caption-text\">Vacances \u00e0 Albufeira<\/p><\/div>\n<p>Le rivage d&#039;Albufeira est tr\u00e8s accueillant pour les sports nautiques, de la planche \u00e0 voile, de la plong\u00e9e ou de la voile. Une excursion en bateau autour des grottes est une merveilleuse opportunit\u00e9 pour une journ\u00e9e diff\u00e9rente, avec des visites de plages isol\u00e9es accessibles uniquement par la mer.<\/p>\n<p>Albufeira est parfaite non seulement pour les personnes avides de soleil et de repos. De nombreux terrains de golf s&#039;\u00e9tendent presque jusqu&#039;\u00e0 la mer, et toutes sortes d&#039;activit\u00e9s ludiques sont propos\u00e9es, comme l&#039;\u00e9quitation \u00e0 l&#039;ombre des pins.<br \/>\n\u00c9tant une station baln\u00e9aire populaire, Albufeira regorge de boutiques urbaines et de boutiques d&#039;art et d&#039;artisanat, o\u00f9 vous pouvez toujours trouver l&#039;authenticit\u00e9 dans le travail des artisans locaux. Ces objets en argile, en feuilles de palmier, en cuivre et en dentelle suivent des traditions s\u00e9culaires.<\/p>\n<div id=\"attachment_1989\" style=\"width: 1034px\" class=\"wp-caption alignnone\"><img data-recalc-dims=\"1\" decoding=\"async\" aria-describedby=\"caption-attachment-1989\" class=\"wp-image-1989 size-large\" src=\"https:\/\/i0.wp.com\/legendatours.net\/wp-content\/uploads\/2020\/03\/Albufeira_downtown-1024x683.jpg?resize=1024%2C683&#038;ssl=1\" alt=\"Vacances \u00e0 Albufeira\" width=\"1024\" height=\"683\" \/><p id=\"caption-attachment-1989\" class=\"wp-caption-text\">Vacances \u00e0 Albufeira<\/p><\/div>\n<p>Le charme d&#039;Albufeira ne s&#039;arr\u00eate pas l\u00e0. Dans la campagne verdoyante et fertile se trouve un paysage parfum\u00e9 parsem\u00e9 d&#039;amandiers, de figuiers, d&#039;orangers et de pins.<\/p>\n<p>Les chemin\u00e9es typiques en dentelle, h\u00e9ritage de l&#039;architecture mauresque, se d\u00e9tachent sur le rouge des toits de tuiles et le ciel bleu.<\/p>\n<p>Les villages endormis blanchis \u00e0 la chaux vous invitent \u00e0 d\u00e9couvrir un mode de vie li\u00e9 \u00e0 la nature, ajoutant une autre dimension \u00e0 vos vacances en Algarve.<\/p>\n<p>Dernier point, mais non le moindre, abandonnez-vous \u00e0 l&#039;excellente cuisine et aux vins portugais. Du poisson frais et des crustac\u00e9s aux douces sp\u00e9cialit\u00e9s locales d&#039;amandes, de miel et de figues, vous n&#039;aurez que l&#039;embarras du choix!<\/p>","protected":false},"excerpt":{"rendered":"<p>Albufeira est mondialement connue pour ses plages de sable dor\u00e9 et ses eaux bleu turquoise, abrit\u00e9es par des falaises rocheuses ocre.<\/p>\n<p>Le paysage attire une multitude de visiteurs qui aiment bronzer pendant la journ\u00e9e. Lorsque le soleil se couche, la f\u00eate commence avec de belles personnes qui affluent pour profiter des restaurants, des bars, des terrasses et de la vie nocturne \u00e9pique d&#039;Albufeira.<\/p>\n<p>Compl\u00e9tez vos journ\u00e9es de loisirs et de d\u00e9tente sur une terrasse avec vue sur l&#039;oc\u00e9an, une boisson fra\u00eeche \u00e0 la main, pour c\u00e9l\u00e9brer la douceur de vivre !<\/p>","protected":false},"featured_media":4798,"comment_status":"closed","ping_status":"closed","template":"","meta":{"_acf_changed":false,"inline_featured_image":false},"product_brand":[],"product_cat":[329,331],"product_tag":[530,311,296,661,244,291,606,58,83,637,612,613,662,638,100],"class_list":{"0":"post-4888","1":"product","2":"type-product","3":"status-publish","4":"has-post-thumbnail","6":"product_cat-holiday-packs-tours-portugal","7":"product_cat-relax-8-days-holidays-portugal","8":"product_tag-albufeira","9":"product_tag-algarve","10":"product_tag-beaches","11":"product_tag-beautiful-beaches","12":"product_tag-coastal-algarve","13":"product_tag-flamingos","14":"product_tag-gastronomy","15":"product_tag-portugal","16":"product_tag-portugal-great-food-and-wine","17":"product_tag-self-catering-hotel-albufeira","18":"product_tag-sun-and-beach","19":"product_tag-sunny-days","20":"product_tag-tastes-of-algarve","21":"product_tag-victoria-sports-beach-hotel","22":"product_tag-western-europe","24":"first","25":"instock","26":"virtual","27":"product-type-simple"},"acf":[],"yoast_head":"<!-- This site is optimized with the Yoast SEO Premium plugin v26.8 (Yoast SEO v27.4) - https:\/\/yoast.com\/product\/yoast-seo-premium-wordpress\/ -->\n<title>Relax in Albufeira<\/title>\n<meta name=\"description\" content=\"Round up your days of leisure and relaxation on a terrace overlooking the ocean, with a fresh drink on your hand, to celebrate the good life!\" \/>\n<meta name=\"robots\" content=\"index, follow, max-snippet:-1, max-image-preview:large, max-video-preview:-1\" \/>\n<link rel=\"canonical\" href=\"https:\/\/becooltravel.com\/fr\/produit\/detente-a-albufeira-8101pk\/\" \/>\n<meta property=\"og:locale\" content=\"fr_FR\" \/>\n<meta property=\"og:type\" content=\"article\" \/>\n<meta property=\"og:title\" content=\"Gold sandy beaches with crystal clear waters (Blue flag)\" \/>\n<meta property=\"og:description\" content=\"Being a popular resort, Albufeira teems with urban boutiques and arts and crafts shops, where you can still find authenticity in the work of local artisans. Those objects made of clay, palm leaves, copper, and lace, follow centuries\u2019 old traditions.The charm of Albufeira doesn\u2019t end here. In the fertile green countryside lies a fragrant landscape dotted with almond, fig, orange, and pine trees.The lacey typical chimneys, a heritage of Moorish architecture, stand out against the red of tiled roofs and the blue skies.\" \/>\n<meta property=\"og:url\" content=\"https:\/\/becooltravel.com\/fr\/produit\/detente-a-albufeira-8101pk\/\" \/>\n<meta property=\"og:site_name\" content=\"BeCool Travel\" \/>\n<meta property=\"article:publisher\" content=\"https:\/\/www.facebook.com\/becooltravelagency\/\" \/>\n<meta property=\"article:modified_time\" content=\"2026-03-18T13:54:37+00:00\" \/>\n<meta property=\"og:image\" content=\"https:\/\/becooltravel.com\/wp-content\/uploads\/sites\/5\/2020\/05\/praia-oura-albufeira.jpg\" \/>\n\t<meta property=\"og:image:width\" content=\"1200\" \/>\n\t<meta property=\"og:image:height\" content=\"793\" \/>\n\t<meta property=\"og:image:type\" content=\"image\/jpeg\" \/>\n<meta name=\"twitter:card\" content=\"summary_large_image\" \/>\n<meta name=\"twitter:title\" content=\"Epic Albufeira\u2019s nightlife with live music, themed bars and clubs\" \/>\n<meta name=\"twitter:description\" content=\"Sleepy whitewashed villages invite you to experience a way of life connected to nature, adding another dimension to your holidays in the Algarve.Last, but certainly not least, surrender yourself to the excellent Portuguese food and wines. From the fresh fish and shellfish to the sweet local delicacies of almonds, honey, and figs, you will be spoilt for choice!\" \/>\n<meta name=\"twitter:image\" content=\"https:\/\/i0.wp.com\/becooltravel.com\/wp-content\/uploads\/sites\/5\/2020\/05\/Albufeira_beaches.jpg?fit=800%2C1192&ssl=1\" \/>\n<meta name=\"twitter:site\" content=\"@becool_travel\" \/>\n<meta name=\"twitter:label1\" content=\"Dur\u00e9e de lecture estim\u00e9e\" \/>\n\t<meta name=\"twitter:data1\" content=\"2 minutes\" \/>\n<script type=\"application\/ld+json\" class=\"yoast-schema-graph\">{\"@context\":\"https:\\\/\\\/schema.org\",\"@graph\":[{\"@type\":[\"WebPage\",\"ItemPage\"],\"@id\":\"https:\\\/\\\/becooltravel.com\\\/product\\\/relax-in-albufeira-8101pk\\\/\",\"url\":\"https:\\\/\\\/becooltravel.com\\\/product\\\/relax-in-albufeira-8101pk\\\/\",\"name\":\"Relax in Albufeira\",\"isPartOf\":{\"@id\":\"https:\\\/\\\/becooltravel.com\\\/#website\"},\"primaryImageOfPage\":{\"@id\":\"https:\\\/\\\/becooltravel.com\\\/product\\\/relax-in-albufeira-8101pk\\\/#primaryimage\"},\"image\":{\"@id\":\"https:\\\/\\\/becooltravel.com\\\/product\\\/relax-in-albufeira-8101pk\\\/#primaryimage\"},\"thumbnailUrl\":\"https:\\\/\\\/i0.wp.com\\\/becooltravel.com\\\/wp-content\\\/uploads\\\/sites\\\/5\\\/2020\\\/05\\\/Albufeira_beaches.jpg?fit=800%2C1192&ssl=1\",\"datePublished\":\"2020-05-21T10:17:45+00:00\",\"dateModified\":\"2026-03-18T13:54:37+00:00\",\"description\":\"Round up your days of leisure and relaxation on a terrace overlooking the ocean, with a fresh drink on your hand, to celebrate the good life!\",\"breadcrumb\":{\"@id\":\"https:\\\/\\\/becooltravel.com\\\/product\\\/relax-in-albufeira-8101pk\\\/#breadcrumb\"},\"inLanguage\":\"fr-FR\",\"potentialAction\":[{\"@type\":\"ReadAction\",\"target\":[\"https:\\\/\\\/becooltravel.com\\\/product\\\/relax-in-albufeira-8101pk\\\/\"]}]},{\"@type\":\"ImageObject\",\"inLanguage\":\"fr-FR\",\"@id\":\"https:\\\/\\\/becooltravel.com\\\/product\\\/relax-in-albufeira-8101pk\\\/#primaryimage\",\"url\":\"https:\\\/\\\/i0.wp.com\\\/becooltravel.com\\\/wp-content\\\/uploads\\\/sites\\\/5\\\/2020\\\/05\\\/Albufeira_beaches.jpg?fit=800%2C1192&ssl=1\",\"contentUrl\":\"https:\\\/\\\/i0.wp.com\\\/becooltravel.com\\\/wp-content\\\/uploads\\\/sites\\\/5\\\/2020\\\/05\\\/Albufeira_beaches.jpg?fit=800%2C1192&ssl=1\",\"width\":800,\"height\":1192,\"caption\":\"Holidays in Albufeira\"},{\"@type\":\"BreadcrumbList\",\"@id\":\"https:\\\/\\\/becooltravel.com\\\/product\\\/relax-in-albufeira-8101pk\\\/#breadcrumb\",\"itemListElement\":[{\"@type\":\"ListItem\",\"position\":1,\"name\":\"Home\",\"item\":\"https:\\\/\\\/becooltravel.com\\\/\"},{\"@type\":\"ListItem\",\"position\":2,\"name\":\"Shop\",\"item\":\"https:\\\/\\\/becooltravel.com\\\/?page_id=5\"},{\"@type\":\"ListItem\",\"position\":3,\"name\":\"Albufeira Algarve Portugal\",\"item\":\"https:\\\/\\\/becooltravel.com\\\/da\\\/produkt-tag-6\\\/albufeira\\\/\"},{\"@type\":\"ListItem\",\"position\":4,\"name\":\"The beaches of Albufeira are the number one tourist destination in the Algarve. This is a developed city with a beautiful historic centre of narrow streets, surrounded by apartments and white houses, next to the beautiful local beaches. Nearby is the marina of Albufeira, heavily frequented by hundreds of recreational craft.\"}]},{\"@type\":\"WebSite\",\"@id\":\"https:\\\/\\\/becooltravel.com\\\/#website\",\"url\":\"https:\\\/\\\/becooltravel.com\\\/\",\"name\":\"BeCool Travel\",\"description\":\"Sustainable holidays in Portugal for independent travelers\",\"publisher\":{\"@id\":\"https:\\\/\\\/becooltravel.com\\\/#organization\"},\"potentialAction\":[{\"@type\":\"SearchAction\",\"target\":{\"@type\":\"EntryPoint\",\"urlTemplate\":\"https:\\\/\\\/becooltravel.com\\\/?s={search_term_string}\"},\"query-input\":{\"@type\":\"PropertyValueSpecification\",\"valueRequired\":true,\"valueName\":\"search_term_string\"}}],\"inLanguage\":\"fr-FR\"},{\"@type\":\"Organization\",\"@id\":\"https:\\\/\\\/becooltravel.com\\\/#organization\",\"name\":\"BecoolTravel. com- Portugal\",\"url\":\"https:\\\/\\\/becooltravel.com\\\/\",\"logo\":{\"@type\":\"ImageObject\",\"inLanguage\":\"fr-FR\",\"@id\":\"https:\\\/\\\/becooltravel.com\\\/#\\\/schema\\\/logo\\\/image\\\/\",\"url\":\"https:\\\/\\\/becooltravel.com\\\/wp-content\\\/uploads\\\/sites\\\/5\\\/2020\\\/03\\\/Logo_BeCool.jpg\",\"contentUrl\":\"https:\\\/\\\/becooltravel.com\\\/wp-content\\\/uploads\\\/sites\\\/5\\\/2020\\\/03\\\/Logo_BeCool.jpg\",\"width\":534,\"height\":534,\"caption\":\"BecoolTravel. com- Portugal\"},\"image\":{\"@id\":\"https:\\\/\\\/becooltravel.com\\\/#\\\/schema\\\/logo\\\/image\\\/\"},\"sameAs\":[\"https:\\\/\\\/www.facebook.com\\\/becooltravelagency\\\/\",\"https:\\\/\\\/x.com\\\/becool_travel\",\"https:\\\/\\\/www.instagram.com\\\/becooltravel_com\\\/\",\"https:\\\/\\\/www.linkedin.com\\\/company\\\/becool-travel\\\/\",\"https:\\\/\\\/www.youtube.com\\\/channel\\\/UCE7zRU3EVG1PgfXwQo-5uJw\"]}]}<\/script>\n<!-- \/ Yoast SEO Premium plugin. -->","yoast_head_json":{"title":"D\u00e9tendez-vous \u00e0 Albufeira","description":"Compl\u00e9tez vos journ\u00e9es de loisirs et de d\u00e9tente sur une terrasse avec vue sur l&#039;oc\u00e9an, une boisson fra\u00eeche \u00e0 la main, pour c\u00e9l\u00e9brer la douceur de vivre !","robots":{"index":"index","follow":"follow","max-snippet":"max-snippet:-1","max-image-preview":"max-image-preview:large","max-video-preview":"max-video-preview:-1"},"canonical":"https:\/\/becooltravel.com\/fr\/produit\/detente-a-albufeira-8101pk\/","og_locale":"fr_FR","og_type":"article","og_title":"Gold sandy beaches with crystal clear waters (Blue flag)","og_description":"Being a popular resort, Albufeira teems with urban boutiques and arts and crafts shops, where you can still find authenticity in the work of local artisans. Those objects made of clay, palm leaves, copper, and lace, follow centuries\u2019 old traditions.The charm of Albufeira doesn\u2019t end here. In the fertile green countryside lies a fragrant landscape dotted with almond, fig, orange, and pine trees.The lacey typical chimneys, a heritage of Moorish architecture, stand out against the red of tiled roofs and the blue skies.","og_url":"https:\/\/becooltravel.com\/fr\/produit\/detente-a-albufeira-8101pk\/","og_site_name":"BeCool Travel","article_publisher":"https:\/\/www.facebook.com\/becooltravelagency\/","article_modified_time":"2026-03-18T13:54:37+00:00","og_image":[{"width":1200,"height":793,"url":"https:\/\/becooltravel.com\/wp-content\/uploads\/sites\/5\/2020\/05\/praia-oura-albufeira.jpg","type":"image\/jpeg"}],"twitter_card":"summary_large_image","twitter_title":"Epic Albufeira\u2019s nightlife with live music, themed bars and clubs","twitter_description":"Sleepy whitewashed villages invite you to experience a way of life connected to nature, adding another dimension to your holidays in the Algarve.Last, but certainly not least, surrender yourself to the excellent Portuguese food and wines. From the fresh fish and shellfish to the sweet local delicacies of almonds, honey, and figs, you will be spoilt for choice!","twitter_image":"https:\/\/i0.wp.com\/becooltravel.com\/wp-content\/uploads\/sites\/5\/2020\/05\/Albufeira_beaches.jpg?fit=800%2C1192&ssl=1","twitter_site":"@becool_travel","twitter_misc":{"Dur\u00e9e de lecture estim\u00e9e":"2 minutes"},"schema":{"@context":"https:\/\/schema.org","@graph":[{"@type":["WebPage","ItemPage"],"@id":"https:\/\/becooltravel.com\/product\/relax-in-albufeira-8101pk\/","url":"https:\/\/becooltravel.com\/product\/relax-in-albufeira-8101pk\/","name":"D\u00e9tendez-vous \u00e0 Albufeira","isPartOf":{"@id":"https:\/\/becooltravel.com\/#website"},"primaryImageOfPage":{"@id":"https:\/\/becooltravel.com\/product\/relax-in-albufeira-8101pk\/#primaryimage"},"image":{"@id":"https:\/\/becooltravel.com\/product\/relax-in-albufeira-8101pk\/#primaryimage"},"thumbnailUrl":"https:\/\/i0.wp.com\/becooltravel.com\/wp-content\/uploads\/sites\/5\/2020\/05\/Albufeira_beaches.jpg?fit=800%2C1192&ssl=1","datePublished":"2020-05-21T10:17:45+00:00","dateModified":"2026-03-18T13:54:37+00:00","description":"Compl\u00e9tez vos journ\u00e9es de loisirs et de d\u00e9tente sur une terrasse avec vue sur l&#039;oc\u00e9an, une boisson fra\u00eeche \u00e0 la main, pour c\u00e9l\u00e9brer la douceur de vivre !","breadcrumb":{"@id":"https:\/\/becooltravel.com\/product\/relax-in-albufeira-8101pk\/#breadcrumb"},"inLanguage":"fr-FR","potentialAction":[{"@type":"ReadAction","target":["https:\/\/becooltravel.com\/product\/relax-in-albufeira-8101pk\/"]}]},{"@type":"ImageObject","inLanguage":"fr-FR","@id":"https:\/\/becooltravel.com\/product\/relax-in-albufeira-8101pk\/#primaryimage","url":"https:\/\/i0.wp.com\/becooltravel.com\/wp-content\/uploads\/sites\/5\/2020\/05\/Albufeira_beaches.jpg?fit=800%2C1192&ssl=1","contentUrl":"https:\/\/i0.wp.com\/becooltravel.com\/wp-content\/uploads\/sites\/5\/2020\/05\/Albufeira_beaches.jpg?fit=800%2C1192&ssl=1","width":800,"height":1192,"caption":"Holidays in Albufeira"},{"@type":"BreadcrumbList","@id":"https:\/\/becooltravel.com\/product\/relax-in-albufeira-8101pk\/#breadcrumb","itemListElement":[{"@type":"ListItem","position":1,"name":"Home","item":"https:\/\/becooltravel.com\/"},{"@type":"ListItem","position":2,"name":"Shop","item":"https:\/\/becooltravel.com\/?page_id=5"},{"@type":"ListItem","position":3,"name":"Albufeira Algarve Portugal","item":"https:\/\/becooltravel.com\/da\/produkt-tag-6\/albufeira\/"},{"@type":"ListItem","position":4,"name":"The beaches of Albufeira are the number one tourist destination in the Algarve. This is a developed city with a beautiful historic centre of narrow streets, surrounded by apartments and white houses, next to the beautiful local beaches. Nearby is the marina of Albufeira, heavily frequented by hundreds of recreational craft."}]},{"@type":"WebSite","@id":"https:\/\/becooltravel.com\/#website","url":"https:\/\/becooltravel.com\/","name":"Voyage BeCool","description":"Des vacances durables au Portugal pour les voyageurs ind\u00e9pendants","publisher":{"@id":"https:\/\/becooltravel.com\/#organization"},"potentialAction":[{"@type":"SearchAction","target":{"@type":"EntryPoint","urlTemplate":"https:\/\/becooltravel.com\/?s={search_term_string}"},"query-input":{"@type":"PropertyValueSpecification","valueRequired":true,"valueName":"search_term_string"}}],"inLanguage":"fr-FR"},{"@type":"Organization","@id":"https:\/\/becooltravel.com\/#organization","name":"BecoolTravel. com- Portugal","url":"https:\/\/becooltravel.com\/","logo":{"@type":"ImageObject","inLanguage":"fr-FR","@id":"https:\/\/becooltravel.com\/#\/schema\/logo\/image\/","url":"https:\/\/becooltravel.com\/wp-content\/uploads\/sites\/5\/2020\/03\/Logo_BeCool.jpg","contentUrl":"https:\/\/becooltravel.com\/wp-content\/uploads\/sites\/5\/2020\/03\/Logo_BeCool.jpg","width":534,"height":534,"caption":"BecoolTravel. com- Portugal"},"image":{"@id":"https:\/\/becooltravel.com\/#\/schema\/logo\/image\/"},"sameAs":["https:\/\/www.facebook.com\/becooltravelagency\/","https:\/\/x.com\/becool_travel","https:\/\/www.instagram.com\/becooltravel_com\/","https:\/\/www.linkedin.com\/company\/becool-travel\/","https:\/\/www.youtube.com\/channel\/UCE7zRU3EVG1PgfXwQo-5uJw"]}]}},"jetpack_sharing_enabled":true,"_links":{"self":[{"href":"https:\/\/becooltravel.com\/fr\/wp-json\/wp\/v2\/product\/4888","targetHints":{"allow":["GET"]}}],"collection":[{"href":"https:\/\/becooltravel.com\/fr\/wp-json\/wp\/v2\/product"}],"about":[{"href":"https:\/\/becooltravel.com\/fr\/wp-json\/wp\/v2\/types\/product"}],"replies":[{"embeddable":true,"href":"https:\/\/becooltravel.com\/fr\/wp-json\/wp\/v2\/comments?post=4888"}],"wp:featuredmedia":[{"embeddable":true,"href":"https:\/\/becooltravel.com\/fr\/wp-json\/wp\/v2\/media\/4798"}],"wp:attachment":[{"href":"https:\/\/becooltravel.com\/fr\/wp-json\/wp\/v2\/media?parent=4888"}],"wp:term":[{"taxonomy":"product_brand","embeddable":true,"href":"https:\/\/becooltravel.com\/fr\/wp-json\/wp\/v2\/product_brand?post=4888"},{"taxonomy":"product_cat","embeddable":true,"href":"https:\/\/becooltravel.com\/fr\/wp-json\/wp\/v2\/product_cat?post=4888"},{"taxonomy":"product_tag","embeddable":true,"href":"https:\/\/becooltravel.com\/fr\/wp-json\/wp\/v2\/product_tag?post=4888"}],"curies":[{"name":"wp","href":"https:\/\/api.w.org\/{rel}","templated":true}]}}