{"id":4966,"date":"2020-05-27T15:01:53","date_gmt":"2020-05-27T15:01:53","guid":{"rendered":"https:\/\/becooltravel.com\/product\/the-vicentina-route-and-the-untamed-atlantic-5200sc\/"},"modified":"2026-03-18T12:37:30","modified_gmt":"2026-03-18T12:37:30","slug":"the-vicentina-route-and-the-untamed-atlantic-5200sc","status":"publish","type":"product","link":"https:\/\/becooltravel.com\/fr\/produit\/la-route-vicentina-et-l-atlantique-sauvage-5200sc\/","title":{"rendered":"Autotour \u00e0 pied ind\u00e9pendant sur la route Vicentina"},"content":{"rendered":"<p>La route Vicentina et l&#039;Atlantique sauvage est une visite \u00e0 pied autonome con\u00e7ue pour les marcheurs passionn\u00e9s, int\u00e9ress\u00e9s \u00e0 d\u00e9couvrir une autre facette du Portugal.<\/p>\n<p>En suivant l&#039;une des zones c\u00f4ti\u00e8res les plus belles et les mieux pr\u00e9serv\u00e9es d&#039;Europe, vous marcherez parmi des falaises d\u00e9chiquet\u00e9es, des plages isol\u00e9es, des champs de fleurs sauvages sans fin, des pistes foresti\u00e8res et des villages historiques.<\/p>\n<p>La d\u00e9licieuse cuisine et les vins r\u00e9gionaux se distinguent, avec un point culminant pour les fruits de mer et le poisson frais.<\/p>\n<p>La Route Vicentina fait partie du r\u00e9seau europ\u00e9en de sentiers p\u00e9destres et combine la marche int\u00e9rieure (Chemin Historique) et c\u00f4ti\u00e8re (Sentier des P\u00eacheurs), couvrant 340 km de pistes entre la ville de Santiago do Cac\u00e9m et le Cap de Saint-Vincent.<\/p>\n<div id=\"attachment_2209\" style=\"width: 1034px\" class=\"wp-caption alignnone\"><img data-recalc-dims=\"1\" decoding=\"async\" aria-describedby=\"caption-attachment-2209\" class=\"wp-image-2209 size-large\" title=\"Route Vicentina, l&#039;une des plus belles \u00e9tendues de c\u00f4tes europ\u00e9ennes pr\u00e9serv\u00e9es, la r\u00e9gion abrite la c\u00e9l\u00e8bre Rota Vicentina - un sentier de longue distance de 340 km.\" src=\"https:\/\/i0.wp.com\/legendatours.net\/wp-content\/uploads\/2020\/05\/Vicentina_Coast04-1024x678.jpg?resize=1024%2C678&#038;ssl=1\" alt=\"Route Vicentina, l&#039;une des plus belles \u00e9tendues de c\u00f4tes europ\u00e9ennes pr\u00e9serv\u00e9es, la r\u00e9gion abrite la c\u00e9l\u00e8bre Rota Vicentina - un sentier de longue distance de 340 km.\" width=\"1024\" height=\"678\" \/><p id=\"caption-attachment-2209\" class=\"wp-caption-text\">Route Vicentina, l&#039;une des plus belles \u00e9tendues de c\u00f4tes europ\u00e9ennes pr\u00e9serv\u00e9es, la r\u00e9gion abrite la c\u00e9l\u00e8bre Rota Vicentina - un sentier de longue distance de 340 km.<\/p><\/div>\n<p>Les promenades circulaires du Chemin Historique sont des itin\u00e9raires inoubliables pleins de tradition. Utilis\u00e9s depuis des si\u00e8cles pour acc\u00e9der facilement aux villages voisins et aux terres agricoles, ils sont une mani\u00e8re d\u00e9licieuse d&#039;explorer le v\u00e9ritable Alentejo et un Algarve presque inconnu.<\/p>\n<p>Vous trouverez un paysage verdoyant avec des \u00e9tendues de for\u00eats de ch\u00eanes-li\u00e8ges, des collines douces, des vall\u00e9es et des rivi\u00e8res et ruisseaux sinueux. Un v\u00e9ritable voyage dans le temps, la culture locale et la nature.<\/p>\n<p>Le Sentier des P\u00eacheurs, exclusivement pi\u00e9ton, \u00e9tait traditionnellement emprunt\u00e9 par les p\u00eacheurs pour acc\u00e9der \u00e0 des lieux de p\u00eache secrets. Vous pouvez encore les voir aujourd&#039;hui, incroyablement perch\u00e9s au sommet des falaises rocheuses.<\/p>\n<p>La base du tour est un petit village situ\u00e9 au centre, d&#039;o\u00f9 il est facile d&#039;explorer la r\u00e9gion et les pistes de cet itin\u00e9raire.<\/p>\n<p>Il comprend des promenades sur mesure pour vous montrer les meilleures sections de la Vicentina et toutes les merveilles de cette r\u00e9gion.<\/p>\n<div id=\"attachment_2205\" style=\"width: 1034px\" class=\"wp-caption alignnone\"><img data-recalc-dims=\"1\" decoding=\"async\" aria-describedby=\"caption-attachment-2205\" class=\"wp-image-2205 size-large\" title=\"Route Vicentina - Campagne, le long du paysage pastoral et des terrains agricoles qui relient les petits groupes de maisons dispers\u00e9s dans cette vaste zone.\" src=\"https:\/\/i0.wp.com\/legendatours.net\/wp-content\/uploads\/2020\/05\/Odemira_countryside-1024x768.jpg?resize=1024%2C768&#038;ssl=1\" alt=\"Route Vicentina - campagne, le long du paysage pastoral et des terrains agricoles qui relient les petits groupes de maisons dispers\u00e9s dans cette vaste zone.\" width=\"1024\" height=\"768\" \/><p id=\"caption-attachment-2205\" class=\"wp-caption-text\">Route Vicentina - campagne, le long du paysage pastoral et des terrains agricoles qui relient les petits groupes de maisons dispers\u00e9s dans cette vaste zone.<\/p><\/div>\n<p>Des eaux bleues sauvages et transparentes de Porto Covo, des vues imprenables sur la plage d&#039;Odeceixe, aux plateaux d\u00e9serts autour de la Carrapateira.<\/p>\n<p>Les surprises que la nature a \u00e0 offrir, comme les tapis de fleurs color\u00e9s, le parfum des herbes pr\u00e8s des criques, et les nids de cigognes sur les falaises c\u00f4ti\u00e8res, comme nulle part ailleurs au monde !<\/p>\n<p>Trouvez des plages paisibles, certaines d\u00e9sertes, o\u00f9 vous pourrez vous d\u00e9tendre apr\u00e8s vos efforts de randonn\u00e9e. \u00c0 la campagne, profitez des ruisseaux et des rivi\u00e8res, un soulagement bienvenu de la chaleur lors des journ\u00e9es plus chaudes.<\/p>\n<p>De plus, vous avez la possibilit\u00e9 de d\u00e9couvrir l&#039;authenticit\u00e9, la culture, le patrimoine et les modes de vie des gens, dans de petits villages et villes comme Aljezur, Vila do Bispo et Sagres.<\/p>\n<p>Le temps doux toute l&#039;ann\u00e9e et la merveilleuse cuisine et les vins traditionnels compl\u00e9teront cette incroyable aventure de vacances, parfaite pour les voyageurs ind\u00e9pendants.<\/p>\n<div class=\"row\" style=\"display: flex;\">\n<div class=\"column\" style=\"flex: 45%;\">\n<p><iframe title=\"Tombez amoureux de cette terre \/\/ Amor a esta Terra - Rota Vicentina\" width=\"1080\" height=\"608\" src=\"https:\/\/www.youtube.com\/embed\/xnabsip_w88?feature=oembed\" frameborder=\"0\" allow=\"accelerometer; autoplay; clipboard-write; encrypted-media; gyroscope; picture-in-picture; web-share\" referrerpolicy=\"strict-origin-when-cross-origin\" allowfullscreen><\/iframe><\/p>\n<\/div>\n<div class=\"column\" style=\"flex: 10%;\"><\/div>\n<div class=\"column\" style=\"flex: 45%;\">\n<p><iframe title=\"L&#039;Alentejo comme jamais vu auparavant\" width=\"1080\" height=\"608\" src=\"https:\/\/www.youtube.com\/embed\/sK3NutFlvQ4?feature=oembed\" frameborder=\"0\" allow=\"accelerometer; autoplay; clipboard-write; encrypted-media; gyroscope; picture-in-picture; web-share\" referrerpolicy=\"strict-origin-when-cross-origin\" allowfullscreen><\/iframe><\/p>\n<\/div>\n<\/div>","protected":false},"excerpt":{"rendered":"<p>La route Vicentina et l&#039;Atlantique sauvage est une visite \u00e0 pied autonome con\u00e7ue pour les marcheurs passionn\u00e9s, int\u00e9ress\u00e9s \u00e0 d\u00e9couvrir une autre facette du Portugal.<\/p>\n<p>En suivant l&#039;une des zones c\u00f4ti\u00e8res les plus belles et les mieux pr\u00e9serv\u00e9es d&#039;Europe, vous marcherez parmi des falaises d\u00e9chiquet\u00e9es, des plages isol\u00e9es, des champs de fleurs sauvages sans fin, des pistes foresti\u00e8res et des villages historiques.<\/p>\n<p>La d\u00e9licieuse cuisine et les vins r\u00e9gionaux se distinguent, avec un point culminant pour les fruits de mer et le poisson frais.<\/p>","protected":false},"featured_media":4951,"comment_status":"closed","ping_status":"closed","template":"","meta":{"_acf_changed":false,"inline_featured_image":false},"product_brand":[],"product_cat":[673,327,338],"product_tag":[473,64,553,1053,836,121,837,630,797,783,255,92,838,798,784,785,839,840,799,786,314,800,1060,1054,1061,1062,1063,1064,841,802,842,628,73,753,321,899,843,803,804,805,433,806,790,844,1065,1066,1067,1068,1069,479,1055,1246,872,322,856,323,791,728,609,1056,1070,845,723,267,1057,809,1071,1072,1073,949,1058,1074,1059,59,545,88,308,811,793,846],"class_list":{"0":"post-4966","1":"product","2":"type-product","3":"status-publish","4":"has-post-thumbnail","6":"product_cat-self-drive-holidays-portugal","7":"product_cat-self-guided-tours-portugal","8":"product_cat-self-guided-walking-holidays","9":"product_tag-alentejo","10":"product_tag-alentejo-walking","11":"product_tag-algarve-secluded-beaches","12":"product_tag-alleine-reisen","13":"product_tag-alzejur","14":"product_tag-bird-watching","15":"product_tag-carrapateira","16":"product_tag-caves","17":"product_tag-cliff-top","18":"product_tag-cliffs","19":"product_tag-cork-trees","20":"product_tag-cork-woods","21":"product_tag-costa-vicentina","22":"product_tag-countryside","23":"product_tag-culture","24":"product_tag-delicious-food","25":"product_tag-dramatic-cliffs","26":"product_tag-fishermans-trail","27":"product_tag-golden-beaches","28":"product_tag-grottoes","29":"product_tag-hiking","30":"product_tag-history","31":"product_tag-individual-hiking","32":"product_tag-individuelle-touren","33":"product_tag-individuelle-trekkingreisen","34":"product_tag-individuelle-wandern","35":"product_tag-individuelle-wanderreisen","36":"product_tag-individuelle-wandertouren","37":"product_tag-inland-alentejo","38":"product_tag-lush-green-hills","39":"product_tag-markets","40":"product_tag-natural-attractions-in-portugal","41":"product_tag-natural-scenery","42":"product_tag-nature-hikes","43":"product_tag-nature-walks","44":"product_tag-odeceixe","45":"product_tag-odemira","46":"product_tag-olives","47":"product_tag-oranges","48":"product_tag-orchards","49":"product_tag-parque-natural-de-costa-vicentina","50":"product_tag-paths","51":"product_tag-picturesque-landscapes","52":"product_tag-porto-covo","53":"product_tag-rando-autoguidee","54":"product_tag-rando-liberte","55":"product_tag-randonnee-autoguidee","56":"product_tag-randonnee-en-liberte","57":"product_tag-randonnee-liberte","58":"product_tag-rota-vicentina","59":"product_tag-sejour-en-liberte","60":"product_tag-selected-walks","61":"product_tag-self-drive-holiday","62":"product_tag-self-guided","63":"product_tag-self-guided-holiday","64":"product_tag-self-guided-walking-holiday","65":"product_tag-self-guided-walking-holidays","66":"product_tag-self-guided-walking-tour","67":"product_tag-sightseeing","68":"product_tag-solo-reisen","69":"product_tag-solo-wandern","70":"product_tag-southwestern-portugal","71":"product_tag-sunny-winters","72":"product_tag-the-alentejo","73":"product_tag-tours-autoguidees","74":"product_tag-trails","75":"product_tag-trek-en-liberte","76":"product_tag-trek-solo","77":"product_tag-trekking-solo","78":"product_tag-vicentina-route","79":"product_tag-voyage-en-liberte","80":"product_tag-voyages-a-pied-en-liberte","81":"product_tag-voyages-en-autonomie","82":"product_tag-walking","83":"product_tag-walking-holiday","84":"product_tag-walking-tour","85":"product_tag-walking-trails","86":"product_tag-walks","87":"product_tag-wines","88":"product_tag-zambujeira-do-mar","90":"first","91":"instock","92":"virtual","93":"product-type-simple"},"acf":[],"yoast_head":"<!-- This site is optimized with the Yoast SEO Premium plugin v26.8 (Yoast SEO v27.5) - https:\/\/yoast.com\/product\/yoast-seo-premium-wordpress\/ -->\n<title>Self-Drive Walking Independent in The Vicentina Route<\/title>\n<meta name=\"description\" content=\"Vicentina Route and the Untamed Atlantic is a Self-Drive Walking tour designed for keen walkers, interested in experiencing a different side of Portugal.\" \/>\n<meta name=\"robots\" content=\"index, follow, max-snippet:-1, max-image-preview:large, max-video-preview:-1\" \/>\n<link rel=\"canonical\" href=\"https:\/\/becooltravel.com\/fr\/produit\/la-route-vicentina-et-l-atlantique-sauvage-5200sc\/\" \/>\n<meta property=\"og:locale\" content=\"fr_FR\" \/>\n<meta property=\"og:type\" content=\"article\" \/>\n<meta property=\"og:title\" content=\"Walking Independent in The Vicentina Route\" \/>\n<meta property=\"og:description\" content=\"You\u2019ll find a green landscape with stretches of cork tree woods, soft hillsides, valleys, and meandering rivers and creeks. A true journey through time, local culture, and nature.The Fishermen\u2019s trail, exclusively pedestrian, was traditionally used by fishermen to access secretive fishing spots. You can still see them today, impossibly perched on top of the rocky cliffs.The tour base is a small and centrally located village, from where it\u2019s easy to explore the region and the tracks of this itinerary.It includes tailored walks to show you the best sections of the Vicentina and all the wonders of this region.\" \/>\n<meta property=\"og:url\" content=\"https:\/\/becooltravel.com\/fr\/produit\/la-route-vicentina-et-l-atlantique-sauvage-5200sc\/\" \/>\n<meta property=\"og:site_name\" content=\"BeCool Travel\" \/>\n<meta property=\"article:publisher\" content=\"https:\/\/www.facebook.com\/becooltravelagency\/\" \/>\n<meta property=\"article:modified_time\" content=\"2026-03-18T12:37:30+00:00\" \/>\n<meta property=\"og:image\" content=\"https:\/\/becooltravel.com\/wp-content\/uploads\/sites\/5\/2020\/05\/Vicentina_Coast01.jpg\" \/>\n\t<meta property=\"og:image:width\" content=\"1195\" \/>\n\t<meta property=\"og:image:height\" content=\"800\" \/>\n\t<meta property=\"og:image:type\" content=\"image\/jpeg\" \/>\n<meta name=\"twitter:card\" content=\"summary_large_image\" \/>\n<meta name=\"twitter:title\" content=\"Selected walks in the Historical Way (inland) and Fishermen\u2019s Trail (coastal)\" \/>\n<meta name=\"twitter:description\" content=\"Following one of the most beautiful and best-preserved coastal areas of Europe, you\u2019ll walk among jagged cliffs, secluded beaches, endless fields of wildflowers, forest tracks, and historic villages.The delicious regional cuisine and wines stand out, with a highlight for the seafood and fresh fish.The Vicentina Route is part of the European footpath network and combines inland (Historical Way) and coastal walking (Fishermen\u2019s Trail), covering 340km of tracks between the city of Santiago do Cac\u00e9m and the Cape of St. Vincent.\" \/>\n<meta name=\"twitter:image\" content=\"https:\/\/i0.wp.com\/becooltravel.com\/wp-content\/uploads\/sites\/5\/2020\/05\/porto_covo_coast.jpg?fit=1067%2C800&ssl=1\" \/>\n<meta name=\"twitter:site\" content=\"@becool_travel\" \/>\n<meta name=\"twitter:label1\" content=\"Dur\u00e9e de lecture estim\u00e9e\" \/>\n\t<meta name=\"twitter:data1\" content=\"3 minutes\" \/>\n<script type=\"application\/ld+json\" class=\"yoast-schema-graph\">{\"@context\":\"https:\\\/\\\/schema.org\",\"@graph\":[{\"@type\":\"WebPage\",\"@id\":\"https:\\\/\\\/becooltravel.com\\\/product\\\/the-vicentina-route-and-the-untamed-atlantic-5200sc\\\/\",\"url\":\"https:\\\/\\\/becooltravel.com\\\/product\\\/the-vicentina-route-and-the-untamed-atlantic-5200sc\\\/\",\"name\":\"Self-Drive Walking Independent in The Vicentina Route\",\"isPartOf\":{\"@id\":\"https:\\\/\\\/becooltravel.com\\\/#website\"},\"primaryImageOfPage\":{\"@id\":\"https:\\\/\\\/becooltravel.com\\\/product\\\/the-vicentina-route-and-the-untamed-atlantic-5200sc\\\/#primaryimage\"},\"image\":{\"@id\":\"https:\\\/\\\/becooltravel.com\\\/product\\\/the-vicentina-route-and-the-untamed-atlantic-5200sc\\\/#primaryimage\"},\"thumbnailUrl\":\"https:\\\/\\\/i0.wp.com\\\/becooltravel.com\\\/wp-content\\\/uploads\\\/sites\\\/5\\\/2020\\\/05\\\/costavicentina.jpg?fit=1200%2C781&ssl=1\",\"datePublished\":\"2020-05-27T15:01:53+00:00\",\"dateModified\":\"2026-03-18T12:37:30+00:00\",\"description\":\"Vicentina Route and the Untamed Atlantic is a Self-Drive Walking tour designed for keen walkers, interested in experiencing a different side of Portugal.\",\"breadcrumb\":{\"@id\":\"https:\\\/\\\/becooltravel.com\\\/product\\\/the-vicentina-route-and-the-untamed-atlantic-5200sc\\\/#breadcrumb\"},\"inLanguage\":\"fr-FR\",\"potentialAction\":[{\"@type\":\"ReadAction\",\"target\":[\"https:\\\/\\\/becooltravel.com\\\/product\\\/the-vicentina-route-and-the-untamed-atlantic-5200sc\\\/\"]}]},{\"@type\":\"ImageObject\",\"inLanguage\":\"fr-FR\",\"@id\":\"https:\\\/\\\/becooltravel.com\\\/product\\\/the-vicentina-route-and-the-untamed-atlantic-5200sc\\\/#primaryimage\",\"url\":\"https:\\\/\\\/i0.wp.com\\\/becooltravel.com\\\/wp-content\\\/uploads\\\/sites\\\/5\\\/2020\\\/05\\\/costavicentina.jpg?fit=1200%2C781&ssl=1\",\"contentUrl\":\"https:\\\/\\\/i0.wp.com\\\/becooltravel.com\\\/wp-content\\\/uploads\\\/sites\\\/5\\\/2020\\\/05\\\/costavicentina.jpg?fit=1200%2C781&ssl=1\",\"width\":1200,\"height\":781,\"caption\":\"Stork nest - Vicentina Coast\"},{\"@type\":\"BreadcrumbList\",\"@id\":\"https:\\\/\\\/becooltravel.com\\\/product\\\/the-vicentina-route-and-the-untamed-atlantic-5200sc\\\/#breadcrumb\",\"itemListElement\":[{\"@type\":\"ListItem\",\"position\":1,\"name\":\"Home\",\"item\":\"https:\\\/\\\/becooltravel.com\\\/\"},{\"@type\":\"ListItem\",\"position\":2,\"name\":\"Shop\",\"item\":\"https:\\\/\\\/becooltravel.com\\\/?page_id=5\"},{\"@type\":\"ListItem\",\"position\":3,\"name\":\"The plains that extend as far as the eye can see start close to the Tagus. While to the north, the pace is set by the green of the flatlands, further south the landscape combines with the sun, the heat and a slower pace of life. This is the Alentejo.\",\"item\":\"https:\\\/\\\/becooltravel.com\\\/nl\\\/product-tag\\\/alentejo-2\\\/\"},{\"@type\":\"ListItem\",\"position\":4,\"name\":\"Self-Drive Walking Independent in The Vicentina Route\"}]},{\"@type\":\"WebSite\",\"@id\":\"https:\\\/\\\/becooltravel.com\\\/#website\",\"url\":\"https:\\\/\\\/becooltravel.com\\\/\",\"name\":\"BeCool Travel\",\"description\":\"Sustainable holidays in Portugal for independent travelers\",\"publisher\":{\"@id\":\"https:\\\/\\\/becooltravel.com\\\/#organization\"},\"potentialAction\":[{\"@type\":\"SearchAction\",\"target\":{\"@type\":\"EntryPoint\",\"urlTemplate\":\"https:\\\/\\\/becooltravel.com\\\/?s={search_term_string}\"},\"query-input\":{\"@type\":\"PropertyValueSpecification\",\"valueRequired\":true,\"valueName\":\"search_term_string\"}}],\"inLanguage\":\"fr-FR\"},{\"@type\":\"Organization\",\"@id\":\"https:\\\/\\\/becooltravel.com\\\/#organization\",\"name\":\"BecoolTravel. com- Portugal\",\"url\":\"https:\\\/\\\/becooltravel.com\\\/\",\"logo\":{\"@type\":\"ImageObject\",\"inLanguage\":\"fr-FR\",\"@id\":\"https:\\\/\\\/becooltravel.com\\\/#\\\/schema\\\/logo\\\/image\\\/\",\"url\":\"https:\\\/\\\/becooltravel.com\\\/wp-content\\\/uploads\\\/sites\\\/5\\\/2020\\\/03\\\/Logo_BeCool.jpg\",\"contentUrl\":\"https:\\\/\\\/becooltravel.com\\\/wp-content\\\/uploads\\\/sites\\\/5\\\/2020\\\/03\\\/Logo_BeCool.jpg\",\"width\":534,\"height\":534,\"caption\":\"BecoolTravel. com- Portugal\"},\"image\":{\"@id\":\"https:\\\/\\\/becooltravel.com\\\/#\\\/schema\\\/logo\\\/image\\\/\"},\"sameAs\":[\"https:\\\/\\\/www.facebook.com\\\/becooltravelagency\\\/\",\"https:\\\/\\\/x.com\\\/becool_travel\",\"https:\\\/\\\/www.instagram.com\\\/becooltravel_com\\\/\",\"https:\\\/\\\/www.linkedin.com\\\/company\\\/becool-travel\\\/\",\"https:\\\/\\\/www.youtube.com\\\/channel\\\/UCE7zRU3EVG1PgfXwQo-5uJw\"]}]}<\/script>\n<!-- \/ Yoast SEO Premium plugin. -->","yoast_head_json":{"title":"Autotour \u00e0 pied ind\u00e9pendant sur la route Vicentina","description":"La route Vicentina et l&#039;Atlantique indompt\u00e9 est une visite \u00e0 pied autonome con\u00e7ue pour les marcheurs passionn\u00e9s, int\u00e9ress\u00e9s \u00e0 d\u00e9couvrir une autre facette du Portugal.","robots":{"index":"index","follow":"follow","max-snippet":"max-snippet:-1","max-image-preview":"max-image-preview:large","max-video-preview":"max-video-preview:-1"},"canonical":"https:\/\/becooltravel.com\/fr\/produit\/la-route-vicentina-et-l-atlantique-sauvage-5200sc\/","og_locale":"fr_FR","og_type":"article","og_title":"Walking Independent in The Vicentina Route","og_description":"You\u2019ll find a green landscape with stretches of cork tree woods, soft hillsides, valleys, and meandering rivers and creeks. A true journey through time, local culture, and nature.The Fishermen\u2019s trail, exclusively pedestrian, was traditionally used by fishermen to access secretive fishing spots. You can still see them today, impossibly perched on top of the rocky cliffs.The tour base is a small and centrally located village, from where it\u2019s easy to explore the region and the tracks of this itinerary.It includes tailored walks to show you the best sections of the Vicentina and all the wonders of this region.","og_url":"https:\/\/becooltravel.com\/fr\/produit\/la-route-vicentina-et-l-atlantique-sauvage-5200sc\/","og_site_name":"BeCool Travel","article_publisher":"https:\/\/www.facebook.com\/becooltravelagency\/","article_modified_time":"2026-03-18T12:37:30+00:00","og_image":[{"width":1195,"height":800,"url":"https:\/\/becooltravel.com\/wp-content\/uploads\/sites\/5\/2020\/05\/Vicentina_Coast01.jpg","type":"image\/jpeg"}],"twitter_card":"summary_large_image","twitter_title":"Selected walks in the Historical Way (inland) and Fishermen\u2019s Trail (coastal)","twitter_description":"Following one of the most beautiful and best-preserved coastal areas of Europe, you\u2019ll walk among jagged cliffs, secluded beaches, endless fields of wildflowers, forest tracks, and historic villages.The delicious regional cuisine and wines stand out, with a highlight for the seafood and fresh fish.The Vicentina Route is part of the European footpath network and combines inland (Historical Way) and coastal walking (Fishermen\u2019s Trail), covering 340km of tracks between the city of Santiago do Cac\u00e9m and the Cape of St. Vincent.","twitter_image":"https:\/\/i0.wp.com\/becooltravel.com\/wp-content\/uploads\/sites\/5\/2020\/05\/porto_covo_coast.jpg?fit=1067%2C800&ssl=1","twitter_site":"@becool_travel","twitter_misc":{"Dur\u00e9e de lecture estim\u00e9e":"3 minutes"},"schema":{"@context":"https:\/\/schema.org","@graph":[{"@type":"WebPage","@id":"https:\/\/becooltravel.com\/product\/the-vicentina-route-and-the-untamed-atlantic-5200sc\/","url":"https:\/\/becooltravel.com\/product\/the-vicentina-route-and-the-untamed-atlantic-5200sc\/","name":"Autotour \u00e0 pied ind\u00e9pendant sur la route Vicentina","isPartOf":{"@id":"https:\/\/becooltravel.com\/#website"},"primaryImageOfPage":{"@id":"https:\/\/becooltravel.com\/product\/the-vicentina-route-and-the-untamed-atlantic-5200sc\/#primaryimage"},"image":{"@id":"https:\/\/becooltravel.com\/product\/the-vicentina-route-and-the-untamed-atlantic-5200sc\/#primaryimage"},"thumbnailUrl":"https:\/\/i0.wp.com\/becooltravel.com\/wp-content\/uploads\/sites\/5\/2020\/05\/costavicentina.jpg?fit=1200%2C781&ssl=1","datePublished":"2020-05-27T15:01:53+00:00","dateModified":"2026-03-18T12:37:30+00:00","description":"La route Vicentina et l&#039;Atlantique indompt\u00e9 est une visite \u00e0 pied autonome con\u00e7ue pour les marcheurs passionn\u00e9s, int\u00e9ress\u00e9s \u00e0 d\u00e9couvrir une autre facette du Portugal.","breadcrumb":{"@id":"https:\/\/becooltravel.com\/product\/the-vicentina-route-and-the-untamed-atlantic-5200sc\/#breadcrumb"},"inLanguage":"fr-FR","potentialAction":[{"@type":"ReadAction","target":["https:\/\/becooltravel.com\/product\/the-vicentina-route-and-the-untamed-atlantic-5200sc\/"]}]},{"@type":"ImageObject","inLanguage":"fr-FR","@id":"https:\/\/becooltravel.com\/product\/the-vicentina-route-and-the-untamed-atlantic-5200sc\/#primaryimage","url":"https:\/\/i0.wp.com\/becooltravel.com\/wp-content\/uploads\/sites\/5\/2020\/05\/costavicentina.jpg?fit=1200%2C781&ssl=1","contentUrl":"https:\/\/i0.wp.com\/becooltravel.com\/wp-content\/uploads\/sites\/5\/2020\/05\/costavicentina.jpg?fit=1200%2C781&ssl=1","width":1200,"height":781,"caption":"Stork nest - Vicentina Coast"},{"@type":"BreadcrumbList","@id":"https:\/\/becooltravel.com\/product\/the-vicentina-route-and-the-untamed-atlantic-5200sc\/#breadcrumb","itemListElement":[{"@type":"ListItem","position":1,"name":"Home","item":"https:\/\/becooltravel.com\/"},{"@type":"ListItem","position":2,"name":"Shop","item":"https:\/\/becooltravel.com\/?page_id=5"},{"@type":"ListItem","position":3,"name":"The plains that extend as far as the eye can see start close to the Tagus. While to the north, the pace is set by the green of the flatlands, further south the landscape combines with the sun, the heat and a slower pace of life. This is the Alentejo.","item":"https:\/\/becooltravel.com\/nl\/product-tag\/alentejo-2\/"},{"@type":"ListItem","position":4,"name":"Self-Drive Walking Independent in The Vicentina Route"}]},{"@type":"WebSite","@id":"https:\/\/becooltravel.com\/#website","url":"https:\/\/becooltravel.com\/","name":"Voyage BeCool","description":"Des vacances durables au Portugal pour les voyageurs ind\u00e9pendants","publisher":{"@id":"https:\/\/becooltravel.com\/#organization"},"potentialAction":[{"@type":"SearchAction","target":{"@type":"EntryPoint","urlTemplate":"https:\/\/becooltravel.com\/?s={search_term_string}"},"query-input":{"@type":"PropertyValueSpecification","valueRequired":true,"valueName":"search_term_string"}}],"inLanguage":"fr-FR"},{"@type":"Organization","@id":"https:\/\/becooltravel.com\/#organization","name":"BecoolTravel. com- Portugal","url":"https:\/\/becooltravel.com\/","logo":{"@type":"ImageObject","inLanguage":"fr-FR","@id":"https:\/\/becooltravel.com\/#\/schema\/logo\/image\/","url":"https:\/\/becooltravel.com\/wp-content\/uploads\/sites\/5\/2020\/03\/Logo_BeCool.jpg","contentUrl":"https:\/\/becooltravel.com\/wp-content\/uploads\/sites\/5\/2020\/03\/Logo_BeCool.jpg","width":534,"height":534,"caption":"BecoolTravel. com- Portugal"},"image":{"@id":"https:\/\/becooltravel.com\/#\/schema\/logo\/image\/"},"sameAs":["https:\/\/www.facebook.com\/becooltravelagency\/","https:\/\/x.com\/becool_travel","https:\/\/www.instagram.com\/becooltravel_com\/","https:\/\/www.linkedin.com\/company\/becool-travel\/","https:\/\/www.youtube.com\/channel\/UCE7zRU3EVG1PgfXwQo-5uJw"]}]}},"jetpack_sharing_enabled":true,"_links":{"self":[{"href":"https:\/\/becooltravel.com\/fr\/wp-json\/wp\/v2\/product\/4966","targetHints":{"allow":["GET"]}}],"collection":[{"href":"https:\/\/becooltravel.com\/fr\/wp-json\/wp\/v2\/product"}],"about":[{"href":"https:\/\/becooltravel.com\/fr\/wp-json\/wp\/v2\/types\/product"}],"replies":[{"embeddable":true,"href":"https:\/\/becooltravel.com\/fr\/wp-json\/wp\/v2\/comments?post=4966"}],"wp:featuredmedia":[{"embeddable":true,"href":"https:\/\/becooltravel.com\/fr\/wp-json\/wp\/v2\/media\/4951"}],"wp:attachment":[{"href":"https:\/\/becooltravel.com\/fr\/wp-json\/wp\/v2\/media?parent=4966"}],"wp:term":[{"taxonomy":"product_brand","embeddable":true,"href":"https:\/\/becooltravel.com\/fr\/wp-json\/wp\/v2\/product_brand?post=4966"},{"taxonomy":"product_cat","embeddable":true,"href":"https:\/\/becooltravel.com\/fr\/wp-json\/wp\/v2\/product_cat?post=4966"},{"taxonomy":"product_tag","embeddable":true,"href":"https:\/\/becooltravel.com\/fr\/wp-json\/wp\/v2\/product_tag?post=4966"}],"curies":[{"name":"wp","href":"https:\/\/api.w.org\/{rel}","templated":true}]}}