{"id":4990,"date":"2020-05-28T16:05:48","date_gmt":"2020-05-28T16:05:48","guid":{"rendered":"https:\/\/becooltravel.com\/product\/long-stay-albufeira-ls101pk\/"},"modified":"2026-03-18T12:29:16","modified_gmt":"2026-03-18T12:29:16","slug":"long-stay-albufeira-ls101pk","status":"publish","type":"product","link":"https:\/\/becooltravel.com\/fr\/produit\/long-sejour-albufeira-ls101pk\/","title":{"rendered":"Long s\u00e9jour Albufeira Portugal, \u00e0 l&#039;Aparthotel Quinta Pedra dos Bicos"},"content":{"rendered":"<p>Albufeira est mondialement connue pour ses plages de sable dor\u00e9 et ses eaux bleu turquoise, abrit\u00e9es par des falaises rocheuses ocre.<\/p>\n<p>\u00c9vadez-vous des jours humides et froids et profitez de plus de 300 jours de soleil par an en Algarve!<\/p>\n<p>Un long s\u00e9jour de vacances signifie que vous avez la possibilit\u00e9 de passer du temps vraiment en contact avec un endroit, comme un local, en d\u00e9couvrant la nourriture incroyable, la culture, les sites touristiques et les gens.<\/p>\n<div id=\"attachment_1993\" style=\"width: 1034px\" class=\"wp-caption alignnone\"><img data-recalc-dims=\"1\" decoding=\"async\" aria-describedby=\"caption-attachment-1993\" class=\"wp-image-1993 size-large\" src=\"https:\/\/i0.wp.com\/legendatours.net\/wp-content\/uploads\/2020\/03\/albufeira_nightlife-1024x681.jpg?resize=1024%2C681&#038;ssl=1\" alt=\"Vacances \u00e0 Albufeira\" width=\"1024\" height=\"681\" \/><p id=\"caption-attachment-1993\" class=\"wp-caption-text\">Vacances \u00e0 Albufeira<\/p><\/div>\n<p>Prenez une pause et profitez de votre retraite ou de votre cong\u00e9 temporaire sans vous sentir press\u00e9. Et profitez des tarifs basse saison - vous en avez plus pour moins cher!<\/p>\n<p>Le rivage d&#039;Albufeira est tr\u00e8s accueillant pour les sports nautiques, de la planche \u00e0 voile, de la plong\u00e9e ou de la voile. Une excursion en bateau autour des grottes est une merveilleuse opportunit\u00e9 pour une journ\u00e9e diff\u00e9rente, avec des visites de plages isol\u00e9es accessibles uniquement par la mer.<\/p>\n<p>Albufeira est parfaite non seulement pour les personnes avides de soleil et de repos. De nombreux terrains de golf s&#039;\u00e9tendent presque jusqu&#039;\u00e0 la mer, et toutes sortes d&#039;activit\u00e9s ludiques sont propos\u00e9es, comme l&#039;\u00e9quitation \u00e0 l&#039;ombre des pins.<\/p>\n<p>\u00c9tant une station baln\u00e9aire populaire, Albufeira regorge de boutiques urbaines et de boutiques d&#039;art et d&#039;artisanat, o\u00f9 vous pouvez toujours trouver l&#039;authenticit\u00e9 dans le travail des artisans locaux. Ces objets en argile, en feuilles de palmier, en cuivre et en dentelle suivent des traditions s\u00e9culaires.<\/p>\n<div id=\"attachment_1991\" style=\"width: 1034px\" class=\"wp-caption alignnone\"><img data-recalc-dims=\"1\" decoding=\"async\" aria-describedby=\"caption-attachment-1991\" class=\"wp-image-1991 size-large\" src=\"https:\/\/i0.wp.com\/legendatours.net\/wp-content\/uploads\/2020\/03\/Albufeira_heritage-1024x686.jpg?resize=1024%2C686&#038;ssl=1\" alt=\"Vacances \u00e0 Albufeira\" width=\"1024\" height=\"686\" \/><p id=\"caption-attachment-1991\" class=\"wp-caption-text\">Vacances \u00e0 Albufeira<\/p><\/div>\n<p>Le charme d&#039;Albufeira ne s&#039;arr\u00eate pas l\u00e0. Dans la campagne verdoyante et fertile se trouve un paysage parfum\u00e9 parsem\u00e9 d&#039;amandiers, de figuiers, d&#039;orangers et de pins.<\/p>\n<p>Les chemin\u00e9es typiques en dentelle, h\u00e9ritage de l&#039;architecture mauresque, se d\u00e9tachent sur le rouge des toits de tuiles et le ciel bleu.<\/p>\n<p>Les villages endormis blanchis \u00e0 la chaux vous invitent \u00e0 d\u00e9couvrir un mode de vie li\u00e9 \u00e0 la nature, ajoutant une autre dimension \u00e0 vos vacances en Algarve.<\/p>\n<p>Dernier point, mais non le moindre, abandonnez-vous \u00e0 l&#039;excellente cuisine et aux vins portugais. Du poisson frais et des crustac\u00e9s aux douces sp\u00e9cialit\u00e9s locales d&#039;amandes, de miel et de figues, vous n&#039;aurez que l&#039;embarras du choix!<\/p>","protected":false},"excerpt":{"rendered":"<p>Albufeira est mondialement connue pour ses plages de sable dor\u00e9 et ses eaux bleu turquoise, abrit\u00e9es par des falaises rocheuses ocre.<\/p>\n<p>\u00c9vadez-vous des jours humides et froids et profitez de plus de 300 jours de soleil par an en Algarve!<\/p>\n<p>Un long s\u00e9jour de vacances signifie que vous avez la possibilit\u00e9 de passer du temps vraiment en contact avec un endroit, comme un local, en d\u00e9couvrant la nourriture incroyable, la culture, les sites touristiques et les gens.<\/p>\n<p>Prenez une pause et profitez de votre retraite ou de votre cong\u00e9 temporaire sans vous sentir press\u00e9. Et profitez des tarifs basse saison - vous en avez plus pour moins cher!<\/p>","protected":false},"featured_media":4897,"comment_status":"closed","ping_status":"closed","template":"","meta":{"_acf_changed":false,"inline_featured_image":false},"product_brand":[],"product_cat":[329,814],"product_tag":[530,311,553,539,296,531,634,203,204,643,508,1286,607,822,823,824,825,609,623,723,724,614],"class_list":{"0":"post-4990","1":"product","2":"type-product","3":"status-publish","4":"has-post-thumbnail","6":"product_cat-holiday-packs-tours-portugal","7":"product_cat-long-stays-portugal","8":"product_tag-albufeira","9":"product_tag-algarve","10":"product_tag-algarve-secluded-beaches","11":"product_tag-algarve-spectacular-coastline","12":"product_tag-beaches","13":"product_tag-beaches-of-albufeira","14":"product_tag-beautiful-beaches-algarve","15":"product_tag-beautiful-landscapes","16":"product_tag-cultural-heritage","17":"product_tag-family-holidays","18":"product_tag-gastronomy-and-wines","19":"product_tag-holiday","20":"product_tag-holidays","21":"product_tag-longstay","22":"product_tag-packages","23":"product_tag-retirement","24":"product_tag-seniors","25":"product_tag-sightseeing","26":"product_tag-sun-beach","27":"product_tag-sunny-winters","28":"product_tag-tours-in-portugal","29":"product_tag-vacations","31":"first","32":"instock","33":"virtual","34":"product-type-simple"},"acf":[],"yoast_head":"<!-- This site is optimized with the Yoast SEO Premium plugin v26.8 (Yoast SEO v27.5) - https:\/\/yoast.com\/product\/yoast-seo-premium-wordpress\/ -->\n<title>Long-Stay Albufeira Portugal, at Aparthotel Quinta Pedra dos Bicos<\/title>\n<meta name=\"description\" content=\"A Long-Stay Holiday means that you have the opportunity to spend time connecting with a place, like a local, experiencing the amazing food, the culture, the sights, and the people.\" \/>\n<meta name=\"robots\" content=\"index, follow, max-snippet:-1, max-image-preview:large, max-video-preview:-1\" \/>\n<link rel=\"canonical\" href=\"https:\/\/becooltravel.com\/fr\/produit\/long-sejour-albufeira-ls101pk\/\" \/>\n<meta property=\"og:locale\" content=\"fr_FR\" \/>\n<meta property=\"og:type\" content=\"article\" \/>\n<meta property=\"og:title\" content=\"spend time really connecting with a place, like a local, experiencing the amazing food, the culture, the sights, and the people\" \/>\n<meta property=\"og:description\" content=\"Take a breather, and enjoy your retirement or temporary leave without feeling rushed. And take advantage of the low season\u2019s rates \u2013 you get more for less money!The shoreline of Albufeira is very inviting for water sports, from windsurfing, diving, or sailing. A boat tour around the caves is a wonderful opportunity for a different day, with visits to secluded beaches only accessible by sea.Albufeira is perfect not only for people yearning for sun and rest. Many golf courses stretch almost to the sea, and all sorts of fun activities are available, like horse riding under the shade of the pine trees.\" \/>\n<meta property=\"og:url\" content=\"https:\/\/becooltravel.com\/fr\/produit\/long-sejour-albufeira-ls101pk\/\" \/>\n<meta property=\"og:site_name\" content=\"BeCool Travel\" \/>\n<meta property=\"article:publisher\" content=\"https:\/\/www.facebook.com\/becooltravelagency\/\" \/>\n<meta property=\"article:modified_time\" content=\"2026-03-18T12:29:16+00:00\" \/>\n<meta property=\"og:image\" content=\"https:\/\/becooltravel.com\/wp-content\/uploads\/sites\/5\/2020\/05\/Albufeira_bluocean.jpg\" \/>\n\t<meta property=\"og:image:width\" content=\"1200\" \/>\n\t<meta property=\"og:image:height\" content=\"675\" \/>\n\t<meta property=\"og:image:type\" content=\"image\/jpeg\" \/>\n<meta name=\"twitter:card\" content=\"summary_large_image\" \/>\n<meta name=\"twitter:title\" content=\"Being a popular resort, Albufeira teems with urban boutiques and arts and crafts shops\" \/>\n<meta name=\"twitter:description\" content=\"The charm of Albufeira doesn\u2019t end here. In the fertile green countryside lies a fragrant landscape dotted with almond, fig, orange, and pine trees.The lacey typical chimneys, a heritage of Moorish architecture, stand out against the red of tiled roofs and the blue skies.Sleepy whitewashed villages invite you to experience a way of life connected to nature, adding another dimension to your holidays in the Algarve.\" \/>\n<meta name=\"twitter:image\" content=\"https:\/\/i0.wp.com\/becooltravel.com\/wp-content\/uploads\/sites\/5\/2020\/05\/albufeira_nightlife.jpg?fit=1200%2C798&ssl=1\" \/>\n<meta name=\"twitter:site\" content=\"@becool_travel\" \/>\n<meta name=\"twitter:label1\" content=\"Dur\u00e9e de lecture estim\u00e9e\" \/>\n\t<meta name=\"twitter:data1\" content=\"3 minutes\" \/>\n<script type=\"application\/ld+json\" class=\"yoast-schema-graph\">{\"@context\":\"https:\\\/\\\/schema.org\",\"@graph\":[{\"@type\":[\"WebPage\",\"ItemPage\"],\"@id\":\"https:\\\/\\\/becooltravel.com\\\/product\\\/long-stay-albufeira-ls101pk\\\/\",\"url\":\"https:\\\/\\\/becooltravel.com\\\/product\\\/long-stay-albufeira-ls101pk\\\/\",\"name\":\"Long-Stay Albufeira Portugal, at Aparthotel Quinta Pedra dos Bicos\",\"isPartOf\":{\"@id\":\"https:\\\/\\\/becooltravel.com\\\/#website\"},\"primaryImageOfPage\":{\"@id\":\"https:\\\/\\\/becooltravel.com\\\/product\\\/long-stay-albufeira-ls101pk\\\/#primaryimage\"},\"image\":{\"@id\":\"https:\\\/\\\/becooltravel.com\\\/product\\\/long-stay-albufeira-ls101pk\\\/#primaryimage\"},\"thumbnailUrl\":\"https:\\\/\\\/i0.wp.com\\\/becooltravel.com\\\/wp-content\\\/uploads\\\/sites\\\/5\\\/2020\\\/05\\\/long-stay-holidays-algarve.jpg?fit=1660%2C1080&ssl=1\",\"datePublished\":\"2020-05-28T16:05:48+00:00\",\"dateModified\":\"2026-03-18T12:29:16+00:00\",\"description\":\"A Long-Stay Holiday means that you have the opportunity to spend time connecting with a place, like a local, experiencing the amazing food, the culture, the sights, and the people.\",\"breadcrumb\":{\"@id\":\"https:\\\/\\\/becooltravel.com\\\/product\\\/long-stay-albufeira-ls101pk\\\/#breadcrumb\"},\"inLanguage\":\"fr-FR\",\"potentialAction\":[{\"@type\":\"ReadAction\",\"target\":[\"https:\\\/\\\/becooltravel.com\\\/product\\\/long-stay-albufeira-ls101pk\\\/\"]}]},{\"@type\":\"ImageObject\",\"inLanguage\":\"fr-FR\",\"@id\":\"https:\\\/\\\/becooltravel.com\\\/product\\\/long-stay-albufeira-ls101pk\\\/#primaryimage\",\"url\":\"https:\\\/\\\/i0.wp.com\\\/becooltravel.com\\\/wp-content\\\/uploads\\\/sites\\\/5\\\/2020\\\/05\\\/long-stay-holidays-algarve.jpg?fit=1660%2C1080&ssl=1\",\"contentUrl\":\"https:\\\/\\\/i0.wp.com\\\/becooltravel.com\\\/wp-content\\\/uploads\\\/sites\\\/5\\\/2020\\\/05\\\/long-stay-holidays-algarve.jpg?fit=1660%2C1080&ssl=1\",\"width\":1660,\"height\":1080,\"caption\":\"Long-Stay Holidays in Algarve\"},{\"@type\":\"BreadcrumbList\",\"@id\":\"https:\\\/\\\/becooltravel.com\\\/product\\\/long-stay-albufeira-ls101pk\\\/#breadcrumb\",\"itemListElement\":[{\"@type\":\"ListItem\",\"position\":1,\"name\":\"Home\",\"item\":\"https:\\\/\\\/becooltravel.com\\\/\"},{\"@type\":\"ListItem\",\"position\":2,\"name\":\"Shop\",\"item\":\"https:\\\/\\\/becooltravel.com\\\/?page_id=5\"},{\"@type\":\"ListItem\",\"position\":3,\"name\":\"Albufeira Algarve Portugal\",\"item\":\"https:\\\/\\\/becooltravel.com\\\/da\\\/produkt-tag-6\\\/albufeira\\\/\"},{\"@type\":\"ListItem\",\"position\":4,\"name\":\"spend time really connecting with a place, like a local, experiencing the amazing food, the culture, the sights, and the people\"}]},{\"@type\":\"WebSite\",\"@id\":\"https:\\\/\\\/becooltravel.com\\\/#website\",\"url\":\"https:\\\/\\\/becooltravel.com\\\/\",\"name\":\"BeCool Travel\",\"description\":\"Sustainable holidays in Portugal for independent travelers\",\"publisher\":{\"@id\":\"https:\\\/\\\/becooltravel.com\\\/#organization\"},\"potentialAction\":[{\"@type\":\"SearchAction\",\"target\":{\"@type\":\"EntryPoint\",\"urlTemplate\":\"https:\\\/\\\/becooltravel.com\\\/?s={search_term_string}\"},\"query-input\":{\"@type\":\"PropertyValueSpecification\",\"valueRequired\":true,\"valueName\":\"search_term_string\"}}],\"inLanguage\":\"fr-FR\"},{\"@type\":\"Organization\",\"@id\":\"https:\\\/\\\/becooltravel.com\\\/#organization\",\"name\":\"BecoolTravel. com- Portugal\",\"url\":\"https:\\\/\\\/becooltravel.com\\\/\",\"logo\":{\"@type\":\"ImageObject\",\"inLanguage\":\"fr-FR\",\"@id\":\"https:\\\/\\\/becooltravel.com\\\/#\\\/schema\\\/logo\\\/image\\\/\",\"url\":\"https:\\\/\\\/becooltravel.com\\\/wp-content\\\/uploads\\\/sites\\\/5\\\/2020\\\/03\\\/Logo_BeCool.jpg\",\"contentUrl\":\"https:\\\/\\\/becooltravel.com\\\/wp-content\\\/uploads\\\/sites\\\/5\\\/2020\\\/03\\\/Logo_BeCool.jpg\",\"width\":534,\"height\":534,\"caption\":\"BecoolTravel. com- Portugal\"},\"image\":{\"@id\":\"https:\\\/\\\/becooltravel.com\\\/#\\\/schema\\\/logo\\\/image\\\/\"},\"sameAs\":[\"https:\\\/\\\/www.facebook.com\\\/becooltravelagency\\\/\",\"https:\\\/\\\/x.com\\\/becool_travel\",\"https:\\\/\\\/www.instagram.com\\\/becooltravel_com\\\/\",\"https:\\\/\\\/www.linkedin.com\\\/company\\\/becool-travel\\\/\",\"https:\\\/\\\/www.youtube.com\\\/channel\\\/UCE7zRU3EVG1PgfXwQo-5uJw\"]}]}<\/script>\n<!-- \/ Yoast SEO Premium plugin. -->","yoast_head_json":{"title":"Long s\u00e9jour Albufeira Portugal, \u00e0 l&#039;Aparthotel Quinta Pedra dos Bicos","description":"Un long s\u00e9jour de vacances signifie que vous avez la possibilit\u00e9 de passer du temps \u00e0 vous connecter avec un endroit, comme un local, \u00e0 d\u00e9couvrir la nourriture incroyable, la culture, les sites touristiques et les gens.","robots":{"index":"index","follow":"follow","max-snippet":"max-snippet:-1","max-image-preview":"max-image-preview:large","max-video-preview":"max-video-preview:-1"},"canonical":"https:\/\/becooltravel.com\/fr\/produit\/long-sejour-albufeira-ls101pk\/","og_locale":"fr_FR","og_type":"article","og_title":"spend time really connecting with a place, like a local, experiencing the amazing food, the culture, the sights, and the people","og_description":"Take a breather, and enjoy your retirement or temporary leave without feeling rushed. And take advantage of the low season\u2019s rates \u2013 you get more for less money!The shoreline of Albufeira is very inviting for water sports, from windsurfing, diving, or sailing. A boat tour around the caves is a wonderful opportunity for a different day, with visits to secluded beaches only accessible by sea.Albufeira is perfect not only for people yearning for sun and rest. Many golf courses stretch almost to the sea, and all sorts of fun activities are available, like horse riding under the shade of the pine trees.","og_url":"https:\/\/becooltravel.com\/fr\/produit\/long-sejour-albufeira-ls101pk\/","og_site_name":"BeCool Travel","article_publisher":"https:\/\/www.facebook.com\/becooltravelagency\/","article_modified_time":"2026-03-18T12:29:16+00:00","og_image":[{"width":1200,"height":675,"url":"https:\/\/becooltravel.com\/wp-content\/uploads\/sites\/5\/2020\/05\/Albufeira_bluocean.jpg","type":"image\/jpeg"}],"twitter_card":"summary_large_image","twitter_title":"Being a popular resort, Albufeira teems with urban boutiques and arts and crafts shops","twitter_description":"The charm of Albufeira doesn\u2019t end here. In the fertile green countryside lies a fragrant landscape dotted with almond, fig, orange, and pine trees.The lacey typical chimneys, a heritage of Moorish architecture, stand out against the red of tiled roofs and the blue skies.Sleepy whitewashed villages invite you to experience a way of life connected to nature, adding another dimension to your holidays in the Algarve.","twitter_image":"https:\/\/i0.wp.com\/becooltravel.com\/wp-content\/uploads\/sites\/5\/2020\/05\/albufeira_nightlife.jpg?fit=1200%2C798&ssl=1","twitter_site":"@becool_travel","twitter_misc":{"Dur\u00e9e de lecture estim\u00e9e":"3 minutes"},"schema":{"@context":"https:\/\/schema.org","@graph":[{"@type":["WebPage","ItemPage"],"@id":"https:\/\/becooltravel.com\/product\/long-stay-albufeira-ls101pk\/","url":"https:\/\/becooltravel.com\/product\/long-stay-albufeira-ls101pk\/","name":"Long s\u00e9jour Albufeira Portugal, \u00e0 l&#039;Aparthotel Quinta Pedra dos Bicos","isPartOf":{"@id":"https:\/\/becooltravel.com\/#website"},"primaryImageOfPage":{"@id":"https:\/\/becooltravel.com\/product\/long-stay-albufeira-ls101pk\/#primaryimage"},"image":{"@id":"https:\/\/becooltravel.com\/product\/long-stay-albufeira-ls101pk\/#primaryimage"},"thumbnailUrl":"https:\/\/i0.wp.com\/becooltravel.com\/wp-content\/uploads\/sites\/5\/2020\/05\/long-stay-holidays-algarve.jpg?fit=1660%2C1080&ssl=1","datePublished":"2020-05-28T16:05:48+00:00","dateModified":"2026-03-18T12:29:16+00:00","description":"Un long s\u00e9jour de vacances signifie que vous avez la possibilit\u00e9 de passer du temps \u00e0 vous connecter avec un endroit, comme un local, \u00e0 d\u00e9couvrir la nourriture incroyable, la culture, les sites touristiques et les gens.","breadcrumb":{"@id":"https:\/\/becooltravel.com\/product\/long-stay-albufeira-ls101pk\/#breadcrumb"},"inLanguage":"fr-FR","potentialAction":[{"@type":"ReadAction","target":["https:\/\/becooltravel.com\/product\/long-stay-albufeira-ls101pk\/"]}]},{"@type":"ImageObject","inLanguage":"fr-FR","@id":"https:\/\/becooltravel.com\/product\/long-stay-albufeira-ls101pk\/#primaryimage","url":"https:\/\/i0.wp.com\/becooltravel.com\/wp-content\/uploads\/sites\/5\/2020\/05\/long-stay-holidays-algarve.jpg?fit=1660%2C1080&ssl=1","contentUrl":"https:\/\/i0.wp.com\/becooltravel.com\/wp-content\/uploads\/sites\/5\/2020\/05\/long-stay-holidays-algarve.jpg?fit=1660%2C1080&ssl=1","width":1660,"height":1080,"caption":"Long-Stay Holidays in Algarve"},{"@type":"BreadcrumbList","@id":"https:\/\/becooltravel.com\/product\/long-stay-albufeira-ls101pk\/#breadcrumb","itemListElement":[{"@type":"ListItem","position":1,"name":"Home","item":"https:\/\/becooltravel.com\/"},{"@type":"ListItem","position":2,"name":"Shop","item":"https:\/\/becooltravel.com\/?page_id=5"},{"@type":"ListItem","position":3,"name":"Albufeira Algarve Portugal","item":"https:\/\/becooltravel.com\/da\/produkt-tag-6\/albufeira\/"},{"@type":"ListItem","position":4,"name":"spend time really connecting with a place, like a local, experiencing the amazing food, the culture, the sights, and the people"}]},{"@type":"WebSite","@id":"https:\/\/becooltravel.com\/#website","url":"https:\/\/becooltravel.com\/","name":"Voyage BeCool","description":"Des vacances durables au Portugal pour les voyageurs ind\u00e9pendants","publisher":{"@id":"https:\/\/becooltravel.com\/#organization"},"potentialAction":[{"@type":"SearchAction","target":{"@type":"EntryPoint","urlTemplate":"https:\/\/becooltravel.com\/?s={search_term_string}"},"query-input":{"@type":"PropertyValueSpecification","valueRequired":true,"valueName":"search_term_string"}}],"inLanguage":"fr-FR"},{"@type":"Organization","@id":"https:\/\/becooltravel.com\/#organization","name":"BecoolTravel. com- Portugal","url":"https:\/\/becooltravel.com\/","logo":{"@type":"ImageObject","inLanguage":"fr-FR","@id":"https:\/\/becooltravel.com\/#\/schema\/logo\/image\/","url":"https:\/\/becooltravel.com\/wp-content\/uploads\/sites\/5\/2020\/03\/Logo_BeCool.jpg","contentUrl":"https:\/\/becooltravel.com\/wp-content\/uploads\/sites\/5\/2020\/03\/Logo_BeCool.jpg","width":534,"height":534,"caption":"BecoolTravel. com- Portugal"},"image":{"@id":"https:\/\/becooltravel.com\/#\/schema\/logo\/image\/"},"sameAs":["https:\/\/www.facebook.com\/becooltravelagency\/","https:\/\/x.com\/becool_travel","https:\/\/www.instagram.com\/becooltravel_com\/","https:\/\/www.linkedin.com\/company\/becool-travel\/","https:\/\/www.youtube.com\/channel\/UCE7zRU3EVG1PgfXwQo-5uJw"]}]}},"jetpack_sharing_enabled":true,"_links":{"self":[{"href":"https:\/\/becooltravel.com\/fr\/wp-json\/wp\/v2\/product\/4990","targetHints":{"allow":["GET"]}}],"collection":[{"href":"https:\/\/becooltravel.com\/fr\/wp-json\/wp\/v2\/product"}],"about":[{"href":"https:\/\/becooltravel.com\/fr\/wp-json\/wp\/v2\/types\/product"}],"replies":[{"embeddable":true,"href":"https:\/\/becooltravel.com\/fr\/wp-json\/wp\/v2\/comments?post=4990"}],"wp:featuredmedia":[{"embeddable":true,"href":"https:\/\/becooltravel.com\/fr\/wp-json\/wp\/v2\/media\/4897"}],"wp:attachment":[{"href":"https:\/\/becooltravel.com\/fr\/wp-json\/wp\/v2\/media?parent=4990"}],"wp:term":[{"taxonomy":"product_brand","embeddable":true,"href":"https:\/\/becooltravel.com\/fr\/wp-json\/wp\/v2\/product_brand?post=4990"},{"taxonomy":"product_cat","embeddable":true,"href":"https:\/\/becooltravel.com\/fr\/wp-json\/wp\/v2\/product_cat?post=4990"},{"taxonomy":"product_tag","embeddable":true,"href":"https:\/\/becooltravel.com\/fr\/wp-json\/wp\/v2\/product_tag?post=4990"}],"curies":[{"name":"wp","href":"https:\/\/api.w.org\/{rel}","templated":true}]}}