{"id":5008,"date":"2020-05-29T09:19:31","date_gmt":"2020-05-29T09:19:31","guid":{"rendered":"https:\/\/becooltravel.com\/?post_type=product&#038;p=5008"},"modified":"2026-03-18T12:17:24","modified_gmt":"2026-03-18T12:17:24","slug":"long-stay-albufeira-ls102pk","status":"publish","type":"product","link":"https:\/\/becooltravel.com\/fr\/produit\/long-sejour-albufeira-ls102pk\/","title":{"rendered":"Portugal Long-Stay Albufeira, \u00e0 l&#039;h\u00f4tel Victoria Sport &amp; Beach"},"content":{"rendered":"<p>Albufeira est mondialement connue pour ses plages de sable dor\u00e9 et ses eaux bleu turquoise, abrit\u00e9es par des falaises rocheuses ocre.<\/p>\n<p>\u00c9vadez-vous des jours humides et froids et profitez de plus de 300 jours de soleil par an en Algarve!<\/p>\n<p>Un long s\u00e9jour de vacances signifie que vous avez la possibilit\u00e9 de passer du temps vraiment en contact avec un endroit, comme un local, en d\u00e9couvrant la nourriture incroyable, la culture, les sites touristiques et les gens.<\/p>\n<p>Prenez une pause et profitez de votre retraite ou de votre cong\u00e9 temporaire sans vous sentir press\u00e9. Et profitez des tarifs basse saison - vous en avez plus pour moins cher!<\/p>\n<div id=\"attachment_1999\" style=\"width: 1034px\" class=\"wp-caption alignnone\"><img data-recalc-dims=\"1\" decoding=\"async\" aria-describedby=\"caption-attachment-1999\" class=\"wp-image-1999 size-large\" src=\"https:\/\/i0.wp.com\/legendatours.net\/wp-content\/uploads\/2020\/03\/praia-oura-albufeira-1024x677.jpg?resize=1024%2C677&#038;ssl=1\" alt=\"Vacances \u00e0 Albufeira\" width=\"1024\" height=\"677\" \/><p id=\"caption-attachment-1999\" class=\"wp-caption-text\">Vacances \u00e0 Albufeira<\/p><\/div>\n<p>Le rivage d&#039;Albufeira est tr\u00e8s accueillant pour les sports nautiques, de la planche \u00e0 voile, de la plong\u00e9e ou de la voile. Une excursion en bateau autour des grottes est une merveilleuse opportunit\u00e9 pour une journ\u00e9e diff\u00e9rente, avec des visites de plages isol\u00e9es accessibles uniquement par la mer.<\/p>\n<p>Albufeira est parfaite non seulement pour les personnes avides de soleil et de repos. De nombreux terrains de golf s&#039;\u00e9tendent presque jusqu&#039;\u00e0 la mer, et toutes sortes d&#039;activit\u00e9s ludiques sont propos\u00e9es, comme l&#039;\u00e9quitation \u00e0 l&#039;ombre des pins.<\/p>\n<p>\u00c9tant une station baln\u00e9aire populaire, Albufeira regorge de boutiques urbaines et de boutiques d&#039;art et d&#039;artisanat, o\u00f9 vous pouvez toujours trouver l&#039;authenticit\u00e9 dans le travail des artisans locaux. Ces objets en argile, en feuilles de palmier, en cuivre et en dentelle suivent des traditions s\u00e9culaires.<\/p>\n<div id=\"attachment_1989\" style=\"width: 1034px\" class=\"wp-caption alignnone\"><img data-recalc-dims=\"1\" decoding=\"async\" aria-describedby=\"caption-attachment-1989\" class=\"wp-image-1989 size-large\" src=\"https:\/\/i0.wp.com\/legendatours.net\/wp-content\/uploads\/2020\/03\/Albufeira_downtown-1024x683.jpg?resize=1024%2C683&#038;ssl=1\" alt=\"Vacances \u00e0 Albufeira\" width=\"1024\" height=\"683\" \/><p id=\"caption-attachment-1989\" class=\"wp-caption-text\">Vacances \u00e0 Albufeira<\/p><\/div>\n<p>Le charme d&#039;Albufeira ne s&#039;arr\u00eate pas l\u00e0. Dans la campagne verdoyante et fertile se trouve un paysage parfum\u00e9 parsem\u00e9 d&#039;amandiers, de figuiers, d&#039;orangers et de pins.<\/p>\n<p>Les chemin\u00e9es typiques en dentelle, h\u00e9ritage de l&#039;architecture mauresque, se d\u00e9tachent sur le rouge des toits de tuiles et le ciel bleu.<\/p>\n<p>Les villages endormis blanchis \u00e0 la chaux vous invitent \u00e0 d\u00e9couvrir un mode de vie li\u00e9 \u00e0 la nature, ajoutant une autre dimension \u00e0 vos vacances en Algarve.<\/p>\n<p>Dernier point, mais non le moindre, abandonnez-vous \u00e0 l&#039;excellente cuisine et aux vins portugais. Du poisson frais et des crustac\u00e9s aux douces sp\u00e9cialit\u00e9s locales d&#039;amandes, de miel et de figues, vous n&#039;aurez que l&#039;embarras du choix!<\/p>","protected":false},"excerpt":{"rendered":"<p>Albufeira est mondialement connue pour ses plages de sable dor\u00e9 et ses eaux bleu turquoise, abrit\u00e9es par des falaises rocheuses ocre.<\/p>\n<p>\u00c9vadez-vous des jours humides et froids et profitez de plus de 300 jours de soleil par an en Algarve!<\/p>\n<p>Un long s\u00e9jour de vacances signifie que vous avez la possibilit\u00e9 de passer du temps vraiment en contact avec un endroit, comme un local, en d\u00e9couvrant la nourriture incroyable, la culture, les sites touristiques et les gens.<\/p>\n<p>Prenez une pause et profitez de votre retraite ou de votre cong\u00e9 temporaire sans vous sentir press\u00e9. Et profitez des tarifs basse saison - vous en avez plus pour moins cher!<\/p>","protected":false},"featured_media":4802,"comment_status":"closed","ping_status":"closed","template":"","meta":{"_acf_changed":false,"inline_featured_image":false},"product_brand":[],"product_cat":[329,814],"product_tag":[530,311,407,440,296,531,634,643,508,607,261,822,823,824,825,623,723,724,614],"class_list":{"0":"post-5008","1":"product","2":"type-product","3":"status-publish","4":"has-post-thumbnail","6":"product_cat-holiday-packs-tours-portugal","7":"product_cat-long-stays-portugal","8":"product_tag-albufeira","9":"product_tag-algarve","10":"product_tag-algarve-city","11":"product_tag-algarve-coast","12":"product_tag-beaches","13":"product_tag-beaches-of-albufeira","14":"product_tag-beautiful-beaches-algarve","15":"product_tag-family-holidays","16":"product_tag-gastronomy-and-wines","17":"product_tag-holidays","18":"product_tag-local-gastronomy","19":"product_tag-longstay","20":"product_tag-packages","21":"product_tag-retirement","22":"product_tag-seniors","23":"product_tag-sun-beach","24":"product_tag-sunny-winters","25":"product_tag-tours-in-portugal","26":"product_tag-vacations","28":"first","29":"instock","30":"virtual","31":"product-type-simple"},"acf":[],"yoast_head":"<!-- This site is optimized with the Yoast SEO Premium plugin v26.8 (Yoast SEO v27.5) - https:\/\/yoast.com\/product\/yoast-seo-premium-wordpress\/ -->\n<title>Portugal Long-Stay Albufeira, at Hotel Victoria Sport &amp; Beach<\/title>\n<meta name=\"description\" content=\"A Long-Stay Holiday means that you have the opportunity to spend time really connecting with a place, like a local, experiencing the amazing food, the culture, the sights, and the people.Take a breather, and enjoy your retirement or temporary leave without feeling rushed. And take advantage of the low season\u2019s rates \u2013 you get more for less money!\" \/>\n<meta name=\"robots\" content=\"index, follow, max-snippet:-1, max-image-preview:large, max-video-preview:-1\" \/>\n<link rel=\"canonical\" href=\"https:\/\/becooltravel.com\/fr\/produit\/long-sejour-albufeira-ls102pk\/\" \/>\n<meta property=\"og:locale\" content=\"fr_FR\" \/>\n<meta property=\"og:type\" content=\"article\" \/>\n<meta property=\"og:title\" content=\"Gold sandy beaches with crystal clear waters (Blue flag)\" \/>\n<meta property=\"og:description\" content=\"The lacey typical chimneys, a heritage of Moorish architecture, stand out against the red of tiled roofs and the blue skies.Sleepy whitewashed villages invite you to experience a way of life connected to nature, adding another dimension to your holidays in the Algarve.Last, but certainly not least, surrender yourself to the excellent Portuguese food and wines. From the fresh fish and shellfish to the sweet local delicacies of almonds, honey, and figs, you will be spoilt for choice!\" \/>\n<meta property=\"og:url\" content=\"https:\/\/becooltravel.com\/fr\/produit\/long-sejour-albufeira-ls102pk\/\" \/>\n<meta property=\"og:site_name\" content=\"BeCool Travel\" \/>\n<meta property=\"article:publisher\" content=\"https:\/\/www.facebook.com\/becooltravelagency\/\" \/>\n<meta property=\"article:modified_time\" content=\"2026-03-18T12:17:24+00:00\" \/>\n<meta property=\"og:image\" content=\"https:\/\/becooltravel.com\/wp-content\/uploads\/sites\/5\/2020\/05\/Olhos_Agua_Albufeira.jpg\" \/>\n\t<meta property=\"og:image:width\" content=\"1200\" \/>\n\t<meta property=\"og:image:height\" content=\"800\" \/>\n\t<meta property=\"og:image:type\" content=\"image\/jpeg\" \/>\n<meta name=\"twitter:card\" content=\"summary_large_image\" \/>\n<meta name=\"twitter:title\" content=\"Tranquil countryside landscape nearby, off the beaten path\" \/>\n<meta name=\"twitter:description\" content=\"A Long-Stay Holiday means that you have the opportunity to spend time really connecting with a place, like a local, experiencing the amazing food, the culture, the sights, and the people.Take a breather, and enjoy your retirement or temporary leave without feeling rushed. And take advantage of the low season\u2019s rates \u2013 you get more for less money!The shoreline of Albufeira is very inviting for water sports, from windsurfing, diving, or sailing. A boat tour around the caves is a wonderful opportunity for a different day, with visits to secluded beaches only accessible by sea.Albufeira is perfect not only for people yearning for sun and rest. Many golf courses stretch almost to the sea, and all sorts of fun activities are available, like horse riding under the shade of the pine trees.\" \/>\n<meta name=\"twitter:image\" content=\"https:\/\/i0.wp.com\/becooltravel.com\/wp-content\/uploads\/sites\/5\/2020\/05\/FalesiaBeachBoardwalk.jpg?fit=1200%2C800&ssl=1\" \/>\n<meta name=\"twitter:site\" content=\"@becool_travel\" \/>\n<meta name=\"twitter:label1\" content=\"Dur\u00e9e de lecture estim\u00e9e\" \/>\n\t<meta name=\"twitter:data1\" content=\"3 minutes\" \/>\n<script type=\"application\/ld+json\" class=\"yoast-schema-graph\">{\"@context\":\"https:\\\/\\\/schema.org\",\"@graph\":[{\"@type\":[\"WebPage\",\"ItemPage\"],\"@id\":\"https:\\\/\\\/becooltravel.com\\\/product\\\/long-stay-albufeira-ls102pk\\\/\",\"url\":\"https:\\\/\\\/becooltravel.com\\\/product\\\/long-stay-albufeira-ls102pk\\\/\",\"name\":\"Portugal Long-Stay Albufeira, at Hotel Victoria Sport &amp; Beach\",\"isPartOf\":{\"@id\":\"https:\\\/\\\/becooltravel.com\\\/#website\"},\"primaryImageOfPage\":{\"@id\":\"https:\\\/\\\/becooltravel.com\\\/product\\\/long-stay-albufeira-ls102pk\\\/#primaryimage\"},\"image\":{\"@id\":\"https:\\\/\\\/becooltravel.com\\\/product\\\/long-stay-albufeira-ls102pk\\\/#primaryimage\"},\"thumbnailUrl\":\"https:\\\/\\\/i0.wp.com\\\/becooltravel.com\\\/wp-content\\\/uploads\\\/sites\\\/5\\\/2020\\\/05\\\/enjoy_holidays_algarve.jpg?fit=1153%2C768&ssl=1\",\"datePublished\":\"2020-05-29T09:19:31+00:00\",\"dateModified\":\"2026-03-18T12:17:24+00:00\",\"description\":\"A Long-Stay Holiday means that you have the opportunity to spend time really connecting with a place, like a local, experiencing the amazing food, the culture, the sights, and the people.Take a breather, and enjoy your retirement or temporary leave without feeling rushed. And take advantage of the low season\u2019s rates \u2013 you get more for less money!\",\"breadcrumb\":{\"@id\":\"https:\\\/\\\/becooltravel.com\\\/product\\\/long-stay-albufeira-ls102pk\\\/#breadcrumb\"},\"inLanguage\":\"fr-FR\",\"potentialAction\":[{\"@type\":\"ReadAction\",\"target\":[\"https:\\\/\\\/becooltravel.com\\\/product\\\/long-stay-albufeira-ls102pk\\\/\"]}]},{\"@type\":\"ImageObject\",\"inLanguage\":\"fr-FR\",\"@id\":\"https:\\\/\\\/becooltravel.com\\\/product\\\/long-stay-albufeira-ls102pk\\\/#primaryimage\",\"url\":\"https:\\\/\\\/i0.wp.com\\\/becooltravel.com\\\/wp-content\\\/uploads\\\/sites\\\/5\\\/2020\\\/05\\\/enjoy_holidays_algarve.jpg?fit=1153%2C768&ssl=1\",\"contentUrl\":\"https:\\\/\\\/i0.wp.com\\\/becooltravel.com\\\/wp-content\\\/uploads\\\/sites\\\/5\\\/2020\\\/05\\\/enjoy_holidays_algarve.jpg?fit=1153%2C768&ssl=1\",\"width\":1153,\"height\":768,\"caption\":\"enjoy your holidays and long-stay in the Algarve\"},{\"@type\":\"BreadcrumbList\",\"@id\":\"https:\\\/\\\/becooltravel.com\\\/product\\\/long-stay-albufeira-ls102pk\\\/#breadcrumb\",\"itemListElement\":[{\"@type\":\"ListItem\",\"position\":1,\"name\":\"Home\",\"item\":\"https:\\\/\\\/becooltravel.com\\\/\"},{\"@type\":\"ListItem\",\"position\":2,\"name\":\"Shop\",\"item\":\"https:\\\/\\\/becooltravel.com\\\/?page_id=5\"},{\"@type\":\"ListItem\",\"position\":3,\"name\":\"Albufeira Algarve Portugal\",\"item\":\"https:\\\/\\\/becooltravel.com\\\/da\\\/produkt-tag-6\\\/albufeira\\\/\"},{\"@type\":\"ListItem\",\"position\":4,\"name\":\"Take a breather, and enjoy your retirement or temporary leave without feeling rushed. And take advantage of the low season\u2019s rates \u2013 you get more for less money!\"}]},{\"@type\":\"WebSite\",\"@id\":\"https:\\\/\\\/becooltravel.com\\\/#website\",\"url\":\"https:\\\/\\\/becooltravel.com\\\/\",\"name\":\"BeCool Travel\",\"description\":\"Sustainable holidays in Portugal for independent travelers\",\"publisher\":{\"@id\":\"https:\\\/\\\/becooltravel.com\\\/#organization\"},\"potentialAction\":[{\"@type\":\"SearchAction\",\"target\":{\"@type\":\"EntryPoint\",\"urlTemplate\":\"https:\\\/\\\/becooltravel.com\\\/?s={search_term_string}\"},\"query-input\":{\"@type\":\"PropertyValueSpecification\",\"valueRequired\":true,\"valueName\":\"search_term_string\"}}],\"inLanguage\":\"fr-FR\"},{\"@type\":\"Organization\",\"@id\":\"https:\\\/\\\/becooltravel.com\\\/#organization\",\"name\":\"BecoolTravel. com- Portugal\",\"url\":\"https:\\\/\\\/becooltravel.com\\\/\",\"logo\":{\"@type\":\"ImageObject\",\"inLanguage\":\"fr-FR\",\"@id\":\"https:\\\/\\\/becooltravel.com\\\/#\\\/schema\\\/logo\\\/image\\\/\",\"url\":\"https:\\\/\\\/becooltravel.com\\\/wp-content\\\/uploads\\\/sites\\\/5\\\/2020\\\/03\\\/Logo_BeCool.jpg\",\"contentUrl\":\"https:\\\/\\\/becooltravel.com\\\/wp-content\\\/uploads\\\/sites\\\/5\\\/2020\\\/03\\\/Logo_BeCool.jpg\",\"width\":534,\"height\":534,\"caption\":\"BecoolTravel. com- Portugal\"},\"image\":{\"@id\":\"https:\\\/\\\/becooltravel.com\\\/#\\\/schema\\\/logo\\\/image\\\/\"},\"sameAs\":[\"https:\\\/\\\/www.facebook.com\\\/becooltravelagency\\\/\",\"https:\\\/\\\/x.com\\\/becool_travel\",\"https:\\\/\\\/www.instagram.com\\\/becooltravel_com\\\/\",\"https:\\\/\\\/www.linkedin.com\\\/company\\\/becool-travel\\\/\",\"https:\\\/\\\/www.youtube.com\\\/channel\\\/UCE7zRU3EVG1PgfXwQo-5uJw\"]}]}<\/script>\n<!-- \/ Yoast SEO Premium plugin. -->","yoast_head_json":{"title":"Portugal Long-Stay Albufeira, \u00e0 l&#039;h\u00f4tel Victoria Sport &amp; Beach","description":"Des vacances de long s\u00e9jour signifient que vous avez la possibilit\u00e9 de passer du temps \u00e0 vraiment vous connecter avec un endroit, comme un local, \u00e0 d\u00e9couvrir la nourriture d\u00e9licieuse, la culture, les sites touristiques et les gens.Prenez une pause et profitez de votre retraite ou de votre cong\u00e9 temporaire. sans se sentir press\u00e9. Et profitez des tarifs de la basse saison \u2013 vous obtenez plus pour moins d&#039;argent !","robots":{"index":"index","follow":"follow","max-snippet":"max-snippet:-1","max-image-preview":"max-image-preview:large","max-video-preview":"max-video-preview:-1"},"canonical":"https:\/\/becooltravel.com\/fr\/produit\/long-sejour-albufeira-ls102pk\/","og_locale":"fr_FR","og_type":"article","og_title":"Gold sandy beaches with crystal clear waters (Blue flag)","og_description":"The lacey typical chimneys, a heritage of Moorish architecture, stand out against the red of tiled roofs and the blue skies.Sleepy whitewashed villages invite you to experience a way of life connected to nature, adding another dimension to your holidays in the Algarve.Last, but certainly not least, surrender yourself to the excellent Portuguese food and wines. From the fresh fish and shellfish to the sweet local delicacies of almonds, honey, and figs, you will be spoilt for choice!","og_url":"https:\/\/becooltravel.com\/fr\/produit\/long-sejour-albufeira-ls102pk\/","og_site_name":"BeCool Travel","article_publisher":"https:\/\/www.facebook.com\/becooltravelagency\/","article_modified_time":"2026-03-18T12:17:24+00:00","og_image":[{"width":1200,"height":800,"url":"https:\/\/becooltravel.com\/wp-content\/uploads\/sites\/5\/2020\/05\/Olhos_Agua_Albufeira.jpg","type":"image\/jpeg"}],"twitter_card":"summary_large_image","twitter_title":"Tranquil countryside landscape nearby, off the beaten path","twitter_description":"A Long-Stay Holiday means that you have the opportunity to spend time really connecting with a place, like a local, experiencing the amazing food, the culture, the sights, and the people.Take a breather, and enjoy your retirement or temporary leave without feeling rushed. And take advantage of the low season\u2019s rates \u2013 you get more for less money!The shoreline of Albufeira is very inviting for water sports, from windsurfing, diving, or sailing. A boat tour around the caves is a wonderful opportunity for a different day, with visits to secluded beaches only accessible by sea.Albufeira is perfect not only for people yearning for sun and rest. Many golf courses stretch almost to the sea, and all sorts of fun activities are available, like horse riding under the shade of the pine trees.","twitter_image":"https:\/\/i0.wp.com\/becooltravel.com\/wp-content\/uploads\/sites\/5\/2020\/05\/FalesiaBeachBoardwalk.jpg?fit=1200%2C800&ssl=1","twitter_site":"@becool_travel","twitter_misc":{"Dur\u00e9e de lecture estim\u00e9e":"3 minutes"},"schema":{"@context":"https:\/\/schema.org","@graph":[{"@type":["WebPage","ItemPage"],"@id":"https:\/\/becooltravel.com\/product\/long-stay-albufeira-ls102pk\/","url":"https:\/\/becooltravel.com\/product\/long-stay-albufeira-ls102pk\/","name":"Portugal Long-Stay Albufeira, \u00e0 l&#039;h\u00f4tel Victoria Sport &amp; Beach","isPartOf":{"@id":"https:\/\/becooltravel.com\/#website"},"primaryImageOfPage":{"@id":"https:\/\/becooltravel.com\/product\/long-stay-albufeira-ls102pk\/#primaryimage"},"image":{"@id":"https:\/\/becooltravel.com\/product\/long-stay-albufeira-ls102pk\/#primaryimage"},"thumbnailUrl":"https:\/\/i0.wp.com\/becooltravel.com\/wp-content\/uploads\/sites\/5\/2020\/05\/enjoy_holidays_algarve.jpg?fit=1153%2C768&ssl=1","datePublished":"2020-05-29T09:19:31+00:00","dateModified":"2026-03-18T12:17:24+00:00","description":"Des vacances de long s\u00e9jour signifient que vous avez la possibilit\u00e9 de passer du temps \u00e0 vraiment vous connecter avec un endroit, comme un local, \u00e0 d\u00e9couvrir la nourriture d\u00e9licieuse, la culture, les sites touristiques et les gens.Prenez une pause et profitez de votre retraite ou de votre cong\u00e9 temporaire. sans se sentir press\u00e9. Et profitez des tarifs de la basse saison \u2013 vous obtenez plus pour moins d&#039;argent !","breadcrumb":{"@id":"https:\/\/becooltravel.com\/product\/long-stay-albufeira-ls102pk\/#breadcrumb"},"inLanguage":"fr-FR","potentialAction":[{"@type":"ReadAction","target":["https:\/\/becooltravel.com\/product\/long-stay-albufeira-ls102pk\/"]}]},{"@type":"ImageObject","inLanguage":"fr-FR","@id":"https:\/\/becooltravel.com\/product\/long-stay-albufeira-ls102pk\/#primaryimage","url":"https:\/\/i0.wp.com\/becooltravel.com\/wp-content\/uploads\/sites\/5\/2020\/05\/enjoy_holidays_algarve.jpg?fit=1153%2C768&ssl=1","contentUrl":"https:\/\/i0.wp.com\/becooltravel.com\/wp-content\/uploads\/sites\/5\/2020\/05\/enjoy_holidays_algarve.jpg?fit=1153%2C768&ssl=1","width":1153,"height":768,"caption":"enjoy your holidays and long-stay in the Algarve"},{"@type":"BreadcrumbList","@id":"https:\/\/becooltravel.com\/product\/long-stay-albufeira-ls102pk\/#breadcrumb","itemListElement":[{"@type":"ListItem","position":1,"name":"Home","item":"https:\/\/becooltravel.com\/"},{"@type":"ListItem","position":2,"name":"Shop","item":"https:\/\/becooltravel.com\/?page_id=5"},{"@type":"ListItem","position":3,"name":"Albufeira Algarve Portugal","item":"https:\/\/becooltravel.com\/da\/produkt-tag-6\/albufeira\/"},{"@type":"ListItem","position":4,"name":"Take a breather, and enjoy your retirement or temporary leave without feeling rushed. And take advantage of the low season\u2019s rates \u2013 you get more for less money!"}]},{"@type":"WebSite","@id":"https:\/\/becooltravel.com\/#website","url":"https:\/\/becooltravel.com\/","name":"Voyage BeCool","description":"Des vacances durables au Portugal pour les voyageurs ind\u00e9pendants","publisher":{"@id":"https:\/\/becooltravel.com\/#organization"},"potentialAction":[{"@type":"SearchAction","target":{"@type":"EntryPoint","urlTemplate":"https:\/\/becooltravel.com\/?s={search_term_string}"},"query-input":{"@type":"PropertyValueSpecification","valueRequired":true,"valueName":"search_term_string"}}],"inLanguage":"fr-FR"},{"@type":"Organization","@id":"https:\/\/becooltravel.com\/#organization","name":"BecoolTravel. com- Portugal","url":"https:\/\/becooltravel.com\/","logo":{"@type":"ImageObject","inLanguage":"fr-FR","@id":"https:\/\/becooltravel.com\/#\/schema\/logo\/image\/","url":"https:\/\/becooltravel.com\/wp-content\/uploads\/sites\/5\/2020\/03\/Logo_BeCool.jpg","contentUrl":"https:\/\/becooltravel.com\/wp-content\/uploads\/sites\/5\/2020\/03\/Logo_BeCool.jpg","width":534,"height":534,"caption":"BecoolTravel. com- Portugal"},"image":{"@id":"https:\/\/becooltravel.com\/#\/schema\/logo\/image\/"},"sameAs":["https:\/\/www.facebook.com\/becooltravelagency\/","https:\/\/x.com\/becool_travel","https:\/\/www.instagram.com\/becooltravel_com\/","https:\/\/www.linkedin.com\/company\/becool-travel\/","https:\/\/www.youtube.com\/channel\/UCE7zRU3EVG1PgfXwQo-5uJw"]}]}},"jetpack_sharing_enabled":true,"_links":{"self":[{"href":"https:\/\/becooltravel.com\/fr\/wp-json\/wp\/v2\/product\/5008","targetHints":{"allow":["GET"]}}],"collection":[{"href":"https:\/\/becooltravel.com\/fr\/wp-json\/wp\/v2\/product"}],"about":[{"href":"https:\/\/becooltravel.com\/fr\/wp-json\/wp\/v2\/types\/product"}],"replies":[{"embeddable":true,"href":"https:\/\/becooltravel.com\/fr\/wp-json\/wp\/v2\/comments?post=5008"}],"wp:featuredmedia":[{"embeddable":true,"href":"https:\/\/becooltravel.com\/fr\/wp-json\/wp\/v2\/media\/4802"}],"wp:attachment":[{"href":"https:\/\/becooltravel.com\/fr\/wp-json\/wp\/v2\/media?parent=5008"}],"wp:term":[{"taxonomy":"product_brand","embeddable":true,"href":"https:\/\/becooltravel.com\/fr\/wp-json\/wp\/v2\/product_brand?post=5008"},{"taxonomy":"product_cat","embeddable":true,"href":"https:\/\/becooltravel.com\/fr\/wp-json\/wp\/v2\/product_cat?post=5008"},{"taxonomy":"product_tag","embeddable":true,"href":"https:\/\/becooltravel.com\/fr\/wp-json\/wp\/v2\/product_tag?post=5008"}],"curies":[{"name":"wp","href":"https:\/\/api.w.org\/{rel}","templated":true}]}}