{"id":5010,"date":"2020-05-29T11:02:17","date_gmt":"2020-05-29T11:02:17","guid":{"rendered":"https:\/\/becooltravel.com\/?post_type=product&#038;p=5010"},"modified":"2026-03-18T12:22:57","modified_gmt":"2026-03-18T12:22:57","slug":"coimbra-hidden-gems-of-central-portugal-53000sc","status":"publish","type":"product","link":"https:\/\/becooltravel.com\/fr\/produit\/coimbra-pierres-cachees-du-portugal-central-53000sc\/","title":{"rendered":"Vacances ind\u00e9pendantes \u00e0 Coimbra: joyaux cach\u00e9s du centre du Portugal"},"content":{"rendered":"<p>Il s&#039;agit d&#039;un s\u00e9jour touristique ind\u00e9pendant bas\u00e9 \u00e0 Coimbra, la principale ville du centre du Portugal, voyageant au c\u0153ur du pays.<\/p>\n<p>S&#039;\u00e9tendant sur les bords de la paisible rivi\u00e8re Mondego, Coimbra, qui abrite l&#039;une des plus anciennes universit\u00e9s du monde, est une ville pleine d&#039;histoire et de patrimoine.<\/p>\n<div id=\"attachment_2862\" style=\"width: 1034px\" class=\"wp-caption alignnone\"><img data-recalc-dims=\"1\" decoding=\"async\" aria-describedby=\"caption-attachment-2862\" class=\"wp-image-2862 size-large\" src=\"https:\/\/i0.wp.com\/legendatours.net\/wp-content\/uploads\/2020\/07\/sightseeing_portugal-e1594044266315-1024x501.jpeg?resize=1024%2C501&#038;ssl=1\" alt=\"Femme voyageant dans la ville de Coimbra, Portugal\" width=\"1024\" height=\"501\" \/><p id=\"caption-attachment-2862\" class=\"wp-caption-text\">Femmes voyageant dans la ville de Coimbra, Portugal<\/p><\/div>\n<p>De l\u00e0, vous commencerez un voyage vers Serra do Bussaco, \u00e0 la fois une montagne et un jardin botanique, vers les montagnes de Lous\u00e3, les pittoresques \u00abvillages d&#039;ardoise\u00bb et les belles plages et le littoral de Figueira da Foz.<\/p>\n<p>Aujourd&#039;hui, Coimbra est une ville moderne en plein essor qui abrite un centre ancien \u00e0 l&#039;atmosph\u00e8re vibrante et anim\u00e9e gr\u00e2ce \u00e0 la population locale, \u00e0 la population d&#039;\u00e9tudiants de tout le pays et de l&#039;\u00e9tranger et aux visiteurs.<\/p>\n<p>Visiter Coimbra, c&#039;est comme faire un voyage historique. Cette ville antique \u00e9tait \u00e0 l&#039;avant-garde de l&#039;Empire romain il y a plus de 2000 ans, \u00e9tant la premi\u00e8re capitale du nouveau royaume du Portugal au XIIe si\u00e8cle.<\/p>\n<p>Passez un peu de temps \u00e0 explorer le quartier universitaire et les jardins botaniques, parmi les plus anciens du monde.<\/p>\n<div id=\"attachment_2608\" style=\"width: 1034px\" class=\"wp-caption alignnone\"><img data-recalc-dims=\"1\" decoding=\"async\" aria-describedby=\"caption-attachment-2608\" class=\"wp-image-2608 size-large\" src=\"https:\/\/i0.wp.com\/legendatours.net\/wp-content\/uploads\/2020\/05\/coimbra_river-1024x683.jpg?resize=1024%2C683&#038;ssl=1\" alt=\"Coimbra, qui abrite l&#039;une des plus anciennes universit\u00e9s du monde\" width=\"1024\" height=\"683\" \/><p id=\"caption-attachment-2608\" class=\"wp-caption-text\">Coimbra, la rivi\u00e8re Mondego, est la plus longue\u00a0<em>fleuve<\/em> enti\u00e8rement sur le territoire portugais. La beaut\u00e9 de ses berges a inspir\u00e9 de nombreuses g\u00e9n\u00e9rations d&#039;\u00e9tudiants et de po\u00e8tes.<\/p><\/div>\n<p>Admirez l&#039;architecture des grandes \u00e9glises de la ville, visitez ses nombreuses galeries ou d\u00e9ambulez simplement dans les rues en vous impr\u00e9gnant de l&#039;atmosph\u00e8re unique de ce mus\u00e9e vivant magique.<\/p>\n<p>Avec Coimbra comme centre, ces vacances en voiture comprennent une visite de la Serra do Bussaco, qui est \u00e0 la fois une montagne et un jardin botanique.<\/p>\n<p>Le site poss\u00e8de la collection de plantes et d&#039;arbres la plus diversifi\u00e9e du Portugal, ses origines remontant au 10\u00e8me si\u00e8cle.<\/p>\n<p>Elle est prot\u00e9g\u00e9e par le Vatican : un d\u00e9cret papal du XVIe si\u00e8cle menace d&#039;excommunier quiconque endommagerait la for\u00eat et un autre d\u00e9cret (r\u00e9voqu\u00e9 depuis) interdisait l&#039;approche des femmes.<\/p>\n<p>C&#039;est \u00e9galement le site d&#039;une bataille d\u00e9cisive dans les guerres de la p\u00e9ninsule au cours desquelles les Fran\u00e7ais ont \u00e9t\u00e9 vaincus par une force conjointe de troupes portugaises et anglaises.<\/p>\n<div id=\"attachment_2591\" style=\"width: 1034px\" class=\"wp-caption alignnone\"><img data-recalc-dims=\"1\" decoding=\"async\" aria-describedby=\"caption-attachment-2591\" class=\"wp-image-2591 size-large\" src=\"https:\/\/i0.wp.com\/legendatours.net\/wp-content\/uploads\/2020\/05\/aldeias_xisto_01-1024x687.jpg?resize=1024%2C687&#038;ssl=1\" alt=\"Aldeias de xito au centre du Portugal\" width=\"1024\" height=\"687\" \/><p id=\"caption-attachment-2591\" class=\"wp-caption-text\">Aldeias de xito au centre du Portugal. 26 villages du schiste sont r\u00e9partis dans la r\u00e9gion centrale entre Coimbra et Castelo Branco<\/p><\/div>\n<p>A proximit\u00e9 de Coimbra, le d\u00e9dale de pistes de la Serra da Lous\u00e3 m\u00e8ne aux villages traditionnels de schiste, les \u00ab Aldeias do Xisto \u00bb.<\/p>\n<p>Travelling au rivage, d\u00e9couvrez les belles plages et le littoral de Figueira da Foz, sur la C\u00f4te d&#039;Argent Atlantique, o\u00f9 le fleuve Mondego termine son voyage.<\/p>\n<p>Figueira da Foz, alias la reine des plages, est une combinaison unique d&#039;un port de p\u00eache avec une station baln\u00e9aire chic au charme d\u00e9fra\u00eechi.<\/p>\n<p>Ici, vous trouverez une belle architecture Belle \u00c9poque, le plus ancien casino de la p\u00e9ninsule ib\u00e9rique et, depuis les collines verdoyantes environnantes de la Serra da Boa Viagem, une vue imprenable sur la mer et les belles plages.<\/p>\n<p>La d\u00e9licieuse cuisine de la r\u00e9gion et les vins pris\u00e9s sont vraiment parmi les meilleurs endroits lors de la visite du centre du Portugal. Les saveurs sont fra\u00eeches, vibrantes et souvent inattendues.<\/p>\n<div id=\"attachment_2596\" style=\"width: 1034px\" class=\"wp-caption alignnone\"><img data-recalc-dims=\"1\" decoding=\"async\" aria-describedby=\"caption-attachment-2596\" class=\"wp-image-2596 size-large\" src=\"https:\/\/i0.wp.com\/legendatours.net\/wp-content\/uploads\/2020\/05\/bussaco_mata-1024x682.jpg?resize=1024%2C682&#038;ssl=1\" alt=\"Bussaco\" width=\"1024\" height=\"682\" \/><p id=\"caption-attachment-2596\" class=\"wp-caption-text\">Bussaco est un charmant refuge de bosquets de cypr\u00e8s, de foug\u00e8res, de statues, de fontaines et de jardins \u00e0 la fran\u00e7aise.<\/p><\/div>\n<p>Des plats de poisson aux plats de viande succulents et copieux, en passant par les douceurs traditionnelles, vous ne serez pas d\u00e9\u00e7u !<\/p>\n<p>De cette r\u00e9gion, viennent les meilleurs fromages et charcuteries, parfaits pour accompagner un verre de vin rouge, produits sur les pentes du Mondego.<\/p>\n<p>Les \u00e9tudiants chantent une chanson de fado traditionnelle, accompagn\u00e9e de l&#039;exquise guitare portugaise, qui dit que \u00ab Coimbra a plus de charme \u00e0 l&#039;heure de la s\u00e9paration \u00bb. Vous garderez certainement de bons souvenirs de ces vacances et vous manquez Coimbra et le centre du Portugal\u00a0!<\/p>\n<div class=\"row\">\n<div class=\"column\" style=\"flex: 45%;\">\n<p><iframe title=\"DANS L&#039;HUMEUR POUR COIMBRA : PARTIE 1 | Ville universitaire historique, l&#039;une des plus anciennes d&#039;Europe | le Portugal\" width=\"1080\" height=\"608\" src=\"https:\/\/www.youtube.com\/embed\/RbJja-xcFM0?feature=oembed\" frameborder=\"0\" allow=\"accelerometer; autoplay; clipboard-write; encrypted-media; gyroscope; picture-in-picture; web-share\" referrerpolicy=\"strict-origin-when-cross-origin\" allowfullscreen><\/iframe><\/p>\n<\/div>\n<div class=\"column\" style=\"flex: 10%;\"><\/div>\n<div class=\"column\" style=\"flex: 45%;\">\n<p><iframe title=\"Coimbra - Visitez Coimbra! Visitez Coimbra ! (vid\u00e9o officiel)\" width=\"1080\" height=\"608\" src=\"https:\/\/www.youtube.com\/embed\/TSIf-ngo0tA?feature=oembed\" frameborder=\"0\" allow=\"accelerometer; autoplay; clipboard-write; encrypted-media; gyroscope; picture-in-picture; web-share\" referrerpolicy=\"strict-origin-when-cross-origin\" allowfullscreen><\/iframe><\/p>\n<\/div>\n<\/div>","protected":false},"excerpt":{"rendered":"<p>Il s&#039;agit d&#039;un s\u00e9jour touristique ind\u00e9pendant bas\u00e9 \u00e0 Coimbra, la principale ville du centre du Portugal, voyageant au c\u0153ur du pays.<\/p>\n<p>S&#039;\u00e9tendant sur les bords de la paisible rivi\u00e8re Mondego, Coimbra, qui abrite l&#039;une des plus anciennes universit\u00e9s du monde, est une ville pleine d&#039;histoire et de patrimoine.<\/p>\n<p>De l\u00e0, vous commencerez un voyage vers Serra do Bussaco, \u00e0 la fois une montagne et un jardin botanique, vers les montagnes de Lous\u00e3, vers les pittoresques \u00abvillages de schiste\u00bb et vers les belles plages et le littoral de Figueira da Foz.<\/p>","protected":false},"featured_media":5298,"comment_status":"closed","ping_status":"closed","template":"","meta":{"_acf_changed":false,"inline_featured_image":false},"product_brand":[],"product_cat":[673,336,327],"product_tag":[1053,121,847,848,849,850,273,798,557,204,784,785,851,852,714,827,800,1054,802,853,478,753,321,806,854,790,818,819,855,1055,872,1048,322,856,609,1056,1057,581,834,857,821,1058,1059,59,793],"class_list":{"0":"post-5010","1":"product","2":"type-product","3":"status-publish","4":"has-post-thumbnail","6":"product_cat-self-drive-holidays-portugal","7":"product_cat-self-guided-sightseeing-holidays-in-portugal","8":"product_cat-self-guided-tours-portugal","9":"product_tag-alleine-reisen","10":"product_tag-bird-watching","11":"product_tag-bucaco-hills","12":"product_tag-bussaco","13":"product_tag-central-portugal","14":"product_tag-coimbra","15":"product_tag-coimbra-fado","16":"product_tag-countryside","17":"product_tag-crafted-self-guided-tour","18":"product_tag-cultural-heritage","19":"product_tag-culture","20":"product_tag-delicious-food","21":"product_tag-fado","22":"product_tag-figueira-da-foz","23":"product_tag-fly-drive","24":"product_tag-historic-centre","25":"product_tag-history","26":"product_tag-individuelle-touren","27":"product_tag-lush-green-hills","28":"product_tag-luso","29":"product_tag-natural-park","30":"product_tag-nature-hikes","31":"product_tag-nature-walks","32":"product_tag-paths","33":"product_tag-penacova","34":"product_tag-picturesque-landscapes","35":"product_tag-protected-area","36":"product_tag-quartzite-elevations","37":"product_tag-schist-villages","38":"product_tag-sejour-en-liberte","39":"product_tag-self-drive-holiday","40":"product_tag-self-guide-tour","41":"product_tag-self-guided","42":"product_tag-self-guided-holiday","43":"product_tag-sightseeing","44":"product_tag-solo-reisen","45":"product_tag-tours-autoguidees","46":"product_tag-traditional-villages","47":"product_tag-undulating-plains","48":"product_tag-university","49":"product_tag-valleys","50":"product_tag-voyage-en-liberte","51":"product_tag-voyages-en-autonomie","52":"product_tag-walking","53":"product_tag-wines","55":"first","56":"instock","57":"virtual","58":"product-type-simple"},"acf":[],"yoast_head":"<!-- This site is optimized with the Yoast SEO Premium plugin v26.8 (Yoast SEO v27.4) - https:\/\/yoast.com\/product\/yoast-seo-premium-wordpress\/ -->\n<title>Coimbra Independent Holidays : Hidden Gems of Central Portugal<\/title>\n<meta name=\"description\" content=\"Sightseeing holiday based in Coimbra, the main city of central Portugal, travelling through the heartland of the country. full of history and heritage.\" \/>\n<meta name=\"robots\" content=\"index, follow, max-snippet:-1, max-image-preview:large, max-video-preview:-1\" \/>\n<link rel=\"canonical\" href=\"https:\/\/becooltravel.com\/fr\/produit\/coimbra-pierres-cachees-du-portugal-central-53000sc\/\" \/>\n<meta property=\"og:locale\" content=\"fr_FR\" \/>\n<meta property=\"og:type\" content=\"article\" \/>\n<meta property=\"og:title\" content=\"Coimbra, a city full of history and heritage\" \/>\n<meta property=\"og:description\" content=\"Spreading around the margins of the tranquil Mondego River, Coimbra, home to one of the oldest Universities in the world, it\u2019s a city full of history and heritage.From here, you\u2019ll start a journey to Serra do Bussaco, both a mountain and a botanical garden, to the Lous\u00e3 Mountains, to the quaint \u201cslate villages\u201d, and to the beautiful beaches and coastline of Figueira da Foz.Today, Coimbra is a thriving modern city cocooning an ancient centre with a vibrant and lively atmosphere thanks to the local people, the population of students from all over the country and abroad, and to visitors.Visiting Coimbra is like taking a historical journey. This ancient city was at the forefront of the Roman Empire over 2000 years ago, being the first capital of the new Kingdom of Portugal in the 12th century.\" \/>\n<meta property=\"og:url\" content=\"https:\/\/becooltravel.com\/fr\/produit\/coimbra-pierres-cachees-du-portugal-central-53000sc\/\" \/>\n<meta property=\"og:site_name\" content=\"BeCool Travel\" \/>\n<meta property=\"article:publisher\" content=\"https:\/\/www.facebook.com\/becooltravelagency\/\" \/>\n<meta property=\"article:modified_time\" content=\"2026-03-18T12:22:57+00:00\" \/>\n<meta property=\"og:image\" content=\"https:\/\/becooltravel.com\/wp-content\/uploads\/sites\/5\/2020\/06\/bussaco_palace_04.jpg\" \/>\n\t<meta property=\"og:image:width\" content=\"1200\" \/>\n\t<meta property=\"og:image:height\" content=\"675\" \/>\n\t<meta property=\"og:image:type\" content=\"image\/jpeg\" \/>\n<meta name=\"twitter:card\" content=\"summary_large_image\" \/>\n<meta name=\"twitter:title\" content=\"Spend some time exploring the university quarter and the botanical gardens, amongst the oldest in the world.\" \/>\n<meta name=\"twitter:description\" content=\"Admire the architecture of the city\u2019s great churches, visit its many galleries, or simply wander through the streets, soaking in the unique atmosphere of this magical living museum.With Coimbra as a centre, this self-drive holiday includes a visit to the Serra do Bussaco, which is both a mountain and a botanical garden.The site has the most diverse collection of plants and trees in the hole of Portugal, with its origins going back to the 10th century.\" \/>\n<meta name=\"twitter:image\" content=\"https:\/\/i0.wp.com\/becooltravel.com\/wp-content\/uploads\/sites\/5\/2020\/06\/aldeias_xisto_01.jpg?fit=1193%2C800&ssl=1\" \/>\n<meta name=\"twitter:site\" content=\"@becool_travel\" \/>\n<meta name=\"twitter:label1\" content=\"Dur\u00e9e de lecture estim\u00e9e\" \/>\n\t<meta name=\"twitter:data1\" content=\"4 minutes\" \/>\n<script type=\"application\/ld+json\" class=\"yoast-schema-graph\">{\"@context\":\"https:\\\/\\\/schema.org\",\"@graph\":[{\"@type\":[\"WebPage\",\"ItemPage\"],\"@id\":\"https:\\\/\\\/becooltravel.com\\\/product\\\/coimbra-hidden-gems-of-central-portugal-53000sc\\\/\",\"url\":\"https:\\\/\\\/becooltravel.com\\\/product\\\/coimbra-hidden-gems-of-central-portugal-53000sc\\\/\",\"name\":\"Coimbra Independent Holidays : Hidden Gems of Central Portugal\",\"isPartOf\":{\"@id\":\"https:\\\/\\\/becooltravel.com\\\/#website\"},\"primaryImageOfPage\":{\"@id\":\"https:\\\/\\\/becooltravel.com\\\/product\\\/coimbra-hidden-gems-of-central-portugal-53000sc\\\/#primaryimage\"},\"image\":{\"@id\":\"https:\\\/\\\/becooltravel.com\\\/product\\\/coimbra-hidden-gems-of-central-portugal-53000sc\\\/#primaryimage\"},\"thumbnailUrl\":\"https:\\\/\\\/i0.wp.com\\\/becooltravel.com\\\/wp-content\\\/uploads\\\/sites\\\/5\\\/2020\\\/06\\\/aldeias_xisto04.jpg?fit=1200%2C771&ssl=1\",\"datePublished\":\"2020-05-29T11:02:17+00:00\",\"dateModified\":\"2026-03-18T12:22:57+00:00\",\"description\":\"Sightseeing holiday based in Coimbra, the main city of central Portugal, travelling through the heartland of the country. full of history and heritage.\",\"breadcrumb\":{\"@id\":\"https:\\\/\\\/becooltravel.com\\\/product\\\/coimbra-hidden-gems-of-central-portugal-53000sc\\\/#breadcrumb\"},\"inLanguage\":\"fr-FR\",\"potentialAction\":[{\"@type\":\"ReadAction\",\"target\":[\"https:\\\/\\\/becooltravel.com\\\/product\\\/coimbra-hidden-gems-of-central-portugal-53000sc\\\/\"]}]},{\"@type\":\"ImageObject\",\"inLanguage\":\"fr-FR\",\"@id\":\"https:\\\/\\\/becooltravel.com\\\/product\\\/coimbra-hidden-gems-of-central-portugal-53000sc\\\/#primaryimage\",\"url\":\"https:\\\/\\\/i0.wp.com\\\/becooltravel.com\\\/wp-content\\\/uploads\\\/sites\\\/5\\\/2020\\\/06\\\/aldeias_xisto04.jpg?fit=1200%2C771&ssl=1\",\"contentUrl\":\"https:\\\/\\\/i0.wp.com\\\/becooltravel.com\\\/wp-content\\\/uploads\\\/sites\\\/5\\\/2020\\\/06\\\/aldeias_xisto04.jpg?fit=1200%2C771&ssl=1\",\"width\":1200,\"height\":771,\"caption\":\"Schist villages in Central Portugal\"},{\"@type\":\"BreadcrumbList\",\"@id\":\"https:\\\/\\\/becooltravel.com\\\/product\\\/coimbra-hidden-gems-of-central-portugal-53000sc\\\/#breadcrumb\",\"itemListElement\":[{\"@type\":\"ListItem\",\"position\":1,\"name\":\"Home\",\"item\":\"https:\\\/\\\/becooltravel.com\\\/\"},{\"@type\":\"ListItem\",\"position\":2,\"name\":\"Shop\",\"item\":\"https:\\\/\\\/becooltravel.com\\\/?page_id=5\"},{\"@type\":\"ListItem\",\"position\":3,\"name\":\"alleine reisen\",\"item\":\"https:\\\/\\\/becooltravel.com\\\/product-tag\\\/alleine-reisen\\\/\"},{\"@type\":\"ListItem\",\"position\":4,\"name\":\"Coimbra, a city full of history and heritage\"}]},{\"@type\":\"WebSite\",\"@id\":\"https:\\\/\\\/becooltravel.com\\\/#website\",\"url\":\"https:\\\/\\\/becooltravel.com\\\/\",\"name\":\"BeCool Travel\",\"description\":\"Sustainable holidays in Portugal for independent travelers\",\"publisher\":{\"@id\":\"https:\\\/\\\/becooltravel.com\\\/#organization\"},\"potentialAction\":[{\"@type\":\"SearchAction\",\"target\":{\"@type\":\"EntryPoint\",\"urlTemplate\":\"https:\\\/\\\/becooltravel.com\\\/?s={search_term_string}\"},\"query-input\":{\"@type\":\"PropertyValueSpecification\",\"valueRequired\":true,\"valueName\":\"search_term_string\"}}],\"inLanguage\":\"fr-FR\"},{\"@type\":\"Organization\",\"@id\":\"https:\\\/\\\/becooltravel.com\\\/#organization\",\"name\":\"BecoolTravel. com- Portugal\",\"url\":\"https:\\\/\\\/becooltravel.com\\\/\",\"logo\":{\"@type\":\"ImageObject\",\"inLanguage\":\"fr-FR\",\"@id\":\"https:\\\/\\\/becooltravel.com\\\/#\\\/schema\\\/logo\\\/image\\\/\",\"url\":\"https:\\\/\\\/becooltravel.com\\\/wp-content\\\/uploads\\\/sites\\\/5\\\/2020\\\/03\\\/Logo_BeCool.jpg\",\"contentUrl\":\"https:\\\/\\\/becooltravel.com\\\/wp-content\\\/uploads\\\/sites\\\/5\\\/2020\\\/03\\\/Logo_BeCool.jpg\",\"width\":534,\"height\":534,\"caption\":\"BecoolTravel. com- Portugal\"},\"image\":{\"@id\":\"https:\\\/\\\/becooltravel.com\\\/#\\\/schema\\\/logo\\\/image\\\/\"},\"sameAs\":[\"https:\\\/\\\/www.facebook.com\\\/becooltravelagency\\\/\",\"https:\\\/\\\/x.com\\\/becool_travel\",\"https:\\\/\\\/www.instagram.com\\\/becooltravel_com\\\/\",\"https:\\\/\\\/www.linkedin.com\\\/company\\\/becool-travel\\\/\",\"https:\\\/\\\/www.youtube.com\\\/channel\\\/UCE7zRU3EVG1PgfXwQo-5uJw\"]}]}<\/script>\n<!-- \/ Yoast SEO Premium plugin. -->","yoast_head_json":{"title":"Vacances ind\u00e9pendantes \u00e0 Coimbra: joyaux cach\u00e9s du centre du Portugal","description":"S\u00e9jour touristique bas\u00e9 \u00e0 Coimbra, la principale ville du centre du Portugal, voyageant au c\u0153ur du pays. charg\u00e9e d&#039;histoire et de patrimoine.","robots":{"index":"index","follow":"follow","max-snippet":"max-snippet:-1","max-image-preview":"max-image-preview:large","max-video-preview":"max-video-preview:-1"},"canonical":"https:\/\/becooltravel.com\/fr\/produit\/coimbra-pierres-cachees-du-portugal-central-53000sc\/","og_locale":"fr_FR","og_type":"article","og_title":"Coimbra, a city full of history and heritage","og_description":"Spreading around the margins of the tranquil Mondego River, Coimbra, home to one of the oldest Universities in the world, it\u2019s a city full of history and heritage.From here, you\u2019ll start a journey to Serra do Bussaco, both a mountain and a botanical garden, to the Lous\u00e3 Mountains, to the quaint \u201cslate villages\u201d, and to the beautiful beaches and coastline of Figueira da Foz.Today, Coimbra is a thriving modern city cocooning an ancient centre with a vibrant and lively atmosphere thanks to the local people, the population of students from all over the country and abroad, and to visitors.Visiting Coimbra is like taking a historical journey. This ancient city was at the forefront of the Roman Empire over 2000 years ago, being the first capital of the new Kingdom of Portugal in the 12th century.","og_url":"https:\/\/becooltravel.com\/fr\/produit\/coimbra-pierres-cachees-du-portugal-central-53000sc\/","og_site_name":"BeCool Travel","article_publisher":"https:\/\/www.facebook.com\/becooltravelagency\/","article_modified_time":"2026-03-18T12:22:57+00:00","og_image":[{"width":1200,"height":675,"url":"https:\/\/becooltravel.com\/wp-content\/uploads\/sites\/5\/2020\/06\/bussaco_palace_04.jpg","type":"image\/jpeg"}],"twitter_card":"summary_large_image","twitter_title":"Spend some time exploring the university quarter and the botanical gardens, amongst the oldest in the world.","twitter_description":"Admire the architecture of the city\u2019s great churches, visit its many galleries, or simply wander through the streets, soaking in the unique atmosphere of this magical living museum.With Coimbra as a centre, this self-drive holiday includes a visit to the Serra do Bussaco, which is both a mountain and a botanical garden.The site has the most diverse collection of plants and trees in the hole of Portugal, with its origins going back to the 10th century.","twitter_image":"https:\/\/i0.wp.com\/becooltravel.com\/wp-content\/uploads\/sites\/5\/2020\/06\/aldeias_xisto_01.jpg?fit=1193%2C800&ssl=1","twitter_site":"@becool_travel","twitter_misc":{"Dur\u00e9e de lecture estim\u00e9e":"4 minutes"},"schema":{"@context":"https:\/\/schema.org","@graph":[{"@type":["WebPage","ItemPage"],"@id":"https:\/\/becooltravel.com\/product\/coimbra-hidden-gems-of-central-portugal-53000sc\/","url":"https:\/\/becooltravel.com\/product\/coimbra-hidden-gems-of-central-portugal-53000sc\/","name":"Vacances ind\u00e9pendantes \u00e0 Coimbra: joyaux cach\u00e9s du centre du Portugal","isPartOf":{"@id":"https:\/\/becooltravel.com\/#website"},"primaryImageOfPage":{"@id":"https:\/\/becooltravel.com\/product\/coimbra-hidden-gems-of-central-portugal-53000sc\/#primaryimage"},"image":{"@id":"https:\/\/becooltravel.com\/product\/coimbra-hidden-gems-of-central-portugal-53000sc\/#primaryimage"},"thumbnailUrl":"https:\/\/i0.wp.com\/becooltravel.com\/wp-content\/uploads\/sites\/5\/2020\/06\/aldeias_xisto04.jpg?fit=1200%2C771&ssl=1","datePublished":"2020-05-29T11:02:17+00:00","dateModified":"2026-03-18T12:22:57+00:00","description":"S\u00e9jour touristique bas\u00e9 \u00e0 Coimbra, la principale ville du centre du Portugal, voyageant au c\u0153ur du pays. charg\u00e9e d&#039;histoire et de patrimoine.","breadcrumb":{"@id":"https:\/\/becooltravel.com\/product\/coimbra-hidden-gems-of-central-portugal-53000sc\/#breadcrumb"},"inLanguage":"fr-FR","potentialAction":[{"@type":"ReadAction","target":["https:\/\/becooltravel.com\/product\/coimbra-hidden-gems-of-central-portugal-53000sc\/"]}]},{"@type":"ImageObject","inLanguage":"fr-FR","@id":"https:\/\/becooltravel.com\/product\/coimbra-hidden-gems-of-central-portugal-53000sc\/#primaryimage","url":"https:\/\/i0.wp.com\/becooltravel.com\/wp-content\/uploads\/sites\/5\/2020\/06\/aldeias_xisto04.jpg?fit=1200%2C771&ssl=1","contentUrl":"https:\/\/i0.wp.com\/becooltravel.com\/wp-content\/uploads\/sites\/5\/2020\/06\/aldeias_xisto04.jpg?fit=1200%2C771&ssl=1","width":1200,"height":771,"caption":"Schist villages in Central Portugal"},{"@type":"BreadcrumbList","@id":"https:\/\/becooltravel.com\/product\/coimbra-hidden-gems-of-central-portugal-53000sc\/#breadcrumb","itemListElement":[{"@type":"ListItem","position":1,"name":"Home","item":"https:\/\/becooltravel.com\/"},{"@type":"ListItem","position":2,"name":"Shop","item":"https:\/\/becooltravel.com\/?page_id=5"},{"@type":"ListItem","position":3,"name":"alleine reisen","item":"https:\/\/becooltravel.com\/product-tag\/alleine-reisen\/"},{"@type":"ListItem","position":4,"name":"Coimbra, a city full of history and heritage"}]},{"@type":"WebSite","@id":"https:\/\/becooltravel.com\/#website","url":"https:\/\/becooltravel.com\/","name":"Voyage BeCool","description":"Des vacances durables au Portugal pour les voyageurs ind\u00e9pendants","publisher":{"@id":"https:\/\/becooltravel.com\/#organization"},"potentialAction":[{"@type":"SearchAction","target":{"@type":"EntryPoint","urlTemplate":"https:\/\/becooltravel.com\/?s={search_term_string}"},"query-input":{"@type":"PropertyValueSpecification","valueRequired":true,"valueName":"search_term_string"}}],"inLanguage":"fr-FR"},{"@type":"Organization","@id":"https:\/\/becooltravel.com\/#organization","name":"BecoolTravel. com- Portugal","url":"https:\/\/becooltravel.com\/","logo":{"@type":"ImageObject","inLanguage":"fr-FR","@id":"https:\/\/becooltravel.com\/#\/schema\/logo\/image\/","url":"https:\/\/becooltravel.com\/wp-content\/uploads\/sites\/5\/2020\/03\/Logo_BeCool.jpg","contentUrl":"https:\/\/becooltravel.com\/wp-content\/uploads\/sites\/5\/2020\/03\/Logo_BeCool.jpg","width":534,"height":534,"caption":"BecoolTravel. com- Portugal"},"image":{"@id":"https:\/\/becooltravel.com\/#\/schema\/logo\/image\/"},"sameAs":["https:\/\/www.facebook.com\/becooltravelagency\/","https:\/\/x.com\/becool_travel","https:\/\/www.instagram.com\/becooltravel_com\/","https:\/\/www.linkedin.com\/company\/becool-travel\/","https:\/\/www.youtube.com\/channel\/UCE7zRU3EVG1PgfXwQo-5uJw"]}]}},"jetpack_sharing_enabled":true,"_links":{"self":[{"href":"https:\/\/becooltravel.com\/fr\/wp-json\/wp\/v2\/product\/5010","targetHints":{"allow":["GET"]}}],"collection":[{"href":"https:\/\/becooltravel.com\/fr\/wp-json\/wp\/v2\/product"}],"about":[{"href":"https:\/\/becooltravel.com\/fr\/wp-json\/wp\/v2\/types\/product"}],"replies":[{"embeddable":true,"href":"https:\/\/becooltravel.com\/fr\/wp-json\/wp\/v2\/comments?post=5010"}],"wp:featuredmedia":[{"embeddable":true,"href":"https:\/\/becooltravel.com\/fr\/wp-json\/wp\/v2\/media\/5298"}],"wp:attachment":[{"href":"https:\/\/becooltravel.com\/fr\/wp-json\/wp\/v2\/media?parent=5010"}],"wp:term":[{"taxonomy":"product_brand","embeddable":true,"href":"https:\/\/becooltravel.com\/fr\/wp-json\/wp\/v2\/product_brand?post=5010"},{"taxonomy":"product_cat","embeddable":true,"href":"https:\/\/becooltravel.com\/fr\/wp-json\/wp\/v2\/product_cat?post=5010"},{"taxonomy":"product_tag","embeddable":true,"href":"https:\/\/becooltravel.com\/fr\/wp-json\/wp\/v2\/product_tag?post=5010"}],"curies":[{"name":"wp","href":"https:\/\/api.w.org\/{rel}","templated":true}]}}