{"id":5019,"date":"2020-05-29T13:55:12","date_gmt":"2020-05-29T13:55:12","guid":{"rendered":"https:\/\/becooltravel.com\/product\/long-stay-cabanas-de-tavira-ls200pk\/"},"modified":"2026-03-18T13:32:40","modified_gmt":"2026-03-18T13:32:40","slug":"long-stay-cabanas-de-tavira-ls200pk","status":"publish","type":"product","link":"https:\/\/becooltravel.com\/fr\/produit\/long-sejour-cabanas-de-tavira-ls200pk\/","title":{"rendered":"Portugal Long S\u00e9jour Vacances \u00e0 Cabanas de Tavira, \u00e0 l&#039;Aparthotel Golden Club"},"content":{"rendered":"<p>A l&#039;est de Tavira se trouve le village de Cabanas, une terre de p\u00eacheurs. C&#039;est une destination parfaite pour des vacances de longue dur\u00e9e, o\u00f9 vous pouvez vraiment vivre comme un local, d\u00e9couvrir la nourriture d\u00e9licieuse, la culture, les sites touristiques et les gens.<\/p>\n<p>\u00c9chappez aux journ\u00e9es humides et froides pour profiter de plus de 300 jours de soleil par an en Algarve !<\/p>\n<p>Le long de l&#039;avenue du front de mer de Cabanas r\u00e9cemment r\u00e9nov\u00e9e, vous pourrez apercevoir les bateaux de p\u00eache traditionnels ancr\u00e9s dans la lagune de Ria Formosa, une riche r\u00e9serve naturelle d&#039;une beaut\u00e9 exceptionnelle, parfaite pour l&#039;observation des oiseaux et de la nature.<\/p>\n<div id=\"attachment_2286\" style=\"width: 1034px\" class=\"wp-caption alignnone\"><img data-recalc-dims=\"1\" decoding=\"async\" aria-describedby=\"caption-attachment-2286\" class=\"wp-image-2286 size-full\" src=\"https:\/\/i0.wp.com\/legendatours.net\/wp-content\/uploads\/2020\/05\/Hotel-Golden-Club-Cabanas-de-Tavira-3.jpg?resize=1024%2C768&#038;ssl=1\" alt=\"H\u00f4tel Golden Club, Cabanas de Tavira\" width=\"1024\" height=\"768\" \/><p id=\"caption-attachment-2286\" class=\"wp-caption-text\">H\u00f4tel Golden Club, Cabanas de Tavira<\/p><\/div>\n<p>\u00c0 Cabanas Island, vous trouverez une plage paisible et magnifique. L&#039;\u00e9troite bande de sable est accessible en quelques minutes de travers\u00e9e en bateau.<\/p>\n<p>Il s&#039;\u00e9tend jusqu&#039;\u00e0 Cacela-a-Velha, le port le plus oriental de la Ria Formosa.<\/p>\n<p>\u00c9tant au Portugal, vous savez que vous aurez droit \u00e0 une excellente cuisine et \u00e0 un excellent vin. La r\u00e9gion est c\u00e9l\u00e8bre pour les hu\u00eetres et les palourdes, cueillies dans les p\u00e9pini\u00e8res, le poisson frais grill\u00e9 au charbon de bois et pour une vari\u00e9t\u00e9 de plats de poulpe, que vous pouvez trouver dans les nombreux restaurants en bord de mer.<\/p>\n<div id=\"attachment_928\" style=\"width: 1034px\" class=\"wp-caption alignnone\"><img data-recalc-dims=\"1\" decoding=\"async\" aria-describedby=\"caption-attachment-928\" class=\"wp-image-928 size-large\" src=\"https:\/\/i0.wp.com\/legendatours.net\/wp-content\/uploads\/2020\/03\/Azure-lagoons-of-the-Ria-Formosa-Natural-Park-1-1024x685.jpg?resize=1024%2C685&#038;ssl=1\" alt=\"Marcher dans le parc naturel de Ria Formosa\" width=\"1024\" height=\"685\" \/><p id=\"caption-attachment-928\" class=\"wp-caption-text\">Lagunes azur du parc naturel de Ria Formosa<\/p><\/div>\n<p>Dans les environs, \u00e0 une courte distance, vous pourrez d\u00e9couvrir un paysage et des modes de vie compl\u00e8tement diff\u00e9rents, marqu\u00e9s par des champs d&#039;orangers, charg\u00e9s du parfum des fleurs.<\/p>\n<p>Des maisons blanches \u00e9parses avec des chemin\u00e9es en dentelle montrent un Algarve d\u00e9cal\u00e9, o\u00f9 les aigles planent.<\/p>\n<p>\u00c0 Cabanas de Tavira, vous passerez s\u00fbrement un moment de d\u00e9tente, avec de la nature, des plages magnifiques et des activit\u00e9s amusantes !<\/p>\n<p>Prenez une pause et profitez de votre retraite ou de votre cong\u00e9 temporaire sans vous sentir press\u00e9. Et profitez des tarifs basse saison - vous en avez plus pour moins cher!<\/p>","protected":false},"excerpt":{"rendered":"<p>A l&#039;est de Tavira se trouve le village de Cabanas, une terre de p\u00eacheurs. C&#039;est une destination parfaite pour des vacances de longue dur\u00e9e, o\u00f9 vous pouvez vraiment vivre comme un local, d\u00e9couvrir la nourriture d\u00e9licieuse, la culture, les sites touristiques et les gens.<\/p>\n<p>\u00c9chappez aux journ\u00e9es humides et froides pour profiter de plus de 300 jours de soleil par an en Algarve !<\/p>","protected":false},"featured_media":5011,"comment_status":"closed","ping_status":"closed","template":"","meta":{"_acf_changed":false,"inline_featured_image":false},"product_brand":[],"product_cat":[329,814],"product_tag":[311,554,296,634,242,858,643,606,508,1286,607,822,73,823,58,824,494,181,468,825,623,723,581,614],"class_list":{"0":"post-5019","1":"product","2":"type-product","3":"status-publish","4":"has-post-thumbnail","6":"product_cat-holiday-packs-tours-portugal","7":"product_cat-long-stays-portugal","8":"product_tag-algarve","9":"product_tag-algarve-villages","10":"product_tag-beaches","11":"product_tag-beautiful-beaches-algarve","12":"product_tag-birdwatching","13":"product_tag-cabanas-de-tavira","14":"product_tag-family-holidays","15":"product_tag-gastronomy","16":"product_tag-gastronomy-and-wines","17":"product_tag-holiday","18":"product_tag-holidays","19":"product_tag-longstay","20":"product_tag-natural-scenery","21":"product_tag-packages","22":"product_tag-portugal","23":"product_tag-retirement","24":"product_tag-ria-formosa","25":"product_tag-ria-formosa-natural-park","26":"product_tag-ria-formosa-natural-reserve","27":"product_tag-seniors","28":"product_tag-sun-beach","29":"product_tag-sunny-winters","30":"product_tag-traditional-villages","31":"product_tag-vacations","33":"first","34":"instock","35":"virtual","36":"product-type-simple"},"acf":[],"yoast_head":"<!-- This site is optimized with the Yoast SEO Premium plugin v26.8 (Yoast SEO v27.4) - https:\/\/yoast.com\/product\/yoast-seo-premium-wordpress\/ -->\n<title>Portugal Long-Stay Holidays in Cabanas de Tavira, at Aparthotel Golden Club<\/title>\n<meta name=\"description\" content=\"Cabanas, a land of fishermen. It\u2019s a perfect destination for a long-stay holiday, where you can really live like a local, experiencing the amazing food, the culture, the sights, and the people.\" \/>\n<meta name=\"robots\" content=\"index, follow, max-snippet:-1, max-image-preview:large, max-video-preview:-1\" \/>\n<link rel=\"canonical\" href=\"https:\/\/becooltravel.com\/fr\/produit\/explorez-vilamoura-11700pk\/\" \/>\n<meta property=\"og:locale\" content=\"fr_FR\" \/>\n<meta property=\"og:type\" content=\"article\" \/>\n<meta property=\"og:title\" content=\"Ria Formosa Nature Reserve, great for birdwatching, nature observation, and fun boat tours\" \/>\n<meta property=\"og:description\" content=\"Being in Portugal, you know that you\u2019ll be treated with excellent food and wine. The region is famous for the oysters and clams, gathered from the nurseries, fresh, charcoal-grilled fish, and for a variety of octopus dishes, that you can find in the many seafront restaurants.In the surroundings, within a short distance, you can experience a completely different landscape and ways of life, marked by fields of orange trees, heavy with the scent of blossom.Scattered white houses with lacy chimneys show an off-beat Algarve, where eagles soar.In Cabanas de Tavira, you\u2019ll surely have a relaxing time, with nature, stunning beaches, and fun activities!\" \/>\n<meta property=\"og:url\" content=\"https:\/\/becooltravel.com\/fr\/produit\/explorez-vilamoura-11700pk\/\" \/>\n<meta property=\"og:site_name\" content=\"BeCool Travel\" \/>\n<meta property=\"article:publisher\" content=\"https:\/\/www.facebook.com\/becooltravelagency\/\" \/>\n<meta property=\"article:modified_time\" content=\"2026-03-18T13:32:40+00:00\" \/>\n<meta property=\"og:image\" content=\"https:\/\/becooltravel.com\/wp-content\/uploads\/sites\/5\/2020\/05\/winter-long-stay-algarve.jpg\" \/>\n\t<meta property=\"og:image:width\" content=\"1200\" \/>\n\t<meta property=\"og:image:height\" content=\"800\" \/>\n\t<meta property=\"og:image:type\" content=\"image\/jpeg\" \/>\n<meta name=\"twitter:card\" content=\"summary_large_image\" \/>\n<meta name=\"twitter:title\" content=\"The charming fishing village of Cabanas\" \/>\n<meta name=\"twitter:description\" content=\"Along the recently upgraded Cabanas seafront avenue, you can spot the traditional fishing boats anchored in the Ria Formosa lagoon, a rich nature reserve of exceptional beauty, perfect for birdwatching and nature observation.In Cabanas Island, you find a peaceful and stunning beach. The narrow strip of sand is accessible by a few minutes\u2019 crossing by boat.It stretches all the way to Cacela-a-Velha, the easternmost harbour in the Ria Formosa.\" \/>\n<meta name=\"twitter:image\" content=\"https:\/\/i0.wp.com\/becooltravel.com\/wp-content\/uploads\/sites\/5\/2020\/05\/Fshing-boats-in-Cabanas.jpg?fit=1195%2C800&ssl=1\" \/>\n<meta name=\"twitter:site\" content=\"@becool_travel\" \/>\n<meta name=\"twitter:label1\" content=\"Dur\u00e9e de lecture estim\u00e9e\" \/>\n\t<meta name=\"twitter:data1\" content=\"2 minutes\" \/>\n<script type=\"application\/ld+json\" class=\"yoast-schema-graph\">{\"@context\":\"https:\\\/\\\/schema.org\",\"@graph\":[{\"@type\":[\"WebPage\",\"ItemPage\"],\"@id\":\"https:\\\/\\\/becooltravel.com\\\/product\\\/long-stay-cabanas-de-tavira-ls200pk\\\/\",\"url\":\"https:\\\/\\\/becooltravel.com\\\/product\\\/explore-vilamoura-11700pk\\\/\",\"name\":\"Portugal Long-Stay Holidays in Cabanas de Tavira, at Aparthotel Golden Club\",\"isPartOf\":{\"@id\":\"https:\\\/\\\/becooltravel.com\\\/#website\"},\"primaryImageOfPage\":{\"@id\":\"https:\\\/\\\/becooltravel.com\\\/product\\\/explore-vilamoura-11700pk\\\/#primaryimage\"},\"image\":{\"@id\":\"https:\\\/\\\/becooltravel.com\\\/product\\\/explore-vilamoura-11700pk\\\/#primaryimage\"},\"thumbnailUrl\":\"https:\\\/\\\/i0.wp.com\\\/becooltravel.com\\\/wp-content\\\/uploads\\\/sites\\\/5\\\/2020\\\/05\\\/winter-long-stay-algarve.jpg?fit=1200%2C800&ssl=1\",\"datePublished\":\"2020-05-29T13:55:12+00:00\",\"dateModified\":\"2026-03-18T13:32:40+00:00\",\"description\":\"Cabanas, a land of fishermen. It\u2019s a perfect destination for a long-stay holiday, where you can really live like a local, experiencing the amazing food, the culture, the sights, and the people.\",\"breadcrumb\":{\"@id\":\"https:\\\/\\\/becooltravel.com\\\/product\\\/explore-vilamoura-11700pk\\\/#breadcrumb\"},\"inLanguage\":\"fr-FR\",\"potentialAction\":[{\"@type\":\"ReadAction\",\"target\":[\"https:\\\/\\\/becooltravel.com\\\/product\\\/explore-vilamoura-11700pk\\\/\"]}]},{\"@type\":\"ImageObject\",\"inLanguage\":\"fr-FR\",\"@id\":\"https:\\\/\\\/becooltravel.com\\\/product\\\/explore-vilamoura-11700pk\\\/#primaryimage\",\"url\":\"https:\\\/\\\/i0.wp.com\\\/becooltravel.com\\\/wp-content\\\/uploads\\\/sites\\\/5\\\/2020\\\/05\\\/winter-long-stay-algarve.jpg?fit=1200%2C800&ssl=1\",\"contentUrl\":\"https:\\\/\\\/i0.wp.com\\\/becooltravel.com\\\/wp-content\\\/uploads\\\/sites\\\/5\\\/2020\\\/05\\\/winter-long-stay-algarve.jpg?fit=1200%2C800&ssl=1\",\"width\":1200,\"height\":800,\"caption\":\"Algarve Long Stay - Wintertime\"},{\"@type\":\"BreadcrumbList\",\"@id\":\"https:\\\/\\\/becooltravel.com\\\/product\\\/explore-vilamoura-11700pk\\\/#breadcrumb\",\"itemListElement\":[{\"@type\":\"ListItem\",\"position\":1,\"name\":\"Home\",\"item\":\"https:\\\/\\\/becooltravel.com\\\/\"},{\"@type\":\"ListItem\",\"position\":2,\"name\":\"Shop\",\"item\":\"https:\\\/\\\/becooltravel.com\\\/?page_id=5\"},{\"@type\":\"ListItem\",\"position\":3,\"name\":\"Algarve holidays . You can use\u00a0footpaths and walking\u00a0 trails\u00a0to get to know the region, such as the\u00a0Algarve Way\u00a0or the\u00a0Vicentine Route along one of the best preserved coastal stretches.\",\"item\":\"https:\\\/\\\/becooltravel.com\\\/product-tag\\\/algarve\\\/\"},{\"@type\":\"ListItem\",\"position\":4,\"name\":\"Cabanas, a land of fishermen.\"}]},{\"@type\":\"WebSite\",\"@id\":\"https:\\\/\\\/becooltravel.com\\\/#website\",\"url\":\"https:\\\/\\\/becooltravel.com\\\/\",\"name\":\"BeCool Travel\",\"description\":\"Sustainable holidays in Portugal for independent travelers\",\"publisher\":{\"@id\":\"https:\\\/\\\/becooltravel.com\\\/#organization\"},\"potentialAction\":[{\"@type\":\"SearchAction\",\"target\":{\"@type\":\"EntryPoint\",\"urlTemplate\":\"https:\\\/\\\/becooltravel.com\\\/?s={search_term_string}\"},\"query-input\":{\"@type\":\"PropertyValueSpecification\",\"valueRequired\":true,\"valueName\":\"search_term_string\"}}],\"inLanguage\":\"fr-FR\"},{\"@type\":\"Organization\",\"@id\":\"https:\\\/\\\/becooltravel.com\\\/#organization\",\"name\":\"BecoolTravel. com- Portugal\",\"url\":\"https:\\\/\\\/becooltravel.com\\\/\",\"logo\":{\"@type\":\"ImageObject\",\"inLanguage\":\"fr-FR\",\"@id\":\"https:\\\/\\\/becooltravel.com\\\/#\\\/schema\\\/logo\\\/image\\\/\",\"url\":\"https:\\\/\\\/becooltravel.com\\\/wp-content\\\/uploads\\\/sites\\\/5\\\/2020\\\/03\\\/Logo_BeCool.jpg\",\"contentUrl\":\"https:\\\/\\\/becooltravel.com\\\/wp-content\\\/uploads\\\/sites\\\/5\\\/2020\\\/03\\\/Logo_BeCool.jpg\",\"width\":534,\"height\":534,\"caption\":\"BecoolTravel. com- Portugal\"},\"image\":{\"@id\":\"https:\\\/\\\/becooltravel.com\\\/#\\\/schema\\\/logo\\\/image\\\/\"},\"sameAs\":[\"https:\\\/\\\/www.facebook.com\\\/becooltravelagency\\\/\",\"https:\\\/\\\/x.com\\\/becool_travel\",\"https:\\\/\\\/www.instagram.com\\\/becooltravel_com\\\/\",\"https:\\\/\\\/www.linkedin.com\\\/company\\\/becool-travel\\\/\",\"https:\\\/\\\/www.youtube.com\\\/channel\\\/UCE7zRU3EVG1PgfXwQo-5uJw\"]}]}<\/script>\n<!-- \/ Yoast SEO Premium plugin. -->","yoast_head_json":{"title":"Portugal Long S\u00e9jour Vacances \u00e0 Cabanas de Tavira, \u00e0 l&#039;Aparthotel Golden Club","description":"Cabanas, terre de p\u00eacheurs. C&#039;est une destination parfaite pour des vacances de longue dur\u00e9e, o\u00f9 vous pouvez vraiment vivre comme un local, d\u00e9couvrir la nourriture d\u00e9licieuse, la culture, les sites touristiques et les gens.","robots":{"index":"index","follow":"follow","max-snippet":"max-snippet:-1","max-image-preview":"max-image-preview:large","max-video-preview":"max-video-preview:-1"},"canonical":"https:\/\/becooltravel.com\/fr\/produit\/explorez-vilamoura-11700pk\/","og_locale":"fr_FR","og_type":"article","og_title":"Ria Formosa Nature Reserve, great for birdwatching, nature observation, and fun boat tours","og_description":"Being in Portugal, you know that you\u2019ll be treated with excellent food and wine. The region is famous for the oysters and clams, gathered from the nurseries, fresh, charcoal-grilled fish, and for a variety of octopus dishes, that you can find in the many seafront restaurants.In the surroundings, within a short distance, you can experience a completely different landscape and ways of life, marked by fields of orange trees, heavy with the scent of blossom.Scattered white houses with lacy chimneys show an off-beat Algarve, where eagles soar.In Cabanas de Tavira, you\u2019ll surely have a relaxing time, with nature, stunning beaches, and fun activities!","og_url":"https:\/\/becooltravel.com\/fr\/produit\/explorez-vilamoura-11700pk\/","og_site_name":"BeCool Travel","article_publisher":"https:\/\/www.facebook.com\/becooltravelagency\/","article_modified_time":"2026-03-18T13:32:40+00:00","og_image":[{"width":1200,"height":800,"url":"https:\/\/becooltravel.com\/wp-content\/uploads\/sites\/5\/2020\/05\/winter-long-stay-algarve.jpg","type":"image\/jpeg"}],"twitter_card":"summary_large_image","twitter_title":"The charming fishing village of Cabanas","twitter_description":"Along the recently upgraded Cabanas seafront avenue, you can spot the traditional fishing boats anchored in the Ria Formosa lagoon, a rich nature reserve of exceptional beauty, perfect for birdwatching and nature observation.In Cabanas Island, you find a peaceful and stunning beach. The narrow strip of sand is accessible by a few minutes\u2019 crossing by boat.It stretches all the way to Cacela-a-Velha, the easternmost harbour in the Ria Formosa.","twitter_image":"https:\/\/i0.wp.com\/becooltravel.com\/wp-content\/uploads\/sites\/5\/2020\/05\/Fshing-boats-in-Cabanas.jpg?fit=1195%2C800&ssl=1","twitter_site":"@becool_travel","twitter_misc":{"Dur\u00e9e de lecture estim\u00e9e":"2 minutes"},"schema":{"@context":"https:\/\/schema.org","@graph":[{"@type":["WebPage","ItemPage"],"@id":"https:\/\/becooltravel.com\/product\/long-stay-cabanas-de-tavira-ls200pk\/","url":"https:\/\/becooltravel.com\/product\/explore-vilamoura-11700pk\/","name":"Portugal Long S\u00e9jour Vacances \u00e0 Cabanas de Tavira, \u00e0 l&#039;Aparthotel Golden Club","isPartOf":{"@id":"https:\/\/becooltravel.com\/#website"},"primaryImageOfPage":{"@id":"https:\/\/becooltravel.com\/product\/explore-vilamoura-11700pk\/#primaryimage"},"image":{"@id":"https:\/\/becooltravel.com\/product\/explore-vilamoura-11700pk\/#primaryimage"},"thumbnailUrl":"https:\/\/i0.wp.com\/becooltravel.com\/wp-content\/uploads\/sites\/5\/2020\/05\/winter-long-stay-algarve.jpg?fit=1200%2C800&ssl=1","datePublished":"2020-05-29T13:55:12+00:00","dateModified":"2026-03-18T13:32:40+00:00","description":"Cabanas, terre de p\u00eacheurs. C&#039;est une destination parfaite pour des vacances de longue dur\u00e9e, o\u00f9 vous pouvez vraiment vivre comme un local, d\u00e9couvrir la nourriture d\u00e9licieuse, la culture, les sites touristiques et les gens.","breadcrumb":{"@id":"https:\/\/becooltravel.com\/product\/explore-vilamoura-11700pk\/#breadcrumb"},"inLanguage":"fr-FR","potentialAction":[{"@type":"ReadAction","target":["https:\/\/becooltravel.com\/product\/explore-vilamoura-11700pk\/"]}]},{"@type":"ImageObject","inLanguage":"fr-FR","@id":"https:\/\/becooltravel.com\/product\/explore-vilamoura-11700pk\/#primaryimage","url":"https:\/\/i0.wp.com\/becooltravel.com\/wp-content\/uploads\/sites\/5\/2020\/05\/winter-long-stay-algarve.jpg?fit=1200%2C800&ssl=1","contentUrl":"https:\/\/i0.wp.com\/becooltravel.com\/wp-content\/uploads\/sites\/5\/2020\/05\/winter-long-stay-algarve.jpg?fit=1200%2C800&ssl=1","width":1200,"height":800,"caption":"Algarve Long Stay - Wintertime"},{"@type":"BreadcrumbList","@id":"https:\/\/becooltravel.com\/product\/explore-vilamoura-11700pk\/#breadcrumb","itemListElement":[{"@type":"ListItem","position":1,"name":"Home","item":"https:\/\/becooltravel.com\/"},{"@type":"ListItem","position":2,"name":"Shop","item":"https:\/\/becooltravel.com\/?page_id=5"},{"@type":"ListItem","position":3,"name":"Algarve holidays . You can use\u00a0footpaths and walking\u00a0 trails\u00a0to get to know the region, such as the\u00a0Algarve Way\u00a0or the\u00a0Vicentine Route along one of the best preserved coastal stretches.","item":"https:\/\/becooltravel.com\/product-tag\/algarve\/"},{"@type":"ListItem","position":4,"name":"Cabanas, a land of fishermen."}]},{"@type":"WebSite","@id":"https:\/\/becooltravel.com\/#website","url":"https:\/\/becooltravel.com\/","name":"Voyage BeCool","description":"Des vacances durables au Portugal pour les voyageurs ind\u00e9pendants","publisher":{"@id":"https:\/\/becooltravel.com\/#organization"},"potentialAction":[{"@type":"SearchAction","target":{"@type":"EntryPoint","urlTemplate":"https:\/\/becooltravel.com\/?s={search_term_string}"},"query-input":{"@type":"PropertyValueSpecification","valueRequired":true,"valueName":"search_term_string"}}],"inLanguage":"fr-FR"},{"@type":"Organization","@id":"https:\/\/becooltravel.com\/#organization","name":"BecoolTravel. com- Portugal","url":"https:\/\/becooltravel.com\/","logo":{"@type":"ImageObject","inLanguage":"fr-FR","@id":"https:\/\/becooltravel.com\/#\/schema\/logo\/image\/","url":"https:\/\/becooltravel.com\/wp-content\/uploads\/sites\/5\/2020\/03\/Logo_BeCool.jpg","contentUrl":"https:\/\/becooltravel.com\/wp-content\/uploads\/sites\/5\/2020\/03\/Logo_BeCool.jpg","width":534,"height":534,"caption":"BecoolTravel. com- Portugal"},"image":{"@id":"https:\/\/becooltravel.com\/#\/schema\/logo\/image\/"},"sameAs":["https:\/\/www.facebook.com\/becooltravelagency\/","https:\/\/x.com\/becool_travel","https:\/\/www.instagram.com\/becooltravel_com\/","https:\/\/www.linkedin.com\/company\/becool-travel\/","https:\/\/www.youtube.com\/channel\/UCE7zRU3EVG1PgfXwQo-5uJw"]}]}},"jetpack_sharing_enabled":true,"_links":{"self":[{"href":"https:\/\/becooltravel.com\/fr\/wp-json\/wp\/v2\/product\/5019","targetHints":{"allow":["GET"]}}],"collection":[{"href":"https:\/\/becooltravel.com\/fr\/wp-json\/wp\/v2\/product"}],"about":[{"href":"https:\/\/becooltravel.com\/fr\/wp-json\/wp\/v2\/types\/product"}],"replies":[{"embeddable":true,"href":"https:\/\/becooltravel.com\/fr\/wp-json\/wp\/v2\/comments?post=5019"}],"wp:featuredmedia":[{"embeddable":true,"href":"https:\/\/becooltravel.com\/fr\/wp-json\/wp\/v2\/media\/5011"}],"wp:attachment":[{"href":"https:\/\/becooltravel.com\/fr\/wp-json\/wp\/v2\/media?parent=5019"}],"wp:term":[{"taxonomy":"product_brand","embeddable":true,"href":"https:\/\/becooltravel.com\/fr\/wp-json\/wp\/v2\/product_brand?post=5019"},{"taxonomy":"product_cat","embeddable":true,"href":"https:\/\/becooltravel.com\/fr\/wp-json\/wp\/v2\/product_cat?post=5019"},{"taxonomy":"product_tag","embeddable":true,"href":"https:\/\/becooltravel.com\/fr\/wp-json\/wp\/v2\/product_tag?post=5019"}],"curies":[{"name":"wp","href":"https:\/\/api.w.org\/{rel}","templated":true}]}}