{"id":5036,"date":"2020-06-01T13:18:24","date_gmt":"2020-06-01T13:18:24","guid":{"rendered":"https:\/\/becooltravel.com\/product\/long-stay-monte-gordo-at-hotel-the-pr1me-energize-ls500pk\/"},"modified":"2026-03-18T12:02:49","modified_gmt":"2026-03-18T12:02:49","slug":"long-stay-monte-gordo-at-hotel-the-pr1me-energize-ls500pk","status":"publish","type":"product","link":"https:\/\/becooltravel.com\/fr\/produit\/long-sejour-monte-gordo-a-hotel-le-pr1me-energize-ls500pk\/","title":{"rendered":"Long-Stay Portugal Monte Gordo, \u00e0 l&#039;h\u00f4tel The Pr1me Energize"},"content":{"rendered":"<p>Monte Gordo est une petite station baln\u00e9aire, dans l&#039;est de l&#039;Algarve, pr\u00e8s de la fronti\u00e8re avec l&#039;Espagne.<\/p>\n<p>La beaut\u00e9 de la longue plage et les eaux chaudes et s\u00fbres entour\u00e9es de pin\u00e8des sont id\u00e9ales pour des vacances relaxantes de longue dur\u00e9e.<\/p>\n<p>Vivez comme un local et voyagez \u00e0 votre guise, tout en profitant des 300 jours de soleil annuels de l&#039;Algarve !<\/p>\n<div id=\"attachment_2146\" style=\"width: 1034px\" class=\"wp-caption alignnone\"><img data-recalc-dims=\"1\" decoding=\"async\" aria-describedby=\"caption-attachment-2146\" class=\"wp-image-2146 size-large\" src=\"https:\/\/i0.wp.com\/legendatours.net\/wp-content\/uploads\/2020\/05\/montegordo_fishingboat-1024x769.jpg?resize=1024%2C769&#038;ssl=1\" alt=\"Bateaux de p\u00eache de Montegordo\" width=\"1024\" height=\"769\" \/><p id=\"caption-attachment-2146\" class=\"wp-caption-text\">Bateaux de p\u00eache de Monte Gordo<\/p><\/div>\n<p>Le village compte un casino, mais en basse saison, c&#039;est un village de p\u00eacheurs tranquille, avec des bateaux color\u00e9s pittoresques et une vie au rythme lent.<\/p>\n<p>A proximit\u00e9, vous avez de nombreuses attractions \u00e0 visiter. Vila Real de Santo Ant\u00f3nio, une ville historique au bord du fleuve Guadiana, s\u00e9pare le Portugal de l&#039;Espagne. La travers\u00e9e en ferry est une bonne occasion d&#039;appr\u00e9cier le paysage de collines le long de la rivi\u00e8re, et pour un d\u00e9jeuner tapas tardif.<\/p>\n<p>Castro Marim, l&#039;une des plus anciennes communaut\u00e9s de l&#039;Algarve et centre important du pouvoir arabe jusqu&#039;en 1242, poss\u00e8de des monuments tr\u00e8s bien conserv\u00e9s, dignes d&#039;une visite. De la commande des remparts, il y a une excellente vue sur les magnifiques salines o\u00f9 le sel traditionnel est produit.<\/p>\n<p>La silhouette \u00e9l\u00e9gante des flamants roses est un spectacle courant. Ces beaux oiseaux abondent dans les plaines fertiles le long des rives du fleuve Guadiana, qui abritent une multitude d&#039;autres esp\u00e8ces, prosp\u00e9rant dans la r\u00e9serve naturelle de Castro Marim.<\/p>\n<div id=\"attachment_1845\" style=\"width: 1034px\" class=\"wp-caption alignnone\"><img data-recalc-dims=\"1\" decoding=\"async\" aria-describedby=\"caption-attachment-1845\" class=\"wp-image-1845 size-large\" src=\"https:\/\/i0.wp.com\/legendatours.net\/wp-content\/uploads\/2020\/03\/Orange-trees-1024x683.jpg?resize=1024%2C683&#038;ssl=1\" alt=\"Les orangers parfument l&#039;air dans la campagne de l&#039;Algarve\" width=\"1024\" height=\"683\" \/><p id=\"caption-attachment-1845\" class=\"wp-caption-text\">Les orangers parfument l&#039;air dans la campagne de l&#039;Algarve<\/p><\/div>\n<p>La zone autour de Monte Gordo est principalement plate et entour\u00e9e de pins, id\u00e9ale pour les loisirs et les activit\u00e9s de nature, comme la marche, le v\u00e9lo ou l&#039;observation des oiseaux.<\/p>\n<p>Une autre id\u00e9e est de monter dans un train pour la charmante ville de Tavira, de visiter cette ville historique ou de profiter d&#039;une excursion en bateau relaxante dans le <a href=\"..\/..\/?s=Ria+Formosa+Nature+Park\" target=\"_blank\" rel=\"noopener noreferrer\">Parc naturel de Ria Formosa<\/a>.<\/p>\n<p>\u00c9chappez-vous des jours froids et pluvieux ! Passez un moment de d\u00e9tente \u00e0 explorer la r\u00e9gion et \u00e0 profiter des commodit\u00e9s sur et \u00e0 proximit\u00e9 de la plage, class\u00e9e accessible \u00e0 tous, et presque d\u00e9serte \u00e0 la fin de la haute saison.<\/p>","protected":false},"excerpt":{"rendered":"<p>Monte Gordo est une petite station baln\u00e9aire, dans l&#039;est de l&#039;Algarve, pr\u00e8s de la fronti\u00e8re avec l&#039;Espagne.<\/p>\n<p>La beaut\u00e9 de la longue plage et les eaux chaudes et s\u00fbres entour\u00e9es de pin\u00e8des sont id\u00e9ales pour des vacances relaxantes de longue dur\u00e9e.<\/p>\n<p>Vivez comme un local et voyagez \u00e0 votre guise, tout en profitant des 300 jours de soleil annuels de l&#039;Algarve !<\/p>","protected":false},"featured_media":5020,"comment_status":"closed","ping_status":"closed","template":"","meta":{"_acf_changed":false,"inline_featured_image":false},"product_brand":[],"product_cat":[329,814],"product_tag":[1292,730,311,286,319,288,296,634,242,1228,490,391,456,204,785,508,607,475,822,179,1233,133,823,58,83,824,494,825,609,317,623,723,724,307,614,398],"class_list":{"0":"post-5036","1":"product","2":"type-product","3":"status-publish","4":"has-post-thumbnail","6":"product_cat-holiday-packs-tours-portugal","7":"product_cat-long-stays-portugal","8":"product_tag-a","9":"product_tag-activities-algarve","10":"product_tag-algarve","11":"product_tag-algarve-glorious-countryside","12":"product_tag-along-the-coast","13":"product_tag-ayamonte","14":"product_tag-beaches","15":"product_tag-beautiful-beaches-algarve","16":"product_tag-birdwatching","17":"product_tag-casino","18":"product_tag-castle-of-castro-marim","19":"product_tag-castro-marim","20":"product_tag-castro-marim-natural-reserve","21":"product_tag-cultural-heritage","22":"product_tag-delicious-food","23":"product_tag-gastronomy-and-wines","24":"product_tag-holidays","25":"product_tag-impressive-cliffs","26":"product_tag-longstay","27":"product_tag-monte-gordo","28":"product_tag-monte-gordos-glorious-beach","29":"product_tag-natural-reserves","30":"product_tag-packages","31":"product_tag-portugal","32":"product_tag-portugal-great-food-and-wine","33":"product_tag-retirement","34":"product_tag-ria-formosa","35":"product_tag-seniors","36":"product_tag-sightseeing","37":"product_tag-spectacular-cliffs","38":"product_tag-sun-beach","39":"product_tag-sunny-winters","40":"product_tag-tours-in-portugal","41":"product_tag-traditional-fishing-boats","42":"product_tag-vacations","43":"product_tag-vila-real-de-santo-antonio","45":"first","46":"instock","47":"virtual","48":"product-type-simple"},"acf":[],"yoast_head":"<!-- This site is optimized with the Yoast SEO Premium plugin v26.8 (Yoast SEO v27.5) - https:\/\/yoast.com\/product\/yoast-seo-premium-wordpress\/ -->\n<title>Long-Stay Portugal Monte Gordo, at Hotel The Pr1me Energize<\/title>\n<meta name=\"description\" content=\"The beauty of the long beach and the warm, safe waters surrounded by pine woods are ideal for a relaxing long-stay holiday. Live like a local.\" \/>\n<meta name=\"robots\" content=\"index, follow, max-snippet:-1, max-image-preview:large, max-video-preview:-1\" \/>\n<link rel=\"canonical\" href=\"https:\/\/becooltravel.com\/fr\/produit\/long-sejour-monte-gordo-a-hotel-le-pr1me-energize-ls500pk\/\" \/>\n<meta property=\"og:locale\" content=\"fr_FR\" \/>\n<meta property=\"og:type\" content=\"article\" \/>\n<meta property=\"og:title\" content=\"Monte Gordo is a small beach resort, in the East Algarve,\" \/>\n<meta property=\"og:description\" content=\"Monte Gordo is a small beach resort, in the East Algarve, near the border with Spain.The beauty of the long beach and the warm, safe waters surrounded by pine woods are ideal for a relaxing long-stay holiday.Live like a local and travel at your leisure, while enjoying Algarve\u2019s annual 300 days of sun!The village counts with a casino, but at the low season it\u2019s a quiet fishing village, with quaint colourful boats and slow-paced life.\" \/>\n<meta property=\"og:url\" content=\"https:\/\/becooltravel.com\/fr\/produit\/long-sejour-monte-gordo-a-hotel-le-pr1me-energize-ls500pk\/\" \/>\n<meta property=\"og:site_name\" content=\"BeCool Travel\" \/>\n<meta property=\"article:publisher\" content=\"https:\/\/www.facebook.com\/becooltravelagency\/\" \/>\n<meta property=\"article:modified_time\" content=\"2026-03-18T12:02:49+00:00\" \/>\n<meta property=\"og:image\" content=\"https:\/\/becooltravel.com\/wp-content\/uploads\/sites\/5\/2020\/05\/holiday-pack-long-stay.jpg\" \/>\n\t<meta property=\"og:image:width\" content=\"1200\" \/>\n\t<meta property=\"og:image:height\" content=\"800\" \/>\n\t<meta property=\"og:image:type\" content=\"image\/jpeg\" \/>\n<meta name=\"twitter:card\" content=\"summary_large_image\" \/>\n<meta name=\"twitter:title\" content=\"Monte Gordo is a small beach resort\" \/>\n<meta name=\"twitter:description\" content=\"The area around Monte Gordo is mainly flat and surrounded by pine trees, agreeable for leisure and nature activities, like walking, cycling, or birdwatching.\" \/>\n<meta name=\"twitter:image\" content=\"https:\/\/i0.wp.com\/becooltravel.com\/wp-content\/uploads\/sites\/5\/2020\/06\/montegordo_pinewoods.jpg?fit=1067%2C800&ssl=1\" \/>\n<meta name=\"twitter:site\" content=\"@becool_travel\" \/>\n<meta name=\"twitter:label1\" content=\"Dur\u00e9e de lecture estim\u00e9e\" \/>\n\t<meta name=\"twitter:data1\" content=\"3 minutes\" \/>\n<script type=\"application\/ld+json\" class=\"yoast-schema-graph\">{\"@context\":\"https:\\\/\\\/schema.org\",\"@graph\":[{\"@type\":[\"WebPage\",\"ItemPage\"],\"@id\":\"https:\\\/\\\/becooltravel.com\\\/product\\\/long-stay-monte-gordo-at-hotel-the-pr1me-energize-ls500pk\\\/\",\"url\":\"https:\\\/\\\/becooltravel.com\\\/product\\\/long-stay-monte-gordo-at-hotel-the-pr1me-energize-ls500pk\\\/\",\"name\":\"Long-Stay Portugal Monte Gordo, at Hotel The Pr1me Energize\",\"isPartOf\":{\"@id\":\"https:\\\/\\\/becooltravel.com\\\/#website\"},\"primaryImageOfPage\":{\"@id\":\"https:\\\/\\\/becooltravel.com\\\/product\\\/long-stay-monte-gordo-at-hotel-the-pr1me-energize-ls500pk\\\/#primaryimage\"},\"image\":{\"@id\":\"https:\\\/\\\/becooltravel.com\\\/product\\\/long-stay-monte-gordo-at-hotel-the-pr1me-energize-ls500pk\\\/#primaryimage\"},\"thumbnailUrl\":\"https:\\\/\\\/i0.wp.com\\\/becooltravel.com\\\/wp-content\\\/uploads\\\/sites\\\/5\\\/2020\\\/05\\\/holiday-pack-long-stay.jpg?fit=1200%2C800&ssl=1\",\"datePublished\":\"2020-06-01T13:18:24+00:00\",\"dateModified\":\"2026-03-18T12:02:49+00:00\",\"description\":\"The beauty of the long beach and the warm, safe waters surrounded by pine woods are ideal for a relaxing long-stay holiday. Live like a local.\",\"breadcrumb\":{\"@id\":\"https:\\\/\\\/becooltravel.com\\\/product\\\/long-stay-monte-gordo-at-hotel-the-pr1me-energize-ls500pk\\\/#breadcrumb\"},\"inLanguage\":\"fr-FR\",\"potentialAction\":[{\"@type\":\"ReadAction\",\"target\":[\"https:\\\/\\\/becooltravel.com\\\/product\\\/long-stay-monte-gordo-at-hotel-the-pr1me-energize-ls500pk\\\/\"]}]},{\"@type\":\"ImageObject\",\"inLanguage\":\"fr-FR\",\"@id\":\"https:\\\/\\\/becooltravel.com\\\/product\\\/long-stay-monte-gordo-at-hotel-the-pr1me-energize-ls500pk\\\/#primaryimage\",\"url\":\"https:\\\/\\\/i0.wp.com\\\/becooltravel.com\\\/wp-content\\\/uploads\\\/sites\\\/5\\\/2020\\\/05\\\/holiday-pack-long-stay.jpg?fit=1200%2C800&ssl=1\",\"contentUrl\":\"https:\\\/\\\/i0.wp.com\\\/becooltravel.com\\\/wp-content\\\/uploads\\\/sites\\\/5\\\/2020\\\/05\\\/holiday-pack-long-stay.jpg?fit=1200%2C800&ssl=1\",\"width\":1200,\"height\":800,\"caption\":\"Holiday Pack Long Stay\"},{\"@type\":\"BreadcrumbList\",\"@id\":\"https:\\\/\\\/becooltravel.com\\\/product\\\/long-stay-monte-gordo-at-hotel-the-pr1me-energize-ls500pk\\\/#breadcrumb\",\"itemListElement\":[{\"@type\":\"ListItem\",\"position\":1,\"name\":\"Home\",\"item\":\"https:\\\/\\\/becooltravel.com\\\/\"},{\"@type\":\"ListItem\",\"position\":2,\"name\":\"Shop\",\"item\":\"https:\\\/\\\/becooltravel.com\\\/?page_id=5\"},{\"@type\":\"ListItem\",\"position\":3,\"name\":\"a\",\"item\":\"https:\\\/\\\/becooltravel.com\\\/product-tag\\\/a\\\/\"},{\"@type\":\"ListItem\",\"position\":4,\"name\":\"Monte Gordo is a small beach resort, in the East Algarve,\"}]},{\"@type\":\"WebSite\",\"@id\":\"https:\\\/\\\/becooltravel.com\\\/#website\",\"url\":\"https:\\\/\\\/becooltravel.com\\\/\",\"name\":\"BeCool Travel\",\"description\":\"Sustainable holidays in Portugal for independent travelers\",\"publisher\":{\"@id\":\"https:\\\/\\\/becooltravel.com\\\/#organization\"},\"potentialAction\":[{\"@type\":\"SearchAction\",\"target\":{\"@type\":\"EntryPoint\",\"urlTemplate\":\"https:\\\/\\\/becooltravel.com\\\/?s={search_term_string}\"},\"query-input\":{\"@type\":\"PropertyValueSpecification\",\"valueRequired\":true,\"valueName\":\"search_term_string\"}}],\"inLanguage\":\"fr-FR\"},{\"@type\":\"Organization\",\"@id\":\"https:\\\/\\\/becooltravel.com\\\/#organization\",\"name\":\"BecoolTravel. com- Portugal\",\"url\":\"https:\\\/\\\/becooltravel.com\\\/\",\"logo\":{\"@type\":\"ImageObject\",\"inLanguage\":\"fr-FR\",\"@id\":\"https:\\\/\\\/becooltravel.com\\\/#\\\/schema\\\/logo\\\/image\\\/\",\"url\":\"https:\\\/\\\/becooltravel.com\\\/wp-content\\\/uploads\\\/sites\\\/5\\\/2020\\\/03\\\/Logo_BeCool.jpg\",\"contentUrl\":\"https:\\\/\\\/becooltravel.com\\\/wp-content\\\/uploads\\\/sites\\\/5\\\/2020\\\/03\\\/Logo_BeCool.jpg\",\"width\":534,\"height\":534,\"caption\":\"BecoolTravel. com- Portugal\"},\"image\":{\"@id\":\"https:\\\/\\\/becooltravel.com\\\/#\\\/schema\\\/logo\\\/image\\\/\"},\"sameAs\":[\"https:\\\/\\\/www.facebook.com\\\/becooltravelagency\\\/\",\"https:\\\/\\\/x.com\\\/becool_travel\",\"https:\\\/\\\/www.instagram.com\\\/becooltravel_com\\\/\",\"https:\\\/\\\/www.linkedin.com\\\/company\\\/becool-travel\\\/\",\"https:\\\/\\\/www.youtube.com\\\/channel\\\/UCE7zRU3EVG1PgfXwQo-5uJw\"]}]}<\/script>\n<!-- \/ Yoast SEO Premium plugin. -->","yoast_head_json":{"title":"Long-Stay Portugal Monte Gordo, \u00e0 l&#039;h\u00f4tel The Pr1me Energize","description":"La beaut\u00e9 de la longue plage et les eaux chaudes et s\u00fbres entour\u00e9es de pin\u00e8des sont id\u00e9ales pour des vacances relaxantes de longue dur\u00e9e. Vivez comme un local.","robots":{"index":"index","follow":"follow","max-snippet":"max-snippet:-1","max-image-preview":"max-image-preview:large","max-video-preview":"max-video-preview:-1"},"canonical":"https:\/\/becooltravel.com\/fr\/produit\/long-sejour-monte-gordo-a-hotel-le-pr1me-energize-ls500pk\/","og_locale":"fr_FR","og_type":"article","og_title":"Monte Gordo is a small beach resort, in the East Algarve,","og_description":"Monte Gordo is a small beach resort, in the East Algarve, near the border with Spain.The beauty of the long beach and the warm, safe waters surrounded by pine woods are ideal for a relaxing long-stay holiday.Live like a local and travel at your leisure, while enjoying Algarve\u2019s annual 300 days of sun!The village counts with a casino, but at the low season it\u2019s a quiet fishing village, with quaint colourful boats and slow-paced life.","og_url":"https:\/\/becooltravel.com\/fr\/produit\/long-sejour-monte-gordo-a-hotel-le-pr1me-energize-ls500pk\/","og_site_name":"BeCool Travel","article_publisher":"https:\/\/www.facebook.com\/becooltravelagency\/","article_modified_time":"2026-03-18T12:02:49+00:00","og_image":[{"width":1200,"height":800,"url":"https:\/\/becooltravel.com\/wp-content\/uploads\/sites\/5\/2020\/05\/holiday-pack-long-stay.jpg","type":"image\/jpeg"}],"twitter_card":"summary_large_image","twitter_title":"Monte Gordo is a small beach resort","twitter_description":"The area around Monte Gordo is mainly flat and surrounded by pine trees, agreeable for leisure and nature activities, like walking, cycling, or birdwatching.","twitter_image":"https:\/\/i0.wp.com\/becooltravel.com\/wp-content\/uploads\/sites\/5\/2020\/06\/montegordo_pinewoods.jpg?fit=1067%2C800&ssl=1","twitter_site":"@becool_travel","twitter_misc":{"Dur\u00e9e de lecture estim\u00e9e":"3 minutes"},"schema":{"@context":"https:\/\/schema.org","@graph":[{"@type":["WebPage","ItemPage"],"@id":"https:\/\/becooltravel.com\/product\/long-stay-monte-gordo-at-hotel-the-pr1me-energize-ls500pk\/","url":"https:\/\/becooltravel.com\/product\/long-stay-monte-gordo-at-hotel-the-pr1me-energize-ls500pk\/","name":"Long-Stay Portugal Monte Gordo, \u00e0 l&#039;h\u00f4tel The Pr1me Energize","isPartOf":{"@id":"https:\/\/becooltravel.com\/#website"},"primaryImageOfPage":{"@id":"https:\/\/becooltravel.com\/product\/long-stay-monte-gordo-at-hotel-the-pr1me-energize-ls500pk\/#primaryimage"},"image":{"@id":"https:\/\/becooltravel.com\/product\/long-stay-monte-gordo-at-hotel-the-pr1me-energize-ls500pk\/#primaryimage"},"thumbnailUrl":"https:\/\/i0.wp.com\/becooltravel.com\/wp-content\/uploads\/sites\/5\/2020\/05\/holiday-pack-long-stay.jpg?fit=1200%2C800&ssl=1","datePublished":"2020-06-01T13:18:24+00:00","dateModified":"2026-03-18T12:02:49+00:00","description":"La beaut\u00e9 de la longue plage et les eaux chaudes et s\u00fbres entour\u00e9es de pin\u00e8des sont id\u00e9ales pour des vacances relaxantes de longue dur\u00e9e. Vivez comme un local.","breadcrumb":{"@id":"https:\/\/becooltravel.com\/product\/long-stay-monte-gordo-at-hotel-the-pr1me-energize-ls500pk\/#breadcrumb"},"inLanguage":"fr-FR","potentialAction":[{"@type":"ReadAction","target":["https:\/\/becooltravel.com\/product\/long-stay-monte-gordo-at-hotel-the-pr1me-energize-ls500pk\/"]}]},{"@type":"ImageObject","inLanguage":"fr-FR","@id":"https:\/\/becooltravel.com\/product\/long-stay-monte-gordo-at-hotel-the-pr1me-energize-ls500pk\/#primaryimage","url":"https:\/\/i0.wp.com\/becooltravel.com\/wp-content\/uploads\/sites\/5\/2020\/05\/holiday-pack-long-stay.jpg?fit=1200%2C800&ssl=1","contentUrl":"https:\/\/i0.wp.com\/becooltravel.com\/wp-content\/uploads\/sites\/5\/2020\/05\/holiday-pack-long-stay.jpg?fit=1200%2C800&ssl=1","width":1200,"height":800,"caption":"Holiday Pack Long Stay"},{"@type":"BreadcrumbList","@id":"https:\/\/becooltravel.com\/product\/long-stay-monte-gordo-at-hotel-the-pr1me-energize-ls500pk\/#breadcrumb","itemListElement":[{"@type":"ListItem","position":1,"name":"Home","item":"https:\/\/becooltravel.com\/"},{"@type":"ListItem","position":2,"name":"Shop","item":"https:\/\/becooltravel.com\/?page_id=5"},{"@type":"ListItem","position":3,"name":"a","item":"https:\/\/becooltravel.com\/product-tag\/a\/"},{"@type":"ListItem","position":4,"name":"Monte Gordo is a small beach resort, in the East Algarve,"}]},{"@type":"WebSite","@id":"https:\/\/becooltravel.com\/#website","url":"https:\/\/becooltravel.com\/","name":"Voyage BeCool","description":"Des vacances durables au Portugal pour les voyageurs ind\u00e9pendants","publisher":{"@id":"https:\/\/becooltravel.com\/#organization"},"potentialAction":[{"@type":"SearchAction","target":{"@type":"EntryPoint","urlTemplate":"https:\/\/becooltravel.com\/?s={search_term_string}"},"query-input":{"@type":"PropertyValueSpecification","valueRequired":true,"valueName":"search_term_string"}}],"inLanguage":"fr-FR"},{"@type":"Organization","@id":"https:\/\/becooltravel.com\/#organization","name":"BecoolTravel. com- Portugal","url":"https:\/\/becooltravel.com\/","logo":{"@type":"ImageObject","inLanguage":"fr-FR","@id":"https:\/\/becooltravel.com\/#\/schema\/logo\/image\/","url":"https:\/\/becooltravel.com\/wp-content\/uploads\/sites\/5\/2020\/03\/Logo_BeCool.jpg","contentUrl":"https:\/\/becooltravel.com\/wp-content\/uploads\/sites\/5\/2020\/03\/Logo_BeCool.jpg","width":534,"height":534,"caption":"BecoolTravel. com- Portugal"},"image":{"@id":"https:\/\/becooltravel.com\/#\/schema\/logo\/image\/"},"sameAs":["https:\/\/www.facebook.com\/becooltravelagency\/","https:\/\/x.com\/becool_travel","https:\/\/www.instagram.com\/becooltravel_com\/","https:\/\/www.linkedin.com\/company\/becool-travel\/","https:\/\/www.youtube.com\/channel\/UCE7zRU3EVG1PgfXwQo-5uJw"]}]}},"jetpack_sharing_enabled":true,"_links":{"self":[{"href":"https:\/\/becooltravel.com\/fr\/wp-json\/wp\/v2\/product\/5036","targetHints":{"allow":["GET"]}}],"collection":[{"href":"https:\/\/becooltravel.com\/fr\/wp-json\/wp\/v2\/product"}],"about":[{"href":"https:\/\/becooltravel.com\/fr\/wp-json\/wp\/v2\/types\/product"}],"replies":[{"embeddable":true,"href":"https:\/\/becooltravel.com\/fr\/wp-json\/wp\/v2\/comments?post=5036"}],"wp:featuredmedia":[{"embeddable":true,"href":"https:\/\/becooltravel.com\/fr\/wp-json\/wp\/v2\/media\/5020"}],"wp:attachment":[{"href":"https:\/\/becooltravel.com\/fr\/wp-json\/wp\/v2\/media?parent=5036"}],"wp:term":[{"taxonomy":"product_brand","embeddable":true,"href":"https:\/\/becooltravel.com\/fr\/wp-json\/wp\/v2\/product_brand?post=5036"},{"taxonomy":"product_cat","embeddable":true,"href":"https:\/\/becooltravel.com\/fr\/wp-json\/wp\/v2\/product_cat?post=5036"},{"taxonomy":"product_tag","embeddable":true,"href":"https:\/\/becooltravel.com\/fr\/wp-json\/wp\/v2\/product_tag?post=5036"}],"curies":[{"name":"wp","href":"https:\/\/api.w.org\/{rel}","templated":true}]}}