{"id":5081,"date":"2020-06-02T16:47:03","date_gmt":"2020-06-02T16:47:03","guid":{"rendered":"https:\/\/becooltravel.com\/?post_type=product&#038;p=5081"},"modified":"2026-03-18T11:50:16","modified_gmt":"2026-03-18T11:50:16","slug":"albufeira-the-charming-central-algarve-55001sc","status":"publish","type":"product","link":"https:\/\/becooltravel.com\/fr\/produit\/albufeira-la-charme-central-algarve-55001sc\/","title":{"rendered":"Vacances en voiture \u00e0 Albufeira Central Algarve"},"content":{"rendered":"<p>Avec ce circuit touristique en voiture, vous explorerez de mani\u00e8re ind\u00e9pendante les diff\u00e9rents paysages de l&#039;Algarve central.<\/p>\n<p>Situ\u00e9 au c\u0153ur de la station baln\u00e9aire la plus c\u00e9l\u00e8bre du Portugal, Albufeira, vous irez bien au-del\u00e0 des belles plages et de la vie nocturne anim\u00e9e.<\/p>\n<p>Votre road trip vous fera d\u00e9couvrir de charmants villages en bord de mer et \u00e0 travers les chemins d&#039;une campagne moins connue.<\/p>\n<div id=\"attachment_1826\" style=\"width: 1034px\" class=\"wp-caption alignnone\"><img data-recalc-dims=\"1\" decoding=\"async\" aria-describedby=\"caption-attachment-1826\" class=\"wp-image-1826 size-large\" src=\"https:\/\/i0.wp.com\/legendatours.net\/wp-content\/uploads\/2020\/03\/ria_formosa_east_algarve-1024x685.jpg?resize=1024%2C685&#038;ssl=1\" alt=\"Marcher La beaut\u00e9 de la Ria Formosa\" width=\"1024\" height=\"685\" \/><p id=\"caption-attachment-1826\" class=\"wp-caption-text\">La beaut\u00e9 de la Ria Formosa, un syst\u00e8me naturel de la c\u00f4te de l&#039;Algarve, est l&#039;une des flores et faunes les plus riches d&#039;Europe.<\/p><\/div>\n<p>Pour compl\u00e9ter votre voyage, un itin\u00e9raire vous attend dans l&#039;Est de l&#039;Algarve, \u00e0 la rencontre des paysages impressionnants de la Ria Formosa !<\/p>\n<p>Partout en Algarve, les contrastes sont pr\u00e9sents partout, des villes qui abritent encore des p\u00eacheurs aux centres internationaux avec des boutiques cosmopolites et des nuits pleines de musique et de belles personnes.<\/p>\n<p>Des grandes villas en bord de mer aux modestes maisons blanchies \u00e0 la chaux, pav\u00e9es de pierres centenaires, \u00e0 c\u00f4t\u00e9 de routes pav\u00e9es serpentant \u00e0 travers des champs sans fin.<\/p>\n<p>Depuis la cosmopolite Albufeira construite par les Arabes, vous vous rendrez \u00e0 Ferreiras, \u00e0 quelques kilom\u00e8tres seulement. La diff\u00e9rence est frappante. Ici, les maisons ont conserv\u00e9 les chemin\u00e9es typiques, les parapets cachent les terrasses o\u00f9 l&#039;on s\u00e8che les figues, et on trouve des moulins \u00e0 vent et des roues hydrauliques.<\/p>\n<p>\u00c0 Vilamoura, au-del\u00e0 des terrains de golf et des maisons \u00e9l\u00e9gantes, il y a un parc environnemental qui repr\u00e9sente, ch\u00e9rit et prot\u00e8ge la faune et la flore locales.<br \/>\nNous vous emm\u00e8nerons \u00e0 Rocha da Pena, un havre de vie pour les oiseaux et les plantes, avec une vue imprenable sur l&#039;oc\u00e9an. Nous vous montrerons Queren\u00e7a, telle que nous la connaissons. Son nom signifie affection, amour, bonne volont\u00e9.<\/p>\n<div id=\"attachment_2368\" style=\"width: 1034px\" class=\"wp-caption alignnone\"><img data-recalc-dims=\"1\" decoding=\"async\" aria-describedby=\"caption-attachment-2368\" class=\"wp-image-2368 size-large\" src=\"https:\/\/i0.wp.com\/legendatours.net\/wp-content\/uploads\/2020\/06\/Albufeira_lovely_beaches-1024x683.jpg?resize=1024%2C683&#038;ssl=1\" alt=\"Belles plages d&#039;Albufeira\" width=\"1024\" height=\"683\" \/><p id=\"caption-attachment-2368\" class=\"wp-caption-text\">Albufeira, belles plages. Albufeira a pr\u00e8s de 30 km de c\u00f4te et c&#039;est la commune portugaise avec le plus de plages au drapeau bleu<\/p><\/div>\n<p>Nous vous expliquerons d&#039;o\u00f9 viennent certains des meilleurs li\u00e8ges du monde, dans un mus\u00e9e surprenant au c\u0153ur de S\u00e3o Br\u00e1s de Alportel, dans les collines.<\/p>\n<p>Nous partagerons la connaissance et la beaut\u00e9 de la Ria Formosa, ex-libris de l&#039;Algarve de l&#039;Est, abritant une faune exquise et unique, prot\u00e9g\u00e9e par une r\u00e9serve naturelle.<\/p>\n<p>Visitez Moncarapacho et d\u00e9couvrez les souvenirs traditionnels fabriqu\u00e9s \u00e0 la main par la poterie locale.<\/p>\n<p>Ne perdez pas l&#039;occasion de profiter de la vue depuis le Cerro de S\u00e3o Miguel et de d\u00e9couvrir la merveilleuse faune et la flore de cette partie de la c\u00f4te de l&#039;Algarve \u00e0 Quinta de Marim.<\/p>\n<p>Ne manquez pas les exquis plats r\u00e9gionaux, de la mer et de la terre, accompagn\u00e9s d&#039;excellents vins portugais.<br \/>\nLaissez-nous vous montrer les meilleurs endroits de l&#039;Algarve central et emportez avec vous une autre facette de ce pays accueillant !<\/p>\n<div class=\"row\" style=\"display: flex;\">\n<div class=\"column\" style=\"flex: 45%;\"><\/div>\n<div class=\"column\" style=\"flex: 10%;\"><\/div>\n<div class=\"column\" style=\"flex: 45%;\"><\/div>\n<\/div>","protected":false},"excerpt":{"rendered":"<p>Avec ce circuit touristique en voiture, vous explorerez de mani\u00e8re ind\u00e9pendante les diff\u00e9rents paysages de l&#039;Algarve central.<\/p>\n<p>Situ\u00e9 au c\u0153ur de la station baln\u00e9aire la plus c\u00e9l\u00e8bre du Portugal, Albufeira, vous irez bien au-del\u00e0 des belles plages et de la vie nocturne anim\u00e9e.<\/p>\n<p>Votre road trip vous fera d\u00e9couvrir de charmants villages en bord de mer et \u00e0 travers les chemins d&#039;une campagne moins connue.<\/p>\n<p>Pour compl\u00e9ter votre voyage, un itin\u00e9raire vous attend dans l&#039;Est de l&#039;Algarve, \u00e0 la rencontre des paysages impressionnants de la Ria Formosa !<\/p>","protected":false},"featured_media":5099,"comment_status":"closed","ping_status":"closed","template":"","meta":{"_acf_changed":false,"inline_featured_image":false},"product_brand":[],"product_cat":[673,336,327],"product_tag":[530,633,440,1053,531,640,874,889,875,876,798,557,784,785,890,714,877,827,800,1054,878,802,880,891,478,882,790,818,819,892,636,893,884,1055,872,322,856,720,909,721,609,1056,1057,886,834,821,894,887,1058,1059,888,793],"class_list":{"0":"post-5081","1":"product","2":"type-product","3":"status-publish","4":"has-post-thumbnail","6":"product_cat-self-drive-holidays-portugal","7":"product_cat-self-guided-sightseeing-holidays-in-portugal","8":"product_cat-self-guided-tours-portugal","9":"product_tag-albufeira","10":"product_tag-albufeira-beautiful-historic-centre","11":"product_tag-algarve-coast","12":"product_tag-alleine-reisen","13":"product_tag-beaches-of-albufeira","14":"product_tag-beautiful-landscapes-albufeira","15":"product_tag-central-algarve","16":"product_tag-cerro-de-sao-miguel","17":"product_tag-coastal","18":"product_tag-colours","19":"product_tag-countryside","20":"product_tag-crafted-self-guided-tour","21":"product_tag-culture","22":"product_tag-delicious-food","23":"product_tag-ferreiras","24":"product_tag-fly-drive","25":"product_tag-hills","26":"product_tag-historic-centre","27":"product_tag-history","28":"product_tag-individuelle-touren","29":"product_tag-landscape","30":"product_tag-lush-green-hills","31":"product_tag-market","32":"product_tag-moncarapacho","33":"product_tag-natural-park","34":"product_tag-parapets","35":"product_tag-picturesque-landscapes","36":"product_tag-protected-area","37":"product_tag-quartzite-elevations","38":"product_tag-quinta-de-marim","39":"product_tag-relaxation-albufeira","40":"product_tag-rocha-da-pena-querenca","41":"product_tag-secluded-beaches","42":"product_tag-sejour-en-liberte","43":"product_tag-self-drive-holiday","44":"product_tag-self-guided","45":"product_tag-self-guided-holiday","46":"product_tag-self-guided-holidays","47":"product_tag-self-guided-sightseeing","48":"product_tag-self-guided-tours","49":"product_tag-sightseeing","50":"product_tag-solo-reisen","51":"product_tag-tours-autoguidees","52":"product_tag-traditions","53":"product_tag-undulating-plains","54":"product_tag-valleys","55":"product_tag-vilamoura","56":"product_tag-village","57":"product_tag-voyage-en-liberte","58":"product_tag-voyages-en-autonomie","59":"product_tag-white-washed-houses","60":"product_tag-wines","62":"first","63":"instock","64":"virtual","65":"product-type-simple"},"acf":[],"yoast_head":"<!-- This site is optimized with the Yoast SEO Premium plugin v26.8 (Yoast SEO v27.4) - https:\/\/yoast.com\/product\/yoast-seo-premium-wordpress\/ -->\n<title>Self-Drive Holiday in Albufeira Central Algarve<\/title>\n<meta name=\"description\" content=\"Self-Drive sightseeing tour, explore independently the different landscapes of the Algarve. Based in the most famous resort of Portugal, Albufeira\" \/>\n<meta name=\"robots\" content=\"index, follow, max-snippet:-1, max-image-preview:large, max-video-preview:-1\" \/>\n<link rel=\"canonical\" href=\"https:\/\/becooltravel.com\/fr\/produit\/albufeira-la-charme-central-algarve-55001sc\/\" \/>\n<meta property=\"og:locale\" content=\"fr_FR\" \/>\n<meta property=\"og:type\" content=\"article\" \/>\n<meta property=\"og:title\" content=\"Self-Drive sightseeing tour, explore independently the different landscapes of the Algarve. Based in the most famous resort of Portugal, Albufeira\" \/>\n<meta property=\"og:description\" content=\"From the cosmopolitan Albufeira built by the Arabs, you\u2019ll travel to Ferreiras, just a few miles away. The difference is striking. Here the houses still have the typical chimneys, parapets hiding terraces where figs are dried, and you find windmills and waterwheels.In Vilamoura, past the golf courses and elegant houses, there\u2019s an Environmental Park that represents, cherishes and protects the local fauna and flora.We\u2019ll take you to Rocha da Pena, a haven of life for birds and plants, with stunning views over the ocean. We\u2019ll show you Queren\u00e7a, the way we know it. Its name means affection, love, goodwill.\" \/>\n<meta property=\"og:url\" content=\"https:\/\/becooltravel.com\/fr\/produit\/albufeira-la-charme-central-algarve-55001sc\/\" \/>\n<meta property=\"og:site_name\" content=\"BeCool Travel\" \/>\n<meta property=\"article:publisher\" content=\"https:\/\/www.facebook.com\/becooltravelagency\/\" \/>\n<meta property=\"article:modified_time\" content=\"2026-03-18T11:50:16+00:00\" \/>\n<meta property=\"og:image\" content=\"https:\/\/becooltravel.com\/wp-content\/uploads\/sites\/5\/2020\/06\/Albufeira_lovely_beaches.jpg\" \/>\n\t<meta property=\"og:image:width\" content=\"1600\" \/>\n\t<meta property=\"og:image:height\" content=\"1067\" \/>\n\t<meta property=\"og:image:type\" content=\"image\/jpeg\" \/>\n<meta name=\"twitter:card\" content=\"summary_large_image\" \/>\n<meta name=\"twitter:title\" content=\"Self-Drive sightseeing tour, explore independently the different landscapes of the Algarve. Based in the most famous resort of Portugal, Albufeira\" \/>\n<meta name=\"twitter:description\" content=\"Your road trip will introduce you to lovely villages along the seashore and through the ways of the less-known countryside.To round up your trip, you have an itinerary to the East Algarve, to meet the impressive landscapes of the Ria Formosa!\" \/>\n<meta name=\"twitter:image\" content=\"https:\/\/i0.wp.com\/becooltravel.com\/wp-content\/uploads\/sites\/5\/2020\/06\/Albufeira_lovely_beaches.jpg?fit=1600%2C1067&ssl=1\" \/>\n<meta name=\"twitter:site\" content=\"@becool_travel\" \/>\n<meta name=\"twitter:label1\" content=\"Dur\u00e9e de lecture estim\u00e9e\" \/>\n\t<meta name=\"twitter:data1\" content=\"3 minutes\" \/>\n<script type=\"application\/ld+json\" class=\"yoast-schema-graph\">{\"@context\":\"https:\\\/\\\/schema.org\",\"@graph\":[{\"@type\":[\"WebPage\",\"ItemPage\"],\"@id\":\"https:\\\/\\\/becooltravel.com\\\/product\\\/albufeira-the-charming-central-algarve-55001sc\\\/\",\"url\":\"https:\\\/\\\/becooltravel.com\\\/product\\\/albufeira-the-charming-central-algarve-55001sc\\\/\",\"name\":\"Self-Drive Holiday in Albufeira Central Algarve\",\"isPartOf\":{\"@id\":\"https:\\\/\\\/becooltravel.com\\\/#website\"},\"primaryImageOfPage\":{\"@id\":\"https:\\\/\\\/becooltravel.com\\\/product\\\/albufeira-the-charming-central-algarve-55001sc\\\/#primaryimage\"},\"image\":{\"@id\":\"https:\\\/\\\/becooltravel.com\\\/product\\\/albufeira-the-charming-central-algarve-55001sc\\\/#primaryimage\"},\"thumbnailUrl\":\"https:\\\/\\\/i0.wp.com\\\/becooltravel.com\\\/wp-content\\\/uploads\\\/sites\\\/5\\\/2020\\\/06\\\/Albufeira_lovely_beaches.jpg?fit=1600%2C1067&ssl=1\",\"datePublished\":\"2020-06-02T16:47:03+00:00\",\"dateModified\":\"2026-03-18T11:50:16+00:00\",\"description\":\"Self-Drive sightseeing tour, explore independently the different landscapes of the Algarve. Based in the most famous resort of Portugal, Albufeira\",\"breadcrumb\":{\"@id\":\"https:\\\/\\\/becooltravel.com\\\/product\\\/albufeira-the-charming-central-algarve-55001sc\\\/#breadcrumb\"},\"inLanguage\":\"fr-FR\",\"potentialAction\":[{\"@type\":\"ReadAction\",\"target\":[\"https:\\\/\\\/becooltravel.com\\\/product\\\/albufeira-the-charming-central-algarve-55001sc\\\/\"]}]},{\"@type\":\"ImageObject\",\"inLanguage\":\"fr-FR\",\"@id\":\"https:\\\/\\\/becooltravel.com\\\/product\\\/albufeira-the-charming-central-algarve-55001sc\\\/#primaryimage\",\"url\":\"https:\\\/\\\/i0.wp.com\\\/becooltravel.com\\\/wp-content\\\/uploads\\\/sites\\\/5\\\/2020\\\/06\\\/Albufeira_lovely_beaches.jpg?fit=1600%2C1067&ssl=1\",\"contentUrl\":\"https:\\\/\\\/i0.wp.com\\\/becooltravel.com\\\/wp-content\\\/uploads\\\/sites\\\/5\\\/2020\\\/06\\\/Albufeira_lovely_beaches.jpg?fit=1600%2C1067&ssl=1\",\"width\":1600,\"height\":1067,\"caption\":\"Albufeira lovely beaches\"},{\"@type\":\"BreadcrumbList\",\"@id\":\"https:\\\/\\\/becooltravel.com\\\/product\\\/albufeira-the-charming-central-algarve-55001sc\\\/#breadcrumb\",\"itemListElement\":[{\"@type\":\"ListItem\",\"position\":1,\"name\":\"Home\",\"item\":\"https:\\\/\\\/becooltravel.com\\\/\"},{\"@type\":\"ListItem\",\"position\":2,\"name\":\"Shop\",\"item\":\"https:\\\/\\\/becooltravel.com\\\/?page_id=5\"},{\"@type\":\"ListItem\",\"position\":3,\"name\":\"Albufeira Algarve Portugal\",\"item\":\"https:\\\/\\\/becooltravel.com\\\/da\\\/produkt-tag-6\\\/albufeira\\\/\"},{\"@type\":\"ListItem\",\"position\":4,\"name\":\"Self-Drive sightseeing tour, explore independently the different landscapes of the Algarve. Based in the most famous resort of Portugal, Albufeira\"}]},{\"@type\":\"WebSite\",\"@id\":\"https:\\\/\\\/becooltravel.com\\\/#website\",\"url\":\"https:\\\/\\\/becooltravel.com\\\/\",\"name\":\"BeCool Travel\",\"description\":\"Sustainable holidays in Portugal for independent travelers\",\"publisher\":{\"@id\":\"https:\\\/\\\/becooltravel.com\\\/#organization\"},\"potentialAction\":[{\"@type\":\"SearchAction\",\"target\":{\"@type\":\"EntryPoint\",\"urlTemplate\":\"https:\\\/\\\/becooltravel.com\\\/?s={search_term_string}\"},\"query-input\":{\"@type\":\"PropertyValueSpecification\",\"valueRequired\":true,\"valueName\":\"search_term_string\"}}],\"inLanguage\":\"fr-FR\"},{\"@type\":\"Organization\",\"@id\":\"https:\\\/\\\/becooltravel.com\\\/#organization\",\"name\":\"BecoolTravel. com- Portugal\",\"url\":\"https:\\\/\\\/becooltravel.com\\\/\",\"logo\":{\"@type\":\"ImageObject\",\"inLanguage\":\"fr-FR\",\"@id\":\"https:\\\/\\\/becooltravel.com\\\/#\\\/schema\\\/logo\\\/image\\\/\",\"url\":\"https:\\\/\\\/becooltravel.com\\\/wp-content\\\/uploads\\\/sites\\\/5\\\/2020\\\/03\\\/Logo_BeCool.jpg\",\"contentUrl\":\"https:\\\/\\\/becooltravel.com\\\/wp-content\\\/uploads\\\/sites\\\/5\\\/2020\\\/03\\\/Logo_BeCool.jpg\",\"width\":534,\"height\":534,\"caption\":\"BecoolTravel. com- Portugal\"},\"image\":{\"@id\":\"https:\\\/\\\/becooltravel.com\\\/#\\\/schema\\\/logo\\\/image\\\/\"},\"sameAs\":[\"https:\\\/\\\/www.facebook.com\\\/becooltravelagency\\\/\",\"https:\\\/\\\/x.com\\\/becool_travel\",\"https:\\\/\\\/www.instagram.com\\\/becooltravel_com\\\/\",\"https:\\\/\\\/www.linkedin.com\\\/company\\\/becool-travel\\\/\",\"https:\\\/\\\/www.youtube.com\\\/channel\\\/UCE7zRU3EVG1PgfXwQo-5uJw\"]}]}<\/script>\n<!-- \/ Yoast SEO Premium plugin. -->","yoast_head_json":{"title":"Vacances en voiture \u00e0 Albufeira Central Algarve","description":"Circuit touristique en voiture, explorez de mani\u00e8re ind\u00e9pendante les diff\u00e9rents paysages de l&#039;Algarve. Bas\u00e9 dans la station baln\u00e9aire la plus c\u00e9l\u00e8bre du Portugal, Albufeira","robots":{"index":"index","follow":"follow","max-snippet":"max-snippet:-1","max-image-preview":"max-image-preview:large","max-video-preview":"max-video-preview:-1"},"canonical":"https:\/\/becooltravel.com\/fr\/produit\/albufeira-la-charme-central-algarve-55001sc\/","og_locale":"fr_FR","og_type":"article","og_title":"Self-Drive sightseeing tour, explore independently the different landscapes of the Algarve. Based in the most famous resort of Portugal, Albufeira","og_description":"From the cosmopolitan Albufeira built by the Arabs, you\u2019ll travel to Ferreiras, just a few miles away. The difference is striking. Here the houses still have the typical chimneys, parapets hiding terraces where figs are dried, and you find windmills and waterwheels.In Vilamoura, past the golf courses and elegant houses, there\u2019s an Environmental Park that represents, cherishes and protects the local fauna and flora.We\u2019ll take you to Rocha da Pena, a haven of life for birds and plants, with stunning views over the ocean. We\u2019ll show you Queren\u00e7a, the way we know it. Its name means affection, love, goodwill.","og_url":"https:\/\/becooltravel.com\/fr\/produit\/albufeira-la-charme-central-algarve-55001sc\/","og_site_name":"BeCool Travel","article_publisher":"https:\/\/www.facebook.com\/becooltravelagency\/","article_modified_time":"2026-03-18T11:50:16+00:00","og_image":[{"width":1600,"height":1067,"url":"https:\/\/becooltravel.com\/wp-content\/uploads\/sites\/5\/2020\/06\/Albufeira_lovely_beaches.jpg","type":"image\/jpeg"}],"twitter_card":"summary_large_image","twitter_title":"Self-Drive sightseeing tour, explore independently the different landscapes of the Algarve. Based in the most famous resort of Portugal, Albufeira","twitter_description":"Your road trip will introduce you to lovely villages along the seashore and through the ways of the less-known countryside.To round up your trip, you have an itinerary to the East Algarve, to meet the impressive landscapes of the Ria Formosa!","twitter_image":"https:\/\/i0.wp.com\/becooltravel.com\/wp-content\/uploads\/sites\/5\/2020\/06\/Albufeira_lovely_beaches.jpg?fit=1600%2C1067&ssl=1","twitter_site":"@becool_travel","twitter_misc":{"Dur\u00e9e de lecture estim\u00e9e":"3 minutes"},"schema":{"@context":"https:\/\/schema.org","@graph":[{"@type":["WebPage","ItemPage"],"@id":"https:\/\/becooltravel.com\/product\/albufeira-the-charming-central-algarve-55001sc\/","url":"https:\/\/becooltravel.com\/product\/albufeira-the-charming-central-algarve-55001sc\/","name":"Vacances en voiture \u00e0 Albufeira Central Algarve","isPartOf":{"@id":"https:\/\/becooltravel.com\/#website"},"primaryImageOfPage":{"@id":"https:\/\/becooltravel.com\/product\/albufeira-the-charming-central-algarve-55001sc\/#primaryimage"},"image":{"@id":"https:\/\/becooltravel.com\/product\/albufeira-the-charming-central-algarve-55001sc\/#primaryimage"},"thumbnailUrl":"https:\/\/i0.wp.com\/becooltravel.com\/wp-content\/uploads\/sites\/5\/2020\/06\/Albufeira_lovely_beaches.jpg?fit=1600%2C1067&ssl=1","datePublished":"2020-06-02T16:47:03+00:00","dateModified":"2026-03-18T11:50:16+00:00","description":"Circuit touristique en voiture, explorez de mani\u00e8re ind\u00e9pendante les diff\u00e9rents paysages de l&#039;Algarve. Bas\u00e9 dans la station baln\u00e9aire la plus c\u00e9l\u00e8bre du Portugal, Albufeira","breadcrumb":{"@id":"https:\/\/becooltravel.com\/product\/albufeira-the-charming-central-algarve-55001sc\/#breadcrumb"},"inLanguage":"fr-FR","potentialAction":[{"@type":"ReadAction","target":["https:\/\/becooltravel.com\/product\/albufeira-the-charming-central-algarve-55001sc\/"]}]},{"@type":"ImageObject","inLanguage":"fr-FR","@id":"https:\/\/becooltravel.com\/product\/albufeira-the-charming-central-algarve-55001sc\/#primaryimage","url":"https:\/\/i0.wp.com\/becooltravel.com\/wp-content\/uploads\/sites\/5\/2020\/06\/Albufeira_lovely_beaches.jpg?fit=1600%2C1067&ssl=1","contentUrl":"https:\/\/i0.wp.com\/becooltravel.com\/wp-content\/uploads\/sites\/5\/2020\/06\/Albufeira_lovely_beaches.jpg?fit=1600%2C1067&ssl=1","width":1600,"height":1067,"caption":"Albufeira lovely beaches"},{"@type":"BreadcrumbList","@id":"https:\/\/becooltravel.com\/product\/albufeira-the-charming-central-algarve-55001sc\/#breadcrumb","itemListElement":[{"@type":"ListItem","position":1,"name":"Home","item":"https:\/\/becooltravel.com\/"},{"@type":"ListItem","position":2,"name":"Shop","item":"https:\/\/becooltravel.com\/?page_id=5"},{"@type":"ListItem","position":3,"name":"Albufeira Algarve Portugal","item":"https:\/\/becooltravel.com\/da\/produkt-tag-6\/albufeira\/"},{"@type":"ListItem","position":4,"name":"Self-Drive sightseeing tour, explore independently the different landscapes of the Algarve. Based in the most famous resort of Portugal, Albufeira"}]},{"@type":"WebSite","@id":"https:\/\/becooltravel.com\/#website","url":"https:\/\/becooltravel.com\/","name":"Voyage BeCool","description":"Des vacances durables au Portugal pour les voyageurs ind\u00e9pendants","publisher":{"@id":"https:\/\/becooltravel.com\/#organization"},"potentialAction":[{"@type":"SearchAction","target":{"@type":"EntryPoint","urlTemplate":"https:\/\/becooltravel.com\/?s={search_term_string}"},"query-input":{"@type":"PropertyValueSpecification","valueRequired":true,"valueName":"search_term_string"}}],"inLanguage":"fr-FR"},{"@type":"Organization","@id":"https:\/\/becooltravel.com\/#organization","name":"BecoolTravel. com- Portugal","url":"https:\/\/becooltravel.com\/","logo":{"@type":"ImageObject","inLanguage":"fr-FR","@id":"https:\/\/becooltravel.com\/#\/schema\/logo\/image\/","url":"https:\/\/becooltravel.com\/wp-content\/uploads\/sites\/5\/2020\/03\/Logo_BeCool.jpg","contentUrl":"https:\/\/becooltravel.com\/wp-content\/uploads\/sites\/5\/2020\/03\/Logo_BeCool.jpg","width":534,"height":534,"caption":"BecoolTravel. com- Portugal"},"image":{"@id":"https:\/\/becooltravel.com\/#\/schema\/logo\/image\/"},"sameAs":["https:\/\/www.facebook.com\/becooltravelagency\/","https:\/\/x.com\/becool_travel","https:\/\/www.instagram.com\/becooltravel_com\/","https:\/\/www.linkedin.com\/company\/becool-travel\/","https:\/\/www.youtube.com\/channel\/UCE7zRU3EVG1PgfXwQo-5uJw"]}]}},"jetpack_sharing_enabled":true,"_links":{"self":[{"href":"https:\/\/becooltravel.com\/fr\/wp-json\/wp\/v2\/product\/5081","targetHints":{"allow":["GET"]}}],"collection":[{"href":"https:\/\/becooltravel.com\/fr\/wp-json\/wp\/v2\/product"}],"about":[{"href":"https:\/\/becooltravel.com\/fr\/wp-json\/wp\/v2\/types\/product"}],"replies":[{"embeddable":true,"href":"https:\/\/becooltravel.com\/fr\/wp-json\/wp\/v2\/comments?post=5081"}],"wp:featuredmedia":[{"embeddable":true,"href":"https:\/\/becooltravel.com\/fr\/wp-json\/wp\/v2\/media\/5099"}],"wp:attachment":[{"href":"https:\/\/becooltravel.com\/fr\/wp-json\/wp\/v2\/media?parent=5081"}],"wp:term":[{"taxonomy":"product_brand","embeddable":true,"href":"https:\/\/becooltravel.com\/fr\/wp-json\/wp\/v2\/product_brand?post=5081"},{"taxonomy":"product_cat","embeddable":true,"href":"https:\/\/becooltravel.com\/fr\/wp-json\/wp\/v2\/product_cat?post=5081"},{"taxonomy":"product_tag","embeddable":true,"href":"https:\/\/becooltravel.com\/fr\/wp-json\/wp\/v2\/product_tag?post=5081"}],"curies":[{"name":"wp","href":"https:\/\/api.w.org\/{rel}","templated":true}]}}