{"id":5141,"date":"2020-06-09T13:54:24","date_gmt":"2020-06-09T13:54:24","guid":{"rendered":"https:\/\/becooltravel.com\/product\/escape-to-praia-da-rocha-4600pk\/"},"modified":"2026-03-18T12:29:57","modified_gmt":"2026-03-18T12:29:57","slug":"escape-to-praia-da-rocha-4600pk","status":"publish","type":"product","link":"https:\/\/becooltravel.com\/fr\/produit\/evasion-a-praia-da-rocha-4600pk-2\/","title":{"rendered":"\u00c9vadez-vous \u00e0 Praia Da Rocha"},"content":{"rendered":"<p>La vaste bande de sable de Praia da Rocha, entour\u00e9e de falaises d&#039;ocre et de Sienne br\u00fbl\u00e9e, est l&#039;un des sites les plus embl\u00e9matiques de l&#039;Algarve.<\/p>\n<p>C&#039;est un endroit id\u00e9al pour se pr\u00e9lasser sur la plage pendant la journ\u00e9e, d\u00e9guster de la bonne nourriture et du bon vin, et plus tard profiter de la nuit !<\/p>\n<p>R\u00e9servez votre s\u00e9jour pour passer des vacances reposantes dans cette charmante destination baln\u00e9aire, \u00e0 proximit\u00e9 d&#039;une vari\u00e9t\u00e9 de lieux d&#039;int\u00e9r\u00eat.<\/p>\n<p>Le Praia da Rocha est situ\u00e9 dans l&#039;ouest de l&#039;Algarve, pr\u00e8s de Portim\u00e3o. C&#039;est un lieu de vill\u00e9giature classique avec une plage exceptionnelle et une ambiance anim\u00e9e. Selon la saison, la ville attire des visiteurs diff\u00e9rents.<\/p>\n<div id=\"attachment_2435\" style=\"width: 1034px\" class=\"wp-caption alignnone\"><img data-recalc-dims=\"1\" decoding=\"async\" aria-describedby=\"caption-attachment-2435\" class=\"wp-image-2435 size-large\" src=\"https:\/\/i0.wp.com\/legendatours.net\/wp-content\/uploads\/2020\/06\/Praia_rocha_beach-1024x768.jpg?resize=1024%2C768&#038;ssl=1\" alt=\"Vacances \u00e0 la plage \u00e0 Praia da Rocha\" width=\"1024\" height=\"768\" \/><p id=\"caption-attachment-2435\" class=\"wp-caption-text\">Vacances \u00e0 la plage \u00e0 Praia da Rocha<\/p><\/div>\n<p>Pendant l&#039;\u00e9t\u00e9, Praia da Rocha est essentiellement une destination de vacances en famille, les enfants \u00e9tant les bienvenus presque partout et une ambiance g\u00e9n\u00e9rale d&#039;excitation, id\u00e9ale \u00e9galement pour les jeunes couples.<\/p>\n<p>En dehors de la haute saison touristique, vous trouverez une atmosph\u00e8re plus calme, qui s\u00e9duira une client\u00e8le plus mature, \u00e0 la recherche de vacances reposantes.<\/p>\n<p>Toutes sortes de divertissements sont disponibles \u00e0 Praia da Rocha, avec quelque chose pour tout le monde, y compris des excursions en bateau, des excursions d&#039;une journ\u00e9e, des parcs aquatiques, des parcs \u00e0 th\u00e8me et des sports sur la plage.<\/p>\n<p>Il y a des restaurants et des bars pour tous les go\u00fbts, et la vie nocturne est vari\u00e9e et int\u00e9ressante. Alors que l&#039;avenue principale regorge de bars \u00e0 th\u00e8me anim\u00e9s, de terrasses et d&#039;un casino, pr\u00e8s de la marina, vous trouverez une atmosph\u00e8re plus exclusive et \u00e0 la mode.<\/p>\n<p>Et bien que Praia da Rocha soit principalement une station baln\u00e9aire d&#039;\u00e9t\u00e9, dot\u00e9e d&#039;\u00e9quipements et d&#039;attractions touristiques, il y a du patrimoine et de la culture \u00e0 proximit\u00e9 !<\/p>\n<div id=\"attachment_2434\" style=\"width: 1034px\" class=\"wp-caption alignnone\"><img data-recalc-dims=\"1\" decoding=\"async\" aria-describedby=\"caption-attachment-2434\" class=\"wp-image-2434 size-large\" src=\"https:\/\/i0.wp.com\/legendatours.net\/wp-content\/uploads\/2020\/06\/Praia_-da_Rocha-1024x646.jpg?resize=1024%2C646&#038;ssl=1\" alt=\"Praia da Rocha\" width=\"1024\" height=\"646\" \/><p id=\"caption-attachment-2434\" class=\"wp-caption-text\">Praia da Rocha<\/p><\/div>\n<p>Vous pouvez visiter de charmantes villes historiques de l&#039;ouest de l&#039;Algarve, comme Lagos, la ville d&#039;o\u00f9 les D\u00e9couvertes ont commenc\u00e9, ou Silves, l&#039;ancienne capitale arabe de l&#039;Algarve, \u00e0 la campagne.<\/p>\n<p>Un peu plus loin, ne manquez pas les Monts de Monchique, pour un paysage plus calme et plus vert.<br \/>\nSi vous souhaitez explorer la c\u00f4te, une suggestion est la chapelle balay\u00e9e par les vents de Senhora da Rocha, dans un promontoire surplombant une jolie plage, \u00e0 30 minutes en voiture.<\/p>\n<p>Un autre point culminant est la belle Ria de Alvor, sur l&#039;estuaire de la rivi\u00e8re Arade. Vous pouvez passer une journ\u00e9e tranquille, loin de l&#039;agitation, dans ce riche havre de nature !<\/p>\n<p><iframe title=\"Algarve Visto do Ar - Concelho de Portim\u00e3o\" width=\"1080\" height=\"608\" src=\"https:\/\/www.youtube.com\/embed\/3oQNarcw8qo?feature=oembed\" frameborder=\"0\" allow=\"accelerometer; autoplay; clipboard-write; encrypted-media; gyroscope; picture-in-picture; web-share\" referrerpolicy=\"strict-origin-when-cross-origin\" allowfullscreen><\/iframe><\/p>","protected":false},"excerpt":{"rendered":"<p>La vaste bande de sable de Praia da Rocha, entour\u00e9e de falaises d&#039;ocre et de Sienne br\u00fbl\u00e9e, est l&#039;un des sites les plus embl\u00e9matiques de l&#039;Algarve.<\/p>\n<p>C&#039;est un endroit id\u00e9al pour se pr\u00e9lasser sur la plage pendant la journ\u00e9e, d\u00e9guster de la bonne nourriture et du bon vin, et plus tard profiter de la nuit !<\/p>\n<p>R\u00e9servez votre s\u00e9jour pour passer des vacances reposantes dans cette charmante destination baln\u00e9aire, \u00e0 proximit\u00e9 d&#039;une vari\u00e9t\u00e9 de lieux d&#039;int\u00e9r\u00eat.<\/p>","protected":false},"featured_media":5130,"comment_status":"closed","ping_status":"closed","template":"","meta":{"_acf_changed":false,"inline_featured_image":false},"product_brand":[],"product_cat":[333,329],"product_tag":[618,311,795,240,204,643,606,508,815,260,1286,607,1130,57,431,631,249,566,807,622,609,417,610,611,623,613],"class_list":{"0":"post-5141","1":"product","2":"type-product","3":"status-publish","4":"has-post-thumbnail","6":"product_cat-escape-4-days-tour-portugal","7":"product_cat-holiday-packs-tours-portugal","8":"product_tag-4-days-tour","9":"product_tag-algarve","10":"product_tag-alvor","11":"product_tag-alvor-estuary","12":"product_tag-cultural-heritage","13":"product_tag-family-holidays","14":"product_tag-gastronomy","15":"product_tag-gastronomy-and-wines","16":"product_tag-historic","17":"product_tag-history-and-heritage","18":"product_tag-holiday","19":"product_tag-holidays","20":"product_tag-holidays-in-the-algarve","21":"product_tag-lagos","22":"product_tag-monchique","23":"product_tag-night","24":"product_tag-portimao","25":"product_tag-praia-da-rocha","26":"product_tag-ria-de-alvor","27":"product_tag-sandy-beach","28":"product_tag-sightseeing","29":"product_tag-silves","30":"product_tag-spring","31":"product_tag-summer","32":"product_tag-sun-beach","33":"product_tag-sunny-days","35":"first","36":"instock","37":"virtual","38":"product-type-simple"},"acf":[],"yoast_head":"<!-- This site is optimized with the Yoast SEO Premium plugin v26.8 (Yoast SEO v27.5) - https:\/\/yoast.com\/product\/yoast-seo-premium-wordpress\/ -->\n<title>Escape to Praia Da Rocha<\/title>\n<meta name=\"description\" content=\"Escape to Praia Da Rocha It\u2019s an ideal place to lounge on the beach during the day, enjoy great food and wine, and later embrace the night!\" \/>\n<meta name=\"robots\" content=\"index, follow, max-snippet:-1, max-image-preview:large, max-video-preview:-1\" \/>\n<link rel=\"canonical\" href=\"https:\/\/becooltravel.com\/fr\/produit\/evasion-a-praia-da-rocha-4600pk-2\/\" \/>\n<meta property=\"og:locale\" content=\"fr_FR\" \/>\n<meta property=\"og:type\" content=\"article\" \/>\n<meta property=\"og:title\" content=\"Escape to Praia Da Rocha It\u2019s an ideal place to lounge on the beach during the day, enjoy great food and wine, and later embrace the night!\" \/>\n<meta property=\"og:description\" content=\"There are restaurants and bars for all tastes, and the nightlife is varied and interesting. While the main avenue is filled with buzzing themed bars, terraces, and a casino, near the marina you\u2019ll find a more exclusive and fashionable atmosphere.And although Praia da Rocha is mainly a summer season resort, build with tourist facilities and attractions, there are heritage and culture nearby!\" \/>\n<meta property=\"og:url\" content=\"https:\/\/becooltravel.com\/fr\/produit\/evasion-a-praia-da-rocha-4600pk-2\/\" \/>\n<meta property=\"og:site_name\" content=\"BeCool Travel\" \/>\n<meta property=\"article:publisher\" content=\"https:\/\/www.facebook.com\/becooltravelagency\/\" \/>\n<meta property=\"article:modified_time\" content=\"2026-03-18T12:29:57+00:00\" \/>\n<meta property=\"og:image\" content=\"https:\/\/becooltravel.com\/wp-content\/uploads\/sites\/5\/2020\/06\/Praia_Rocha.jpg\" \/>\n\t<meta property=\"og:image:width\" content=\"1200\" \/>\n\t<meta property=\"og:image:height\" content=\"792\" \/>\n\t<meta property=\"og:image:type\" content=\"image\/jpeg\" \/>\n<meta name=\"twitter:card\" content=\"summary_large_image\" \/>\n<meta name=\"twitter:title\" content=\"Escape to Praia Da Rocha It\u2019s an ideal place to lounge on the beach during the day, enjoy great food and wine, and later embrace the night!\" \/>\n<meta name=\"twitter:description\" content=\"You can visit charming historic cities in the West Algarve, like Lagos, the town from where the Discoveries started, or Silves, the once Arab capital of the Algarve, in the countryside.A bit further away, don\u2019t miss the Monchique Mountains, for a calmer, greener landscape.If you wish to explore the coast, a suggestion is the windswept chapel of Senhora da Rocha, in a promontory overlooking a pretty beach, a 30-minute drive away.\" \/>\n<meta name=\"twitter:image\" content=\"https:\/\/i0.wp.com\/becooltravel.com\/wp-content\/uploads\/sites\/5\/2020\/06\/Praia_Rocha.jpg?fit=1200%2C792&ssl=1\" \/>\n<meta name=\"twitter:site\" content=\"@becool_travel\" \/>\n<meta name=\"twitter:label1\" content=\"Dur\u00e9e de lecture estim\u00e9e\" \/>\n\t<meta name=\"twitter:data1\" content=\"3 minutes\" \/>\n<script type=\"application\/ld+json\" class=\"yoast-schema-graph\">{\"@context\":\"https:\\\/\\\/schema.org\",\"@graph\":[{\"@type\":[\"WebPage\",\"ItemPage\"],\"@id\":\"https:\\\/\\\/becooltravel.com\\\/product\\\/escape-to-praia-da-rocha-4600pk\\\/\",\"url\":\"https:\\\/\\\/becooltravel.com\\\/product\\\/escape-to-praia-da-rocha-4600pk\\\/\",\"name\":\"Escape to Praia Da Rocha\",\"isPartOf\":{\"@id\":\"https:\\\/\\\/becooltravel.com\\\/#website\"},\"primaryImageOfPage\":{\"@id\":\"https:\\\/\\\/becooltravel.com\\\/product\\\/escape-to-praia-da-rocha-4600pk\\\/#primaryimage\"},\"image\":{\"@id\":\"https:\\\/\\\/becooltravel.com\\\/product\\\/escape-to-praia-da-rocha-4600pk\\\/#primaryimage\"},\"thumbnailUrl\":\"https:\\\/\\\/i0.wp.com\\\/becooltravel.com\\\/wp-content\\\/uploads\\\/sites\\\/5\\\/2020\\\/06\\\/Praia_Rocha.jpg?fit=1200%2C792&ssl=1\",\"datePublished\":\"2020-06-09T13:54:24+00:00\",\"dateModified\":\"2026-03-18T12:29:57+00:00\",\"description\":\"Escape to Praia Da Rocha It\u2019s an ideal place to lounge on the beach during the day, enjoy great food and wine, and later embrace the night!\",\"breadcrumb\":{\"@id\":\"https:\\\/\\\/becooltravel.com\\\/product\\\/escape-to-praia-da-rocha-4600pk\\\/#breadcrumb\"},\"inLanguage\":\"fr-FR\",\"potentialAction\":[{\"@type\":\"ReadAction\",\"target\":[\"https:\\\/\\\/becooltravel.com\\\/product\\\/escape-to-praia-da-rocha-4600pk\\\/\"]}]},{\"@type\":\"ImageObject\",\"inLanguage\":\"fr-FR\",\"@id\":\"https:\\\/\\\/becooltravel.com\\\/product\\\/escape-to-praia-da-rocha-4600pk\\\/#primaryimage\",\"url\":\"https:\\\/\\\/i0.wp.com\\\/becooltravel.com\\\/wp-content\\\/uploads\\\/sites\\\/5\\\/2020\\\/06\\\/Praia_Rocha.jpg?fit=1200%2C792&ssl=1\",\"contentUrl\":\"https:\\\/\\\/i0.wp.com\\\/becooltravel.com\\\/wp-content\\\/uploads\\\/sites\\\/5\\\/2020\\\/06\\\/Praia_Rocha.jpg?fit=1200%2C792&ssl=1\",\"width\":1200,\"height\":792,\"caption\":\"Praia da Rocha\"},{\"@type\":\"BreadcrumbList\",\"@id\":\"https:\\\/\\\/becooltravel.com\\\/product\\\/escape-to-praia-da-rocha-4600pk\\\/#breadcrumb\",\"itemListElement\":[{\"@type\":\"ListItem\",\"position\":1,\"name\":\"Home\",\"item\":\"https:\\\/\\\/becooltravel.com\\\/\"},{\"@type\":\"ListItem\",\"position\":2,\"name\":\"Shop\",\"item\":\"https:\\\/\\\/becooltravel.com\\\/?page_id=5\"},{\"@type\":\"ListItem\",\"position\":3,\"name\":\"4 days tours and itineraries in Portugal\",\"item\":\"https:\\\/\\\/becooltravel.com\\\/product-tag\\\/4-days-tour\\\/\"},{\"@type\":\"ListItem\",\"position\":4,\"name\":\"Escape to Praia Da Rocha It\u2019s an ideal place to lounge on the beach during the day, enjoy great food and wine, and later embrace the night!\"}]},{\"@type\":\"WebSite\",\"@id\":\"https:\\\/\\\/becooltravel.com\\\/#website\",\"url\":\"https:\\\/\\\/becooltravel.com\\\/\",\"name\":\"BeCool Travel\",\"description\":\"Sustainable holidays in Portugal for independent travelers\",\"publisher\":{\"@id\":\"https:\\\/\\\/becooltravel.com\\\/#organization\"},\"potentialAction\":[{\"@type\":\"SearchAction\",\"target\":{\"@type\":\"EntryPoint\",\"urlTemplate\":\"https:\\\/\\\/becooltravel.com\\\/?s={search_term_string}\"},\"query-input\":{\"@type\":\"PropertyValueSpecification\",\"valueRequired\":true,\"valueName\":\"search_term_string\"}}],\"inLanguage\":\"fr-FR\"},{\"@type\":\"Organization\",\"@id\":\"https:\\\/\\\/becooltravel.com\\\/#organization\",\"name\":\"BecoolTravel. com- Portugal\",\"url\":\"https:\\\/\\\/becooltravel.com\\\/\",\"logo\":{\"@type\":\"ImageObject\",\"inLanguage\":\"fr-FR\",\"@id\":\"https:\\\/\\\/becooltravel.com\\\/#\\\/schema\\\/logo\\\/image\\\/\",\"url\":\"https:\\\/\\\/becooltravel.com\\\/wp-content\\\/uploads\\\/sites\\\/5\\\/2020\\\/03\\\/Logo_BeCool.jpg\",\"contentUrl\":\"https:\\\/\\\/becooltravel.com\\\/wp-content\\\/uploads\\\/sites\\\/5\\\/2020\\\/03\\\/Logo_BeCool.jpg\",\"width\":534,\"height\":534,\"caption\":\"BecoolTravel. com- Portugal\"},\"image\":{\"@id\":\"https:\\\/\\\/becooltravel.com\\\/#\\\/schema\\\/logo\\\/image\\\/\"},\"sameAs\":[\"https:\\\/\\\/www.facebook.com\\\/becooltravelagency\\\/\",\"https:\\\/\\\/x.com\\\/becool_travel\",\"https:\\\/\\\/www.instagram.com\\\/becooltravel_com\\\/\",\"https:\\\/\\\/www.linkedin.com\\\/company\\\/becool-travel\\\/\",\"https:\\\/\\\/www.youtube.com\\\/channel\\\/UCE7zRU3EVG1PgfXwQo-5uJw\"]}]}<\/script>\n<!-- \/ Yoast SEO Premium plugin. -->","yoast_head_json":{"title":"\u00c9vadez-vous \u00e0 Praia Da Rocha","description":"\u00c9vadez-vous \u00e0 Praia Da Rocha C&#039;est un endroit id\u00e9al pour se d\u00e9tendre sur la plage pendant la journ\u00e9e, d\u00e9guster de la bonne nourriture et du bon vin, et plus tard profiter de la nuit !","robots":{"index":"index","follow":"follow","max-snippet":"max-snippet:-1","max-image-preview":"max-image-preview:large","max-video-preview":"max-video-preview:-1"},"canonical":"https:\/\/becooltravel.com\/fr\/produit\/evasion-a-praia-da-rocha-4600pk-2\/","og_locale":"fr_FR","og_type":"article","og_title":"Escape to Praia Da Rocha It\u2019s an ideal place to lounge on the beach during the day, enjoy great food and wine, and later embrace the night!","og_description":"There are restaurants and bars for all tastes, and the nightlife is varied and interesting. While the main avenue is filled with buzzing themed bars, terraces, and a casino, near the marina you\u2019ll find a more exclusive and fashionable atmosphere.And although Praia da Rocha is mainly a summer season resort, build with tourist facilities and attractions, there are heritage and culture nearby!","og_url":"https:\/\/becooltravel.com\/fr\/produit\/evasion-a-praia-da-rocha-4600pk-2\/","og_site_name":"BeCool Travel","article_publisher":"https:\/\/www.facebook.com\/becooltravelagency\/","article_modified_time":"2026-03-18T12:29:57+00:00","og_image":[{"width":1200,"height":792,"url":"https:\/\/becooltravel.com\/wp-content\/uploads\/sites\/5\/2020\/06\/Praia_Rocha.jpg","type":"image\/jpeg"}],"twitter_card":"summary_large_image","twitter_title":"Escape to Praia Da Rocha It\u2019s an ideal place to lounge on the beach during the day, enjoy great food and wine, and later embrace the night!","twitter_description":"You can visit charming historic cities in the West Algarve, like Lagos, the town from where the Discoveries started, or Silves, the once Arab capital of the Algarve, in the countryside.A bit further away, don\u2019t miss the Monchique Mountains, for a calmer, greener landscape.If you wish to explore the coast, a suggestion is the windswept chapel of Senhora da Rocha, in a promontory overlooking a pretty beach, a 30-minute drive away.","twitter_image":"https:\/\/i0.wp.com\/becooltravel.com\/wp-content\/uploads\/sites\/5\/2020\/06\/Praia_Rocha.jpg?fit=1200%2C792&ssl=1","twitter_site":"@becool_travel","twitter_misc":{"Dur\u00e9e de lecture estim\u00e9e":"3 minutes"},"schema":{"@context":"https:\/\/schema.org","@graph":[{"@type":["WebPage","ItemPage"],"@id":"https:\/\/becooltravel.com\/product\/escape-to-praia-da-rocha-4600pk\/","url":"https:\/\/becooltravel.com\/product\/escape-to-praia-da-rocha-4600pk\/","name":"\u00c9vadez-vous \u00e0 Praia Da Rocha","isPartOf":{"@id":"https:\/\/becooltravel.com\/#website"},"primaryImageOfPage":{"@id":"https:\/\/becooltravel.com\/product\/escape-to-praia-da-rocha-4600pk\/#primaryimage"},"image":{"@id":"https:\/\/becooltravel.com\/product\/escape-to-praia-da-rocha-4600pk\/#primaryimage"},"thumbnailUrl":"https:\/\/i0.wp.com\/becooltravel.com\/wp-content\/uploads\/sites\/5\/2020\/06\/Praia_Rocha.jpg?fit=1200%2C792&ssl=1","datePublished":"2020-06-09T13:54:24+00:00","dateModified":"2026-03-18T12:29:57+00:00","description":"\u00c9vadez-vous \u00e0 Praia Da Rocha C&#039;est un endroit id\u00e9al pour se d\u00e9tendre sur la plage pendant la journ\u00e9e, d\u00e9guster de la bonne nourriture et du bon vin, et plus tard profiter de la nuit !","breadcrumb":{"@id":"https:\/\/becooltravel.com\/product\/escape-to-praia-da-rocha-4600pk\/#breadcrumb"},"inLanguage":"fr-FR","potentialAction":[{"@type":"ReadAction","target":["https:\/\/becooltravel.com\/product\/escape-to-praia-da-rocha-4600pk\/"]}]},{"@type":"ImageObject","inLanguage":"fr-FR","@id":"https:\/\/becooltravel.com\/product\/escape-to-praia-da-rocha-4600pk\/#primaryimage","url":"https:\/\/i0.wp.com\/becooltravel.com\/wp-content\/uploads\/sites\/5\/2020\/06\/Praia_Rocha.jpg?fit=1200%2C792&ssl=1","contentUrl":"https:\/\/i0.wp.com\/becooltravel.com\/wp-content\/uploads\/sites\/5\/2020\/06\/Praia_Rocha.jpg?fit=1200%2C792&ssl=1","width":1200,"height":792,"caption":"Praia da Rocha"},{"@type":"BreadcrumbList","@id":"https:\/\/becooltravel.com\/product\/escape-to-praia-da-rocha-4600pk\/#breadcrumb","itemListElement":[{"@type":"ListItem","position":1,"name":"Home","item":"https:\/\/becooltravel.com\/"},{"@type":"ListItem","position":2,"name":"Shop","item":"https:\/\/becooltravel.com\/?page_id=5"},{"@type":"ListItem","position":3,"name":"4 days tours and itineraries in Portugal","item":"https:\/\/becooltravel.com\/product-tag\/4-days-tour\/"},{"@type":"ListItem","position":4,"name":"Escape to Praia Da Rocha It\u2019s an ideal place to lounge on the beach during the day, enjoy great food and wine, and later embrace the night!"}]},{"@type":"WebSite","@id":"https:\/\/becooltravel.com\/#website","url":"https:\/\/becooltravel.com\/","name":"Voyage BeCool","description":"Des vacances durables au Portugal pour les voyageurs ind\u00e9pendants","publisher":{"@id":"https:\/\/becooltravel.com\/#organization"},"potentialAction":[{"@type":"SearchAction","target":{"@type":"EntryPoint","urlTemplate":"https:\/\/becooltravel.com\/?s={search_term_string}"},"query-input":{"@type":"PropertyValueSpecification","valueRequired":true,"valueName":"search_term_string"}}],"inLanguage":"fr-FR"},{"@type":"Organization","@id":"https:\/\/becooltravel.com\/#organization","name":"BecoolTravel. com- Portugal","url":"https:\/\/becooltravel.com\/","logo":{"@type":"ImageObject","inLanguage":"fr-FR","@id":"https:\/\/becooltravel.com\/#\/schema\/logo\/image\/","url":"https:\/\/becooltravel.com\/wp-content\/uploads\/sites\/5\/2020\/03\/Logo_BeCool.jpg","contentUrl":"https:\/\/becooltravel.com\/wp-content\/uploads\/sites\/5\/2020\/03\/Logo_BeCool.jpg","width":534,"height":534,"caption":"BecoolTravel. com- Portugal"},"image":{"@id":"https:\/\/becooltravel.com\/#\/schema\/logo\/image\/"},"sameAs":["https:\/\/www.facebook.com\/becooltravelagency\/","https:\/\/x.com\/becool_travel","https:\/\/www.instagram.com\/becooltravel_com\/","https:\/\/www.linkedin.com\/company\/becool-travel\/","https:\/\/www.youtube.com\/channel\/UCE7zRU3EVG1PgfXwQo-5uJw"]}]}},"jetpack_sharing_enabled":true,"_links":{"self":[{"href":"https:\/\/becooltravel.com\/fr\/wp-json\/wp\/v2\/product\/5141","targetHints":{"allow":["GET"]}}],"collection":[{"href":"https:\/\/becooltravel.com\/fr\/wp-json\/wp\/v2\/product"}],"about":[{"href":"https:\/\/becooltravel.com\/fr\/wp-json\/wp\/v2\/types\/product"}],"replies":[{"embeddable":true,"href":"https:\/\/becooltravel.com\/fr\/wp-json\/wp\/v2\/comments?post=5141"}],"wp:featuredmedia":[{"embeddable":true,"href":"https:\/\/becooltravel.com\/fr\/wp-json\/wp\/v2\/media\/5130"}],"wp:attachment":[{"href":"https:\/\/becooltravel.com\/fr\/wp-json\/wp\/v2\/media?parent=5141"}],"wp:term":[{"taxonomy":"product_brand","embeddable":true,"href":"https:\/\/becooltravel.com\/fr\/wp-json\/wp\/v2\/product_brand?post=5141"},{"taxonomy":"product_cat","embeddable":true,"href":"https:\/\/becooltravel.com\/fr\/wp-json\/wp\/v2\/product_cat?post=5141"},{"taxonomy":"product_tag","embeddable":true,"href":"https:\/\/becooltravel.com\/fr\/wp-json\/wp\/v2\/product_tag?post=5141"}],"curies":[{"name":"wp","href":"https:\/\/api.w.org\/{rel}","templated":true}]}}