{"id":5164,"date":"2020-06-12T10:27:28","date_gmt":"2020-06-12T10:27:28","guid":{"rendered":"https:\/\/becooltravel.com\/product\/escape-to-vilamoura-4700pk\/"},"modified":"2026-03-18T13:25:32","modified_gmt":"2026-03-18T13:25:32","slug":"escape-to-vilamoura-4700pk","status":"publish","type":"product","link":"https:\/\/becooltravel.com\/fr\/produit\/evasion-a-vilamoura-4700pk\/","title":{"rendered":"\u00c9vadez-vous \u00e0 Vilamoura"},"content":{"rendered":"<p>Vilamoura est une station baln\u00e9aire glamour construite \u00e0 partir de z\u00e9ro avec une seule chose en t\u00eate: les vacances!<\/p>\n<p>La vie \u00e0 Vilamoura tourne autour de la marina haut de gamme, bord\u00e9e d&#039;\u00e9l\u00e9gants yachts et, bien s\u00fbr, des plages, o\u00f9 vous serez g\u00e2t\u00e9 avec plus d&#039;installations de loisirs et de d\u00e9tente que vous pourriez demander!<\/p>\n<p>A proximit\u00e9, il y a des attractions culturelles, historiques et naturelles \u00e0 d\u00e9couvrir.<\/p>\n<div id=\"attachment_2461\" style=\"width: 1034px\" class=\"wp-caption alignnone\"><img data-recalc-dims=\"1\" decoding=\"async\" aria-describedby=\"caption-attachment-2461\" class=\"wp-image-2461 size-large\" src=\"https:\/\/i0.wp.com\/legendatours.net\/wp-content\/uploads\/2020\/06\/vilamoura_marina_boats-1024x683.jpg?resize=1024%2C683&#038;ssl=1\" alt=\"Bateaux de la marina de Vilamoura\" width=\"1024\" height=\"683\" \/><p id=\"caption-attachment-2461\" class=\"wp-caption-text\">Bateaux de la marina de Vilamoura<\/p><\/div>\n<p>Rempli de bars chics, de boutiques et de restaurants pour tous les go\u00fbts, la marina de Vilamoura est au c\u0153ur de la vie sociale anim\u00e9e de la station.<\/p>\n<p>En ce qui concerne les plages, dans les deux sens, vous tournez, il y a d&#039;\u00e9normes \u00e9tendues de sable dor\u00e9 avec des eaux chaudes au choix, offrant de nombreuses activit\u00e9s, dans et hors de l&#039;eau.<\/p>\n<p>Toutes avec un acc\u00e8s facile, ce qui signifie une bonne option pour les personnes \u00e0 mobilit\u00e9 r\u00e9duite, les plages ont les bars habituels avec des soir\u00e9es au coucher du soleil, des caf\u00e9s pour les repas et des rafra\u00eechissements, et des chaises longues et des parasols \u00e0 louer.<\/p>\n<p>Comme pr\u00e9vu, en \u00e9t\u00e9, les plages accessibles \u00e0 pied sont tr\u00e8s fr\u00e9quent\u00e9es. Mais il suffit de marcher un peu plus pour trouver un endroit confortable!<\/p>\n<div id=\"attachment_2449\" style=\"width: 1034px\" class=\"wp-caption alignnone\"><img data-recalc-dims=\"1\" decoding=\"async\" aria-describedby=\"caption-attachment-2449\" class=\"wp-image-2449 size-large\" src=\"https:\/\/i0.wp.com\/legendatours.net\/wp-content\/uploads\/2020\/06\/beach_vilamoura_holidays-1024x683.jpg?resize=1024%2C683&#038;ssl=1\" alt=\"Vacances \u00e0 la plage \u00e0 Vilamoura\" width=\"1024\" height=\"683\" \/><p id=\"caption-attachment-2449\" class=\"wp-caption-text\">Vacances \u00e0 la plage \u00e0 Vilamoura<\/p><\/div>\n<p>Vous ne serez pas d\u00e9\u00e7u de poser votre serviette \u00e0 Quarteira, Vale do Lobo, Falesia ou sur une autre plage anim\u00e9e \u00e0 proximit\u00e9, toutes r\u00e9compens\u00e9es par un drapeau bleu.<\/p>\n<p>Dans les environs, vous avez les ruines romaines d&#039;un village de p\u00eacheurs, avec des peintures murales et un complexe baln\u00e9aire.<\/p>\n<p>Au nord, il y a une zone prot\u00e9g\u00e9e de zones humides, id\u00e9ale pour les activit\u00e9s de nature et l&#039;observation des oiseaux.<\/p>\n<p>Vilamoura est une station baln\u00e9aire bien \u00e9quip\u00e9e avec toutes sortes d&#039;activit\u00e9s sportives, des c\u00e9l\u00e8bres terrains de golf aux courts de tennis ext\u00e9rieurs.<\/p>\n<div id=\"attachment_2457\" style=\"width: 1034px\" class=\"wp-caption alignnone\"><img data-recalc-dims=\"1\" decoding=\"async\" aria-describedby=\"caption-attachment-2457\" class=\"wp-image-2457 size-large\" src=\"https:\/\/i0.wp.com\/legendatours.net\/wp-content\/uploads\/2020\/06\/vilamoura_beach-1024x592.jpg?resize=1024%2C592&#038;ssl=1\" alt=\"Plage de Vilamoura\" width=\"1024\" height=\"592\" \/><p id=\"caption-attachment-2457\" class=\"wp-caption-text\">Plage de Vilamoura<\/p><\/div>\n<p>Une demi-heure de route vous emm\u00e8ne \u00e0 Faro, la capitale de l&#039;Algarve, o\u00f9 vous trouverez une petite mais jolie vieille ville, avec des nids de cigognes sur les toits \u00e0 pointes. De la tour de la cath\u00e9drale, vous avez une vue fantastique sur la ville et la Ria Formosa.<\/p>\n<p>\u00c0 peu pr\u00e8s au m\u00eame moment vous emm\u00e8ne \u00e0 Loul\u00e9, dans les montagnes, pour une perspective compl\u00e8tement diff\u00e9rente de l&#039;Algarve. Visitez le ch\u00e2teau du XIIIe si\u00e8cle et le march\u00e9 de producteurs anim\u00e9.<\/p>\n<p>Quelle que soit la p\u00e9riode de l&#039;ann\u00e9e que vous avez choisie pour visiter Vilamoura, vous y trouverez une exp\u00e9rience agr\u00e9able et int\u00e9ressante, avec des plages de classe mondiale et beaucoup de plaisir!<\/p>","protected":false},"excerpt":{"rendered":"<p>Vilamoura est une station baln\u00e9aire glamour construite \u00e0 partir de z\u00e9ro avec une seule chose en t\u00eate: les vacances!<\/p>\n<p>La vie \u00e0 Vilamoura tourne autour de la marina haut de gamme, bord\u00e9e d&#039;\u00e9l\u00e9gants yachts et, bien s\u00fbr, des plages, o\u00f9 vous serez g\u00e2t\u00e9 avec plus d&#039;installations de loisirs et de d\u00e9tente que vous pourriez demander!<\/p>\n<p>A proximit\u00e9, il y a des attractions culturelles, historiques et naturelles \u00e0 d\u00e9couvrir.<\/p>","protected":false},"featured_media":5145,"comment_status":"closed","ping_status":"closed","template":"","meta":{"_acf_changed":false,"inline_featured_image":false},"product_brand":[],"product_cat":[333,329],"product_tag":[618,311,204,606,508,815,260,607,57,631,905,622,609,417,610,611,623,613,894,310,571],"class_list":{"0":"post-5164","1":"product","2":"type-product","3":"status-publish","4":"has-post-thumbnail","6":"product_cat-escape-4-days-tour-portugal","7":"product_cat-holiday-packs-tours-portugal","8":"product_tag-4-days-tour","9":"product_tag-algarve","10":"product_tag-cultural-heritage","11":"product_tag-gastronomy","12":"product_tag-gastronomy-and-wines","13":"product_tag-historic","14":"product_tag-history-and-heritage","15":"product_tag-holidays","16":"product_tag-lagos","17":"product_tag-night","18":"product_tag-praia-da-falesia","19":"product_tag-sandy-beach","20":"product_tag-sightseeing","21":"product_tag-silves","22":"product_tag-spring","23":"product_tag-summer","24":"product_tag-sun-beach","25":"product_tag-sunny-days","26":"product_tag-vilamoura","27":"product_tag-wildlife","28":"product_tag-wildlife-algarve","30":"first","31":"instock","32":"virtual","33":"product-type-simple"},"acf":[],"yoast_head":"<!-- This site is optimized with the Yoast SEO Premium plugin v26.8 (Yoast SEO v27.4) - https:\/\/yoast.com\/product\/yoast-seo-premium-wordpress\/ -->\n<title>Escape to Vilamoura<\/title>\n<meta name=\"description\" content=\"Vilamoura Marina is the core of the resort\u2019s upbeat social life.Regarding the beaches, in either direction you turn, there are huge stretches of golden sand\" \/>\n<meta name=\"robots\" content=\"index, follow, max-snippet:-1, max-image-preview:large, max-video-preview:-1\" \/>\n<link rel=\"canonical\" href=\"https:\/\/becooltravel.com\/fr\/produit\/evasion-a-vilamoura-4700pk\/\" \/>\n<meta property=\"og:locale\" content=\"fr_FR\" \/>\n<meta property=\"og:type\" content=\"article\" \/>\n<meta property=\"og:title\" content=\"summer the beaches within walking distance get very busy. But you just have to walk a bit more to find a comfortable spot!\" \/>\n<meta property=\"og:description\" content=\"Vilamoura is a glamorous beach resort built from scratch with one thing in mind: holidays!Life in Vilamoura spins around the upscale marina, lined with elegant yachts, and, of course, the beaches, where you\u2019ll be spoilt with more leisure and relaxation facilities you could ask for!Nearby there are cultural, historic, and natural attractions to experience.Filled with chic bars, shops, and restaurants for all tastes, the Vilamoura Marina is the core of the resort\u2019s upbeat social life.\" \/>\n<meta property=\"og:url\" content=\"https:\/\/becooltravel.com\/fr\/produit\/evasion-a-vilamoura-4700pk\/\" \/>\n<meta property=\"og:site_name\" content=\"BeCool Travel\" \/>\n<meta property=\"article:publisher\" content=\"https:\/\/www.facebook.com\/becooltravelagency\/\" \/>\n<meta property=\"article:modified_time\" content=\"2026-03-18T13:25:32+00:00\" \/>\n<meta property=\"og:image\" content=\"https:\/\/becooltravel.com\/wp-content\/uploads\/sites\/5\/2020\/06\/beach_vilamoura_holidays.jpg\" \/>\n\t<meta property=\"og:image:width\" content=\"1199\" \/>\n\t<meta property=\"og:image:height\" content=\"800\" \/>\n\t<meta property=\"og:image:type\" content=\"image\/jpeg\" \/>\n<meta name=\"twitter:card\" content=\"summary_large_image\" \/>\n<meta name=\"twitter:title\" content=\"Quarteira, Vale do Lobo, Falesia, or another lively beach nearby, all awarded with a blue flag.\" \/>\n<meta name=\"twitter:description\" content=\"In the vicinities, you have the Roman ruins of a fishing village, with murals and a bathing complex.To the north, there\u2019s a protected area of wetlands, ideal for nature activities and birdwatching.Vilamoura is a well-equipped resort with all sorts of sports activities, from famed golf courses to outdoor tennis courts.\" \/>\n<meta name=\"twitter:image\" content=\"https:\/\/i0.wp.com\/becooltravel.com\/wp-content\/uploads\/sites\/5\/2020\/06\/beach_vilamoura_holidays.jpg?fit=1199%2C800&ssl=1\" \/>\n<meta name=\"twitter:site\" content=\"@becool_travel\" \/>\n<meta name=\"twitter:label1\" content=\"Dur\u00e9e de lecture estim\u00e9e\" \/>\n\t<meta name=\"twitter:data1\" content=\"3 minutes\" \/>\n<script type=\"application\/ld+json\" class=\"yoast-schema-graph\">{\"@context\":\"https:\\\/\\\/schema.org\",\"@graph\":[{\"@type\":[\"WebPage\",\"ItemPage\"],\"@id\":\"https:\\\/\\\/becooltravel.com\\\/product\\\/escape-to-vilamoura-4700pk\\\/\",\"url\":\"https:\\\/\\\/becooltravel.com\\\/product\\\/escape-to-vilamoura-4700pk\\\/\",\"name\":\"Escape to Vilamoura\",\"isPartOf\":{\"@id\":\"https:\\\/\\\/becooltravel.com\\\/#website\"},\"primaryImageOfPage\":{\"@id\":\"https:\\\/\\\/becooltravel.com\\\/product\\\/escape-to-vilamoura-4700pk\\\/#primaryimage\"},\"image\":{\"@id\":\"https:\\\/\\\/becooltravel.com\\\/product\\\/escape-to-vilamoura-4700pk\\\/#primaryimage\"},\"thumbnailUrl\":\"https:\\\/\\\/i0.wp.com\\\/becooltravel.com\\\/wp-content\\\/uploads\\\/sites\\\/5\\\/2020\\\/06\\\/beach_vilamoura_holidays.jpg?fit=1199%2C800&ssl=1\",\"datePublished\":\"2020-06-12T10:27:28+00:00\",\"dateModified\":\"2026-03-18T13:25:32+00:00\",\"description\":\"Vilamoura Marina is the core of the resort\u2019s upbeat social life.Regarding the beaches, in either direction you turn, there are huge stretches of golden sand\",\"breadcrumb\":{\"@id\":\"https:\\\/\\\/becooltravel.com\\\/product\\\/escape-to-vilamoura-4700pk\\\/#breadcrumb\"},\"inLanguage\":\"fr-FR\",\"potentialAction\":[{\"@type\":\"ReadAction\",\"target\":[\"https:\\\/\\\/becooltravel.com\\\/product\\\/escape-to-vilamoura-4700pk\\\/\"]}]},{\"@type\":\"ImageObject\",\"inLanguage\":\"fr-FR\",\"@id\":\"https:\\\/\\\/becooltravel.com\\\/product\\\/escape-to-vilamoura-4700pk\\\/#primaryimage\",\"url\":\"https:\\\/\\\/i0.wp.com\\\/becooltravel.com\\\/wp-content\\\/uploads\\\/sites\\\/5\\\/2020\\\/06\\\/beach_vilamoura_holidays.jpg?fit=1199%2C800&ssl=1\",\"contentUrl\":\"https:\\\/\\\/i0.wp.com\\\/becooltravel.com\\\/wp-content\\\/uploads\\\/sites\\\/5\\\/2020\\\/06\\\/beach_vilamoura_holidays.jpg?fit=1199%2C800&ssl=1\",\"width\":1199,\"height\":800,\"caption\":\"Vilamoura beach holidays\"},{\"@type\":\"BreadcrumbList\",\"@id\":\"https:\\\/\\\/becooltravel.com\\\/product\\\/escape-to-vilamoura-4700pk\\\/#breadcrumb\",\"itemListElement\":[{\"@type\":\"ListItem\",\"position\":1,\"name\":\"Home\",\"item\":\"https:\\\/\\\/becooltravel.com\\\/\"},{\"@type\":\"ListItem\",\"position\":2,\"name\":\"Shop\",\"item\":\"https:\\\/\\\/becooltravel.com\\\/?page_id=5\"},{\"@type\":\"ListItem\",\"position\":3,\"name\":\"4 days tours and itineraries in Portugal\",\"item\":\"https:\\\/\\\/becooltravel.com\\\/product-tag\\\/4-days-tour\\\/\"},{\"@type\":\"ListItem\",\"position\":4,\"name\":\"Vilamoura Marina is the core of the resort\u2019s upbeat social life. Regarding the beaches, in either direction you turn, there are huge stretches of golden sand\"}]},{\"@type\":\"WebSite\",\"@id\":\"https:\\\/\\\/becooltravel.com\\\/#website\",\"url\":\"https:\\\/\\\/becooltravel.com\\\/\",\"name\":\"BeCool Travel\",\"description\":\"Sustainable holidays in Portugal for independent travelers\",\"publisher\":{\"@id\":\"https:\\\/\\\/becooltravel.com\\\/#organization\"},\"potentialAction\":[{\"@type\":\"SearchAction\",\"target\":{\"@type\":\"EntryPoint\",\"urlTemplate\":\"https:\\\/\\\/becooltravel.com\\\/?s={search_term_string}\"},\"query-input\":{\"@type\":\"PropertyValueSpecification\",\"valueRequired\":true,\"valueName\":\"search_term_string\"}}],\"inLanguage\":\"fr-FR\"},{\"@type\":\"Organization\",\"@id\":\"https:\\\/\\\/becooltravel.com\\\/#organization\",\"name\":\"BecoolTravel. com- Portugal\",\"url\":\"https:\\\/\\\/becooltravel.com\\\/\",\"logo\":{\"@type\":\"ImageObject\",\"inLanguage\":\"fr-FR\",\"@id\":\"https:\\\/\\\/becooltravel.com\\\/#\\\/schema\\\/logo\\\/image\\\/\",\"url\":\"https:\\\/\\\/becooltravel.com\\\/wp-content\\\/uploads\\\/sites\\\/5\\\/2020\\\/03\\\/Logo_BeCool.jpg\",\"contentUrl\":\"https:\\\/\\\/becooltravel.com\\\/wp-content\\\/uploads\\\/sites\\\/5\\\/2020\\\/03\\\/Logo_BeCool.jpg\",\"width\":534,\"height\":534,\"caption\":\"BecoolTravel. com- Portugal\"},\"image\":{\"@id\":\"https:\\\/\\\/becooltravel.com\\\/#\\\/schema\\\/logo\\\/image\\\/\"},\"sameAs\":[\"https:\\\/\\\/www.facebook.com\\\/becooltravelagency\\\/\",\"https:\\\/\\\/x.com\\\/becool_travel\",\"https:\\\/\\\/www.instagram.com\\\/becooltravel_com\\\/\",\"https:\\\/\\\/www.linkedin.com\\\/company\\\/becool-travel\\\/\",\"https:\\\/\\\/www.youtube.com\\\/channel\\\/UCE7zRU3EVG1PgfXwQo-5uJw\"]}]}<\/script>\n<!-- \/ Yoast SEO Premium plugin. -->","yoast_head_json":{"title":"\u00c9vadez-vous \u00e0 Vilamoura","description":"La marina de Vilamoura est le c\u0153ur de la vie sociale anim\u00e9e de la station baln\u00e9aire. En ce qui concerne les plages, dans les deux sens, vous trouverez d&#039;immenses \u00e9tendues de sable dor\u00e9","robots":{"index":"index","follow":"follow","max-snippet":"max-snippet:-1","max-image-preview":"max-image-preview:large","max-video-preview":"max-video-preview:-1"},"canonical":"https:\/\/becooltravel.com\/fr\/produit\/evasion-a-vilamoura-4700pk\/","og_locale":"fr_FR","og_type":"article","og_title":"summer the beaches within walking distance get very busy. But you just have to walk a bit more to find a comfortable spot!","og_description":"Vilamoura is a glamorous beach resort built from scratch with one thing in mind: holidays!Life in Vilamoura spins around the upscale marina, lined with elegant yachts, and, of course, the beaches, where you\u2019ll be spoilt with more leisure and relaxation facilities you could ask for!Nearby there are cultural, historic, and natural attractions to experience.Filled with chic bars, shops, and restaurants for all tastes, the Vilamoura Marina is the core of the resort\u2019s upbeat social life.","og_url":"https:\/\/becooltravel.com\/fr\/produit\/evasion-a-vilamoura-4700pk\/","og_site_name":"BeCool Travel","article_publisher":"https:\/\/www.facebook.com\/becooltravelagency\/","article_modified_time":"2026-03-18T13:25:32+00:00","og_image":[{"width":1199,"height":800,"url":"https:\/\/becooltravel.com\/wp-content\/uploads\/sites\/5\/2020\/06\/beach_vilamoura_holidays.jpg","type":"image\/jpeg"}],"twitter_card":"summary_large_image","twitter_title":"Quarteira, Vale do Lobo, Falesia, or another lively beach nearby, all awarded with a blue flag.","twitter_description":"In the vicinities, you have the Roman ruins of a fishing village, with murals and a bathing complex.To the north, there\u2019s a protected area of wetlands, ideal for nature activities and birdwatching.Vilamoura is a well-equipped resort with all sorts of sports activities, from famed golf courses to outdoor tennis courts.","twitter_image":"https:\/\/i0.wp.com\/becooltravel.com\/wp-content\/uploads\/sites\/5\/2020\/06\/beach_vilamoura_holidays.jpg?fit=1199%2C800&ssl=1","twitter_site":"@becool_travel","twitter_misc":{"Dur\u00e9e de lecture estim\u00e9e":"3 minutes"},"schema":{"@context":"https:\/\/schema.org","@graph":[{"@type":["WebPage","ItemPage"],"@id":"https:\/\/becooltravel.com\/product\/escape-to-vilamoura-4700pk\/","url":"https:\/\/becooltravel.com\/product\/escape-to-vilamoura-4700pk\/","name":"\u00c9vadez-vous \u00e0 Vilamoura","isPartOf":{"@id":"https:\/\/becooltravel.com\/#website"},"primaryImageOfPage":{"@id":"https:\/\/becooltravel.com\/product\/escape-to-vilamoura-4700pk\/#primaryimage"},"image":{"@id":"https:\/\/becooltravel.com\/product\/escape-to-vilamoura-4700pk\/#primaryimage"},"thumbnailUrl":"https:\/\/i0.wp.com\/becooltravel.com\/wp-content\/uploads\/sites\/5\/2020\/06\/beach_vilamoura_holidays.jpg?fit=1199%2C800&ssl=1","datePublished":"2020-06-12T10:27:28+00:00","dateModified":"2026-03-18T13:25:32+00:00","description":"La marina de Vilamoura est le c\u0153ur de la vie sociale anim\u00e9e de la station baln\u00e9aire. En ce qui concerne les plages, dans les deux sens, vous trouverez d&#039;immenses \u00e9tendues de sable dor\u00e9","breadcrumb":{"@id":"https:\/\/becooltravel.com\/product\/escape-to-vilamoura-4700pk\/#breadcrumb"},"inLanguage":"fr-FR","potentialAction":[{"@type":"ReadAction","target":["https:\/\/becooltravel.com\/product\/escape-to-vilamoura-4700pk\/"]}]},{"@type":"ImageObject","inLanguage":"fr-FR","@id":"https:\/\/becooltravel.com\/product\/escape-to-vilamoura-4700pk\/#primaryimage","url":"https:\/\/i0.wp.com\/becooltravel.com\/wp-content\/uploads\/sites\/5\/2020\/06\/beach_vilamoura_holidays.jpg?fit=1199%2C800&ssl=1","contentUrl":"https:\/\/i0.wp.com\/becooltravel.com\/wp-content\/uploads\/sites\/5\/2020\/06\/beach_vilamoura_holidays.jpg?fit=1199%2C800&ssl=1","width":1199,"height":800,"caption":"Vilamoura beach holidays"},{"@type":"BreadcrumbList","@id":"https:\/\/becooltravel.com\/product\/escape-to-vilamoura-4700pk\/#breadcrumb","itemListElement":[{"@type":"ListItem","position":1,"name":"Home","item":"https:\/\/becooltravel.com\/"},{"@type":"ListItem","position":2,"name":"Shop","item":"https:\/\/becooltravel.com\/?page_id=5"},{"@type":"ListItem","position":3,"name":"4 days tours and itineraries in Portugal","item":"https:\/\/becooltravel.com\/product-tag\/4-days-tour\/"},{"@type":"ListItem","position":4,"name":"Vilamoura Marina is the core of the resort\u2019s upbeat social life. Regarding the beaches, in either direction you turn, there are huge stretches of golden sand"}]},{"@type":"WebSite","@id":"https:\/\/becooltravel.com\/#website","url":"https:\/\/becooltravel.com\/","name":"Voyage BeCool","description":"Des vacances durables au Portugal pour les voyageurs ind\u00e9pendants","publisher":{"@id":"https:\/\/becooltravel.com\/#organization"},"potentialAction":[{"@type":"SearchAction","target":{"@type":"EntryPoint","urlTemplate":"https:\/\/becooltravel.com\/?s={search_term_string}"},"query-input":{"@type":"PropertyValueSpecification","valueRequired":true,"valueName":"search_term_string"}}],"inLanguage":"fr-FR"},{"@type":"Organization","@id":"https:\/\/becooltravel.com\/#organization","name":"BecoolTravel. com- Portugal","url":"https:\/\/becooltravel.com\/","logo":{"@type":"ImageObject","inLanguage":"fr-FR","@id":"https:\/\/becooltravel.com\/#\/schema\/logo\/image\/","url":"https:\/\/becooltravel.com\/wp-content\/uploads\/sites\/5\/2020\/03\/Logo_BeCool.jpg","contentUrl":"https:\/\/becooltravel.com\/wp-content\/uploads\/sites\/5\/2020\/03\/Logo_BeCool.jpg","width":534,"height":534,"caption":"BecoolTravel. com- Portugal"},"image":{"@id":"https:\/\/becooltravel.com\/#\/schema\/logo\/image\/"},"sameAs":["https:\/\/www.facebook.com\/becooltravelagency\/","https:\/\/x.com\/becool_travel","https:\/\/www.instagram.com\/becooltravel_com\/","https:\/\/www.linkedin.com\/company\/becool-travel\/","https:\/\/www.youtube.com\/channel\/UCE7zRU3EVG1PgfXwQo-5uJw"]}]}},"jetpack_sharing_enabled":true,"_links":{"self":[{"href":"https:\/\/becooltravel.com\/fr\/wp-json\/wp\/v2\/product\/5164","targetHints":{"allow":["GET"]}}],"collection":[{"href":"https:\/\/becooltravel.com\/fr\/wp-json\/wp\/v2\/product"}],"about":[{"href":"https:\/\/becooltravel.com\/fr\/wp-json\/wp\/v2\/types\/product"}],"replies":[{"embeddable":true,"href":"https:\/\/becooltravel.com\/fr\/wp-json\/wp\/v2\/comments?post=5164"}],"wp:featuredmedia":[{"embeddable":true,"href":"https:\/\/becooltravel.com\/fr\/wp-json\/wp\/v2\/media\/5145"}],"wp:attachment":[{"href":"https:\/\/becooltravel.com\/fr\/wp-json\/wp\/v2\/media?parent=5164"}],"wp:term":[{"taxonomy":"product_brand","embeddable":true,"href":"https:\/\/becooltravel.com\/fr\/wp-json\/wp\/v2\/product_brand?post=5164"},{"taxonomy":"product_cat","embeddable":true,"href":"https:\/\/becooltravel.com\/fr\/wp-json\/wp\/v2\/product_cat?post=5164"},{"taxonomy":"product_tag","embeddable":true,"href":"https:\/\/becooltravel.com\/fr\/wp-json\/wp\/v2\/product_tag?post=5164"}],"curies":[{"name":"wp","href":"https:\/\/api.w.org\/{rel}","templated":true}]}}