{"id":5239,"date":"2020-06-18T14:34:18","date_gmt":"2020-06-18T14:34:18","guid":{"rendered":"https:\/\/becooltravel.com\/?post_type=product&#038;p=5239"},"modified":"2026-03-18T12:01:07","modified_gmt":"2026-03-18T12:01:07","slug":"lisbon-south-portugal-by-train-7100st","status":"publish","type":"product","link":"https:\/\/becooltravel.com\/fr\/produit\/lisbonne-sud-portugal-en-train-7100st\/","title":{"rendered":"Lisbonne et le sud du Portugal en train - Independent Rail Holidays"},"content":{"rendered":"<p>Mettez vos bagages sur le porte-bagages, asseyez-vous pr\u00e8s de la fen\u00eatre et laissez le Portugal venir \u00e0 vous avec ce tour en train ind\u00e9pendant de Lisbonne \u00e0 Faro !<\/p>\n<p>Vous visiterez une grande vari\u00e9t\u00e9 de destinations pittoresques, de la charmante capitale, Lisbonne, \u00e0 la charmante Sintra et \u00e0 l&#039;Algarve, d&#039;est en ouest.<\/p>\n<p>Une combinaison d&#039;exp\u00e9riences, \u00e0 la fois relaxantes et excitantes!<\/p>\n<p>Votre visite en train commencera \u00e0 Lisbonne, une ville entour\u00e9e de traditions et dot\u00e9e de modernit\u00e9.<\/p>\n<div id=\"attachment_2506\" style=\"width: 1034px\" class=\"wp-caption alignnone\"><img data-recalc-dims=\"1\" decoding=\"async\" aria-describedby=\"caption-attachment-2506\" class=\"wp-image-2506 size-large\" title=\"Monast\u00e8re des Hi\u00e9ronymites Lisboa\" src=\"https:\/\/i0.wp.com\/legendatours.net\/wp-content\/uploads\/2020\/03\/jeronimos_monastery_lisbon-1024x640.jpg?resize=1024%2C640&#038;ssl=1\" alt=\"Monast\u00e8re des Hi\u00e9ronymites Lisboa\" width=\"1024\" height=\"640\" \/><p id=\"caption-attachment-2506\" class=\"wp-caption-text\">Le monast\u00e8re des Hi\u00e9ronymites Lisboa, avec la tour de Bel\u00e9m, est l&#039;attraction touristique la plus importante de Lisbonne.<\/p><\/div>\n<p>Les sept collines de la ville, couvertes de couches d&#039;histoire et de patrimoine, sont devenues une destination europ\u00e9enne populaire pour sa diversit\u00e9, ses tramways vintage, ses rues pav\u00e9es, ses chansons de fado, sa majestueuse architecture orn\u00e9e d&#039;azulejos et son climat enviable.<\/p>\n<p>De l\u00e0, d\u00e9part pour Sintra, en partant de la gare centrale de Rossio, un \u00e9difice n\u00e9o-manu\u00e9lin de la fin du XIXe si\u00e8cle, remarquablement orn\u00e9. Vous roulerez vers la p\u00e9riph\u00e9rie de la ville \u00e0 travers un tunnel de 2,8 km, une merveille technologique lors de son ouverture en 1890 !<\/p>\n<p>Sintra est une splendeur pittoresque, un royaume de romance o\u00f9 de majestueux palais de conte de f\u00e9es, un ch\u00e2teau grandiose, des domaines royaux et de charmantes maisons aux tuiles rouges se dressent au milieu d&#039;un paysage de for\u00eats luxuriantes et semi-tropicales et de sommets.<\/p>\n<div id=\"attachment_2546\" style=\"width: 1034px\" class=\"wp-caption alignnone\"><img data-recalc-dims=\"1\" decoding=\"async\" aria-describedby=\"caption-attachment-2546\" class=\"wp-image-2546 size-large\" title=\"Paysage de conte de f\u00e9es de Sintra\" src=\"https:\/\/i0.wp.com\/legendatours.net\/wp-content\/uploads\/2020\/06\/sintra-1024x683.jpg?resize=1024%2C683&#038;ssl=1\" alt=\"Paysage de conte de f\u00e9es de Sintra\" width=\"1024\" height=\"683\" \/><p id=\"caption-attachment-2546\" class=\"wp-caption-text\">Paysage de conte de f\u00e9es de Sintra. Incroyable palais de Pena \u00e0 Sintra \u00e0 seulement 30 minutes de Lisbonne. Consid\u00e9r\u00e9 comme le meilleur ch\u00e2teau d&#039;Europe.<\/p><\/div>\n<p>Votre voyage dans le sud du Portugal commence \u00e0 la gare moderne d&#039;Oriente, con\u00e7ue par l&#039;architecte espagnol Santiago Calatrava pour l&#039;exposition universelle Expo&#039;98.<\/p>\n<p>Au cours du voyage de trois heures vers Faro, la capitale de l&#039;Algarve, vous traverserez les champs vert-jaune de l&#039;Alentejo avec un changement de paysage distinctif.<\/p>\n<p>L&#039;Algarve est une destination de vacances d&#039;\u00e9t\u00e9 de renomm\u00e9e mondiale, avec des plages anim\u00e9es par les touristes pendant la haute saison. Faro, cependant, est une ville tranquille, qui abrite un vaste patrimoine mauresque qui persiste dans certains des coins les plus secrets de la ville.<\/p>\n<p>Vous arrivez \u00e0 une gare face \u00e0 la charmante Ria Formosa, \u00e0 proximit\u00e9 de la vieille ville et du magnifique port de plaisance.<\/p>\n<p>Ce sera votre base pour explorer les deux extr\u00e9mit\u00e9s de la r\u00e9gion, avec des vues tr\u00e8s diff\u00e9rentes.<\/p>\n<p>Vila Real de Santo Ant\u00f3nio, dans l&#039;est de l&#039;Algarve, est une ville historiquement importante. Il a \u00e9t\u00e9 construit comme une r\u00e9plique du trac\u00e9 des rues du centre de Lisbonne apr\u00e8s le tremblement de terre d\u00e9vastateur de 1755.<\/p>\n<div id=\"attachment_2511\" style=\"width: 1034px\" class=\"wp-caption alignnone\"><img data-recalc-dims=\"1\" decoding=\"async\" aria-describedby=\"caption-attachment-2511\" class=\"wp-image-2511 size-large\" title=\"Lisbonne, Monument des D\u00e9couvertes\" src=\"https:\/\/i0.wp.com\/legendatours.net\/wp-content\/uploads\/2020\/03\/lisbon_monument_discoveries-1024x768.jpg?resize=1024%2C768&#038;ssl=1\" alt=\"Lisbonne, Monument des D\u00e9couvertes\" width=\"1024\" height=\"768\" \/><p id=\"caption-attachment-2511\" class=\"wp-caption-text\">Lisbonne, Monument des D\u00e9couvertes, \u00e9voque l&#039;expansion portugaise outre-mer.<\/p><\/div>\n<p>Le centre-ville est aujourd&#039;hui le paradis du shopping, avec ses petits magasins traditionnels et ses terrasses. La r\u00e9gion a toujours \u00e9t\u00e9 associ\u00e9e \u00e0 la p\u00eache et est tr\u00e8s fi\u00e8re de sa riche gastronomie, avec des plats c\u00e9l\u00e8bres \u00e0 base de thon, une tradition \u00e9tablie de longue date. Les ferries traversent la paisible rivi\u00e8re Guadiana jusqu&#039;\u00e0 Ayamonte, en Espagne, sur la rive oppos\u00e9e.<\/p>\n<p>En direction de l&#039;ouest de l&#039;Algarve, vous prendrez le train pour la ville cosmopolite de Lagos, autrefois rep\u00e8re des d\u00e9couvertes portugaises et refuge des pirates.<\/p>\n<p>En raison de sa baie et de son port uniques, juste en face de l&#039;Afrique, Lagos est devenue un point de d\u00e9part et d&#039;arriv\u00e9e majeur pour les navires qui partaient \u00e0 la d\u00e9couverte de nouveaux mondes. De l\u00e0, Henri le Navigateur r\u00eavait de terres inconnues et d&#039;immenses richesses.<\/p>\n<p>Aujourd&#039;hui, Lagos est une ville cosmopolite avec une atmosph\u00e8re d\u00e9tendue, ce qui en fait l&#039;un des endroits les plus attrayants de l&#039;Algarve. Il vaut la peine de visiter les \u00e9glises, les mus\u00e9es, le ch\u00e2teau et les murs de la ville.<\/p>\n<p>Ces vacances en train offrent le meilleur des deux mondes\u00a0: vous pouvez voyager de mani\u00e8re ind\u00e9pendante tout en vous asseyant et en vous impr\u00e9gnant de la vue\u00a0!<\/p>\n<div class=\"row\" style=\"display: flex;\">\n<div class=\"column\" style=\"flex: 45%;\">\n<p><iframe title=\"Ne peut pas manquer l&#039;inspiration\" width=\"1080\" height=\"608\" src=\"https:\/\/www.youtube.com\/embed\/Vbo9a9D2dlk?feature=oembed\" frameborder=\"0\" allow=\"accelerometer; autoplay; clipboard-write; encrypted-media; gyroscope; picture-in-picture; web-share\" referrerpolicy=\"strict-origin-when-cross-origin\" allowfullscreen><\/iframe><\/p>\n<\/div>\n<div class=\"column\" style=\"flex: 10%;\"><\/div>\n<div class=\"column\" style=\"flex: 45%;\">\n<p><iframe title=\"Un avant-go\u00fbt du Portugal | Une Terre d&#039;Espaces Prot\u00e9g\u00e9s\" width=\"1080\" height=\"608\" src=\"https:\/\/www.youtube.com\/embed\/tKP9MFoLfTw?feature=oembed\" frameborder=\"0\" allow=\"accelerometer; autoplay; clipboard-write; encrypted-media; gyroscope; picture-in-picture; web-share\" referrerpolicy=\"strict-origin-when-cross-origin\" allowfullscreen><\/iframe><\/p>\n<\/div>\n<\/div>","protected":false},"excerpt":{"rendered":"<p>Mettez vos bagages sur le porte-bagages, asseyez-vous pr\u00e8s de la fen\u00eatre et laissez le Portugal venir \u00e0 vous avec ce tour en train ind\u00e9pendant de Lisbonne \u00e0 Faro !<\/p>\n<p>Vous visiterez une grande vari\u00e9t\u00e9 de destinations pittoresques, de la charmante capitale, Lisbonne, \u00e0 la charmante Sintra et \u00e0 l&#039;Algarve, d&#039;est en ouest.<\/p>\n<p>Une combinaison d&#039;exp\u00e9riences, \u00e0 la fois relaxantes et excitantes!<\/p>","protected":false},"featured_media":5231,"comment_status":"closed","ping_status":"closed","template":"","meta":{"_acf_changed":false,"inline_featured_image":false},"product_brand":[],"product_cat":[336,327,948],"product_tag":[1053,587,1144,798,784,785,746,800,1129,1060,1054,702,919,223,802,920,1132,790,1122,921,1123,1010,1055,1048,322,856,720,909,910,934,304,791,728,912,922,1056,923,1057,924,925,926,778,1058,1059,793],"class_list":{"0":"post-5239","1":"product","2":"type-product","3":"status-publish","4":"has-post-thumbnail","6":"product_cat-self-guided-sightseeing-holidays-in-portugal","7":"product_cat-self-guided-tours-portugal","8":"product_cat-self-guided-train-holidays-portugal","9":"product_tag-alleine-reisen","10":"product_tag-amazing-walking","11":"product_tag-ancient-trails","12":"product_tag-countryside","13":"product_tag-culture","14":"product_tag-delicious-food","15":"product_tag-faro","16":"product_tag-history","17":"product_tag-holidays-in-portugal","18":"product_tag-individual-hiking","19":"product_tag-individuelle-touren","20":"product_tag-jeronimos-monastery","21":"product_tag-lisboa","22":"product_tag-lisbon","23":"product_tag-lush-green-hills","24":"product_tag-monument","25":"product_tag-perfect-holiday","26":"product_tag-picturesque-landscapes","27":"product_tag-rail-holiday","28":"product_tag-rail-holidays","29":"product_tag-rail-routes-in-portugal","30":"product_tag-railroad","31":"product_tag-sejour-en-liberte","32":"product_tag-self-guide-tour","33":"product_tag-self-guided","34":"product_tag-self-guided-holiday","35":"product_tag-self-guided-holidays","36":"product_tag-self-guided-sightseeing","37":"product_tag-self-guided-tour","38":"product_tag-self-guided-train","39":"product_tag-self-guided-walking","40":"product_tag-self-guided-walking-holidays","41":"product_tag-self-guided-walking-tour","42":"product_tag-sightseeing-lisbon","43":"product_tag-sightseeing-tour","44":"product_tag-solo-reisen","45":"product_tag-south-portugal","46":"product_tag-tours-autoguidees","47":"product_tag-train","48":"product_tag-train-holidays","49":"product_tag-train-tour","50":"product_tag-travel-train-tour-in-portugal","51":"product_tag-voyage-en-liberte","52":"product_tag-voyages-en-autonomie","53":"product_tag-wines","55":"first","56":"instock","57":"virtual","58":"product-type-simple"},"acf":[],"yoast_head":"<!-- This site is optimized with the Yoast SEO Premium plugin v26.8 (Yoast SEO v27.6) - https:\/\/yoast.com\/product\/yoast-seo-premium-wordpress\/ -->\n<title>Lisbon &amp; South Portugal by Train - Independent Rail Holidays<\/title>\n<meta name=\"description\" content=\"Put your luggage on the rack, grab a seat by the window and let Portugal come to you. Portugal by Train - Independent Rail Holidays.\" \/>\n<meta name=\"robots\" content=\"index, follow, max-snippet:-1, max-image-preview:large, max-video-preview:-1\" \/>\n<link rel=\"canonical\" href=\"https:\/\/becooltravel.com\/fr\/produit\/lisbonne-sud-portugal-en-train-7100st\/\" \/>\n<meta property=\"og:locale\" content=\"fr_FR\" \/>\n<meta property=\"og:type\" content=\"article\" \/>\n<meta property=\"og:title\" content=\"Portugal by Train - Independent Rail Holidays\" \/>\n<meta property=\"og:description\" content=\"Put your luggage on the rack, grab a seat by the window and let Portugal come to you with this independent rail tour from Lisbon to Faro!You\u2019ll visit a wide variety of scenic destinations, from the charming capital, Lisbon, to the enchanted Sintra, and the Algarve, from East to West.\" \/>\n<meta property=\"og:url\" content=\"https:\/\/becooltravel.com\/fr\/produit\/lisbonne-sud-portugal-en-train-7100st\/\" \/>\n<meta property=\"og:site_name\" content=\"BeCool Travel\" \/>\n<meta property=\"article:publisher\" content=\"https:\/\/www.facebook.com\/becooltravelagency\/\" \/>\n<meta property=\"article:modified_time\" content=\"2026-03-18T12:01:07+00:00\" \/>\n<meta property=\"og:image\" content=\"https:\/\/becooltravel.com\/wp-content\/uploads\/sites\/5\/2020\/08\/faro_train-1.jpeg\" \/>\n\t<meta property=\"og:image:width\" content=\"1700\" \/>\n\t<meta property=\"og:image:height\" content=\"1080\" \/>\n\t<meta property=\"og:image:type\" content=\"image\/jpeg\" \/>\n<meta name=\"twitter:card\" content=\"summary_large_image\" \/>\n<meta name=\"twitter:title\" content=\"Portugal by Train - Independent Rail Holidays\" \/>\n<meta name=\"twitter:description\" content=\"Sintra is a scenic splendor, a realm of romance where majestic fairytale-like palaces, a grandiose castle, regal estates, and charming red-tiled houses stand amidst a landscape of luxuriant, semi-tropical forests and hilltops.Your journey to the south of Portugal starts on the modern Oriente train station, designed by the Spanish architect Santiago Calatrava for the Expo\u201998 world\u2019s fair.Along the three hour journey to Faro, the capital of the Algarve, you\u2019ll pass through the green-yellow fields of Alentejo with a distinctive landscape change.\" \/>\n<meta name=\"twitter:image\" content=\"https:\/\/i0.wp.com\/becooltravel.com\/wp-content\/uploads\/sites\/5\/2020\/08\/faro_train-1.jpeg?fit=1700%2C1080&ssl=1\" \/>\n<meta name=\"twitter:site\" content=\"@becool_travel\" \/>\n<meta name=\"twitter:label1\" content=\"Dur\u00e9e de lecture estim\u00e9e\" \/>\n\t<meta name=\"twitter:data1\" content=\"4 minutes\" \/>\n<script type=\"application\/ld+json\" class=\"yoast-schema-graph\">{\"@context\":\"https:\\\/\\\/schema.org\",\"@graph\":[{\"@type\":[\"WebPage\",\"ItemPage\"],\"@id\":\"https:\\\/\\\/becooltravel.com\\\/product\\\/lisbon-south-portugal-by-train-7100st\\\/\",\"url\":\"https:\\\/\\\/becooltravel.com\\\/product\\\/lisbon-south-portugal-by-train-7100st\\\/\",\"name\":\"Lisbon &amp; South Portugal by Train - Independent Rail Holidays\",\"isPartOf\":{\"@id\":\"https:\\\/\\\/becooltravel.com\\\/#website\"},\"primaryImageOfPage\":{\"@id\":\"https:\\\/\\\/becooltravel.com\\\/product\\\/lisbon-south-portugal-by-train-7100st\\\/#primaryimage\"},\"image\":{\"@id\":\"https:\\\/\\\/becooltravel.com\\\/product\\\/lisbon-south-portugal-by-train-7100st\\\/#primaryimage\"},\"thumbnailUrl\":\"https:\\\/\\\/i0.wp.com\\\/becooltravel.com\\\/wp-content\\\/uploads\\\/sites\\\/5\\\/2020\\\/06\\\/faro_train.jpeg?fit=1200%2C762&ssl=1\",\"datePublished\":\"2020-06-18T14:34:18+00:00\",\"dateModified\":\"2026-03-18T12:01:07+00:00\",\"description\":\"Put your luggage on the rack, grab a seat by the window and let Portugal come to you. Portugal by Train - Independent Rail Holidays.\",\"breadcrumb\":{\"@id\":\"https:\\\/\\\/becooltravel.com\\\/product\\\/lisbon-south-portugal-by-train-7100st\\\/#breadcrumb\"},\"inLanguage\":\"fr-FR\",\"potentialAction\":[{\"@type\":\"ReadAction\",\"target\":[\"https:\\\/\\\/becooltravel.com\\\/product\\\/lisbon-south-portugal-by-train-7100st\\\/\"]}]},{\"@type\":\"ImageObject\",\"inLanguage\":\"fr-FR\",\"@id\":\"https:\\\/\\\/becooltravel.com\\\/product\\\/lisbon-south-portugal-by-train-7100st\\\/#primaryimage\",\"url\":\"https:\\\/\\\/i0.wp.com\\\/becooltravel.com\\\/wp-content\\\/uploads\\\/sites\\\/5\\\/2020\\\/06\\\/faro_train.jpeg?fit=1200%2C762&ssl=1\",\"contentUrl\":\"https:\\\/\\\/i0.wp.com\\\/becooltravel.com\\\/wp-content\\\/uploads\\\/sites\\\/5\\\/2020\\\/06\\\/faro_train.jpeg?fit=1200%2C762&ssl=1\",\"width\":1200,\"height\":762,\"caption\":\"Faro train holidays\"},{\"@type\":\"BreadcrumbList\",\"@id\":\"https:\\\/\\\/becooltravel.com\\\/product\\\/lisbon-south-portugal-by-train-7100st\\\/#breadcrumb\",\"itemListElement\":[{\"@type\":\"ListItem\",\"position\":1,\"name\":\"Home\",\"item\":\"https:\\\/\\\/becooltravel.com\\\/\"},{\"@type\":\"ListItem\",\"position\":2,\"name\":\"Shop\",\"item\":\"https:\\\/\\\/becooltravel.com\\\/?page_id=5\"},{\"@type\":\"ListItem\",\"position\":3,\"name\":\"alleine reisen\",\"item\":\"https:\\\/\\\/becooltravel.com\\\/product-tag\\\/alleine-reisen\\\/\"},{\"@type\":\"ListItem\",\"position\":4,\"name\":\"Portugal by Train - Independent Rail Holidays let Portugal come to you with this independent rail tour from Lisbon to Faro!\"}]},{\"@type\":\"WebSite\",\"@id\":\"https:\\\/\\\/becooltravel.com\\\/#website\",\"url\":\"https:\\\/\\\/becooltravel.com\\\/\",\"name\":\"BeCool Travel\",\"description\":\"Sustainable holidays in Portugal for independent travelers\",\"publisher\":{\"@id\":\"https:\\\/\\\/becooltravel.com\\\/#organization\"},\"potentialAction\":[{\"@type\":\"SearchAction\",\"target\":{\"@type\":\"EntryPoint\",\"urlTemplate\":\"https:\\\/\\\/becooltravel.com\\\/?s={search_term_string}\"},\"query-input\":{\"@type\":\"PropertyValueSpecification\",\"valueRequired\":true,\"valueName\":\"search_term_string\"}}],\"inLanguage\":\"fr-FR\"},{\"@type\":\"Organization\",\"@id\":\"https:\\\/\\\/becooltravel.com\\\/#organization\",\"name\":\"BecoolTravel. com- Portugal\",\"url\":\"https:\\\/\\\/becooltravel.com\\\/\",\"logo\":{\"@type\":\"ImageObject\",\"inLanguage\":\"fr-FR\",\"@id\":\"https:\\\/\\\/becooltravel.com\\\/#\\\/schema\\\/logo\\\/image\\\/\",\"url\":\"https:\\\/\\\/becooltravel.com\\\/wp-content\\\/uploads\\\/sites\\\/5\\\/2020\\\/03\\\/Logo_BeCool.jpg\",\"contentUrl\":\"https:\\\/\\\/becooltravel.com\\\/wp-content\\\/uploads\\\/sites\\\/5\\\/2020\\\/03\\\/Logo_BeCool.jpg\",\"width\":534,\"height\":534,\"caption\":\"BecoolTravel. com- Portugal\"},\"image\":{\"@id\":\"https:\\\/\\\/becooltravel.com\\\/#\\\/schema\\\/logo\\\/image\\\/\"},\"sameAs\":[\"https:\\\/\\\/www.facebook.com\\\/becooltravelagency\\\/\",\"https:\\\/\\\/x.com\\\/becool_travel\",\"https:\\\/\\\/www.instagram.com\\\/becooltravel_com\\\/\",\"https:\\\/\\\/www.linkedin.com\\\/company\\\/becool-travel\\\/\",\"https:\\\/\\\/www.youtube.com\\\/channel\\\/UCE7zRU3EVG1PgfXwQo-5uJw\"]}]}<\/script>\n<!-- \/ Yoast SEO Premium plugin. -->","yoast_head_json":{"title":"Lisbonne et le sud du Portugal en train - Independent Rail Holidays","description":"Posez vos bagages sur le porte-bagages, asseyez-vous pr\u00e8s de la fen\u00eatre et laissez le Portugal venir \u00e0 vous. Le Portugal en train - Vacances ind\u00e9pendantes en train.","robots":{"index":"index","follow":"follow","max-snippet":"max-snippet:-1","max-image-preview":"max-image-preview:large","max-video-preview":"max-video-preview:-1"},"canonical":"https:\/\/becooltravel.com\/fr\/produit\/lisbonne-sud-portugal-en-train-7100st\/","og_locale":"fr_FR","og_type":"article","og_title":"Portugal by Train - Independent Rail Holidays","og_description":"Put your luggage on the rack, grab a seat by the window and let Portugal come to you with this independent rail tour from Lisbon to Faro!You\u2019ll visit a wide variety of scenic destinations, from the charming capital, Lisbon, to the enchanted Sintra, and the Algarve, from East to West.","og_url":"https:\/\/becooltravel.com\/fr\/produit\/lisbonne-sud-portugal-en-train-7100st\/","og_site_name":"BeCool Travel","article_publisher":"https:\/\/www.facebook.com\/becooltravelagency\/","article_modified_time":"2026-03-18T12:01:07+00:00","og_image":[{"width":1700,"height":1080,"url":"https:\/\/becooltravel.com\/wp-content\/uploads\/sites\/5\/2020\/08\/faro_train-1.jpeg","type":"image\/jpeg"}],"twitter_card":"summary_large_image","twitter_title":"Portugal by Train - Independent Rail Holidays","twitter_description":"Sintra is a scenic splendor, a realm of romance where majestic fairytale-like palaces, a grandiose castle, regal estates, and charming red-tiled houses stand amidst a landscape of luxuriant, semi-tropical forests and hilltops.Your journey to the south of Portugal starts on the modern Oriente train station, designed by the Spanish architect Santiago Calatrava for the Expo\u201998 world\u2019s fair.Along the three hour journey to Faro, the capital of the Algarve, you\u2019ll pass through the green-yellow fields of Alentejo with a distinctive landscape change.","twitter_image":"https:\/\/i0.wp.com\/becooltravel.com\/wp-content\/uploads\/sites\/5\/2020\/08\/faro_train-1.jpeg?fit=1700%2C1080&ssl=1","twitter_site":"@becool_travel","twitter_misc":{"Dur\u00e9e de lecture estim\u00e9e":"4 minutes"},"schema":{"@context":"https:\/\/schema.org","@graph":[{"@type":["WebPage","ItemPage"],"@id":"https:\/\/becooltravel.com\/product\/lisbon-south-portugal-by-train-7100st\/","url":"https:\/\/becooltravel.com\/product\/lisbon-south-portugal-by-train-7100st\/","name":"Lisbonne et le sud du Portugal en train - Independent Rail Holidays","isPartOf":{"@id":"https:\/\/becooltravel.com\/#website"},"primaryImageOfPage":{"@id":"https:\/\/becooltravel.com\/product\/lisbon-south-portugal-by-train-7100st\/#primaryimage"},"image":{"@id":"https:\/\/becooltravel.com\/product\/lisbon-south-portugal-by-train-7100st\/#primaryimage"},"thumbnailUrl":"https:\/\/i0.wp.com\/becooltravel.com\/wp-content\/uploads\/sites\/5\/2020\/06\/faro_train.jpeg?fit=1200%2C762&ssl=1","datePublished":"2020-06-18T14:34:18+00:00","dateModified":"2026-03-18T12:01:07+00:00","description":"Posez vos bagages sur le porte-bagages, asseyez-vous pr\u00e8s de la fen\u00eatre et laissez le Portugal venir \u00e0 vous. Le Portugal en train - Vacances ind\u00e9pendantes en train.","breadcrumb":{"@id":"https:\/\/becooltravel.com\/product\/lisbon-south-portugal-by-train-7100st\/#breadcrumb"},"inLanguage":"fr-FR","potentialAction":[{"@type":"ReadAction","target":["https:\/\/becooltravel.com\/product\/lisbon-south-portugal-by-train-7100st\/"]}]},{"@type":"ImageObject","inLanguage":"fr-FR","@id":"https:\/\/becooltravel.com\/product\/lisbon-south-portugal-by-train-7100st\/#primaryimage","url":"https:\/\/i0.wp.com\/becooltravel.com\/wp-content\/uploads\/sites\/5\/2020\/06\/faro_train.jpeg?fit=1200%2C762&ssl=1","contentUrl":"https:\/\/i0.wp.com\/becooltravel.com\/wp-content\/uploads\/sites\/5\/2020\/06\/faro_train.jpeg?fit=1200%2C762&ssl=1","width":1200,"height":762,"caption":"Faro train holidays"},{"@type":"BreadcrumbList","@id":"https:\/\/becooltravel.com\/product\/lisbon-south-portugal-by-train-7100st\/#breadcrumb","itemListElement":[{"@type":"ListItem","position":1,"name":"Home","item":"https:\/\/becooltravel.com\/"},{"@type":"ListItem","position":2,"name":"Shop","item":"https:\/\/becooltravel.com\/?page_id=5"},{"@type":"ListItem","position":3,"name":"alleine reisen","item":"https:\/\/becooltravel.com\/product-tag\/alleine-reisen\/"},{"@type":"ListItem","position":4,"name":"Portugal by Train - Independent Rail Holidays let Portugal come to you with this independent rail tour from Lisbon to Faro!"}]},{"@type":"WebSite","@id":"https:\/\/becooltravel.com\/#website","url":"https:\/\/becooltravel.com\/","name":"Voyage BeCool","description":"Des vacances durables au Portugal pour les voyageurs ind\u00e9pendants","publisher":{"@id":"https:\/\/becooltravel.com\/#organization"},"potentialAction":[{"@type":"SearchAction","target":{"@type":"EntryPoint","urlTemplate":"https:\/\/becooltravel.com\/?s={search_term_string}"},"query-input":{"@type":"PropertyValueSpecification","valueRequired":true,"valueName":"search_term_string"}}],"inLanguage":"fr-FR"},{"@type":"Organization","@id":"https:\/\/becooltravel.com\/#organization","name":"BecoolTravel. com- Portugal","url":"https:\/\/becooltravel.com\/","logo":{"@type":"ImageObject","inLanguage":"fr-FR","@id":"https:\/\/becooltravel.com\/#\/schema\/logo\/image\/","url":"https:\/\/becooltravel.com\/wp-content\/uploads\/sites\/5\/2020\/03\/Logo_BeCool.jpg","contentUrl":"https:\/\/becooltravel.com\/wp-content\/uploads\/sites\/5\/2020\/03\/Logo_BeCool.jpg","width":534,"height":534,"caption":"BecoolTravel. com- Portugal"},"image":{"@id":"https:\/\/becooltravel.com\/#\/schema\/logo\/image\/"},"sameAs":["https:\/\/www.facebook.com\/becooltravelagency\/","https:\/\/x.com\/becool_travel","https:\/\/www.instagram.com\/becooltravel_com\/","https:\/\/www.linkedin.com\/company\/becool-travel\/","https:\/\/www.youtube.com\/channel\/UCE7zRU3EVG1PgfXwQo-5uJw"]}]}},"jetpack_sharing_enabled":true,"_links":{"self":[{"href":"https:\/\/becooltravel.com\/fr\/wp-json\/wp\/v2\/product\/5239","targetHints":{"allow":["GET"]}}],"collection":[{"href":"https:\/\/becooltravel.com\/fr\/wp-json\/wp\/v2\/product"}],"about":[{"href":"https:\/\/becooltravel.com\/fr\/wp-json\/wp\/v2\/types\/product"}],"replies":[{"embeddable":true,"href":"https:\/\/becooltravel.com\/fr\/wp-json\/wp\/v2\/comments?post=5239"}],"wp:featuredmedia":[{"embeddable":true,"href":"https:\/\/becooltravel.com\/fr\/wp-json\/wp\/v2\/media\/5231"}],"wp:attachment":[{"href":"https:\/\/becooltravel.com\/fr\/wp-json\/wp\/v2\/media?parent=5239"}],"wp:term":[{"taxonomy":"product_brand","embeddable":true,"href":"https:\/\/becooltravel.com\/fr\/wp-json\/wp\/v2\/product_brand?post=5239"},{"taxonomy":"product_cat","embeddable":true,"href":"https:\/\/becooltravel.com\/fr\/wp-json\/wp\/v2\/product_cat?post=5239"},{"taxonomy":"product_tag","embeddable":true,"href":"https:\/\/becooltravel.com\/fr\/wp-json\/wp\/v2\/product_tag?post=5239"}],"curies":[{"name":"wp","href":"https:\/\/api.w.org\/{rel}","templated":true}]}}