{"id":5297,"date":"2020-06-19T08:57:07","date_gmt":"2020-06-19T08:57:07","guid":{"rendered":"https:\/\/becooltravel.com\/?post_type=product&#038;p=5297"},"modified":"2022-12-20T14:09:24","modified_gmt":"2022-12-20T14:09:24","slug":"walk-around-in-central-portugal-7200st","status":"publish","type":"product","link":"https:\/\/becooltravel.com\/fr\/produit\/promenade-dans-le-centre-du-portugal-7200st\/","title":{"rendered":"Promenez-vous dans le centre du Portugal Vacances ferroviaires ind\u00e9pendantes"},"content":{"rendered":"<p>Cette visite \u00e0 pied autoguid\u00e9e \u00e0 <a href=\"..\/..\/product-tag\/central-portugal\/\">Centre du Portugal<\/a> est \u00e9galement ind\u00e9pendant <a href=\"https:\/\/becooltravel.com\/product\/north-of-portugal-8100g\/\">vacances en train<\/a>!<\/p>\n<p>Vous vous prom\u00e8nerez \u00e0 travers de magnifiques paysages pr\u00e8s de l&#039;ancienne ville de Coimbra, perch\u00e9e sur une colline surplombant la rivi\u00e8re Mondego.<\/p>\n<p>Depuis Aveiro, connue pour ses bateaux typiques aux couleurs vives, vous vous prom\u00e8nerez vers les plages sauvages de l&#039;Atlantique et vers la plus grande lagune de la p\u00e9ninsule ib\u00e9rique.<\/p>\n<div id=\"attachment_2575\" style=\"width: 1034px\" class=\"wp-caption alignnone\"><img data-recalc-dims=\"1\" decoding=\"async\" aria-describedby=\"caption-attachment-2575\" class=\"wp-image-2575 size-large\" title=\"Bateaux moliceiro traditionnels \u00e0 Aveiro\" src=\"https:\/\/i0.wp.com\/legendatours.net\/wp-content\/uploads\/2020\/06\/aveiro_moliceiros-1024x683.jpeg?resize=1024%2C683&#038;ssl=1\" alt=\"Bateaux moliceiro traditionnels \u00e0 Aveiro\" width=\"1024\" height=\"683\" \/><p id=\"caption-attachment-2575\" class=\"wp-caption-text\">Bateaux moliceiro traditionnels \u00e0 Aveiro. Un bateau moliceiro est un bateau traditionnel que l&#039;on trouve sur la rivi\u00e8re Aveiro, semblable \u00e0 une gondole v\u00e9nitienne.<\/p><\/div>\n<p>Vous vivrez non seulement de merveilleuses vacances de randonn\u00e9e, mais aussi une exp\u00e9rience culturelle inoubliable !<\/p>\n<p>Coimbra abrite <a href=\"https:\/\/becooltravel.com\/rambling-holidays\/\">le Portugal<\/a>La ville s&#039;\u00e9l\u00e8ve pittoresquement sur le Mondego, impr\u00e9gn\u00e9e d&#039;histoire, avec ses ruelles pav\u00e9es romantiques et sa cath\u00e9drale monumentale.<\/p>\n<p>\u00c0 proximit\u00e9, une promenade dans la for\u00eat nationale de Bussaco vous fera d\u00e9couvrir des vues magnifiques, un palais de conte de f\u00e9es et un ancien couvent. Vous y trouverez la plus belle collection d&#039;arbres nationaux et import\u00e9s du Portugal.<\/p>\n<p>Vous atteindrez le point le plus \u00e9lev\u00e9, Cruz Alta, d&#039;o\u00f9 la vue s&#039;\u00e9tend \u00e0 perte de vue.<\/p>\n<p>En suivant la rivi\u00e8re Mondego, vous atteignez Montemor-o-Velho, une ville m\u00e9di\u00e9vale qui s&#039;\u00e9tend au milieu de rizi\u00e8res sans fin, avec des sentiers et des sentiers tranquilles.<\/p>\n<div id=\"attachment_2576\" style=\"width: 1034px\" class=\"wp-caption alignnone\"><img data-recalc-dims=\"1\" decoding=\"async\" aria-describedby=\"caption-attachment-2576\" class=\"wp-image-2576 size-large\" title=\"Gare d&#039;Aveiro\" src=\"https:\/\/i0.wp.com\/legendatours.net\/wp-content\/uploads\/2020\/06\/aveiro_train_station-1024x707.jpg?resize=1024%2C707&#038;ssl=1\" alt=\"Gare d&#039;Aveiro\" width=\"1024\" height=\"707\" \/><p id=\"caption-attachment-2576\" class=\"wp-caption-text\">Gare d&#039;Aveiro. La gare d&#039;Aveiro est orn\u00e9e de nombreux panneaux \u00ab azulejos \u00bb de l&#039;usine F\u00e1brica da Fonte Nova.<\/p><\/div>\n<p>Vous prendrez ensuite le train jusqu&#039;\u00e0 Aveiro, dont le terminus se trouve dans une jolie gare couverte de tuiles. La ville est pleine de charme, avec ses lagons, ses b\u00e2timents art d\u00e9co et ses jolis bateaux traditionnels, utilis\u00e9s \u00e0 l&#039;origine pour le transport des algues.<\/p>\n<p>Vous aurez le temps d&#039;explorer la ville car nous l&#039;utiliserons comme base pour atteindre les r\u00e9serves naturelles et les plages de la r\u00e9gion.<\/p>\n<p>Une promenade en bord de mer en direction d&#039;Esmoriz vous conduit \u00e0 la lagune de Paramos, un \u00e9tang d&#039;eau saum\u00e2tre parmi les dunes.<\/p>\n<p>Votre semaine de marche se terminera en beaut\u00e9, \u00e0 l&#039;\u00e9tonnante Pateira de Fermentelos, la plus grande lagune naturelle de la p\u00e9ninsule ib\u00e9rique.<\/p>\n<p>Riche en faune sauvage, l&#039;\u00e9tang aux reflets brillants est un havre de paix pour ceux qui recherchent la paix.<\/p>\n<div id=\"attachment_2585\" style=\"width: 1034px\" class=\"wp-caption alignnone\"><img data-recalc-dims=\"1\" decoding=\"async\" aria-describedby=\"caption-attachment-2585\" class=\"wp-image-2585 size-large\" title=\"Promenade en bord de la lagune de Paramos\" src=\"https:\/\/i0.wp.com\/legendatours.net\/wp-content\/uploads\/2020\/06\/paramos_boardwalk-1024x768.jpg?resize=1024%2C768&#038;ssl=1\" alt=\"Promenade en bord de la lagune de Paramos\" width=\"1024\" height=\"768\" \/><p id=\"caption-attachment-2585\" class=\"wp-caption-text\">Promenade en bois de la lagune de Paramos. Une partie de la zone de protection environnementale de la lagune de Paramos<\/p><\/div>\n<p>De l\u00e0, vous suivrez la rivi\u00e8re le long de la campagne en direction d&#039;\u00c1gueda, c\u00e9l\u00e8bre pour avoir l&#039;une des plus belles rues du monde.<\/p>\n<p>C&#039;est une r\u00e9gion privil\u00e9gi\u00e9e en termes d&#039;attraits naturels et de magnifiques <a href=\"..\/..\/product-tag\/historic\/\">villes et villages historiques<\/a>, et vous vous sentirez accueilli par des gens infiniment charmants.<\/p>\n<p>La cuisine y est excellente, des plats traditionnels de l&#039;int\u00e9rieur aux fruits de mer frais et abordables des r\u00e9gions c\u00f4ti\u00e8res. Ne manquez pas les sp\u00e9cialit\u00e9s sucr\u00e9es r\u00e9gionales, avec en point d&#039;orgue les ovos moles, une friandise conventuelle.<\/p>\n<p><iframe title=\"DANS L&#039;HUMEUR POUR COIMBRA : PARTIE 1 | Ville universitaire historique, l&#039;une des plus anciennes d&#039;Europe | le Portugal\" width=\"1080\" height=\"608\" src=\"https:\/\/www.youtube.com\/embed\/RbJja-xcFM0?feature=oembed\" frameborder=\"0\" allow=\"accelerometer; autoplay; clipboard-write; encrypted-media; gyroscope; picture-in-picture\" allowfullscreen><\/iframe><\/p>\n<div class=\"row\" style=\"display: flex;\">\n<div class=\"column\" style=\"flex: 45%;\">\n<p><iframe title=\"LOVE Portugal - Red\u00e9couvrir (aper\u00e7u)\" width=\"1080\" height=\"608\" src=\"https:\/\/www.youtube.com\/embed\/jW13PcSk6DU?feature=oembed\" frameborder=\"0\" allow=\"accelerometer; autoplay; clipboard-write; encrypted-media; gyroscope; picture-in-picture\" allowfullscreen><\/iframe><\/p>\n<\/div>\n<div class=\"column\" style=\"flex: 10%;\"><\/div>\n<div class=\"column\" style=\"flex: 45%;\">\n<p><iframe title=\"Sentiers portugais\" width=\"1080\" height=\"608\" src=\"https:\/\/www.youtube.com\/embed\/pPsnchCKXGc?feature=oembed\" frameborder=\"0\" allow=\"accelerometer; autoplay; clipboard-write; encrypted-media; gyroscope; picture-in-picture\" allowfullscreen><\/iframe><\/p>\n<\/div>\n<\/div>","protected":false},"excerpt":{"rendered":"<p>Cette visite \u00e0 pied autoguid\u00e9e dans le centre du Portugal est \u00e9galement un s\u00e9jour en train ind\u00e9pendant !<\/p>\n<p>Vous vous prom\u00e8nerez \u00e0 travers de magnifiques paysages pr\u00e8s de l&#039;ancienne ville de Coimbra, perch\u00e9e sur une colline surplombant la rivi\u00e8re Mondego.<\/p>\n<p>Depuis Aveiro, connue pour ses bateaux typiques aux couleurs vives, vous vous prom\u00e8nerez vers les plages sauvages de l&#039;Atlantique et vers la plus grande lagune de la p\u00e9ninsule ib\u00e9rique.<\/p>\n<p>Vous vivrez non seulement de merveilleuses vacances de randonn\u00e9e, mais aussi une exp\u00e9rience culturelle inoubliable !<\/p>","protected":false},"featured_media":5277,"comment_status":"closed","ping_status":"closed","template":"","meta":{"_acf_changed":false,"inline_featured_image":false},"product_brand":[],"product_cat":[336,327,948],"product_tag":[935,1053,936,847,848,849,850,937,557,785,938,314,827,1060,1054,853,939,940,941,920,478,133,73,753,930,321,942,806,943,818,921,1123,1010,1215,945,279,1055,1048,322,720,934,323,728,609,1056,1057,924,925,926,778,857,946,1058,1059,59,545,88,308,811,793],"class_list":{"0":"post-5297","1":"product","2":"type-product","3":"status-publish","4":"has-post-thumbnail","6":"product_cat-self-guided-sightseeing-holidays-in-portugal","7":"product_cat-self-guided-tours-portugal","8":"product_cat-self-guided-train-holidays-portugal","9":"product_tag-agueda","10":"product_tag-alleine-reisen","11":"product_tag-aveiro","12":"product_tag-bucaco-hills","13":"product_tag-bussaco","14":"product_tag-central-portugal","15":"product_tag-coimbra","16":"product_tag-conventual-sweets","17":"product_tag-crafted-self-guided-tour","18":"product_tag-delicious-food","19":"product_tag-farmland","20":"product_tag-hiking","21":"product_tag-historic-centre","22":"product_tag-individual-hiking","23":"product_tag-individuelle-touren","24":"product_tag-luso","25":"product_tag-moliceiros","26":"product_tag-mondego","27":"product_tag-montemor-o-velho","28":"product_tag-monument","29":"product_tag-natural-park","30":"product_tag-natural-reserves","31":"product_tag-natural-scenery","32":"product_tag-nature-hikes","33":"product_tag-nature-trails","34":"product_tag-nature-walks","35":"product_tag-pateira-de-fermentelos","36":"product_tag-paths","37":"product_tag-plainfields","38":"product_tag-protected-area","39":"product_tag-rail-holidays","40":"product_tag-rail-routes-in-portugal","41":"product_tag-railroad","42":"product_tag-rio-mondego","43":"product_tag-river","44":"product_tag-river-mondego","45":"product_tag-sejour-en-liberte","46":"product_tag-self-guide-tour","47":"product_tag-self-guided","48":"product_tag-self-guided-holidays","49":"product_tag-self-guided-train","50":"product_tag-self-guided-walking-holiday","51":"product_tag-self-guided-walking-tour","52":"product_tag-sightseeing","53":"product_tag-solo-reisen","54":"product_tag-tours-autoguidees","55":"product_tag-train","56":"product_tag-train-holidays","57":"product_tag-train-tour","58":"product_tag-travel-train-tour-in-portugal","59":"product_tag-university","60":"product_tag-venice","61":"product_tag-voyage-en-liberte","62":"product_tag-voyages-en-autonomie","63":"product_tag-walking","64":"product_tag-walking-holiday","65":"product_tag-walking-tour","66":"product_tag-walking-trails","67":"product_tag-walks","68":"product_tag-wines","70":"first","71":"instock","72":"virtual","73":"sold-individually","74":"product-type-booking"},"acf":[],"yoast_head":"<!-- This site is optimized with the Yoast SEO Premium plugin v26.8 (Yoast SEO v27.6) - https:\/\/yoast.com\/product\/yoast-seo-premium-wordpress\/ -->\n<title>Walk Around Central Portugal Independent Rail Holiday<\/title>\n<meta name=\"description\" content=\"Self-guided Rail and walking Holiday in Central Portugal is an independent rail and walking holiday! Ramble through gorgeous landscapes in Portugal.\" \/>\n<meta name=\"robots\" content=\"index, follow, max-snippet:-1, max-image-preview:large, max-video-preview:-1\" \/>\n<link rel=\"canonical\" href=\"https:\/\/becooltravel.com\/fr\/produit\/promenade-dans-le-centre-du-portugal-7200st\/\" \/>\n<meta property=\"og:locale\" content=\"fr_FR\" \/>\n<meta property=\"og:type\" content=\"article\" \/>\n<meta property=\"og:title\" content=\"Train and Walk Around In Central Portugal Independent Rail and walking Holiday\" \/>\n<meta property=\"og:description\" content=\"Self-guided walking and train holidays in Central Portugal is an independent rail and walking holiday! Ramble through gorgeous landscapes near Coimbra.\" \/>\n<meta property=\"og:url\" content=\"https:\/\/becooltravel.com\/fr\/produit\/promenade-dans-le-centre-du-portugal-7200st\/\" \/>\n<meta property=\"og:site_name\" content=\"BeCool Travel\" \/>\n<meta property=\"article:publisher\" content=\"https:\/\/www.facebook.com\/becooltravelagency\/\" \/>\n<meta property=\"article:modified_time\" content=\"2022-12-20T14:09:24+00:00\" \/>\n<meta property=\"og:image\" content=\"https:\/\/i0.wp.com\/becooltravel.com\/wp-content\/uploads\/sites\/5\/2020\/06\/pateira_fermentelos_lagoon.jpg?fit=1165%2C800&ssl=1\" \/>\n\t<meta property=\"og:image:width\" content=\"1165\" \/>\n\t<meta property=\"og:image:height\" content=\"800\" \/>\n\t<meta property=\"og:image:type\" content=\"image\/jpeg\" \/>\n<meta name=\"twitter:card\" content=\"summary_large_image\" \/>\n<meta name=\"twitter:title\" content=\"Train and Walk Around In Central Portugal Independent Rail and walking Holiday\" \/>\n<meta name=\"twitter:description\" content=\"Self-guided walking and train holidays in Central Portugal is an independent rail and walking holiday! Ramble through gorgeous landscapes near Coimbra.\" \/>\n<meta name=\"twitter:image\" content=\"https:\/\/i0.wp.com\/becooltravel.com\/wp-content\/uploads\/sites\/5\/2020\/06\/pateira_fermentelos_lagoon.jpg?fit=1165%2C800&ssl=1\" \/>\n<meta name=\"twitter:site\" content=\"@becool_travel\" \/>\n<meta name=\"twitter:label1\" content=\"Dur\u00e9e de lecture estim\u00e9e\" \/>\n\t<meta name=\"twitter:data1\" content=\"3 minutes\" \/>\n<script type=\"application\/ld+json\" class=\"yoast-schema-graph\">{\"@context\":\"https:\\\/\\\/schema.org\",\"@graph\":[{\"@type\":[\"WebPage\",\"ItemPage\"],\"@id\":\"https:\\\/\\\/becooltravel.com\\\/product\\\/walk-around-in-central-portugal-7200st\\\/\",\"url\":\"https:\\\/\\\/becooltravel.com\\\/product\\\/walk-around-in-central-portugal-7200st\\\/\",\"name\":\"Walk Around Central Portugal Independent Rail Holiday\",\"isPartOf\":{\"@id\":\"https:\\\/\\\/becooltravel.com\\\/#website\"},\"primaryImageOfPage\":{\"@id\":\"https:\\\/\\\/becooltravel.com\\\/product\\\/walk-around-in-central-portugal-7200st\\\/#primaryimage\"},\"image\":{\"@id\":\"https:\\\/\\\/becooltravel.com\\\/product\\\/walk-around-in-central-portugal-7200st\\\/#primaryimage\"},\"thumbnailUrl\":\"https:\\\/\\\/i0.wp.com\\\/becooltravel.com\\\/wp-content\\\/uploads\\\/sites\\\/5\\\/2020\\\/06\\\/pateira_fermentelos_lagoon.jpg?fit=1165%2C800&ssl=1\",\"datePublished\":\"2020-06-19T08:57:07+00:00\",\"dateModified\":\"2022-12-20T14:09:24+00:00\",\"description\":\"Self-guided Rail and walking Holiday in Central Portugal is an independent rail and walking holiday! Ramble through gorgeous landscapes in Portugal.\",\"breadcrumb\":{\"@id\":\"https:\\\/\\\/becooltravel.com\\\/product\\\/walk-around-in-central-portugal-7200st\\\/#breadcrumb\"},\"inLanguage\":\"fr-FR\",\"potentialAction\":[{\"@type\":\"ReadAction\",\"target\":[\"https:\\\/\\\/becooltravel.com\\\/product\\\/walk-around-in-central-portugal-7200st\\\/\"]}]},{\"@type\":\"ImageObject\",\"inLanguage\":\"fr-FR\",\"@id\":\"https:\\\/\\\/becooltravel.com\\\/product\\\/walk-around-in-central-portugal-7200st\\\/#primaryimage\",\"url\":\"https:\\\/\\\/i0.wp.com\\\/becooltravel.com\\\/wp-content\\\/uploads\\\/sites\\\/5\\\/2020\\\/06\\\/pateira_fermentelos_lagoon.jpg?fit=1165%2C800&ssl=1\",\"contentUrl\":\"https:\\\/\\\/i0.wp.com\\\/becooltravel.com\\\/wp-content\\\/uploads\\\/sites\\\/5\\\/2020\\\/06\\\/pateira_fermentelos_lagoon.jpg?fit=1165%2C800&ssl=1\",\"width\":1165,\"height\":800,\"caption\":\"Pateira de Fermentelos, largest lagoon in Europe\"},{\"@type\":\"BreadcrumbList\",\"@id\":\"https:\\\/\\\/becooltravel.com\\\/product\\\/walk-around-in-central-portugal-7200st\\\/#breadcrumb\",\"itemListElement\":[{\"@type\":\"ListItem\",\"position\":1,\"name\":\"Home\",\"item\":\"https:\\\/\\\/becooltravel.com\\\/\"},{\"@type\":\"ListItem\",\"position\":2,\"name\":\"Shop\",\"item\":\"https:\\\/\\\/becooltravel.com\\\/?page_id=5\"},{\"@type\":\"ListItem\",\"position\":3,\"name\":\"\u00e1gueda\",\"item\":\"https:\\\/\\\/becooltravel.com\\\/product-tag\\\/agueda\\\/\"},{\"@type\":\"ListItem\",\"position\":4,\"name\":\"Train and Walk Around In Central Portugal Independent Rail and walking Holiday\"}]},{\"@type\":\"WebSite\",\"@id\":\"https:\\\/\\\/becooltravel.com\\\/#website\",\"url\":\"https:\\\/\\\/becooltravel.com\\\/\",\"name\":\"BeCool Travel\",\"description\":\"Sustainable holidays in Portugal for independent travelers\",\"publisher\":{\"@id\":\"https:\\\/\\\/becooltravel.com\\\/#organization\"},\"potentialAction\":[{\"@type\":\"SearchAction\",\"target\":{\"@type\":\"EntryPoint\",\"urlTemplate\":\"https:\\\/\\\/becooltravel.com\\\/?s={search_term_string}\"},\"query-input\":{\"@type\":\"PropertyValueSpecification\",\"valueRequired\":true,\"valueName\":\"search_term_string\"}}],\"inLanguage\":\"fr-FR\"},{\"@type\":\"Organization\",\"@id\":\"https:\\\/\\\/becooltravel.com\\\/#organization\",\"name\":\"BecoolTravel. com- Portugal\",\"url\":\"https:\\\/\\\/becooltravel.com\\\/\",\"logo\":{\"@type\":\"ImageObject\",\"inLanguage\":\"fr-FR\",\"@id\":\"https:\\\/\\\/becooltravel.com\\\/#\\\/schema\\\/logo\\\/image\\\/\",\"url\":\"https:\\\/\\\/becooltravel.com\\\/wp-content\\\/uploads\\\/sites\\\/5\\\/2020\\\/03\\\/Logo_BeCool.jpg\",\"contentUrl\":\"https:\\\/\\\/becooltravel.com\\\/wp-content\\\/uploads\\\/sites\\\/5\\\/2020\\\/03\\\/Logo_BeCool.jpg\",\"width\":534,\"height\":534,\"caption\":\"BecoolTravel. com- Portugal\"},\"image\":{\"@id\":\"https:\\\/\\\/becooltravel.com\\\/#\\\/schema\\\/logo\\\/image\\\/\"},\"sameAs\":[\"https:\\\/\\\/www.facebook.com\\\/becooltravelagency\\\/\",\"https:\\\/\\\/x.com\\\/becool_travel\",\"https:\\\/\\\/www.instagram.com\\\/becooltravel_com\\\/\",\"https:\\\/\\\/www.linkedin.com\\\/company\\\/becool-travel\\\/\",\"https:\\\/\\\/www.youtube.com\\\/channel\\\/UCE7zRU3EVG1PgfXwQo-5uJw\"]}]}<\/script>\n<!-- \/ Yoast SEO Premium plugin. -->","yoast_head_json":{"title":"Promenez-vous dans le centre du Portugal Vacances ferroviaires ind\u00e9pendantes","description":"Les vacances en train et \u00e0 pied en toute autonomie dans le centre du Portugal sont des vacances en train et \u00e0 pied en toute autonomie ! Promenez-vous dans les magnifiques paysages du Portugal.","robots":{"index":"index","follow":"follow","max-snippet":"max-snippet:-1","max-image-preview":"max-image-preview:large","max-video-preview":"max-video-preview:-1"},"canonical":"https:\/\/becooltravel.com\/fr\/produit\/promenade-dans-le-centre-du-portugal-7200st\/","og_locale":"fr_FR","og_type":"article","og_title":"Train and Walk Around In Central Portugal Independent Rail and walking Holiday","og_description":"Self-guided walking and train holidays in Central Portugal is an independent rail and walking holiday! Ramble through gorgeous landscapes near Coimbra.","og_url":"https:\/\/becooltravel.com\/fr\/produit\/promenade-dans-le-centre-du-portugal-7200st\/","og_site_name":"BeCool Travel","article_publisher":"https:\/\/www.facebook.com\/becooltravelagency\/","article_modified_time":"2022-12-20T14:09:24+00:00","og_image":[{"width":1165,"height":800,"url":"https:\/\/i0.wp.com\/becooltravel.com\/wp-content\/uploads\/sites\/5\/2020\/06\/pateira_fermentelos_lagoon.jpg?fit=1165%2C800&ssl=1","type":"image\/jpeg"}],"twitter_card":"summary_large_image","twitter_title":"Train and Walk Around In Central Portugal Independent Rail and walking Holiday","twitter_description":"Self-guided walking and train holidays in Central Portugal is an independent rail and walking holiday! Ramble through gorgeous landscapes near Coimbra.","twitter_image":"https:\/\/i0.wp.com\/becooltravel.com\/wp-content\/uploads\/sites\/5\/2020\/06\/pateira_fermentelos_lagoon.jpg?fit=1165%2C800&ssl=1","twitter_site":"@becool_travel","twitter_misc":{"Dur\u00e9e de lecture estim\u00e9e":"3 minutes"},"schema":{"@context":"https:\/\/schema.org","@graph":[{"@type":["WebPage","ItemPage"],"@id":"https:\/\/becooltravel.com\/product\/walk-around-in-central-portugal-7200st\/","url":"https:\/\/becooltravel.com\/product\/walk-around-in-central-portugal-7200st\/","name":"Promenez-vous dans le centre du Portugal Vacances ferroviaires ind\u00e9pendantes","isPartOf":{"@id":"https:\/\/becooltravel.com\/#website"},"primaryImageOfPage":{"@id":"https:\/\/becooltravel.com\/product\/walk-around-in-central-portugal-7200st\/#primaryimage"},"image":{"@id":"https:\/\/becooltravel.com\/product\/walk-around-in-central-portugal-7200st\/#primaryimage"},"thumbnailUrl":"https:\/\/i0.wp.com\/becooltravel.com\/wp-content\/uploads\/sites\/5\/2020\/06\/pateira_fermentelos_lagoon.jpg?fit=1165%2C800&ssl=1","datePublished":"2020-06-19T08:57:07+00:00","dateModified":"2022-12-20T14:09:24+00:00","description":"Les vacances en train et \u00e0 pied en toute autonomie dans le centre du Portugal sont des vacances en train et \u00e0 pied en toute autonomie ! Promenez-vous dans les magnifiques paysages du Portugal.","breadcrumb":{"@id":"https:\/\/becooltravel.com\/product\/walk-around-in-central-portugal-7200st\/#breadcrumb"},"inLanguage":"fr-FR","potentialAction":[{"@type":"ReadAction","target":["https:\/\/becooltravel.com\/product\/walk-around-in-central-portugal-7200st\/"]}]},{"@type":"ImageObject","inLanguage":"fr-FR","@id":"https:\/\/becooltravel.com\/product\/walk-around-in-central-portugal-7200st\/#primaryimage","url":"https:\/\/i0.wp.com\/becooltravel.com\/wp-content\/uploads\/sites\/5\/2020\/06\/pateira_fermentelos_lagoon.jpg?fit=1165%2C800&ssl=1","contentUrl":"https:\/\/i0.wp.com\/becooltravel.com\/wp-content\/uploads\/sites\/5\/2020\/06\/pateira_fermentelos_lagoon.jpg?fit=1165%2C800&ssl=1","width":1165,"height":800,"caption":"Pateira de Fermentelos, largest lagoon in Europe"},{"@type":"BreadcrumbList","@id":"https:\/\/becooltravel.com\/product\/walk-around-in-central-portugal-7200st\/#breadcrumb","itemListElement":[{"@type":"ListItem","position":1,"name":"Home","item":"https:\/\/becooltravel.com\/"},{"@type":"ListItem","position":2,"name":"Shop","item":"https:\/\/becooltravel.com\/?page_id=5"},{"@type":"ListItem","position":3,"name":"\u00e1gueda","item":"https:\/\/becooltravel.com\/product-tag\/agueda\/"},{"@type":"ListItem","position":4,"name":"Train and Walk Around In Central Portugal Independent Rail and walking Holiday"}]},{"@type":"WebSite","@id":"https:\/\/becooltravel.com\/#website","url":"https:\/\/becooltravel.com\/","name":"Voyage BeCool","description":"Des vacances durables au Portugal pour les voyageurs ind\u00e9pendants","publisher":{"@id":"https:\/\/becooltravel.com\/#organization"},"potentialAction":[{"@type":"SearchAction","target":{"@type":"EntryPoint","urlTemplate":"https:\/\/becooltravel.com\/?s={search_term_string}"},"query-input":{"@type":"PropertyValueSpecification","valueRequired":true,"valueName":"search_term_string"}}],"inLanguage":"fr-FR"},{"@type":"Organization","@id":"https:\/\/becooltravel.com\/#organization","name":"BecoolTravel. com- Portugal","url":"https:\/\/becooltravel.com\/","logo":{"@type":"ImageObject","inLanguage":"fr-FR","@id":"https:\/\/becooltravel.com\/#\/schema\/logo\/image\/","url":"https:\/\/becooltravel.com\/wp-content\/uploads\/sites\/5\/2020\/03\/Logo_BeCool.jpg","contentUrl":"https:\/\/becooltravel.com\/wp-content\/uploads\/sites\/5\/2020\/03\/Logo_BeCool.jpg","width":534,"height":534,"caption":"BecoolTravel. com- Portugal"},"image":{"@id":"https:\/\/becooltravel.com\/#\/schema\/logo\/image\/"},"sameAs":["https:\/\/www.facebook.com\/becooltravelagency\/","https:\/\/x.com\/becool_travel","https:\/\/www.instagram.com\/becooltravel_com\/","https:\/\/www.linkedin.com\/company\/becool-travel\/","https:\/\/www.youtube.com\/channel\/UCE7zRU3EVG1PgfXwQo-5uJw"]}]}},"jetpack_sharing_enabled":true,"_links":{"self":[{"href":"https:\/\/becooltravel.com\/fr\/wp-json\/wp\/v2\/product\/5297","targetHints":{"allow":["GET"]}}],"collection":[{"href":"https:\/\/becooltravel.com\/fr\/wp-json\/wp\/v2\/product"}],"about":[{"href":"https:\/\/becooltravel.com\/fr\/wp-json\/wp\/v2\/types\/product"}],"replies":[{"embeddable":true,"href":"https:\/\/becooltravel.com\/fr\/wp-json\/wp\/v2\/comments?post=5297"}],"wp:featuredmedia":[{"embeddable":true,"href":"https:\/\/becooltravel.com\/fr\/wp-json\/wp\/v2\/media\/5277"}],"wp:attachment":[{"href":"https:\/\/becooltravel.com\/fr\/wp-json\/wp\/v2\/media?parent=5297"}],"wp:term":[{"taxonomy":"product_brand","embeddable":true,"href":"https:\/\/becooltravel.com\/fr\/wp-json\/wp\/v2\/product_brand?post=5297"},{"taxonomy":"product_cat","embeddable":true,"href":"https:\/\/becooltravel.com\/fr\/wp-json\/wp\/v2\/product_cat?post=5297"},{"taxonomy":"product_tag","embeddable":true,"href":"https:\/\/becooltravel.com\/fr\/wp-json\/wp\/v2\/product_tag?post=5297"}],"curies":[{"name":"wp","href":"https:\/\/api.w.org\/{rel}","templated":true}]}}